{"id":41181,"date":"2025-03-05T14:58:30","date_gmt":"2025-03-05T13:58:30","guid":{"rendered":"https:\/\/www.antderground.com\/producto\/sansevieria-cylindrica-mikado\/"},"modified":"2025-03-05T14:58:30","modified_gmt":"2025-03-05T13:58:30","slug":"sansevieria-cylindrica-mikado","status":"publish","type":"product","link":"https:\/\/antderground.com\/it\/prodotto\/sansevieria-cylindrica-mikado\/","title":{"rendered":"Sansevieria cylindrica (Mikado)"},"content":{"rendered":"<p class=\"\" data-start=\"2296\" data-end=\"2349\"><strong data-start=\"2296\" data-end=\"2347\">Scheda tecnica: Sansevieria cylindrica (Mikado)<\/strong><\/p>\n<p class=\"\" data-start=\"2351\" data-end=\"2464\"><strong data-start=\"2351\" data-end=\"2367\">Nome comune:<\/strong> Sansevieria Mikado<br data-start=\"2386\" data-end=\"2389\" \/><strong data-start=\"2389\" data-end=\"2410\">Nome scientifico:<\/strong> Sansevieria cylindrica<br data-start=\"2433\" data-end=\"2436\" \/><strong data-start=\"2436\" data-end=\"2449\">Famiglia:<\/strong> Asparagaceae<\/p>\n<p class=\"\" data-start=\"2466\" data-end=\"2941\"><strong data-start=\"2466\" data-end=\"2481\">Descrizione<\/strong><br data-start=\"2481\" data-end=\"2484\" \/>La <strong data-start=\"2487\" data-end=\"2520\">Sansevieria cylindrica Mikado<\/strong> \u00e8 una pianta da interno originaria dell\u2019Africa. Si distingue per le sue foglie cilindriche, rigide ed erette che crescono seguendo un disegno geometrico. Le sue foglie, che possono raggiungere un\u2019altezza di 60 cm, sono di un verde intenso con striature pi\u00f9 scure, rendendola una pianta decorativa ideale per qualsiasi ambiente. La variet\u00e0 Mikado ha un aspetto unico grazie alla disposizione a spirale delle sue foglie.<\/p>\n<p class=\"\" data-start=\"2943\" data-end=\"2957\"><strong data-start=\"2943\" data-end=\"2955\">Utilizzo<\/strong><\/p>\n<ul data-start=\"2958\" data-end=\"3178\">\n<li class=\"\" data-start=\"2958\" data-end=\"3033\">\n<p class=\"\" data-start=\"2960\" data-end=\"3033\"><strong data-start=\"2960\" data-end=\"2986\">Decorazione d\u2019interni:<\/strong> Perfetta per ambienti moderni e minimalisti.<\/p>\n<\/li>\n<li class=\"\" data-start=\"3034\" data-end=\"3178\">\n<p class=\"\" data-start=\"3036\" data-end=\"3178\"><strong data-start=\"3036\" data-end=\"3064\">Purificazione dell\u2019aria:<\/strong> Come altre Sansevieria, aiuta a purificare l\u2019aria eliminando le tossine e migliorando la qualit\u00e0 dell\u2019ambiente.<\/p>\n<\/li>\n<\/ul>\n<p class=\"\" data-start=\"3180\" data-end=\"3190\"><strong data-start=\"3180\" data-end=\"3188\">Cura<\/strong><\/p>\n<ul data-start=\"3191\" data-end=\"3733\">\n<li class=\"\" data-start=\"3191\" data-end=\"3289\">\n<p class=\"\" data-start=\"3193\" data-end=\"3289\"><strong data-start=\"3193\" data-end=\"3202\">Luce:<\/strong> Preferisce luce indiretta intensa, ma tollera anche condizioni di scarsa luminosit\u00e0.<\/p>\n<\/li>\n<li class=\"\" data-start=\"3290\" data-end=\"3472\">\n<p class=\"\" data-start=\"3292\" data-end=\"3472\"><strong data-start=\"3292\" data-end=\"3309\">Annaffiatura:<\/strong> Annaffiare con moderazione. Evitare i ristagni d\u2019acqua, che possono causare il marciume radicale. Lasciare asciugare il substrato tra un\u2019annaffiatura e l\u2019altra.<\/p>\n<\/li>\n<li class=\"\" data-start=\"3473\" data-end=\"3560\">\n<p class=\"\" data-start=\"3475\" data-end=\"3560\"><strong data-start=\"3475\" data-end=\"3491\">Temperatura:<\/strong> Ideale tra i 18\u00b0C e i 24\u00b0C. Evitare temperature inferiori ai 10\u00b0C.<\/p>\n<\/li>\n<li class=\"\" data-start=\"3561\" data-end=\"3630\">\n<p class=\"\" data-start=\"3563\" data-end=\"3630\"><strong data-start=\"3563\" data-end=\"3575\">Umidit\u00e0:<\/strong> Si adatta all\u2019umidit\u00e0 ambientale normale delle case.<\/p>\n<\/li>\n<li class=\"\" data-start=\"3631\" data-end=\"3733\">\n<p class=\"\" data-start=\"3633\" data-end=\"3733\"><strong data-start=\"3633\" data-end=\"3647\">Substrato:<\/strong> Necessita di un substrato ben drenato, come una miscela per piante grasse o cactus.<\/p>\n<\/li>\n<\/ul>\n<p class=\"\" data-start=\"3735\" data-end=\"3749\"><strong data-start=\"3735\" data-end=\"3747\">Vantaggi<\/strong><\/p>\n<ul data-start=\"3750\" data-end=\"3998\">\n<li class=\"\" data-start=\"3750\" data-end=\"3863\">\n<p class=\"\" data-start=\"3752\" data-end=\"3863\"><strong data-start=\"3752\" data-end=\"3773\">Facile da curare:<\/strong> Molto resistente e tollerante alla scarsa illuminazione e alle annaffiature irregolari.<\/p>\n<\/li>\n<li class=\"\" data-start=\"3864\" data-end=\"3932\">\n<p class=\"\" data-start=\"3866\" data-end=\"3932\"><strong data-start=\"3866\" data-end=\"3883\">Lunga durata:<\/strong> Con le giuste cure, pu\u00f2 vivere per molti anni.<\/p>\n<\/li>\n<li class=\"\" data-start=\"3933\" data-end=\"3998\">\n<p class=\"\" data-start=\"3935\" data-end=\"3998\"><strong data-start=\"3935\" data-end=\"3963\">Ideale per principianti:<\/strong> Non richiede molta manutenzione.<\/p>\n<\/li>\n<\/ul>\n<p class=\"\" data-start=\"4000\" data-end=\"4178\"><strong data-start=\"4000\" data-end=\"4013\">Tossicit\u00e0<\/strong><br data-start=\"4013\" data-end=\"4016\" \/>Si consiglia di tenerla fuori dalla portata di animali domestici e bambini, poich\u00e9 l\u2019ingestione pu\u00f2 causare disturbi digestivi e comportare rischi di tossicit\u00e0.<\/p>\n","protected":false},"excerpt":{"rendered":"<p class=\"\" data-start=\"4185\" data-end=\"4461\">Dona un tocco moderno alla tua casa con la Sansevieria Mikado! \ud83c\udf3f Resistente, facile da curare e purificatrice dell\u2019aria, \u00e8 perfetta per decorare qualsiasi ambiente. Le sue foglie cilindriche ed eleganti si adattano a ogni stile.<\/p>\n","protected":false},"featured_media":40793,"template":"","meta":[],"product_brand":[],"product_cat":[639],"product_tag":[],"class_list":{"0":"post-41181","1":"product","2":"type-product","3":"status-publish","4":"has-post-thumbnail","6":"product_cat-piante-naturali","8":"first","9":"outofstock","10":"shipping-taxable","11":"purchasable","12":"product-type-simple"},"yoast_head":"<!-- This site is optimized with the Yoast SEO plugin v27.4 - https:\/\/yoast.com\/product\/yoast-seo-wordpress\/ -->\n<title>Sansevieria cylindrica (Mikado) | Piante da interno - ANTDERGROUND<\/title>\n<meta name=\"description\" content=\"Porta eleganza nella tua casa con la Sansevieria Mikado \ud83c\udf31. Facile da curare, resistente e purificatrice dell\u2019aria, perfetta per ogni ambiente!\" \/>\n<meta name=\"robots\" content=\"index, follow, max-snippet:-1, max-image-preview:large, max-video-preview:-1\" \/>\n<link rel=\"canonical\" href=\"https:\/\/antderground.com\/it\/prodotto\/sansevieria-cylindrica-mikado\/\" \/>\n<meta property=\"og:locale\" content=\"it_IT\" \/>\n<meta property=\"og:type\" content=\"article\" \/>\n<meta property=\"og:title\" content=\"Sansevieria cylindrica (Mikado) | Piante da interno - ANTDERGROUND\" \/>\n<meta property=\"og:description\" content=\"Porta eleganza nella tua casa con la Sansevieria Mikado \ud83c\udf31. Facile da curare, resistente e purificatrice dell\u2019aria, perfetta per ogni ambiente!\" \/>\n<meta property=\"og:url\" content=\"https:\/\/antderground.com\/it\/prodotto\/sansevieria-cylindrica-mikado\/\" \/>\n<meta property=\"og:site_name\" content=\"ANTDERGROUND\" \/>\n<meta property=\"og:image\" content=\"https:\/\/antderground.com\/wp-content\/uploads\/2025\/03\/Sansevieria-cylindrica-Mikado.jpeg\" \/>\n\t<meta property=\"og:image:width\" content=\"1600\" \/>\n\t<meta property=\"og:image:height\" content=\"1600\" \/>\n\t<meta property=\"og:image:type\" content=\"image\/jpeg\" \/>\n<meta name=\"twitter:card\" content=\"summary_large_image\" \/>\n<meta name=\"twitter:label1\" content=\"Tempo di lettura stimato\" \/>\n\t<meta name=\"twitter:data1\" content=\"1 minuto\" \/>\n<script type=\"application\/ld+json\" class=\"yoast-schema-graph\">{\"@context\":\"https:\\\/\\\/schema.org\",\"@graph\":[{\"@type\":\"WebPage\",\"@id\":\"https:\\\/\\\/antderground.com\\\/it\\\/prodotto\\\/sansevieria-cylindrica-mikado\\\/\",\"url\":\"https:\\\/\\\/antderground.com\\\/it\\\/prodotto\\\/sansevieria-cylindrica-mikado\\\/\",\"name\":\"Sansevieria cylindrica (Mikado) | Piante da interno - ANTDERGROUND\",\"isPartOf\":{\"@id\":\"https:\\\/\\\/antderground.com\\\/it\\\/#website\"},\"primaryImageOfPage\":{\"@id\":\"https:\\\/\\\/antderground.com\\\/it\\\/prodotto\\\/sansevieria-cylindrica-mikado\\\/#primaryimage\"},\"image\":{\"@id\":\"https:\\\/\\\/antderground.com\\\/it\\\/prodotto\\\/sansevieria-cylindrica-mikado\\\/#primaryimage\"},\"thumbnailUrl\":\"https:\\\/\\\/antderground.com\\\/wp-content\\\/uploads\\\/2025\\\/03\\\/Sansevieria-cylindrica-Mikado.jpeg\",\"datePublished\":\"2025-03-05T13:58:30+00:00\",\"description\":\"Porta eleganza nella tua casa con la Sansevieria Mikado \ud83c\udf31. Facile da curare, resistente e purificatrice dell\u2019aria, perfetta per ogni ambiente!\",\"breadcrumb\":{\"@id\":\"https:\\\/\\\/antderground.com\\\/it\\\/prodotto\\\/sansevieria-cylindrica-mikado\\\/#breadcrumb\"},\"inLanguage\":\"it-IT\",\"potentialAction\":[{\"@type\":\"ReadAction\",\"target\":[\"https:\\\/\\\/antderground.com\\\/it\\\/prodotto\\\/sansevieria-cylindrica-mikado\\\/\"]}]},{\"@type\":\"ImageObject\",\"inLanguage\":\"it-IT\",\"@id\":\"https:\\\/\\\/antderground.com\\\/it\\\/prodotto\\\/sansevieria-cylindrica-mikado\\\/#primaryimage\",\"url\":\"https:\\\/\\\/antderground.com\\\/wp-content\\\/uploads\\\/2025\\\/03\\\/Sansevieria-cylindrica-Mikado.jpeg\",\"contentUrl\":\"https:\\\/\\\/antderground.com\\\/wp-content\\\/uploads\\\/2025\\\/03\\\/Sansevieria-cylindrica-Mikado.jpeg\",\"width\":1600,\"height\":1600,\"caption\":\"Sansevieria cylindrica (Mikado)\"},{\"@type\":\"BreadcrumbList\",\"@id\":\"https:\\\/\\\/antderground.com\\\/it\\\/prodotto\\\/sansevieria-cylindrica-mikado\\\/#breadcrumb\",\"itemListElement\":[{\"@type\":\"ListItem\",\"position\":1,\"name\":\"Portada\",\"item\":\"https:\\\/\\\/antderground.com\\\/it\\\/\"},{\"@type\":\"ListItem\",\"position\":2,\"name\":\"Prodotti\",\"item\":\"https:\\\/\\\/antderground.com\\\/it\\\/prodotti\\\/\"},{\"@type\":\"ListItem\",\"position\":3,\"name\":\"Sansevieria cylindrica (Mikado)\"}]},{\"@type\":\"WebSite\",\"@id\":\"https:\\\/\\\/antderground.com\\\/it\\\/#website\",\"url\":\"https:\\\/\\\/antderground.com\\\/it\\\/\",\"name\":\"ANTDERGROUND\",\"description\":\"Tu tienda de hormigas, gran variedad de hormigueros acr\u00edlicos,madera,arena,3D y mas.. Pide tus hormigas gratis con tu pedido, somos expertos en hormigueros antifugas.\",\"publisher\":{\"@id\":\"https:\\\/\\\/antderground.com\\\/it\\\/#\\\/schema\\\/person\\\/0e322c505e84fe72c65e2f6d08f96b81\"},\"alternateName\":\"Antderground\",\"potentialAction\":[{\"@type\":\"SearchAction\",\"target\":{\"@type\":\"EntryPoint\",\"urlTemplate\":\"https:\\\/\\\/antderground.com\\\/it\\\/?s={search_term_string}\"},\"query-input\":{\"@type\":\"PropertyValueSpecification\",\"valueRequired\":true,\"valueName\":\"search_term_string\"}}],\"inLanguage\":\"it-IT\"},{\"@type\":[\"Person\",\"Organization\"],\"@id\":\"https:\\\/\\\/antderground.com\\\/it\\\/#\\\/schema\\\/person\\\/0e322c505e84fe72c65e2f6d08f96b81\",\"name\":\"Eric de Antderground\",\"image\":{\"@type\":\"ImageObject\",\"inLanguage\":\"it-IT\",\"@id\":\"https:\\\/\\\/secure.gravatar.com\\\/avatar\\\/c49a1b9f79216d1498cb73c1e85cd47f4465dda35f2a94c03790d491bd4423c3?s=96&d=mm&r=g\",\"url\":\"https:\\\/\\\/secure.gravatar.com\\\/avatar\\\/c49a1b9f79216d1498cb73c1e85cd47f4465dda35f2a94c03790d491bd4423c3?s=96&d=mm&r=g\",\"contentUrl\":\"https:\\\/\\\/secure.gravatar.com\\\/avatar\\\/c49a1b9f79216d1498cb73c1e85cd47f4465dda35f2a94c03790d491bd4423c3?s=96&d=mm&r=g\",\"caption\":\"Eric de Antderground\"},\"logo\":{\"@id\":\"https:\\\/\\\/secure.gravatar.com\\\/avatar\\\/c49a1b9f79216d1498cb73c1e85cd47f4465dda35f2a94c03790d491bd4423c3?s=96&d=mm&r=g\"},\"description\":\"Eric es el especialista y fundador de Antderground, con una amplia trayectoria en artr\u00f3podos y enfocado en la mirmecolog\u00eda y el dise\u00f1o de hormigueros artificiales. Su enfoque combina la innovaci\u00f3n t\u00e9cnica con el respeto por la biolog\u00eda de las hormigas, is\u00f3podos y otros, desarrollando sistemas de nidos modulares 3D y acr\u00edlicos que son referentes para aficionados y profesionales en toda Europa. Su objetivo es facilitar la cr\u00eda de hormigas y otros artr\u00f3podos mediante soluciones seguras y divulgaci\u00f3n de calidad.\",\"sameAs\":[\"https:\\\/\\\/antderground.com\\\/\",\"https:\\\/\\\/www.youtube.com\\\/channel\\\/UCio72z7TlbufkAthAJIJfPw\"]}]}<\/script>\n<!-- \/ Yoast SEO plugin. -->","yoast_head_json":{"title":"Sansevieria cylindrica (Mikado) | Piante da interno - ANTDERGROUND","description":"Porta eleganza nella tua casa con la Sansevieria Mikado \ud83c\udf31. Facile da curare, resistente e purificatrice dell\u2019aria, perfetta per ogni ambiente!","robots":{"index":"index","follow":"follow","max-snippet":"max-snippet:-1","max-image-preview":"max-image-preview:large","max-video-preview":"max-video-preview:-1"},"canonical":"https:\/\/antderground.com\/it\/prodotto\/sansevieria-cylindrica-mikado\/","og_locale":"it_IT","og_type":"article","og_title":"Sansevieria cylindrica (Mikado) | Piante da interno - ANTDERGROUND","og_description":"Porta eleganza nella tua casa con la Sansevieria Mikado \ud83c\udf31. Facile da curare, resistente e purificatrice dell\u2019aria, perfetta per ogni ambiente!","og_url":"https:\/\/antderground.com\/it\/prodotto\/sansevieria-cylindrica-mikado\/","og_site_name":"ANTDERGROUND","og_image":[{"width":1600,"height":1600,"url":"https:\/\/antderground.com\/wp-content\/uploads\/2025\/03\/Sansevieria-cylindrica-Mikado.jpeg","type":"image\/jpeg"}],"twitter_card":"summary_large_image","twitter_misc":{"Tempo di lettura stimato":"1 minuto"},"schema":{"@context":"https:\/\/schema.org","@graph":[{"@type":"WebPage","@id":"https:\/\/antderground.com\/it\/prodotto\/sansevieria-cylindrica-mikado\/","url":"https:\/\/antderground.com\/it\/prodotto\/sansevieria-cylindrica-mikado\/","name":"Sansevieria cylindrica (Mikado) | Piante da interno - ANTDERGROUND","isPartOf":{"@id":"https:\/\/antderground.com\/it\/#website"},"primaryImageOfPage":{"@id":"https:\/\/antderground.com\/it\/prodotto\/sansevieria-cylindrica-mikado\/#primaryimage"},"image":{"@id":"https:\/\/antderground.com\/it\/prodotto\/sansevieria-cylindrica-mikado\/#primaryimage"},"thumbnailUrl":"https:\/\/antderground.com\/wp-content\/uploads\/2025\/03\/Sansevieria-cylindrica-Mikado.jpeg","datePublished":"2025-03-05T13:58:30+00:00","description":"Porta eleganza nella tua casa con la Sansevieria Mikado \ud83c\udf31. Facile da curare, resistente e purificatrice dell\u2019aria, perfetta per ogni ambiente!","breadcrumb":{"@id":"https:\/\/antderground.com\/it\/prodotto\/sansevieria-cylindrica-mikado\/#breadcrumb"},"inLanguage":"it-IT","potentialAction":[{"@type":"ReadAction","target":["https:\/\/antderground.com\/it\/prodotto\/sansevieria-cylindrica-mikado\/"]}]},{"@type":"ImageObject","inLanguage":"it-IT","@id":"https:\/\/antderground.com\/it\/prodotto\/sansevieria-cylindrica-mikado\/#primaryimage","url":"https:\/\/antderground.com\/wp-content\/uploads\/2025\/03\/Sansevieria-cylindrica-Mikado.jpeg","contentUrl":"https:\/\/antderground.com\/wp-content\/uploads\/2025\/03\/Sansevieria-cylindrica-Mikado.jpeg","width":1600,"height":1600,"caption":"Sansevieria cylindrica (Mikado)"},{"@type":"BreadcrumbList","@id":"https:\/\/antderground.com\/it\/prodotto\/sansevieria-cylindrica-mikado\/#breadcrumb","itemListElement":[{"@type":"ListItem","position":1,"name":"Portada","item":"https:\/\/antderground.com\/it\/"},{"@type":"ListItem","position":2,"name":"Prodotti","item":"https:\/\/antderground.com\/it\/prodotti\/"},{"@type":"ListItem","position":3,"name":"Sansevieria cylindrica (Mikado)"}]},{"@type":"WebSite","@id":"https:\/\/antderground.com\/it\/#website","url":"https:\/\/antderground.com\/it\/","name":"ANTDERGROUND","description":"Tu tienda de hormigas, gran variedad de hormigueros acr\u00edlicos,madera,arena,3D y mas.. Pide tus hormigas gratis con tu pedido, somos expertos en hormigueros antifugas.","publisher":{"@id":"https:\/\/antderground.com\/it\/#\/schema\/person\/0e322c505e84fe72c65e2f6d08f96b81"},"alternateName":"Antderground","potentialAction":[{"@type":"SearchAction","target":{"@type":"EntryPoint","urlTemplate":"https:\/\/antderground.com\/it\/?s={search_term_string}"},"query-input":{"@type":"PropertyValueSpecification","valueRequired":true,"valueName":"search_term_string"}}],"inLanguage":"it-IT"},{"@type":["Person","Organization"],"@id":"https:\/\/antderground.com\/it\/#\/schema\/person\/0e322c505e84fe72c65e2f6d08f96b81","name":"Eric de Antderground","image":{"@type":"ImageObject","inLanguage":"it-IT","@id":"https:\/\/secure.gravatar.com\/avatar\/c49a1b9f79216d1498cb73c1e85cd47f4465dda35f2a94c03790d491bd4423c3?s=96&d=mm&r=g","url":"https:\/\/secure.gravatar.com\/avatar\/c49a1b9f79216d1498cb73c1e85cd47f4465dda35f2a94c03790d491bd4423c3?s=96&d=mm&r=g","contentUrl":"https:\/\/secure.gravatar.com\/avatar\/c49a1b9f79216d1498cb73c1e85cd47f4465dda35f2a94c03790d491bd4423c3?s=96&d=mm&r=g","caption":"Eric de Antderground"},"logo":{"@id":"https:\/\/secure.gravatar.com\/avatar\/c49a1b9f79216d1498cb73c1e85cd47f4465dda35f2a94c03790d491bd4423c3?s=96&d=mm&r=g"},"description":"Eric es el especialista y fundador de Antderground, con una amplia trayectoria en artr\u00f3podos y enfocado en la mirmecolog\u00eda y el dise\u00f1o de hormigueros artificiales. Su enfoque combina la innovaci\u00f3n t\u00e9cnica con el respeto por la biolog\u00eda de las hormigas, is\u00f3podos y otros, desarrollando sistemas de nidos modulares 3D y acr\u00edlicos que son referentes para aficionados y profesionales en toda Europa. Su objetivo es facilitar la cr\u00eda de hormigas y otros artr\u00f3podos mediante soluciones seguras y divulgaci\u00f3n de calidad.","sameAs":["https:\/\/antderground.com\/","https:\/\/www.youtube.com\/channel\/UCio72z7TlbufkAthAJIJfPw"]}]}},"_links":{"self":[{"href":"https:\/\/antderground.com\/it\/wp-json\/wp\/v2\/product\/41181","targetHints":{"allow":["GET"]}}],"collection":[{"href":"https:\/\/antderground.com\/it\/wp-json\/wp\/v2\/product"}],"about":[{"href":"https:\/\/antderground.com\/it\/wp-json\/wp\/v2\/types\/product"}],"version-history":[{"count":0,"href":"https:\/\/antderground.com\/it\/wp-json\/wp\/v2\/product\/41181\/revisions"}],"wp:featuredmedia":[{"embeddable":true,"href":"https:\/\/antderground.com\/it\/wp-json\/wp\/v2\/media\/40793"}],"wp:attachment":[{"href":"https:\/\/antderground.com\/it\/wp-json\/wp\/v2\/media?parent=41181"}],"wp:term":[{"taxonomy":"product_brand","embeddable":true,"href":"https:\/\/antderground.com\/it\/wp-json\/wp\/v2\/product_brand?post=41181"},{"taxonomy":"product_cat","embeddable":true,"href":"https:\/\/antderground.com\/it\/wp-json\/wp\/v2\/product_cat?post=41181"},{"taxonomy":"product_tag","embeddable":true,"href":"https:\/\/antderground.com\/it\/wp-json\/wp\/v2\/product_tag?post=41181"}],"curies":[{"name":"wp","href":"https:\/\/api.w.org\/{rel}","templated":true}]}}