{"id":41185,"date":"2025-03-03T16:10:04","date_gmt":"2025-03-03T15:10:04","guid":{"rendered":"https:\/\/www.antderground.com\/producto\/neoregelia-punctatissima-x-green\/"},"modified":"2025-04-01T19:30:04","modified_gmt":"2025-04-01T17:30:04","slug":"neoregelia-punctatissima-x-green","status":"publish","type":"product","link":"https:\/\/antderground.com\/it\/prodotto\/neoregelia-punctatissima-x-green\/","title":{"rendered":"Neoregelia punctatissima x Green"},"content":{"rendered":"<h4 class=\"\" data-start=\"34\" data-end=\"93\"><strong data-start=\"39\" data-end=\"91\">Scheda tecnica: Neoregelia punctatissima x Green<\/strong><\/h4>\n<p class=\"\" data-start=\"95\" data-end=\"282\"><strong data-start=\"95\" data-end=\"111\">Nome comune:<\/strong> Neoregelia punctatissima x Green<br data-start=\"144\" data-end=\"147\" \/><strong data-start=\"147\" data-end=\"168\">Nome scientifico:<\/strong> Neoregelia punctatissima x Green<br data-start=\"201\" data-end=\"204\" \/><strong data-start=\"204\" data-end=\"217\">Famiglia:<\/strong> Bromeliaceae<br data-start=\"230\" data-end=\"233\" \/><strong data-start=\"233\" data-end=\"245\">Origine:<\/strong> America Centrale e America del Sud<\/p>\n<h3 class=\"\" data-start=\"284\" data-end=\"305\"><strong data-start=\"288\" data-end=\"303\">Descrizione<\/strong><\/h3>\n<p class=\"\" data-start=\"306\" data-end=\"680\">La <strong data-start=\"309\" data-end=\"345\">Neoregelia punctatissima x Green<\/strong> \u00e8 una pianta ibrida appartenente alla famiglia delle Bromeliacee. Si distingue per le sue foglie lunghe e strette di un verde intenso, punteggiate da macchie pi\u00f9 scure. La rosetta centrale pu\u00f2 assumere tonalit\u00e0 pi\u00f9 chiare o rossastre a seconda dell\u2019esposizione alla luce, rendendola una scelta perfetta per la decorazione d&#8217;interni.<\/p>\n<h3 class=\"\" data-start=\"682\" data-end=\"696\"><strong data-start=\"686\" data-end=\"694\">Cura<\/strong><\/h3>\n<ul data-start=\"697\" data-end=\"1297\">\n<li class=\"\" data-start=\"697\" data-end=\"824\">\n<p class=\"\" data-start=\"699\" data-end=\"824\"><strong data-start=\"699\" data-end=\"708\">Luce:<\/strong> Preferisce una luce indiretta intensa. Evitare l\u2019esposizione diretta al sole, che potrebbe danneggiare le foglie.<\/p>\n<\/li>\n<li class=\"\" data-start=\"825\" data-end=\"953\">\n<p class=\"\" data-start=\"827\" data-end=\"953\"><strong data-start=\"827\" data-end=\"844\">Annaffiatura:<\/strong> Annaffiare moderatamente, mantenendo il centro della rosetta con acqua. Evitare ristagni d\u2019acqua nel vaso.<\/p>\n<\/li>\n<li class=\"\" data-start=\"954\" data-end=\"1059\">\n<p class=\"\" data-start=\"956\" data-end=\"1059\"><strong data-start=\"956\" data-end=\"972\">Temperatura:<\/strong> Ideale tra 18-25\u00b0C. Tollera leggere variazioni, ma non temperature inferiori a 15\u00b0C.<\/p>\n<\/li>\n<li class=\"\" data-start=\"1060\" data-end=\"1178\">\n<p class=\"\" data-start=\"1062\" data-end=\"1178\"><strong data-start=\"1062\" data-end=\"1074\">Umidit\u00e0:<\/strong> Ama l\u2019umidit\u00e0 elevata. L\u2019uso di un umidificatore o il posizionamento in ambienti umidi \u00e8 consigliato.<\/p>\n<\/li>\n<li class=\"\" data-start=\"1179\" data-end=\"1297\">\n<p class=\"\" data-start=\"1181\" data-end=\"1297\"><strong data-start=\"1181\" data-end=\"1195\">Substrato:<\/strong> Utilizzare un terriccio ben drenante, come un mix di terra per piante e corteccia di pino o sfagno.<\/p>\n<\/li>\n<\/ul>\n<h3 class=\"\" data-start=\"1299\" data-end=\"1321\"><strong data-start=\"1303\" data-end=\"1319\">Propagazione<\/strong><\/h3>\n<p class=\"\" data-start=\"1322\" data-end=\"1467\">Si moltiplica tramite i germogli che crescono intorno alla pianta madre. Questi possono essere separati e ripiantati per ottenere nuove piante.<\/p>\n<h3 class=\"\" data-start=\"1469\" data-end=\"1487\"><strong data-start=\"1473\" data-end=\"1485\">Utilizzi<\/strong><\/h3>\n<ul data-start=\"1488\" data-end=\"1675\">\n<li class=\"\" data-start=\"1488\" data-end=\"1606\">\n<p class=\"\" data-start=\"1490\" data-end=\"1606\"><strong data-start=\"1490\" data-end=\"1516\">Decorazione d\u2019interni:<\/strong> Perfetta per la casa o l\u2019ufficio grazie al suo aspetto esotico e alla facilit\u00e0 di cura.<\/p>\n<\/li>\n<li class=\"\" data-start=\"1607\" data-end=\"1675\">\n<p class=\"\" data-start=\"1609\" data-end=\"1675\"><strong data-start=\"1609\" data-end=\"1632\">Terrari e paludari:<\/strong> Ideale per ambienti umidi e controllati.<\/p>\n<\/li>\n<\/ul>\n<h3 class=\"\" data-start=\"1677\" data-end=\"1695\"><strong data-start=\"1681\" data-end=\"1693\">Vantaggi<\/strong><\/h3>\n<ul data-start=\"1696\" data-end=\"2001\">\n<li class=\"\" data-start=\"1696\" data-end=\"1794\">\n<p class=\"\" data-start=\"1698\" data-end=\"1794\"><strong data-start=\"1698\" data-end=\"1727\">Perfetta per gli interni:<\/strong> Si adatta bene agli spazi piccoli e dona un tocco di freschezza.<\/p>\n<\/li>\n<li class=\"\" data-start=\"1795\" data-end=\"1887\">\n<p class=\"\" data-start=\"1797\" data-end=\"1887\"><strong data-start=\"1797\" data-end=\"1818\">Facile da curare:<\/strong> Resistente e semplice da mantenere, ideale anche per principianti.<\/p>\n<\/li>\n<li class=\"\" data-start=\"1888\" data-end=\"2001\">\n<p class=\"\" data-start=\"1890\" data-end=\"2001\"><strong data-start=\"1890\" data-end=\"1921\">Esteticamente accattivante:<\/strong> Il suo fogliame particolare e colorato la rende un elemento decorativo unico.<\/p>\n<\/li>\n<\/ul>\n<h3 class=\"\" data-start=\"2003\" data-end=\"2022\"><strong data-start=\"2007\" data-end=\"2020\">Tossicit\u00e0<\/strong><\/h3>\n<p class=\"\" data-start=\"2023\" data-end=\"2134\">Non tossica per animali domestici.<\/p>\n","protected":false},"excerpt":{"rendered":"<p>Trasforma la tua casa con la <strong data-start=\"2211\" data-end=\"2247\">Neoregelia punctatissima x Green<\/strong>! Questa pianta esotica e facile da curare \u00e8 perfetta per interni e terrari. Con la sua elegante rosetta verde, dona colore e freschezza a qualsiasi spazio. Ordinala oggi stesso!<\/p>\n","protected":false},"featured_media":40704,"template":"","meta":[],"product_brand":[],"product_cat":[639],"product_tag":[],"class_list":{"0":"post-41185","1":"product","2":"type-product","3":"status-publish","4":"has-post-thumbnail","6":"product_cat-piante-naturali","8":"first","9":"instock","10":"shipping-taxable","11":"purchasable","12":"product-type-simple"},"yoast_head":"<!-- This site is optimized with the Yoast SEO plugin v27.4 - https:\/\/yoast.com\/product\/yoast-seo-wordpress\/ -->\n<title>Neoregelia punctatissima x Green | Piante da interno - ANTDERGROUND<\/title>\n<meta name=\"description\" content=\"Dai un tocco esotico alla tua casa con la Neoregelia punctatissima x Green \ud83c\udf3f. Perfetta per interni e terrari, facile da curare. Ordina ora!\" \/>\n<meta name=\"robots\" content=\"index, follow, max-snippet:-1, max-image-preview:large, max-video-preview:-1\" \/>\n<link rel=\"canonical\" href=\"https:\/\/antderground.com\/it\/prodotto\/neoregelia-punctatissima-x-green\/\" \/>\n<meta property=\"og:locale\" content=\"it_IT\" \/>\n<meta property=\"og:type\" content=\"article\" \/>\n<meta property=\"og:title\" content=\"Neoregelia punctatissima x Green | Piante da interno - ANTDERGROUND\" \/>\n<meta property=\"og:description\" content=\"Dai un tocco esotico alla tua casa con la Neoregelia punctatissima x Green \ud83c\udf3f. Perfetta per interni e terrari, facile da curare. Ordina ora!\" \/>\n<meta property=\"og:url\" content=\"https:\/\/antderground.com\/it\/prodotto\/neoregelia-punctatissima-x-green\/\" \/>\n<meta property=\"og:site_name\" content=\"ANTDERGROUND\" \/>\n<meta property=\"article:modified_time\" content=\"2025-04-01T17:30:04+00:00\" \/>\n<meta property=\"og:image\" content=\"https:\/\/antderground.com\/wp-content\/uploads\/2025\/03\/Neoregelia-punctatissima-x-green.jpeg\" \/>\n\t<meta property=\"og:image:width\" content=\"1600\" \/>\n\t<meta property=\"og:image:height\" content=\"1600\" \/>\n\t<meta property=\"og:image:type\" content=\"image\/jpeg\" \/>\n<meta name=\"twitter:card\" content=\"summary_large_image\" \/>\n<meta name=\"twitter:label1\" content=\"Tempo di lettura stimato\" \/>\n\t<meta name=\"twitter:data1\" content=\"1 minuto\" \/>\n<script type=\"application\/ld+json\" class=\"yoast-schema-graph\">{\"@context\":\"https:\\\/\\\/schema.org\",\"@graph\":[{\"@type\":\"WebPage\",\"@id\":\"https:\\\/\\\/antderground.com\\\/it\\\/prodotto\\\/neoregelia-punctatissima-x-green\\\/\",\"url\":\"https:\\\/\\\/antderground.com\\\/it\\\/prodotto\\\/neoregelia-punctatissima-x-green\\\/\",\"name\":\"Neoregelia punctatissima x Green | Piante da interno - ANTDERGROUND\",\"isPartOf\":{\"@id\":\"https:\\\/\\\/antderground.com\\\/it\\\/#website\"},\"primaryImageOfPage\":{\"@id\":\"https:\\\/\\\/antderground.com\\\/it\\\/prodotto\\\/neoregelia-punctatissima-x-green\\\/#primaryimage\"},\"image\":{\"@id\":\"https:\\\/\\\/antderground.com\\\/it\\\/prodotto\\\/neoregelia-punctatissima-x-green\\\/#primaryimage\"},\"thumbnailUrl\":\"https:\\\/\\\/antderground.com\\\/wp-content\\\/uploads\\\/2025\\\/03\\\/Neoregelia-punctatissima-x-green.jpeg\",\"datePublished\":\"2025-03-03T15:10:04+00:00\",\"dateModified\":\"2025-04-01T17:30:04+00:00\",\"description\":\"Dai un tocco esotico alla tua casa con la Neoregelia punctatissima x Green \ud83c\udf3f. Perfetta per interni e terrari, facile da curare. Ordina ora!\",\"breadcrumb\":{\"@id\":\"https:\\\/\\\/antderground.com\\\/it\\\/prodotto\\\/neoregelia-punctatissima-x-green\\\/#breadcrumb\"},\"inLanguage\":\"it-IT\",\"potentialAction\":[{\"@type\":\"ReadAction\",\"target\":[\"https:\\\/\\\/antderground.com\\\/it\\\/prodotto\\\/neoregelia-punctatissima-x-green\\\/\"]}]},{\"@type\":\"ImageObject\",\"inLanguage\":\"it-IT\",\"@id\":\"https:\\\/\\\/antderground.com\\\/it\\\/prodotto\\\/neoregelia-punctatissima-x-green\\\/#primaryimage\",\"url\":\"https:\\\/\\\/antderground.com\\\/wp-content\\\/uploads\\\/2025\\\/03\\\/Neoregelia-punctatissima-x-green.jpeg\",\"contentUrl\":\"https:\\\/\\\/antderground.com\\\/wp-content\\\/uploads\\\/2025\\\/03\\\/Neoregelia-punctatissima-x-green.jpeg\",\"width\":1600,\"height\":1600,\"caption\":\"Trasforma la tua casa con la Neoregelia punctatissima x Green! Questa pianta esotica e facile da curare \u00e8 perfetta per interni e terrari. Con la sua elegante rosetta verde, dona colore e freschezza a qualsiasi spazio. Ordinala oggi stesso!\"},{\"@type\":\"BreadcrumbList\",\"@id\":\"https:\\\/\\\/antderground.com\\\/it\\\/prodotto\\\/neoregelia-punctatissima-x-green\\\/#breadcrumb\",\"itemListElement\":[{\"@type\":\"ListItem\",\"position\":1,\"name\":\"Portada\",\"item\":\"https:\\\/\\\/antderground.com\\\/it\\\/\"},{\"@type\":\"ListItem\",\"position\":2,\"name\":\"Prodotti\",\"item\":\"https:\\\/\\\/antderground.com\\\/it\\\/prodotti\\\/\"},{\"@type\":\"ListItem\",\"position\":3,\"name\":\"Neoregelia punctatissima x Green\"}]},{\"@type\":\"WebSite\",\"@id\":\"https:\\\/\\\/antderground.com\\\/it\\\/#website\",\"url\":\"https:\\\/\\\/antderground.com\\\/it\\\/\",\"name\":\"ANTDERGROUND\",\"description\":\"Tu tienda de hormigas, gran variedad de hormigueros acr\u00edlicos,madera,arena,3D y mas.. Pide tus hormigas gratis con tu pedido, somos expertos en hormigueros antifugas.\",\"publisher\":{\"@id\":\"https:\\\/\\\/antderground.com\\\/it\\\/#\\\/schema\\\/person\\\/0e322c505e84fe72c65e2f6d08f96b81\"},\"alternateName\":\"Antderground\",\"potentialAction\":[{\"@type\":\"SearchAction\",\"target\":{\"@type\":\"EntryPoint\",\"urlTemplate\":\"https:\\\/\\\/antderground.com\\\/it\\\/?s={search_term_string}\"},\"query-input\":{\"@type\":\"PropertyValueSpecification\",\"valueRequired\":true,\"valueName\":\"search_term_string\"}}],\"inLanguage\":\"it-IT\"},{\"@type\":[\"Person\",\"Organization\"],\"@id\":\"https:\\\/\\\/antderground.com\\\/it\\\/#\\\/schema\\\/person\\\/0e322c505e84fe72c65e2f6d08f96b81\",\"name\":\"Eric de Antderground\",\"image\":{\"@type\":\"ImageObject\",\"inLanguage\":\"it-IT\",\"@id\":\"https:\\\/\\\/secure.gravatar.com\\\/avatar\\\/c49a1b9f79216d1498cb73c1e85cd47f4465dda35f2a94c03790d491bd4423c3?s=96&d=mm&r=g\",\"url\":\"https:\\\/\\\/secure.gravatar.com\\\/avatar\\\/c49a1b9f79216d1498cb73c1e85cd47f4465dda35f2a94c03790d491bd4423c3?s=96&d=mm&r=g\",\"contentUrl\":\"https:\\\/\\\/secure.gravatar.com\\\/avatar\\\/c49a1b9f79216d1498cb73c1e85cd47f4465dda35f2a94c03790d491bd4423c3?s=96&d=mm&r=g\",\"caption\":\"Eric de Antderground\"},\"logo\":{\"@id\":\"https:\\\/\\\/secure.gravatar.com\\\/avatar\\\/c49a1b9f79216d1498cb73c1e85cd47f4465dda35f2a94c03790d491bd4423c3?s=96&d=mm&r=g\"},\"description\":\"Eric es el especialista y fundador de Antderground, con una amplia trayectoria en artr\u00f3podos y enfocado en la mirmecolog\u00eda y el dise\u00f1o de hormigueros artificiales. Su enfoque combina la innovaci\u00f3n t\u00e9cnica con el respeto por la biolog\u00eda de las hormigas, is\u00f3podos y otros, desarrollando sistemas de nidos modulares 3D y acr\u00edlicos que son referentes para aficionados y profesionales en toda Europa. Su objetivo es facilitar la cr\u00eda de hormigas y otros artr\u00f3podos mediante soluciones seguras y divulgaci\u00f3n de calidad.\",\"sameAs\":[\"https:\\\/\\\/antderground.com\\\/\",\"https:\\\/\\\/www.youtube.com\\\/channel\\\/UCio72z7TlbufkAthAJIJfPw\"]}]}<\/script>\n<!-- \/ Yoast SEO plugin. -->","yoast_head_json":{"title":"Neoregelia punctatissima x Green | Piante da interno - ANTDERGROUND","description":"Dai un tocco esotico alla tua casa con la Neoregelia punctatissima x Green \ud83c\udf3f. Perfetta per interni e terrari, facile da curare. Ordina ora!","robots":{"index":"index","follow":"follow","max-snippet":"max-snippet:-1","max-image-preview":"max-image-preview:large","max-video-preview":"max-video-preview:-1"},"canonical":"https:\/\/antderground.com\/it\/prodotto\/neoregelia-punctatissima-x-green\/","og_locale":"it_IT","og_type":"article","og_title":"Neoregelia punctatissima x Green | Piante da interno - ANTDERGROUND","og_description":"Dai un tocco esotico alla tua casa con la Neoregelia punctatissima x Green \ud83c\udf3f. Perfetta per interni e terrari, facile da curare. Ordina ora!","og_url":"https:\/\/antderground.com\/it\/prodotto\/neoregelia-punctatissima-x-green\/","og_site_name":"ANTDERGROUND","article_modified_time":"2025-04-01T17:30:04+00:00","og_image":[{"width":1600,"height":1600,"url":"https:\/\/antderground.com\/wp-content\/uploads\/2025\/03\/Neoregelia-punctatissima-x-green.jpeg","type":"image\/jpeg"}],"twitter_card":"summary_large_image","twitter_misc":{"Tempo di lettura stimato":"1 minuto"},"schema":{"@context":"https:\/\/schema.org","@graph":[{"@type":"WebPage","@id":"https:\/\/antderground.com\/it\/prodotto\/neoregelia-punctatissima-x-green\/","url":"https:\/\/antderground.com\/it\/prodotto\/neoregelia-punctatissima-x-green\/","name":"Neoregelia punctatissima x Green | Piante da interno - ANTDERGROUND","isPartOf":{"@id":"https:\/\/antderground.com\/it\/#website"},"primaryImageOfPage":{"@id":"https:\/\/antderground.com\/it\/prodotto\/neoregelia-punctatissima-x-green\/#primaryimage"},"image":{"@id":"https:\/\/antderground.com\/it\/prodotto\/neoregelia-punctatissima-x-green\/#primaryimage"},"thumbnailUrl":"https:\/\/antderground.com\/wp-content\/uploads\/2025\/03\/Neoregelia-punctatissima-x-green.jpeg","datePublished":"2025-03-03T15:10:04+00:00","dateModified":"2025-04-01T17:30:04+00:00","description":"Dai un tocco esotico alla tua casa con la Neoregelia punctatissima x Green \ud83c\udf3f. Perfetta per interni e terrari, facile da curare. Ordina ora!","breadcrumb":{"@id":"https:\/\/antderground.com\/it\/prodotto\/neoregelia-punctatissima-x-green\/#breadcrumb"},"inLanguage":"it-IT","potentialAction":[{"@type":"ReadAction","target":["https:\/\/antderground.com\/it\/prodotto\/neoregelia-punctatissima-x-green\/"]}]},{"@type":"ImageObject","inLanguage":"it-IT","@id":"https:\/\/antderground.com\/it\/prodotto\/neoregelia-punctatissima-x-green\/#primaryimage","url":"https:\/\/antderground.com\/wp-content\/uploads\/2025\/03\/Neoregelia-punctatissima-x-green.jpeg","contentUrl":"https:\/\/antderground.com\/wp-content\/uploads\/2025\/03\/Neoregelia-punctatissima-x-green.jpeg","width":1600,"height":1600,"caption":"Trasforma la tua casa con la Neoregelia punctatissima x Green! Questa pianta esotica e facile da curare \u00e8 perfetta per interni e terrari. Con la sua elegante rosetta verde, dona colore e freschezza a qualsiasi spazio. Ordinala oggi stesso!"},{"@type":"BreadcrumbList","@id":"https:\/\/antderground.com\/it\/prodotto\/neoregelia-punctatissima-x-green\/#breadcrumb","itemListElement":[{"@type":"ListItem","position":1,"name":"Portada","item":"https:\/\/antderground.com\/it\/"},{"@type":"ListItem","position":2,"name":"Prodotti","item":"https:\/\/antderground.com\/it\/prodotti\/"},{"@type":"ListItem","position":3,"name":"Neoregelia punctatissima x Green"}]},{"@type":"WebSite","@id":"https:\/\/antderground.com\/it\/#website","url":"https:\/\/antderground.com\/it\/","name":"ANTDERGROUND","description":"Tu tienda de hormigas, gran variedad de hormigueros acr\u00edlicos,madera,arena,3D y mas.. Pide tus hormigas gratis con tu pedido, somos expertos en hormigueros antifugas.","publisher":{"@id":"https:\/\/antderground.com\/it\/#\/schema\/person\/0e322c505e84fe72c65e2f6d08f96b81"},"alternateName":"Antderground","potentialAction":[{"@type":"SearchAction","target":{"@type":"EntryPoint","urlTemplate":"https:\/\/antderground.com\/it\/?s={search_term_string}"},"query-input":{"@type":"PropertyValueSpecification","valueRequired":true,"valueName":"search_term_string"}}],"inLanguage":"it-IT"},{"@type":["Person","Organization"],"@id":"https:\/\/antderground.com\/it\/#\/schema\/person\/0e322c505e84fe72c65e2f6d08f96b81","name":"Eric de Antderground","image":{"@type":"ImageObject","inLanguage":"it-IT","@id":"https:\/\/secure.gravatar.com\/avatar\/c49a1b9f79216d1498cb73c1e85cd47f4465dda35f2a94c03790d491bd4423c3?s=96&d=mm&r=g","url":"https:\/\/secure.gravatar.com\/avatar\/c49a1b9f79216d1498cb73c1e85cd47f4465dda35f2a94c03790d491bd4423c3?s=96&d=mm&r=g","contentUrl":"https:\/\/secure.gravatar.com\/avatar\/c49a1b9f79216d1498cb73c1e85cd47f4465dda35f2a94c03790d491bd4423c3?s=96&d=mm&r=g","caption":"Eric de Antderground"},"logo":{"@id":"https:\/\/secure.gravatar.com\/avatar\/c49a1b9f79216d1498cb73c1e85cd47f4465dda35f2a94c03790d491bd4423c3?s=96&d=mm&r=g"},"description":"Eric es el especialista y fundador de Antderground, con una amplia trayectoria en artr\u00f3podos y enfocado en la mirmecolog\u00eda y el dise\u00f1o de hormigueros artificiales. Su enfoque combina la innovaci\u00f3n t\u00e9cnica con el respeto por la biolog\u00eda de las hormigas, is\u00f3podos y otros, desarrollando sistemas de nidos modulares 3D y acr\u00edlicos que son referentes para aficionados y profesionales en toda Europa. Su objetivo es facilitar la cr\u00eda de hormigas y otros artr\u00f3podos mediante soluciones seguras y divulgaci\u00f3n de calidad.","sameAs":["https:\/\/antderground.com\/","https:\/\/www.youtube.com\/channel\/UCio72z7TlbufkAthAJIJfPw"]}]}},"_links":{"self":[{"href":"https:\/\/antderground.com\/it\/wp-json\/wp\/v2\/product\/41185","targetHints":{"allow":["GET"]}}],"collection":[{"href":"https:\/\/antderground.com\/it\/wp-json\/wp\/v2\/product"}],"about":[{"href":"https:\/\/antderground.com\/it\/wp-json\/wp\/v2\/types\/product"}],"version-history":[{"count":0,"href":"https:\/\/antderground.com\/it\/wp-json\/wp\/v2\/product\/41185\/revisions"}],"wp:featuredmedia":[{"embeddable":true,"href":"https:\/\/antderground.com\/it\/wp-json\/wp\/v2\/media\/40704"}],"wp:attachment":[{"href":"https:\/\/antderground.com\/it\/wp-json\/wp\/v2\/media?parent=41185"}],"wp:term":[{"taxonomy":"product_brand","embeddable":true,"href":"https:\/\/antderground.com\/it\/wp-json\/wp\/v2\/product_brand?post=41185"},{"taxonomy":"product_cat","embeddable":true,"href":"https:\/\/antderground.com\/it\/wp-json\/wp\/v2\/product_cat?post=41185"},{"taxonomy":"product_tag","embeddable":true,"href":"https:\/\/antderground.com\/it\/wp-json\/wp\/v2\/product_tag?post=41185"}],"curies":[{"name":"wp","href":"https:\/\/api.w.org\/{rel}","templated":true}]}}