{"id":41193,"date":"2025-03-03T12:13:18","date_gmt":"2025-03-03T11:13:18","guid":{"rendered":"https:\/\/www.antderground.com\/producto\/begonia-rex-silver\/"},"modified":"2025-03-03T12:13:18","modified_gmt":"2025-03-03T11:13:18","slug":"begonia-rex-silver","status":"publish","type":"product","link":"https:\/\/antderground.com\/it\/prodotto\/begonia-rex-silver\/","title":{"rendered":"Begonia Rex \u201cSilver\u201d"},"content":{"rendered":"<h4 class=\"\" data-start=\"2522\" data-end=\"2569\"><strong data-start=\"2527\" data-end=\"2567\">Scheda tecnica: Begonia Rex &#8220;Silver&#8221;<\/strong><\/h4>\n<p class=\"\" data-start=\"2570\" data-end=\"2712\"><strong data-start=\"2570\" data-end=\"2591\">Nome scientifico:<\/strong> Begonia Rex &#8220;Silver&#8221;<br data-start=\"2612\" data-end=\"2615\" \/><strong data-start=\"2615\" data-end=\"2631\">Nome comune:<\/strong> Begonia Rex Silver<br data-start=\"2650\" data-end=\"2653\" \/><strong data-start=\"2653\" data-end=\"2666\">Famiglia:<\/strong> Begoniaceae<br data-start=\"2678\" data-end=\"2681\" \/><strong data-start=\"2681\" data-end=\"2693\">Origine:<\/strong> Ibrido coltivato<\/p>\n<p class=\"\" data-start=\"2714\" data-end=\"2990\"><strong data-start=\"2714\" data-end=\"2730\">Descrizione:<\/strong><br data-start=\"2730\" data-end=\"2733\" \/>La Begonia Rex &#8220;Silver&#8221; \u00e8 una pianta ornamentale molto apprezzata per le sue foglie spettacolari dai toni argentati con sfumature verdi e viola. Le sue foglie sono grandi, asimmetriche e vellutate, rendendola perfetta per decorare interni e terrari umidi.<\/p>\n<p class=\"\" data-start=\"2992\" data-end=\"3107\"><strong data-start=\"2992\" data-end=\"3007\">Dimensioni:<\/strong><br data-start=\"3007\" data-end=\"3010\" \/>Pu\u00f2 raggiungere un&#8217;altezza compresa tra 20 e 40 cm, a seconda delle condizioni di coltivazione.<\/p>\n<p class=\"\" data-start=\"3109\" data-end=\"3228\"><strong data-start=\"3109\" data-end=\"3132\">Temperatura ideale:<\/strong><br data-start=\"3132\" data-end=\"3135\" \/>Preferisce temperature tra 18\u00b0C e 24\u00b0C. Non tollera il gelo o temperature inferiori a 12\u00b0C.<\/p>\n<p class=\"\" data-start=\"3230\" data-end=\"3342\"><strong data-start=\"3230\" data-end=\"3242\">Umidit\u00e0:<\/strong><br data-start=\"3242\" data-end=\"3245\" \/>Richiede un ambiente umido, ideale per terrari, serre o interni con un buon livello di umidit\u00e0.<\/p>\n<p class=\"\" data-start=\"3344\" data-end=\"3450\"><strong data-start=\"3344\" data-end=\"3353\">Luce:<\/strong><br data-start=\"3353\" data-end=\"3356\" \/>Necessita luce indiretta o mezz\u2019ombra. L&#8217;esposizione diretta al sole pu\u00f2 bruciare le foglie.<\/p>\n<p class=\"\" data-start=\"3452\" data-end=\"3601\"><strong data-start=\"3452\" data-end=\"3468\">Irrigazione:<\/strong><br data-start=\"3468\" data-end=\"3471\" \/>Il substrato deve rimanere leggermente umido, evitando ristagni d&#8217;acqua. Annaffiare quando la superficie del terreno \u00e8 asciutta.<\/p>\n<p class=\"\" data-start=\"3603\" data-end=\"3758\"><strong data-start=\"3603\" data-end=\"3617\">Substrato:<\/strong><br data-start=\"3617\" data-end=\"3620\" \/>Richiede un substrato ben drenato, leggero e ricco di materia organica. \u00c8 consigliata una miscela di torba, perlite e corteccia di pino.<\/p>\n<p class=\"\" data-start=\"3760\" data-end=\"3873\"><strong data-start=\"3760\" data-end=\"3780\">Fertilizzazione:<\/strong><br data-start=\"3780\" data-end=\"3783\" \/>Applicare un fertilizzante liquido bilanciato ogni 2-3 settimane in primavera ed estate.<\/p>\n<p class=\"\" data-start=\"3875\" data-end=\"3890\"><strong data-start=\"3875\" data-end=\"3888\">Utilizzi:<\/strong><\/p>\n<ul data-start=\"3891\" data-end=\"3983\">\n<li class=\"\" data-start=\"3891\" data-end=\"3918\">\n<p class=\"\" data-start=\"3893\" data-end=\"3918\">Decorazione per interni<\/p>\n<\/li>\n<li class=\"\" data-start=\"3919\" data-end=\"3941\">\n<p class=\"\" data-start=\"3921\" data-end=\"3941\">Pianta per terrari<\/p>\n<\/li>\n<li class=\"\" data-start=\"3942\" data-end=\"3957\">\n<p class=\"\" data-start=\"3944\" data-end=\"3957\">Serre umide<\/p>\n<\/li>\n<li class=\"\" data-start=\"3958\" data-end=\"3983\">\n<p class=\"\" data-start=\"3960\" data-end=\"3983\">Collezione di Begonie<\/p>\n<\/li>\n<\/ul>\n<p class=\"\" data-start=\"3985\" data-end=\"4111\"><strong data-start=\"3985\" data-end=\"3999\">Tossicit\u00e0:<\/strong><br data-start=\"3999\" data-end=\"4002\" \/>Pu\u00f2 essere tossica per gli animali domestici se ingerita. Si consiglia di tenerla fuori dalla loro portata.<\/p>\n<p class=\"\" data-start=\"4113\" data-end=\"4133\"><strong data-start=\"4113\" data-end=\"4131\">Cure speciali:<\/strong><\/p>\n<ul data-start=\"4134\" data-end=\"4321\">\n<li class=\"\" data-start=\"4134\" data-end=\"4193\">\n<p class=\"\" data-start=\"4136\" data-end=\"4193\">Evitare correnti d\u2019aria fredda e sbalzi di temperatura.<\/p>\n<\/li>\n<li class=\"\" data-start=\"4194\" data-end=\"4266\">\n<p class=\"\" data-start=\"4196\" data-end=\"4266\">Non bagnare eccessivamente le foglie per prevenire malattie fungine.<\/p>\n<\/li>\n<li class=\"\" data-start=\"4267\" data-end=\"4321\">\n<p class=\"\" data-start=\"4269\" data-end=\"4321\">Si pu\u00f2 propagare tramite talee di foglia o rizoma.<\/p>\n<\/li>\n<\/ul>\n<p class=\"\" data-start=\"4323\" data-end=\"4447\">La <strong data-start=\"4326\" data-end=\"4350\">Begonia Rex &#8220;Silver&#8221;<\/strong> \u00e8 un&#8217;ottima scelta per chi cerca una pianta esotica e facile da coltivare in ambienti interni.<\/p>\n","protected":false},"excerpt":{"rendered":"<p class=\"\" data-start=\"4505\" data-end=\"4770\">Dai un tocco elegante al tuo spazio con la <strong data-start=\"4548\" data-end=\"4572\">Begonia Rex \u201cSilver\u201d<\/strong>! \ud83c\udf3f\u2728 Foglie argentate con sfumature verdi e viola, perfetta per interni e terrari. Facile da curare, ama l\u2019umidit\u00e0 e la luce indiretta. Ideale per collezionisti e amanti delle piante esotiche! \ud83d\udc9a<\/p>\n","protected":false},"featured_media":40671,"template":"","meta":[],"product_brand":[],"product_cat":[639],"product_tag":[],"class_list":{"0":"post-41193","1":"product","2":"type-product","3":"status-publish","4":"has-post-thumbnail","6":"product_cat-piante-naturali","8":"first","9":"outofstock","10":"shipping-taxable","11":"purchasable","12":"product-type-simple"},"yoast_head":"<!-- This site is optimized with the Yoast SEO plugin v27.4 - https:\/\/yoast.com\/product\/yoast-seo-wordpress\/ -->\n<title>Begonia Rex \u201cSilver\u201d | Piante da interno - ANTDERGROUND<\/title>\n<meta name=\"description\" content=\"Aggiungi un tocco esotico con la Begonia Rex \u201cSilver\u201d \ud83c\udf3f\u2728. Fogliame argentato unico, perfetta per interni e terrari. Facile da curare! \ud83d\udc9a\" \/>\n<meta name=\"robots\" content=\"index, follow, max-snippet:-1, max-image-preview:large, max-video-preview:-1\" \/>\n<link rel=\"canonical\" href=\"https:\/\/antderground.com\/it\/prodotto\/begonia-rex-silver\/\" \/>\n<meta property=\"og:locale\" content=\"it_IT\" \/>\n<meta property=\"og:type\" content=\"article\" \/>\n<meta property=\"og:title\" content=\"Begonia Rex \u201cSilver\u201d | Piante da interno - ANTDERGROUND\" \/>\n<meta property=\"og:description\" content=\"Aggiungi un tocco esotico con la Begonia Rex \u201cSilver\u201d \ud83c\udf3f\u2728. Fogliame argentato unico, perfetta per interni e terrari. Facile da curare! \ud83d\udc9a\" \/>\n<meta property=\"og:url\" content=\"https:\/\/antderground.com\/it\/prodotto\/begonia-rex-silver\/\" \/>\n<meta property=\"og:site_name\" content=\"ANTDERGROUND\" \/>\n<meta property=\"og:image\" content=\"https:\/\/antderground.com\/wp-content\/uploads\/2025\/03\/Begonia-Rex-Silver.jpeg\" \/>\n\t<meta property=\"og:image:width\" content=\"1600\" \/>\n\t<meta property=\"og:image:height\" content=\"1600\" \/>\n\t<meta property=\"og:image:type\" content=\"image\/jpeg\" \/>\n<meta name=\"twitter:card\" content=\"summary_large_image\" \/>\n<meta name=\"twitter:label1\" content=\"Tempo di lettura stimato\" \/>\n\t<meta name=\"twitter:data1\" content=\"1 minuto\" \/>\n<script type=\"application\/ld+json\" class=\"yoast-schema-graph\">{\"@context\":\"https:\\\/\\\/schema.org\",\"@graph\":[{\"@type\":\"WebPage\",\"@id\":\"https:\\\/\\\/antderground.com\\\/it\\\/prodotto\\\/begonia-rex-silver\\\/\",\"url\":\"https:\\\/\\\/antderground.com\\\/it\\\/prodotto\\\/begonia-rex-silver\\\/\",\"name\":\"Begonia Rex \u201cSilver\u201d | Piante da interno - ANTDERGROUND\",\"isPartOf\":{\"@id\":\"https:\\\/\\\/antderground.com\\\/it\\\/#website\"},\"primaryImageOfPage\":{\"@id\":\"https:\\\/\\\/antderground.com\\\/it\\\/prodotto\\\/begonia-rex-silver\\\/#primaryimage\"},\"image\":{\"@id\":\"https:\\\/\\\/antderground.com\\\/it\\\/prodotto\\\/begonia-rex-silver\\\/#primaryimage\"},\"thumbnailUrl\":\"https:\\\/\\\/antderground.com\\\/wp-content\\\/uploads\\\/2025\\\/03\\\/Begonia-Rex-Silver.jpeg\",\"datePublished\":\"2025-03-03T11:13:18+00:00\",\"description\":\"Aggiungi un tocco esotico con la Begonia Rex \u201cSilver\u201d \ud83c\udf3f\u2728. Fogliame argentato unico, perfetta per interni e terrari. Facile da curare! \ud83d\udc9a\",\"breadcrumb\":{\"@id\":\"https:\\\/\\\/antderground.com\\\/it\\\/prodotto\\\/begonia-rex-silver\\\/#breadcrumb\"},\"inLanguage\":\"it-IT\",\"potentialAction\":[{\"@type\":\"ReadAction\",\"target\":[\"https:\\\/\\\/antderground.com\\\/it\\\/prodotto\\\/begonia-rex-silver\\\/\"]}]},{\"@type\":\"ImageObject\",\"inLanguage\":\"it-IT\",\"@id\":\"https:\\\/\\\/antderground.com\\\/it\\\/prodotto\\\/begonia-rex-silver\\\/#primaryimage\",\"url\":\"https:\\\/\\\/antderground.com\\\/wp-content\\\/uploads\\\/2025\\\/03\\\/Begonia-Rex-Silver.jpeg\",\"contentUrl\":\"https:\\\/\\\/antderground.com\\\/wp-content\\\/uploads\\\/2025\\\/03\\\/Begonia-Rex-Silver.jpeg\",\"width\":1600,\"height\":1600,\"caption\":\"Begonia Rex \u201cSilver\u201d\"},{\"@type\":\"BreadcrumbList\",\"@id\":\"https:\\\/\\\/antderground.com\\\/it\\\/prodotto\\\/begonia-rex-silver\\\/#breadcrumb\",\"itemListElement\":[{\"@type\":\"ListItem\",\"position\":1,\"name\":\"Portada\",\"item\":\"https:\\\/\\\/antderground.com\\\/it\\\/\"},{\"@type\":\"ListItem\",\"position\":2,\"name\":\"Prodotti\",\"item\":\"https:\\\/\\\/antderground.com\\\/it\\\/prodotti\\\/\"},{\"@type\":\"ListItem\",\"position\":3,\"name\":\"Begonia Rex \u201cSilver\u201d\"}]},{\"@type\":\"WebSite\",\"@id\":\"https:\\\/\\\/antderground.com\\\/it\\\/#website\",\"url\":\"https:\\\/\\\/antderground.com\\\/it\\\/\",\"name\":\"ANTDERGROUND\",\"description\":\"Tu tienda de hormigas, gran variedad de hormigueros acr\u00edlicos,madera,arena,3D y mas.. Pide tus hormigas gratis con tu pedido, somos expertos en hormigueros antifugas.\",\"publisher\":{\"@id\":\"https:\\\/\\\/antderground.com\\\/it\\\/#\\\/schema\\\/person\\\/0e322c505e84fe72c65e2f6d08f96b81\"},\"alternateName\":\"Antderground\",\"potentialAction\":[{\"@type\":\"SearchAction\",\"target\":{\"@type\":\"EntryPoint\",\"urlTemplate\":\"https:\\\/\\\/antderground.com\\\/it\\\/?s={search_term_string}\"},\"query-input\":{\"@type\":\"PropertyValueSpecification\",\"valueRequired\":true,\"valueName\":\"search_term_string\"}}],\"inLanguage\":\"it-IT\"},{\"@type\":[\"Person\",\"Organization\"],\"@id\":\"https:\\\/\\\/antderground.com\\\/it\\\/#\\\/schema\\\/person\\\/0e322c505e84fe72c65e2f6d08f96b81\",\"name\":\"Eric de Antderground\",\"image\":{\"@type\":\"ImageObject\",\"inLanguage\":\"it-IT\",\"@id\":\"https:\\\/\\\/secure.gravatar.com\\\/avatar\\\/c49a1b9f79216d1498cb73c1e85cd47f4465dda35f2a94c03790d491bd4423c3?s=96&d=mm&r=g\",\"url\":\"https:\\\/\\\/secure.gravatar.com\\\/avatar\\\/c49a1b9f79216d1498cb73c1e85cd47f4465dda35f2a94c03790d491bd4423c3?s=96&d=mm&r=g\",\"contentUrl\":\"https:\\\/\\\/secure.gravatar.com\\\/avatar\\\/c49a1b9f79216d1498cb73c1e85cd47f4465dda35f2a94c03790d491bd4423c3?s=96&d=mm&r=g\",\"caption\":\"Eric de Antderground\"},\"logo\":{\"@id\":\"https:\\\/\\\/secure.gravatar.com\\\/avatar\\\/c49a1b9f79216d1498cb73c1e85cd47f4465dda35f2a94c03790d491bd4423c3?s=96&d=mm&r=g\"},\"description\":\"Eric es el especialista y fundador de Antderground, con una amplia trayectoria en artr\u00f3podos y enfocado en la mirmecolog\u00eda y el dise\u00f1o de hormigueros artificiales. Su enfoque combina la innovaci\u00f3n t\u00e9cnica con el respeto por la biolog\u00eda de las hormigas, is\u00f3podos y otros, desarrollando sistemas de nidos modulares 3D y acr\u00edlicos que son referentes para aficionados y profesionales en toda Europa. Su objetivo es facilitar la cr\u00eda de hormigas y otros artr\u00f3podos mediante soluciones seguras y divulgaci\u00f3n de calidad.\",\"sameAs\":[\"https:\\\/\\\/antderground.com\\\/\",\"https:\\\/\\\/www.youtube.com\\\/channel\\\/UCio72z7TlbufkAthAJIJfPw\"]}]}<\/script>\n<!-- \/ Yoast SEO plugin. -->","yoast_head_json":{"title":"Begonia Rex \u201cSilver\u201d | Piante da interno - ANTDERGROUND","description":"Aggiungi un tocco esotico con la Begonia Rex \u201cSilver\u201d \ud83c\udf3f\u2728. Fogliame argentato unico, perfetta per interni e terrari. Facile da curare! \ud83d\udc9a","robots":{"index":"index","follow":"follow","max-snippet":"max-snippet:-1","max-image-preview":"max-image-preview:large","max-video-preview":"max-video-preview:-1"},"canonical":"https:\/\/antderground.com\/it\/prodotto\/begonia-rex-silver\/","og_locale":"it_IT","og_type":"article","og_title":"Begonia Rex \u201cSilver\u201d | Piante da interno - ANTDERGROUND","og_description":"Aggiungi un tocco esotico con la Begonia Rex \u201cSilver\u201d \ud83c\udf3f\u2728. Fogliame argentato unico, perfetta per interni e terrari. Facile da curare! \ud83d\udc9a","og_url":"https:\/\/antderground.com\/it\/prodotto\/begonia-rex-silver\/","og_site_name":"ANTDERGROUND","og_image":[{"width":1600,"height":1600,"url":"https:\/\/antderground.com\/wp-content\/uploads\/2025\/03\/Begonia-Rex-Silver.jpeg","type":"image\/jpeg"}],"twitter_card":"summary_large_image","twitter_misc":{"Tempo di lettura stimato":"1 minuto"},"schema":{"@context":"https:\/\/schema.org","@graph":[{"@type":"WebPage","@id":"https:\/\/antderground.com\/it\/prodotto\/begonia-rex-silver\/","url":"https:\/\/antderground.com\/it\/prodotto\/begonia-rex-silver\/","name":"Begonia Rex \u201cSilver\u201d | Piante da interno - ANTDERGROUND","isPartOf":{"@id":"https:\/\/antderground.com\/it\/#website"},"primaryImageOfPage":{"@id":"https:\/\/antderground.com\/it\/prodotto\/begonia-rex-silver\/#primaryimage"},"image":{"@id":"https:\/\/antderground.com\/it\/prodotto\/begonia-rex-silver\/#primaryimage"},"thumbnailUrl":"https:\/\/antderground.com\/wp-content\/uploads\/2025\/03\/Begonia-Rex-Silver.jpeg","datePublished":"2025-03-03T11:13:18+00:00","description":"Aggiungi un tocco esotico con la Begonia Rex \u201cSilver\u201d \ud83c\udf3f\u2728. Fogliame argentato unico, perfetta per interni e terrari. Facile da curare! \ud83d\udc9a","breadcrumb":{"@id":"https:\/\/antderground.com\/it\/prodotto\/begonia-rex-silver\/#breadcrumb"},"inLanguage":"it-IT","potentialAction":[{"@type":"ReadAction","target":["https:\/\/antderground.com\/it\/prodotto\/begonia-rex-silver\/"]}]},{"@type":"ImageObject","inLanguage":"it-IT","@id":"https:\/\/antderground.com\/it\/prodotto\/begonia-rex-silver\/#primaryimage","url":"https:\/\/antderground.com\/wp-content\/uploads\/2025\/03\/Begonia-Rex-Silver.jpeg","contentUrl":"https:\/\/antderground.com\/wp-content\/uploads\/2025\/03\/Begonia-Rex-Silver.jpeg","width":1600,"height":1600,"caption":"Begonia Rex \u201cSilver\u201d"},{"@type":"BreadcrumbList","@id":"https:\/\/antderground.com\/it\/prodotto\/begonia-rex-silver\/#breadcrumb","itemListElement":[{"@type":"ListItem","position":1,"name":"Portada","item":"https:\/\/antderground.com\/it\/"},{"@type":"ListItem","position":2,"name":"Prodotti","item":"https:\/\/antderground.com\/it\/prodotti\/"},{"@type":"ListItem","position":3,"name":"Begonia Rex \u201cSilver\u201d"}]},{"@type":"WebSite","@id":"https:\/\/antderground.com\/it\/#website","url":"https:\/\/antderground.com\/it\/","name":"ANTDERGROUND","description":"Tu tienda de hormigas, gran variedad de hormigueros acr\u00edlicos,madera,arena,3D y mas.. Pide tus hormigas gratis con tu pedido, somos expertos en hormigueros antifugas.","publisher":{"@id":"https:\/\/antderground.com\/it\/#\/schema\/person\/0e322c505e84fe72c65e2f6d08f96b81"},"alternateName":"Antderground","potentialAction":[{"@type":"SearchAction","target":{"@type":"EntryPoint","urlTemplate":"https:\/\/antderground.com\/it\/?s={search_term_string}"},"query-input":{"@type":"PropertyValueSpecification","valueRequired":true,"valueName":"search_term_string"}}],"inLanguage":"it-IT"},{"@type":["Person","Organization"],"@id":"https:\/\/antderground.com\/it\/#\/schema\/person\/0e322c505e84fe72c65e2f6d08f96b81","name":"Eric de Antderground","image":{"@type":"ImageObject","inLanguage":"it-IT","@id":"https:\/\/secure.gravatar.com\/avatar\/c49a1b9f79216d1498cb73c1e85cd47f4465dda35f2a94c03790d491bd4423c3?s=96&d=mm&r=g","url":"https:\/\/secure.gravatar.com\/avatar\/c49a1b9f79216d1498cb73c1e85cd47f4465dda35f2a94c03790d491bd4423c3?s=96&d=mm&r=g","contentUrl":"https:\/\/secure.gravatar.com\/avatar\/c49a1b9f79216d1498cb73c1e85cd47f4465dda35f2a94c03790d491bd4423c3?s=96&d=mm&r=g","caption":"Eric de Antderground"},"logo":{"@id":"https:\/\/secure.gravatar.com\/avatar\/c49a1b9f79216d1498cb73c1e85cd47f4465dda35f2a94c03790d491bd4423c3?s=96&d=mm&r=g"},"description":"Eric es el especialista y fundador de Antderground, con una amplia trayectoria en artr\u00f3podos y enfocado en la mirmecolog\u00eda y el dise\u00f1o de hormigueros artificiales. Su enfoque combina la innovaci\u00f3n t\u00e9cnica con el respeto por la biolog\u00eda de las hormigas, is\u00f3podos y otros, desarrollando sistemas de nidos modulares 3D y acr\u00edlicos que son referentes para aficionados y profesionales en toda Europa. Su objetivo es facilitar la cr\u00eda de hormigas y otros artr\u00f3podos mediante soluciones seguras y divulgaci\u00f3n de calidad.","sameAs":["https:\/\/antderground.com\/","https:\/\/www.youtube.com\/channel\/UCio72z7TlbufkAthAJIJfPw"]}]}},"_links":{"self":[{"href":"https:\/\/antderground.com\/it\/wp-json\/wp\/v2\/product\/41193","targetHints":{"allow":["GET"]}}],"collection":[{"href":"https:\/\/antderground.com\/it\/wp-json\/wp\/v2\/product"}],"about":[{"href":"https:\/\/antderground.com\/it\/wp-json\/wp\/v2\/types\/product"}],"version-history":[{"count":0,"href":"https:\/\/antderground.com\/it\/wp-json\/wp\/v2\/product\/41193\/revisions"}],"wp:featuredmedia":[{"embeddable":true,"href":"https:\/\/antderground.com\/it\/wp-json\/wp\/v2\/media\/40671"}],"wp:attachment":[{"href":"https:\/\/antderground.com\/it\/wp-json\/wp\/v2\/media?parent=41193"}],"wp:term":[{"taxonomy":"product_brand","embeddable":true,"href":"https:\/\/antderground.com\/it\/wp-json\/wp\/v2\/product_brand?post=41193"},{"taxonomy":"product_cat","embeddable":true,"href":"https:\/\/antderground.com\/it\/wp-json\/wp\/v2\/product_cat?post=41193"},{"taxonomy":"product_tag","embeddable":true,"href":"https:\/\/antderground.com\/it\/wp-json\/wp\/v2\/product_tag?post=41193"}],"curies":[{"name":"wp","href":"https:\/\/api.w.org\/{rel}","templated":true}]}}