{"id":41203,"date":"2024-10-25T11:48:31","date_gmt":"2024-10-25T09:48:31","guid":{"rendered":"https:\/\/www.antderground.com\/producto\/alocasia-polly-pianta-da-interno\/"},"modified":"2024-10-25T11:48:31","modified_gmt":"2024-10-25T09:48:31","slug":"alocasia-polly-pianta-da-interno","status":"publish","type":"product","link":"https:\/\/antderground.com\/it\/prodotto\/alocasia-polly-pianta-da-interno\/","title":{"rendered":"Alocasia Polly (pianta da interno)"},"content":{"rendered":"<p class=\"\" data-start=\"131\" data-end=\"261\"><strong data-start=\"131\" data-end=\"147\">Nome comune:<\/strong> Alocasia Polly, Orecchie di Elefante<br data-start=\"184\" data-end=\"187\" \/><strong data-start=\"187\" data-end=\"208\">Nome scientifico:<\/strong> Alocasia amazonica &#8216;Polly&#8217;<br data-start=\"235\" data-end=\"238\" \/><strong data-start=\"238\" data-end=\"251\">Famiglia:<\/strong> Araceae<\/p>\n<h4 class=\"\" data-start=\"263\" data-end=\"285\"><strong data-start=\"268\" data-end=\"283\">Descrizione<\/strong><\/h4>\n<p class=\"\" data-start=\"286\" data-end=\"672\">L&#8217;Alocasia Polly \u00e8 una pianta da interno molto apprezzata per le sue grandi foglie a forma di cuore, di un verde intenso con venature prominenti di colore pi\u00f9 chiaro. Questa variet\u00e0 \u00e8 un ibrido che combina caratteristiche dell&#8217;Alocasia amazonica e di altre specie di Alocasia. Le foglie possono raggiungere fino a 30 cm di lunghezza e la pianta pu\u00f2 crescere tra 30 e 60 cm in altezza.<\/p>\n<h4 class=\"\" data-start=\"674\" data-end=\"689\"><strong data-start=\"679\" data-end=\"687\">Cura<\/strong><\/h4>\n<ul data-start=\"690\" data-end=\"1322\">\n<li class=\"\" data-start=\"690\" data-end=\"815\">\n<p class=\"\" data-start=\"692\" data-end=\"815\"><strong data-start=\"692\" data-end=\"701\">Luce:<\/strong> Preferisce luce intensa e indiretta. Evitare l&#8217;esposizione diretta al sole per evitare scottature sulle foglie.<\/p>\n<\/li>\n<li class=\"\" data-start=\"816\" data-end=\"968\">\n<p class=\"\" data-start=\"818\" data-end=\"968\"><strong data-start=\"818\" data-end=\"835\">Annaffiatura:<\/strong> Mantenere il substrato leggermente umido, evitando ristagni d\u2019acqua. Annaffiare quando lo strato superiore del terreno \u00e8 asciutto.<\/p>\n<\/li>\n<li class=\"\" data-start=\"969\" data-end=\"1111\">\n<p class=\"\" data-start=\"971\" data-end=\"1111\"><strong data-start=\"971\" data-end=\"983\">Umidit\u00e0:<\/strong> Richiede un ambiente umido. Si consiglia di nebulizzare le foglie o posizionare il vaso su un sottovaso con ciottoli e acqua.<\/p>\n<\/li>\n<li class=\"\" data-start=\"1112\" data-end=\"1239\">\n<p class=\"\" data-start=\"1114\" data-end=\"1239\"><strong data-start=\"1114\" data-end=\"1130\">Temperatura:<\/strong> Cresce meglio tra i 18\u00b0C e i 26\u00b0C. Non tollera il freddo, quindi proteggerla dalle correnti d\u2019aria fredde.<\/p>\n<\/li>\n<li class=\"\" data-start=\"1240\" data-end=\"1322\">\n<p class=\"\" data-start=\"1242\" data-end=\"1322\"><strong data-start=\"1242\" data-end=\"1256\">Substrato:<\/strong> Utilizzare un terreno ben drenante e ricco di materia organica.<\/p>\n<\/li>\n<\/ul>\n<h4 class=\"\" data-start=\"1324\" data-end=\"1343\"><strong data-start=\"1329\" data-end=\"1341\">Vantaggi<\/strong><\/h4>\n<ul data-start=\"1344\" data-end=\"1809\">\n<li class=\"\" data-start=\"1344\" data-end=\"1464\">\n<p class=\"\" data-start=\"1346\" data-end=\"1464\"><strong data-start=\"1346\" data-end=\"1361\">Decorativa:<\/strong> Ideale per ambienti interni, il suo fogliame esotico aggiunge un tocco tropicale a qualsiasi spazio.<\/p>\n<\/li>\n<li class=\"\" data-start=\"1465\" data-end=\"1571\">\n<p class=\"\" data-start=\"1467\" data-end=\"1571\"><strong data-start=\"1467\" data-end=\"1495\">Purificazione dell&#8217;aria:<\/strong> Aiuta a migliorare la qualit\u00e0 dell&#8217;aria rimuovendo tossine dall\u2019ambiente.<\/p>\n<\/li>\n<li class=\"\" data-start=\"1572\" data-end=\"1809\">\n<p class=\"\" data-start=\"1574\" data-end=\"1809\"><strong data-start=\"1574\" data-end=\"1590\">Non tossica:<\/strong> Generalmente considerata sicura, ma il contatto con animali domestici e bambini va evitato perch\u00e9 la sua linfa pu\u00f2 essere irritante. <strong data-start=\"1724\" data-end=\"1783\">Si consiglia di tenerla fuori dalla portata dei bambini<\/strong> per maggiore sicurezza.<\/p>\n<\/li>\n<\/ul>\n<h4 class=\"\" data-start=\"1811\" data-end=\"1834\"><strong data-start=\"1816\" data-end=\"1832\">Propagazione<\/strong><\/h4>\n<p class=\"\" data-start=\"1835\" data-end=\"1948\">Si propaga per divisione dei rizomi in primavera. Ogni divisione deve avere almeno una foglia e un rizoma sano.<\/p>\n<h4 class=\"\" data-start=\"1950\" data-end=\"1975\"><strong data-start=\"1955\" data-end=\"1973\">Considerazioni<\/strong><\/h4>\n<ul data-start=\"1976\" data-end=\"2244\">\n<li class=\"\" data-start=\"1976\" data-end=\"2157\">\n<p class=\"\" data-start=\"1978\" data-end=\"2157\">L&#8217;Alocasia Polly pu\u00f2 essere soggetta a parassiti come afidi e cocciniglie. \u00c8 importante controllare regolarmente la pianta e intervenire tempestivamente in caso di infestazioni.<\/p>\n<\/li>\n<li class=\"\" data-start=\"2158\" data-end=\"2244\">\n<p class=\"\" data-start=\"2160\" data-end=\"2244\">Nei climi freddi, \u00e8 preferibile coltivarla all&#8217;interno poich\u00e9 non tollera il gelo.<\/p>\n<\/li>\n<\/ul>\n","protected":false},"excerpt":{"rendered":"<p class=\"\" data-start=\"48\" data-end=\"322\"><strong data-start=\"48\" data-end=\"90\">La splendida pianta Alocasia Polly! \ud83c\udf3f<\/strong> Con le sue magnifiche foglie a forma di cuore, non \u00e8 solo un gioiello decorativo, ma aiuta anche a purificare l&#8217;aria della tua casa. Ideale per ambienti con luce indiretta, dona un tocco tropicale e fresco a qualsiasi angolo. \ud83c\udf31\u2728<\/p>\n<h3 class=\"\" data-start=\"324\" data-end=\"350\"><strong data-start=\"328\" data-end=\"348\">Caratteristiche:<\/strong><\/h3>\n<p><strong data-start=\"353\" data-end=\"362\">Vaso:<\/strong> 12 cm<br \/>\n<strong data-start=\"373\" data-end=\"413\">Interno (Consigliato) \/ Semi-esterno<\/strong><\/p>\n","protected":false},"featured_media":37552,"template":"","meta":[],"product_brand":[],"product_cat":[639],"product_tag":[],"class_list":{"0":"post-41203","1":"product","2":"type-product","3":"status-publish","4":"has-post-thumbnail","6":"product_cat-piante-naturali","8":"first","9":"outofstock","10":"shipping-taxable","11":"purchasable","12":"product-type-simple"},"yoast_head":"<!-- This site is optimized with the Yoast SEO plugin v27.3 - https:\/\/yoast.com\/product\/yoast-seo-wordpress\/ -->\n<title>Alocasia Polly (pianta da interno) - ANTDERGROUND<\/title>\n<meta name=\"description\" content=\"Trasforma la tua casa con Alocasia Polly: elegante, purifica l&#039;aria e facile da curare. Aggiungi un tocco tropicale oggi stesso! \ud83c\udf3f\u2728\" \/>\n<meta name=\"robots\" content=\"index, follow, max-snippet:-1, max-image-preview:large, max-video-preview:-1\" \/>\n<link rel=\"canonical\" href=\"https:\/\/antderground.com\/it\/prodotto\/alocasia-polly-pianta-da-interno\/\" \/>\n<meta property=\"og:locale\" content=\"it_IT\" \/>\n<meta property=\"og:type\" content=\"article\" \/>\n<meta property=\"og:title\" content=\"Alocasia Polly (pianta da interno) - ANTDERGROUND\" \/>\n<meta property=\"og:description\" content=\"Trasforma la tua casa con Alocasia Polly: elegante, purifica l&#039;aria e facile da curare. Aggiungi un tocco tropicale oggi stesso! \ud83c\udf3f\u2728\" \/>\n<meta property=\"og:url\" content=\"https:\/\/antderground.com\/it\/prodotto\/alocasia-polly-pianta-da-interno\/\" \/>\n<meta property=\"og:site_name\" content=\"ANTDERGROUND\" \/>\n<meta property=\"og:image\" content=\"https:\/\/antderground.com\/wp-content\/uploads\/2024\/10\/Alocasia-Polly.jpeg\" \/>\n\t<meta property=\"og:image:width\" content=\"1417\" \/>\n\t<meta property=\"og:image:height\" content=\"1417\" \/>\n\t<meta property=\"og:image:type\" content=\"image\/jpeg\" \/>\n<meta name=\"twitter:card\" content=\"summary_large_image\" \/>\n<meta name=\"twitter:label1\" content=\"Tempo di lettura stimato\" \/>\n\t<meta name=\"twitter:data1\" content=\"1 minuto\" \/>\n<script type=\"application\/ld+json\" class=\"yoast-schema-graph\">{\"@context\":\"https:\\\/\\\/schema.org\",\"@graph\":[{\"@type\":\"WebPage\",\"@id\":\"https:\\\/\\\/antderground.com\\\/it\\\/prodotto\\\/alocasia-polly-pianta-da-interno\\\/\",\"url\":\"https:\\\/\\\/antderground.com\\\/it\\\/prodotto\\\/alocasia-polly-pianta-da-interno\\\/\",\"name\":\"Alocasia Polly (pianta da interno) - ANTDERGROUND\",\"isPartOf\":{\"@id\":\"https:\\\/\\\/antderground.com\\\/it\\\/#website\"},\"primaryImageOfPage\":{\"@id\":\"https:\\\/\\\/antderground.com\\\/it\\\/prodotto\\\/alocasia-polly-pianta-da-interno\\\/#primaryimage\"},\"image\":{\"@id\":\"https:\\\/\\\/antderground.com\\\/it\\\/prodotto\\\/alocasia-polly-pianta-da-interno\\\/#primaryimage\"},\"thumbnailUrl\":\"https:\\\/\\\/antderground.com\\\/wp-content\\\/uploads\\\/2024\\\/10\\\/Alocasia-Polly.jpeg\",\"datePublished\":\"2024-10-25T09:48:31+00:00\",\"description\":\"Trasforma la tua casa con Alocasia Polly: elegante, purifica l'aria e facile da curare. Aggiungi un tocco tropicale oggi stesso! \ud83c\udf3f\u2728\",\"breadcrumb\":{\"@id\":\"https:\\\/\\\/antderground.com\\\/it\\\/prodotto\\\/alocasia-polly-pianta-da-interno\\\/#breadcrumb\"},\"inLanguage\":\"it-IT\",\"potentialAction\":[{\"@type\":\"ReadAction\",\"target\":[\"https:\\\/\\\/antderground.com\\\/it\\\/prodotto\\\/alocasia-polly-pianta-da-interno\\\/\"]}]},{\"@type\":\"ImageObject\",\"inLanguage\":\"it-IT\",\"@id\":\"https:\\\/\\\/antderground.com\\\/it\\\/prodotto\\\/alocasia-polly-pianta-da-interno\\\/#primaryimage\",\"url\":\"https:\\\/\\\/antderground.com\\\/wp-content\\\/uploads\\\/2024\\\/10\\\/Alocasia-Polly.jpeg\",\"contentUrl\":\"https:\\\/\\\/antderground.com\\\/wp-content\\\/uploads\\\/2024\\\/10\\\/Alocasia-Polly.jpeg\",\"width\":1417,\"height\":1417,\"caption\":\"Alocasia Polly\"},{\"@type\":\"BreadcrumbList\",\"@id\":\"https:\\\/\\\/antderground.com\\\/it\\\/prodotto\\\/alocasia-polly-pianta-da-interno\\\/#breadcrumb\",\"itemListElement\":[{\"@type\":\"ListItem\",\"position\":1,\"name\":\"Portada\",\"item\":\"https:\\\/\\\/antderground.com\\\/it\\\/\"},{\"@type\":\"ListItem\",\"position\":2,\"name\":\"Prodotti\",\"item\":\"https:\\\/\\\/antderground.com\\\/it\\\/prodotti\\\/\"},{\"@type\":\"ListItem\",\"position\":3,\"name\":\"Alocasia Polly (pianta da interno)\"}]},{\"@type\":\"WebSite\",\"@id\":\"https:\\\/\\\/antderground.com\\\/it\\\/#website\",\"url\":\"https:\\\/\\\/antderground.com\\\/it\\\/\",\"name\":\"ANTDERGROUND\",\"description\":\"Tu tienda de hormigas, gran variedad de hormigueros acr\u00edlicos,madera,arena,3D y mas.. Pide tus hormigas gratis con tu pedido, somos expertos en hormigueros antifugas.\",\"publisher\":{\"@id\":\"https:\\\/\\\/antderground.com\\\/it\\\/#\\\/schema\\\/person\\\/0e322c505e84fe72c65e2f6d08f96b81\"},\"alternateName\":\"Antderground\",\"potentialAction\":[{\"@type\":\"SearchAction\",\"target\":{\"@type\":\"EntryPoint\",\"urlTemplate\":\"https:\\\/\\\/antderground.com\\\/it\\\/?s={search_term_string}\"},\"query-input\":{\"@type\":\"PropertyValueSpecification\",\"valueRequired\":true,\"valueName\":\"search_term_string\"}}],\"inLanguage\":\"it-IT\"},{\"@type\":[\"Person\",\"Organization\"],\"@id\":\"https:\\\/\\\/antderground.com\\\/it\\\/#\\\/schema\\\/person\\\/0e322c505e84fe72c65e2f6d08f96b81\",\"name\":\"Eric de Antderground\",\"image\":{\"@type\":\"ImageObject\",\"inLanguage\":\"it-IT\",\"@id\":\"https:\\\/\\\/secure.gravatar.com\\\/avatar\\\/c49a1b9f79216d1498cb73c1e85cd47f4465dda35f2a94c03790d491bd4423c3?s=96&d=mm&r=g\",\"url\":\"https:\\\/\\\/secure.gravatar.com\\\/avatar\\\/c49a1b9f79216d1498cb73c1e85cd47f4465dda35f2a94c03790d491bd4423c3?s=96&d=mm&r=g\",\"contentUrl\":\"https:\\\/\\\/secure.gravatar.com\\\/avatar\\\/c49a1b9f79216d1498cb73c1e85cd47f4465dda35f2a94c03790d491bd4423c3?s=96&d=mm&r=g\",\"caption\":\"Eric de Antderground\"},\"logo\":{\"@id\":\"https:\\\/\\\/secure.gravatar.com\\\/avatar\\\/c49a1b9f79216d1498cb73c1e85cd47f4465dda35f2a94c03790d491bd4423c3?s=96&d=mm&r=g\"},\"description\":\"Eric es el especialista y fundador de Antderground, con una amplia trayectoria en artr\u00f3podos y enfocado en la mirmecolog\u00eda y el dise\u00f1o de hormigueros artificiales. Su enfoque combina la innovaci\u00f3n t\u00e9cnica con el respeto por la biolog\u00eda de las hormigas, is\u00f3podos y otros, desarrollando sistemas de nidos modulares 3D y acr\u00edlicos que son referentes para aficionados y profesionales en toda Europa. Su objetivo es facilitar la cr\u00eda de hormigas y otros artr\u00f3podos mediante soluciones seguras y divulgaci\u00f3n de calidad.\",\"sameAs\":[\"https:\\\/\\\/antderground.com\\\/\",\"https:\\\/\\\/www.youtube.com\\\/channel\\\/UCio72z7TlbufkAthAJIJfPw\"]}]}<\/script>\n<!-- \/ Yoast SEO plugin. -->","yoast_head_json":{"title":"Alocasia Polly (pianta da interno) - ANTDERGROUND","description":"Trasforma la tua casa con Alocasia Polly: elegante, purifica l'aria e facile da curare. Aggiungi un tocco tropicale oggi stesso! \ud83c\udf3f\u2728","robots":{"index":"index","follow":"follow","max-snippet":"max-snippet:-1","max-image-preview":"max-image-preview:large","max-video-preview":"max-video-preview:-1"},"canonical":"https:\/\/antderground.com\/it\/prodotto\/alocasia-polly-pianta-da-interno\/","og_locale":"it_IT","og_type":"article","og_title":"Alocasia Polly (pianta da interno) - ANTDERGROUND","og_description":"Trasforma la tua casa con Alocasia Polly: elegante, purifica l'aria e facile da curare. Aggiungi un tocco tropicale oggi stesso! \ud83c\udf3f\u2728","og_url":"https:\/\/antderground.com\/it\/prodotto\/alocasia-polly-pianta-da-interno\/","og_site_name":"ANTDERGROUND","og_image":[{"width":1417,"height":1417,"url":"https:\/\/antderground.com\/wp-content\/uploads\/2024\/10\/Alocasia-Polly.jpeg","type":"image\/jpeg"}],"twitter_card":"summary_large_image","twitter_misc":{"Tempo di lettura stimato":"1 minuto"},"schema":{"@context":"https:\/\/schema.org","@graph":[{"@type":"WebPage","@id":"https:\/\/antderground.com\/it\/prodotto\/alocasia-polly-pianta-da-interno\/","url":"https:\/\/antderground.com\/it\/prodotto\/alocasia-polly-pianta-da-interno\/","name":"Alocasia Polly (pianta da interno) - ANTDERGROUND","isPartOf":{"@id":"https:\/\/antderground.com\/it\/#website"},"primaryImageOfPage":{"@id":"https:\/\/antderground.com\/it\/prodotto\/alocasia-polly-pianta-da-interno\/#primaryimage"},"image":{"@id":"https:\/\/antderground.com\/it\/prodotto\/alocasia-polly-pianta-da-interno\/#primaryimage"},"thumbnailUrl":"https:\/\/antderground.com\/wp-content\/uploads\/2024\/10\/Alocasia-Polly.jpeg","datePublished":"2024-10-25T09:48:31+00:00","description":"Trasforma la tua casa con Alocasia Polly: elegante, purifica l'aria e facile da curare. Aggiungi un tocco tropicale oggi stesso! \ud83c\udf3f\u2728","breadcrumb":{"@id":"https:\/\/antderground.com\/it\/prodotto\/alocasia-polly-pianta-da-interno\/#breadcrumb"},"inLanguage":"it-IT","potentialAction":[{"@type":"ReadAction","target":["https:\/\/antderground.com\/it\/prodotto\/alocasia-polly-pianta-da-interno\/"]}]},{"@type":"ImageObject","inLanguage":"it-IT","@id":"https:\/\/antderground.com\/it\/prodotto\/alocasia-polly-pianta-da-interno\/#primaryimage","url":"https:\/\/antderground.com\/wp-content\/uploads\/2024\/10\/Alocasia-Polly.jpeg","contentUrl":"https:\/\/antderground.com\/wp-content\/uploads\/2024\/10\/Alocasia-Polly.jpeg","width":1417,"height":1417,"caption":"Alocasia Polly"},{"@type":"BreadcrumbList","@id":"https:\/\/antderground.com\/it\/prodotto\/alocasia-polly-pianta-da-interno\/#breadcrumb","itemListElement":[{"@type":"ListItem","position":1,"name":"Portada","item":"https:\/\/antderground.com\/it\/"},{"@type":"ListItem","position":2,"name":"Prodotti","item":"https:\/\/antderground.com\/it\/prodotti\/"},{"@type":"ListItem","position":3,"name":"Alocasia Polly (pianta da interno)"}]},{"@type":"WebSite","@id":"https:\/\/antderground.com\/it\/#website","url":"https:\/\/antderground.com\/it\/","name":"ANTDERGROUND","description":"Tu tienda de hormigas, gran variedad de hormigueros acr\u00edlicos,madera,arena,3D y mas.. Pide tus hormigas gratis con tu pedido, somos expertos en hormigueros antifugas.","publisher":{"@id":"https:\/\/antderground.com\/it\/#\/schema\/person\/0e322c505e84fe72c65e2f6d08f96b81"},"alternateName":"Antderground","potentialAction":[{"@type":"SearchAction","target":{"@type":"EntryPoint","urlTemplate":"https:\/\/antderground.com\/it\/?s={search_term_string}"},"query-input":{"@type":"PropertyValueSpecification","valueRequired":true,"valueName":"search_term_string"}}],"inLanguage":"it-IT"},{"@type":["Person","Organization"],"@id":"https:\/\/antderground.com\/it\/#\/schema\/person\/0e322c505e84fe72c65e2f6d08f96b81","name":"Eric de Antderground","image":{"@type":"ImageObject","inLanguage":"it-IT","@id":"https:\/\/secure.gravatar.com\/avatar\/c49a1b9f79216d1498cb73c1e85cd47f4465dda35f2a94c03790d491bd4423c3?s=96&d=mm&r=g","url":"https:\/\/secure.gravatar.com\/avatar\/c49a1b9f79216d1498cb73c1e85cd47f4465dda35f2a94c03790d491bd4423c3?s=96&d=mm&r=g","contentUrl":"https:\/\/secure.gravatar.com\/avatar\/c49a1b9f79216d1498cb73c1e85cd47f4465dda35f2a94c03790d491bd4423c3?s=96&d=mm&r=g","caption":"Eric de Antderground"},"logo":{"@id":"https:\/\/secure.gravatar.com\/avatar\/c49a1b9f79216d1498cb73c1e85cd47f4465dda35f2a94c03790d491bd4423c3?s=96&d=mm&r=g"},"description":"Eric es el especialista y fundador de Antderground, con una amplia trayectoria en artr\u00f3podos y enfocado en la mirmecolog\u00eda y el dise\u00f1o de hormigueros artificiales. Su enfoque combina la innovaci\u00f3n t\u00e9cnica con el respeto por la biolog\u00eda de las hormigas, is\u00f3podos y otros, desarrollando sistemas de nidos modulares 3D y acr\u00edlicos que son referentes para aficionados y profesionales en toda Europa. Su objetivo es facilitar la cr\u00eda de hormigas y otros artr\u00f3podos mediante soluciones seguras y divulgaci\u00f3n de calidad.","sameAs":["https:\/\/antderground.com\/","https:\/\/www.youtube.com\/channel\/UCio72z7TlbufkAthAJIJfPw"]}]}},"_links":{"self":[{"href":"https:\/\/antderground.com\/it\/wp-json\/wp\/v2\/product\/41203","targetHints":{"allow":["GET"]}}],"collection":[{"href":"https:\/\/antderground.com\/it\/wp-json\/wp\/v2\/product"}],"about":[{"href":"https:\/\/antderground.com\/it\/wp-json\/wp\/v2\/types\/product"}],"version-history":[{"count":0,"href":"https:\/\/antderground.com\/it\/wp-json\/wp\/v2\/product\/41203\/revisions"}],"wp:featuredmedia":[{"embeddable":true,"href":"https:\/\/antderground.com\/it\/wp-json\/wp\/v2\/media\/37552"}],"wp:attachment":[{"href":"https:\/\/antderground.com\/it\/wp-json\/wp\/v2\/media?parent=41203"}],"wp:term":[{"taxonomy":"product_brand","embeddable":true,"href":"https:\/\/antderground.com\/it\/wp-json\/wp\/v2\/product_brand?post=41203"},{"taxonomy":"product_cat","embeddable":true,"href":"https:\/\/antderground.com\/it\/wp-json\/wp\/v2\/product_cat?post=41203"},{"taxonomy":"product_tag","embeddable":true,"href":"https:\/\/antderground.com\/it\/wp-json\/wp\/v2\/product_tag?post=41203"}],"curies":[{"name":"wp","href":"https:\/\/api.w.org\/{rel}","templated":true}]}}