{"id":41418,"date":"2025-03-28T11:35:26","date_gmt":"2025-03-28T10:35:26","guid":{"rendered":"https:\/\/www.antderground.com\/producto\/armadillidium-gestroi-white-spotted\/"},"modified":"2025-03-28T11:35:26","modified_gmt":"2025-03-28T10:35:26","slug":"armadillidium-gestroi-white-spotted","status":"publish","type":"product","link":"https:\/\/antderground.com\/it\/prodotto\/armadillidium-gestroi-white-spotted\/","title":{"rendered":"Armadillidium gestroi &#8220;White Spotted&#8221;"},"content":{"rendered":"<p class=\"\" data-start=\"74\" data-end=\"131\"><strong data-start=\"74\" data-end=\"131\">Scheda tecnica: Armadillidium gestroi &#8220;White Spotted&#8221;<\/strong><\/p>\n<p class=\"\" data-start=\"133\" data-end=\"949\"><strong data-start=\"133\" data-end=\"154\">Nome scientifico:<\/strong> <em data-start=\"155\" data-end=\"178\">Armadillidium gestroi<\/em> &#8220;White Spotted&#8221;<br data-start=\"194\" data-end=\"197\" \/><strong data-start=\"197\" data-end=\"213\">Nome comune:<\/strong> Armadillidium gestroi maculato bianco<br data-start=\"251\" data-end=\"254\" \/><strong data-start=\"254\" data-end=\"267\">Famiglia:<\/strong> Armadillidiidae<br data-start=\"283\" data-end=\"286\" \/><strong data-start=\"286\" data-end=\"302\">Descrizione:<\/strong><br data-start=\"302\" data-end=\"305\" \/>L&#8217;<em data-start=\"307\" data-end=\"330\">Armadillidium gestroi<\/em> &#8220;White Spotted&#8221; \u00e8 una variet\u00e0 di isopode terrestre caratterizzata da un distintivo schema di colorazione, con un fondo scuro e macchie bianche sul corpo. Il suo esoscheletro \u00e8 segmentato e si arrotola a forma di palla quando minacciato. Questa variet\u00e0 \u00e8 molto apprezzata nel mondo degli isopodi e per la bioattivit\u00e0 nei terrari e paludari.<br data-start=\"670\" data-end=\"673\" data-is-only-node=\"\" \/><strong data-start=\"673\" data-end=\"688\">Dimensioni:<\/strong><br data-start=\"688\" data-end=\"691\" \/>Raggiunge una lunghezza di circa 1,5 cm a 2 cm da adulto.<br data-start=\"748\" data-end=\"751\" \/><strong data-start=\"751\" data-end=\"772\">Habitat naturale:<\/strong><br data-start=\"772\" data-end=\"775\" \/>Originario dell&#8217;Europa, vive in ambienti umidi con terreni ricchi di materia organica, nascondendosi sotto tronchi, pietre e foglie secche.<br data-start=\"914\" data-end=\"917\" \/><strong data-start=\"917\" data-end=\"947\">Parametri di mantenimento:<\/strong><\/p>\n<ul data-start=\"950\" data-end=\"2111\">\n<li class=\"\" data-start=\"950\" data-end=\"1064\">\n<p class=\"\" data-start=\"952\" data-end=\"1064\"><strong data-start=\"952\" data-end=\"964\">Umidit\u00e0:<\/strong> Moderata alta (60-80%). Si consiglia di mantenere una zona umida e una pi\u00f9 asciutta nel terrario.<\/p>\n<\/li>\n<li class=\"\" data-start=\"1065\" data-end=\"1102\">\n<p class=\"\" data-start=\"1067\" data-end=\"1102\"><strong data-start=\"1067\" data-end=\"1083\">Temperatura:<\/strong> Tra 18\u00b0C e 26\u00b0C.<\/p>\n<\/li>\n<li class=\"\" data-start=\"1103\" data-end=\"1163\">\n<p class=\"\" data-start=\"1105\" data-end=\"1163\"><strong data-start=\"1105\" data-end=\"1122\">Ventilazione:<\/strong> Moderata, evitando condensa eccessiva.<\/p>\n<\/li>\n<li class=\"\" data-start=\"1164\" data-end=\"1794\">\n<p class=\"\" data-start=\"1166\" data-end=\"1794\"><strong data-start=\"1166\" data-end=\"1180\">Substrato:<\/strong> Miscela di fibra di cocco, foglie secche, muschio e legno in decomposizione.<br data-start=\"1257\" data-end=\"1260\" \/><strong data-start=\"1260\" data-end=\"1278\">Alimentazione:<\/strong><br data-start=\"1278\" data-end=\"1281\" \/>Omnivoro e detritivoro. Si nutre di materia organica in decomposizione, foglie secche, legno, calcio (ossa di seppia, gusci d&#8217;uovo triturati) e occasionalmente frutta e verdura.<br data-start=\"1458\" data-end=\"1461\" \/><strong data-start=\"1461\" data-end=\"1479\">Comportamento:<\/strong><br data-start=\"1479\" data-end=\"1482\" \/>Specie di attivit\u00e0 moderata, sociale e gregaria, consigliato mantenerli in colonie. Si arrotola a palla come difesa.<br data-start=\"1598\" data-end=\"1601\" \/><strong data-start=\"1601\" data-end=\"1618\">Riproduzione:<\/strong><br data-start=\"1618\" data-end=\"1621\" \/>Facilmente riproducibile in cattivit\u00e0, con una gestazione di circa 2 mesi. Le giovani nascono gi\u00e0 in forma giovanile e si sviluppano attraverso mute.<br data-start=\"1770\" data-end=\"1773\" data-is-only-node=\"\" \/><strong data-start=\"1773\" data-end=\"1792\">Usi e benefici:<\/strong><\/p>\n<\/li>\n<li class=\"\" data-start=\"1795\" data-end=\"1832\">\n<p class=\"\" data-start=\"1797\" data-end=\"1832\">Equilibrio ecologico nei terrari.<\/p>\n<\/li>\n<li class=\"\" data-start=\"1833\" data-end=\"1893\">\n<p class=\"\" data-start=\"1835\" data-end=\"1893\">Contribuisce alla decomposizione della materia organica.<\/p>\n<\/li>\n<li class=\"\" data-start=\"1894\" data-end=\"2111\">\n<p class=\"\" data-start=\"1896\" data-end=\"2111\">Interessante per la conservazione di isopodi esotici.<br data-start=\"1949\" data-end=\"1952\" \/><strong data-start=\"1952\" data-end=\"1969\">Osservazioni:<\/strong><br data-start=\"1969\" data-end=\"1972\" \/>Una dieta variata e il controllo di umidit\u00e0 e ventilazione sono essenziali per prevenire disidratazione o crescita di funghi nel substrato.<\/p>\n<\/li>\n<\/ul>\n","protected":false},"excerpt":{"rendered":"<p class=\"\" data-start=\"2165\" data-end=\"2419\"><em data-start=\"2165\" data-end=\"2188\">Armadillidium gestroi<\/em> &#8220;White Spotted&#8221; \u00e8 un isopode affascinante con macchie bianche su corpo scuro. Perfetto per terrari bioattivi, contribuisce alla decomposizione della materia organica e aggiunge un tocco unico al tuo ecosistema. Un compagno ideale!<\/p>\n","protected":false},"featured_media":41255,"template":"","meta":[],"product_brand":[],"product_cat":[481,487,714],"product_tag":[],"class_list":{"0":"post-41418","1":"product","2":"type-product","3":"status-publish","4":"has-post-thumbnail","6":"product_cat-artropodi","7":"product_cat-isopodi","8":"product_cat-armadillidium","10":"first","11":"outofstock","12":"shipping-taxable","13":"purchasable","14":"product-type-variable"},"yoast_head":"<!-- This site is optimized with the Yoast SEO plugin v27.3 - https:\/\/yoast.com\/product\/yoast-seo-wordpress\/ -->\n<title>Armadillidium gestroi &quot;White Spotted&quot; | isopodi - ANTDERGROUND<\/title>\n<meta name=\"description\" content=\"Armadillidium gestroi &quot;White Spotted&quot;, un isopode con macchie bianche, ideale per terrari bioattivi \ud83c\udf31\ud83d\udc1e. Perfetto per il tuo ecosistema!\" \/>\n<meta name=\"robots\" content=\"index, follow, max-snippet:-1, max-image-preview:large, max-video-preview:-1\" \/>\n<link rel=\"canonical\" href=\"https:\/\/antderground.com\/it\/prodotto\/armadillidium-gestroi-white-spotted\/\" \/>\n<meta property=\"og:locale\" content=\"it_IT\" \/>\n<meta property=\"og:type\" content=\"article\" \/>\n<meta property=\"og:title\" content=\"Armadillidium gestroi &quot;White Spotted&quot; | isopodi - ANTDERGROUND\" \/>\n<meta property=\"og:description\" content=\"Armadillidium gestroi &quot;White Spotted&quot;, un isopode con macchie bianche, ideale per terrari bioattivi \ud83c\udf31\ud83d\udc1e. Perfetto per il tuo ecosistema!\" \/>\n<meta property=\"og:url\" content=\"https:\/\/antderground.com\/it\/prodotto\/armadillidium-gestroi-white-spotted\/\" \/>\n<meta property=\"og:site_name\" content=\"ANTDERGROUND\" \/>\n<meta property=\"og:image\" content=\"https:\/\/antderground.com\/wp-content\/uploads\/2025\/03\/Armadillidium-gestroi-22White-Spotted22.jpeg\" \/>\n\t<meta property=\"og:image:width\" content=\"1600\" \/>\n\t<meta property=\"og:image:height\" content=\"1600\" \/>\n\t<meta property=\"og:image:type\" content=\"image\/jpeg\" \/>\n<meta name=\"twitter:card\" content=\"summary_large_image\" \/>\n<meta name=\"twitter:label1\" content=\"Tempo di lettura stimato\" \/>\n\t<meta name=\"twitter:data1\" content=\"1 minuto\" \/>\n<script type=\"application\/ld+json\" class=\"yoast-schema-graph\">{\"@context\":\"https:\\\/\\\/schema.org\",\"@graph\":[{\"@type\":\"WebPage\",\"@id\":\"https:\\\/\\\/antderground.com\\\/it\\\/prodotto\\\/armadillidium-gestroi-white-spotted\\\/\",\"url\":\"https:\\\/\\\/antderground.com\\\/it\\\/prodotto\\\/armadillidium-gestroi-white-spotted\\\/\",\"name\":\"Armadillidium gestroi \\\"White Spotted\\\" | isopodi - ANTDERGROUND\",\"isPartOf\":{\"@id\":\"https:\\\/\\\/antderground.com\\\/it\\\/#website\"},\"primaryImageOfPage\":{\"@id\":\"https:\\\/\\\/antderground.com\\\/it\\\/prodotto\\\/armadillidium-gestroi-white-spotted\\\/#primaryimage\"},\"image\":{\"@id\":\"https:\\\/\\\/antderground.com\\\/it\\\/prodotto\\\/armadillidium-gestroi-white-spotted\\\/#primaryimage\"},\"thumbnailUrl\":\"https:\\\/\\\/antderground.com\\\/wp-content\\\/uploads\\\/2025\\\/03\\\/Armadillidium-gestroi-22White-Spotted22.jpeg\",\"datePublished\":\"2025-03-28T10:35:26+00:00\",\"description\":\"Armadillidium gestroi \\\"White Spotted\\\", un isopode con macchie bianche, ideale per terrari bioattivi \ud83c\udf31\ud83d\udc1e. Perfetto per il tuo ecosistema!\",\"breadcrumb\":{\"@id\":\"https:\\\/\\\/antderground.com\\\/it\\\/prodotto\\\/armadillidium-gestroi-white-spotted\\\/#breadcrumb\"},\"inLanguage\":\"it-IT\",\"potentialAction\":[{\"@type\":\"ReadAction\",\"target\":[\"https:\\\/\\\/antderground.com\\\/it\\\/prodotto\\\/armadillidium-gestroi-white-spotted\\\/\"]}]},{\"@type\":\"ImageObject\",\"inLanguage\":\"it-IT\",\"@id\":\"https:\\\/\\\/antderground.com\\\/it\\\/prodotto\\\/armadillidium-gestroi-white-spotted\\\/#primaryimage\",\"url\":\"https:\\\/\\\/antderground.com\\\/wp-content\\\/uploads\\\/2025\\\/03\\\/Armadillidium-gestroi-22White-Spotted22.jpeg\",\"contentUrl\":\"https:\\\/\\\/antderground.com\\\/wp-content\\\/uploads\\\/2025\\\/03\\\/Armadillidium-gestroi-22White-Spotted22.jpeg\",\"width\":1600,\"height\":1600,\"caption\":\"Armadillidium gestroi White Spotted\"},{\"@type\":\"BreadcrumbList\",\"@id\":\"https:\\\/\\\/antderground.com\\\/it\\\/prodotto\\\/armadillidium-gestroi-white-spotted\\\/#breadcrumb\",\"itemListElement\":[{\"@type\":\"ListItem\",\"position\":1,\"name\":\"Portada\",\"item\":\"https:\\\/\\\/antderground.com\\\/it\\\/\"},{\"@type\":\"ListItem\",\"position\":2,\"name\":\"Prodotti\",\"item\":\"https:\\\/\\\/antderground.com\\\/it\\\/prodotti\\\/\"},{\"@type\":\"ListItem\",\"position\":3,\"name\":\"Armadillidium gestroi &#8220;White Spotted&#8221;\"}]},{\"@type\":\"WebSite\",\"@id\":\"https:\\\/\\\/antderground.com\\\/it\\\/#website\",\"url\":\"https:\\\/\\\/antderground.com\\\/it\\\/\",\"name\":\"ANTDERGROUND\",\"description\":\"Tu tienda de hormigas, gran variedad de hormigueros acr\u00edlicos,madera,arena,3D y mas.. Pide tus hormigas gratis con tu pedido, somos expertos en hormigueros antifugas.\",\"publisher\":{\"@id\":\"https:\\\/\\\/antderground.com\\\/it\\\/#\\\/schema\\\/person\\\/0e322c505e84fe72c65e2f6d08f96b81\"},\"alternateName\":\"Antderground\",\"potentialAction\":[{\"@type\":\"SearchAction\",\"target\":{\"@type\":\"EntryPoint\",\"urlTemplate\":\"https:\\\/\\\/antderground.com\\\/it\\\/?s={search_term_string}\"},\"query-input\":{\"@type\":\"PropertyValueSpecification\",\"valueRequired\":true,\"valueName\":\"search_term_string\"}}],\"inLanguage\":\"it-IT\"},{\"@type\":[\"Person\",\"Organization\"],\"@id\":\"https:\\\/\\\/antderground.com\\\/it\\\/#\\\/schema\\\/person\\\/0e322c505e84fe72c65e2f6d08f96b81\",\"name\":\"Eric de Antderground\",\"image\":{\"@type\":\"ImageObject\",\"inLanguage\":\"it-IT\",\"@id\":\"https:\\\/\\\/secure.gravatar.com\\\/avatar\\\/c49a1b9f79216d1498cb73c1e85cd47f4465dda35f2a94c03790d491bd4423c3?s=96&d=mm&r=g\",\"url\":\"https:\\\/\\\/secure.gravatar.com\\\/avatar\\\/c49a1b9f79216d1498cb73c1e85cd47f4465dda35f2a94c03790d491bd4423c3?s=96&d=mm&r=g\",\"contentUrl\":\"https:\\\/\\\/secure.gravatar.com\\\/avatar\\\/c49a1b9f79216d1498cb73c1e85cd47f4465dda35f2a94c03790d491bd4423c3?s=96&d=mm&r=g\",\"caption\":\"Eric de Antderground\"},\"logo\":{\"@id\":\"https:\\\/\\\/secure.gravatar.com\\\/avatar\\\/c49a1b9f79216d1498cb73c1e85cd47f4465dda35f2a94c03790d491bd4423c3?s=96&d=mm&r=g\"},\"description\":\"Eric es el especialista y fundador de Antderground, con una amplia trayectoria en artr\u00f3podos y enfocado en la mirmecolog\u00eda y el dise\u00f1o de hormigueros artificiales. Su enfoque combina la innovaci\u00f3n t\u00e9cnica con el respeto por la biolog\u00eda de las hormigas, is\u00f3podos y otros, desarrollando sistemas de nidos modulares 3D y acr\u00edlicos que son referentes para aficionados y profesionales en toda Europa. Su objetivo es facilitar la cr\u00eda de hormigas y otros artr\u00f3podos mediante soluciones seguras y divulgaci\u00f3n de calidad.\",\"sameAs\":[\"https:\\\/\\\/antderground.com\\\/\",\"https:\\\/\\\/www.youtube.com\\\/channel\\\/UCio72z7TlbufkAthAJIJfPw\"]}]}<\/script>\n<!-- \/ Yoast SEO plugin. -->","yoast_head_json":{"title":"Armadillidium gestroi \"White Spotted\" | isopodi - ANTDERGROUND","description":"Armadillidium gestroi \"White Spotted\", un isopode con macchie bianche, ideale per terrari bioattivi \ud83c\udf31\ud83d\udc1e. Perfetto per il tuo ecosistema!","robots":{"index":"index","follow":"follow","max-snippet":"max-snippet:-1","max-image-preview":"max-image-preview:large","max-video-preview":"max-video-preview:-1"},"canonical":"https:\/\/antderground.com\/it\/prodotto\/armadillidium-gestroi-white-spotted\/","og_locale":"it_IT","og_type":"article","og_title":"Armadillidium gestroi \"White Spotted\" | isopodi - ANTDERGROUND","og_description":"Armadillidium gestroi \"White Spotted\", un isopode con macchie bianche, ideale per terrari bioattivi \ud83c\udf31\ud83d\udc1e. Perfetto per il tuo ecosistema!","og_url":"https:\/\/antderground.com\/it\/prodotto\/armadillidium-gestroi-white-spotted\/","og_site_name":"ANTDERGROUND","og_image":[{"width":1600,"height":1600,"url":"https:\/\/antderground.com\/wp-content\/uploads\/2025\/03\/Armadillidium-gestroi-22White-Spotted22.jpeg","type":"image\/jpeg"}],"twitter_card":"summary_large_image","twitter_misc":{"Tempo di lettura stimato":"1 minuto"},"schema":{"@context":"https:\/\/schema.org","@graph":[{"@type":"WebPage","@id":"https:\/\/antderground.com\/it\/prodotto\/armadillidium-gestroi-white-spotted\/","url":"https:\/\/antderground.com\/it\/prodotto\/armadillidium-gestroi-white-spotted\/","name":"Armadillidium gestroi \"White Spotted\" | isopodi - ANTDERGROUND","isPartOf":{"@id":"https:\/\/antderground.com\/it\/#website"},"primaryImageOfPage":{"@id":"https:\/\/antderground.com\/it\/prodotto\/armadillidium-gestroi-white-spotted\/#primaryimage"},"image":{"@id":"https:\/\/antderground.com\/it\/prodotto\/armadillidium-gestroi-white-spotted\/#primaryimage"},"thumbnailUrl":"https:\/\/antderground.com\/wp-content\/uploads\/2025\/03\/Armadillidium-gestroi-22White-Spotted22.jpeg","datePublished":"2025-03-28T10:35:26+00:00","description":"Armadillidium gestroi \"White Spotted\", un isopode con macchie bianche, ideale per terrari bioattivi \ud83c\udf31\ud83d\udc1e. Perfetto per il tuo ecosistema!","breadcrumb":{"@id":"https:\/\/antderground.com\/it\/prodotto\/armadillidium-gestroi-white-spotted\/#breadcrumb"},"inLanguage":"it-IT","potentialAction":[{"@type":"ReadAction","target":["https:\/\/antderground.com\/it\/prodotto\/armadillidium-gestroi-white-spotted\/"]}]},{"@type":"ImageObject","inLanguage":"it-IT","@id":"https:\/\/antderground.com\/it\/prodotto\/armadillidium-gestroi-white-spotted\/#primaryimage","url":"https:\/\/antderground.com\/wp-content\/uploads\/2025\/03\/Armadillidium-gestroi-22White-Spotted22.jpeg","contentUrl":"https:\/\/antderground.com\/wp-content\/uploads\/2025\/03\/Armadillidium-gestroi-22White-Spotted22.jpeg","width":1600,"height":1600,"caption":"Armadillidium gestroi White Spotted"},{"@type":"BreadcrumbList","@id":"https:\/\/antderground.com\/it\/prodotto\/armadillidium-gestroi-white-spotted\/#breadcrumb","itemListElement":[{"@type":"ListItem","position":1,"name":"Portada","item":"https:\/\/antderground.com\/it\/"},{"@type":"ListItem","position":2,"name":"Prodotti","item":"https:\/\/antderground.com\/it\/prodotti\/"},{"@type":"ListItem","position":3,"name":"Armadillidium gestroi &#8220;White Spotted&#8221;"}]},{"@type":"WebSite","@id":"https:\/\/antderground.com\/it\/#website","url":"https:\/\/antderground.com\/it\/","name":"ANTDERGROUND","description":"Tu tienda de hormigas, gran variedad de hormigueros acr\u00edlicos,madera,arena,3D y mas.. Pide tus hormigas gratis con tu pedido, somos expertos en hormigueros antifugas.","publisher":{"@id":"https:\/\/antderground.com\/it\/#\/schema\/person\/0e322c505e84fe72c65e2f6d08f96b81"},"alternateName":"Antderground","potentialAction":[{"@type":"SearchAction","target":{"@type":"EntryPoint","urlTemplate":"https:\/\/antderground.com\/it\/?s={search_term_string}"},"query-input":{"@type":"PropertyValueSpecification","valueRequired":true,"valueName":"search_term_string"}}],"inLanguage":"it-IT"},{"@type":["Person","Organization"],"@id":"https:\/\/antderground.com\/it\/#\/schema\/person\/0e322c505e84fe72c65e2f6d08f96b81","name":"Eric de Antderground","image":{"@type":"ImageObject","inLanguage":"it-IT","@id":"https:\/\/secure.gravatar.com\/avatar\/c49a1b9f79216d1498cb73c1e85cd47f4465dda35f2a94c03790d491bd4423c3?s=96&d=mm&r=g","url":"https:\/\/secure.gravatar.com\/avatar\/c49a1b9f79216d1498cb73c1e85cd47f4465dda35f2a94c03790d491bd4423c3?s=96&d=mm&r=g","contentUrl":"https:\/\/secure.gravatar.com\/avatar\/c49a1b9f79216d1498cb73c1e85cd47f4465dda35f2a94c03790d491bd4423c3?s=96&d=mm&r=g","caption":"Eric de Antderground"},"logo":{"@id":"https:\/\/secure.gravatar.com\/avatar\/c49a1b9f79216d1498cb73c1e85cd47f4465dda35f2a94c03790d491bd4423c3?s=96&d=mm&r=g"},"description":"Eric es el especialista y fundador de Antderground, con una amplia trayectoria en artr\u00f3podos y enfocado en la mirmecolog\u00eda y el dise\u00f1o de hormigueros artificiales. Su enfoque combina la innovaci\u00f3n t\u00e9cnica con el respeto por la biolog\u00eda de las hormigas, is\u00f3podos y otros, desarrollando sistemas de nidos modulares 3D y acr\u00edlicos que son referentes para aficionados y profesionales en toda Europa. Su objetivo es facilitar la cr\u00eda de hormigas y otros artr\u00f3podos mediante soluciones seguras y divulgaci\u00f3n de calidad.","sameAs":["https:\/\/antderground.com\/","https:\/\/www.youtube.com\/channel\/UCio72z7TlbufkAthAJIJfPw"]}]}},"_links":{"self":[{"href":"https:\/\/antderground.com\/it\/wp-json\/wp\/v2\/product\/41418","targetHints":{"allow":["GET"]}}],"collection":[{"href":"https:\/\/antderground.com\/it\/wp-json\/wp\/v2\/product"}],"about":[{"href":"https:\/\/antderground.com\/it\/wp-json\/wp\/v2\/types\/product"}],"version-history":[{"count":0,"href":"https:\/\/antderground.com\/it\/wp-json\/wp\/v2\/product\/41418\/revisions"}],"wp:featuredmedia":[{"embeddable":true,"href":"https:\/\/antderground.com\/it\/wp-json\/wp\/v2\/media\/41255"}],"wp:attachment":[{"href":"https:\/\/antderground.com\/it\/wp-json\/wp\/v2\/media?parent=41418"}],"wp:term":[{"taxonomy":"product_brand","embeddable":true,"href":"https:\/\/antderground.com\/it\/wp-json\/wp\/v2\/product_brand?post=41418"},{"taxonomy":"product_cat","embeddable":true,"href":"https:\/\/antderground.com\/it\/wp-json\/wp\/v2\/product_cat?post=41418"},{"taxonomy":"product_tag","embeddable":true,"href":"https:\/\/antderground.com\/it\/wp-json\/wp\/v2\/product_tag?post=41418"}],"curies":[{"name":"wp","href":"https:\/\/api.w.org\/{rel}","templated":true}]}}