{"id":41488,"date":"2025-03-28T14:50:30","date_gmt":"2025-03-28T13:50:30","guid":{"rendered":"https:\/\/www.antderground.com\/producto\/armadillo-officinalis-pink\/"},"modified":"2025-03-28T14:50:30","modified_gmt":"2025-03-28T13:50:30","slug":"armadillo-officinalis-pink","status":"publish","type":"product","link":"https:\/\/antderground.com\/it\/prodotto\/armadillo-officinalis-pink\/","title":{"rendered":"Armadillo officinalis &#8220;Pink&#8221;"},"content":{"rendered":"<h4 class=\"\" data-start=\"20\" data-end=\"76\"><strong data-start=\"25\" data-end=\"74\">Scheda tecnica &#8211; Armadillo officinalis &#8220;Pink&#8221;<\/strong><\/h4>\n<p class=\"\" data-start=\"77\" data-end=\"1494\"><strong data-start=\"77\" data-end=\"93\">Nome comune:<\/strong> Isopode Armadillo &#8220;Pink&#8221;<br data-start=\"118\" data-end=\"121\" \/><strong data-start=\"121\" data-end=\"142\">Nome scientifico:<\/strong> <em data-start=\"143\" data-end=\"166\">Armadillo officinalis<\/em> &#8220;Pink&#8221;<br data-start=\"173\" data-end=\"176\" \/><strong data-start=\"176\" data-end=\"189\">Famiglia:<\/strong> Armadillidiidae<br data-start=\"205\" data-end=\"208\" \/><strong data-start=\"208\" data-end=\"220\">Origine:<\/strong> Europa, in particolare le regioni mediterranee<br data-start=\"267\" data-end=\"270\" \/><strong data-start=\"270\" data-end=\"285\">Dimensione:<\/strong> Da 1 a 2 cm di lunghezza<br data-start=\"310\" data-end=\"313\" \/><strong data-start=\"313\" data-end=\"324\">Colore:<\/strong> Rosa chiaro o intenso, con una tonalit\u00e0 delicata che gli conferisce il suo nome distintivo<br data-start=\"415\" data-end=\"418\" \/><strong data-start=\"418\" data-end=\"428\">Forma:<\/strong> Corpo robusto e compatto, con segmenti ben definiti. Si arrotola a sfera quando si sente minacciato.<br data-start=\"529\" data-end=\"532\" \/><strong data-start=\"532\" data-end=\"556\">Aspettativa di vita:<\/strong> Circa 2 anni in condizioni ottimali<br data-start=\"592\" data-end=\"595\" data-is-only-node=\"\" \/><strong data-start=\"595\" data-end=\"618\">Temperatura ideale:<\/strong> 18-24\u00b0C<br data-start=\"626\" data-end=\"629\" \/><strong data-start=\"629\" data-end=\"648\">Umidit\u00e0 ideale:<\/strong> 70-85%<br data-start=\"655\" data-end=\"658\" \/><strong data-start=\"658\" data-end=\"676\">Alimentazione:<\/strong> Onnivoro; si nutre di materia organica in decomposizione come foglie secche, legno morto e resti vegetali. Accetta anche cibo specifico per isopodi.<br data-start=\"825\" data-end=\"828\" \/><strong data-start=\"828\" data-end=\"848\">Uso nei terrari:<\/strong> Ideale per terrari e paludari, aiuta a decomporre la materia organica e favorisce il ciclo dei nutrienti.<br data-start=\"954\" data-end=\"957\" \/><strong data-start=\"957\" data-end=\"975\">Comportamento:<\/strong> Pacifico e sociale, si raggruppa in zone umide e ombreggiate.<br data-start=\"1037\" data-end=\"1040\" \/><strong data-start=\"1040\" data-end=\"1057\">Riproduzione:<\/strong> Si riproduce per partenogenesi, quindi le femmine possono riprodursi senza bisogno di maschi.<br data-start=\"1151\" data-end=\"1154\" \/><strong data-start=\"1154\" data-end=\"1172\">Cure speciali:<\/strong> Mantenere un ambiente umido con abbondante materiale organico in decomposizione. Evitare temperature elevate e fornire rifugi freschi e ombreggiati.<br data-start=\"1321\" data-end=\"1324\" \/><strong data-start=\"1324\" data-end=\"1337\">Benefici:<\/strong> Oltre alla sua funzione nel terrario, il suo colore rosa lo rende un esemplare molto decorativo.<br data-start=\"1434\" data-end=\"1437\" \/><strong data-start=\"1437\" data-end=\"1457\">Non tossico per:<\/strong> Rettili, anfibi e altri artropodi.<\/p>\n","protected":false},"excerpt":{"rendered":"<p class=\"\" data-start=\"1535\" data-end=\"1780\">Scopri l\u2019isopode <strong><em data-start=\"1552\" data-end=\"1582\">Armadillo officinalis &#8220;Pink&#8221;<\/em> <\/strong>\ud83c\udf38! Il suo colore rosa lo rende unico nel tuo terrario. Contribuisce alla decomposizione della materia organica e mantiene l\u2019ecosistema sano. Facile da allevare e perfetto per terrari e paludari!<\/p>\n","protected":false},"featured_media":41277,"template":"","meta":[],"product_brand":[],"product_cat":[481,487],"product_tag":[],"class_list":{"0":"post-41488","1":"product","2":"type-product","3":"status-publish","4":"has-post-thumbnail","6":"product_cat-artropodi","7":"product_cat-isopodi","9":"first","10":"outofstock","11":"shipping-taxable","12":"purchasable","13":"product-type-variable"},"yoast_head":"<!-- This site is optimized with the Yoast SEO plugin v27.4 - https:\/\/yoast.com\/product\/yoast-seo-wordpress\/ -->\n<title>Armadillo officinalis &quot;Pink&quot; | Isopodi - ANTDERGROUND<\/title>\n<meta name=\"description\" content=\"Isopode Armadillo officinalis &quot;Pink&quot; \ud83c\udf38 per terrari. Aiuta nella decomposizione e mantiene l\u2019ecosistema sano. Scopri questa specie unica!\" \/>\n<meta name=\"robots\" content=\"index, follow, max-snippet:-1, max-image-preview:large, max-video-preview:-1\" \/>\n<link rel=\"canonical\" href=\"https:\/\/antderground.com\/it\/prodotto\/armadillo-officinalis-pink\/\" \/>\n<meta property=\"og:locale\" content=\"it_IT\" \/>\n<meta property=\"og:type\" content=\"article\" \/>\n<meta property=\"og:title\" content=\"Armadillo officinalis &quot;Pink&quot; | Isopodi - ANTDERGROUND\" \/>\n<meta property=\"og:description\" content=\"Isopode Armadillo officinalis &quot;Pink&quot; \ud83c\udf38 per terrari. Aiuta nella decomposizione e mantiene l\u2019ecosistema sano. Scopri questa specie unica!\" \/>\n<meta property=\"og:url\" content=\"https:\/\/antderground.com\/it\/prodotto\/armadillo-officinalis-pink\/\" \/>\n<meta property=\"og:site_name\" content=\"ANTDERGROUND\" \/>\n<meta property=\"og:image\" content=\"https:\/\/antderground.com\/wp-content\/uploads\/2025\/03\/armadillo-officinalis-22pink22.jpeg\" \/>\n\t<meta property=\"og:image:width\" content=\"1600\" \/>\n\t<meta property=\"og:image:height\" content=\"1600\" \/>\n\t<meta property=\"og:image:type\" content=\"image\/jpeg\" \/>\n<meta name=\"twitter:card\" content=\"summary_large_image\" \/>\n<meta name=\"twitter:label1\" content=\"Tempo di lettura stimato\" \/>\n\t<meta name=\"twitter:data1\" content=\"1 minuto\" \/>\n<script type=\"application\/ld+json\" class=\"yoast-schema-graph\">{\"@context\":\"https:\\\/\\\/schema.org\",\"@graph\":[{\"@type\":\"WebPage\",\"@id\":\"https:\\\/\\\/antderground.com\\\/it\\\/prodotto\\\/armadillo-officinalis-pink\\\/\",\"url\":\"https:\\\/\\\/antderground.com\\\/it\\\/prodotto\\\/armadillo-officinalis-pink\\\/\",\"name\":\"Armadillo officinalis \\\"Pink\\\" | Isopodi - ANTDERGROUND\",\"isPartOf\":{\"@id\":\"https:\\\/\\\/antderground.com\\\/it\\\/#website\"},\"primaryImageOfPage\":{\"@id\":\"https:\\\/\\\/antderground.com\\\/it\\\/prodotto\\\/armadillo-officinalis-pink\\\/#primaryimage\"},\"image\":{\"@id\":\"https:\\\/\\\/antderground.com\\\/it\\\/prodotto\\\/armadillo-officinalis-pink\\\/#primaryimage\"},\"thumbnailUrl\":\"https:\\\/\\\/antderground.com\\\/wp-content\\\/uploads\\\/2025\\\/03\\\/armadillo-officinalis-22pink22.jpeg\",\"datePublished\":\"2025-03-28T13:50:30+00:00\",\"description\":\"Isopode Armadillo officinalis \\\"Pink\\\" \ud83c\udf38 per terrari. Aiuta nella decomposizione e mantiene l\u2019ecosistema sano. Scopri questa specie unica!\",\"breadcrumb\":{\"@id\":\"https:\\\/\\\/antderground.com\\\/it\\\/prodotto\\\/armadillo-officinalis-pink\\\/#breadcrumb\"},\"inLanguage\":\"it-IT\",\"potentialAction\":[{\"@type\":\"ReadAction\",\"target\":[\"https:\\\/\\\/antderground.com\\\/it\\\/prodotto\\\/armadillo-officinalis-pink\\\/\"]}]},{\"@type\":\"ImageObject\",\"inLanguage\":\"it-IT\",\"@id\":\"https:\\\/\\\/antderground.com\\\/it\\\/prodotto\\\/armadillo-officinalis-pink\\\/#primaryimage\",\"url\":\"https:\\\/\\\/antderground.com\\\/wp-content\\\/uploads\\\/2025\\\/03\\\/armadillo-officinalis-22pink22.jpeg\",\"contentUrl\":\"https:\\\/\\\/antderground.com\\\/wp-content\\\/uploads\\\/2025\\\/03\\\/armadillo-officinalis-22pink22.jpeg\",\"width\":1600,\"height\":1600,\"caption\":\"armadillo officinalis pink\"},{\"@type\":\"BreadcrumbList\",\"@id\":\"https:\\\/\\\/antderground.com\\\/it\\\/prodotto\\\/armadillo-officinalis-pink\\\/#breadcrumb\",\"itemListElement\":[{\"@type\":\"ListItem\",\"position\":1,\"name\":\"Portada\",\"item\":\"https:\\\/\\\/antderground.com\\\/it\\\/\"},{\"@type\":\"ListItem\",\"position\":2,\"name\":\"Prodotti\",\"item\":\"https:\\\/\\\/antderground.com\\\/it\\\/prodotti\\\/\"},{\"@type\":\"ListItem\",\"position\":3,\"name\":\"Armadillo officinalis &#8220;Pink&#8221;\"}]},{\"@type\":\"WebSite\",\"@id\":\"https:\\\/\\\/antderground.com\\\/it\\\/#website\",\"url\":\"https:\\\/\\\/antderground.com\\\/it\\\/\",\"name\":\"ANTDERGROUND\",\"description\":\"Tu tienda de hormigas, gran variedad de hormigueros acr\u00edlicos,madera,arena,3D y mas.. Pide tus hormigas gratis con tu pedido, somos expertos en hormigueros antifugas.\",\"publisher\":{\"@id\":\"https:\\\/\\\/antderground.com\\\/it\\\/#\\\/schema\\\/person\\\/0e322c505e84fe72c65e2f6d08f96b81\"},\"alternateName\":\"Antderground\",\"potentialAction\":[{\"@type\":\"SearchAction\",\"target\":{\"@type\":\"EntryPoint\",\"urlTemplate\":\"https:\\\/\\\/antderground.com\\\/it\\\/?s={search_term_string}\"},\"query-input\":{\"@type\":\"PropertyValueSpecification\",\"valueRequired\":true,\"valueName\":\"search_term_string\"}}],\"inLanguage\":\"it-IT\"},{\"@type\":[\"Person\",\"Organization\"],\"@id\":\"https:\\\/\\\/antderground.com\\\/it\\\/#\\\/schema\\\/person\\\/0e322c505e84fe72c65e2f6d08f96b81\",\"name\":\"Eric de Antderground\",\"image\":{\"@type\":\"ImageObject\",\"inLanguage\":\"it-IT\",\"@id\":\"https:\\\/\\\/secure.gravatar.com\\\/avatar\\\/c49a1b9f79216d1498cb73c1e85cd47f4465dda35f2a94c03790d491bd4423c3?s=96&d=mm&r=g\",\"url\":\"https:\\\/\\\/secure.gravatar.com\\\/avatar\\\/c49a1b9f79216d1498cb73c1e85cd47f4465dda35f2a94c03790d491bd4423c3?s=96&d=mm&r=g\",\"contentUrl\":\"https:\\\/\\\/secure.gravatar.com\\\/avatar\\\/c49a1b9f79216d1498cb73c1e85cd47f4465dda35f2a94c03790d491bd4423c3?s=96&d=mm&r=g\",\"caption\":\"Eric de Antderground\"},\"logo\":{\"@id\":\"https:\\\/\\\/secure.gravatar.com\\\/avatar\\\/c49a1b9f79216d1498cb73c1e85cd47f4465dda35f2a94c03790d491bd4423c3?s=96&d=mm&r=g\"},\"description\":\"Eric es el especialista y fundador de Antderground, con una amplia trayectoria en artr\u00f3podos y enfocado en la mirmecolog\u00eda y el dise\u00f1o de hormigueros artificiales. Su enfoque combina la innovaci\u00f3n t\u00e9cnica con el respeto por la biolog\u00eda de las hormigas, is\u00f3podos y otros, desarrollando sistemas de nidos modulares 3D y acr\u00edlicos que son referentes para aficionados y profesionales en toda Europa. Su objetivo es facilitar la cr\u00eda de hormigas y otros artr\u00f3podos mediante soluciones seguras y divulgaci\u00f3n de calidad.\",\"sameAs\":[\"https:\\\/\\\/antderground.com\\\/\",\"https:\\\/\\\/www.youtube.com\\\/channel\\\/UCio72z7TlbufkAthAJIJfPw\"]}]}<\/script>\n<!-- \/ Yoast SEO plugin. -->","yoast_head_json":{"title":"Armadillo officinalis \"Pink\" | Isopodi - ANTDERGROUND","description":"Isopode Armadillo officinalis \"Pink\" \ud83c\udf38 per terrari. Aiuta nella decomposizione e mantiene l\u2019ecosistema sano. Scopri questa specie unica!","robots":{"index":"index","follow":"follow","max-snippet":"max-snippet:-1","max-image-preview":"max-image-preview:large","max-video-preview":"max-video-preview:-1"},"canonical":"https:\/\/antderground.com\/it\/prodotto\/armadillo-officinalis-pink\/","og_locale":"it_IT","og_type":"article","og_title":"Armadillo officinalis \"Pink\" | Isopodi - ANTDERGROUND","og_description":"Isopode Armadillo officinalis \"Pink\" \ud83c\udf38 per terrari. Aiuta nella decomposizione e mantiene l\u2019ecosistema sano. Scopri questa specie unica!","og_url":"https:\/\/antderground.com\/it\/prodotto\/armadillo-officinalis-pink\/","og_site_name":"ANTDERGROUND","og_image":[{"width":1600,"height":1600,"url":"https:\/\/antderground.com\/wp-content\/uploads\/2025\/03\/armadillo-officinalis-22pink22.jpeg","type":"image\/jpeg"}],"twitter_card":"summary_large_image","twitter_misc":{"Tempo di lettura stimato":"1 minuto"},"schema":{"@context":"https:\/\/schema.org","@graph":[{"@type":"WebPage","@id":"https:\/\/antderground.com\/it\/prodotto\/armadillo-officinalis-pink\/","url":"https:\/\/antderground.com\/it\/prodotto\/armadillo-officinalis-pink\/","name":"Armadillo officinalis \"Pink\" | Isopodi - ANTDERGROUND","isPartOf":{"@id":"https:\/\/antderground.com\/it\/#website"},"primaryImageOfPage":{"@id":"https:\/\/antderground.com\/it\/prodotto\/armadillo-officinalis-pink\/#primaryimage"},"image":{"@id":"https:\/\/antderground.com\/it\/prodotto\/armadillo-officinalis-pink\/#primaryimage"},"thumbnailUrl":"https:\/\/antderground.com\/wp-content\/uploads\/2025\/03\/armadillo-officinalis-22pink22.jpeg","datePublished":"2025-03-28T13:50:30+00:00","description":"Isopode Armadillo officinalis \"Pink\" \ud83c\udf38 per terrari. Aiuta nella decomposizione e mantiene l\u2019ecosistema sano. Scopri questa specie unica!","breadcrumb":{"@id":"https:\/\/antderground.com\/it\/prodotto\/armadillo-officinalis-pink\/#breadcrumb"},"inLanguage":"it-IT","potentialAction":[{"@type":"ReadAction","target":["https:\/\/antderground.com\/it\/prodotto\/armadillo-officinalis-pink\/"]}]},{"@type":"ImageObject","inLanguage":"it-IT","@id":"https:\/\/antderground.com\/it\/prodotto\/armadillo-officinalis-pink\/#primaryimage","url":"https:\/\/antderground.com\/wp-content\/uploads\/2025\/03\/armadillo-officinalis-22pink22.jpeg","contentUrl":"https:\/\/antderground.com\/wp-content\/uploads\/2025\/03\/armadillo-officinalis-22pink22.jpeg","width":1600,"height":1600,"caption":"armadillo officinalis pink"},{"@type":"BreadcrumbList","@id":"https:\/\/antderground.com\/it\/prodotto\/armadillo-officinalis-pink\/#breadcrumb","itemListElement":[{"@type":"ListItem","position":1,"name":"Portada","item":"https:\/\/antderground.com\/it\/"},{"@type":"ListItem","position":2,"name":"Prodotti","item":"https:\/\/antderground.com\/it\/prodotti\/"},{"@type":"ListItem","position":3,"name":"Armadillo officinalis &#8220;Pink&#8221;"}]},{"@type":"WebSite","@id":"https:\/\/antderground.com\/it\/#website","url":"https:\/\/antderground.com\/it\/","name":"ANTDERGROUND","description":"Tu tienda de hormigas, gran variedad de hormigueros acr\u00edlicos,madera,arena,3D y mas.. Pide tus hormigas gratis con tu pedido, somos expertos en hormigueros antifugas.","publisher":{"@id":"https:\/\/antderground.com\/it\/#\/schema\/person\/0e322c505e84fe72c65e2f6d08f96b81"},"alternateName":"Antderground","potentialAction":[{"@type":"SearchAction","target":{"@type":"EntryPoint","urlTemplate":"https:\/\/antderground.com\/it\/?s={search_term_string}"},"query-input":{"@type":"PropertyValueSpecification","valueRequired":true,"valueName":"search_term_string"}}],"inLanguage":"it-IT"},{"@type":["Person","Organization"],"@id":"https:\/\/antderground.com\/it\/#\/schema\/person\/0e322c505e84fe72c65e2f6d08f96b81","name":"Eric de Antderground","image":{"@type":"ImageObject","inLanguage":"it-IT","@id":"https:\/\/secure.gravatar.com\/avatar\/c49a1b9f79216d1498cb73c1e85cd47f4465dda35f2a94c03790d491bd4423c3?s=96&d=mm&r=g","url":"https:\/\/secure.gravatar.com\/avatar\/c49a1b9f79216d1498cb73c1e85cd47f4465dda35f2a94c03790d491bd4423c3?s=96&d=mm&r=g","contentUrl":"https:\/\/secure.gravatar.com\/avatar\/c49a1b9f79216d1498cb73c1e85cd47f4465dda35f2a94c03790d491bd4423c3?s=96&d=mm&r=g","caption":"Eric de Antderground"},"logo":{"@id":"https:\/\/secure.gravatar.com\/avatar\/c49a1b9f79216d1498cb73c1e85cd47f4465dda35f2a94c03790d491bd4423c3?s=96&d=mm&r=g"},"description":"Eric es el especialista y fundador de Antderground, con una amplia trayectoria en artr\u00f3podos y enfocado en la mirmecolog\u00eda y el dise\u00f1o de hormigueros artificiales. Su enfoque combina la innovaci\u00f3n t\u00e9cnica con el respeto por la biolog\u00eda de las hormigas, is\u00f3podos y otros, desarrollando sistemas de nidos modulares 3D y acr\u00edlicos que son referentes para aficionados y profesionales en toda Europa. Su objetivo es facilitar la cr\u00eda de hormigas y otros artr\u00f3podos mediante soluciones seguras y divulgaci\u00f3n de calidad.","sameAs":["https:\/\/antderground.com\/","https:\/\/www.youtube.com\/channel\/UCio72z7TlbufkAthAJIJfPw"]}]}},"_links":{"self":[{"href":"https:\/\/antderground.com\/it\/wp-json\/wp\/v2\/product\/41488","targetHints":{"allow":["GET"]}}],"collection":[{"href":"https:\/\/antderground.com\/it\/wp-json\/wp\/v2\/product"}],"about":[{"href":"https:\/\/antderground.com\/it\/wp-json\/wp\/v2\/types\/product"}],"version-history":[{"count":0,"href":"https:\/\/antderground.com\/it\/wp-json\/wp\/v2\/product\/41488\/revisions"}],"wp:featuredmedia":[{"embeddable":true,"href":"https:\/\/antderground.com\/it\/wp-json\/wp\/v2\/media\/41277"}],"wp:attachment":[{"href":"https:\/\/antderground.com\/it\/wp-json\/wp\/v2\/media?parent=41488"}],"wp:term":[{"taxonomy":"product_brand","embeddable":true,"href":"https:\/\/antderground.com\/it\/wp-json\/wp\/v2\/product_brand?post=41488"},{"taxonomy":"product_cat","embeddable":true,"href":"https:\/\/antderground.com\/it\/wp-json\/wp\/v2\/product_cat?post=41488"},{"taxonomy":"product_tag","embeddable":true,"href":"https:\/\/antderground.com\/it\/wp-json\/wp\/v2\/product_tag?post=41488"}],"curies":[{"name":"wp","href":"https:\/\/api.w.org\/{rel}","templated":true}]}}