{"id":41502,"date":"2025-03-28T13:01:42","date_gmt":"2025-03-28T12:01:42","guid":{"rendered":"https:\/\/www.antderground.com\/producto\/armadillo-officinalis-dalmatian\/"},"modified":"2025-03-28T13:01:42","modified_gmt":"2025-03-28T12:01:42","slug":"armadillo-officinalis-dalmatian","status":"publish","type":"product","link":"https:\/\/antderground.com\/it\/prodotto\/armadillo-officinalis-dalmatian\/","title":{"rendered":"Armadillo officinalis Dalmatian"},"content":{"rendered":"<h4 class=\"\" data-start=\"20\" data-end=\"79\"><strong data-start=\"25\" data-end=\"77\">Scheda tecnica \u2013 Armadillo officinalis Dalmatian<\/strong><\/h4>\n<p class=\"\" data-start=\"80\" data-end=\"372\"><strong data-start=\"80\" data-end=\"95\">Nome comune<\/strong>: Isopode Dalmatian<br data-start=\"114\" data-end=\"117\" \/><strong data-start=\"117\" data-end=\"137\">Nome scientifico<\/strong>: Armadillo officinalis Dalmatian<br data-start=\"170\" data-end=\"173\" \/><strong data-start=\"173\" data-end=\"185\">Famiglia<\/strong>: Armadillidiidae<br data-start=\"202\" data-end=\"205\" \/><strong data-start=\"205\" data-end=\"216\">Origine<\/strong>: Europa<br data-start=\"224\" data-end=\"227\" \/><strong data-start=\"227\" data-end=\"241\">Dimensioni<\/strong>: 1,5 \u2013 2 cm di lunghezza<br data-start=\"266\" data-end=\"269\" \/><strong data-start=\"269\" data-end=\"279\">Colore<\/strong>: Macchie bianche e nere, simili al manto di un dalmata<br data-start=\"334\" data-end=\"337\" \/><strong data-start=\"337\" data-end=\"360\">Aspettativa di vita<\/strong>: 2-3 anni<\/p>\n<h3 class=\"\" data-start=\"374\" data-end=\"399\"><strong data-start=\"378\" data-end=\"397\">Caratteristiche<\/strong><\/h3>\n<p class=\"\" data-start=\"400\" data-end=\"627\">L\u2019<strong data-start=\"402\" data-end=\"437\">Armadillo officinalis Dalmatian<\/strong> \u00e8 un isopode dal design unico che si arrotola su se stesso quando si sente minacciato. Il suo motivo maculato lo rende molto apprezzato per terrari bioattivi e collezionisti di artropodi.<\/p>\n<h3 class=\"\" data-start=\"629\" data-end=\"653\"><strong data-start=\"633\" data-end=\"651\">Habitat e cura<\/strong><\/h3>\n<ul data-start=\"654\" data-end=\"1012\">\n<li class=\"\" data-start=\"654\" data-end=\"683\">\n<p class=\"\" data-start=\"656\" data-end=\"683\"><strong data-start=\"656\" data-end=\"671\">Temperatura<\/strong>: 18-22 \u00b0C<\/p>\n<\/li>\n<li class=\"\" data-start=\"684\" data-end=\"765\">\n<p class=\"\" data-start=\"686\" data-end=\"765\"><strong data-start=\"686\" data-end=\"697\">Umidit\u00e0<\/strong>: 60-80%, mantenendo il substrato umido ma senza ristagni d\u2019acqua.<\/p>\n<\/li>\n<li class=\"\" data-start=\"766\" data-end=\"873\">\n<p class=\"\" data-start=\"768\" data-end=\"873\"><strong data-start=\"768\" data-end=\"781\">Substrato<\/strong>: Terriccio misto a foglie secche, corteccia e legno in decomposizione per offrire rifugi.<\/p>\n<\/li>\n<li class=\"\" data-start=\"874\" data-end=\"1012\">\n<p class=\"\" data-start=\"876\" data-end=\"1012\"><strong data-start=\"876\" data-end=\"893\">Alimentazione<\/strong>: Si nutre di materia organica in decomposizione, foglie secche, legno marcio e piccole quantit\u00e0 di frutta e verdura.<\/p>\n<\/li>\n<\/ul>\n<h3 class=\"\" data-start=\"1014\" data-end=\"1032\"><strong data-start=\"1018\" data-end=\"1030\">Utilizzo<\/strong><\/h3>\n<p class=\"\" data-start=\"1033\" data-end=\"1202\">Perfetto per terrari bioattivi, aiuta a mantenere pulito l\u2019ecosistema eliminando i rifiuti organici. \u00c8 un\u2019ottima scelta per terrari con invertebrati e piccoli rettili.<\/p>\n<h3 class=\"\" data-start=\"1204\" data-end=\"1226\"><strong data-start=\"1208\" data-end=\"1224\">Riproduzione<\/strong><\/h3>\n<p class=\"\" data-start=\"1227\" data-end=\"1340\">Le uova vengono incubate nella marsupia della femmina e i piccoli nascono gi\u00e0 capaci di arrotolarsi per difesa.<\/p>\n<h3 class=\"\" data-start=\"1342\" data-end=\"1367\"><strong data-start=\"1346\" data-end=\"1365\">Note aggiuntive<\/strong><\/h3>\n<ul data-start=\"1368\" data-end=\"1477\">\n<li class=\"\" data-start=\"1368\" data-end=\"1421\">\n<p class=\"\" data-start=\"1370\" data-end=\"1421\">Specie resistente e adatta anche ai principianti.<\/p>\n<\/li>\n<li class=\"\" data-start=\"1422\" data-end=\"1477\">\n<p class=\"\" data-start=\"1424\" data-end=\"1477\">Non tossico e sicuro per altre specie del terrario.<\/p>\n<\/li>\n<\/ul>\n","protected":false},"excerpt":{"rendered":"<p class=\"\" data-start=\"1518\" data-end=\"1755\">L\u2019<strong data-start=\"1520\" data-end=\"1555\">Armadillo officinalis Dalmatian<\/strong> si distingue per il suo motivo a macchie bianche e nere. Perfetto per terrari bioattivi, aiuta a decomporre i rifiuti organici. Facile da allevare e affascinante da osservare nel suo comportamento.<\/p>\n","protected":false},"featured_media":41265,"template":"","meta":[],"product_brand":[],"product_cat":[481,487],"product_tag":[],"class_list":{"0":"post-41502","1":"product","2":"type-product","3":"status-publish","4":"has-post-thumbnail","6":"product_cat-artropodi","7":"product_cat-isopodi","9":"first","10":"outofstock","11":"shipping-taxable","12":"purchasable","13":"product-type-variable"},"yoast_head":"<!-- This site is optimized with the Yoast SEO plugin v27.3 - https:\/\/yoast.com\/product\/yoast-seo-wordpress\/ -->\n<title>Armadillo officinalis Dalmatian | Isopodi - ANTDERGROUND<\/title>\n<meta name=\"description\" content=\"Isopode Armadillo officinalis Dalmatian dal motivo unico. Ideale per terrari bioattivi \ud83c\udf3f. Facile da allevare e utile per l\u2019ecosistema \ud83e\udeb2.\" \/>\n<meta name=\"robots\" content=\"index, follow, max-snippet:-1, max-image-preview:large, max-video-preview:-1\" \/>\n<link rel=\"canonical\" href=\"https:\/\/antderground.com\/it\/prodotto\/armadillo-officinalis-dalmatian\/\" \/>\n<meta property=\"og:locale\" content=\"it_IT\" \/>\n<meta property=\"og:type\" content=\"article\" \/>\n<meta property=\"og:title\" content=\"Armadillo officinalis Dalmatian | Isopodi - ANTDERGROUND\" \/>\n<meta property=\"og:description\" content=\"Isopode Armadillo officinalis Dalmatian dal motivo unico. Ideale per terrari bioattivi \ud83c\udf3f. Facile da allevare e utile per l\u2019ecosistema \ud83e\udeb2.\" \/>\n<meta property=\"og:url\" content=\"https:\/\/antderground.com\/it\/prodotto\/armadillo-officinalis-dalmatian\/\" \/>\n<meta property=\"og:site_name\" content=\"ANTDERGROUND\" \/>\n<meta property=\"og:image\" content=\"https:\/\/antderground.com\/wp-content\/uploads\/2025\/03\/armadillo-officinalis-dalmatian.jpeg\" \/>\n\t<meta property=\"og:image:width\" content=\"1600\" \/>\n\t<meta property=\"og:image:height\" content=\"1600\" \/>\n\t<meta property=\"og:image:type\" content=\"image\/jpeg\" \/>\n<meta name=\"twitter:card\" content=\"summary_large_image\" \/>\n<meta name=\"twitter:label1\" content=\"Tempo di lettura stimato\" \/>\n\t<meta name=\"twitter:data1\" content=\"1 minuto\" \/>\n<script type=\"application\/ld+json\" class=\"yoast-schema-graph\">{\"@context\":\"https:\\\/\\\/schema.org\",\"@graph\":[{\"@type\":\"WebPage\",\"@id\":\"https:\\\/\\\/antderground.com\\\/it\\\/prodotto\\\/armadillo-officinalis-dalmatian\\\/\",\"url\":\"https:\\\/\\\/antderground.com\\\/it\\\/prodotto\\\/armadillo-officinalis-dalmatian\\\/\",\"name\":\"Armadillo officinalis Dalmatian | Isopodi - ANTDERGROUND\",\"isPartOf\":{\"@id\":\"https:\\\/\\\/antderground.com\\\/it\\\/#website\"},\"primaryImageOfPage\":{\"@id\":\"https:\\\/\\\/antderground.com\\\/it\\\/prodotto\\\/armadillo-officinalis-dalmatian\\\/#primaryimage\"},\"image\":{\"@id\":\"https:\\\/\\\/antderground.com\\\/it\\\/prodotto\\\/armadillo-officinalis-dalmatian\\\/#primaryimage\"},\"thumbnailUrl\":\"https:\\\/\\\/antderground.com\\\/wp-content\\\/uploads\\\/2025\\\/03\\\/armadillo-officinalis-dalmatian.jpeg\",\"datePublished\":\"2025-03-28T12:01:42+00:00\",\"description\":\"Isopode Armadillo officinalis Dalmatian dal motivo unico. Ideale per terrari bioattivi \ud83c\udf3f. Facile da allevare e utile per l\u2019ecosistema \ud83e\udeb2.\",\"breadcrumb\":{\"@id\":\"https:\\\/\\\/antderground.com\\\/it\\\/prodotto\\\/armadillo-officinalis-dalmatian\\\/#breadcrumb\"},\"inLanguage\":\"it-IT\",\"potentialAction\":[{\"@type\":\"ReadAction\",\"target\":[\"https:\\\/\\\/antderground.com\\\/it\\\/prodotto\\\/armadillo-officinalis-dalmatian\\\/\"]}]},{\"@type\":\"ImageObject\",\"inLanguage\":\"it-IT\",\"@id\":\"https:\\\/\\\/antderground.com\\\/it\\\/prodotto\\\/armadillo-officinalis-dalmatian\\\/#primaryimage\",\"url\":\"https:\\\/\\\/antderground.com\\\/wp-content\\\/uploads\\\/2025\\\/03\\\/armadillo-officinalis-dalmatian.jpeg\",\"contentUrl\":\"https:\\\/\\\/antderground.com\\\/wp-content\\\/uploads\\\/2025\\\/03\\\/armadillo-officinalis-dalmatian.jpeg\",\"width\":1600,\"height\":1600,\"caption\":\"armadillo officinalis dalmatian\"},{\"@type\":\"BreadcrumbList\",\"@id\":\"https:\\\/\\\/antderground.com\\\/it\\\/prodotto\\\/armadillo-officinalis-dalmatian\\\/#breadcrumb\",\"itemListElement\":[{\"@type\":\"ListItem\",\"position\":1,\"name\":\"Portada\",\"item\":\"https:\\\/\\\/antderground.com\\\/it\\\/\"},{\"@type\":\"ListItem\",\"position\":2,\"name\":\"Prodotti\",\"item\":\"https:\\\/\\\/antderground.com\\\/it\\\/prodotti\\\/\"},{\"@type\":\"ListItem\",\"position\":3,\"name\":\"Armadillo officinalis Dalmatian\"}]},{\"@type\":\"WebSite\",\"@id\":\"https:\\\/\\\/antderground.com\\\/it\\\/#website\",\"url\":\"https:\\\/\\\/antderground.com\\\/it\\\/\",\"name\":\"ANTDERGROUND\",\"description\":\"Tu tienda de hormigas, gran variedad de hormigueros acr\u00edlicos,madera,arena,3D y mas.. Pide tus hormigas gratis con tu pedido, somos expertos en hormigueros antifugas.\",\"publisher\":{\"@id\":\"https:\\\/\\\/antderground.com\\\/it\\\/#\\\/schema\\\/person\\\/0e322c505e84fe72c65e2f6d08f96b81\"},\"alternateName\":\"Antderground\",\"potentialAction\":[{\"@type\":\"SearchAction\",\"target\":{\"@type\":\"EntryPoint\",\"urlTemplate\":\"https:\\\/\\\/antderground.com\\\/it\\\/?s={search_term_string}\"},\"query-input\":{\"@type\":\"PropertyValueSpecification\",\"valueRequired\":true,\"valueName\":\"search_term_string\"}}],\"inLanguage\":\"it-IT\"},{\"@type\":[\"Person\",\"Organization\"],\"@id\":\"https:\\\/\\\/antderground.com\\\/it\\\/#\\\/schema\\\/person\\\/0e322c505e84fe72c65e2f6d08f96b81\",\"name\":\"Eric de Antderground\",\"image\":{\"@type\":\"ImageObject\",\"inLanguage\":\"it-IT\",\"@id\":\"https:\\\/\\\/secure.gravatar.com\\\/avatar\\\/c49a1b9f79216d1498cb73c1e85cd47f4465dda35f2a94c03790d491bd4423c3?s=96&d=mm&r=g\",\"url\":\"https:\\\/\\\/secure.gravatar.com\\\/avatar\\\/c49a1b9f79216d1498cb73c1e85cd47f4465dda35f2a94c03790d491bd4423c3?s=96&d=mm&r=g\",\"contentUrl\":\"https:\\\/\\\/secure.gravatar.com\\\/avatar\\\/c49a1b9f79216d1498cb73c1e85cd47f4465dda35f2a94c03790d491bd4423c3?s=96&d=mm&r=g\",\"caption\":\"Eric de Antderground\"},\"logo\":{\"@id\":\"https:\\\/\\\/secure.gravatar.com\\\/avatar\\\/c49a1b9f79216d1498cb73c1e85cd47f4465dda35f2a94c03790d491bd4423c3?s=96&d=mm&r=g\"},\"description\":\"Eric es el especialista y fundador de Antderground, con una amplia trayectoria en artr\u00f3podos y enfocado en la mirmecolog\u00eda y el dise\u00f1o de hormigueros artificiales. Su enfoque combina la innovaci\u00f3n t\u00e9cnica con el respeto por la biolog\u00eda de las hormigas, is\u00f3podos y otros, desarrollando sistemas de nidos modulares 3D y acr\u00edlicos que son referentes para aficionados y profesionales en toda Europa. Su objetivo es facilitar la cr\u00eda de hormigas y otros artr\u00f3podos mediante soluciones seguras y divulgaci\u00f3n de calidad.\",\"sameAs\":[\"https:\\\/\\\/antderground.com\\\/\",\"https:\\\/\\\/www.youtube.com\\\/channel\\\/UCio72z7TlbufkAthAJIJfPw\"]}]}<\/script>\n<!-- \/ Yoast SEO plugin. -->","yoast_head_json":{"title":"Armadillo officinalis Dalmatian | Isopodi - ANTDERGROUND","description":"Isopode Armadillo officinalis Dalmatian dal motivo unico. Ideale per terrari bioattivi \ud83c\udf3f. Facile da allevare e utile per l\u2019ecosistema \ud83e\udeb2.","robots":{"index":"index","follow":"follow","max-snippet":"max-snippet:-1","max-image-preview":"max-image-preview:large","max-video-preview":"max-video-preview:-1"},"canonical":"https:\/\/antderground.com\/it\/prodotto\/armadillo-officinalis-dalmatian\/","og_locale":"it_IT","og_type":"article","og_title":"Armadillo officinalis Dalmatian | Isopodi - ANTDERGROUND","og_description":"Isopode Armadillo officinalis Dalmatian dal motivo unico. Ideale per terrari bioattivi \ud83c\udf3f. Facile da allevare e utile per l\u2019ecosistema \ud83e\udeb2.","og_url":"https:\/\/antderground.com\/it\/prodotto\/armadillo-officinalis-dalmatian\/","og_site_name":"ANTDERGROUND","og_image":[{"width":1600,"height":1600,"url":"https:\/\/antderground.com\/wp-content\/uploads\/2025\/03\/armadillo-officinalis-dalmatian.jpeg","type":"image\/jpeg"}],"twitter_card":"summary_large_image","twitter_misc":{"Tempo di lettura stimato":"1 minuto"},"schema":{"@context":"https:\/\/schema.org","@graph":[{"@type":"WebPage","@id":"https:\/\/antderground.com\/it\/prodotto\/armadillo-officinalis-dalmatian\/","url":"https:\/\/antderground.com\/it\/prodotto\/armadillo-officinalis-dalmatian\/","name":"Armadillo officinalis Dalmatian | Isopodi - ANTDERGROUND","isPartOf":{"@id":"https:\/\/antderground.com\/it\/#website"},"primaryImageOfPage":{"@id":"https:\/\/antderground.com\/it\/prodotto\/armadillo-officinalis-dalmatian\/#primaryimage"},"image":{"@id":"https:\/\/antderground.com\/it\/prodotto\/armadillo-officinalis-dalmatian\/#primaryimage"},"thumbnailUrl":"https:\/\/antderground.com\/wp-content\/uploads\/2025\/03\/armadillo-officinalis-dalmatian.jpeg","datePublished":"2025-03-28T12:01:42+00:00","description":"Isopode Armadillo officinalis Dalmatian dal motivo unico. Ideale per terrari bioattivi \ud83c\udf3f. Facile da allevare e utile per l\u2019ecosistema \ud83e\udeb2.","breadcrumb":{"@id":"https:\/\/antderground.com\/it\/prodotto\/armadillo-officinalis-dalmatian\/#breadcrumb"},"inLanguage":"it-IT","potentialAction":[{"@type":"ReadAction","target":["https:\/\/antderground.com\/it\/prodotto\/armadillo-officinalis-dalmatian\/"]}]},{"@type":"ImageObject","inLanguage":"it-IT","@id":"https:\/\/antderground.com\/it\/prodotto\/armadillo-officinalis-dalmatian\/#primaryimage","url":"https:\/\/antderground.com\/wp-content\/uploads\/2025\/03\/armadillo-officinalis-dalmatian.jpeg","contentUrl":"https:\/\/antderground.com\/wp-content\/uploads\/2025\/03\/armadillo-officinalis-dalmatian.jpeg","width":1600,"height":1600,"caption":"armadillo officinalis dalmatian"},{"@type":"BreadcrumbList","@id":"https:\/\/antderground.com\/it\/prodotto\/armadillo-officinalis-dalmatian\/#breadcrumb","itemListElement":[{"@type":"ListItem","position":1,"name":"Portada","item":"https:\/\/antderground.com\/it\/"},{"@type":"ListItem","position":2,"name":"Prodotti","item":"https:\/\/antderground.com\/it\/prodotti\/"},{"@type":"ListItem","position":3,"name":"Armadillo officinalis Dalmatian"}]},{"@type":"WebSite","@id":"https:\/\/antderground.com\/it\/#website","url":"https:\/\/antderground.com\/it\/","name":"ANTDERGROUND","description":"Tu tienda de hormigas, gran variedad de hormigueros acr\u00edlicos,madera,arena,3D y mas.. Pide tus hormigas gratis con tu pedido, somos expertos en hormigueros antifugas.","publisher":{"@id":"https:\/\/antderground.com\/it\/#\/schema\/person\/0e322c505e84fe72c65e2f6d08f96b81"},"alternateName":"Antderground","potentialAction":[{"@type":"SearchAction","target":{"@type":"EntryPoint","urlTemplate":"https:\/\/antderground.com\/it\/?s={search_term_string}"},"query-input":{"@type":"PropertyValueSpecification","valueRequired":true,"valueName":"search_term_string"}}],"inLanguage":"it-IT"},{"@type":["Person","Organization"],"@id":"https:\/\/antderground.com\/it\/#\/schema\/person\/0e322c505e84fe72c65e2f6d08f96b81","name":"Eric de Antderground","image":{"@type":"ImageObject","inLanguage":"it-IT","@id":"https:\/\/secure.gravatar.com\/avatar\/c49a1b9f79216d1498cb73c1e85cd47f4465dda35f2a94c03790d491bd4423c3?s=96&d=mm&r=g","url":"https:\/\/secure.gravatar.com\/avatar\/c49a1b9f79216d1498cb73c1e85cd47f4465dda35f2a94c03790d491bd4423c3?s=96&d=mm&r=g","contentUrl":"https:\/\/secure.gravatar.com\/avatar\/c49a1b9f79216d1498cb73c1e85cd47f4465dda35f2a94c03790d491bd4423c3?s=96&d=mm&r=g","caption":"Eric de Antderground"},"logo":{"@id":"https:\/\/secure.gravatar.com\/avatar\/c49a1b9f79216d1498cb73c1e85cd47f4465dda35f2a94c03790d491bd4423c3?s=96&d=mm&r=g"},"description":"Eric es el especialista y fundador de Antderground, con una amplia trayectoria en artr\u00f3podos y enfocado en la mirmecolog\u00eda y el dise\u00f1o de hormigueros artificiales. Su enfoque combina la innovaci\u00f3n t\u00e9cnica con el respeto por la biolog\u00eda de las hormigas, is\u00f3podos y otros, desarrollando sistemas de nidos modulares 3D y acr\u00edlicos que son referentes para aficionados y profesionales en toda Europa. Su objetivo es facilitar la cr\u00eda de hormigas y otros artr\u00f3podos mediante soluciones seguras y divulgaci\u00f3n de calidad.","sameAs":["https:\/\/antderground.com\/","https:\/\/www.youtube.com\/channel\/UCio72z7TlbufkAthAJIJfPw"]}]}},"_links":{"self":[{"href":"https:\/\/antderground.com\/it\/wp-json\/wp\/v2\/product\/41502","targetHints":{"allow":["GET"]}}],"collection":[{"href":"https:\/\/antderground.com\/it\/wp-json\/wp\/v2\/product"}],"about":[{"href":"https:\/\/antderground.com\/it\/wp-json\/wp\/v2\/types\/product"}],"version-history":[{"count":0,"href":"https:\/\/antderground.com\/it\/wp-json\/wp\/v2\/product\/41502\/revisions"}],"wp:featuredmedia":[{"embeddable":true,"href":"https:\/\/antderground.com\/it\/wp-json\/wp\/v2\/media\/41265"}],"wp:attachment":[{"href":"https:\/\/antderground.com\/it\/wp-json\/wp\/v2\/media?parent=41502"}],"wp:term":[{"taxonomy":"product_brand","embeddable":true,"href":"https:\/\/antderground.com\/it\/wp-json\/wp\/v2\/product_brand?post=41502"},{"taxonomy":"product_cat","embeddable":true,"href":"https:\/\/antderground.com\/it\/wp-json\/wp\/v2\/product_cat?post=41502"},{"taxonomy":"product_tag","embeddable":true,"href":"https:\/\/antderground.com\/it\/wp-json\/wp\/v2\/product_tag?post=41502"}],"curies":[{"name":"wp","href":"https:\/\/api.w.org\/{rel}","templated":true}]}}