{"id":41674,"date":"2025-04-07T16:40:55","date_gmt":"2025-04-07T14:40:55","guid":{"rendered":"https:\/\/www.antderground.com\/producto\/matucana-madisoniorum\/"},"modified":"2025-04-08T12:36:58","modified_gmt":"2025-04-08T10:36:58","slug":"matucana-madisoniorum","status":"publish","type":"product","link":"https:\/\/antderground.com\/it\/prodotto\/matucana-madisoniorum\/","title":{"rendered":"Matucana madisoniorum"},"content":{"rendered":"<h3 class=\"\" data-start=\"198\" data-end=\"245\">\ud83c\udf35 Scheda tecnica \u2013 <em data-start=\"222\" data-end=\"245\">Matucana madisoniorum<\/em><\/h3>\n<p class=\"\" data-start=\"247\" data-end=\"383\"><strong data-start=\"247\" data-end=\"263\">Nome comune:<\/strong> Matucana<br data-start=\"272\" data-end=\"275\" \/><strong data-start=\"275\" data-end=\"296\">Nome scientifico:<\/strong> <em data-start=\"297\" data-end=\"320\">Matucana madisoniorum<\/em><br data-start=\"320\" data-end=\"323\" \/><strong data-start=\"323\" data-end=\"336\">Famiglia:<\/strong> Cactaceae<br data-start=\"346\" data-end=\"349\" \/><strong data-start=\"349\" data-end=\"361\">Origine:<\/strong> Per\u00f9 (regione andina)<\/p>\n<h3 class=\"\" data-start=\"390\" data-end=\"410\">\ud83e\udeb4 Descrizione<\/h3>\n<p class=\"\" data-start=\"411\" data-end=\"658\">Cactus globoso o leggermente cilindrico, con costolature evidenti e spine corte (a volte assenti). Il colore varia dal verde chiaro al grigiastro, con superficie liscia e lucida. Produce grandi fiori tubolari rossi o arancioni, lunghi fino a 8\u202fcm.<\/p>\n<h3 class=\"\" data-start=\"665\" data-end=\"676\">\ud83c\udf1e Cura<\/h3>\n<ul data-start=\"678\" data-end=\"1127\">\n<li class=\"\" data-start=\"678\" data-end=\"745\">\n<p class=\"\" data-start=\"680\" data-end=\"745\"><strong data-start=\"680\" data-end=\"689\">Luce:<\/strong> Ama la luce abbondante, preferibilmente sole diretto.<\/p>\n<\/li>\n<li class=\"\" data-start=\"746\" data-end=\"888\">\n<p class=\"\" data-start=\"748\" data-end=\"888\"><strong data-start=\"748\" data-end=\"765\">Annaffiatura:<\/strong> Moderata. Lasciare asciugare completamente il substrato tra un&#8217;annaffiatura e l&#8217;altra. In inverno annaffiare pochissimo.<\/p>\n<\/li>\n<li class=\"\" data-start=\"889\" data-end=\"966\">\n<p class=\"\" data-start=\"891\" data-end=\"966\"><strong data-start=\"891\" data-end=\"907\">Temperatura:<\/strong> Ama il caldo, tollera fino a 5\u202f\u00b0C se mantenuto asciutto.<\/p>\n<\/li>\n<li class=\"\" data-start=\"967\" data-end=\"1041\">\n<p class=\"\" data-start=\"969\" data-end=\"1041\"><strong data-start=\"969\" data-end=\"981\">Terreno:<\/strong> Ben drenato, con base minerale (sabbia, perlite, ghiaia).<\/p>\n<\/li>\n<li class=\"\" data-start=\"1042\" data-end=\"1127\">\n<p class=\"\" data-start=\"1044\" data-end=\"1127\"><strong data-start=\"1044\" data-end=\"1056\">Concime:<\/strong> Una volta al mese in primavera ed estate con fertilizzante per cactus.<\/p>\n<\/li>\n<\/ul>\n<h3 class=\"\" data-start=\"1134\" data-end=\"1168\">\ud83d\udccf Dimensioni approssimative<\/h3>\n<ul data-start=\"1169\" data-end=\"1226\">\n<li class=\"\" data-start=\"1169\" data-end=\"1200\">\n<p class=\"\" data-start=\"1171\" data-end=\"1200\"><strong data-start=\"1171\" data-end=\"1190\">Altezza adulta:<\/strong> 5\u201315 cm<\/p>\n<\/li>\n<li class=\"\" data-start=\"1201\" data-end=\"1226\">\n<p class=\"\" data-start=\"1203\" data-end=\"1226\"><strong data-start=\"1203\" data-end=\"1216\">Diametro:<\/strong> 5\u201310 cm<\/p>\n<\/li>\n<\/ul>\n<h3 class=\"\" data-start=\"1233\" data-end=\"1251\">\ud83c\udf38 Fioritura<\/h3>\n<ul data-start=\"1252\" data-end=\"1410\">\n<li class=\"\" data-start=\"1252\" data-end=\"1288\">\n<p class=\"\" data-start=\"1254\" data-end=\"1288\"><strong data-start=\"1254\" data-end=\"1266\">Periodo:<\/strong> Primavera ed estate<\/p>\n<\/li>\n<li class=\"\" data-start=\"1289\" data-end=\"1331\">\n<p class=\"\" data-start=\"1291\" data-end=\"1331\"><strong data-start=\"1291\" data-end=\"1312\">Colore dei fiori:<\/strong> Rosso, arancione<\/p>\n<\/li>\n<li class=\"\" data-start=\"1332\" data-end=\"1410\">\n<p class=\"\" data-start=\"1334\" data-end=\"1410\"><strong data-start=\"1334\" data-end=\"1353\">Impollinazione:<\/strong> In natura pu\u00f2 attrarre impollinatori come api o colibr\u00ec.<\/p>\n<\/li>\n<\/ul>\n<h3 class=\"\" data-start=\"1417\" data-end=\"1430\">\u26a0\ufe0f Note<\/h3>\n<ul data-start=\"1431\" data-end=\"1585\">\n<li class=\"\" data-start=\"1431\" data-end=\"1520\">\n<p class=\"\" data-start=\"1433\" data-end=\"1520\">Facile da coltivare, molto amata dai collezionisti per la sua fioritura appariscente.<\/p>\n<\/li>\n<li class=\"\" data-start=\"1521\" data-end=\"1585\">\n<p class=\"\" data-start=\"1523\" data-end=\"1585\">Attenzione ai ristagni d&#8217;acqua, che causano marciume radicale.<\/p>\n<\/li>\n<\/ul>\n","protected":false},"excerpt":{"rendered":"<p class=\"\" data-start=\"1639\" data-end=\"1832\">Piccolo cactus peruviano dal corpo tondeggiante e fiori rossi spettacolari \ud83c\udf3a. Ama il sole, odia l\u2019acqua stagnante. Perfetto per dare un tocco esotico e originale alla tua collezione di piante!<\/p>\n<p><strong>Caratteristiche<\/strong>:<\/p>\n<ul>\n<li>Vaso: 5,5 cm.<\/li>\n<li>Interno ed esterno.<\/li>\n<\/ul>\n","protected":false},"featured_media":41658,"template":"","meta":[],"product_brand":[],"product_cat":[639],"product_tag":[],"class_list":{"0":"post-41674","1":"product","2":"type-product","3":"status-publish","4":"has-post-thumbnail","6":"product_cat-piante-naturali","8":"first","9":"instock","10":"shipping-taxable","11":"purchasable","12":"product-type-simple"},"yoast_head":"<!-- This site is optimized with the Yoast SEO plugin v27.3 - https:\/\/yoast.com\/product\/yoast-seo-wordpress\/ -->\n<title>Matucana madisoniorum | Piante per la casa - ANTDERGROUND<\/title>\n<meta name=\"description\" content=\"Matucana madisoniorum, cactus andino con fiori rossi \ud83c\udf3a. Facile da coltivare, ideale per aggiungere un tocco esotico alla tua casa!\" \/>\n<meta name=\"robots\" content=\"index, follow, max-snippet:-1, max-image-preview:large, max-video-preview:-1\" \/>\n<link rel=\"canonical\" href=\"https:\/\/antderground.com\/it\/prodotto\/matucana-madisoniorum\/\" \/>\n<meta property=\"og:locale\" content=\"it_IT\" \/>\n<meta property=\"og:type\" content=\"article\" \/>\n<meta property=\"og:title\" content=\"Matucana madisoniorum | Piante per la casa - ANTDERGROUND\" \/>\n<meta property=\"og:description\" content=\"Matucana madisoniorum, cactus andino con fiori rossi \ud83c\udf3a. Facile da coltivare, ideale per aggiungere un tocco esotico alla tua casa!\" \/>\n<meta property=\"og:url\" content=\"https:\/\/antderground.com\/it\/prodotto\/matucana-madisoniorum\/\" \/>\n<meta property=\"og:site_name\" content=\"ANTDERGROUND\" \/>\n<meta property=\"article:modified_time\" content=\"2025-04-08T10:36:58+00:00\" \/>\n<meta property=\"og:image\" content=\"https:\/\/antderground.com\/wp-content\/uploads\/2025\/04\/matucana-madisoniorum.jpeg\" \/>\n\t<meta property=\"og:image:width\" content=\"1600\" \/>\n\t<meta property=\"og:image:height\" content=\"1600\" \/>\n\t<meta property=\"og:image:type\" content=\"image\/jpeg\" \/>\n<meta name=\"twitter:card\" content=\"summary_large_image\" \/>\n<meta name=\"twitter:label1\" content=\"Tempo di lettura stimato\" \/>\n\t<meta name=\"twitter:data1\" content=\"1 minuto\" \/>\n<script type=\"application\/ld+json\" class=\"yoast-schema-graph\">{\"@context\":\"https:\\\/\\\/schema.org\",\"@graph\":[{\"@type\":\"WebPage\",\"@id\":\"https:\\\/\\\/antderground.com\\\/it\\\/prodotto\\\/matucana-madisoniorum\\\/\",\"url\":\"https:\\\/\\\/antderground.com\\\/it\\\/prodotto\\\/matucana-madisoniorum\\\/\",\"name\":\"Matucana madisoniorum | Piante per la casa - ANTDERGROUND\",\"isPartOf\":{\"@id\":\"https:\\\/\\\/antderground.com\\\/it\\\/#website\"},\"primaryImageOfPage\":{\"@id\":\"https:\\\/\\\/antderground.com\\\/it\\\/prodotto\\\/matucana-madisoniorum\\\/#primaryimage\"},\"image\":{\"@id\":\"https:\\\/\\\/antderground.com\\\/it\\\/prodotto\\\/matucana-madisoniorum\\\/#primaryimage\"},\"thumbnailUrl\":\"https:\\\/\\\/antderground.com\\\/wp-content\\\/uploads\\\/2025\\\/04\\\/matucana-madisoniorum.jpeg\",\"datePublished\":\"2025-04-07T14:40:55+00:00\",\"dateModified\":\"2025-04-08T10:36:58+00:00\",\"description\":\"Matucana madisoniorum, cactus andino con fiori rossi \ud83c\udf3a. Facile da coltivare, ideale per aggiungere un tocco esotico alla tua casa!\",\"breadcrumb\":{\"@id\":\"https:\\\/\\\/antderground.com\\\/it\\\/prodotto\\\/matucana-madisoniorum\\\/#breadcrumb\"},\"inLanguage\":\"it-IT\",\"potentialAction\":[{\"@type\":\"ReadAction\",\"target\":[\"https:\\\/\\\/antderground.com\\\/it\\\/prodotto\\\/matucana-madisoniorum\\\/\"]}]},{\"@type\":\"ImageObject\",\"inLanguage\":\"it-IT\",\"@id\":\"https:\\\/\\\/antderground.com\\\/it\\\/prodotto\\\/matucana-madisoniorum\\\/#primaryimage\",\"url\":\"https:\\\/\\\/antderground.com\\\/wp-content\\\/uploads\\\/2025\\\/04\\\/matucana-madisoniorum.jpeg\",\"contentUrl\":\"https:\\\/\\\/antderground.com\\\/wp-content\\\/uploads\\\/2025\\\/04\\\/matucana-madisoniorum.jpeg\",\"width\":1600,\"height\":1600,\"caption\":\"matucana madisoniorum\"},{\"@type\":\"BreadcrumbList\",\"@id\":\"https:\\\/\\\/antderground.com\\\/it\\\/prodotto\\\/matucana-madisoniorum\\\/#breadcrumb\",\"itemListElement\":[{\"@type\":\"ListItem\",\"position\":1,\"name\":\"Portada\",\"item\":\"https:\\\/\\\/antderground.com\\\/it\\\/\"},{\"@type\":\"ListItem\",\"position\":2,\"name\":\"Prodotti\",\"item\":\"https:\\\/\\\/antderground.com\\\/it\\\/prodotti\\\/\"},{\"@type\":\"ListItem\",\"position\":3,\"name\":\"Matucana madisoniorum\"}]},{\"@type\":\"WebSite\",\"@id\":\"https:\\\/\\\/antderground.com\\\/it\\\/#website\",\"url\":\"https:\\\/\\\/antderground.com\\\/it\\\/\",\"name\":\"ANTDERGROUND\",\"description\":\"Tu tienda de hormigas, gran variedad de hormigueros acr\u00edlicos,madera,arena,3D y mas.. Pide tus hormigas gratis con tu pedido, somos expertos en hormigueros antifugas.\",\"publisher\":{\"@id\":\"https:\\\/\\\/antderground.com\\\/it\\\/#\\\/schema\\\/person\\\/0e322c505e84fe72c65e2f6d08f96b81\"},\"alternateName\":\"Antderground\",\"potentialAction\":[{\"@type\":\"SearchAction\",\"target\":{\"@type\":\"EntryPoint\",\"urlTemplate\":\"https:\\\/\\\/antderground.com\\\/it\\\/?s={search_term_string}\"},\"query-input\":{\"@type\":\"PropertyValueSpecification\",\"valueRequired\":true,\"valueName\":\"search_term_string\"}}],\"inLanguage\":\"it-IT\"},{\"@type\":[\"Person\",\"Organization\"],\"@id\":\"https:\\\/\\\/antderground.com\\\/it\\\/#\\\/schema\\\/person\\\/0e322c505e84fe72c65e2f6d08f96b81\",\"name\":\"Eric de Antderground\",\"image\":{\"@type\":\"ImageObject\",\"inLanguage\":\"it-IT\",\"@id\":\"https:\\\/\\\/secure.gravatar.com\\\/avatar\\\/c49a1b9f79216d1498cb73c1e85cd47f4465dda35f2a94c03790d491bd4423c3?s=96&d=mm&r=g\",\"url\":\"https:\\\/\\\/secure.gravatar.com\\\/avatar\\\/c49a1b9f79216d1498cb73c1e85cd47f4465dda35f2a94c03790d491bd4423c3?s=96&d=mm&r=g\",\"contentUrl\":\"https:\\\/\\\/secure.gravatar.com\\\/avatar\\\/c49a1b9f79216d1498cb73c1e85cd47f4465dda35f2a94c03790d491bd4423c3?s=96&d=mm&r=g\",\"caption\":\"Eric de Antderground\"},\"logo\":{\"@id\":\"https:\\\/\\\/secure.gravatar.com\\\/avatar\\\/c49a1b9f79216d1498cb73c1e85cd47f4465dda35f2a94c03790d491bd4423c3?s=96&d=mm&r=g\"},\"description\":\"Eric es el especialista y fundador de Antderground, con una amplia trayectoria en artr\u00f3podos y enfocado en la mirmecolog\u00eda y el dise\u00f1o de hormigueros artificiales. Su enfoque combina la innovaci\u00f3n t\u00e9cnica con el respeto por la biolog\u00eda de las hormigas, is\u00f3podos y otros, desarrollando sistemas de nidos modulares 3D y acr\u00edlicos que son referentes para aficionados y profesionales en toda Europa. Su objetivo es facilitar la cr\u00eda de hormigas y otros artr\u00f3podos mediante soluciones seguras y divulgaci\u00f3n de calidad.\",\"sameAs\":[\"https:\\\/\\\/antderground.com\\\/\",\"https:\\\/\\\/www.youtube.com\\\/channel\\\/UCio72z7TlbufkAthAJIJfPw\"]}]}<\/script>\n<!-- \/ Yoast SEO plugin. -->","yoast_head_json":{"title":"Matucana madisoniorum | Piante per la casa - ANTDERGROUND","description":"Matucana madisoniorum, cactus andino con fiori rossi \ud83c\udf3a. Facile da coltivare, ideale per aggiungere un tocco esotico alla tua casa!","robots":{"index":"index","follow":"follow","max-snippet":"max-snippet:-1","max-image-preview":"max-image-preview:large","max-video-preview":"max-video-preview:-1"},"canonical":"https:\/\/antderground.com\/it\/prodotto\/matucana-madisoniorum\/","og_locale":"it_IT","og_type":"article","og_title":"Matucana madisoniorum | Piante per la casa - ANTDERGROUND","og_description":"Matucana madisoniorum, cactus andino con fiori rossi \ud83c\udf3a. Facile da coltivare, ideale per aggiungere un tocco esotico alla tua casa!","og_url":"https:\/\/antderground.com\/it\/prodotto\/matucana-madisoniorum\/","og_site_name":"ANTDERGROUND","article_modified_time":"2025-04-08T10:36:58+00:00","og_image":[{"width":1600,"height":1600,"url":"https:\/\/antderground.com\/wp-content\/uploads\/2025\/04\/matucana-madisoniorum.jpeg","type":"image\/jpeg"}],"twitter_card":"summary_large_image","twitter_misc":{"Tempo di lettura stimato":"1 minuto"},"schema":{"@context":"https:\/\/schema.org","@graph":[{"@type":"WebPage","@id":"https:\/\/antderground.com\/it\/prodotto\/matucana-madisoniorum\/","url":"https:\/\/antderground.com\/it\/prodotto\/matucana-madisoniorum\/","name":"Matucana madisoniorum | Piante per la casa - ANTDERGROUND","isPartOf":{"@id":"https:\/\/antderground.com\/it\/#website"},"primaryImageOfPage":{"@id":"https:\/\/antderground.com\/it\/prodotto\/matucana-madisoniorum\/#primaryimage"},"image":{"@id":"https:\/\/antderground.com\/it\/prodotto\/matucana-madisoniorum\/#primaryimage"},"thumbnailUrl":"https:\/\/antderground.com\/wp-content\/uploads\/2025\/04\/matucana-madisoniorum.jpeg","datePublished":"2025-04-07T14:40:55+00:00","dateModified":"2025-04-08T10:36:58+00:00","description":"Matucana madisoniorum, cactus andino con fiori rossi \ud83c\udf3a. Facile da coltivare, ideale per aggiungere un tocco esotico alla tua casa!","breadcrumb":{"@id":"https:\/\/antderground.com\/it\/prodotto\/matucana-madisoniorum\/#breadcrumb"},"inLanguage":"it-IT","potentialAction":[{"@type":"ReadAction","target":["https:\/\/antderground.com\/it\/prodotto\/matucana-madisoniorum\/"]}]},{"@type":"ImageObject","inLanguage":"it-IT","@id":"https:\/\/antderground.com\/it\/prodotto\/matucana-madisoniorum\/#primaryimage","url":"https:\/\/antderground.com\/wp-content\/uploads\/2025\/04\/matucana-madisoniorum.jpeg","contentUrl":"https:\/\/antderground.com\/wp-content\/uploads\/2025\/04\/matucana-madisoniorum.jpeg","width":1600,"height":1600,"caption":"matucana madisoniorum"},{"@type":"BreadcrumbList","@id":"https:\/\/antderground.com\/it\/prodotto\/matucana-madisoniorum\/#breadcrumb","itemListElement":[{"@type":"ListItem","position":1,"name":"Portada","item":"https:\/\/antderground.com\/it\/"},{"@type":"ListItem","position":2,"name":"Prodotti","item":"https:\/\/antderground.com\/it\/prodotti\/"},{"@type":"ListItem","position":3,"name":"Matucana madisoniorum"}]},{"@type":"WebSite","@id":"https:\/\/antderground.com\/it\/#website","url":"https:\/\/antderground.com\/it\/","name":"ANTDERGROUND","description":"Tu tienda de hormigas, gran variedad de hormigueros acr\u00edlicos,madera,arena,3D y mas.. Pide tus hormigas gratis con tu pedido, somos expertos en hormigueros antifugas.","publisher":{"@id":"https:\/\/antderground.com\/it\/#\/schema\/person\/0e322c505e84fe72c65e2f6d08f96b81"},"alternateName":"Antderground","potentialAction":[{"@type":"SearchAction","target":{"@type":"EntryPoint","urlTemplate":"https:\/\/antderground.com\/it\/?s={search_term_string}"},"query-input":{"@type":"PropertyValueSpecification","valueRequired":true,"valueName":"search_term_string"}}],"inLanguage":"it-IT"},{"@type":["Person","Organization"],"@id":"https:\/\/antderground.com\/it\/#\/schema\/person\/0e322c505e84fe72c65e2f6d08f96b81","name":"Eric de Antderground","image":{"@type":"ImageObject","inLanguage":"it-IT","@id":"https:\/\/secure.gravatar.com\/avatar\/c49a1b9f79216d1498cb73c1e85cd47f4465dda35f2a94c03790d491bd4423c3?s=96&d=mm&r=g","url":"https:\/\/secure.gravatar.com\/avatar\/c49a1b9f79216d1498cb73c1e85cd47f4465dda35f2a94c03790d491bd4423c3?s=96&d=mm&r=g","contentUrl":"https:\/\/secure.gravatar.com\/avatar\/c49a1b9f79216d1498cb73c1e85cd47f4465dda35f2a94c03790d491bd4423c3?s=96&d=mm&r=g","caption":"Eric de Antderground"},"logo":{"@id":"https:\/\/secure.gravatar.com\/avatar\/c49a1b9f79216d1498cb73c1e85cd47f4465dda35f2a94c03790d491bd4423c3?s=96&d=mm&r=g"},"description":"Eric es el especialista y fundador de Antderground, con una amplia trayectoria en artr\u00f3podos y enfocado en la mirmecolog\u00eda y el dise\u00f1o de hormigueros artificiales. Su enfoque combina la innovaci\u00f3n t\u00e9cnica con el respeto por la biolog\u00eda de las hormigas, is\u00f3podos y otros, desarrollando sistemas de nidos modulares 3D y acr\u00edlicos que son referentes para aficionados y profesionales en toda Europa. Su objetivo es facilitar la cr\u00eda de hormigas y otros artr\u00f3podos mediante soluciones seguras y divulgaci\u00f3n de calidad.","sameAs":["https:\/\/antderground.com\/","https:\/\/www.youtube.com\/channel\/UCio72z7TlbufkAthAJIJfPw"]}]}},"_links":{"self":[{"href":"https:\/\/antderground.com\/it\/wp-json\/wp\/v2\/product\/41674","targetHints":{"allow":["GET"]}}],"collection":[{"href":"https:\/\/antderground.com\/it\/wp-json\/wp\/v2\/product"}],"about":[{"href":"https:\/\/antderground.com\/it\/wp-json\/wp\/v2\/types\/product"}],"version-history":[{"count":0,"href":"https:\/\/antderground.com\/it\/wp-json\/wp\/v2\/product\/41674\/revisions"}],"wp:featuredmedia":[{"embeddable":true,"href":"https:\/\/antderground.com\/it\/wp-json\/wp\/v2\/media\/41658"}],"wp:attachment":[{"href":"https:\/\/antderground.com\/it\/wp-json\/wp\/v2\/media?parent=41674"}],"wp:term":[{"taxonomy":"product_brand","embeddable":true,"href":"https:\/\/antderground.com\/it\/wp-json\/wp\/v2\/product_brand?post=41674"},{"taxonomy":"product_cat","embeddable":true,"href":"https:\/\/antderground.com\/it\/wp-json\/wp\/v2\/product_cat?post=41674"},{"taxonomy":"product_tag","embeddable":true,"href":"https:\/\/antderground.com\/it\/wp-json\/wp\/v2\/product_tag?post=41674"}],"curies":[{"name":"wp","href":"https:\/\/api.w.org\/{rel}","templated":true}]}}