{"id":41777,"date":"2025-04-12T21:23:14","date_gmt":"2025-04-12T19:23:14","guid":{"rendered":"https:\/\/www.antderground.com\/producto\/armadillidium-pallasii-orange\/"},"modified":"2025-04-12T21:23:14","modified_gmt":"2025-04-12T19:23:14","slug":"armadillidium-pallasii-orange","status":"publish","type":"product","link":"https:\/\/antderground.com\/it\/prodotto\/armadillidium-pallasii-orange\/","title":{"rendered":"Armadillidium Pallasii \u201cOrange\u201d"},"content":{"rendered":"<h3 class=\"\" data-start=\"2060\" data-end=\"2117\">\ud83d\udfe0 Scheda Tecnica \u2013 <em data-start=\"2084\" data-end=\"2108\">Armadillidium Pallasii<\/em> \u201cOrange\u201d<\/h3>\n<p class=\"\" data-start=\"2119\" data-end=\"2267\"><strong data-start=\"2119\" data-end=\"2140\">Nome scientifico:<\/strong> <em data-start=\"2141\" data-end=\"2165\">Armadillidium pallasii<\/em><br data-start=\"2165\" data-end=\"2168\" \/><strong data-start=\"2168\" data-end=\"2184\">Nome comune:<\/strong> Isopode Pallasii arancione<br data-start=\"2211\" data-end=\"2214\" \/><strong data-start=\"2214\" data-end=\"2226\">Variet\u00e0:<\/strong> Orange<br data-start=\"2233\" data-end=\"2236\" \/><strong data-start=\"2236\" data-end=\"2249\">Famiglia:<\/strong> Armadillidiidae<\/p>\n<h3 class=\"\" data-start=\"2269\" data-end=\"2289\">\ud83d\udc1b Descrizione<\/h3>\n<p class=\"\" data-start=\"2290\" data-end=\"2494\">L\u2019<em data-start=\"2292\" data-end=\"2316\">Armadillidium Pallasii<\/em> \u201cOrange\u201d \u00e8 una variet\u00e0 europea molto appariscente, riconoscibile per il suo colore arancione brillante. Pu\u00f2 arrotolarsi e si adatta molto bene a terrari tropicali e bioattivi.<\/p>\n<h3 class=\"\" data-start=\"2496\" data-end=\"2515\">\ud83d\udccf Dimensioni<\/h3>\n<ul data-start=\"2516\" data-end=\"2544\">\n<li class=\"\" data-start=\"2516\" data-end=\"2544\">\n<p class=\"\" data-start=\"2518\" data-end=\"2544\">Adulto: circa 1,5 \u2013 2 cm<\/p>\n<\/li>\n<\/ul>\n<h3 class=\"\" data-start=\"2546\" data-end=\"2573\">\ud83c\udf21\ufe0f Condizioni ideali<\/h3>\n<ul data-start=\"2574\" data-end=\"2790\">\n<li class=\"\" data-start=\"2574\" data-end=\"2608\">\n<p class=\"\" data-start=\"2576\" data-end=\"2608\"><strong data-start=\"2576\" data-end=\"2592\">Temperatura:<\/strong> 20\u202f\u00b0C \u2013 26\u202f\u00b0C<\/p>\n<\/li>\n<li class=\"\" data-start=\"2609\" data-end=\"2668\">\n<p class=\"\" data-start=\"2611\" data-end=\"2668\"><strong data-start=\"2611\" data-end=\"2623\">Umidit\u00e0:<\/strong> 60% \u2013 80% (necessarie zone umide e secche)<\/p>\n<\/li>\n<li class=\"\" data-start=\"2669\" data-end=\"2696\">\n<p class=\"\" data-start=\"2671\" data-end=\"2696\"><strong data-start=\"2671\" data-end=\"2688\">Ventilazione:<\/strong> Media<\/p>\n<\/li>\n<li class=\"\" data-start=\"2697\" data-end=\"2790\">\n<p class=\"\" data-start=\"2699\" data-end=\"2790\"><strong data-start=\"2699\" data-end=\"2713\">Substrato:<\/strong> Fibra di cocco, foglie secche, muschio di sfagno e legno in decomposizione<\/p>\n<\/li>\n<\/ul>\n<h3 class=\"\" data-start=\"2792\" data-end=\"2814\">\ud83c\udf43 Alimentazione<\/h3>\n<p class=\"\" data-start=\"2815\" data-end=\"3015\">Detritivoro. Si nutre di materia organica in decomposizione, foglie secche, legno marcio e occasionalmente verdure come zucchine o carote. Importante integrare con calcio (osso di seppia o polvere).<\/p>\n<h3 class=\"\" data-start=\"3017\" data-end=\"3038\">\ud83e\uddec Riproduzione<\/h3>\n<ul data-start=\"3039\" data-end=\"3204\">\n<li class=\"\" data-start=\"3039\" data-end=\"3061\">\n<p class=\"\" data-start=\"3041\" data-end=\"3061\"><strong data-start=\"3041\" data-end=\"3050\">Tipo:<\/strong> Sessuale<\/p>\n<\/li>\n<li class=\"\" data-start=\"3062\" data-end=\"3112\">\n<p class=\"\" data-start=\"3064\" data-end=\"3112\"><strong data-start=\"3064\" data-end=\"3081\">Riproduzione:<\/strong> Facile in condizioni stabili<\/p>\n<\/li>\n<li class=\"\" data-start=\"3113\" data-end=\"3161\">\n<p class=\"\" data-start=\"3115\" data-end=\"3161\"><strong data-start=\"3115\" data-end=\"3130\">Cucciolate:<\/strong> Da 10 a 30 piccoli per ciclo<\/p>\n<\/li>\n<li class=\"\" data-start=\"3162\" data-end=\"3204\">\n<p class=\"\" data-start=\"3164\" data-end=\"3204\"><strong data-start=\"3164\" data-end=\"3186\">Maturit\u00e0 sessuale:<\/strong> Dai 4 ai 6 mesi<\/p>\n<\/li>\n<\/ul>\n<h3 class=\"\" data-start=\"3206\" data-end=\"3235\">\ud83c\udf3f Utilizzo nei terrari<\/h3>\n<p class=\"\" data-start=\"3236\" data-end=\"3385\">Perfetto per terrari bioattivi come &#8220;clean-up crew&#8221;. Apprezzato anche come specie decorativa per il suo colore vivace e comportamento interessante.<\/p>\n<h3 class=\"\" data-start=\"3387\" data-end=\"3399\">\u2757 Note<\/h3>\n<ul data-start=\"3400\" data-end=\"3549\">\n<li class=\"\" data-start=\"3400\" data-end=\"3478\">\n<p class=\"\" data-start=\"3402\" data-end=\"3478\">Resistente, ma sensibile all\u2019umidit\u00e0 eccessiva o alla scarsa ventilazione.<\/p>\n<\/li>\n<li class=\"\" data-start=\"3479\" data-end=\"3549\">\n<p class=\"\" data-start=\"3481\" data-end=\"3549\">Offrire zone asciutte per una corretta autoregolazione dell\u2019umidit\u00e0.<\/p>\n<\/li>\n<\/ul>\n","protected":false},"excerpt":{"rendered":"<p class=\"\" data-start=\"3556\" data-end=\"3748\">Isopodi <em data-start=\"3610\" data-end=\"3634\">Armadillidium Pallasii<\/em> \u201cOrange\u201d \ud83e\udde1. Colore acceso, facili da gestire e ideali per terrari bioattivi. Ottimi pulitori e molto decorativi!<\/p>\n<p class=\"\" data-start=\"3750\" data-end=\"3910\">\n","protected":false},"featured_media":41757,"template":"","meta":[],"product_brand":[],"product_cat":[481,487,714],"product_tag":[],"class_list":{"0":"post-41777","1":"product","2":"type-product","3":"status-publish","4":"has-post-thumbnail","6":"product_cat-artropodi","7":"product_cat-isopodi","8":"product_cat-armadillidium","10":"first","11":"instock","12":"shipping-taxable","13":"purchasable","14":"product-type-variable"},"yoast_head":"<!-- This site is optimized with the Yoast SEO plugin v27.3 - https:\/\/yoast.com\/product\/yoast-seo-wordpress\/ -->\n<title>Armadillidium Pallasii \u201cOrange\u201d | Terrari bioattivi - ANTDERGROUND<\/title>\n<meta name=\"description\" content=\"Scopri Armadillidium Pallasii \u201cOrange\u201d, isopode colorato per terrari bioattivi. Facile da allevare e molto utile! \ud83e\udde1\" \/>\n<meta name=\"robots\" content=\"index, follow, max-snippet:-1, max-image-preview:large, max-video-preview:-1\" \/>\n<link rel=\"canonical\" href=\"https:\/\/antderground.com\/it\/prodotto\/armadillidium-pallasii-orange\/\" \/>\n<meta property=\"og:locale\" content=\"it_IT\" \/>\n<meta property=\"og:type\" content=\"article\" \/>\n<meta property=\"og:title\" content=\"Armadillidium Pallasii \u201cOrange\u201d | Terrari bioattivi - ANTDERGROUND\" \/>\n<meta property=\"og:description\" content=\"Scopri Armadillidium Pallasii \u201cOrange\u201d, isopode colorato per terrari bioattivi. Facile da allevare e molto utile! \ud83e\udde1\" \/>\n<meta property=\"og:url\" content=\"https:\/\/antderground.com\/it\/prodotto\/armadillidium-pallasii-orange\/\" \/>\n<meta property=\"og:site_name\" content=\"ANTDERGROUND\" \/>\n<meta property=\"og:image\" content=\"https:\/\/antderground.com\/wp-content\/uploads\/2025\/04\/Armadillidium-Pallasii-Orange.jpg\" \/>\n\t<meta property=\"og:image:width\" content=\"1989\" \/>\n\t<meta property=\"og:image:height\" content=\"1989\" \/>\n\t<meta property=\"og:image:type\" content=\"image\/jpeg\" \/>\n<meta name=\"twitter:card\" content=\"summary_large_image\" \/>\n<meta name=\"twitter:label1\" content=\"Tempo di lettura stimato\" \/>\n\t<meta name=\"twitter:data1\" content=\"1 minuto\" \/>\n<script type=\"application\/ld+json\" class=\"yoast-schema-graph\">{\"@context\":\"https:\\\/\\\/schema.org\",\"@graph\":[{\"@type\":\"WebPage\",\"@id\":\"https:\\\/\\\/antderground.com\\\/it\\\/prodotto\\\/armadillidium-pallasii-orange\\\/\",\"url\":\"https:\\\/\\\/antderground.com\\\/it\\\/prodotto\\\/armadillidium-pallasii-orange\\\/\",\"name\":\"Armadillidium Pallasii \u201cOrange\u201d | Terrari bioattivi - ANTDERGROUND\",\"isPartOf\":{\"@id\":\"https:\\\/\\\/antderground.com\\\/it\\\/#website\"},\"primaryImageOfPage\":{\"@id\":\"https:\\\/\\\/antderground.com\\\/it\\\/prodotto\\\/armadillidium-pallasii-orange\\\/#primaryimage\"},\"image\":{\"@id\":\"https:\\\/\\\/antderground.com\\\/it\\\/prodotto\\\/armadillidium-pallasii-orange\\\/#primaryimage\"},\"thumbnailUrl\":\"https:\\\/\\\/antderground.com\\\/wp-content\\\/uploads\\\/2025\\\/04\\\/Armadillidium-Pallasii-Orange.jpg\",\"datePublished\":\"2025-04-12T19:23:14+00:00\",\"description\":\"Scopri Armadillidium Pallasii \u201cOrange\u201d, isopode colorato per terrari bioattivi. Facile da allevare e molto utile! \ud83e\udde1\",\"breadcrumb\":{\"@id\":\"https:\\\/\\\/antderground.com\\\/it\\\/prodotto\\\/armadillidium-pallasii-orange\\\/#breadcrumb\"},\"inLanguage\":\"it-IT\",\"potentialAction\":[{\"@type\":\"ReadAction\",\"target\":[\"https:\\\/\\\/antderground.com\\\/it\\\/prodotto\\\/armadillidium-pallasii-orange\\\/\"]}]},{\"@type\":\"ImageObject\",\"inLanguage\":\"it-IT\",\"@id\":\"https:\\\/\\\/antderground.com\\\/it\\\/prodotto\\\/armadillidium-pallasii-orange\\\/#primaryimage\",\"url\":\"https:\\\/\\\/antderground.com\\\/wp-content\\\/uploads\\\/2025\\\/04\\\/Armadillidium-Pallasii-Orange.jpg\",\"contentUrl\":\"https:\\\/\\\/antderground.com\\\/wp-content\\\/uploads\\\/2025\\\/04\\\/Armadillidium-Pallasii-Orange.jpg\",\"width\":1989,\"height\":1989,\"caption\":\"Armadillidium Pallasii \u201cOrange\u201d\"},{\"@type\":\"BreadcrumbList\",\"@id\":\"https:\\\/\\\/antderground.com\\\/it\\\/prodotto\\\/armadillidium-pallasii-orange\\\/#breadcrumb\",\"itemListElement\":[{\"@type\":\"ListItem\",\"position\":1,\"name\":\"Portada\",\"item\":\"https:\\\/\\\/antderground.com\\\/it\\\/\"},{\"@type\":\"ListItem\",\"position\":2,\"name\":\"Prodotti\",\"item\":\"https:\\\/\\\/antderground.com\\\/it\\\/prodotti\\\/\"},{\"@type\":\"ListItem\",\"position\":3,\"name\":\"Armadillidium Pallasii \u201cOrange\u201d\"}]},{\"@type\":\"WebSite\",\"@id\":\"https:\\\/\\\/antderground.com\\\/it\\\/#website\",\"url\":\"https:\\\/\\\/antderground.com\\\/it\\\/\",\"name\":\"ANTDERGROUND\",\"description\":\"Tu tienda de hormigas, gran variedad de hormigueros acr\u00edlicos,madera,arena,3D y mas.. Pide tus hormigas gratis con tu pedido, somos expertos en hormigueros antifugas.\",\"publisher\":{\"@id\":\"https:\\\/\\\/antderground.com\\\/it\\\/#\\\/schema\\\/person\\\/0e322c505e84fe72c65e2f6d08f96b81\"},\"alternateName\":\"Antderground\",\"potentialAction\":[{\"@type\":\"SearchAction\",\"target\":{\"@type\":\"EntryPoint\",\"urlTemplate\":\"https:\\\/\\\/antderground.com\\\/it\\\/?s={search_term_string}\"},\"query-input\":{\"@type\":\"PropertyValueSpecification\",\"valueRequired\":true,\"valueName\":\"search_term_string\"}}],\"inLanguage\":\"it-IT\"},{\"@type\":[\"Person\",\"Organization\"],\"@id\":\"https:\\\/\\\/antderground.com\\\/it\\\/#\\\/schema\\\/person\\\/0e322c505e84fe72c65e2f6d08f96b81\",\"name\":\"Eric de Antderground\",\"image\":{\"@type\":\"ImageObject\",\"inLanguage\":\"it-IT\",\"@id\":\"https:\\\/\\\/secure.gravatar.com\\\/avatar\\\/c49a1b9f79216d1498cb73c1e85cd47f4465dda35f2a94c03790d491bd4423c3?s=96&d=mm&r=g\",\"url\":\"https:\\\/\\\/secure.gravatar.com\\\/avatar\\\/c49a1b9f79216d1498cb73c1e85cd47f4465dda35f2a94c03790d491bd4423c3?s=96&d=mm&r=g\",\"contentUrl\":\"https:\\\/\\\/secure.gravatar.com\\\/avatar\\\/c49a1b9f79216d1498cb73c1e85cd47f4465dda35f2a94c03790d491bd4423c3?s=96&d=mm&r=g\",\"caption\":\"Eric de Antderground\"},\"logo\":{\"@id\":\"https:\\\/\\\/secure.gravatar.com\\\/avatar\\\/c49a1b9f79216d1498cb73c1e85cd47f4465dda35f2a94c03790d491bd4423c3?s=96&d=mm&r=g\"},\"description\":\"Eric es el especialista y fundador de Antderground, con una amplia trayectoria en artr\u00f3podos y enfocado en la mirmecolog\u00eda y el dise\u00f1o de hormigueros artificiales. Su enfoque combina la innovaci\u00f3n t\u00e9cnica con el respeto por la biolog\u00eda de las hormigas, is\u00f3podos y otros, desarrollando sistemas de nidos modulares 3D y acr\u00edlicos que son referentes para aficionados y profesionales en toda Europa. Su objetivo es facilitar la cr\u00eda de hormigas y otros artr\u00f3podos mediante soluciones seguras y divulgaci\u00f3n de calidad.\",\"sameAs\":[\"https:\\\/\\\/antderground.com\\\/\",\"https:\\\/\\\/www.youtube.com\\\/channel\\\/UCio72z7TlbufkAthAJIJfPw\"]}]}<\/script>\n<!-- \/ Yoast SEO plugin. -->","yoast_head_json":{"title":"Armadillidium Pallasii \u201cOrange\u201d | Terrari bioattivi - ANTDERGROUND","description":"Scopri Armadillidium Pallasii \u201cOrange\u201d, isopode colorato per terrari bioattivi. Facile da allevare e molto utile! \ud83e\udde1","robots":{"index":"index","follow":"follow","max-snippet":"max-snippet:-1","max-image-preview":"max-image-preview:large","max-video-preview":"max-video-preview:-1"},"canonical":"https:\/\/antderground.com\/it\/prodotto\/armadillidium-pallasii-orange\/","og_locale":"it_IT","og_type":"article","og_title":"Armadillidium Pallasii \u201cOrange\u201d | Terrari bioattivi - ANTDERGROUND","og_description":"Scopri Armadillidium Pallasii \u201cOrange\u201d, isopode colorato per terrari bioattivi. Facile da allevare e molto utile! \ud83e\udde1","og_url":"https:\/\/antderground.com\/it\/prodotto\/armadillidium-pallasii-orange\/","og_site_name":"ANTDERGROUND","og_image":[{"width":1989,"height":1989,"url":"https:\/\/antderground.com\/wp-content\/uploads\/2025\/04\/Armadillidium-Pallasii-Orange.jpg","type":"image\/jpeg"}],"twitter_card":"summary_large_image","twitter_misc":{"Tempo di lettura stimato":"1 minuto"},"schema":{"@context":"https:\/\/schema.org","@graph":[{"@type":"WebPage","@id":"https:\/\/antderground.com\/it\/prodotto\/armadillidium-pallasii-orange\/","url":"https:\/\/antderground.com\/it\/prodotto\/armadillidium-pallasii-orange\/","name":"Armadillidium Pallasii \u201cOrange\u201d | Terrari bioattivi - ANTDERGROUND","isPartOf":{"@id":"https:\/\/antderground.com\/it\/#website"},"primaryImageOfPage":{"@id":"https:\/\/antderground.com\/it\/prodotto\/armadillidium-pallasii-orange\/#primaryimage"},"image":{"@id":"https:\/\/antderground.com\/it\/prodotto\/armadillidium-pallasii-orange\/#primaryimage"},"thumbnailUrl":"https:\/\/antderground.com\/wp-content\/uploads\/2025\/04\/Armadillidium-Pallasii-Orange.jpg","datePublished":"2025-04-12T19:23:14+00:00","description":"Scopri Armadillidium Pallasii \u201cOrange\u201d, isopode colorato per terrari bioattivi. Facile da allevare e molto utile! \ud83e\udde1","breadcrumb":{"@id":"https:\/\/antderground.com\/it\/prodotto\/armadillidium-pallasii-orange\/#breadcrumb"},"inLanguage":"it-IT","potentialAction":[{"@type":"ReadAction","target":["https:\/\/antderground.com\/it\/prodotto\/armadillidium-pallasii-orange\/"]}]},{"@type":"ImageObject","inLanguage":"it-IT","@id":"https:\/\/antderground.com\/it\/prodotto\/armadillidium-pallasii-orange\/#primaryimage","url":"https:\/\/antderground.com\/wp-content\/uploads\/2025\/04\/Armadillidium-Pallasii-Orange.jpg","contentUrl":"https:\/\/antderground.com\/wp-content\/uploads\/2025\/04\/Armadillidium-Pallasii-Orange.jpg","width":1989,"height":1989,"caption":"Armadillidium Pallasii \u201cOrange\u201d"},{"@type":"BreadcrumbList","@id":"https:\/\/antderground.com\/it\/prodotto\/armadillidium-pallasii-orange\/#breadcrumb","itemListElement":[{"@type":"ListItem","position":1,"name":"Portada","item":"https:\/\/antderground.com\/it\/"},{"@type":"ListItem","position":2,"name":"Prodotti","item":"https:\/\/antderground.com\/it\/prodotti\/"},{"@type":"ListItem","position":3,"name":"Armadillidium Pallasii \u201cOrange\u201d"}]},{"@type":"WebSite","@id":"https:\/\/antderground.com\/it\/#website","url":"https:\/\/antderground.com\/it\/","name":"ANTDERGROUND","description":"Tu tienda de hormigas, gran variedad de hormigueros acr\u00edlicos,madera,arena,3D y mas.. Pide tus hormigas gratis con tu pedido, somos expertos en hormigueros antifugas.","publisher":{"@id":"https:\/\/antderground.com\/it\/#\/schema\/person\/0e322c505e84fe72c65e2f6d08f96b81"},"alternateName":"Antderground","potentialAction":[{"@type":"SearchAction","target":{"@type":"EntryPoint","urlTemplate":"https:\/\/antderground.com\/it\/?s={search_term_string}"},"query-input":{"@type":"PropertyValueSpecification","valueRequired":true,"valueName":"search_term_string"}}],"inLanguage":"it-IT"},{"@type":["Person","Organization"],"@id":"https:\/\/antderground.com\/it\/#\/schema\/person\/0e322c505e84fe72c65e2f6d08f96b81","name":"Eric de Antderground","image":{"@type":"ImageObject","inLanguage":"it-IT","@id":"https:\/\/secure.gravatar.com\/avatar\/c49a1b9f79216d1498cb73c1e85cd47f4465dda35f2a94c03790d491bd4423c3?s=96&d=mm&r=g","url":"https:\/\/secure.gravatar.com\/avatar\/c49a1b9f79216d1498cb73c1e85cd47f4465dda35f2a94c03790d491bd4423c3?s=96&d=mm&r=g","contentUrl":"https:\/\/secure.gravatar.com\/avatar\/c49a1b9f79216d1498cb73c1e85cd47f4465dda35f2a94c03790d491bd4423c3?s=96&d=mm&r=g","caption":"Eric de Antderground"},"logo":{"@id":"https:\/\/secure.gravatar.com\/avatar\/c49a1b9f79216d1498cb73c1e85cd47f4465dda35f2a94c03790d491bd4423c3?s=96&d=mm&r=g"},"description":"Eric es el especialista y fundador de Antderground, con una amplia trayectoria en artr\u00f3podos y enfocado en la mirmecolog\u00eda y el dise\u00f1o de hormigueros artificiales. Su enfoque combina la innovaci\u00f3n t\u00e9cnica con el respeto por la biolog\u00eda de las hormigas, is\u00f3podos y otros, desarrollando sistemas de nidos modulares 3D y acr\u00edlicos que son referentes para aficionados y profesionales en toda Europa. Su objetivo es facilitar la cr\u00eda de hormigas y otros artr\u00f3podos mediante soluciones seguras y divulgaci\u00f3n de calidad.","sameAs":["https:\/\/antderground.com\/","https:\/\/www.youtube.com\/channel\/UCio72z7TlbufkAthAJIJfPw"]}]}},"_links":{"self":[{"href":"https:\/\/antderground.com\/it\/wp-json\/wp\/v2\/product\/41777","targetHints":{"allow":["GET"]}}],"collection":[{"href":"https:\/\/antderground.com\/it\/wp-json\/wp\/v2\/product"}],"about":[{"href":"https:\/\/antderground.com\/it\/wp-json\/wp\/v2\/types\/product"}],"version-history":[{"count":0,"href":"https:\/\/antderground.com\/it\/wp-json\/wp\/v2\/product\/41777\/revisions"}],"wp:featuredmedia":[{"embeddable":true,"href":"https:\/\/antderground.com\/it\/wp-json\/wp\/v2\/media\/41757"}],"wp:attachment":[{"href":"https:\/\/antderground.com\/it\/wp-json\/wp\/v2\/media?parent=41777"}],"wp:term":[{"taxonomy":"product_brand","embeddable":true,"href":"https:\/\/antderground.com\/it\/wp-json\/wp\/v2\/product_brand?post=41777"},{"taxonomy":"product_cat","embeddable":true,"href":"https:\/\/antderground.com\/it\/wp-json\/wp\/v2\/product_cat?post=41777"},{"taxonomy":"product_tag","embeddable":true,"href":"https:\/\/antderground.com\/it\/wp-json\/wp\/v2\/product_tag?post=41777"}],"curies":[{"name":"wp","href":"https:\/\/api.w.org\/{rel}","templated":true}]}}