{"id":41813,"date":"2025-04-15T16:00:15","date_gmt":"2025-04-15T14:00:15","guid":{"rendered":"https:\/\/www.antderground.com\/producto\/armadillidium-granulatum-white-pearl\/"},"modified":"2025-04-15T16:00:15","modified_gmt":"2025-04-15T14:00:15","slug":"armadillidium-granulatum-white-pearl","status":"publish","type":"product","link":"https:\/\/antderground.com\/it\/prodotto\/armadillidium-granulatum-white-pearl\/","title":{"rendered":"Armadillidium granulatum &#8220;White Pearl&#8221;"},"content":{"rendered":"<h3 class=\"\" data-start=\"1973\" data-end=\"2037\">\ud83d\udcdd Scheda tecnica \u2013 <em data-start=\"1997\" data-end=\"2023\">Armadillidium granulatum<\/em> &#8220;White Pearl&#8221;<\/h3>\n<p class=\"\" data-start=\"2039\" data-end=\"2231\"><strong data-start=\"2039\" data-end=\"2055\">Nome comune:<\/strong> Isopode White Pearl<br data-start=\"2075\" data-end=\"2078\" \/><strong data-start=\"2078\" data-end=\"2099\">Nome scientifico:<\/strong> <em data-start=\"2100\" data-end=\"2126\">Armadillidium granulatum<\/em> &#8220;White Pearl&#8221;<br data-start=\"2140\" data-end=\"2143\" \/><strong data-start=\"2143\" data-end=\"2156\">Famiglia:<\/strong> Armadillidiidae<br data-start=\"2172\" data-end=\"2175\" \/><strong data-start=\"2175\" data-end=\"2187\">Origine:<\/strong> Europa (variante selezionata per il colore)<\/p>\n<h3 class=\"\" data-start=\"2238\" data-end=\"2257\">\n\ud83d\udccf Dimensioni<\/h3>\n<ul data-start=\"2258\" data-end=\"2323\">\n<li class=\"\" data-start=\"2258\" data-end=\"2301\">\n<p class=\"\" data-start=\"2260\" data-end=\"2301\"><strong data-start=\"2260\" data-end=\"2282\">Dimensione adulta:<\/strong> Circa 1,5 \u2013 2 cm<\/p>\n<\/li>\n<li class=\"\" data-start=\"2302\" data-end=\"2323\">\n<p class=\"\" data-start=\"2304\" data-end=\"2323\"><strong data-start=\"2304\" data-end=\"2317\">Crescita:<\/strong> Media<\/p>\n<\/li>\n<\/ul>\n<h3 class=\"\" data-start=\"2330\" data-end=\"2357\">\n\ud83c\udf21\ufe0f Condizioni ideali<\/h3>\n<ul data-start=\"2358\" data-end=\"2478\">\n<li class=\"\" data-start=\"2358\" data-end=\"2389\">\n<p class=\"\" data-start=\"2360\" data-end=\"2389\"><strong data-start=\"2360\" data-end=\"2376\">Temperatura:<\/strong> 20 \u2013 26\u202f\u00b0C<\/p>\n<\/li>\n<li class=\"\" data-start=\"2390\" data-end=\"2421\">\n<p class=\"\" data-start=\"2392\" data-end=\"2421\"><strong data-start=\"2392\" data-end=\"2404\">Umidit\u00e0:<\/strong> Media (60\u201375%)<\/p>\n<\/li>\n<li class=\"\" data-start=\"2422\" data-end=\"2478\">\n<p class=\"\" data-start=\"2424\" data-end=\"2478\"><strong data-start=\"2424\" data-end=\"2441\">Ventilazione:<\/strong> Buona, ma senza seccare il substrato<\/p>\n<\/li>\n<\/ul>\n<h3 class=\"\" data-start=\"2485\" data-end=\"2502\">\n\ud83c\udfe0 Terrario<\/h3>\n<ul data-start=\"2503\" data-end=\"2718\">\n<li class=\"\" data-start=\"2503\" data-end=\"2549\">\n<p class=\"\" data-start=\"2505\" data-end=\"2549\"><strong data-start=\"2505\" data-end=\"2525\">Tipo di habitat:<\/strong> Terrari umidi o misti<\/p>\n<\/li>\n<li class=\"\" data-start=\"2550\" data-end=\"2668\">\n<p class=\"\" data-start=\"2552\" data-end=\"2668\"><strong data-start=\"2552\" data-end=\"2566\">Substrato:<\/strong> Fibra di cocco, sfagno, lettiera secca, corteccia, calcio (osso di seppia o guscio d\u2019uovo macinato)<\/p>\n<\/li>\n<li class=\"\" data-start=\"2669\" data-end=\"2718\">\n<p class=\"\" data-start=\"2671\" data-end=\"2718\"><strong data-start=\"2671\" data-end=\"2687\">Decorazioni:<\/strong> Cortecce, pietre e nascondigli<\/p>\n<\/li>\n<\/ul>\n<h3 class=\"\" data-start=\"2725\" data-end=\"2748\">\n\ud83c\udf7d\ufe0f Alimentazione<\/h3>\n<ul data-start=\"2749\" data-end=\"2993\">\n<li class=\"\" data-start=\"2749\" data-end=\"2993\">\n<p class=\"\" data-start=\"2751\" data-end=\"2774\">Onnivoro detritivoro:<\/p>\n<ul data-start=\"2777\" data-end=\"2993\">\n<li class=\"\" data-start=\"2777\" data-end=\"2817\">\n<p class=\"\" data-start=\"2779\" data-end=\"2817\">Foglie secche (quercia, magnolia&#8230;)<\/p>\n<\/li>\n<li class=\"\" data-start=\"2820\" data-end=\"2847\">\n<p class=\"\" data-start=\"2822\" data-end=\"2847\">Legno in decomposizione<\/p>\n<\/li>\n<li class=\"\" data-start=\"2850\" data-end=\"2888\">\n<p class=\"\" data-start=\"2852\" data-end=\"2888\">Frutta e verdura (con moderazione)<\/p>\n<\/li>\n<li class=\"\" data-start=\"2891\" data-end=\"2917\">\n<p class=\"\" data-start=\"2893\" data-end=\"2917\">Integrazione di calcio<\/p>\n<\/li>\n<li class=\"\" data-start=\"2920\" data-end=\"2993\">\n<p class=\"\" data-start=\"2922\" data-end=\"2993\">Proteine animali occasionali (pesce essiccato, mangime per insettivori)<\/p>\n<\/li>\n<\/ul>\n<\/li>\n<\/ul>\n<h3 class=\"\" data-start=\"3000\" data-end=\"3033\">\n\ud83c\udf31 Compatibilit\u00e0 e utilizzo<\/h3>\n<ul data-start=\"3034\" data-end=\"3173\">\n<li class=\"\" data-start=\"3034\" data-end=\"3068\">\n<p class=\"\" data-start=\"3036\" data-end=\"3068\">Perfetto per terrari bioattivi<\/p>\n<\/li>\n<li class=\"\" data-start=\"3069\" data-end=\"3130\">\n<p class=\"\" data-start=\"3071\" data-end=\"3130\">Compatibile con rettili, anfibi e artropodi non predatori<\/p>\n<\/li>\n<li class=\"\" data-start=\"3131\" data-end=\"3173\">\n<p class=\"\" data-start=\"3133\" data-end=\"3173\">Ottimo decompositore di materia organica<\/p>\n<\/li>\n<\/ul>\n<h3 class=\"\" data-start=\"3180\" data-end=\"3204\">\n\ud83c\udfa8 Caratteristiche<\/h3>\n<ul data-start=\"3205\" data-end=\"3321\">\n<li class=\"\" data-start=\"3205\" data-end=\"3246\">\n<p class=\"\" data-start=\"3207\" data-end=\"3246\">Colore bianco perla, molto decorativo<\/p>\n<\/li>\n<li class=\"\" data-start=\"3247\" data-end=\"3290\">\n<p class=\"\" data-start=\"3249\" data-end=\"3290\">Si arrotola su s\u00e9 stesso per difendersi<\/p>\n<\/li>\n<li class=\"\" data-start=\"3291\" data-end=\"3321\">\n<p class=\"\" data-start=\"3293\" data-end=\"3321\">Attivo e facile da osservare<\/p>\n<\/li>\n<\/ul>\n","protected":false},"excerpt":{"rendered":"<p class=\"\" data-start=\"3374\" data-end=\"3531\">Isopode <em data-start=\"3382\" data-end=\"3408\">Armadillidium granulatum<\/em> &#8220;White Pearl&#8221;, bianco perla, resistente e decorativo. \ud83c\udf3f Perfetto per terrari bioattivi, facile da allevare e molto utile.<\/p>\n","protected":false},"featured_media":41800,"template":"","meta":[],"product_brand":[],"product_cat":[481,487,714],"product_tag":[],"class_list":{"0":"post-41813","1":"product","2":"type-product","3":"status-publish","4":"has-post-thumbnail","6":"product_cat-artropodi","7":"product_cat-isopodi","8":"product_cat-armadillidium","10":"first","11":"instock","12":"shipping-taxable","13":"purchasable","14":"product-type-variable"},"yoast_head":"<!-- This site is optimized with the Yoast SEO plugin v27.3 - https:\/\/yoast.com\/product\/yoast-seo-wordpress\/ -->\n<title>Armadillidium granulatum &quot;White Pearl&quot; | Isopodi - ANTDERGROUND<\/title>\n<meta name=\"description\" content=\"Isopode White Pearl (Armadillidium granulatum), bianco perla e facile da allevare. Ideale per terrari bioattivi e molto decorativo. \ud83c\udf3f\" \/>\n<meta name=\"robots\" content=\"index, follow, max-snippet:-1, max-image-preview:large, max-video-preview:-1\" \/>\n<link rel=\"canonical\" href=\"https:\/\/antderground.com\/it\/prodotto\/armadillidium-granulatum-white-pearl\/\" \/>\n<meta property=\"og:locale\" content=\"it_IT\" \/>\n<meta property=\"og:type\" content=\"article\" \/>\n<meta property=\"og:title\" content=\"Armadillidium granulatum &quot;White Pearl&quot; | Isopodi - ANTDERGROUND\" \/>\n<meta property=\"og:description\" content=\"Isopode White Pearl (Armadillidium granulatum), bianco perla e facile da allevare. Ideale per terrari bioattivi e molto decorativo. \ud83c\udf3f\" \/>\n<meta property=\"og:url\" content=\"https:\/\/antderground.com\/it\/prodotto\/armadillidium-granulatum-white-pearl\/\" \/>\n<meta property=\"og:site_name\" content=\"ANTDERGROUND\" \/>\n<meta property=\"og:image\" content=\"https:\/\/antderground.com\/wp-content\/uploads\/2025\/04\/Armadillidium-granulatum-White-Pearl.jpg\" \/>\n\t<meta property=\"og:image:width\" content=\"2048\" \/>\n\t<meta property=\"og:image:height\" content=\"2048\" \/>\n\t<meta property=\"og:image:type\" content=\"image\/jpeg\" \/>\n<meta name=\"twitter:card\" content=\"summary_large_image\" \/>\n<meta name=\"twitter:label1\" content=\"Tempo di lettura stimato\" \/>\n\t<meta name=\"twitter:data1\" content=\"1 minuto\" \/>\n<script type=\"application\/ld+json\" class=\"yoast-schema-graph\">{\"@context\":\"https:\\\/\\\/schema.org\",\"@graph\":[{\"@type\":\"WebPage\",\"@id\":\"https:\\\/\\\/antderground.com\\\/it\\\/prodotto\\\/armadillidium-granulatum-white-pearl\\\/\",\"url\":\"https:\\\/\\\/antderground.com\\\/it\\\/prodotto\\\/armadillidium-granulatum-white-pearl\\\/\",\"name\":\"Armadillidium granulatum \\\"White Pearl\\\" | Isopodi - ANTDERGROUND\",\"isPartOf\":{\"@id\":\"https:\\\/\\\/antderground.com\\\/it\\\/#website\"},\"primaryImageOfPage\":{\"@id\":\"https:\\\/\\\/antderground.com\\\/it\\\/prodotto\\\/armadillidium-granulatum-white-pearl\\\/#primaryimage\"},\"image\":{\"@id\":\"https:\\\/\\\/antderground.com\\\/it\\\/prodotto\\\/armadillidium-granulatum-white-pearl\\\/#primaryimage\"},\"thumbnailUrl\":\"https:\\\/\\\/antderground.com\\\/wp-content\\\/uploads\\\/2025\\\/04\\\/Armadillidium-granulatum-White-Pearl.jpg\",\"datePublished\":\"2025-04-15T14:00:15+00:00\",\"description\":\"Isopode White Pearl (Armadillidium granulatum), bianco perla e facile da allevare. Ideale per terrari bioattivi e molto decorativo. \ud83c\udf3f\",\"breadcrumb\":{\"@id\":\"https:\\\/\\\/antderground.com\\\/it\\\/prodotto\\\/armadillidium-granulatum-white-pearl\\\/#breadcrumb\"},\"inLanguage\":\"it-IT\",\"potentialAction\":[{\"@type\":\"ReadAction\",\"target\":[\"https:\\\/\\\/antderground.com\\\/it\\\/prodotto\\\/armadillidium-granulatum-white-pearl\\\/\"]}]},{\"@type\":\"ImageObject\",\"inLanguage\":\"it-IT\",\"@id\":\"https:\\\/\\\/antderground.com\\\/it\\\/prodotto\\\/armadillidium-granulatum-white-pearl\\\/#primaryimage\",\"url\":\"https:\\\/\\\/antderground.com\\\/wp-content\\\/uploads\\\/2025\\\/04\\\/Armadillidium-granulatum-White-Pearl.jpg\",\"contentUrl\":\"https:\\\/\\\/antderground.com\\\/wp-content\\\/uploads\\\/2025\\\/04\\\/Armadillidium-granulatum-White-Pearl.jpg\",\"width\":2048,\"height\":2048,\"caption\":\"Armadillidium granulatum White Pearl\"},{\"@type\":\"BreadcrumbList\",\"@id\":\"https:\\\/\\\/antderground.com\\\/it\\\/prodotto\\\/armadillidium-granulatum-white-pearl\\\/#breadcrumb\",\"itemListElement\":[{\"@type\":\"ListItem\",\"position\":1,\"name\":\"Portada\",\"item\":\"https:\\\/\\\/antderground.com\\\/it\\\/\"},{\"@type\":\"ListItem\",\"position\":2,\"name\":\"Prodotti\",\"item\":\"https:\\\/\\\/antderground.com\\\/it\\\/prodotti\\\/\"},{\"@type\":\"ListItem\",\"position\":3,\"name\":\"Armadillidium granulatum &#8220;White Pearl&#8221;\"}]},{\"@type\":\"WebSite\",\"@id\":\"https:\\\/\\\/antderground.com\\\/it\\\/#website\",\"url\":\"https:\\\/\\\/antderground.com\\\/it\\\/\",\"name\":\"ANTDERGROUND\",\"description\":\"Tu tienda de hormigas, gran variedad de hormigueros acr\u00edlicos,madera,arena,3D y mas.. Pide tus hormigas gratis con tu pedido, somos expertos en hormigueros antifugas.\",\"publisher\":{\"@id\":\"https:\\\/\\\/antderground.com\\\/it\\\/#\\\/schema\\\/person\\\/0e322c505e84fe72c65e2f6d08f96b81\"},\"alternateName\":\"Antderground\",\"potentialAction\":[{\"@type\":\"SearchAction\",\"target\":{\"@type\":\"EntryPoint\",\"urlTemplate\":\"https:\\\/\\\/antderground.com\\\/it\\\/?s={search_term_string}\"},\"query-input\":{\"@type\":\"PropertyValueSpecification\",\"valueRequired\":true,\"valueName\":\"search_term_string\"}}],\"inLanguage\":\"it-IT\"},{\"@type\":[\"Person\",\"Organization\"],\"@id\":\"https:\\\/\\\/antderground.com\\\/it\\\/#\\\/schema\\\/person\\\/0e322c505e84fe72c65e2f6d08f96b81\",\"name\":\"Eric de Antderground\",\"image\":{\"@type\":\"ImageObject\",\"inLanguage\":\"it-IT\",\"@id\":\"https:\\\/\\\/secure.gravatar.com\\\/avatar\\\/c49a1b9f79216d1498cb73c1e85cd47f4465dda35f2a94c03790d491bd4423c3?s=96&d=mm&r=g\",\"url\":\"https:\\\/\\\/secure.gravatar.com\\\/avatar\\\/c49a1b9f79216d1498cb73c1e85cd47f4465dda35f2a94c03790d491bd4423c3?s=96&d=mm&r=g\",\"contentUrl\":\"https:\\\/\\\/secure.gravatar.com\\\/avatar\\\/c49a1b9f79216d1498cb73c1e85cd47f4465dda35f2a94c03790d491bd4423c3?s=96&d=mm&r=g\",\"caption\":\"Eric de Antderground\"},\"logo\":{\"@id\":\"https:\\\/\\\/secure.gravatar.com\\\/avatar\\\/c49a1b9f79216d1498cb73c1e85cd47f4465dda35f2a94c03790d491bd4423c3?s=96&d=mm&r=g\"},\"description\":\"Eric es el especialista y fundador de Antderground, con una amplia trayectoria en artr\u00f3podos y enfocado en la mirmecolog\u00eda y el dise\u00f1o de hormigueros artificiales. Su enfoque combina la innovaci\u00f3n t\u00e9cnica con el respeto por la biolog\u00eda de las hormigas, is\u00f3podos y otros, desarrollando sistemas de nidos modulares 3D y acr\u00edlicos que son referentes para aficionados y profesionales en toda Europa. Su objetivo es facilitar la cr\u00eda de hormigas y otros artr\u00f3podos mediante soluciones seguras y divulgaci\u00f3n de calidad.\",\"sameAs\":[\"https:\\\/\\\/antderground.com\\\/\",\"https:\\\/\\\/www.youtube.com\\\/channel\\\/UCio72z7TlbufkAthAJIJfPw\"]}]}<\/script>\n<!-- \/ Yoast SEO plugin. -->","yoast_head_json":{"title":"Armadillidium granulatum \"White Pearl\" | Isopodi - ANTDERGROUND","description":"Isopode White Pearl (Armadillidium granulatum), bianco perla e facile da allevare. Ideale per terrari bioattivi e molto decorativo. \ud83c\udf3f","robots":{"index":"index","follow":"follow","max-snippet":"max-snippet:-1","max-image-preview":"max-image-preview:large","max-video-preview":"max-video-preview:-1"},"canonical":"https:\/\/antderground.com\/it\/prodotto\/armadillidium-granulatum-white-pearl\/","og_locale":"it_IT","og_type":"article","og_title":"Armadillidium granulatum \"White Pearl\" | Isopodi - ANTDERGROUND","og_description":"Isopode White Pearl (Armadillidium granulatum), bianco perla e facile da allevare. Ideale per terrari bioattivi e molto decorativo. \ud83c\udf3f","og_url":"https:\/\/antderground.com\/it\/prodotto\/armadillidium-granulatum-white-pearl\/","og_site_name":"ANTDERGROUND","og_image":[{"width":2048,"height":2048,"url":"https:\/\/antderground.com\/wp-content\/uploads\/2025\/04\/Armadillidium-granulatum-White-Pearl.jpg","type":"image\/jpeg"}],"twitter_card":"summary_large_image","twitter_misc":{"Tempo di lettura stimato":"1 minuto"},"schema":{"@context":"https:\/\/schema.org","@graph":[{"@type":"WebPage","@id":"https:\/\/antderground.com\/it\/prodotto\/armadillidium-granulatum-white-pearl\/","url":"https:\/\/antderground.com\/it\/prodotto\/armadillidium-granulatum-white-pearl\/","name":"Armadillidium granulatum \"White Pearl\" | Isopodi - ANTDERGROUND","isPartOf":{"@id":"https:\/\/antderground.com\/it\/#website"},"primaryImageOfPage":{"@id":"https:\/\/antderground.com\/it\/prodotto\/armadillidium-granulatum-white-pearl\/#primaryimage"},"image":{"@id":"https:\/\/antderground.com\/it\/prodotto\/armadillidium-granulatum-white-pearl\/#primaryimage"},"thumbnailUrl":"https:\/\/antderground.com\/wp-content\/uploads\/2025\/04\/Armadillidium-granulatum-White-Pearl.jpg","datePublished":"2025-04-15T14:00:15+00:00","description":"Isopode White Pearl (Armadillidium granulatum), bianco perla e facile da allevare. Ideale per terrari bioattivi e molto decorativo. \ud83c\udf3f","breadcrumb":{"@id":"https:\/\/antderground.com\/it\/prodotto\/armadillidium-granulatum-white-pearl\/#breadcrumb"},"inLanguage":"it-IT","potentialAction":[{"@type":"ReadAction","target":["https:\/\/antderground.com\/it\/prodotto\/armadillidium-granulatum-white-pearl\/"]}]},{"@type":"ImageObject","inLanguage":"it-IT","@id":"https:\/\/antderground.com\/it\/prodotto\/armadillidium-granulatum-white-pearl\/#primaryimage","url":"https:\/\/antderground.com\/wp-content\/uploads\/2025\/04\/Armadillidium-granulatum-White-Pearl.jpg","contentUrl":"https:\/\/antderground.com\/wp-content\/uploads\/2025\/04\/Armadillidium-granulatum-White-Pearl.jpg","width":2048,"height":2048,"caption":"Armadillidium granulatum White Pearl"},{"@type":"BreadcrumbList","@id":"https:\/\/antderground.com\/it\/prodotto\/armadillidium-granulatum-white-pearl\/#breadcrumb","itemListElement":[{"@type":"ListItem","position":1,"name":"Portada","item":"https:\/\/antderground.com\/it\/"},{"@type":"ListItem","position":2,"name":"Prodotti","item":"https:\/\/antderground.com\/it\/prodotti\/"},{"@type":"ListItem","position":3,"name":"Armadillidium granulatum &#8220;White Pearl&#8221;"}]},{"@type":"WebSite","@id":"https:\/\/antderground.com\/it\/#website","url":"https:\/\/antderground.com\/it\/","name":"ANTDERGROUND","description":"Tu tienda de hormigas, gran variedad de hormigueros acr\u00edlicos,madera,arena,3D y mas.. Pide tus hormigas gratis con tu pedido, somos expertos en hormigueros antifugas.","publisher":{"@id":"https:\/\/antderground.com\/it\/#\/schema\/person\/0e322c505e84fe72c65e2f6d08f96b81"},"alternateName":"Antderground","potentialAction":[{"@type":"SearchAction","target":{"@type":"EntryPoint","urlTemplate":"https:\/\/antderground.com\/it\/?s={search_term_string}"},"query-input":{"@type":"PropertyValueSpecification","valueRequired":true,"valueName":"search_term_string"}}],"inLanguage":"it-IT"},{"@type":["Person","Organization"],"@id":"https:\/\/antderground.com\/it\/#\/schema\/person\/0e322c505e84fe72c65e2f6d08f96b81","name":"Eric de Antderground","image":{"@type":"ImageObject","inLanguage":"it-IT","@id":"https:\/\/secure.gravatar.com\/avatar\/c49a1b9f79216d1498cb73c1e85cd47f4465dda35f2a94c03790d491bd4423c3?s=96&d=mm&r=g","url":"https:\/\/secure.gravatar.com\/avatar\/c49a1b9f79216d1498cb73c1e85cd47f4465dda35f2a94c03790d491bd4423c3?s=96&d=mm&r=g","contentUrl":"https:\/\/secure.gravatar.com\/avatar\/c49a1b9f79216d1498cb73c1e85cd47f4465dda35f2a94c03790d491bd4423c3?s=96&d=mm&r=g","caption":"Eric de Antderground"},"logo":{"@id":"https:\/\/secure.gravatar.com\/avatar\/c49a1b9f79216d1498cb73c1e85cd47f4465dda35f2a94c03790d491bd4423c3?s=96&d=mm&r=g"},"description":"Eric es el especialista y fundador de Antderground, con una amplia trayectoria en artr\u00f3podos y enfocado en la mirmecolog\u00eda y el dise\u00f1o de hormigueros artificiales. Su enfoque combina la innovaci\u00f3n t\u00e9cnica con el respeto por la biolog\u00eda de las hormigas, is\u00f3podos y otros, desarrollando sistemas de nidos modulares 3D y acr\u00edlicos que son referentes para aficionados y profesionales en toda Europa. Su objetivo es facilitar la cr\u00eda de hormigas y otros artr\u00f3podos mediante soluciones seguras y divulgaci\u00f3n de calidad.","sameAs":["https:\/\/antderground.com\/","https:\/\/www.youtube.com\/channel\/UCio72z7TlbufkAthAJIJfPw"]}]}},"_links":{"self":[{"href":"https:\/\/antderground.com\/it\/wp-json\/wp\/v2\/product\/41813","targetHints":{"allow":["GET"]}}],"collection":[{"href":"https:\/\/antderground.com\/it\/wp-json\/wp\/v2\/product"}],"about":[{"href":"https:\/\/antderground.com\/it\/wp-json\/wp\/v2\/types\/product"}],"version-history":[{"count":0,"href":"https:\/\/antderground.com\/it\/wp-json\/wp\/v2\/product\/41813\/revisions"}],"wp:featuredmedia":[{"embeddable":true,"href":"https:\/\/antderground.com\/it\/wp-json\/wp\/v2\/media\/41800"}],"wp:attachment":[{"href":"https:\/\/antderground.com\/it\/wp-json\/wp\/v2\/media?parent=41813"}],"wp:term":[{"taxonomy":"product_brand","embeddable":true,"href":"https:\/\/antderground.com\/it\/wp-json\/wp\/v2\/product_brand?post=41813"},{"taxonomy":"product_cat","embeddable":true,"href":"https:\/\/antderground.com\/it\/wp-json\/wp\/v2\/product_cat?post=41813"},{"taxonomy":"product_tag","embeddable":true,"href":"https:\/\/antderground.com\/it\/wp-json\/wp\/v2\/product_tag?post=41813"}],"curies":[{"name":"wp","href":"https:\/\/api.w.org\/{rel}","templated":true}]}}