{"id":42013,"date":"2025-04-23T17:20:32","date_gmt":"2025-04-23T15:20:32","guid":{"rendered":"https:\/\/www.antderground.com\/producto\/micro-grilli-acheta-domesticus\/"},"modified":"2025-06-30T17:04:02","modified_gmt":"2025-06-30T15:04:02","slug":"micro-grilli-acheta-domesticus","status":"publish","type":"product","link":"https:\/\/antderground.com\/it\/prodotto\/micro-grilli-acheta-domesticus\/","title":{"rendered":"Micro grilli Acheta domesticus"},"content":{"rendered":"<h3 class=\"\" data-start=\"139\" data-end=\"208\">\ud83e\udd97 <strong data-start=\"146\" data-end=\"208\">Scheda tecnica \u2013 Micro grilli Acheta domesticus (3-7 giorni)<\/strong><\/h3>\n<p class=\"\" data-start=\"210\" data-end=\"536\"><strong data-start=\"210\" data-end=\"226\">Nome comune:<\/strong> Grillo domestico (micro)<br data-start=\"251\" data-end=\"254\" \/><strong data-start=\"254\" data-end=\"275\">Nome scientifico:<\/strong> <em data-start=\"276\" data-end=\"295\">Acheta domesticus<\/em><br data-start=\"295\" data-end=\"298\" \/><strong data-start=\"298\" data-end=\"311\">Famiglia:<\/strong> Gryllidae<br data-start=\"321\" data-end=\"324\" \/><strong data-start=\"324\" data-end=\"335\">Genere:<\/strong> Acheta<br data-start=\"342\" data-end=\"345\" \/><strong data-start=\"345\" data-end=\"368\">Et\u00e0 approssimativa:<\/strong> 3-7 giorni<br data-start=\"377\" data-end=\"380\" \/><strong data-start=\"380\" data-end=\"395\">Dimensione:<\/strong> 1-3 mm<br data-start=\"402\" data-end=\"405\" \/><strong data-start=\"405\" data-end=\"417\">Origine:<\/strong> Cosmopolita, allevati in allevamenti specializzati in condizioni controllate<br data-start=\"494\" data-end=\"497\" \/><strong data-start=\"497\" data-end=\"521\">Aspettativa di vita:<\/strong> 8\u201310 settimane<\/p>\n<h3 class=\"\" data-start=\"543\" data-end=\"572\">\u2705 <strong data-start=\"549\" data-end=\"572\">Valori nutrizionali<\/strong><\/h3>\n<ul data-start=\"574\" data-end=\"871\">\n<li class=\"\" data-start=\"574\" data-end=\"692\">\n<p class=\"\" data-start=\"576\" data-end=\"692\"><strong data-start=\"576\" data-end=\"606\">Ad alto contenuto proteico<\/strong>: 60\u201370% di proteine, ideali per la crescita di animali giovani o di piccola taglia.<\/p>\n<\/li>\n<li class=\"\" data-start=\"693\" data-end=\"759\">\n<p class=\"\" data-start=\"695\" data-end=\"759\"><strong data-start=\"695\" data-end=\"724\">Basso contenuto di grassi<\/strong>: Energia senza eccesso calorico.<\/p>\n<\/li>\n<li class=\"\" data-start=\"760\" data-end=\"871\">\n<p class=\"\" data-start=\"762\" data-end=\"871\"><strong data-start=\"762\" data-end=\"790\">Ricchi di micronutrienti<\/strong>: Calcio, ferro, magnesio e vitamina B12 per un sistema immunitario e osseo sano.<\/p>\n<\/li>\n<\/ul>\n<h3 class=\"\" data-start=\"878\" data-end=\"899\">\ud83d\udc38 <strong data-start=\"885\" data-end=\"899\">Ideali per<\/strong><\/h3>\n<p class=\"\" data-start=\"901\" data-end=\"1095\">Rettili, anfibi, uccelli insettivori, pesci, artropodi e piccoli mammiferi.<br data-start=\"976\" data-end=\"979\" \/>Stimolano il comportamento naturale di caccia e sono <strong data-start=\"1032\" data-end=\"1054\">facili da digerire<\/strong>, anche per cuccioli o animali sensibili.<\/p>\n<h3 class=\"\" data-start=\"1102\" data-end=\"1138\">\ud83e\uddca <strong data-start=\"1109\" data-end=\"1138\">Consigli di conservazione<\/strong><\/h3>\n<ul data-start=\"1140\" data-end=\"1301\">\n<li class=\"\" data-start=\"1140\" data-end=\"1252\">\n<p class=\"\" data-start=\"1142\" data-end=\"1252\">Conservare in un contenitore ben ventilato, con una fonte di umidit\u00e0 (come gel idratante o verdure fresche).<\/p>\n<\/li>\n<li class=\"\" data-start=\"1253\" data-end=\"1301\">\n<p class=\"\" data-start=\"1255\" data-end=\"1301\">Evitare temperature estreme. Ideale: 20\u201325 \u00b0C.<\/p>\n<\/li>\n<\/ul>\n<p class=\"\" data-start=\"1308\" data-end=\"1481\">\u26a0\ufe0f <strong data-start=\"1311\" data-end=\"1320\">Nota:<\/strong> I micro grilli <em data-start=\"1336\" data-end=\"1355\">Acheta domesticus<\/em> venduti nel nostro negozio <strong data-start=\"1383\" data-end=\"1419\">non sono adatti al consumo umano<\/strong>. Prodotto destinato esclusivamente all\u2019alimentazione animale.<\/p>\n","protected":false},"excerpt":{"rendered":"<p class=\"\" data-start=\"1541\" data-end=\"1785\">Nutri i tuoi piccoli animali con energia viva! \ud83e\udd97 I nostri <strong data-start=\"1600\" data-end=\"1634\">micro grilli Acheta domesticus<\/strong> (3-7 giorni) sono perfetti per rettili, anfibi e artropodi. Alta proteina, facile digestione e dimensioni ideali. D\u00e0 loro il meglio fin dal primo morso!<\/p>\n","protected":false},"featured_media":42000,"template":"","meta":[],"product_brand":[],"product_cat":[348,665],"product_tag":[],"class_list":{"0":"post-42013","1":"product","2":"type-product","3":"status-publish","4":"has-post-thumbnail","6":"product_cat-alimentazione","7":"product_cat-cibo-vivo","9":"first","10":"outofstock","11":"shipping-taxable","12":"purchasable","13":"product-type-variable"},"yoast_head":"<!-- This site is optimized with the Yoast SEO plugin v27.4 - https:\/\/yoast.com\/product\/yoast-seo-wordpress\/ -->\n<title>Micro grilli Acheta domesticus | Cibo vivo - ANTDERGROUND<\/title>\n<meta name=\"description\" content=\"Acquista micro grilli Acheta domesticus di 5 giorni. Cibo vivo ideale per rettili e anfibi giovani. Alta proteina e facile digestione.\" \/>\n<meta name=\"robots\" content=\"index, follow, max-snippet:-1, max-image-preview:large, max-video-preview:-1\" \/>\n<link rel=\"canonical\" href=\"https:\/\/antderground.com\/it\/prodotto\/micro-grilli-acheta-domesticus\/\" \/>\n<meta property=\"og:locale\" content=\"it_IT\" \/>\n<meta property=\"og:type\" content=\"article\" \/>\n<meta property=\"og:title\" content=\"Micro grilli Acheta domesticus | Cibo vivo - ANTDERGROUND\" \/>\n<meta property=\"og:description\" content=\"Acquista micro grilli Acheta domesticus di 5 giorni. Cibo vivo ideale per rettili e anfibi giovani. Alta proteina e facile digestione.\" \/>\n<meta property=\"og:url\" content=\"https:\/\/antderground.com\/it\/prodotto\/micro-grilli-acheta-domesticus\/\" \/>\n<meta property=\"og:site_name\" content=\"ANTDERGROUND\" \/>\n<meta property=\"article:modified_time\" content=\"2025-06-30T15:04:02+00:00\" \/>\n<meta property=\"og:image\" content=\"https:\/\/antderground.com\/wp-content\/uploads\/2025\/04\/Micro-grillos-Acheta-domesticus.jpg\" \/>\n\t<meta property=\"og:image:width\" content=\"2048\" \/>\n\t<meta property=\"og:image:height\" content=\"2048\" \/>\n\t<meta property=\"og:image:type\" content=\"image\/jpeg\" \/>\n<meta name=\"twitter:card\" content=\"summary_large_image\" \/>\n<meta name=\"twitter:label1\" content=\"Tempo di lettura stimato\" \/>\n\t<meta name=\"twitter:data1\" content=\"1 minuto\" \/>\n<script type=\"application\/ld+json\" class=\"yoast-schema-graph\">{\"@context\":\"https:\\\/\\\/schema.org\",\"@graph\":[{\"@type\":\"WebPage\",\"@id\":\"https:\\\/\\\/antderground.com\\\/it\\\/prodotto\\\/micro-grilli-acheta-domesticus\\\/\",\"url\":\"https:\\\/\\\/antderground.com\\\/it\\\/prodotto\\\/micro-grilli-acheta-domesticus\\\/\",\"name\":\"Micro grilli Acheta domesticus | Cibo vivo - ANTDERGROUND\",\"isPartOf\":{\"@id\":\"https:\\\/\\\/antderground.com\\\/it\\\/#website\"},\"primaryImageOfPage\":{\"@id\":\"https:\\\/\\\/antderground.com\\\/it\\\/prodotto\\\/micro-grilli-acheta-domesticus\\\/#primaryimage\"},\"image\":{\"@id\":\"https:\\\/\\\/antderground.com\\\/it\\\/prodotto\\\/micro-grilli-acheta-domesticus\\\/#primaryimage\"},\"thumbnailUrl\":\"https:\\\/\\\/antderground.com\\\/wp-content\\\/uploads\\\/2025\\\/04\\\/Micro-grillos-Acheta-domesticus.jpg\",\"datePublished\":\"2025-04-23T15:20:32+00:00\",\"dateModified\":\"2025-06-30T15:04:02+00:00\",\"description\":\"Acquista micro grilli Acheta domesticus di 5 giorni. Cibo vivo ideale per rettili e anfibi giovani. Alta proteina e facile digestione.\",\"breadcrumb\":{\"@id\":\"https:\\\/\\\/antderground.com\\\/it\\\/prodotto\\\/micro-grilli-acheta-domesticus\\\/#breadcrumb\"},\"inLanguage\":\"it-IT\",\"potentialAction\":[{\"@type\":\"ReadAction\",\"target\":[\"https:\\\/\\\/antderground.com\\\/it\\\/prodotto\\\/micro-grilli-acheta-domesticus\\\/\"]}]},{\"@type\":\"ImageObject\",\"inLanguage\":\"it-IT\",\"@id\":\"https:\\\/\\\/antderground.com\\\/it\\\/prodotto\\\/micro-grilli-acheta-domesticus\\\/#primaryimage\",\"url\":\"https:\\\/\\\/antderground.com\\\/wp-content\\\/uploads\\\/2025\\\/04\\\/Micro-grillos-Acheta-domesticus.jpg\",\"contentUrl\":\"https:\\\/\\\/antderground.com\\\/wp-content\\\/uploads\\\/2025\\\/04\\\/Micro-grillos-Acheta-domesticus.jpg\",\"width\":2048,\"height\":2048,\"caption\":\"Micro grilli Acheta domesticus\"},{\"@type\":\"BreadcrumbList\",\"@id\":\"https:\\\/\\\/antderground.com\\\/it\\\/prodotto\\\/micro-grilli-acheta-domesticus\\\/#breadcrumb\",\"itemListElement\":[{\"@type\":\"ListItem\",\"position\":1,\"name\":\"Portada\",\"item\":\"https:\\\/\\\/antderground.com\\\/it\\\/\"},{\"@type\":\"ListItem\",\"position\":2,\"name\":\"Prodotti\",\"item\":\"https:\\\/\\\/antderground.com\\\/it\\\/prodotti\\\/\"},{\"@type\":\"ListItem\",\"position\":3,\"name\":\"Micro grilli Acheta domesticus\"}]},{\"@type\":\"WebSite\",\"@id\":\"https:\\\/\\\/antderground.com\\\/it\\\/#website\",\"url\":\"https:\\\/\\\/antderground.com\\\/it\\\/\",\"name\":\"ANTDERGROUND\",\"description\":\"Tu tienda de hormigas, gran variedad de hormigueros acr\u00edlicos,madera,arena,3D y mas.. Pide tus hormigas gratis con tu pedido, somos expertos en hormigueros antifugas.\",\"publisher\":{\"@id\":\"https:\\\/\\\/antderground.com\\\/it\\\/#\\\/schema\\\/person\\\/0e322c505e84fe72c65e2f6d08f96b81\"},\"alternateName\":\"Antderground\",\"potentialAction\":[{\"@type\":\"SearchAction\",\"target\":{\"@type\":\"EntryPoint\",\"urlTemplate\":\"https:\\\/\\\/antderground.com\\\/it\\\/?s={search_term_string}\"},\"query-input\":{\"@type\":\"PropertyValueSpecification\",\"valueRequired\":true,\"valueName\":\"search_term_string\"}}],\"inLanguage\":\"it-IT\"},{\"@type\":[\"Person\",\"Organization\"],\"@id\":\"https:\\\/\\\/antderground.com\\\/it\\\/#\\\/schema\\\/person\\\/0e322c505e84fe72c65e2f6d08f96b81\",\"name\":\"Eric de Antderground\",\"image\":{\"@type\":\"ImageObject\",\"inLanguage\":\"it-IT\",\"@id\":\"https:\\\/\\\/secure.gravatar.com\\\/avatar\\\/c49a1b9f79216d1498cb73c1e85cd47f4465dda35f2a94c03790d491bd4423c3?s=96&d=mm&r=g\",\"url\":\"https:\\\/\\\/secure.gravatar.com\\\/avatar\\\/c49a1b9f79216d1498cb73c1e85cd47f4465dda35f2a94c03790d491bd4423c3?s=96&d=mm&r=g\",\"contentUrl\":\"https:\\\/\\\/secure.gravatar.com\\\/avatar\\\/c49a1b9f79216d1498cb73c1e85cd47f4465dda35f2a94c03790d491bd4423c3?s=96&d=mm&r=g\",\"caption\":\"Eric de Antderground\"},\"logo\":{\"@id\":\"https:\\\/\\\/secure.gravatar.com\\\/avatar\\\/c49a1b9f79216d1498cb73c1e85cd47f4465dda35f2a94c03790d491bd4423c3?s=96&d=mm&r=g\"},\"description\":\"Eric es el especialista y fundador de Antderground, con una amplia trayectoria en artr\u00f3podos y enfocado en la mirmecolog\u00eda y el dise\u00f1o de hormigueros artificiales. Su enfoque combina la innovaci\u00f3n t\u00e9cnica con el respeto por la biolog\u00eda de las hormigas, is\u00f3podos y otros, desarrollando sistemas de nidos modulares 3D y acr\u00edlicos que son referentes para aficionados y profesionales en toda Europa. Su objetivo es facilitar la cr\u00eda de hormigas y otros artr\u00f3podos mediante soluciones seguras y divulgaci\u00f3n de calidad.\",\"sameAs\":[\"https:\\\/\\\/antderground.com\\\/\",\"https:\\\/\\\/www.youtube.com\\\/channel\\\/UCio72z7TlbufkAthAJIJfPw\"]}]}<\/script>\n<!-- \/ Yoast SEO plugin. -->","yoast_head_json":{"title":"Micro grilli Acheta domesticus | Cibo vivo - ANTDERGROUND","description":"Acquista micro grilli Acheta domesticus di 5 giorni. Cibo vivo ideale per rettili e anfibi giovani. Alta proteina e facile digestione.","robots":{"index":"index","follow":"follow","max-snippet":"max-snippet:-1","max-image-preview":"max-image-preview:large","max-video-preview":"max-video-preview:-1"},"canonical":"https:\/\/antderground.com\/it\/prodotto\/micro-grilli-acheta-domesticus\/","og_locale":"it_IT","og_type":"article","og_title":"Micro grilli Acheta domesticus | Cibo vivo - ANTDERGROUND","og_description":"Acquista micro grilli Acheta domesticus di 5 giorni. Cibo vivo ideale per rettili e anfibi giovani. Alta proteina e facile digestione.","og_url":"https:\/\/antderground.com\/it\/prodotto\/micro-grilli-acheta-domesticus\/","og_site_name":"ANTDERGROUND","article_modified_time":"2025-06-30T15:04:02+00:00","og_image":[{"width":2048,"height":2048,"url":"https:\/\/antderground.com\/wp-content\/uploads\/2025\/04\/Micro-grillos-Acheta-domesticus.jpg","type":"image\/jpeg"}],"twitter_card":"summary_large_image","twitter_misc":{"Tempo di lettura stimato":"1 minuto"},"schema":{"@context":"https:\/\/schema.org","@graph":[{"@type":"WebPage","@id":"https:\/\/antderground.com\/it\/prodotto\/micro-grilli-acheta-domesticus\/","url":"https:\/\/antderground.com\/it\/prodotto\/micro-grilli-acheta-domesticus\/","name":"Micro grilli Acheta domesticus | Cibo vivo - ANTDERGROUND","isPartOf":{"@id":"https:\/\/antderground.com\/it\/#website"},"primaryImageOfPage":{"@id":"https:\/\/antderground.com\/it\/prodotto\/micro-grilli-acheta-domesticus\/#primaryimage"},"image":{"@id":"https:\/\/antderground.com\/it\/prodotto\/micro-grilli-acheta-domesticus\/#primaryimage"},"thumbnailUrl":"https:\/\/antderground.com\/wp-content\/uploads\/2025\/04\/Micro-grillos-Acheta-domesticus.jpg","datePublished":"2025-04-23T15:20:32+00:00","dateModified":"2025-06-30T15:04:02+00:00","description":"Acquista micro grilli Acheta domesticus di 5 giorni. Cibo vivo ideale per rettili e anfibi giovani. Alta proteina e facile digestione.","breadcrumb":{"@id":"https:\/\/antderground.com\/it\/prodotto\/micro-grilli-acheta-domesticus\/#breadcrumb"},"inLanguage":"it-IT","potentialAction":[{"@type":"ReadAction","target":["https:\/\/antderground.com\/it\/prodotto\/micro-grilli-acheta-domesticus\/"]}]},{"@type":"ImageObject","inLanguage":"it-IT","@id":"https:\/\/antderground.com\/it\/prodotto\/micro-grilli-acheta-domesticus\/#primaryimage","url":"https:\/\/antderground.com\/wp-content\/uploads\/2025\/04\/Micro-grillos-Acheta-domesticus.jpg","contentUrl":"https:\/\/antderground.com\/wp-content\/uploads\/2025\/04\/Micro-grillos-Acheta-domesticus.jpg","width":2048,"height":2048,"caption":"Micro grilli Acheta domesticus"},{"@type":"BreadcrumbList","@id":"https:\/\/antderground.com\/it\/prodotto\/micro-grilli-acheta-domesticus\/#breadcrumb","itemListElement":[{"@type":"ListItem","position":1,"name":"Portada","item":"https:\/\/antderground.com\/it\/"},{"@type":"ListItem","position":2,"name":"Prodotti","item":"https:\/\/antderground.com\/it\/prodotti\/"},{"@type":"ListItem","position":3,"name":"Micro grilli Acheta domesticus"}]},{"@type":"WebSite","@id":"https:\/\/antderground.com\/it\/#website","url":"https:\/\/antderground.com\/it\/","name":"ANTDERGROUND","description":"Tu tienda de hormigas, gran variedad de hormigueros acr\u00edlicos,madera,arena,3D y mas.. Pide tus hormigas gratis con tu pedido, somos expertos en hormigueros antifugas.","publisher":{"@id":"https:\/\/antderground.com\/it\/#\/schema\/person\/0e322c505e84fe72c65e2f6d08f96b81"},"alternateName":"Antderground","potentialAction":[{"@type":"SearchAction","target":{"@type":"EntryPoint","urlTemplate":"https:\/\/antderground.com\/it\/?s={search_term_string}"},"query-input":{"@type":"PropertyValueSpecification","valueRequired":true,"valueName":"search_term_string"}}],"inLanguage":"it-IT"},{"@type":["Person","Organization"],"@id":"https:\/\/antderground.com\/it\/#\/schema\/person\/0e322c505e84fe72c65e2f6d08f96b81","name":"Eric de Antderground","image":{"@type":"ImageObject","inLanguage":"it-IT","@id":"https:\/\/secure.gravatar.com\/avatar\/c49a1b9f79216d1498cb73c1e85cd47f4465dda35f2a94c03790d491bd4423c3?s=96&d=mm&r=g","url":"https:\/\/secure.gravatar.com\/avatar\/c49a1b9f79216d1498cb73c1e85cd47f4465dda35f2a94c03790d491bd4423c3?s=96&d=mm&r=g","contentUrl":"https:\/\/secure.gravatar.com\/avatar\/c49a1b9f79216d1498cb73c1e85cd47f4465dda35f2a94c03790d491bd4423c3?s=96&d=mm&r=g","caption":"Eric de Antderground"},"logo":{"@id":"https:\/\/secure.gravatar.com\/avatar\/c49a1b9f79216d1498cb73c1e85cd47f4465dda35f2a94c03790d491bd4423c3?s=96&d=mm&r=g"},"description":"Eric es el especialista y fundador de Antderground, con una amplia trayectoria en artr\u00f3podos y enfocado en la mirmecolog\u00eda y el dise\u00f1o de hormigueros artificiales. Su enfoque combina la innovaci\u00f3n t\u00e9cnica con el respeto por la biolog\u00eda de las hormigas, is\u00f3podos y otros, desarrollando sistemas de nidos modulares 3D y acr\u00edlicos que son referentes para aficionados y profesionales en toda Europa. Su objetivo es facilitar la cr\u00eda de hormigas y otros artr\u00f3podos mediante soluciones seguras y divulgaci\u00f3n de calidad.","sameAs":["https:\/\/antderground.com\/","https:\/\/www.youtube.com\/channel\/UCio72z7TlbufkAthAJIJfPw"]}]}},"_links":{"self":[{"href":"https:\/\/antderground.com\/it\/wp-json\/wp\/v2\/product\/42013","targetHints":{"allow":["GET"]}}],"collection":[{"href":"https:\/\/antderground.com\/it\/wp-json\/wp\/v2\/product"}],"about":[{"href":"https:\/\/antderground.com\/it\/wp-json\/wp\/v2\/types\/product"}],"version-history":[{"count":0,"href":"https:\/\/antderground.com\/it\/wp-json\/wp\/v2\/product\/42013\/revisions"}],"wp:featuredmedia":[{"embeddable":true,"href":"https:\/\/antderground.com\/it\/wp-json\/wp\/v2\/media\/42000"}],"wp:attachment":[{"href":"https:\/\/antderground.com\/it\/wp-json\/wp\/v2\/media?parent=42013"}],"wp:term":[{"taxonomy":"product_brand","embeddable":true,"href":"https:\/\/antderground.com\/it\/wp-json\/wp\/v2\/product_brand?post=42013"},{"taxonomy":"product_cat","embeddable":true,"href":"https:\/\/antderground.com\/it\/wp-json\/wp\/v2\/product_cat?post=42013"},{"taxonomy":"product_tag","embeddable":true,"href":"https:\/\/antderground.com\/it\/wp-json\/wp\/v2\/product_tag?post=42013"}],"curies":[{"name":"wp","href":"https:\/\/api.w.org\/{rel}","templated":true}]}}