{"id":47542,"date":"2025-11-19T16:18:23","date_gmt":"2025-11-19T15:18:23","guid":{"rendered":"https:\/\/www.antderground.com\/producto\/kit-di-avvio-per-isopodi-v2\/"},"modified":"2025-11-19T16:18:23","modified_gmt":"2025-11-19T15:18:23","slug":"kit-di-avvio-per-isopodi-v2","status":"publish","type":"product","link":"https:\/\/antderground.com\/it\/prodotto\/kit-di-avvio-per-isopodi-v2\/","title":{"rendered":"Kit di avvio per isopodi v2"},"content":{"rendered":"<h3><strong>Kit di avvio per isopodi v2 \u2013 Tutto il necessario per iniziare<\/strong><\/h3>\n<p>Scopri il modo pi\u00f9 completo per iniziare la tua avventura con gli isopodi con il nostro <strong>Kit di avvio v2<\/strong>, una versione migliorata con pi\u00f9 elementi botanici e complementi per creare un ambiente naturale e sano per i tuoi isopodi.<\/p>\n<p>Il kit include:<\/p>\n<ul>\n<li>Contenitore da <strong>1,3 litri<\/strong> (18,5 x 12,5 x 7,5 cm), ideale per mantenere un microhabitat controllato.<\/li>\n<li><strong>500 ml di substrato per isopodi<\/strong>, pronto all\u2019uso.<\/li>\n<li><strong>Corteccia di sughero<\/strong> per rifugi e nascondigli.<\/li>\n<li><strong>Foglie naturali<\/strong> di quercia, salice o magnolia (secondo disponibilit\u00e0), per nutrimento e simulazione del loro habitat naturale.<\/li>\n<li><strong>IsoSnack<\/strong>, alimento complementare per garantire il loro benessere.<\/li>\n<li><strong>Baccello di magnolia<\/strong> per arricchire l\u2019ambiente.<\/li>\n<li><strong>Mangiatoia per isopodi<\/strong>, pratica e facile da pulire.<\/li>\n<\/ul>\n<p><strong>Extra opzionali:<\/strong><br \/>\nPuoi aggiungere diversi isopodi a un prezzo speciale acquistando il kit, per iniziare la tua colonia fin dal primo giorno.<\/p>\n<p>Con il <strong>Kit di avvio v2<\/strong>, avrai tutto il necessario per creare un microecosistema equilibrato, funzionale e naturale, perfetto sia per principianti sia per appassionati che vogliono un habitat pi\u00f9 completo per i propri isopodi.<\/p>\n","protected":false},"excerpt":{"rendered":"<p>Inizia la tua avventura con gli isopodi con il <strong>Kit di avvio v2<\/strong>. Contenitore, substrato, foglie naturali, corteccia, IsoSnack, mangiatoia e baccello di magnolia. Puoi aggiungere isopodi a prezzo speciale e creare un habitat sano e bello fin dal primo giorno.<\/p>\n","protected":false},"featured_media":47440,"template":"","meta":[],"product_brand":[],"product_cat":[601],"product_tag":[],"class_list":{"0":"post-47542","1":"product","2":"type-product","3":"status-publish","4":"has-post-thumbnail","6":"product_cat-kit-per-isopodi","8":"first","9":"instock","10":"shipping-taxable","11":"purchasable","12":"product-type-variable"},"yoast_head":"<!-- This site is optimized with the Yoast SEO plugin v27.3 - https:\/\/yoast.com\/product\/yoast-seo-wordpress\/ -->\n<title>Kit di avvio per isopodi v2 - ANTDERGROUND<\/title>\n<meta name=\"description\" content=\"Perfetto kit di avvio per isopodi V2, con tutti i materiali per iniziare. Contenitore con accessori e, in opzione, anche con isopodi \/ porcellini di terra.\" \/>\n<meta name=\"robots\" content=\"index, follow, max-snippet:-1, max-image-preview:large, max-video-preview:-1\" \/>\n<link rel=\"canonical\" href=\"https:\/\/antderground.com\/it\/prodotto\/kit-di-avvio-per-isopodi-v2\/\" \/>\n<meta property=\"og:locale\" content=\"it_IT\" \/>\n<meta property=\"og:type\" content=\"article\" \/>\n<meta property=\"og:title\" content=\"Kit di avvio per isopodi v2 - ANTDERGROUND\" \/>\n<meta property=\"og:description\" content=\"Perfetto kit di avvio per isopodi V2, con tutti i materiali per iniziare. Contenitore con accessori e, in opzione, anche con isopodi \/ porcellini di terra.\" \/>\n<meta property=\"og:url\" content=\"https:\/\/antderground.com\/it\/prodotto\/kit-di-avvio-per-isopodi-v2\/\" \/>\n<meta property=\"og:site_name\" content=\"ANTDERGROUND\" \/>\n<meta property=\"og:image\" content=\"https:\/\/antderground.com\/wp-content\/uploads\/2025\/11\/kit-inicio-v2-blanc2.jpg\" \/>\n\t<meta property=\"og:image:width\" content=\"800\" \/>\n\t<meta property=\"og:image:height\" content=\"800\" \/>\n\t<meta property=\"og:image:type\" content=\"image\/jpeg\" \/>\n<meta name=\"twitter:card\" content=\"summary_large_image\" \/>\n<meta name=\"twitter:label1\" content=\"Tempo di lettura stimato\" \/>\n\t<meta name=\"twitter:data1\" content=\"1 minuto\" \/>\n<script type=\"application\/ld+json\" class=\"yoast-schema-graph\">{\"@context\":\"https:\\\/\\\/schema.org\",\"@graph\":[{\"@type\":\"WebPage\",\"@id\":\"https:\\\/\\\/antderground.com\\\/it\\\/prodotto\\\/kit-di-avvio-per-isopodi-v2\\\/\",\"url\":\"https:\\\/\\\/antderground.com\\\/it\\\/prodotto\\\/kit-di-avvio-per-isopodi-v2\\\/\",\"name\":\"Kit di avvio per isopodi v2 - ANTDERGROUND\",\"isPartOf\":{\"@id\":\"https:\\\/\\\/antderground.com\\\/it\\\/#website\"},\"primaryImageOfPage\":{\"@id\":\"https:\\\/\\\/antderground.com\\\/it\\\/prodotto\\\/kit-di-avvio-per-isopodi-v2\\\/#primaryimage\"},\"image\":{\"@id\":\"https:\\\/\\\/antderground.com\\\/it\\\/prodotto\\\/kit-di-avvio-per-isopodi-v2\\\/#primaryimage\"},\"thumbnailUrl\":\"https:\\\/\\\/antderground.com\\\/wp-content\\\/uploads\\\/2025\\\/11\\\/kit-inicio-v2-blanc2.jpg\",\"datePublished\":\"2025-11-19T15:18:23+00:00\",\"description\":\"Perfetto kit di avvio per isopodi V2, con tutti i materiali per iniziare. Contenitore con accessori e, in opzione, anche con isopodi \\\/ porcellini di terra.\",\"breadcrumb\":{\"@id\":\"https:\\\/\\\/antderground.com\\\/it\\\/prodotto\\\/kit-di-avvio-per-isopodi-v2\\\/#breadcrumb\"},\"inLanguage\":\"it-IT\",\"potentialAction\":[{\"@type\":\"ReadAction\",\"target\":[\"https:\\\/\\\/antderground.com\\\/it\\\/prodotto\\\/kit-di-avvio-per-isopodi-v2\\\/\"]}]},{\"@type\":\"ImageObject\",\"inLanguage\":\"it-IT\",\"@id\":\"https:\\\/\\\/antderground.com\\\/it\\\/prodotto\\\/kit-di-avvio-per-isopodi-v2\\\/#primaryimage\",\"url\":\"https:\\\/\\\/antderground.com\\\/wp-content\\\/uploads\\\/2025\\\/11\\\/kit-inicio-v2-blanc2.jpg\",\"contentUrl\":\"https:\\\/\\\/antderground.com\\\/wp-content\\\/uploads\\\/2025\\\/11\\\/kit-inicio-v2-blanc2.jpg\",\"width\":800,\"height\":800,\"caption\":\"Kit di avvio per isopodi v2\"},{\"@type\":\"BreadcrumbList\",\"@id\":\"https:\\\/\\\/antderground.com\\\/it\\\/prodotto\\\/kit-di-avvio-per-isopodi-v2\\\/#breadcrumb\",\"itemListElement\":[{\"@type\":\"ListItem\",\"position\":1,\"name\":\"Portada\",\"item\":\"https:\\\/\\\/antderground.com\\\/it\\\/\"},{\"@type\":\"ListItem\",\"position\":2,\"name\":\"Prodotti\",\"item\":\"https:\\\/\\\/antderground.com\\\/it\\\/prodotti\\\/\"},{\"@type\":\"ListItem\",\"position\":3,\"name\":\"Kit di avvio per isopodi v2\"}]},{\"@type\":\"WebSite\",\"@id\":\"https:\\\/\\\/antderground.com\\\/it\\\/#website\",\"url\":\"https:\\\/\\\/antderground.com\\\/it\\\/\",\"name\":\"ANTDERGROUND\",\"description\":\"Tu tienda de hormigas, gran variedad de hormigueros acr\u00edlicos,madera,arena,3D y mas.. Pide tus hormigas gratis con tu pedido, somos expertos en hormigueros antifugas.\",\"publisher\":{\"@id\":\"https:\\\/\\\/antderground.com\\\/it\\\/#\\\/schema\\\/person\\\/0e322c505e84fe72c65e2f6d08f96b81\"},\"alternateName\":\"Antderground\",\"potentialAction\":[{\"@type\":\"SearchAction\",\"target\":{\"@type\":\"EntryPoint\",\"urlTemplate\":\"https:\\\/\\\/antderground.com\\\/it\\\/?s={search_term_string}\"},\"query-input\":{\"@type\":\"PropertyValueSpecification\",\"valueRequired\":true,\"valueName\":\"search_term_string\"}}],\"inLanguage\":\"it-IT\"},{\"@type\":[\"Person\",\"Organization\"],\"@id\":\"https:\\\/\\\/antderground.com\\\/it\\\/#\\\/schema\\\/person\\\/0e322c505e84fe72c65e2f6d08f96b81\",\"name\":\"Eric de Antderground\",\"image\":{\"@type\":\"ImageObject\",\"inLanguage\":\"it-IT\",\"@id\":\"https:\\\/\\\/secure.gravatar.com\\\/avatar\\\/c49a1b9f79216d1498cb73c1e85cd47f4465dda35f2a94c03790d491bd4423c3?s=96&d=mm&r=g\",\"url\":\"https:\\\/\\\/secure.gravatar.com\\\/avatar\\\/c49a1b9f79216d1498cb73c1e85cd47f4465dda35f2a94c03790d491bd4423c3?s=96&d=mm&r=g\",\"contentUrl\":\"https:\\\/\\\/secure.gravatar.com\\\/avatar\\\/c49a1b9f79216d1498cb73c1e85cd47f4465dda35f2a94c03790d491bd4423c3?s=96&d=mm&r=g\",\"caption\":\"Eric de Antderground\"},\"logo\":{\"@id\":\"https:\\\/\\\/secure.gravatar.com\\\/avatar\\\/c49a1b9f79216d1498cb73c1e85cd47f4465dda35f2a94c03790d491bd4423c3?s=96&d=mm&r=g\"},\"description\":\"Eric es el especialista y fundador de Antderground, con una amplia trayectoria en artr\u00f3podos y enfocado en la mirmecolog\u00eda y el dise\u00f1o de hormigueros artificiales. Su enfoque combina la innovaci\u00f3n t\u00e9cnica con el respeto por la biolog\u00eda de las hormigas, is\u00f3podos y otros, desarrollando sistemas de nidos modulares 3D y acr\u00edlicos que son referentes para aficionados y profesionales en toda Europa. Su objetivo es facilitar la cr\u00eda de hormigas y otros artr\u00f3podos mediante soluciones seguras y divulgaci\u00f3n de calidad.\",\"sameAs\":[\"https:\\\/\\\/antderground.com\\\/\",\"https:\\\/\\\/www.youtube.com\\\/channel\\\/UCio72z7TlbufkAthAJIJfPw\"]}]}<\/script>\n<!-- \/ Yoast SEO plugin. -->","yoast_head_json":{"title":"Kit di avvio per isopodi v2 - ANTDERGROUND","description":"Perfetto kit di avvio per isopodi V2, con tutti i materiali per iniziare. Contenitore con accessori e, in opzione, anche con isopodi \/ porcellini di terra.","robots":{"index":"index","follow":"follow","max-snippet":"max-snippet:-1","max-image-preview":"max-image-preview:large","max-video-preview":"max-video-preview:-1"},"canonical":"https:\/\/antderground.com\/it\/prodotto\/kit-di-avvio-per-isopodi-v2\/","og_locale":"it_IT","og_type":"article","og_title":"Kit di avvio per isopodi v2 - ANTDERGROUND","og_description":"Perfetto kit di avvio per isopodi V2, con tutti i materiali per iniziare. Contenitore con accessori e, in opzione, anche con isopodi \/ porcellini di terra.","og_url":"https:\/\/antderground.com\/it\/prodotto\/kit-di-avvio-per-isopodi-v2\/","og_site_name":"ANTDERGROUND","og_image":[{"width":800,"height":800,"url":"https:\/\/antderground.com\/wp-content\/uploads\/2025\/11\/kit-inicio-v2-blanc2.jpg","type":"image\/jpeg"}],"twitter_card":"summary_large_image","twitter_misc":{"Tempo di lettura stimato":"1 minuto"},"schema":{"@context":"https:\/\/schema.org","@graph":[{"@type":"WebPage","@id":"https:\/\/antderground.com\/it\/prodotto\/kit-di-avvio-per-isopodi-v2\/","url":"https:\/\/antderground.com\/it\/prodotto\/kit-di-avvio-per-isopodi-v2\/","name":"Kit di avvio per isopodi v2 - ANTDERGROUND","isPartOf":{"@id":"https:\/\/antderground.com\/it\/#website"},"primaryImageOfPage":{"@id":"https:\/\/antderground.com\/it\/prodotto\/kit-di-avvio-per-isopodi-v2\/#primaryimage"},"image":{"@id":"https:\/\/antderground.com\/it\/prodotto\/kit-di-avvio-per-isopodi-v2\/#primaryimage"},"thumbnailUrl":"https:\/\/antderground.com\/wp-content\/uploads\/2025\/11\/kit-inicio-v2-blanc2.jpg","datePublished":"2025-11-19T15:18:23+00:00","description":"Perfetto kit di avvio per isopodi V2, con tutti i materiali per iniziare. Contenitore con accessori e, in opzione, anche con isopodi \/ porcellini di terra.","breadcrumb":{"@id":"https:\/\/antderground.com\/it\/prodotto\/kit-di-avvio-per-isopodi-v2\/#breadcrumb"},"inLanguage":"it-IT","potentialAction":[{"@type":"ReadAction","target":["https:\/\/antderground.com\/it\/prodotto\/kit-di-avvio-per-isopodi-v2\/"]}]},{"@type":"ImageObject","inLanguage":"it-IT","@id":"https:\/\/antderground.com\/it\/prodotto\/kit-di-avvio-per-isopodi-v2\/#primaryimage","url":"https:\/\/antderground.com\/wp-content\/uploads\/2025\/11\/kit-inicio-v2-blanc2.jpg","contentUrl":"https:\/\/antderground.com\/wp-content\/uploads\/2025\/11\/kit-inicio-v2-blanc2.jpg","width":800,"height":800,"caption":"Kit di avvio per isopodi v2"},{"@type":"BreadcrumbList","@id":"https:\/\/antderground.com\/it\/prodotto\/kit-di-avvio-per-isopodi-v2\/#breadcrumb","itemListElement":[{"@type":"ListItem","position":1,"name":"Portada","item":"https:\/\/antderground.com\/it\/"},{"@type":"ListItem","position":2,"name":"Prodotti","item":"https:\/\/antderground.com\/it\/prodotti\/"},{"@type":"ListItem","position":3,"name":"Kit di avvio per isopodi v2"}]},{"@type":"WebSite","@id":"https:\/\/antderground.com\/it\/#website","url":"https:\/\/antderground.com\/it\/","name":"ANTDERGROUND","description":"Tu tienda de hormigas, gran variedad de hormigueros acr\u00edlicos,madera,arena,3D y mas.. Pide tus hormigas gratis con tu pedido, somos expertos en hormigueros antifugas.","publisher":{"@id":"https:\/\/antderground.com\/it\/#\/schema\/person\/0e322c505e84fe72c65e2f6d08f96b81"},"alternateName":"Antderground","potentialAction":[{"@type":"SearchAction","target":{"@type":"EntryPoint","urlTemplate":"https:\/\/antderground.com\/it\/?s={search_term_string}"},"query-input":{"@type":"PropertyValueSpecification","valueRequired":true,"valueName":"search_term_string"}}],"inLanguage":"it-IT"},{"@type":["Person","Organization"],"@id":"https:\/\/antderground.com\/it\/#\/schema\/person\/0e322c505e84fe72c65e2f6d08f96b81","name":"Eric de Antderground","image":{"@type":"ImageObject","inLanguage":"it-IT","@id":"https:\/\/secure.gravatar.com\/avatar\/c49a1b9f79216d1498cb73c1e85cd47f4465dda35f2a94c03790d491bd4423c3?s=96&d=mm&r=g","url":"https:\/\/secure.gravatar.com\/avatar\/c49a1b9f79216d1498cb73c1e85cd47f4465dda35f2a94c03790d491bd4423c3?s=96&d=mm&r=g","contentUrl":"https:\/\/secure.gravatar.com\/avatar\/c49a1b9f79216d1498cb73c1e85cd47f4465dda35f2a94c03790d491bd4423c3?s=96&d=mm&r=g","caption":"Eric de Antderground"},"logo":{"@id":"https:\/\/secure.gravatar.com\/avatar\/c49a1b9f79216d1498cb73c1e85cd47f4465dda35f2a94c03790d491bd4423c3?s=96&d=mm&r=g"},"description":"Eric es el especialista y fundador de Antderground, con una amplia trayectoria en artr\u00f3podos y enfocado en la mirmecolog\u00eda y el dise\u00f1o de hormigueros artificiales. Su enfoque combina la innovaci\u00f3n t\u00e9cnica con el respeto por la biolog\u00eda de las hormigas, is\u00f3podos y otros, desarrollando sistemas de nidos modulares 3D y acr\u00edlicos que son referentes para aficionados y profesionales en toda Europa. Su objetivo es facilitar la cr\u00eda de hormigas y otros artr\u00f3podos mediante soluciones seguras y divulgaci\u00f3n de calidad.","sameAs":["https:\/\/antderground.com\/","https:\/\/www.youtube.com\/channel\/UCio72z7TlbufkAthAJIJfPw"]}]}},"_links":{"self":[{"href":"https:\/\/antderground.com\/it\/wp-json\/wp\/v2\/product\/47542","targetHints":{"allow":["GET"]}}],"collection":[{"href":"https:\/\/antderground.com\/it\/wp-json\/wp\/v2\/product"}],"about":[{"href":"https:\/\/antderground.com\/it\/wp-json\/wp\/v2\/types\/product"}],"version-history":[{"count":0,"href":"https:\/\/antderground.com\/it\/wp-json\/wp\/v2\/product\/47542\/revisions"}],"wp:featuredmedia":[{"embeddable":true,"href":"https:\/\/antderground.com\/it\/wp-json\/wp\/v2\/media\/47440"}],"wp:attachment":[{"href":"https:\/\/antderground.com\/it\/wp-json\/wp\/v2\/media?parent=47542"}],"wp:term":[{"taxonomy":"product_brand","embeddable":true,"href":"https:\/\/antderground.com\/it\/wp-json\/wp\/v2\/product_brand?post=47542"},{"taxonomy":"product_cat","embeddable":true,"href":"https:\/\/antderground.com\/it\/wp-json\/wp\/v2\/product_cat?post=47542"},{"taxonomy":"product_tag","embeddable":true,"href":"https:\/\/antderground.com\/it\/wp-json\/wp\/v2\/product_tag?post=47542"}],"curies":[{"name":"wp","href":"https:\/\/api.w.org\/{rel}","templated":true}]}}