{"id":48926,"date":"2019-06-16T08:35:11","date_gmt":"2019-06-16T06:35:11","guid":{"rendered":"https:\/\/antderground.com\/politica-de-privacidad\/"},"modified":"2026-01-23T17:01:30","modified_gmt":"2026-01-23T16:01:30","slug":"polityka-prywatnosci","status":"publish","type":"page","link":"https:\/\/antderground.com\/pl\/polityka-prywatnosci\/","title":{"rendered":"Polityka prywatno\u015bci"},"content":{"rendered":"\n<h3 class=\"wp-block-heading\">Wprowadzenie<\/h3>\n\n\n\n<p>W ANTDERGROUND, \u015bwiadomi potrzeb u\u017cytkownik\u00f3w Internetu oraz znaczenia ochrony prywatno\u015bci powierzonych nam danych osobowych, zamieszczamy niniejsz\u0105 deklaracj\u0119 prywatno\u015bci, aby poinformowa\u0107 Ci\u0119 o zasadach przetwarzania danych osobowych uzyskiwanych od odwiedzaj\u0105cych i u\u017cytkownik\u00f3w naszej strony.<\/p>\n\n\n\n<p>Korzystaj\u0105c ze strony, akceptujesz te warunki poprzez samo przegl\u0105danie, wy\u015bwietlanie lub nawigacj\u0119 po witrynie. W przypadku braku akceptacji, nale\u017cy opu\u015bci\u0107 stron\u0119 bez korzystania z niej lub jej tre\u015bci oraz bez wchodzenia na strony powi\u0105zane.<\/p>\n\n\n\n<h3 class=\"wp-block-heading\" id=\"responsable\">Administrator danych osobowych<\/h3>\n\n\n\n<p>Administratorem strony i podmiotem odpowiedzialnym za przetwarzanie danych jest (ERIC LOPEZ FERNANDEZ), z numerem dokumentu to\u017csamo\u015bci (DNI 77745286-L), a w razie potrzeby kontakt mo\u017cna nawi\u0105za\u0107 pod adresem e-mail: antderground@gmail.com<br>lub listownie na adres: Carretera de Berga 15, 08611 Cal Rosal, Hiszpania \u2014 Barcelona.<\/p>\n\n\n\n<h3 class=\"wp-block-heading\" id=\"finalidad\">Cel przetwarzania danych osobowych<\/h3>\n\n\n\n<p>Na naszych stronach internetowych znajduj\u0105 si\u0119 okre\u015blone sekcje, w kt\u00f3rych u\u017cytkownik mo\u017ce poda\u0107 swoje dane w celu otrzymywania informacji o aktualizacjach naszej strony internetowej oraz niekt\u00f3rych oferowanych programach i us\u0142ugach. Zapewniamy, \u017ce wszelkie przekazane nam dane b\u0119d\u0105 przetwarzane w spos\u00f3b poufny i bezpieczny.<\/p>\n\n\n\n<ul class=\"wp-block-list\">\n<li>Formularz kontaktowy: utrzymywanie kontaktu z u\u017cytkownikiem oraz realizacja niezb\u0119dnych dzia\u0142a\u0144 zwi\u0105zanych z obs\u0142ug\u0105 zapyta\u0144.<\/li>\n<\/ul>\n\n\n\n<ul class=\"wp-block-list\">\n<li>Dane osobowe b\u0119d\u0105 przechowywane tak d\u0142ugo, jak b\u0119dzie to konieczne do realizacji celu, dla kt\u00f3rego zosta\u0142y zebrane.<\/li>\n<\/ul>\n\n\n\n<ul class=\"wp-block-list\">\n<li>Nie podejmujemy decyzji w spos\u00f3b zautomatyzowany na podstawie przekazanych danych.<\/li>\n<\/ul>\n\n\n\n<ul class=\"wp-block-list\">\n<li>Strona internetowa mo\u017ce wykorzystywa\u0107 pliki cookies \u2013 szczeg\u00f3\u0142owe informacje znajduj\u0105 si\u0119 w naszej Polityce cookies.<\/li>\n<\/ul>\n\n\n\n<h3 class=\"wp-block-heading\" id=\"legitimacion\">Podstawa prawna przetwarzania danych<\/h3>\n\n\n\n<p>Przetwarzanie Twoich danych osobowych odbywa si\u0119 na podstawie udzielonej przez Ciebie zgody, wyra\u017conej poprzez dobrowolne podanie danych w formularzach, wy\u0142\u0105cznie w celu wskazanym w ka\u017cdym z nich.<br><br>Podanie danych osobowych jest niezb\u0119dne do realizacji okre\u015blonych us\u0142ug \u2013 w przypadku ich nieudost\u0119pnienia, realizacja tych us\u0142ug nie b\u0119dzie mo\u017cliwa.<\/p>\n\n\n\n<h3 class=\"wp-block-heading\" id=\"transferencia\">Przekazywanie i udost\u0119pnianie danych<\/h3>\n\n\n\n<p>ANTDERGROUND zobowi\u0105zuje si\u0119, \u017ce dane osobowe przekazane przez u\u017cytkownik\u00f3w nie b\u0119d\u0105 sprzedawane ani udost\u0119pniane osobom trzecim bez uprzedniej zgody osoby, kt\u00f3rej dane dotycz\u0105, w \u017cadnych okoliczno\u015bciach, chyba \u017ce obowi\u0105zek taki wynika z przepis\u00f3w prawa lub zosta\u0142 wyra\u017cony wyra\u017any consent.<\/p>\n\n\n\n<p>Nasza strona internetowa mo\u017ce zawiera\u0107 linki do stron internetowych podmiot\u00f3w trzecich. ANTDERGROUND nie ponosi odpowiedzialno\u015bci za polityki prywatno\u015bci ani praktyki stosowane przez te zewn\u0119trzne serwisy.<\/p>\n\n\n\n<h3 class=\"wp-block-heading\" id=\"derechos\">Prawa os\u00f3b, kt\u00f3rych dane dotycz\u0105<\/h3>\n\n\n\n<p>Masz prawo do dost\u0119pu do danych osobowych przechowywanych w naszych bazach danych, ich sprostowania w przypadku nieprawid\u0142owo\u015bci, usuni\u0119cia, ograniczenia przetwarzania, wniesienia sprzeciwu wobec ich przetwarzania oraz cofni\u0119cia udzielonej zgody w dowolnym momencie.<\/p>\n\n\n\n<p>W celu skorzystania z powy\u017cszych praw wystarczy wys\u0142a\u0107 wiadomo\u015b\u0107 e-mail na adres: <strong>antderground@gmail.com<\/strong><br>, gdzie ch\u0119tnie udzielimy wszelkich informacji, wyja\u015bnie\u0144 lub odpowiedzi na pytania zwi\u0105zane z przetwarzaniem danych osobowych.<\/p>\n\n\n\n<p>W celu uzyskania dodatkowych informacji lub z\u0142o\u017cenia skargi, w\u0142a\u015bciwym organem nadzorczym jest Hiszpa\u0144ska Agencja Ochrony Danych (Agencia Espa\u00f1ola de Protecci\u00f3n de Datos), do kt\u00f3rej przys\u0142uguje prawo wniesienia skargi.<\/p>\n\n\n\n<p><\/p>\n","protected":false},"excerpt":{"rendered":"<p>Wprowadzenie W ANTDERGROUND, \u015bwiadomi potrzeb u\u017cytkownik\u00f3w Internetu oraz znaczenia ochrony prywatno\u015bci powierzonych nam danych osobowych, zamieszczamy niniejsz\u0105 deklaracj\u0119 prywatno\u015bci, aby<\/p>\n","protected":false},"author":1,"featured_media":0,"parent":0,"menu_order":0,"comment_status":"closed","ping_status":"closed","template":"","meta":{"footnotes":""},"class_list":["post-48926","page","type-page","status-publish","hentry"],"yoast_head":"<!-- This site is optimized with the Yoast SEO plugin v27.3 - https:\/\/yoast.com\/product\/yoast-seo-wordpress\/ -->\n<title>Polityka prywatno\u015bci - ANTDERGROUND<\/title>\n<meta name=\"robots\" content=\"index, follow, max-snippet:-1, max-image-preview:large, max-video-preview:-1\" \/>\n<link rel=\"canonical\" href=\"https:\/\/antderground.com\/pl\/polityka-prywatnosci\/\" \/>\n<meta property=\"og:locale\" content=\"pl_PL\" \/>\n<meta property=\"og:type\" content=\"article\" \/>\n<meta property=\"og:title\" content=\"Polityka prywatno\u015bci - ANTDERGROUND\" \/>\n<meta property=\"og:description\" content=\"Wprowadzenie W ANTDERGROUND, \u015bwiadomi potrzeb u\u017cytkownik\u00f3w Internetu oraz znaczenia ochrony prywatno\u015bci powierzonych nam danych osobowych, zamieszczamy niniejsz\u0105 deklaracj\u0119 prywatno\u015bci, aby\" \/>\n<meta property=\"og:url\" content=\"https:\/\/antderground.com\/pl\/polityka-prywatnosci\/\" \/>\n<meta property=\"og:site_name\" content=\"ANTDERGROUND\" \/>\n<meta property=\"article:modified_time\" content=\"2026-01-23T16:01:30+00:00\" \/>\n<meta name=\"twitter:card\" content=\"summary_large_image\" \/>\n<meta name=\"twitter:label1\" content=\"Szacowany czas czytania\" \/>\n\t<meta name=\"twitter:data1\" content=\"2 minuty\" \/>\n<script type=\"application\/ld+json\" class=\"yoast-schema-graph\">{\"@context\":\"https:\\\/\\\/schema.org\",\"@graph\":[{\"@type\":\"WebPage\",\"@id\":\"https:\\\/\\\/antderground.com\\\/pl\\\/polityka-prywatnosci\\\/\",\"url\":\"https:\\\/\\\/antderground.com\\\/pl\\\/polityka-prywatnosci\\\/\",\"name\":\"Polityka prywatno\u015bci - ANTDERGROUND\",\"isPartOf\":{\"@id\":\"https:\\\/\\\/antderground.com\\\/pl\\\/#website\"},\"datePublished\":\"2019-06-16T06:35:11+00:00\",\"dateModified\":\"2026-01-23T16:01:30+00:00\",\"breadcrumb\":{\"@id\":\"https:\\\/\\\/antderground.com\\\/pl\\\/polityka-prywatnosci\\\/#breadcrumb\"},\"inLanguage\":\"pl-PL\",\"potentialAction\":[{\"@type\":\"ReadAction\",\"target\":[\"https:\\\/\\\/antderground.com\\\/pl\\\/polityka-prywatnosci\\\/\"]}]},{\"@type\":\"BreadcrumbList\",\"@id\":\"https:\\\/\\\/antderground.com\\\/pl\\\/polityka-prywatnosci\\\/#breadcrumb\",\"itemListElement\":[{\"@type\":\"ListItem\",\"position\":1,\"name\":\"Portada\",\"item\":\"https:\\\/\\\/antderground.com\\\/pl\\\/\"},{\"@type\":\"ListItem\",\"position\":2,\"name\":\"Polityka prywatno\u015bci\"}]},{\"@type\":\"WebSite\",\"@id\":\"https:\\\/\\\/antderground.com\\\/pl\\\/#website\",\"url\":\"https:\\\/\\\/antderground.com\\\/pl\\\/\",\"name\":\"ANTDERGROUND\",\"description\":\"Tu tienda de hormigas, gran variedad de hormigueros acr\u00edlicos,madera,arena,3D y mas.. Pide tus hormigas gratis con tu pedido, somos expertos en hormigueros antifugas.\",\"publisher\":{\"@id\":\"https:\\\/\\\/antderground.com\\\/pl\\\/#\\\/schema\\\/person\\\/0e322c505e84fe72c65e2f6d08f96b81\"},\"alternateName\":\"Antderground\",\"potentialAction\":[{\"@type\":\"SearchAction\",\"target\":{\"@type\":\"EntryPoint\",\"urlTemplate\":\"https:\\\/\\\/antderground.com\\\/pl\\\/?s={search_term_string}\"},\"query-input\":{\"@type\":\"PropertyValueSpecification\",\"valueRequired\":true,\"valueName\":\"search_term_string\"}}],\"inLanguage\":\"pl-PL\"},{\"@type\":[\"Person\",\"Organization\"],\"@id\":\"https:\\\/\\\/antderground.com\\\/pl\\\/#\\\/schema\\\/person\\\/0e322c505e84fe72c65e2f6d08f96b81\",\"name\":\"Eric de Antderground\",\"image\":{\"@type\":\"ImageObject\",\"inLanguage\":\"pl-PL\",\"@id\":\"https:\\\/\\\/secure.gravatar.com\\\/avatar\\\/c49a1b9f79216d1498cb73c1e85cd47f4465dda35f2a94c03790d491bd4423c3?s=96&d=mm&r=g\",\"url\":\"https:\\\/\\\/secure.gravatar.com\\\/avatar\\\/c49a1b9f79216d1498cb73c1e85cd47f4465dda35f2a94c03790d491bd4423c3?s=96&d=mm&r=g\",\"contentUrl\":\"https:\\\/\\\/secure.gravatar.com\\\/avatar\\\/c49a1b9f79216d1498cb73c1e85cd47f4465dda35f2a94c03790d491bd4423c3?s=96&d=mm&r=g\",\"caption\":\"Eric de Antderground\"},\"logo\":{\"@id\":\"https:\\\/\\\/secure.gravatar.com\\\/avatar\\\/c49a1b9f79216d1498cb73c1e85cd47f4465dda35f2a94c03790d491bd4423c3?s=96&d=mm&r=g\"},\"description\":\"Eric es el especialista y fundador de Antderground, con una amplia trayectoria en artr\u00f3podos y enfocado en la mirmecolog\u00eda y el dise\u00f1o de hormigueros artificiales. Su enfoque combina la innovaci\u00f3n t\u00e9cnica con el respeto por la biolog\u00eda de las hormigas, is\u00f3podos y otros, desarrollando sistemas de nidos modulares 3D y acr\u00edlicos que son referentes para aficionados y profesionales en toda Europa. Su objetivo es facilitar la cr\u00eda de hormigas y otros artr\u00f3podos mediante soluciones seguras y divulgaci\u00f3n de calidad.\",\"sameAs\":[\"https:\\\/\\\/antderground.com\\\/\",\"https:\\\/\\\/www.youtube.com\\\/channel\\\/UCio72z7TlbufkAthAJIJfPw\"]}]}<\/script>\n<!-- \/ Yoast SEO plugin. -->","yoast_head_json":{"title":"Polityka prywatno\u015bci - ANTDERGROUND","robots":{"index":"index","follow":"follow","max-snippet":"max-snippet:-1","max-image-preview":"max-image-preview:large","max-video-preview":"max-video-preview:-1"},"canonical":"https:\/\/antderground.com\/pl\/polityka-prywatnosci\/","og_locale":"pl_PL","og_type":"article","og_title":"Polityka prywatno\u015bci - ANTDERGROUND","og_description":"Wprowadzenie W ANTDERGROUND, \u015bwiadomi potrzeb u\u017cytkownik\u00f3w Internetu oraz znaczenia ochrony prywatno\u015bci powierzonych nam danych osobowych, zamieszczamy niniejsz\u0105 deklaracj\u0119 prywatno\u015bci, aby","og_url":"https:\/\/antderground.com\/pl\/polityka-prywatnosci\/","og_site_name":"ANTDERGROUND","article_modified_time":"2026-01-23T16:01:30+00:00","twitter_card":"summary_large_image","twitter_misc":{"Szacowany czas czytania":"2 minuty"},"schema":{"@context":"https:\/\/schema.org","@graph":[{"@type":"WebPage","@id":"https:\/\/antderground.com\/pl\/polityka-prywatnosci\/","url":"https:\/\/antderground.com\/pl\/polityka-prywatnosci\/","name":"Polityka prywatno\u015bci - ANTDERGROUND","isPartOf":{"@id":"https:\/\/antderground.com\/pl\/#website"},"datePublished":"2019-06-16T06:35:11+00:00","dateModified":"2026-01-23T16:01:30+00:00","breadcrumb":{"@id":"https:\/\/antderground.com\/pl\/polityka-prywatnosci\/#breadcrumb"},"inLanguage":"pl-PL","potentialAction":[{"@type":"ReadAction","target":["https:\/\/antderground.com\/pl\/polityka-prywatnosci\/"]}]},{"@type":"BreadcrumbList","@id":"https:\/\/antderground.com\/pl\/polityka-prywatnosci\/#breadcrumb","itemListElement":[{"@type":"ListItem","position":1,"name":"Portada","item":"https:\/\/antderground.com\/pl\/"},{"@type":"ListItem","position":2,"name":"Polityka prywatno\u015bci"}]},{"@type":"WebSite","@id":"https:\/\/antderground.com\/pl\/#website","url":"https:\/\/antderground.com\/pl\/","name":"ANTDERGROUND","description":"Tu tienda de hormigas, gran variedad de hormigueros acr\u00edlicos,madera,arena,3D y mas.. Pide tus hormigas gratis con tu pedido, somos expertos en hormigueros antifugas.","publisher":{"@id":"https:\/\/antderground.com\/pl\/#\/schema\/person\/0e322c505e84fe72c65e2f6d08f96b81"},"alternateName":"Antderground","potentialAction":[{"@type":"SearchAction","target":{"@type":"EntryPoint","urlTemplate":"https:\/\/antderground.com\/pl\/?s={search_term_string}"},"query-input":{"@type":"PropertyValueSpecification","valueRequired":true,"valueName":"search_term_string"}}],"inLanguage":"pl-PL"},{"@type":["Person","Organization"],"@id":"https:\/\/antderground.com\/pl\/#\/schema\/person\/0e322c505e84fe72c65e2f6d08f96b81","name":"Eric de Antderground","image":{"@type":"ImageObject","inLanguage":"pl-PL","@id":"https:\/\/secure.gravatar.com\/avatar\/c49a1b9f79216d1498cb73c1e85cd47f4465dda35f2a94c03790d491bd4423c3?s=96&d=mm&r=g","url":"https:\/\/secure.gravatar.com\/avatar\/c49a1b9f79216d1498cb73c1e85cd47f4465dda35f2a94c03790d491bd4423c3?s=96&d=mm&r=g","contentUrl":"https:\/\/secure.gravatar.com\/avatar\/c49a1b9f79216d1498cb73c1e85cd47f4465dda35f2a94c03790d491bd4423c3?s=96&d=mm&r=g","caption":"Eric de Antderground"},"logo":{"@id":"https:\/\/secure.gravatar.com\/avatar\/c49a1b9f79216d1498cb73c1e85cd47f4465dda35f2a94c03790d491bd4423c3?s=96&d=mm&r=g"},"description":"Eric es el especialista y fundador de Antderground, con una amplia trayectoria en artr\u00f3podos y enfocado en la mirmecolog\u00eda y el dise\u00f1o de hormigueros artificiales. Su enfoque combina la innovaci\u00f3n t\u00e9cnica con el respeto por la biolog\u00eda de las hormigas, is\u00f3podos y otros, desarrollando sistemas de nidos modulares 3D y acr\u00edlicos que son referentes para aficionados y profesionales en toda Europa. Su objetivo es facilitar la cr\u00eda de hormigas y otros artr\u00f3podos mediante soluciones seguras y divulgaci\u00f3n de calidad.","sameAs":["https:\/\/antderground.com\/","https:\/\/www.youtube.com\/channel\/UCio72z7TlbufkAthAJIJfPw"]}]}},"_links":{"self":[{"href":"https:\/\/antderground.com\/pl\/wp-json\/wp\/v2\/pages\/48926","targetHints":{"allow":["GET"]}}],"collection":[{"href":"https:\/\/antderground.com\/pl\/wp-json\/wp\/v2\/pages"}],"about":[{"href":"https:\/\/antderground.com\/pl\/wp-json\/wp\/v2\/types\/page"}],"author":[{"embeddable":true,"href":"https:\/\/antderground.com\/pl\/wp-json\/wp\/v2\/users\/1"}],"replies":[{"embeddable":true,"href":"https:\/\/antderground.com\/pl\/wp-json\/wp\/v2\/comments?post=48926"}],"version-history":[{"count":10,"href":"https:\/\/antderground.com\/pl\/wp-json\/wp\/v2\/pages\/48926\/revisions"}],"predecessor-version":[{"id":48987,"href":"https:\/\/antderground.com\/pl\/wp-json\/wp\/v2\/pages\/48926\/revisions\/48987"}],"wp:attachment":[{"href":"https:\/\/antderground.com\/pl\/wp-json\/wp\/v2\/media?parent=48926"}],"curies":[{"name":"wp","href":"https:\/\/api.w.org\/{rel}","templated":true}]}}