{"id":48929,"date":"2019-06-16T08:35:11","date_gmt":"2019-06-16T06:35:11","guid":{"rendered":"https:\/\/antderground.com\/aviso-legal\/"},"modified":"2026-01-23T12:56:10","modified_gmt":"2026-01-23T11:56:10","slug":"informacje-prawne","status":"publish","type":"page","link":"https:\/\/antderground.com\/pl\/informacje-prawne\/","title":{"rendered":"Informacje prawne"},"content":{"rendered":"\n<p><\/p>\n\n\n<h3>Dane identyfikacyjne w\u0142a\u015bciciela strony internetowej<\/h3>\n<p>Zgodnie z obowi\u0105zkiem informacyjnym wynikaj\u0105cym z art. 10 hiszpa\u0144skiej ustawy z dnia 11 lipca 2002 r. o \u015bwiadczeniu us\u0142ug drog\u0105 elektroniczn\u0105 i handlu elektronicznym (Ley 34\/2002), (<strong> ERIC LOPEZ FERNANDEZ<\/strong>), legitymuj\u0105cy si\u0119 numerem DNI (77745286-L), dalej zwany ANTDERGROUND, jako w\u0142a\u015bciciel strony internetowej www.antderground.com<br \/>, z siedzib\u0105 przy Carretera de Berga 15, kod pocztowy 08611, Cal Rosal, Hiszpania \u2013 Barcelona, oraz adresem e-mail antderground@gmail.com<br \/>, przekazuje niniejsze informacje, kt\u00f3re okre\u015blaj\u0105 warunki korzystania ze strony, ograniczenia odpowiedzialno\u015bci oraz obowi\u0105zki u\u017cytkownik\u00f3w, kt\u00f3rzy odwiedzaj\u0105 stron\u0119 internetow\u0105 publikowan\u0105 pod domen\u0105 www.antderground.com<br \/>, i zobowi\u0105zuj\u0105 si\u0119 do ich przestrzegania.<\/p>\n<h3>Warunki korzystania<\/h3>\n<p>Korzystanie ze strony <strong>www.antderground.com<\/strong> nadaje u\u017cytkownikowi status U\u017cytkownika serwisu, niezale\u017cnie czy jest osob\u0105 fizyczn\u0105 czy prawn\u0105, i obowi\u0105zkowo oznacza pe\u0142n\u0105, nieograniczon\u0105 akceptacj\u0119 wszystkich postanowie\u0144 i warunk\u00f3w zawartych w niniejszym Regulaminie. W przypadku niezgody z postanowieniami Regulaminu, U\u017cytkownik powstrzyma si\u0119 od korzystania ze strony www.antderground.com<br \/>. Niniejszy Regulamin mo\u017ce ulega\u0107 zmianom i aktualizacjom, dlatego wersja publikowana przez ANTDERGROUND mo\u017ce r\u00f3\u017cni\u0107 si\u0119 w momencie, gdy U\u017cytkownik odwiedza portal. U\u017cytkownik powinien wi\u0119c zapozna\u0107 si\u0119 z Regulaminem przy ka\u017cdej wizycie na stronie.<\/p>\n<p>Poprzez stron\u0119 www.antderground.com, <strong>ANTDERGROUND<\/strong> umo\u017cliwia U\u017cytkownikowi dost\u0119p do r\u00f3\u017cnych Tre\u015bci publikowanych przez ANTDERGROUND lub przez upowa\u017cnione podmioty trzecie.<\/p>\n<p>U\u017cytkownik jest zobowi\u0105zany do korzystania ze strony i Tre\u015bci zgodnie z obowi\u0105zuj\u0105cym prawem, Regulaminem oraz wszelkimi innymi instrukcjami lub powiadomieniami przekazanymi mu w ramach tej strony lub w Tre\u015bciach dost\u0119pnych na www.antderground.com<br \/>, w tym dotycz\u0105cymi zasad wsp\u00f3\u0142\u017cycia spo\u0142ecznego, moralno\u015bci oraz powszechnie przyj\u0119tych norm obyczajowych. W zwi\u0105zku z tym U\u017cytkownik zobowi\u0105zuje si\u0119 nie u\u017cywa\u0107 Tre\u015bci w spos\u00f3b bezprawny, zabroniony Regulaminem lub obowi\u0105zuj\u0105cym prawem, nie naruszaj\u0105cy praw i interes\u00f3w os\u00f3b trzecich ani w spos\u00f3b mog\u0105cy uszkodzi\u0107, unieruchomi\u0107, przeci\u0105\u017cy\u0107, zniszczy\u0107 lub uniemo\u017cliwi\u0107 normalne korzystanie z Tre\u015bci, urz\u0105dze\u0144 komputerowych, dokument\u00f3w, plik\u00f3w i wszelkiego rodzaju zasob\u00f3w komputerowych w\u0142asnych, nale\u017c\u0105cych do <strong>ANTDERGROUND<\/strong>, innych U\u017cytkownik\u00f3w lub dowolnych u\u017cytkownik\u00f3w Internetu (hardware i software).<\/p>\n<p>U\u017cytkownik zobowi\u0105zuje si\u0119 nie przekazywa\u0107, rozpowszechnia\u0107 ani udost\u0119pnia\u0107 osobom trzecim \u017cadnych materia\u0142\u00f3w dost\u0119pnych na www.antderground.com, takich jak informacje, teksty, dane, Tre\u015bci, wiadomo\u015bci, grafiki, rysunki, pliki d\u017awi\u0119kowe i\/lub obrazy, fotografie, nagrania, oprogramowanie, logotypy, marki, ikony, technologie, linki, projekty graficzne i kody \u017ar\u00f3d\u0142owe, ani innych materia\u0142\u00f3w, do kt\u00f3rych dost\u0119p uzyska\u0142 jako U\u017cytkownik serwisu, bez wyra\u017anej zgody ANTDERGROUND. Ponadto, U\u017cytkownik nie mo\u017ce:<\/p>\n<ul>\n<li>Reprodukowa\u0107, kopiowa\u0107, dystrybuowa\u0107, udost\u0119pnia\u0107 publicznie ani w inny spos\u00f3b komunikowa\u0107 Tre\u015bci, ani ich przekszta\u0142ca\u0107 lub modyfikowa\u0107, chyba \u017ce posiada pisemn\u0105, wyra\u017an\u0105 zgod\u0119 ANTDERGROUND, b\u0119d\u0105cego w\u0142a\u015bcicielem praw lub gdy jest to dozwolone prawnie.<\/li>\n<li>Usuwa\u0107, manipulowa\u0107 ani w inny spos\u00f3b zmienia\u0107 informacji o prawach autorskich, danych identyfikacyjnych zastrze\u017conych przez ANTDERGROUND lub jego w\u0142a\u015bcicieli, cyfrowych znak\u00f3w wodnych, znak\u00f3w wodnych lub innych technicznych \u015brodk\u00f3w s\u0142u\u017c\u0105cych ich rozpoznawaniu.<\/li>\n<\/ul>\n<p>U\u017cytkownik powinien powstrzyma\u0107 si\u0119 od pozyskiwania Tre\u015bci za pomoc\u0105 innych \u015brodk\u00f3w ni\u017c te udost\u0119pnione w tym celu na stronach, na kt\u00f3rych Tre\u015bci si\u0119 znajduj\u0105 lub w spos\u00f3b zwyczajowo stosowany w Internecie, o ile nie zagra\u017ca to uszkodzeniem lub unieruchomieniem strony <strong>www.antderground.com<\/strong><br \/>lub Tre\u015bci.<\/p>\n<h3>W\u0142asno\u015b\u0107 intelektualna<\/h3>\n<p>Wszystkie znaki towarowe, nazwy handlowe oraz inne oznaczenia pojawiaj\u0105ce si\u0119 na stronie <strong>www.antderground.com<\/strong><br \/>s\u0105 w\u0142asno\u015bci\u0105 <strong>ANTDERGROUND<\/strong> lub, w stosownych przypadkach, ich odpowiednich w\u0142a\u015bcicieli. Korzystanie ze strony i\/lub Tre\u015bci nie przyznaje U\u017cytkownikowi \u017cadnych praw do tych znak\u00f3w towarowych, nazw handlowych ani innych oznacze\u0144, ani nie oznacza przeniesienia jakichkolwiek praw do eksploatacji Tre\u015bci.<\/p>\n<p>Tre\u015bci zamieszczone na stronie s\u0105 w\u0142asno\u015bci\u0105 intelektualn\u0105 <strong>ANTDERGROUND<\/strong> lub, w stosownych przypadkach, os\u00f3b trzecich, kt\u00f3re wyrazi\u0142y zgod\u0119 na ich wykorzystanie. <strong>ANTDERGROUND<\/strong> oraz uprawnieni w\u0142a\u015bciciele maj\u0105 wy\u0142\u0105czne prawo do korzystania z Tre\u015bci we wszystkich formach, w szczeg\u00f3lno\u015bci do reprodukcji, dystrybucji, komunikacji publicznej oraz przekszta\u0142cania.<\/p>\n<p>Nieautoryzowane wykorzystanie informacji zawartych na stronie oraz naruszenie praw w\u0142asno\u015bci intelektualnej lub przemys\u0142owej <strong>ANTDERGROUND<\/strong> lub os\u00f3b trzecich, kt\u00f3re udzieli\u0142y zgody na wykorzystanie Tre\u015bci, poci\u0105ga za sob\u0105 odpowiedzialno\u015b\u0107 przewidzian\u0105 przepisami prawa.<\/p>\n<h3>Dost\u0119pno\u015b\u0107 strony www.antderground.com<\/h3>\n<p><strong>ANTDERGROUND<\/strong> nie gwarantuje braku przerw ani b\u0142\u0119d\u00f3w w dost\u0119pie do strony www.antderground.com<br \/>ani jej Tre\u015bci, ani te\u017c \u017ce Tre\u015bci te s\u0105 aktualne, cho\u0107 do\u0142o\u017cy wszelkich stara\u0144, aby w razie potrzeby je unika\u0107, naprawia\u0107 lub aktualizowa\u0107. W zwi\u0105zku z tym ANTDERGROUND nie ponosi odpowiedzialno\u015bci za jakiekolwiek szkody powsta\u0142e u U\u017cytkownika wskutek awarii lub przerw w dzia\u0142aniu sieci telekomunikacyjnych, kt\u00f3re mog\u0105 spowodowa\u0107 zawieszenie, anulowanie lub przerwanie \u015bwiadczenia us\u0142ug portalu w trakcie jego dzia\u0142ania lub wcze\u015bniej.<\/p>\n<p><strong>ANTDERGROUND<\/strong> wy\u0142\u0105cza, z wyj\u0105tkami przewidzianymi w obowi\u0105zuj\u0105cych przepisach prawa, jak\u0105kolwiek odpowiedzialno\u015b\u0107 za szkody i straty wszelkiego rodzaju wynikaj\u0105ce z braku dost\u0119pno\u015bci, ci\u0105g\u0142o\u015bci lub jako\u015bci dzia\u0142ania strony www.antderground.com<br \/>i Tre\u015bci, a tak\u017ce z niespe\u0142nienia oczekiwa\u0144 U\u017cytkownika co do u\u017cyteczno\u015bci strony i Tre\u015bci.<\/p>\n<p>Funkcj\u0105 hiper\u0142\u0105czy zamieszczonych na tej stronie jest wy\u0142\u0105cznie informowanie U\u017cytkownika o istnieniu innych stron zawieraj\u0105cych informacje na dany temat. Hiper\u0142\u0105cza te nie stanowi\u0105 \u017cadnej sugestii ani rekomendacji.<\/p>\n<p><strong>ANTDERGROUND<\/strong> nie odpowiada za Tre\u015bci znajduj\u0105ce si\u0119 na stronach podlinkowanych, dzia\u0142anie ani przydatno\u015b\u0107 hiper\u0142\u0105czy ani efekty z nich wynikaj\u0105ce, ani nie gwarantuje braku wirus\u00f3w lub innych element\u00f3w, kt\u00f3re mog\u0142yby spowodowa\u0107 zak\u0142\u00f3cenia w systemie komputerowym (hardware i software), dokumentach lub plikach U\u017cytkownika. W zwi\u0105zku z tym wy\u0142\u0105czona jest jakakolwiek odpowiedzialno\u015b\u0107 za szkody powsta\u0142e u U\u017cytkownika z tego powodu.<\/p>\n<p>Dost\u0119p do strony <strong>www.antderground.com<\/strong><br \/>nie nak\u0142ada na ANTDERGROUND obowi\u0105zku kontroli braku wirus\u00f3w, robak\u00f3w ani innych szkodliwych element\u00f3w informatycznych. To U\u017cytkownik jest zobowi\u0105zany do posiadania odpowiednich narz\u0119dzi do wykrywania i usuwania szkodliwego oprogramowania. W zwi\u0105zku z tym ANTDERGROUND nie ponosi odpowiedzialno\u015bci za ewentualne b\u0142\u0119dy bezpiecze\u0144stwa ani za szkody wyrz\u0105dzone systemowi komputerowemu U\u017cytkownika lub os\u00f3b trzecich (hardware i software), plikom lub dokumentom przechowywanym na nim, wynikaj\u0105ce z obecno\u015bci wirus\u00f3w w komputerze U\u017cytkownika u\u017cywanym do po\u0142\u0105czenia z us\u0142ugami i Tre\u015bciami strony, niew\u0142a\u015bciwego dzia\u0142ania przegl\u0105darki lub korzystania z nieaktualnych wersji oprogramowania.<\/p>\n<p>\u015awiadczenie us\u0142ug strony <strong>www.antderground.com<\/strong><br \/>i Tre\u015bci ma charakter nieokre\u015blony czasowo. ANTDERGROUND zastrzega sobie jednak prawo do zako\u0144czenia lub zawieszenia \u015bwiadczenia us\u0142ug strony i\/lub dowolnych Tre\u015bci w ka\u017cdym momencie. Tam, gdzie jest to rozs\u0105dnie mo\u017cliwe, ANTDERGROUND poinformuje wcze\u015bniej o zako\u0144czeniu lub zawieszeniu \u015bwiadczenia us\u0142ug.<\/p>\n<h3>Jako\u015b\u0107 strony www.antderground.com<\/h3>\n<p>Ze wzgl\u0119du na dynamiczny i zmieniaj\u0105cy si\u0119 charakter informacji oraz us\u0142ug udost\u0119pnianych za po\u015brednictwem www.antderground.com, ANTDERGROUND dok\u0142ada wszelkich stara\u0144, lecz nie gwarantuje pe\u0142nej prawdziwo\u015bci, dok\u0142adno\u015bci, rzetelno\u015bci, przydatno\u015bci ani aktualno\u015bci Tre\u015bci. Informacje zawarte na stronach tworz\u0105cych ten portal maj\u0105 wy\u0142\u0105cznie charakter informacyjny, doradczy, popularyzatorski i reklamowy. W \u017cadnym przypadku nie stanowi\u0105 one zobowi\u0105zania ani umowy wi\u0105\u017c\u0105cej.<\/p>\n<h3>Ograniczenie odpowiedzialno\u015bci<\/h3>\n<p>ANTDERGROUND wy\u0142\u0105cza wszelk\u0105 odpowiedzialno\u015b\u0107 za decyzje podejmowane przez U\u017cytkownika w oparciu o te informacje, jak r\u00f3wnie\u017c za ewentualne b\u0142\u0119dy typograficzne zawarte w dokumentach i grafikach na stronie www.antderground.com. Informacje mog\u0105 podlega\u0107 okresowym zmianom bez wcze\u015bniejszego powiadomienia, w celu ich rozszerzenia, ulepszenia, korekty lub aktualizacji Tre\u015bci.<\/p>\n<h3>Powiadomienia<\/h3>\n<p>Wszystkie powiadomienia i komunikaty wysy\u0142ane przez <strong>ANTDERGROUND<\/strong> do U\u017cytkownika, niezale\u017cnie od u\u017cytego \u015brodka komunikacji, uznaje si\u0119 za skuteczne we wszystkich przypadkach.<\/p>\n<h3>Jurysdykcja<\/h3>\n<p>Wszelkie kwestie zwi\u0105zane z interpretacj\u0105, stosowaniem i przestrzeganiem niniejszego Regulaminu, a tak\u017ce ewentualne roszczenia wynikaj\u0105ce z jego u\u017cytkowania, podlegaj\u0105 w\u0142a\u015bciwo\u015bci s\u0105d\u00f3w i trybuna\u0142\u00f3w prowincji Hiszpania \u2014 Barcelona, przy czym strony wyra\u017anie zrzekaj\u0105 si\u0119 prawa do korzystania z jakiejkolwiek innej jurysdykcji.<\/p>\n<h3>Obowi\u0105zuj\u0105ce prawo<\/h3>\n<p>Niniejszy Regulamin podlega obowi\u0105zuj\u0105cemu prawu hiszpa\u0144skiemu.<\/p>\n\n\n<p><\/p>\n","protected":false},"excerpt":{"rendered":"<p>Dane identyfikacyjne w\u0142a\u015bciciela strony internetowej Zgodnie z obowi\u0105zkiem informacyjnym wynikaj\u0105cym z art. 10 hiszpa\u0144skiej ustawy z dnia 11 lipca 2002<\/p>\n","protected":false},"author":1,"featured_media":0,"parent":0,"menu_order":0,"comment_status":"closed","ping_status":"closed","template":"","meta":{"footnotes":""},"class_list":["post-48929","page","type-page","status-publish","hentry"],"yoast_head":"<!-- This site is optimized with the Yoast SEO plugin v27.3 - https:\/\/yoast.com\/product\/yoast-seo-wordpress\/ -->\n<title>Informacje prawne - ANTDERGROUND<\/title>\n<meta name=\"robots\" content=\"index, follow, max-snippet:-1, max-image-preview:large, max-video-preview:-1\" \/>\n<link rel=\"canonical\" href=\"https:\/\/antderground.com\/pl\/informacje-prawne\/\" \/>\n<meta property=\"og:locale\" content=\"pl_PL\" \/>\n<meta property=\"og:type\" content=\"article\" \/>\n<meta property=\"og:title\" content=\"Informacje prawne - ANTDERGROUND\" \/>\n<meta property=\"og:description\" content=\"Dane identyfikacyjne w\u0142a\u015bciciela strony internetowej Zgodnie z obowi\u0105zkiem informacyjnym wynikaj\u0105cym z art. 10 hiszpa\u0144skiej ustawy z dnia 11 lipca 2002\" \/>\n<meta property=\"og:url\" content=\"https:\/\/antderground.com\/pl\/informacje-prawne\/\" \/>\n<meta property=\"og:site_name\" content=\"ANTDERGROUND\" \/>\n<meta property=\"article:modified_time\" content=\"2026-01-23T11:56:10+00:00\" \/>\n<meta name=\"twitter:card\" content=\"summary_large_image\" \/>\n<meta name=\"twitter:label1\" content=\"Szacowany czas czytania\" \/>\n\t<meta name=\"twitter:data1\" content=\"6 minut\" \/>\n<script type=\"application\/ld+json\" class=\"yoast-schema-graph\">{\"@context\":\"https:\\\/\\\/schema.org\",\"@graph\":[{\"@type\":\"WebPage\",\"@id\":\"https:\\\/\\\/antderground.com\\\/pl\\\/informacje-prawne\\\/\",\"url\":\"https:\\\/\\\/antderground.com\\\/pl\\\/informacje-prawne\\\/\",\"name\":\"Informacje prawne - ANTDERGROUND\",\"isPartOf\":{\"@id\":\"https:\\\/\\\/antderground.com\\\/pl\\\/#website\"},\"datePublished\":\"2019-06-16T06:35:11+00:00\",\"dateModified\":\"2026-01-23T11:56:10+00:00\",\"breadcrumb\":{\"@id\":\"https:\\\/\\\/antderground.com\\\/pl\\\/informacje-prawne\\\/#breadcrumb\"},\"inLanguage\":\"pl-PL\",\"potentialAction\":[{\"@type\":\"ReadAction\",\"target\":[\"https:\\\/\\\/antderground.com\\\/pl\\\/informacje-prawne\\\/\"]}]},{\"@type\":\"BreadcrumbList\",\"@id\":\"https:\\\/\\\/antderground.com\\\/pl\\\/informacje-prawne\\\/#breadcrumb\",\"itemListElement\":[{\"@type\":\"ListItem\",\"position\":1,\"name\":\"Portada\",\"item\":\"https:\\\/\\\/antderground.com\\\/pl\\\/\"},{\"@type\":\"ListItem\",\"position\":2,\"name\":\"Informacje prawne\"}]},{\"@type\":\"WebSite\",\"@id\":\"https:\\\/\\\/antderground.com\\\/pl\\\/#website\",\"url\":\"https:\\\/\\\/antderground.com\\\/pl\\\/\",\"name\":\"ANTDERGROUND\",\"description\":\"Tu tienda de hormigas, gran variedad de hormigueros acr\u00edlicos,madera,arena,3D y mas.. Pide tus hormigas gratis con tu pedido, somos expertos en hormigueros antifugas.\",\"publisher\":{\"@id\":\"https:\\\/\\\/antderground.com\\\/pl\\\/#\\\/schema\\\/person\\\/0e322c505e84fe72c65e2f6d08f96b81\"},\"alternateName\":\"Antderground\",\"potentialAction\":[{\"@type\":\"SearchAction\",\"target\":{\"@type\":\"EntryPoint\",\"urlTemplate\":\"https:\\\/\\\/antderground.com\\\/pl\\\/?s={search_term_string}\"},\"query-input\":{\"@type\":\"PropertyValueSpecification\",\"valueRequired\":true,\"valueName\":\"search_term_string\"}}],\"inLanguage\":\"pl-PL\"},{\"@type\":[\"Person\",\"Organization\"],\"@id\":\"https:\\\/\\\/antderground.com\\\/pl\\\/#\\\/schema\\\/person\\\/0e322c505e84fe72c65e2f6d08f96b81\",\"name\":\"Eric de Antderground\",\"image\":{\"@type\":\"ImageObject\",\"inLanguage\":\"pl-PL\",\"@id\":\"https:\\\/\\\/secure.gravatar.com\\\/avatar\\\/c49a1b9f79216d1498cb73c1e85cd47f4465dda35f2a94c03790d491bd4423c3?s=96&d=mm&r=g\",\"url\":\"https:\\\/\\\/secure.gravatar.com\\\/avatar\\\/c49a1b9f79216d1498cb73c1e85cd47f4465dda35f2a94c03790d491bd4423c3?s=96&d=mm&r=g\",\"contentUrl\":\"https:\\\/\\\/secure.gravatar.com\\\/avatar\\\/c49a1b9f79216d1498cb73c1e85cd47f4465dda35f2a94c03790d491bd4423c3?s=96&d=mm&r=g\",\"caption\":\"Eric de Antderground\"},\"logo\":{\"@id\":\"https:\\\/\\\/secure.gravatar.com\\\/avatar\\\/c49a1b9f79216d1498cb73c1e85cd47f4465dda35f2a94c03790d491bd4423c3?s=96&d=mm&r=g\"},\"description\":\"Eric es el especialista y fundador de Antderground, con una amplia trayectoria en artr\u00f3podos y enfocado en la mirmecolog\u00eda y el dise\u00f1o de hormigueros artificiales. Su enfoque combina la innovaci\u00f3n t\u00e9cnica con el respeto por la biolog\u00eda de las hormigas, is\u00f3podos y otros, desarrollando sistemas de nidos modulares 3D y acr\u00edlicos que son referentes para aficionados y profesionales en toda Europa. Su objetivo es facilitar la cr\u00eda de hormigas y otros artr\u00f3podos mediante soluciones seguras y divulgaci\u00f3n de calidad.\",\"sameAs\":[\"https:\\\/\\\/antderground.com\\\/\",\"https:\\\/\\\/www.youtube.com\\\/channel\\\/UCio72z7TlbufkAthAJIJfPw\"]}]}<\/script>\n<!-- \/ Yoast SEO plugin. -->","yoast_head_json":{"title":"Informacje prawne - ANTDERGROUND","robots":{"index":"index","follow":"follow","max-snippet":"max-snippet:-1","max-image-preview":"max-image-preview:large","max-video-preview":"max-video-preview:-1"},"canonical":"https:\/\/antderground.com\/pl\/informacje-prawne\/","og_locale":"pl_PL","og_type":"article","og_title":"Informacje prawne - ANTDERGROUND","og_description":"Dane identyfikacyjne w\u0142a\u015bciciela strony internetowej Zgodnie z obowi\u0105zkiem informacyjnym wynikaj\u0105cym z art. 10 hiszpa\u0144skiej ustawy z dnia 11 lipca 2002","og_url":"https:\/\/antderground.com\/pl\/informacje-prawne\/","og_site_name":"ANTDERGROUND","article_modified_time":"2026-01-23T11:56:10+00:00","twitter_card":"summary_large_image","twitter_misc":{"Szacowany czas czytania":"6 minut"},"schema":{"@context":"https:\/\/schema.org","@graph":[{"@type":"WebPage","@id":"https:\/\/antderground.com\/pl\/informacje-prawne\/","url":"https:\/\/antderground.com\/pl\/informacje-prawne\/","name":"Informacje prawne - ANTDERGROUND","isPartOf":{"@id":"https:\/\/antderground.com\/pl\/#website"},"datePublished":"2019-06-16T06:35:11+00:00","dateModified":"2026-01-23T11:56:10+00:00","breadcrumb":{"@id":"https:\/\/antderground.com\/pl\/informacje-prawne\/#breadcrumb"},"inLanguage":"pl-PL","potentialAction":[{"@type":"ReadAction","target":["https:\/\/antderground.com\/pl\/informacje-prawne\/"]}]},{"@type":"BreadcrumbList","@id":"https:\/\/antderground.com\/pl\/informacje-prawne\/#breadcrumb","itemListElement":[{"@type":"ListItem","position":1,"name":"Portada","item":"https:\/\/antderground.com\/pl\/"},{"@type":"ListItem","position":2,"name":"Informacje prawne"}]},{"@type":"WebSite","@id":"https:\/\/antderground.com\/pl\/#website","url":"https:\/\/antderground.com\/pl\/","name":"ANTDERGROUND","description":"Tu tienda de hormigas, gran variedad de hormigueros acr\u00edlicos,madera,arena,3D y mas.. Pide tus hormigas gratis con tu pedido, somos expertos en hormigueros antifugas.","publisher":{"@id":"https:\/\/antderground.com\/pl\/#\/schema\/person\/0e322c505e84fe72c65e2f6d08f96b81"},"alternateName":"Antderground","potentialAction":[{"@type":"SearchAction","target":{"@type":"EntryPoint","urlTemplate":"https:\/\/antderground.com\/pl\/?s={search_term_string}"},"query-input":{"@type":"PropertyValueSpecification","valueRequired":true,"valueName":"search_term_string"}}],"inLanguage":"pl-PL"},{"@type":["Person","Organization"],"@id":"https:\/\/antderground.com\/pl\/#\/schema\/person\/0e322c505e84fe72c65e2f6d08f96b81","name":"Eric de Antderground","image":{"@type":"ImageObject","inLanguage":"pl-PL","@id":"https:\/\/secure.gravatar.com\/avatar\/c49a1b9f79216d1498cb73c1e85cd47f4465dda35f2a94c03790d491bd4423c3?s=96&d=mm&r=g","url":"https:\/\/secure.gravatar.com\/avatar\/c49a1b9f79216d1498cb73c1e85cd47f4465dda35f2a94c03790d491bd4423c3?s=96&d=mm&r=g","contentUrl":"https:\/\/secure.gravatar.com\/avatar\/c49a1b9f79216d1498cb73c1e85cd47f4465dda35f2a94c03790d491bd4423c3?s=96&d=mm&r=g","caption":"Eric de Antderground"},"logo":{"@id":"https:\/\/secure.gravatar.com\/avatar\/c49a1b9f79216d1498cb73c1e85cd47f4465dda35f2a94c03790d491bd4423c3?s=96&d=mm&r=g"},"description":"Eric es el especialista y fundador de Antderground, con una amplia trayectoria en artr\u00f3podos y enfocado en la mirmecolog\u00eda y el dise\u00f1o de hormigueros artificiales. Su enfoque combina la innovaci\u00f3n t\u00e9cnica con el respeto por la biolog\u00eda de las hormigas, is\u00f3podos y otros, desarrollando sistemas de nidos modulares 3D y acr\u00edlicos que son referentes para aficionados y profesionales en toda Europa. Su objetivo es facilitar la cr\u00eda de hormigas y otros artr\u00f3podos mediante soluciones seguras y divulgaci\u00f3n de calidad.","sameAs":["https:\/\/antderground.com\/","https:\/\/www.youtube.com\/channel\/UCio72z7TlbufkAthAJIJfPw"]}]}},"_links":{"self":[{"href":"https:\/\/antderground.com\/pl\/wp-json\/wp\/v2\/pages\/48929","targetHints":{"allow":["GET"]}}],"collection":[{"href":"https:\/\/antderground.com\/pl\/wp-json\/wp\/v2\/pages"}],"about":[{"href":"https:\/\/antderground.com\/pl\/wp-json\/wp\/v2\/types\/page"}],"author":[{"embeddable":true,"href":"https:\/\/antderground.com\/pl\/wp-json\/wp\/v2\/users\/1"}],"replies":[{"embeddable":true,"href":"https:\/\/antderground.com\/pl\/wp-json\/wp\/v2\/comments?post=48929"}],"version-history":[{"count":5,"href":"https:\/\/antderground.com\/pl\/wp-json\/wp\/v2\/pages\/48929\/revisions"}],"predecessor-version":[{"id":48962,"href":"https:\/\/antderground.com\/pl\/wp-json\/wp\/v2\/pages\/48929\/revisions\/48962"}],"wp:attachment":[{"href":"https:\/\/antderground.com\/pl\/wp-json\/wp\/v2\/media?parent=48929"}],"curies":[{"name":"wp","href":"https:\/\/api.w.org\/{rel}","templated":true}]}}