{"id":48931,"date":"2019-06-16T08:35:11","date_gmt":"2019-06-16T06:35:11","guid":{"rendered":"https:\/\/antderground.com\/cookies\/"},"modified":"2026-01-23T13:24:20","modified_gmt":"2026-01-23T12:24:20","slug":"polityka-cookies","status":"publish","type":"page","link":"https:\/\/antderground.com\/pl\/polityka-cookies\/","title":{"rendered":"Polityka cookies"},"content":{"rendered":"\n<h3 class=\"wp-block-heading\">Wykorzystanie plik\u00f3w cookies<\/h3>\n\n\n\n<p>Zgodnie z ustaw\u0105 LSSICE (Ley 34\/2002 z 11 lipca o us\u0142ugach spo\u0142ecze\u0144stwa informacyjnego i handlu elektronicznym) informujemy, \u017ce strona ANTDERGROUND wykorzystuje pliki cookies.<\/p>\n\n\n\n<p>LSSICE odnosi si\u0119 do ka\u017cdego rodzaju plik\u00f3w lub urz\u0105dze\u0144 pobieranych na urz\u0105dzenie ko\u0144cowe u\u017cytkownika w celu przechowywania danych, kt\u00f3re mog\u0105 by\u0107 p\u00f3\u017aniej aktualizowane i odczytywane przez podmiot odpowiedzialny za ich instalacj\u0119. Plik cookie jest jednym z takich powszechnie u\u017cywanych plik\u00f3w, kt\u00f3re nazywamy cookies.<\/p>\n\n\n\n<p>Cookies to ma\u0142e pliki tekstowe przesy\u0142ane do przegl\u0105darki internetowej z serwera w celu rejestrowania aktywno\u015bci u\u017cytkownika na stronie, tak aby informacje te mog\u0142y by\u0107 p\u00f3\u017aniej odczytane podczas nawigacji po stronach powi\u0105zanych z serwerem, kt\u00f3ry je zainstalowa\u0142.<\/p>\n\n\n\n<p>Cookies zazwyczaj przechowuj\u0105 informacje o charakterze technicznym, preferencjach u\u017cytkownika, personalizacji tre\u015bci, statystykach u\u017cycia, po\u0142\u0105czeniach z mediami spo\u0142eczno\u015bciowymi, dost\u0119pie do kont u\u017cytkownik\u00f3w i inne.<\/p>\n\n\n\n<h3 class=\"wp-block-heading\">Rodzaje plik\u00f3w cookies<\/h3>\n\n\n\n<p>Poni\u017cej przedstawiono klasyfikacj\u0119 plik\u00f3w cookies wed\u0142ug kilku kategorii. Nale\u017cy pami\u0119ta\u0107, \u017ce ten sam plik cookie mo\u017ce nale\u017ce\u0107 do wi\u0119cej ni\u017c jednej kategorii.<\/p>\n\n\n\n<h2 class=\"wp-block-heading\">Wed\u0142ug podmiotu zarz\u0105dzaj\u0105cego<\/h2>\n\n\n\n<p><strong>W\u0142asne cookies:<\/strong> S\u0105 to pliki przesy\u0142ane do urz\u0105dzenia ko\u0144cowego u\u017cytkownika z serwera lub domeny zarz\u0105dzanej przez wydawc\u0119 strony, z kt\u00f3rego \u015bwiadczona jest \u017c\u0105dana przez u\u017cytkownika us\u0142uga.<\/p>\n\n\n\n<p><strong>Cookies stron trzecich:<\/strong> S\u0105 to pliki przesy\u0142ane do urz\u0105dzenia ko\u0144cowego u\u017cytkownika z serwera lub domeny niezarz\u0105dzanej przez wydawc\u0119, lecz przez inny podmiot, kt\u00f3ry przetwarza dane uzyskane za pomoc\u0105 cookies.<\/p>\n\n\n\n<p>Je\u017celi cookies s\u0105 instalowane z serwera lub domeny zarz\u0105dzanej przez wydawc\u0119, ale informacje zbierane za ich pomoc\u0105 s\u0105 przetwarzane przez podmiot trzeci, nie s\u0105 one uznawane za cookies w\u0142asne.<\/p>\n\n\n\n<h2 class=\"wp-block-heading\">Wed\u0142ug czasu przechowywania<\/h2>\n\n\n\n<ul class=\"wp-block-list\">\n<li><strong>Cookies sesyjne:<\/strong> To pliki cookies, kt\u00f3re s\u0105 projektowane w celu zbierania i przechowywania danych tylko podczas jednej sesji u\u017cytkownika na stronie internetowej. Zazwyczaj s\u0142u\u017c\u0105 do przechowywania informacji potrzebnych jednorazowo do \u015bwiadczenia us\u0142ugi (np. lista zakupionych produkt\u00f3w).<\/li>\n\n\n\n<li><strong>Cookies trwa\u0142e:<\/strong> To pliki cookies, w kt\u00f3rych dane pozostaj\u0105 zapisane na urz\u0105dzeniu i mog\u0105 by\u0107 przetwarzane przez okre\u015blony czas ustalony przez administratora cookies, od kilku minut do kilku lat.<\/li>\n<\/ul>\n\n\n\n<h2 class=\"wp-block-heading\">Wed\u0142ug celu<\/h2>\n\n\n\n<p>W zale\u017cno\u015bci od celu przetwarzania danych uzyskanych za pomoc\u0105 plik\u00f3w cookies, mo\u017cna wyr\u00f3\u017cni\u0107 nast\u0119puj\u0105ce rodzaje:<\/p>\n\n\n\n<p><strong>Cookies techniczne:<\/strong> Umo\u017cliwiaj\u0105 u\u017cytkownikowi poruszanie si\u0119 po stronie internetowej, platformie lub aplikacji oraz korzystanie z r\u00f3\u017cnych dost\u0119pnych opcji i us\u0142ug, takich jak np. kontrola ruchu i przesy\u0142ania danych, identyfikacja sesji, dost\u0119p do cz\u0119\u015bci z ograniczonym dost\u0119pem, zapami\u0119tywanie element\u00f3w zam\u00f3wienia, realizacja procesu zakupu, zg\u0142oszenia na wydarzenia, stosowanie element\u00f3w bezpiecze\u0144stwa podczas nawigacji, przechowywanie tre\u015bci do odtwarzania wideo lub d\u017awi\u0119ku, czy udost\u0119pnianie tre\u015bci w mediach spo\u0142eczno\u015bciowych.<\/p>\n\n\n\n<p><strong>Cookies personalizacyjne:<\/strong> Pozwalaj\u0105 u\u017cytkownikowi korzysta\u0107 z us\u0142ugi z wcze\u015bniej zdefiniowanymi og\u00f3lnymi ustawieniami na podstawie r\u00f3\u017cnych kryteri\u00f3w na urz\u0105dzeniu u\u017cytkownika, np. j\u0119zyk, typ przegl\u0105darki, ustawienia regionalne, itp.<\/p>\n\n\n\n<p><strong>Cookies analityczne:<\/strong> Umo\u017cliwiaj\u0105 administratorowi \u015bledzenie i analizowanie zachowa\u0144 u\u017cytkownik\u00f3w powi\u0105zanych stron internetowych. Dane zbierane za pomoc\u0105 tych cookies s\u0105 wykorzystywane do pomiaru aktywno\u015bci stron, aplikacji lub platform oraz do tworzenia profili nawigacyjnych u\u017cytkownik\u00f3w w celu wprowadzania ulepsze\u0144 w oparciu o analiz\u0119 danych u\u017cycia.<\/p>\n\n\n\n<p><strong>Cookies reklamowe:<\/strong> Pozwalaj\u0105 na jak najbardziej efektywne zarz\u0105dzanie przestrzeniami reklamowymi, kt\u00f3re wydawca mo\u017ce umie\u015bci\u0107 na stronie internetowej, aplikacji lub platformie, w oparciu o kryteria takie jak tre\u015b\u0107 edytowana lub cz\u0119stotliwo\u015b\u0107 wy\u015bwietlania reklam.<\/p>\n\n\n\n<p><strong>Cookies reklamy behawioralnej:<\/strong> Umo\u017cliwiaj\u0105 efektywne zarz\u0105dzanie przestrzeniami reklamowymi, jednocze\u015bnie gromadz\u0105c informacje o zachowaniach u\u017cytkownik\u00f3w poprzez ci\u0105g\u0142e obserwowanie ich nawyk\u00f3w przegl\u0105dania. Dzi\u0119ki temu mo\u017cna stworzy\u0107 profil u\u017cytkownika i wy\u015bwietla\u0107 reklamy dostosowane do jego zainteresowa\u0144.<\/p>\n\n\n\n<h3 class=\"wp-block-heading\">Jak wy\u0142\u0105czy\u0107 pliki cookies w g\u0142\u00f3wnych przegl\u0105darkach internetowych<\/h3>\n\n\n\n<p>Aby skonfigurowa\u0107 u\u017cywanie plik\u00f3w cookies, post\u0119puj zgodnie z instrukcjami odpowiednimi dla swojej przegl\u0105darki lub skorzystaj z jej pomocy.<\/p>\n\n\n\n<ul class=\"wp-block-list\">\n<li><a href=\"https:\/\/support.apple.com\/es-es\/HT201265\">Safari<\/a><\/li>\n\n\n\n<li><a href=\"https:\/\/support.mozilla.org\/es\/kb\/habilitar-y-deshabilitar-cookies-sitios-web-rastrear-preferencias?redirectlocale=es&amp;redirectslug=habilitar-y-deshabilitar-cookies-que-los-sitios-we\">Firefox<\/a><\/li>\n\n\n\n<li><a href=\"https:\/\/support.google.com\/chrome\/answer\/95647?hl=es-es\">Chrome<\/a><\/li>\n\n\n\n<li><a href=\"https:\/\/www.opera.com\/help\/tutorials\/security\/privacy\/\">\u00d3pera<\/a><\/li>\n\n\n\n<li><a href=\"https:\/\/support.microsoft.com\/es-es\/help\/17442\/windows-internet-explorer-delete-manage-cookies\">Internet Explorer<\/a><\/li>\n\n\n\n<li><a href=\"https:\/\/privacy.microsoft.com\/es-es\/windows-10-microsoft-edge-and-privacy\">Edge<\/a><\/li>\n<\/ul>\n\n\n\n<h3 class=\"wp-block-heading\">Co si\u0119 stanie, je\u015bli nie zaakceptujesz plik\u00f3w cookies<\/h3>\n\n\n\n<p>Odrzucenie plik\u00f3w cookies mo\u017ce uniemo\u017cliwi\u0107 dost\u0119p do spersonalizowanych tre\u015bci i us\u0142ug.<\/p>\n\n\n\n<h3 class=\"wp-block-heading\">Aktualizacje i zmiany w polityce plik\u00f3w cookies<\/h3>\n\n\n\n<p>ANTDERGROUND mo\u017ce modyfikowa\u0107 niniejsz\u0105 polityk\u0119 cookies w zale\u017cno\u015bci od wymog\u00f3w prawnych, regulacyjnych, w celu dostosowania jej do zalece\u0144 Hiszpa\u0144skiej Agencji Ochrony Danych, ze wzgl\u0119d\u00f3w technicznych lub w ramach reorganizacji strony internetowej. Dlatego zalecamy regularne przegl\u0105danie tej polityki.<\/p>\n\n\n\n<h3 class=\"wp-block-heading\">Kontakt<\/h3>\n\n\n\n<p>W przypadku pyta\u0144 dotycz\u0105cych sposobu wykorzystania plik\u00f3w cookies, prosimy o kontakt pod adresem e-mail: antderground@gmail.com.<\/p>\n\n\n\n<p><\/p>\n","protected":false},"excerpt":{"rendered":"<p>Wykorzystanie plik\u00f3w cookies Zgodnie z ustaw\u0105 LSSICE (Ley 34\/2002 z 11 lipca o us\u0142ugach spo\u0142ecze\u0144stwa informacyjnego i handlu elektronicznym) informujemy,<\/p>\n","protected":false},"author":1,"featured_media":0,"parent":0,"menu_order":0,"comment_status":"closed","ping_status":"closed","template":"","meta":{"footnotes":""},"class_list":["post-48931","page","type-page","status-publish","hentry"],"yoast_head":"<!-- This site is optimized with the Yoast SEO plugin v27.3 - https:\/\/yoast.com\/product\/yoast-seo-wordpress\/ -->\n<title>Polityka cookies - ANTDERGROUND<\/title>\n<meta name=\"robots\" content=\"index, follow, max-snippet:-1, max-image-preview:large, max-video-preview:-1\" \/>\n<link rel=\"canonical\" href=\"https:\/\/antderground.com\/pl\/polityka-cookies\/\" \/>\n<meta property=\"og:locale\" content=\"pl_PL\" \/>\n<meta property=\"og:type\" content=\"article\" \/>\n<meta property=\"og:title\" content=\"Polityka cookies - ANTDERGROUND\" \/>\n<meta property=\"og:description\" content=\"Wykorzystanie plik\u00f3w cookies Zgodnie z ustaw\u0105 LSSICE (Ley 34\/2002 z 11 lipca o us\u0142ugach spo\u0142ecze\u0144stwa informacyjnego i handlu elektronicznym) informujemy,\" \/>\n<meta property=\"og:url\" content=\"https:\/\/antderground.com\/pl\/polityka-cookies\/\" \/>\n<meta property=\"og:site_name\" content=\"ANTDERGROUND\" \/>\n<meta property=\"article:modified_time\" content=\"2026-01-23T12:24:20+00:00\" \/>\n<meta name=\"twitter:card\" content=\"summary_large_image\" \/>\n<meta name=\"twitter:label1\" content=\"Szacowany czas czytania\" \/>\n\t<meta name=\"twitter:data1\" content=\"3 minuty\" \/>\n<script type=\"application\/ld+json\" class=\"yoast-schema-graph\">{\"@context\":\"https:\\\/\\\/schema.org\",\"@graph\":[{\"@type\":\"WebPage\",\"@id\":\"https:\\\/\\\/antderground.com\\\/pl\\\/polityka-cookies\\\/\",\"url\":\"https:\\\/\\\/antderground.com\\\/pl\\\/polityka-cookies\\\/\",\"name\":\"Polityka cookies - ANTDERGROUND\",\"isPartOf\":{\"@id\":\"https:\\\/\\\/antderground.com\\\/pl\\\/#website\"},\"datePublished\":\"2019-06-16T06:35:11+00:00\",\"dateModified\":\"2026-01-23T12:24:20+00:00\",\"breadcrumb\":{\"@id\":\"https:\\\/\\\/antderground.com\\\/pl\\\/polityka-cookies\\\/#breadcrumb\"},\"inLanguage\":\"pl-PL\",\"potentialAction\":[{\"@type\":\"ReadAction\",\"target\":[\"https:\\\/\\\/antderground.com\\\/pl\\\/polityka-cookies\\\/\"]}]},{\"@type\":\"BreadcrumbList\",\"@id\":\"https:\\\/\\\/antderground.com\\\/pl\\\/polityka-cookies\\\/#breadcrumb\",\"itemListElement\":[{\"@type\":\"ListItem\",\"position\":1,\"name\":\"Portada\",\"item\":\"https:\\\/\\\/antderground.com\\\/pl\\\/\"},{\"@type\":\"ListItem\",\"position\":2,\"name\":\"Polityka cookies\"}]},{\"@type\":\"WebSite\",\"@id\":\"https:\\\/\\\/antderground.com\\\/pl\\\/#website\",\"url\":\"https:\\\/\\\/antderground.com\\\/pl\\\/\",\"name\":\"ANTDERGROUND\",\"description\":\"Tu tienda de hormigas, gran variedad de hormigueros acr\u00edlicos,madera,arena,3D y mas.. Pide tus hormigas gratis con tu pedido, somos expertos en hormigueros antifugas.\",\"publisher\":{\"@id\":\"https:\\\/\\\/antderground.com\\\/pl\\\/#\\\/schema\\\/person\\\/0e322c505e84fe72c65e2f6d08f96b81\"},\"alternateName\":\"Antderground\",\"potentialAction\":[{\"@type\":\"SearchAction\",\"target\":{\"@type\":\"EntryPoint\",\"urlTemplate\":\"https:\\\/\\\/antderground.com\\\/pl\\\/?s={search_term_string}\"},\"query-input\":{\"@type\":\"PropertyValueSpecification\",\"valueRequired\":true,\"valueName\":\"search_term_string\"}}],\"inLanguage\":\"pl-PL\"},{\"@type\":[\"Person\",\"Organization\"],\"@id\":\"https:\\\/\\\/antderground.com\\\/pl\\\/#\\\/schema\\\/person\\\/0e322c505e84fe72c65e2f6d08f96b81\",\"name\":\"Eric de Antderground\",\"image\":{\"@type\":\"ImageObject\",\"inLanguage\":\"pl-PL\",\"@id\":\"https:\\\/\\\/secure.gravatar.com\\\/avatar\\\/c49a1b9f79216d1498cb73c1e85cd47f4465dda35f2a94c03790d491bd4423c3?s=96&d=mm&r=g\",\"url\":\"https:\\\/\\\/secure.gravatar.com\\\/avatar\\\/c49a1b9f79216d1498cb73c1e85cd47f4465dda35f2a94c03790d491bd4423c3?s=96&d=mm&r=g\",\"contentUrl\":\"https:\\\/\\\/secure.gravatar.com\\\/avatar\\\/c49a1b9f79216d1498cb73c1e85cd47f4465dda35f2a94c03790d491bd4423c3?s=96&d=mm&r=g\",\"caption\":\"Eric de Antderground\"},\"logo\":{\"@id\":\"https:\\\/\\\/secure.gravatar.com\\\/avatar\\\/c49a1b9f79216d1498cb73c1e85cd47f4465dda35f2a94c03790d491bd4423c3?s=96&d=mm&r=g\"},\"description\":\"Eric es el especialista y fundador de Antderground, con una amplia trayectoria en artr\u00f3podos y enfocado en la mirmecolog\u00eda y el dise\u00f1o de hormigueros artificiales. Su enfoque combina la innovaci\u00f3n t\u00e9cnica con el respeto por la biolog\u00eda de las hormigas, is\u00f3podos y otros, desarrollando sistemas de nidos modulares 3D y acr\u00edlicos que son referentes para aficionados y profesionales en toda Europa. Su objetivo es facilitar la cr\u00eda de hormigas y otros artr\u00f3podos mediante soluciones seguras y divulgaci\u00f3n de calidad.\",\"sameAs\":[\"https:\\\/\\\/antderground.com\\\/\",\"https:\\\/\\\/www.youtube.com\\\/channel\\\/UCio72z7TlbufkAthAJIJfPw\"]}]}<\/script>\n<!-- \/ Yoast SEO plugin. -->","yoast_head_json":{"title":"Polityka cookies - ANTDERGROUND","robots":{"index":"index","follow":"follow","max-snippet":"max-snippet:-1","max-image-preview":"max-image-preview:large","max-video-preview":"max-video-preview:-1"},"canonical":"https:\/\/antderground.com\/pl\/polityka-cookies\/","og_locale":"pl_PL","og_type":"article","og_title":"Polityka cookies - ANTDERGROUND","og_description":"Wykorzystanie plik\u00f3w cookies Zgodnie z ustaw\u0105 LSSICE (Ley 34\/2002 z 11 lipca o us\u0142ugach spo\u0142ecze\u0144stwa informacyjnego i handlu elektronicznym) informujemy,","og_url":"https:\/\/antderground.com\/pl\/polityka-cookies\/","og_site_name":"ANTDERGROUND","article_modified_time":"2026-01-23T12:24:20+00:00","twitter_card":"summary_large_image","twitter_misc":{"Szacowany czas czytania":"3 minuty"},"schema":{"@context":"https:\/\/schema.org","@graph":[{"@type":"WebPage","@id":"https:\/\/antderground.com\/pl\/polityka-cookies\/","url":"https:\/\/antderground.com\/pl\/polityka-cookies\/","name":"Polityka cookies - ANTDERGROUND","isPartOf":{"@id":"https:\/\/antderground.com\/pl\/#website"},"datePublished":"2019-06-16T06:35:11+00:00","dateModified":"2026-01-23T12:24:20+00:00","breadcrumb":{"@id":"https:\/\/antderground.com\/pl\/polityka-cookies\/#breadcrumb"},"inLanguage":"pl-PL","potentialAction":[{"@type":"ReadAction","target":["https:\/\/antderground.com\/pl\/polityka-cookies\/"]}]},{"@type":"BreadcrumbList","@id":"https:\/\/antderground.com\/pl\/polityka-cookies\/#breadcrumb","itemListElement":[{"@type":"ListItem","position":1,"name":"Portada","item":"https:\/\/antderground.com\/pl\/"},{"@type":"ListItem","position":2,"name":"Polityka cookies"}]},{"@type":"WebSite","@id":"https:\/\/antderground.com\/pl\/#website","url":"https:\/\/antderground.com\/pl\/","name":"ANTDERGROUND","description":"Tu tienda de hormigas, gran variedad de hormigueros acr\u00edlicos,madera,arena,3D y mas.. Pide tus hormigas gratis con tu pedido, somos expertos en hormigueros antifugas.","publisher":{"@id":"https:\/\/antderground.com\/pl\/#\/schema\/person\/0e322c505e84fe72c65e2f6d08f96b81"},"alternateName":"Antderground","potentialAction":[{"@type":"SearchAction","target":{"@type":"EntryPoint","urlTemplate":"https:\/\/antderground.com\/pl\/?s={search_term_string}"},"query-input":{"@type":"PropertyValueSpecification","valueRequired":true,"valueName":"search_term_string"}}],"inLanguage":"pl-PL"},{"@type":["Person","Organization"],"@id":"https:\/\/antderground.com\/pl\/#\/schema\/person\/0e322c505e84fe72c65e2f6d08f96b81","name":"Eric de Antderground","image":{"@type":"ImageObject","inLanguage":"pl-PL","@id":"https:\/\/secure.gravatar.com\/avatar\/c49a1b9f79216d1498cb73c1e85cd47f4465dda35f2a94c03790d491bd4423c3?s=96&d=mm&r=g","url":"https:\/\/secure.gravatar.com\/avatar\/c49a1b9f79216d1498cb73c1e85cd47f4465dda35f2a94c03790d491bd4423c3?s=96&d=mm&r=g","contentUrl":"https:\/\/secure.gravatar.com\/avatar\/c49a1b9f79216d1498cb73c1e85cd47f4465dda35f2a94c03790d491bd4423c3?s=96&d=mm&r=g","caption":"Eric de Antderground"},"logo":{"@id":"https:\/\/secure.gravatar.com\/avatar\/c49a1b9f79216d1498cb73c1e85cd47f4465dda35f2a94c03790d491bd4423c3?s=96&d=mm&r=g"},"description":"Eric es el especialista y fundador de Antderground, con una amplia trayectoria en artr\u00f3podos y enfocado en la mirmecolog\u00eda y el dise\u00f1o de hormigueros artificiales. Su enfoque combina la innovaci\u00f3n t\u00e9cnica con el respeto por la biolog\u00eda de las hormigas, is\u00f3podos y otros, desarrollando sistemas de nidos modulares 3D y acr\u00edlicos que son referentes para aficionados y profesionales en toda Europa. Su objetivo es facilitar la cr\u00eda de hormigas y otros artr\u00f3podos mediante soluciones seguras y divulgaci\u00f3n de calidad.","sameAs":["https:\/\/antderground.com\/","https:\/\/www.youtube.com\/channel\/UCio72z7TlbufkAthAJIJfPw"]}]}},"_links":{"self":[{"href":"https:\/\/antderground.com\/pl\/wp-json\/wp\/v2\/pages\/48931","targetHints":{"allow":["GET"]}}],"collection":[{"href":"https:\/\/antderground.com\/pl\/wp-json\/wp\/v2\/pages"}],"about":[{"href":"https:\/\/antderground.com\/pl\/wp-json\/wp\/v2\/types\/page"}],"author":[{"embeddable":true,"href":"https:\/\/antderground.com\/pl\/wp-json\/wp\/v2\/users\/1"}],"replies":[{"embeddable":true,"href":"https:\/\/antderground.com\/pl\/wp-json\/wp\/v2\/comments?post=48931"}],"version-history":[{"count":2,"href":"https:\/\/antderground.com\/pl\/wp-json\/wp\/v2\/pages\/48931\/revisions"}],"predecessor-version":[{"id":48968,"href":"https:\/\/antderground.com\/pl\/wp-json\/wp\/v2\/pages\/48931\/revisions\/48968"}],"wp:attachment":[{"href":"https:\/\/antderground.com\/pl\/wp-json\/wp\/v2\/media?parent=48931"}],"curies":[{"name":"wp","href":"https:\/\/api.w.org\/{rel}","templated":true}]}}