{"id":51441,"date":"2020-03-19T18:30:02","date_gmt":"2020-03-19T17:30:02","guid":{"rendered":"https:\/\/antderground.com\/somos-tu-tienda-de-hormigueros\/"},"modified":"2026-03-18T15:19:17","modified_gmt":"2026-03-18T14:19:17","slug":"eksperci-od-stawonogow","status":"publish","type":"page","link":"https:\/\/antderground.com\/pl\/eksperci-od-stawonogow\/","title":{"rendered":"Eksperci od stawonog\u00f3w"},"content":{"rendered":"\t\t<div data-elementor-type=\"wp-page\" data-elementor-id=\"51441\" class=\"elementor elementor-51441 elementor-6755\">\n\t\t\t\t<div class=\"wd-negative-gap elementor-element elementor-element-2b2d963f e-flex e-con-boxed e-con e-parent\" data-id=\"2b2d963f\" data-element_type=\"container\" data-e-type=\"container\">\n\t\t\t\t\t<div class=\"e-con-inner\">\n\t\t\t\t<div class=\"elementor-element elementor-element-6814953b color-scheme-inherit text-left elementor-widget elementor-widget-text-editor\" data-id=\"6814953b\" data-element_type=\"widget\" data-e-type=\"widget\" data-widget_type=\"text-editor.default\">\n\t\t\t\t<div class=\"elementor-widget-container\">\n\t\t\t\t\t\t\t\t\t<p>Witaj w Antderground \u2013 Twoim specjalistycznym sklepie z formikariami, kt\u00f3ry narodzi\u0142 si\u0119 z dzieci\u0119cego marzenia mojego 5-letniego syna, Marca.<\/p>\n<p>Obaj jeste\u015bmy wielkimi mi\u0142o\u015bnikami natury i zwierz\u0105t, a nasz\u0105 szczeg\u00f3ln\u0105 pasj\u0105 s\u0105 mr\u00f3wki i r\u00f3wnonogi (izopody). Wszystko zacz\u0119\u0142o si\u0119 od prostej decyzji: postanowili\u015bmy w\u0142asnor\u0119cznie stworzy\u0107 formikaria, aby podarowa\u0107 je szkole Marca. To by\u0142 impuls, kt\u00f3ry przerodzi\u0142 si\u0119 w co\u015b znacznie wi\u0119kszego.<\/p>\n<p>Szybko stali si\u0119my dynamicznie rozwijaj\u0105c\u0105 si\u0119 firm\u0105. Powstali\u015bmy w Berga w maju 2019 roku, a nasz zesp\u00f3\u0142 stale powi\u0119ksza si\u0119 o nowych pasjonat\u00f3w, kt\u00f3rzy dziel\u0105 nasz\u0105 wizj\u0119.<\/p>\n<p>Co nas wyr\u00f3\u017cnia?<br \/>Wszystkie nasze produkty s\u0105 w\u0142asnej produkcji. Dzi\u0119ki temu mamy pe\u0142n\u0105 kontrol\u0119 nad jako\u015bci\u0105 i mo\u017cemy oferowa\u0107 rozwi\u0105zania najlepiej dopasowane do potrzeb mr\u00f3wek. Tworzymy r\u00f3wnie\u017c projekty personalizowane, dostosowane do indywidualnych wymaga\u0144 ka\u017cdego klienta.<\/p>\n<p>Do\u0142\u0105cz do naszej spo\u0142eczno\u015bci!<br \/>Prowadzimy grup\u0119 na Facebooku, gdzie utrzymujemy bezpo\u015bredni kontakt z naszymi klientami i obserwatorami. Zapraszamy Ci\u0119 do do\u0142\u0105czenia \u2013 mo\u017cesz tam dzieli\u0107 si\u0119 pomys\u0142ami, publikowa\u0107 zdj\u0119cia swoich kolonii, zadawa\u0107 pytania i by\u0107 na bie\u017c\u0105co z naszymi nowo\u015bciami.<\/p>\n<p>Zach\u0119camy Ci\u0119 do wej\u015bcia w ten niezwyk\u0142y i fascynuj\u0105cy \u015bwiat mr\u00f3wek. Mamy nadziej\u0119, \u017ce zakupy w Antderground b\u0119d\u0105 dla Ciebie czyst\u0105 przyjemno\u015bci\u0105. W razie jakichkolwiek pyta\u0144 \u2013 jeste\u015bmy do Twojej dyspozycji.<\/p>\n<p>Dzi\u0119kujemy, \u017ce jeste\u015b z nami!<br \/>Tw\u00f3j sklep z formikariami Antderground<\/p>\t\t\t\t\t\t\t\t<\/div>\n\t\t\t\t<\/div>\n\t\t\t\t\t<\/div>\n\t\t\t\t<\/div>\n\t\t\t\t<\/div>\n\t\t","protected":false},"excerpt":{"rendered":"<p>Witaj w Antderground \u2013 Twoim specjalistycznym sklepie z formikariami, kt\u00f3ry narodzi\u0142 si\u0119 z dzieci\u0119cego marzenia mojego 5-letniego syna, Marca. Obaj<\/p>\n","protected":false},"author":1,"featured_media":51443,"parent":0,"menu_order":0,"comment_status":"closed","ping_status":"closed","template":"","meta":{"footnotes":""},"class_list":["post-51441","page","type-page","status-publish","has-post-thumbnail","hentry"],"yoast_head":"<!-- This site is optimized with the Yoast SEO plugin v27.3 - https:\/\/yoast.com\/product\/yoast-seo-wordpress\/ -->\n<title>Eksperci od stawonog\u00f3w - Antderground.com<\/title>\n<meta name=\"description\" content=\"Antderground to nowoczesny sklep internetowy z formikariami. Oferujemy autorskie gniazda dla mr\u00f3wek w\u0142asnej produkcji. Sprawd\u017a nasze unikalne rozwi\u0105zania! \ud83d\udc1c\ud83c\udfe0\" \/>\n<meta name=\"robots\" content=\"index, follow, max-snippet:-1, max-image-preview:large, max-video-preview:-1\" \/>\n<link rel=\"canonical\" href=\"https:\/\/antderground.com\/pl\/eksperci-od-stawonogow\/\" \/>\n<meta property=\"og:locale\" content=\"pl_PL\" \/>\n<meta property=\"og:type\" content=\"article\" \/>\n<meta property=\"og:title\" content=\"Eksperci od stawonog\u00f3w - Antderground.com\" \/>\n<meta property=\"og:description\" content=\"Antderground to nowoczesny sklep internetowy z formikariami. Oferujemy autorskie gniazda dla mr\u00f3wek w\u0142asnej produkcji. Sprawd\u017a nasze unikalne rozwi\u0105zania! \ud83d\udc1c\ud83c\udfe0\" \/>\n<meta property=\"og:url\" content=\"https:\/\/antderground.com\/pl\/eksperci-od-stawonogow\/\" \/>\n<meta property=\"og:site_name\" content=\"ANTDERGROUND\" \/>\n<meta property=\"article:modified_time\" content=\"2026-03-18T14:19:17+00:00\" \/>\n<meta property=\"og:image\" content=\"https:\/\/antderground.com\/wp-content\/uploads\/2019\/05\/WhatsApp-Image-2019-05-07-at-7.25.58-PM.jpeg\" \/>\n\t<meta property=\"og:image:width\" content=\"1266\" \/>\n\t<meta property=\"og:image:height\" content=\"674\" \/>\n\t<meta property=\"og:image:type\" content=\"image\/jpeg\" \/>\n<meta name=\"twitter:card\" content=\"summary_large_image\" \/>\n<meta name=\"twitter:label1\" content=\"Szacowany czas czytania\" \/>\n\t<meta name=\"twitter:data1\" content=\"2 minuty\" \/>\n<script type=\"application\/ld+json\" class=\"yoast-schema-graph\">{\"@context\":\"https:\\\/\\\/schema.org\",\"@graph\":[{\"@type\":\"WebPage\",\"@id\":\"https:\\\/\\\/antderground.com\\\/pl\\\/eksperci-od-stawonogow\\\/\",\"url\":\"https:\\\/\\\/antderground.com\\\/pl\\\/eksperci-od-stawonogow\\\/\",\"name\":\"Eksperci od stawonog\u00f3w - Antderground.com\",\"isPartOf\":{\"@id\":\"https:\\\/\\\/antderground.com\\\/pl\\\/#website\"},\"primaryImageOfPage\":{\"@id\":\"https:\\\/\\\/antderground.com\\\/pl\\\/eksperci-od-stawonogow\\\/#primaryimage\"},\"image\":{\"@id\":\"https:\\\/\\\/antderground.com\\\/pl\\\/eksperci-od-stawonogow\\\/#primaryimage\"},\"thumbnailUrl\":\"https:\\\/\\\/antderground.com\\\/wp-content\\\/uploads\\\/2019\\\/05\\\/WhatsApp-Image-2019-05-07-at-7.25.58-PM.jpeg\",\"datePublished\":\"2020-03-19T17:30:02+00:00\",\"dateModified\":\"2026-03-18T14:19:17+00:00\",\"description\":\"Antderground to nowoczesny sklep internetowy z formikariami. Oferujemy autorskie gniazda dla mr\u00f3wek w\u0142asnej produkcji. Sprawd\u017a nasze unikalne rozwi\u0105zania! \ud83d\udc1c\ud83c\udfe0\",\"breadcrumb\":{\"@id\":\"https:\\\/\\\/antderground.com\\\/pl\\\/eksperci-od-stawonogow\\\/#breadcrumb\"},\"inLanguage\":\"pl-PL\",\"potentialAction\":[{\"@type\":\"ReadAction\",\"target\":[\"https:\\\/\\\/antderground.com\\\/pl\\\/eksperci-od-stawonogow\\\/\"]}]},{\"@type\":\"ImageObject\",\"inLanguage\":\"pl-PL\",\"@id\":\"https:\\\/\\\/antderground.com\\\/pl\\\/eksperci-od-stawonogow\\\/#primaryimage\",\"url\":\"https:\\\/\\\/antderground.com\\\/wp-content\\\/uploads\\\/2019\\\/05\\\/WhatsApp-Image-2019-05-07-at-7.25.58-PM.jpeg\",\"contentUrl\":\"https:\\\/\\\/antderground.com\\\/wp-content\\\/uploads\\\/2019\\\/05\\\/WhatsApp-Image-2019-05-07-at-7.25.58-PM.jpeg\",\"width\":1266,\"height\":674,\"caption\":\"somos tu tienda de hormigueros\"},{\"@type\":\"BreadcrumbList\",\"@id\":\"https:\\\/\\\/antderground.com\\\/pl\\\/eksperci-od-stawonogow\\\/#breadcrumb\",\"itemListElement\":[{\"@type\":\"ListItem\",\"position\":1,\"name\":\"Portada\",\"item\":\"https:\\\/\\\/antderground.com\\\/pl\\\/\"},{\"@type\":\"ListItem\",\"position\":2,\"name\":\"Eksperci od stawonog\u00f3w\"}]},{\"@type\":\"WebSite\",\"@id\":\"https:\\\/\\\/antderground.com\\\/pl\\\/#website\",\"url\":\"https:\\\/\\\/antderground.com\\\/pl\\\/\",\"name\":\"ANTDERGROUND\",\"description\":\"Tu tienda de hormigas, gran variedad de hormigueros acr\u00edlicos,madera,arena,3D y mas.. Pide tus hormigas gratis con tu pedido, somos expertos en hormigueros antifugas.\",\"publisher\":{\"@id\":\"https:\\\/\\\/antderground.com\\\/pl\\\/#\\\/schema\\\/person\\\/0e322c505e84fe72c65e2f6d08f96b81\"},\"alternateName\":\"Antderground\",\"potentialAction\":[{\"@type\":\"SearchAction\",\"target\":{\"@type\":\"EntryPoint\",\"urlTemplate\":\"https:\\\/\\\/antderground.com\\\/pl\\\/?s={search_term_string}\"},\"query-input\":{\"@type\":\"PropertyValueSpecification\",\"valueRequired\":true,\"valueName\":\"search_term_string\"}}],\"inLanguage\":\"pl-PL\"},{\"@type\":[\"Person\",\"Organization\"],\"@id\":\"https:\\\/\\\/antderground.com\\\/pl\\\/#\\\/schema\\\/person\\\/0e322c505e84fe72c65e2f6d08f96b81\",\"name\":\"Eric de Antderground\",\"image\":{\"@type\":\"ImageObject\",\"inLanguage\":\"pl-PL\",\"@id\":\"https:\\\/\\\/secure.gravatar.com\\\/avatar\\\/c49a1b9f79216d1498cb73c1e85cd47f4465dda35f2a94c03790d491bd4423c3?s=96&d=mm&r=g\",\"url\":\"https:\\\/\\\/secure.gravatar.com\\\/avatar\\\/c49a1b9f79216d1498cb73c1e85cd47f4465dda35f2a94c03790d491bd4423c3?s=96&d=mm&r=g\",\"contentUrl\":\"https:\\\/\\\/secure.gravatar.com\\\/avatar\\\/c49a1b9f79216d1498cb73c1e85cd47f4465dda35f2a94c03790d491bd4423c3?s=96&d=mm&r=g\",\"caption\":\"Eric de Antderground\"},\"logo\":{\"@id\":\"https:\\\/\\\/secure.gravatar.com\\\/avatar\\\/c49a1b9f79216d1498cb73c1e85cd47f4465dda35f2a94c03790d491bd4423c3?s=96&d=mm&r=g\"},\"description\":\"Eric es el especialista y fundador de Antderground, con una amplia trayectoria en artr\u00f3podos y enfocado en la mirmecolog\u00eda y el dise\u00f1o de hormigueros artificiales. Su enfoque combina la innovaci\u00f3n t\u00e9cnica con el respeto por la biolog\u00eda de las hormigas, is\u00f3podos y otros, desarrollando sistemas de nidos modulares 3D y acr\u00edlicos que son referentes para aficionados y profesionales en toda Europa. Su objetivo es facilitar la cr\u00eda de hormigas y otros artr\u00f3podos mediante soluciones seguras y divulgaci\u00f3n de calidad.\",\"sameAs\":[\"https:\\\/\\\/antderground.com\\\/\",\"https:\\\/\\\/www.youtube.com\\\/channel\\\/UCio72z7TlbufkAthAJIJfPw\"]}]}<\/script>\n<!-- \/ Yoast SEO plugin. -->","yoast_head_json":{"title":"Eksperci od stawonog\u00f3w - Antderground.com","description":"Antderground to nowoczesny sklep internetowy z formikariami. Oferujemy autorskie gniazda dla mr\u00f3wek w\u0142asnej produkcji. Sprawd\u017a nasze unikalne rozwi\u0105zania! \ud83d\udc1c\ud83c\udfe0","robots":{"index":"index","follow":"follow","max-snippet":"max-snippet:-1","max-image-preview":"max-image-preview:large","max-video-preview":"max-video-preview:-1"},"canonical":"https:\/\/antderground.com\/pl\/eksperci-od-stawonogow\/","og_locale":"pl_PL","og_type":"article","og_title":"Eksperci od stawonog\u00f3w - Antderground.com","og_description":"Antderground to nowoczesny sklep internetowy z formikariami. Oferujemy autorskie gniazda dla mr\u00f3wek w\u0142asnej produkcji. Sprawd\u017a nasze unikalne rozwi\u0105zania! \ud83d\udc1c\ud83c\udfe0","og_url":"https:\/\/antderground.com\/pl\/eksperci-od-stawonogow\/","og_site_name":"ANTDERGROUND","article_modified_time":"2026-03-18T14:19:17+00:00","og_image":[{"width":1266,"height":674,"url":"https:\/\/antderground.com\/wp-content\/uploads\/2019\/05\/WhatsApp-Image-2019-05-07-at-7.25.58-PM.jpeg","type":"image\/jpeg"}],"twitter_card":"summary_large_image","twitter_misc":{"Szacowany czas czytania":"2 minuty"},"schema":{"@context":"https:\/\/schema.org","@graph":[{"@type":"WebPage","@id":"https:\/\/antderground.com\/pl\/eksperci-od-stawonogow\/","url":"https:\/\/antderground.com\/pl\/eksperci-od-stawonogow\/","name":"Eksperci od stawonog\u00f3w - Antderground.com","isPartOf":{"@id":"https:\/\/antderground.com\/pl\/#website"},"primaryImageOfPage":{"@id":"https:\/\/antderground.com\/pl\/eksperci-od-stawonogow\/#primaryimage"},"image":{"@id":"https:\/\/antderground.com\/pl\/eksperci-od-stawonogow\/#primaryimage"},"thumbnailUrl":"https:\/\/antderground.com\/wp-content\/uploads\/2019\/05\/WhatsApp-Image-2019-05-07-at-7.25.58-PM.jpeg","datePublished":"2020-03-19T17:30:02+00:00","dateModified":"2026-03-18T14:19:17+00:00","description":"Antderground to nowoczesny sklep internetowy z formikariami. Oferujemy autorskie gniazda dla mr\u00f3wek w\u0142asnej produkcji. Sprawd\u017a nasze unikalne rozwi\u0105zania! \ud83d\udc1c\ud83c\udfe0","breadcrumb":{"@id":"https:\/\/antderground.com\/pl\/eksperci-od-stawonogow\/#breadcrumb"},"inLanguage":"pl-PL","potentialAction":[{"@type":"ReadAction","target":["https:\/\/antderground.com\/pl\/eksperci-od-stawonogow\/"]}]},{"@type":"ImageObject","inLanguage":"pl-PL","@id":"https:\/\/antderground.com\/pl\/eksperci-od-stawonogow\/#primaryimage","url":"https:\/\/antderground.com\/wp-content\/uploads\/2019\/05\/WhatsApp-Image-2019-05-07-at-7.25.58-PM.jpeg","contentUrl":"https:\/\/antderground.com\/wp-content\/uploads\/2019\/05\/WhatsApp-Image-2019-05-07-at-7.25.58-PM.jpeg","width":1266,"height":674,"caption":"somos tu tienda de hormigueros"},{"@type":"BreadcrumbList","@id":"https:\/\/antderground.com\/pl\/eksperci-od-stawonogow\/#breadcrumb","itemListElement":[{"@type":"ListItem","position":1,"name":"Portada","item":"https:\/\/antderground.com\/pl\/"},{"@type":"ListItem","position":2,"name":"Eksperci od stawonog\u00f3w"}]},{"@type":"WebSite","@id":"https:\/\/antderground.com\/pl\/#website","url":"https:\/\/antderground.com\/pl\/","name":"ANTDERGROUND","description":"Tu tienda de hormigas, gran variedad de hormigueros acr\u00edlicos,madera,arena,3D y mas.. Pide tus hormigas gratis con tu pedido, somos expertos en hormigueros antifugas.","publisher":{"@id":"https:\/\/antderground.com\/pl\/#\/schema\/person\/0e322c505e84fe72c65e2f6d08f96b81"},"alternateName":"Antderground","potentialAction":[{"@type":"SearchAction","target":{"@type":"EntryPoint","urlTemplate":"https:\/\/antderground.com\/pl\/?s={search_term_string}"},"query-input":{"@type":"PropertyValueSpecification","valueRequired":true,"valueName":"search_term_string"}}],"inLanguage":"pl-PL"},{"@type":["Person","Organization"],"@id":"https:\/\/antderground.com\/pl\/#\/schema\/person\/0e322c505e84fe72c65e2f6d08f96b81","name":"Eric de Antderground","image":{"@type":"ImageObject","inLanguage":"pl-PL","@id":"https:\/\/secure.gravatar.com\/avatar\/c49a1b9f79216d1498cb73c1e85cd47f4465dda35f2a94c03790d491bd4423c3?s=96&d=mm&r=g","url":"https:\/\/secure.gravatar.com\/avatar\/c49a1b9f79216d1498cb73c1e85cd47f4465dda35f2a94c03790d491bd4423c3?s=96&d=mm&r=g","contentUrl":"https:\/\/secure.gravatar.com\/avatar\/c49a1b9f79216d1498cb73c1e85cd47f4465dda35f2a94c03790d491bd4423c3?s=96&d=mm&r=g","caption":"Eric de Antderground"},"logo":{"@id":"https:\/\/secure.gravatar.com\/avatar\/c49a1b9f79216d1498cb73c1e85cd47f4465dda35f2a94c03790d491bd4423c3?s=96&d=mm&r=g"},"description":"Eric es el especialista y fundador de Antderground, con una amplia trayectoria en artr\u00f3podos y enfocado en la mirmecolog\u00eda y el dise\u00f1o de hormigueros artificiales. Su enfoque combina la innovaci\u00f3n t\u00e9cnica con el respeto por la biolog\u00eda de las hormigas, is\u00f3podos y otros, desarrollando sistemas de nidos modulares 3D y acr\u00edlicos que son referentes para aficionados y profesionales en toda Europa. Su objetivo es facilitar la cr\u00eda de hormigas y otros artr\u00f3podos mediante soluciones seguras y divulgaci\u00f3n de calidad.","sameAs":["https:\/\/antderground.com\/","https:\/\/www.youtube.com\/channel\/UCio72z7TlbufkAthAJIJfPw"]}]}},"_links":{"self":[{"href":"https:\/\/antderground.com\/pl\/wp-json\/wp\/v2\/pages\/51441","targetHints":{"allow":["GET"]}}],"collection":[{"href":"https:\/\/antderground.com\/pl\/wp-json\/wp\/v2\/pages"}],"about":[{"href":"https:\/\/antderground.com\/pl\/wp-json\/wp\/v2\/types\/page"}],"author":[{"embeddable":true,"href":"https:\/\/antderground.com\/pl\/wp-json\/wp\/v2\/users\/1"}],"replies":[{"embeddable":true,"href":"https:\/\/antderground.com\/pl\/wp-json\/wp\/v2\/comments?post=51441"}],"version-history":[{"count":4,"href":"https:\/\/antderground.com\/pl\/wp-json\/wp\/v2\/pages\/51441\/revisions"}],"predecessor-version":[{"id":51449,"href":"https:\/\/antderground.com\/pl\/wp-json\/wp\/v2\/pages\/51441\/revisions\/51449"}],"wp:featuredmedia":[{"embeddable":true,"href":"https:\/\/antderground.com\/pl\/wp-json\/wp\/v2\/media\/51443"}],"wp:attachment":[{"href":"https:\/\/antderground.com\/pl\/wp-json\/wp\/v2\/media?parent=51441"}],"curies":[{"name":"wp","href":"https:\/\/api.w.org\/{rel}","templated":true}]}}