{"id":49097,"date":"2024-11-08T17:28:27","date_gmt":"2024-11-08T16:28:27","guid":{"rendered":"https:\/\/antderground.com\/producto\/zestaw-modulowy-3d-v2m\/"},"modified":"2026-01-29T12:21:19","modified_gmt":"2026-01-29T11:21:19","slug":"zestaw-modulowy-3d-v2m","status":"publish","type":"product","link":"https:\/\/antderground.com\/pl\/produkt\/zestaw-modulowy-3d-v2m\/","title":{"rendered":"Zestaw modu\u0142owy 3D (v2)(M)"},"content":{"rendered":"<p><strong>\u015aredni zestaw modu\u0142owy 3D do kolonii mr\u00f3wek<\/strong><\/p>\n<p>Ten \u015bredni zestaw modu\u0142owy 3D jest idealnym rozwi\u0105zaniem dla os\u00f3b, kt\u00f3re chc\u0105 rozpocz\u0105\u0107 hodowl\u0119 \u015brednich kolonii mr\u00f3wek. Dzi\u0119ki modu\u0142owej konstrukcji zestaw mo\u017cna dowolnie rozbudowywa\u0107 i dostosowywa\u0107 do rozwoju kolonii.<\/p>\n<h3>Zawarto\u015b\u0107 zestawu<\/h3>\n<ol>\n<li><strong>Arena (wybieg) do \u017cerowania 10 \u00d7 10 cm<\/strong><br \/>\nZapewnia mr\u00f3wkom bezpieczn\u0105 i funkcjonaln\u0105 przestrze\u0144 do \u017cerowania.<br \/>\n<strong>Cechy<\/strong>:<\/p>\n<ul>\n<li><strong>Kolor<\/strong>: bia\u0142y<\/li>\n<li><strong>Konstrukcja<\/strong>: druk 3D z bocznymi \u015bciankami z metakrylatu<\/li>\n<li><strong>System wentylacji<\/strong>: tak<\/li>\n<li><strong>Modu\u0142owy<\/strong>: tak<\/li>\n<li><strong>Wej\u015bcia \/ po\u0142\u0105czenia<\/strong>: 4<\/li>\n<\/ul>\n<\/li>\n<li><strong>Modu\u0142owe formikarium 3D 10 \u00d7 20 cm<\/strong><br \/>\nMrowisko \u015bredniej wielko\u015bci, zaprojektowane z my\u015bl\u0105 o rozwijaj\u0105cych si\u0119 koloniach.<br \/>\n<strong>Cechy<\/strong>:<\/p>\n<ul>\n<li><strong>Wersja 2<\/strong>: wi\u0119ksze komory zapewniaj\u0105ce wi\u0119cej przestrzeni<\/li>\n<li><strong>Zbiornik na wod\u0119<\/strong>: 20 ml<\/li>\n<li><strong>Kolor<\/strong>: bia\u0142y \/ \u017c\u00f3\u0142ty<\/li>\n<li><strong>Pokrywa<\/strong>: w zestawie, kolor czerwony<\/li>\n<li><strong>Modu\u0142owy<\/strong>: tak<\/li>\n<li><strong>Drzwi wewn\u0119trzne<\/strong>: 1<\/li>\n<li><strong>Drzwi zewn\u0119trzne<\/strong>: 6<\/li>\n<\/ul>\n<\/li>\n<li><strong>\u0141\u0105cznik modu\u0142owy<\/strong><br \/>\nNiezb\u0119dny element umo\u017cliwiaj\u0105cy rozbudow\u0119 i \u0142\u0105czenie kolejnych modu\u0142\u00f3w.<\/li>\n<li><strong>Czerwona pokrywa do mrowiska<\/strong><br \/>\nZapewnia odpowiednie zamkni\u0119cie i bezpiecze\u0144stwo kolonii.<\/li>\n<\/ol>\n<p>Dzi\u0119ki temu zestawowi modu\u0142owemu zyskujesz elastyczny i funkcjonalny system do rozpocz\u0119cia hodowli mr\u00f3wek, z mo\u017cliwo\u015bci\u0105 dalszej rozbudowy oraz utrzymania stabilnych i bezpiecznych warunk\u00f3w dla kolonii.<\/p>\n","protected":false},"excerpt":{"rendered":"<p>Ten zestaw jest idealny do zasiedlenia \u015brednich kolonii mr\u00f3wek, a jego modu\u0142owa konstrukcja pozwala na rozbudow\u0119 wed\u0142ug w\u0142asnych potrzeb. Zawiera aren\u0119 (wybieg), formikarium, \u0142\u0105cznik oraz czerwon\u0105 pokryw\u0119. To doskona\u0142y wyb\u00f3r, aby zapewni\u0107 mr\u00f3wkom bezpieczne i w pe\u0142ni konfigurowalne \u015brodowisko.<\/p>\n<p><strong>Charakterystyka:<\/strong><\/p>\n<ul>\n<li>Arena (wybieg): 10&#215;10 cm.<\/li>\n<li>Formikarium: 10&#215;20 cm.<\/li>\n<li>\u0141\u0105cznik modu\u0142owy: Tak.<\/li>\n<li>Czerwona pokrywa: Tak.<\/li>\n<\/ul>\n","protected":false},"featured_media":49098,"template":"","meta":[],"product_brand":[],"product_cat":[803,804,821],"product_tag":[],"class_list":{"0":"post-49097","1":"product","2":"type-product","3":"status-publish","4":"has-post-thumbnail","6":"product_cat-formikaria","7":"product_cat-3d","8":"product_cat-zestawy-formikariow","10":"first","11":"instock","12":"sale","13":"shipping-taxable","14":"purchasable","15":"product-type-simple"},"yoast_head":"<!-- This site is optimized with the Yoast SEO plugin v27.3 - https:\/\/yoast.com\/product\/yoast-seo-wordpress\/ -->\n<title>Zestaw modu\u0142owy 3D (v2)(M) | Formikarium 10x20 + Arena 10x10 - ANTDERGROUND<\/title>\n<meta name=\"description\" content=\"Nowy zestaw modu\u0142owy 3D (M): Formikarium 10x20 i Arena 10x10. Stw\u00f3rz najbardziej spektakularne i imponuj\u0105ce mrowisko dla swojej kolonii! ;-)\" \/>\n<meta name=\"robots\" content=\"index, follow, max-snippet:-1, max-image-preview:large, max-video-preview:-1\" \/>\n<link rel=\"canonical\" href=\"https:\/\/antderground.com\/pl\/produkt\/zestaw-modulowy-3d-v2m\/\" \/>\n<meta property=\"og:locale\" content=\"pl_PL\" \/>\n<meta property=\"og:type\" content=\"article\" \/>\n<meta property=\"og:title\" content=\"Zestaw modu\u0142owy 3D (v2)(M) | Formikarium 10x20 + Arena 10x10 - ANTDERGROUND\" \/>\n<meta property=\"og:description\" content=\"Nowy zestaw modu\u0142owy 3D (M): Formikarium 10x20 i Arena 10x10. Stw\u00f3rz najbardziej spektakularne i imponuj\u0105ce mrowisko dla swojej kolonii! ;-)\" \/>\n<meta property=\"og:url\" content=\"https:\/\/antderground.com\/pl\/produkt\/zestaw-modulowy-3d-v2m\/\" \/>\n<meta property=\"og:site_name\" content=\"ANTDERGROUND\" \/>\n<meta property=\"article:modified_time\" content=\"2026-01-29T11:21:19+00:00\" \/>\n<meta property=\"og:image\" content=\"https:\/\/antderground.com\/wp-content\/uploads\/2024\/11\/kit-10x20-1.jpg\" \/>\n\t<meta property=\"og:image:width\" content=\"1600\" \/>\n\t<meta property=\"og:image:height\" content=\"1600\" \/>\n\t<meta property=\"og:image:type\" content=\"image\/jpeg\" \/>\n<meta name=\"twitter:card\" content=\"summary_large_image\" \/>\n<meta name=\"twitter:label1\" content=\"Szacowany czas czytania\" \/>\n\t<meta name=\"twitter:data1\" content=\"1 minuta\" \/>\n<script type=\"application\/ld+json\" class=\"yoast-schema-graph\">{\"@context\":\"https:\\\/\\\/schema.org\",\"@graph\":[{\"@type\":\"WebPage\",\"@id\":\"https:\\\/\\\/antderground.com\\\/pl\\\/produkt\\\/zestaw-modulowy-3d-v2m\\\/\",\"url\":\"https:\\\/\\\/antderground.com\\\/pl\\\/produkt\\\/zestaw-modulowy-3d-v2m\\\/\",\"name\":\"Zestaw modu\u0142owy 3D (v2)(M) | Formikarium 10x20 + Arena 10x10 - ANTDERGROUND\",\"isPartOf\":{\"@id\":\"https:\\\/\\\/antderground.com\\\/pl\\\/#website\"},\"primaryImageOfPage\":{\"@id\":\"https:\\\/\\\/antderground.com\\\/pl\\\/produkt\\\/zestaw-modulowy-3d-v2m\\\/#primaryimage\"},\"image\":{\"@id\":\"https:\\\/\\\/antderground.com\\\/pl\\\/produkt\\\/zestaw-modulowy-3d-v2m\\\/#primaryimage\"},\"thumbnailUrl\":\"https:\\\/\\\/antderground.com\\\/wp-content\\\/uploads\\\/2024\\\/11\\\/kit-10x20-1.jpg\",\"datePublished\":\"2024-11-08T16:28:27+00:00\",\"dateModified\":\"2026-01-29T11:21:19+00:00\",\"description\":\"Nowy zestaw modu\u0142owy 3D (M): Formikarium 10x20 i Arena 10x10. Stw\u00f3rz najbardziej spektakularne i imponuj\u0105ce mrowisko dla swojej kolonii! ;-)\",\"breadcrumb\":{\"@id\":\"https:\\\/\\\/antderground.com\\\/pl\\\/produkt\\\/zestaw-modulowy-3d-v2m\\\/#breadcrumb\"},\"inLanguage\":\"pl-PL\",\"potentialAction\":[{\"@type\":\"ReadAction\",\"target\":[\"https:\\\/\\\/antderground.com\\\/pl\\\/produkt\\\/zestaw-modulowy-3d-v2m\\\/\"]}]},{\"@type\":\"ImageObject\",\"inLanguage\":\"pl-PL\",\"@id\":\"https:\\\/\\\/antderground.com\\\/pl\\\/produkt\\\/zestaw-modulowy-3d-v2m\\\/#primaryimage\",\"url\":\"https:\\\/\\\/antderground.com\\\/wp-content\\\/uploads\\\/2024\\\/11\\\/kit-10x20-1.jpg\",\"contentUrl\":\"https:\\\/\\\/antderground.com\\\/wp-content\\\/uploads\\\/2024\\\/11\\\/kit-10x20-1.jpg\",\"width\":1600,\"height\":1600},{\"@type\":\"BreadcrumbList\",\"@id\":\"https:\\\/\\\/antderground.com\\\/pl\\\/produkt\\\/zestaw-modulowy-3d-v2m\\\/#breadcrumb\",\"itemListElement\":[{\"@type\":\"ListItem\",\"position\":1,\"name\":\"Portada\",\"item\":\"https:\\\/\\\/antderground.com\\\/pl\\\/\"},{\"@type\":\"ListItem\",\"position\":2,\"name\":\"Sklep\",\"item\":\"https:\\\/\\\/antderground.com\\\/pl\\\/sklep\\\/\"},{\"@type\":\"ListItem\",\"position\":3,\"name\":\"Zestaw modu\u0142owy 3D (v2)(M)\"}]},{\"@type\":\"WebSite\",\"@id\":\"https:\\\/\\\/antderground.com\\\/pl\\\/#website\",\"url\":\"https:\\\/\\\/antderground.com\\\/pl\\\/\",\"name\":\"ANTDERGROUND\",\"description\":\"Tu tienda de hormigas, gran variedad de hormigueros acr\u00edlicos,madera,arena,3D y mas.. Pide tus hormigas gratis con tu pedido, somos expertos en hormigueros antifugas.\",\"publisher\":{\"@id\":\"https:\\\/\\\/antderground.com\\\/pl\\\/#\\\/schema\\\/person\\\/0e322c505e84fe72c65e2f6d08f96b81\"},\"alternateName\":\"Antderground\",\"potentialAction\":[{\"@type\":\"SearchAction\",\"target\":{\"@type\":\"EntryPoint\",\"urlTemplate\":\"https:\\\/\\\/antderground.com\\\/pl\\\/?s={search_term_string}\"},\"query-input\":{\"@type\":\"PropertyValueSpecification\",\"valueRequired\":true,\"valueName\":\"search_term_string\"}}],\"inLanguage\":\"pl-PL\"},{\"@type\":[\"Person\",\"Organization\"],\"@id\":\"https:\\\/\\\/antderground.com\\\/pl\\\/#\\\/schema\\\/person\\\/0e322c505e84fe72c65e2f6d08f96b81\",\"name\":\"Eric de Antderground\",\"image\":{\"@type\":\"ImageObject\",\"inLanguage\":\"pl-PL\",\"@id\":\"https:\\\/\\\/secure.gravatar.com\\\/avatar\\\/c49a1b9f79216d1498cb73c1e85cd47f4465dda35f2a94c03790d491bd4423c3?s=96&d=mm&r=g\",\"url\":\"https:\\\/\\\/secure.gravatar.com\\\/avatar\\\/c49a1b9f79216d1498cb73c1e85cd47f4465dda35f2a94c03790d491bd4423c3?s=96&d=mm&r=g\",\"contentUrl\":\"https:\\\/\\\/secure.gravatar.com\\\/avatar\\\/c49a1b9f79216d1498cb73c1e85cd47f4465dda35f2a94c03790d491bd4423c3?s=96&d=mm&r=g\",\"caption\":\"Eric de Antderground\"},\"logo\":{\"@id\":\"https:\\\/\\\/secure.gravatar.com\\\/avatar\\\/c49a1b9f79216d1498cb73c1e85cd47f4465dda35f2a94c03790d491bd4423c3?s=96&d=mm&r=g\"},\"description\":\"Eric es el especialista y fundador de Antderground, con una amplia trayectoria en artr\u00f3podos y enfocado en la mirmecolog\u00eda y el dise\u00f1o de hormigueros artificiales. Su enfoque combina la innovaci\u00f3n t\u00e9cnica con el respeto por la biolog\u00eda de las hormigas, is\u00f3podos y otros, desarrollando sistemas de nidos modulares 3D y acr\u00edlicos que son referentes para aficionados y profesionales en toda Europa. Su objetivo es facilitar la cr\u00eda de hormigas y otros artr\u00f3podos mediante soluciones seguras y divulgaci\u00f3n de calidad.\",\"sameAs\":[\"https:\\\/\\\/antderground.com\\\/\",\"https:\\\/\\\/www.youtube.com\\\/channel\\\/UCio72z7TlbufkAthAJIJfPw\"]}]}<\/script>\n<!-- \/ Yoast SEO plugin. -->","yoast_head_json":{"title":"Zestaw modu\u0142owy 3D (v2)(M) | Formikarium 10x20 + Arena 10x10 - ANTDERGROUND","description":"Nowy zestaw modu\u0142owy 3D (M): Formikarium 10x20 i Arena 10x10. Stw\u00f3rz najbardziej spektakularne i imponuj\u0105ce mrowisko dla swojej kolonii! ;-)","robots":{"index":"index","follow":"follow","max-snippet":"max-snippet:-1","max-image-preview":"max-image-preview:large","max-video-preview":"max-video-preview:-1"},"canonical":"https:\/\/antderground.com\/pl\/produkt\/zestaw-modulowy-3d-v2m\/","og_locale":"pl_PL","og_type":"article","og_title":"Zestaw modu\u0142owy 3D (v2)(M) | Formikarium 10x20 + Arena 10x10 - ANTDERGROUND","og_description":"Nowy zestaw modu\u0142owy 3D (M): Formikarium 10x20 i Arena 10x10. Stw\u00f3rz najbardziej spektakularne i imponuj\u0105ce mrowisko dla swojej kolonii! ;-)","og_url":"https:\/\/antderground.com\/pl\/produkt\/zestaw-modulowy-3d-v2m\/","og_site_name":"ANTDERGROUND","article_modified_time":"2026-01-29T11:21:19+00:00","og_image":[{"width":1600,"height":1600,"url":"https:\/\/antderground.com\/wp-content\/uploads\/2024\/11\/kit-10x20-1.jpg","type":"image\/jpeg"}],"twitter_card":"summary_large_image","twitter_misc":{"Szacowany czas czytania":"1 minuta"},"schema":{"@context":"https:\/\/schema.org","@graph":[{"@type":"WebPage","@id":"https:\/\/antderground.com\/pl\/produkt\/zestaw-modulowy-3d-v2m\/","url":"https:\/\/antderground.com\/pl\/produkt\/zestaw-modulowy-3d-v2m\/","name":"Zestaw modu\u0142owy 3D (v2)(M) | Formikarium 10x20 + Arena 10x10 - ANTDERGROUND","isPartOf":{"@id":"https:\/\/antderground.com\/pl\/#website"},"primaryImageOfPage":{"@id":"https:\/\/antderground.com\/pl\/produkt\/zestaw-modulowy-3d-v2m\/#primaryimage"},"image":{"@id":"https:\/\/antderground.com\/pl\/produkt\/zestaw-modulowy-3d-v2m\/#primaryimage"},"thumbnailUrl":"https:\/\/antderground.com\/wp-content\/uploads\/2024\/11\/kit-10x20-1.jpg","datePublished":"2024-11-08T16:28:27+00:00","dateModified":"2026-01-29T11:21:19+00:00","description":"Nowy zestaw modu\u0142owy 3D (M): Formikarium 10x20 i Arena 10x10. Stw\u00f3rz najbardziej spektakularne i imponuj\u0105ce mrowisko dla swojej kolonii! ;-)","breadcrumb":{"@id":"https:\/\/antderground.com\/pl\/produkt\/zestaw-modulowy-3d-v2m\/#breadcrumb"},"inLanguage":"pl-PL","potentialAction":[{"@type":"ReadAction","target":["https:\/\/antderground.com\/pl\/produkt\/zestaw-modulowy-3d-v2m\/"]}]},{"@type":"ImageObject","inLanguage":"pl-PL","@id":"https:\/\/antderground.com\/pl\/produkt\/zestaw-modulowy-3d-v2m\/#primaryimage","url":"https:\/\/antderground.com\/wp-content\/uploads\/2024\/11\/kit-10x20-1.jpg","contentUrl":"https:\/\/antderground.com\/wp-content\/uploads\/2024\/11\/kit-10x20-1.jpg","width":1600,"height":1600},{"@type":"BreadcrumbList","@id":"https:\/\/antderground.com\/pl\/produkt\/zestaw-modulowy-3d-v2m\/#breadcrumb","itemListElement":[{"@type":"ListItem","position":1,"name":"Portada","item":"https:\/\/antderground.com\/pl\/"},{"@type":"ListItem","position":2,"name":"Sklep","item":"https:\/\/antderground.com\/pl\/sklep\/"},{"@type":"ListItem","position":3,"name":"Zestaw modu\u0142owy 3D (v2)(M)"}]},{"@type":"WebSite","@id":"https:\/\/antderground.com\/pl\/#website","url":"https:\/\/antderground.com\/pl\/","name":"ANTDERGROUND","description":"Tu tienda de hormigas, gran variedad de hormigueros acr\u00edlicos,madera,arena,3D y mas.. Pide tus hormigas gratis con tu pedido, somos expertos en hormigueros antifugas.","publisher":{"@id":"https:\/\/antderground.com\/pl\/#\/schema\/person\/0e322c505e84fe72c65e2f6d08f96b81"},"alternateName":"Antderground","potentialAction":[{"@type":"SearchAction","target":{"@type":"EntryPoint","urlTemplate":"https:\/\/antderground.com\/pl\/?s={search_term_string}"},"query-input":{"@type":"PropertyValueSpecification","valueRequired":true,"valueName":"search_term_string"}}],"inLanguage":"pl-PL"},{"@type":["Person","Organization"],"@id":"https:\/\/antderground.com\/pl\/#\/schema\/person\/0e322c505e84fe72c65e2f6d08f96b81","name":"Eric de Antderground","image":{"@type":"ImageObject","inLanguage":"pl-PL","@id":"https:\/\/secure.gravatar.com\/avatar\/c49a1b9f79216d1498cb73c1e85cd47f4465dda35f2a94c03790d491bd4423c3?s=96&d=mm&r=g","url":"https:\/\/secure.gravatar.com\/avatar\/c49a1b9f79216d1498cb73c1e85cd47f4465dda35f2a94c03790d491bd4423c3?s=96&d=mm&r=g","contentUrl":"https:\/\/secure.gravatar.com\/avatar\/c49a1b9f79216d1498cb73c1e85cd47f4465dda35f2a94c03790d491bd4423c3?s=96&d=mm&r=g","caption":"Eric de Antderground"},"logo":{"@id":"https:\/\/secure.gravatar.com\/avatar\/c49a1b9f79216d1498cb73c1e85cd47f4465dda35f2a94c03790d491bd4423c3?s=96&d=mm&r=g"},"description":"Eric es el especialista y fundador de Antderground, con una amplia trayectoria en artr\u00f3podos y enfocado en la mirmecolog\u00eda y el dise\u00f1o de hormigueros artificiales. Su enfoque combina la innovaci\u00f3n t\u00e9cnica con el respeto por la biolog\u00eda de las hormigas, is\u00f3podos y otros, desarrollando sistemas de nidos modulares 3D y acr\u00edlicos que son referentes para aficionados y profesionales en toda Europa. Su objetivo es facilitar la cr\u00eda de hormigas y otros artr\u00f3podos mediante soluciones seguras y divulgaci\u00f3n de calidad.","sameAs":["https:\/\/antderground.com\/","https:\/\/www.youtube.com\/channel\/UCio72z7TlbufkAthAJIJfPw"]}]}},"_links":{"self":[{"href":"https:\/\/antderground.com\/pl\/wp-json\/wp\/v2\/product\/49097","targetHints":{"allow":["GET"]}}],"collection":[{"href":"https:\/\/antderground.com\/pl\/wp-json\/wp\/v2\/product"}],"about":[{"href":"https:\/\/antderground.com\/pl\/wp-json\/wp\/v2\/types\/product"}],"version-history":[{"count":1,"href":"https:\/\/antderground.com\/pl\/wp-json\/wp\/v2\/product\/49097\/revisions"}],"predecessor-version":[{"id":49100,"href":"https:\/\/antderground.com\/pl\/wp-json\/wp\/v2\/product\/49097\/revisions\/49100"}],"wp:featuredmedia":[{"embeddable":true,"href":"https:\/\/antderground.com\/pl\/wp-json\/wp\/v2\/media\/49098"}],"wp:attachment":[{"href":"https:\/\/antderground.com\/pl\/wp-json\/wp\/v2\/media?parent=49097"}],"wp:term":[{"taxonomy":"product_brand","embeddable":true,"href":"https:\/\/antderground.com\/pl\/wp-json\/wp\/v2\/product_brand?post=49097"},{"taxonomy":"product_cat","embeddable":true,"href":"https:\/\/antderground.com\/pl\/wp-json\/wp\/v2\/product_cat?post=49097"},{"taxonomy":"product_tag","embeddable":true,"href":"https:\/\/antderground.com\/pl\/wp-json\/wp\/v2\/product_tag?post=49097"}],"curies":[{"name":"wp","href":"https:\/\/api.w.org\/{rel}","templated":true}]}}