{"id":49109,"date":"2024-08-27T18:05:16","date_gmt":"2024-08-27T16:05:16","guid":{"rendered":"https:\/\/antderground.com\/producto\/zestaw-startowy-dla-kolonii-v2\/"},"modified":"2024-08-27T18:05:16","modified_gmt":"2024-08-27T16:05:16","slug":"zestaw-startowy-dla-kolonii-v2","status":"publish","type":"product","link":"https:\/\/antderground.com\/pl\/produkt\/zestaw-startowy-dla-kolonii-v2\/","title":{"rendered":"Zestaw startowy dla kolonii (v2)"},"content":{"rendered":"<p>Zestaw startowy w wersji 2 to doskona\u0142e rozwi\u0105zanie, aby zanurzy\u0107 si\u0119 w fascynuj\u0105cym \u015bwiecie hodowli mr\u00f3wek. Zawiera on wszystkie niezb\u0119dne elementy, kt\u00f3re pozwol\u0105 Ci od pierwszego dnia stworzy\u0107 odpowiednie \u015brodowisko dla Twojej kolonii. W sk\u0142ad zestawu wchodzi zaktualizowane formikarium z przegrod\u0105, arena oraz \u0142\u0105cznik \u2013 wszystko zaprojektowane z my\u015bl\u0105 o \u0142atwo\u015bci u\u017cytkowania i pe\u0142nej kontroli.<\/p>\n<p><strong>Design 3D:<\/strong> Ka\u017cdy element zosta\u0142 wykonany w technologii druku 3D, co gwarantuje solidn\u0105 konstrukcj\u0119 i idealne dopasowanie.<\/p>\n<p><strong>\u0141atwa konserwacja:<\/strong> Przemy\u015blana budowa u\u0142atwia dost\u0119p do ka\u017cdej cz\u0119\u015bci zestawu oraz ich czyszczenie.<\/p>\n<p><strong>Kompatybilno\u015b\u0107:<\/strong> Formikarium i arena s\u0105 w pe\u0142ni dopasowane i \u0142atwe do po\u0142\u0105czenia za pomoc\u0105 do\u0142\u0105czonego \u0142\u0105cznika, co zapewnia bezproblemow\u0105 integracj\u0119 systemu.<\/p>\n<p>Ten zestaw zosta\u0142 stworzony, aby zapewni\u0107 Twoim mr\u00f3wkom optymalne warunki, pozwalaj\u0105c Ci skupi\u0107 si\u0119 na rado\u015bci z obserwacji kolonii, podczas gdy my dbamy o detale techniczne.<\/p>\n","protected":false},"excerpt":{"rendered":"<p>Wersja 2 zestawu startowego, idealna do rozpocz\u0119cia hodowli mr\u00f3wek. Zestaw zawiera: (Zaktualizowane formikarium z przegrod\u0105 + Aren\u0119 + \u0141\u0105cznik).<\/p>\n<p><strong>Formikarium 3D:<\/strong><\/p>\n<ul>\n<li>Rozmiar: 7 cm x 4,5 cm.<\/li>\n<li>Zbiornik: 20 ml (\u0142atwe pod\u0142\u0105czenie).<\/li>\n<li>Kolor: Bia\u0142y.<\/li>\n<li>Pokrywa: Czerwona (w zestawie).<\/li>\n<li>Drzwi: Podw\u00f3jne, obrotowe + zabezpieczenie.<\/li>\n<\/ul>\n<p><strong>Arena 3D (Wybieg):<\/strong><\/p>\n<ul>\n<li>Rozmiar: 5 cm x 5 cm.<\/li>\n<li>Kolor: Bia\u0142y.<\/li>\n<li>Wentylacja: Tak, w g\u00f3rnej pokrywie.<\/li>\n<li>Po\u0142\u0105czenia: 2.<\/li>\n<\/ul>\n<p><strong>\u0141\u0105cznik:<\/strong><\/p>\n<ul>\n<li>Kolor: Bia\u0142y.<\/li>\n<li>Typ: Poziomy.<\/li>\n<\/ul>\n","protected":false},"featured_media":49110,"template":"","meta":[],"product_brand":[],"product_cat":[803,804,821],"product_tag":[],"class_list":{"0":"post-49109","1":"product","2":"type-product","3":"status-publish","4":"has-post-thumbnail","6":"product_cat-formikaria","7":"product_cat-3d","8":"product_cat-zestawy-formikariow","10":"first","11":"instock","12":"sale","13":"shipping-taxable","14":"purchasable","15":"product-type-simple"},"yoast_head":"<!-- This site is optimized with the Yoast SEO plugin v27.3 - https:\/\/yoast.com\/product\/yoast-seo-wordpress\/ -->\n<title>Zestaw startowy dla kolonii (v2) | Mirmekologia \u2013 Formikarium - ANTDERGROUND<\/title>\n<meta name=\"description\" content=\"Zestaw startowy dla kolonii (v2): Formikarium 3D, arena i \u0142\u0105cznik. Idealny, aby zacz\u0105\u0107 hodowl\u0119 mr\u00f3wek. Zawiera wszystko, czego potrzebujesz na start!\" \/>\n<meta name=\"robots\" content=\"index, follow, max-snippet:-1, max-image-preview:large, max-video-preview:-1\" \/>\n<link rel=\"canonical\" href=\"https:\/\/antderground.com\/pl\/produkt\/zestaw-startowy-dla-kolonii-v2\/\" \/>\n<meta property=\"og:locale\" content=\"pl_PL\" \/>\n<meta property=\"og:type\" content=\"article\" \/>\n<meta property=\"og:title\" content=\"Zestaw startowy dla kolonii (v2) | Mirmekologia \u2013 Formikarium - ANTDERGROUND\" \/>\n<meta property=\"og:description\" content=\"Zestaw startowy dla kolonii (v2): Formikarium 3D, arena i \u0142\u0105cznik. Idealny, aby zacz\u0105\u0107 hodowl\u0119 mr\u00f3wek. Zawiera wszystko, czego potrzebujesz na start!\" \/>\n<meta property=\"og:url\" content=\"https:\/\/antderground.com\/pl\/produkt\/zestaw-startowy-dla-kolonii-v2\/\" \/>\n<meta property=\"og:site_name\" content=\"ANTDERGROUND\" \/>\n<meta property=\"og:image\" content=\"https:\/\/antderground.com\/wp-content\/uploads\/2024\/08\/Kit-inicio-de-colonia-v2-1.jpeg\" \/>\n\t<meta property=\"og:image:width\" content=\"1600\" \/>\n\t<meta property=\"og:image:height\" content=\"1600\" \/>\n\t<meta property=\"og:image:type\" content=\"image\/jpeg\" \/>\n<meta name=\"twitter:card\" content=\"summary_large_image\" \/>\n<meta name=\"twitter:label1\" content=\"Szacowany czas czytania\" \/>\n\t<meta name=\"twitter:data1\" content=\"1 minuta\" \/>\n<script type=\"application\/ld+json\" class=\"yoast-schema-graph\">{\"@context\":\"https:\\\/\\\/schema.org\",\"@graph\":[{\"@type\":\"WebPage\",\"@id\":\"https:\\\/\\\/antderground.com\\\/pl\\\/produkt\\\/zestaw-startowy-dla-kolonii-v2\\\/\",\"url\":\"https:\\\/\\\/antderground.com\\\/pl\\\/produkt\\\/zestaw-startowy-dla-kolonii-v2\\\/\",\"name\":\"Zestaw startowy dla kolonii (v2) | Mirmekologia \u2013 Formikarium - ANTDERGROUND\",\"isPartOf\":{\"@id\":\"https:\\\/\\\/antderground.com\\\/pl\\\/#website\"},\"primaryImageOfPage\":{\"@id\":\"https:\\\/\\\/antderground.com\\\/pl\\\/produkt\\\/zestaw-startowy-dla-kolonii-v2\\\/#primaryimage\"},\"image\":{\"@id\":\"https:\\\/\\\/antderground.com\\\/pl\\\/produkt\\\/zestaw-startowy-dla-kolonii-v2\\\/#primaryimage\"},\"thumbnailUrl\":\"https:\\\/\\\/antderground.com\\\/wp-content\\\/uploads\\\/2024\\\/08\\\/Kit-inicio-de-colonia-v2-1.jpeg\",\"datePublished\":\"2024-08-27T16:05:16+00:00\",\"description\":\"Zestaw startowy dla kolonii (v2): Formikarium 3D, arena i \u0142\u0105cznik. Idealny, aby zacz\u0105\u0107 hodowl\u0119 mr\u00f3wek. Zawiera wszystko, czego potrzebujesz na start!\",\"breadcrumb\":{\"@id\":\"https:\\\/\\\/antderground.com\\\/pl\\\/produkt\\\/zestaw-startowy-dla-kolonii-v2\\\/#breadcrumb\"},\"inLanguage\":\"pl-PL\",\"potentialAction\":[{\"@type\":\"ReadAction\",\"target\":[\"https:\\\/\\\/antderground.com\\\/pl\\\/produkt\\\/zestaw-startowy-dla-kolonii-v2\\\/\"]}]},{\"@type\":\"ImageObject\",\"inLanguage\":\"pl-PL\",\"@id\":\"https:\\\/\\\/antderground.com\\\/pl\\\/produkt\\\/zestaw-startowy-dla-kolonii-v2\\\/#primaryimage\",\"url\":\"https:\\\/\\\/antderground.com\\\/wp-content\\\/uploads\\\/2024\\\/08\\\/Kit-inicio-de-colonia-v2-1.jpeg\",\"contentUrl\":\"https:\\\/\\\/antderground.com\\\/wp-content\\\/uploads\\\/2024\\\/08\\\/Kit-inicio-de-colonia-v2-1.jpeg\",\"width\":1600,\"height\":1600},{\"@type\":\"BreadcrumbList\",\"@id\":\"https:\\\/\\\/antderground.com\\\/pl\\\/produkt\\\/zestaw-startowy-dla-kolonii-v2\\\/#breadcrumb\",\"itemListElement\":[{\"@type\":\"ListItem\",\"position\":1,\"name\":\"Portada\",\"item\":\"https:\\\/\\\/antderground.com\\\/pl\\\/\"},{\"@type\":\"ListItem\",\"position\":2,\"name\":\"Sklep\",\"item\":\"https:\\\/\\\/antderground.com\\\/pl\\\/sklep\\\/\"},{\"@type\":\"ListItem\",\"position\":3,\"name\":\"Zestaw startowy dla kolonii (v2)\"}]},{\"@type\":\"WebSite\",\"@id\":\"https:\\\/\\\/antderground.com\\\/pl\\\/#website\",\"url\":\"https:\\\/\\\/antderground.com\\\/pl\\\/\",\"name\":\"ANTDERGROUND\",\"description\":\"Tu tienda de hormigas, gran variedad de hormigueros acr\u00edlicos,madera,arena,3D y mas.. Pide tus hormigas gratis con tu pedido, somos expertos en hormigueros antifugas.\",\"publisher\":{\"@id\":\"https:\\\/\\\/antderground.com\\\/pl\\\/#\\\/schema\\\/person\\\/0e322c505e84fe72c65e2f6d08f96b81\"},\"alternateName\":\"Antderground\",\"potentialAction\":[{\"@type\":\"SearchAction\",\"target\":{\"@type\":\"EntryPoint\",\"urlTemplate\":\"https:\\\/\\\/antderground.com\\\/pl\\\/?s={search_term_string}\"},\"query-input\":{\"@type\":\"PropertyValueSpecification\",\"valueRequired\":true,\"valueName\":\"search_term_string\"}}],\"inLanguage\":\"pl-PL\"},{\"@type\":[\"Person\",\"Organization\"],\"@id\":\"https:\\\/\\\/antderground.com\\\/pl\\\/#\\\/schema\\\/person\\\/0e322c505e84fe72c65e2f6d08f96b81\",\"name\":\"Eric de Antderground\",\"image\":{\"@type\":\"ImageObject\",\"inLanguage\":\"pl-PL\",\"@id\":\"https:\\\/\\\/secure.gravatar.com\\\/avatar\\\/c49a1b9f79216d1498cb73c1e85cd47f4465dda35f2a94c03790d491bd4423c3?s=96&d=mm&r=g\",\"url\":\"https:\\\/\\\/secure.gravatar.com\\\/avatar\\\/c49a1b9f79216d1498cb73c1e85cd47f4465dda35f2a94c03790d491bd4423c3?s=96&d=mm&r=g\",\"contentUrl\":\"https:\\\/\\\/secure.gravatar.com\\\/avatar\\\/c49a1b9f79216d1498cb73c1e85cd47f4465dda35f2a94c03790d491bd4423c3?s=96&d=mm&r=g\",\"caption\":\"Eric de Antderground\"},\"logo\":{\"@id\":\"https:\\\/\\\/secure.gravatar.com\\\/avatar\\\/c49a1b9f79216d1498cb73c1e85cd47f4465dda35f2a94c03790d491bd4423c3?s=96&d=mm&r=g\"},\"description\":\"Eric es el especialista y fundador de Antderground, con una amplia trayectoria en artr\u00f3podos y enfocado en la mirmecolog\u00eda y el dise\u00f1o de hormigueros artificiales. Su enfoque combina la innovaci\u00f3n t\u00e9cnica con el respeto por la biolog\u00eda de las hormigas, is\u00f3podos y otros, desarrollando sistemas de nidos modulares 3D y acr\u00edlicos que son referentes para aficionados y profesionales en toda Europa. Su objetivo es facilitar la cr\u00eda de hormigas y otros artr\u00f3podos mediante soluciones seguras y divulgaci\u00f3n de calidad.\",\"sameAs\":[\"https:\\\/\\\/antderground.com\\\/\",\"https:\\\/\\\/www.youtube.com\\\/channel\\\/UCio72z7TlbufkAthAJIJfPw\"]}]}<\/script>\n<!-- \/ Yoast SEO plugin. -->","yoast_head_json":{"title":"Zestaw startowy dla kolonii (v2) | Mirmekologia \u2013 Formikarium - ANTDERGROUND","description":"Zestaw startowy dla kolonii (v2): Formikarium 3D, arena i \u0142\u0105cznik. Idealny, aby zacz\u0105\u0107 hodowl\u0119 mr\u00f3wek. Zawiera wszystko, czego potrzebujesz na start!","robots":{"index":"index","follow":"follow","max-snippet":"max-snippet:-1","max-image-preview":"max-image-preview:large","max-video-preview":"max-video-preview:-1"},"canonical":"https:\/\/antderground.com\/pl\/produkt\/zestaw-startowy-dla-kolonii-v2\/","og_locale":"pl_PL","og_type":"article","og_title":"Zestaw startowy dla kolonii (v2) | Mirmekologia \u2013 Formikarium - ANTDERGROUND","og_description":"Zestaw startowy dla kolonii (v2): Formikarium 3D, arena i \u0142\u0105cznik. Idealny, aby zacz\u0105\u0107 hodowl\u0119 mr\u00f3wek. Zawiera wszystko, czego potrzebujesz na start!","og_url":"https:\/\/antderground.com\/pl\/produkt\/zestaw-startowy-dla-kolonii-v2\/","og_site_name":"ANTDERGROUND","og_image":[{"width":1600,"height":1600,"url":"https:\/\/antderground.com\/wp-content\/uploads\/2024\/08\/Kit-inicio-de-colonia-v2-1.jpeg","type":"image\/jpeg"}],"twitter_card":"summary_large_image","twitter_misc":{"Szacowany czas czytania":"1 minuta"},"schema":{"@context":"https:\/\/schema.org","@graph":[{"@type":"WebPage","@id":"https:\/\/antderground.com\/pl\/produkt\/zestaw-startowy-dla-kolonii-v2\/","url":"https:\/\/antderground.com\/pl\/produkt\/zestaw-startowy-dla-kolonii-v2\/","name":"Zestaw startowy dla kolonii (v2) | Mirmekologia \u2013 Formikarium - ANTDERGROUND","isPartOf":{"@id":"https:\/\/antderground.com\/pl\/#website"},"primaryImageOfPage":{"@id":"https:\/\/antderground.com\/pl\/produkt\/zestaw-startowy-dla-kolonii-v2\/#primaryimage"},"image":{"@id":"https:\/\/antderground.com\/pl\/produkt\/zestaw-startowy-dla-kolonii-v2\/#primaryimage"},"thumbnailUrl":"https:\/\/antderground.com\/wp-content\/uploads\/2024\/08\/Kit-inicio-de-colonia-v2-1.jpeg","datePublished":"2024-08-27T16:05:16+00:00","description":"Zestaw startowy dla kolonii (v2): Formikarium 3D, arena i \u0142\u0105cznik. Idealny, aby zacz\u0105\u0107 hodowl\u0119 mr\u00f3wek. Zawiera wszystko, czego potrzebujesz na start!","breadcrumb":{"@id":"https:\/\/antderground.com\/pl\/produkt\/zestaw-startowy-dla-kolonii-v2\/#breadcrumb"},"inLanguage":"pl-PL","potentialAction":[{"@type":"ReadAction","target":["https:\/\/antderground.com\/pl\/produkt\/zestaw-startowy-dla-kolonii-v2\/"]}]},{"@type":"ImageObject","inLanguage":"pl-PL","@id":"https:\/\/antderground.com\/pl\/produkt\/zestaw-startowy-dla-kolonii-v2\/#primaryimage","url":"https:\/\/antderground.com\/wp-content\/uploads\/2024\/08\/Kit-inicio-de-colonia-v2-1.jpeg","contentUrl":"https:\/\/antderground.com\/wp-content\/uploads\/2024\/08\/Kit-inicio-de-colonia-v2-1.jpeg","width":1600,"height":1600},{"@type":"BreadcrumbList","@id":"https:\/\/antderground.com\/pl\/produkt\/zestaw-startowy-dla-kolonii-v2\/#breadcrumb","itemListElement":[{"@type":"ListItem","position":1,"name":"Portada","item":"https:\/\/antderground.com\/pl\/"},{"@type":"ListItem","position":2,"name":"Sklep","item":"https:\/\/antderground.com\/pl\/sklep\/"},{"@type":"ListItem","position":3,"name":"Zestaw startowy dla kolonii (v2)"}]},{"@type":"WebSite","@id":"https:\/\/antderground.com\/pl\/#website","url":"https:\/\/antderground.com\/pl\/","name":"ANTDERGROUND","description":"Tu tienda de hormigas, gran variedad de hormigueros acr\u00edlicos,madera,arena,3D y mas.. Pide tus hormigas gratis con tu pedido, somos expertos en hormigueros antifugas.","publisher":{"@id":"https:\/\/antderground.com\/pl\/#\/schema\/person\/0e322c505e84fe72c65e2f6d08f96b81"},"alternateName":"Antderground","potentialAction":[{"@type":"SearchAction","target":{"@type":"EntryPoint","urlTemplate":"https:\/\/antderground.com\/pl\/?s={search_term_string}"},"query-input":{"@type":"PropertyValueSpecification","valueRequired":true,"valueName":"search_term_string"}}],"inLanguage":"pl-PL"},{"@type":["Person","Organization"],"@id":"https:\/\/antderground.com\/pl\/#\/schema\/person\/0e322c505e84fe72c65e2f6d08f96b81","name":"Eric de Antderground","image":{"@type":"ImageObject","inLanguage":"pl-PL","@id":"https:\/\/secure.gravatar.com\/avatar\/c49a1b9f79216d1498cb73c1e85cd47f4465dda35f2a94c03790d491bd4423c3?s=96&d=mm&r=g","url":"https:\/\/secure.gravatar.com\/avatar\/c49a1b9f79216d1498cb73c1e85cd47f4465dda35f2a94c03790d491bd4423c3?s=96&d=mm&r=g","contentUrl":"https:\/\/secure.gravatar.com\/avatar\/c49a1b9f79216d1498cb73c1e85cd47f4465dda35f2a94c03790d491bd4423c3?s=96&d=mm&r=g","caption":"Eric de Antderground"},"logo":{"@id":"https:\/\/secure.gravatar.com\/avatar\/c49a1b9f79216d1498cb73c1e85cd47f4465dda35f2a94c03790d491bd4423c3?s=96&d=mm&r=g"},"description":"Eric es el especialista y fundador de Antderground, con una amplia trayectoria en artr\u00f3podos y enfocado en la mirmecolog\u00eda y el dise\u00f1o de hormigueros artificiales. Su enfoque combina la innovaci\u00f3n t\u00e9cnica con el respeto por la biolog\u00eda de las hormigas, is\u00f3podos y otros, desarrollando sistemas de nidos modulares 3D y acr\u00edlicos que son referentes para aficionados y profesionales en toda Europa. Su objetivo es facilitar la cr\u00eda de hormigas y otros artr\u00f3podos mediante soluciones seguras y divulgaci\u00f3n de calidad.","sameAs":["https:\/\/antderground.com\/","https:\/\/www.youtube.com\/channel\/UCio72z7TlbufkAthAJIJfPw"]}]}},"_links":{"self":[{"href":"https:\/\/antderground.com\/pl\/wp-json\/wp\/v2\/product\/49109","targetHints":{"allow":["GET"]}}],"collection":[{"href":"https:\/\/antderground.com\/pl\/wp-json\/wp\/v2\/product"}],"about":[{"href":"https:\/\/antderground.com\/pl\/wp-json\/wp\/v2\/types\/product"}],"version-history":[{"count":0,"href":"https:\/\/antderground.com\/pl\/wp-json\/wp\/v2\/product\/49109\/revisions"}],"wp:featuredmedia":[{"embeddable":true,"href":"https:\/\/antderground.com\/pl\/wp-json\/wp\/v2\/media\/49110"}],"wp:attachment":[{"href":"https:\/\/antderground.com\/pl\/wp-json\/wp\/v2\/media?parent=49109"}],"wp:term":[{"taxonomy":"product_brand","embeddable":true,"href":"https:\/\/antderground.com\/pl\/wp-json\/wp\/v2\/product_brand?post=49109"},{"taxonomy":"product_cat","embeddable":true,"href":"https:\/\/antderground.com\/pl\/wp-json\/wp\/v2\/product_cat?post=49109"},{"taxonomy":"product_tag","embeddable":true,"href":"https:\/\/antderground.com\/pl\/wp-json\/wp\/v2\/product_tag?post=49109"}],"curies":[{"name":"wp","href":"https:\/\/api.w.org\/{rel}","templated":true}]}}