{"id":49117,"date":"2023-12-12T11:33:15","date_gmt":"2023-12-12T10:33:15","guid":{"rendered":"https:\/\/antderground.com\/producto\/modulowy-zestaw-3d-v2-maly\/"},"modified":"2023-12-12T11:33:15","modified_gmt":"2023-12-12T10:33:15","slug":"modulowy-zestaw-3d-v2-maly","status":"publish","type":"product","link":"https:\/\/antderground.com\/pl\/produkt\/modulowy-zestaw-3d-v2-maly\/","title":{"rendered":"Modu\u0142owy zestaw 3D (v2) (Ma\u0142y)"},"content":{"rendered":"<p><strong>Szczeg\u00f3\u0142owe informacje o zestawie:<\/strong><\/p>\n<p><strong>Charakterystyka formikarium modu\u0142owego 3D:<\/strong><br \/>\n<strong>Rozmiar:<\/strong> 10 cm x 10 cm.<br \/>\n<strong>Zbiornik:<\/strong> 20 ml (nowy system \u0142atwego pod\u0142\u0105czenia).<br \/>\n<strong>Komory i galerie:<\/strong> Zr\u00f3\u017cnicowana g\u0142\u0119boko\u015b\u0107 i wysoko\u015b\u0107.<br \/>\n<strong>Kolor:<\/strong> Bia\u0142y.<br \/>\n<strong>Pokrywa:<\/strong> Czerwona (w zestawie).<br \/>\n<strong>Modu\u0142owo\u015b\u0107:<\/strong> Tak.<\/p>\n<p><strong>Charakterystyka areny (wybiegu):<br \/>\nRozmiar:<\/strong> 10 cm x 10 cm.<br \/>\n<strong>Kolor:<\/strong> Bia\u0142y.<br \/>\n<strong>Konstrukcja:<\/strong> Hybrydowa \u2013 wydruk 3D oraz boki z akrylu (metakrylanu).<br \/>\n<strong>Wentylacja:<\/strong> System cyrkulacji powietrza.<br \/>\n<strong>Modu\u0142owo\u015b\u0107:<\/strong> Tak.<br \/>\n<strong>Wej\u015bcia\/Po\u0142\u0105czenia:<\/strong> 4 porty.<\/p>\n","protected":false},"excerpt":{"rendered":"<p>Modu\u0142owy zestaw 3D (v2) sk\u0142adaj\u0105cy si\u0119 z formikarium 3D o wymiarach 10\u00d710 cm z r\u00f3\u017cnorodnymi korytarzami, areny 10\u00d710 cm oraz modu\u0142owego \u0142\u0105cznika. Ten zestaw jest idealny do nielimitowanej rozbudowy wraz ze wzrostem Twojej kolonii. Stw\u00f3rz prawdziwe kr\u00f3lestwo dla swojej kr\u00f3lowej!<\/p>\n<p><strong>Informacje o zestawie:<\/strong><\/p>\n<p>1 x Formikarium modu\u0142owe 3D (10\u00d710 cm).<br \/>\n1 x Czerwona pokrywa na formikarium.<br \/>\n1 x Modu\u0142owa arena (wybieg) (10\u00d710 cm).<br \/>\n1 x \u0141\u0105cznik modu\u0142owy.<\/p>\n","protected":false},"featured_media":49118,"template":"","meta":[],"product_brand":[],"product_cat":[803,804,821],"product_tag":[],"class_list":{"0":"post-49117","1":"product","2":"type-product","3":"status-publish","4":"has-post-thumbnail","6":"product_cat-formikaria","7":"product_cat-3d","8":"product_cat-zestawy-formikariow","10":"first","11":"instock","12":"sale","13":"shipping-taxable","14":"purchasable","15":"product-type-simple"},"yoast_head":"<!-- This site is optimized with the Yoast SEO plugin v27.3 - https:\/\/yoast.com\/product\/yoast-seo-wordpress\/ -->\n<title>Zestaw modu\u0142owy 3D (v2) (S) | Formikarium 10x10 + Arena 10x10 - ANTDERGROUND<\/title>\n<meta name=\"description\" content=\"Modu\u0142owy zestaw 3D (v2) sk\u0142adaj\u0105cy si\u0119 z formikarium 10x10 oraz areny 10x10. Idealny wyb\u00f3r, aby zacz\u0105\u0107 przygod\u0119 ze \u015bwiatem mr\u00f3wek. Zam\u00f3w teraz!\" \/>\n<meta name=\"robots\" content=\"index, follow, max-snippet:-1, max-image-preview:large, max-video-preview:-1\" \/>\n<link rel=\"canonical\" href=\"https:\/\/antderground.com\/pl\/produkt\/modulowy-zestaw-3d-v2-maly\/\" \/>\n<meta property=\"og:locale\" content=\"pl_PL\" \/>\n<meta property=\"og:type\" content=\"article\" \/>\n<meta property=\"og:title\" content=\"Zestaw modu\u0142owy 3D (v2) (S) | Formikarium 10x10 + Arena 10x10 - ANTDERGROUND\" \/>\n<meta property=\"og:description\" content=\"Modu\u0142owy zestaw 3D (v2) sk\u0142adaj\u0105cy si\u0119 z formikarium 10x10 oraz areny 10x10. Idealny wyb\u00f3r, aby zacz\u0105\u0107 przygod\u0119 ze \u015bwiatem mr\u00f3wek. Zam\u00f3w teraz!\" \/>\n<meta property=\"og:url\" content=\"https:\/\/antderground.com\/pl\/produkt\/modulowy-zestaw-3d-v2-maly\/\" \/>\n<meta property=\"og:site_name\" content=\"ANTDERGROUND\" \/>\n<meta property=\"og:image\" content=\"https:\/\/antderground.com\/wp-content\/uploads\/2023\/12\/kit-v2.jpg\" \/>\n\t<meta property=\"og:image:width\" content=\"1280\" \/>\n\t<meta property=\"og:image:height\" content=\"1280\" \/>\n\t<meta property=\"og:image:type\" content=\"image\/jpeg\" \/>\n<meta name=\"twitter:card\" content=\"summary_large_image\" \/>\n<script type=\"application\/ld+json\" class=\"yoast-schema-graph\">{\"@context\":\"https:\\\/\\\/schema.org\",\"@graph\":[{\"@type\":\"WebPage\",\"@id\":\"https:\\\/\\\/antderground.com\\\/pl\\\/produkt\\\/modulowy-zestaw-3d-v2-maly\\\/\",\"url\":\"https:\\\/\\\/antderground.com\\\/pl\\\/produkt\\\/modulowy-zestaw-3d-v2-maly\\\/\",\"name\":\"Zestaw modu\u0142owy 3D (v2) (S) | Formikarium 10x10 + Arena 10x10 - ANTDERGROUND\",\"isPartOf\":{\"@id\":\"https:\\\/\\\/antderground.com\\\/pl\\\/#website\"},\"primaryImageOfPage\":{\"@id\":\"https:\\\/\\\/antderground.com\\\/pl\\\/produkt\\\/modulowy-zestaw-3d-v2-maly\\\/#primaryimage\"},\"image\":{\"@id\":\"https:\\\/\\\/antderground.com\\\/pl\\\/produkt\\\/modulowy-zestaw-3d-v2-maly\\\/#primaryimage\"},\"thumbnailUrl\":\"https:\\\/\\\/antderground.com\\\/wp-content\\\/uploads\\\/2023\\\/12\\\/kit-v2.jpg\",\"datePublished\":\"2023-12-12T10:33:15+00:00\",\"description\":\"Modu\u0142owy zestaw 3D (v2) sk\u0142adaj\u0105cy si\u0119 z formikarium 10x10 oraz areny 10x10. Idealny wyb\u00f3r, aby zacz\u0105\u0107 przygod\u0119 ze \u015bwiatem mr\u00f3wek. Zam\u00f3w teraz!\",\"breadcrumb\":{\"@id\":\"https:\\\/\\\/antderground.com\\\/pl\\\/produkt\\\/modulowy-zestaw-3d-v2-maly\\\/#breadcrumb\"},\"inLanguage\":\"pl-PL\",\"potentialAction\":[{\"@type\":\"ReadAction\",\"target\":[\"https:\\\/\\\/antderground.com\\\/pl\\\/produkt\\\/modulowy-zestaw-3d-v2-maly\\\/\"]}]},{\"@type\":\"ImageObject\",\"inLanguage\":\"pl-PL\",\"@id\":\"https:\\\/\\\/antderground.com\\\/pl\\\/produkt\\\/modulowy-zestaw-3d-v2-maly\\\/#primaryimage\",\"url\":\"https:\\\/\\\/antderground.com\\\/wp-content\\\/uploads\\\/2023\\\/12\\\/kit-v2.jpg\",\"contentUrl\":\"https:\\\/\\\/antderground.com\\\/wp-content\\\/uploads\\\/2023\\\/12\\\/kit-v2.jpg\",\"width\":1280,\"height\":1280},{\"@type\":\"BreadcrumbList\",\"@id\":\"https:\\\/\\\/antderground.com\\\/pl\\\/produkt\\\/modulowy-zestaw-3d-v2-maly\\\/#breadcrumb\",\"itemListElement\":[{\"@type\":\"ListItem\",\"position\":1,\"name\":\"Portada\",\"item\":\"https:\\\/\\\/antderground.com\\\/pl\\\/\"},{\"@type\":\"ListItem\",\"position\":2,\"name\":\"Sklep\",\"item\":\"https:\\\/\\\/antderground.com\\\/pl\\\/sklep\\\/\"},{\"@type\":\"ListItem\",\"position\":3,\"name\":\"Modu\u0142owy zestaw 3D (v2) (Ma\u0142y)\"}]},{\"@type\":\"WebSite\",\"@id\":\"https:\\\/\\\/antderground.com\\\/pl\\\/#website\",\"url\":\"https:\\\/\\\/antderground.com\\\/pl\\\/\",\"name\":\"ANTDERGROUND\",\"description\":\"Tu tienda de hormigas, gran variedad de hormigueros acr\u00edlicos,madera,arena,3D y mas.. Pide tus hormigas gratis con tu pedido, somos expertos en hormigueros antifugas.\",\"publisher\":{\"@id\":\"https:\\\/\\\/antderground.com\\\/pl\\\/#\\\/schema\\\/person\\\/0e322c505e84fe72c65e2f6d08f96b81\"},\"alternateName\":\"Antderground\",\"potentialAction\":[{\"@type\":\"SearchAction\",\"target\":{\"@type\":\"EntryPoint\",\"urlTemplate\":\"https:\\\/\\\/antderground.com\\\/pl\\\/?s={search_term_string}\"},\"query-input\":{\"@type\":\"PropertyValueSpecification\",\"valueRequired\":true,\"valueName\":\"search_term_string\"}}],\"inLanguage\":\"pl-PL\"},{\"@type\":[\"Person\",\"Organization\"],\"@id\":\"https:\\\/\\\/antderground.com\\\/pl\\\/#\\\/schema\\\/person\\\/0e322c505e84fe72c65e2f6d08f96b81\",\"name\":\"Eric de Antderground\",\"image\":{\"@type\":\"ImageObject\",\"inLanguage\":\"pl-PL\",\"@id\":\"https:\\\/\\\/secure.gravatar.com\\\/avatar\\\/c49a1b9f79216d1498cb73c1e85cd47f4465dda35f2a94c03790d491bd4423c3?s=96&d=mm&r=g\",\"url\":\"https:\\\/\\\/secure.gravatar.com\\\/avatar\\\/c49a1b9f79216d1498cb73c1e85cd47f4465dda35f2a94c03790d491bd4423c3?s=96&d=mm&r=g\",\"contentUrl\":\"https:\\\/\\\/secure.gravatar.com\\\/avatar\\\/c49a1b9f79216d1498cb73c1e85cd47f4465dda35f2a94c03790d491bd4423c3?s=96&d=mm&r=g\",\"caption\":\"Eric de Antderground\"},\"logo\":{\"@id\":\"https:\\\/\\\/secure.gravatar.com\\\/avatar\\\/c49a1b9f79216d1498cb73c1e85cd47f4465dda35f2a94c03790d491bd4423c3?s=96&d=mm&r=g\"},\"description\":\"Eric es el especialista y fundador de Antderground, con una amplia trayectoria en artr\u00f3podos y enfocado en la mirmecolog\u00eda y el dise\u00f1o de hormigueros artificiales. Su enfoque combina la innovaci\u00f3n t\u00e9cnica con el respeto por la biolog\u00eda de las hormigas, is\u00f3podos y otros, desarrollando sistemas de nidos modulares 3D y acr\u00edlicos que son referentes para aficionados y profesionales en toda Europa. Su objetivo es facilitar la cr\u00eda de hormigas y otros artr\u00f3podos mediante soluciones seguras y divulgaci\u00f3n de calidad.\",\"sameAs\":[\"https:\\\/\\\/antderground.com\\\/\",\"https:\\\/\\\/www.youtube.com\\\/channel\\\/UCio72z7TlbufkAthAJIJfPw\"]}]}<\/script>\n<!-- \/ Yoast SEO plugin. -->","yoast_head_json":{"title":"Zestaw modu\u0142owy 3D (v2) (S) | Formikarium 10x10 + Arena 10x10 - ANTDERGROUND","description":"Modu\u0142owy zestaw 3D (v2) sk\u0142adaj\u0105cy si\u0119 z formikarium 10x10 oraz areny 10x10. Idealny wyb\u00f3r, aby zacz\u0105\u0107 przygod\u0119 ze \u015bwiatem mr\u00f3wek. Zam\u00f3w teraz!","robots":{"index":"index","follow":"follow","max-snippet":"max-snippet:-1","max-image-preview":"max-image-preview:large","max-video-preview":"max-video-preview:-1"},"canonical":"https:\/\/antderground.com\/pl\/produkt\/modulowy-zestaw-3d-v2-maly\/","og_locale":"pl_PL","og_type":"article","og_title":"Zestaw modu\u0142owy 3D (v2) (S) | Formikarium 10x10 + Arena 10x10 - ANTDERGROUND","og_description":"Modu\u0142owy zestaw 3D (v2) sk\u0142adaj\u0105cy si\u0119 z formikarium 10x10 oraz areny 10x10. Idealny wyb\u00f3r, aby zacz\u0105\u0107 przygod\u0119 ze \u015bwiatem mr\u00f3wek. Zam\u00f3w teraz!","og_url":"https:\/\/antderground.com\/pl\/produkt\/modulowy-zestaw-3d-v2-maly\/","og_site_name":"ANTDERGROUND","og_image":[{"width":1280,"height":1280,"url":"https:\/\/antderground.com\/wp-content\/uploads\/2023\/12\/kit-v2.jpg","type":"image\/jpeg"}],"twitter_card":"summary_large_image","schema":{"@context":"https:\/\/schema.org","@graph":[{"@type":"WebPage","@id":"https:\/\/antderground.com\/pl\/produkt\/modulowy-zestaw-3d-v2-maly\/","url":"https:\/\/antderground.com\/pl\/produkt\/modulowy-zestaw-3d-v2-maly\/","name":"Zestaw modu\u0142owy 3D (v2) (S) | Formikarium 10x10 + Arena 10x10 - ANTDERGROUND","isPartOf":{"@id":"https:\/\/antderground.com\/pl\/#website"},"primaryImageOfPage":{"@id":"https:\/\/antderground.com\/pl\/produkt\/modulowy-zestaw-3d-v2-maly\/#primaryimage"},"image":{"@id":"https:\/\/antderground.com\/pl\/produkt\/modulowy-zestaw-3d-v2-maly\/#primaryimage"},"thumbnailUrl":"https:\/\/antderground.com\/wp-content\/uploads\/2023\/12\/kit-v2.jpg","datePublished":"2023-12-12T10:33:15+00:00","description":"Modu\u0142owy zestaw 3D (v2) sk\u0142adaj\u0105cy si\u0119 z formikarium 10x10 oraz areny 10x10. Idealny wyb\u00f3r, aby zacz\u0105\u0107 przygod\u0119 ze \u015bwiatem mr\u00f3wek. Zam\u00f3w teraz!","breadcrumb":{"@id":"https:\/\/antderground.com\/pl\/produkt\/modulowy-zestaw-3d-v2-maly\/#breadcrumb"},"inLanguage":"pl-PL","potentialAction":[{"@type":"ReadAction","target":["https:\/\/antderground.com\/pl\/produkt\/modulowy-zestaw-3d-v2-maly\/"]}]},{"@type":"ImageObject","inLanguage":"pl-PL","@id":"https:\/\/antderground.com\/pl\/produkt\/modulowy-zestaw-3d-v2-maly\/#primaryimage","url":"https:\/\/antderground.com\/wp-content\/uploads\/2023\/12\/kit-v2.jpg","contentUrl":"https:\/\/antderground.com\/wp-content\/uploads\/2023\/12\/kit-v2.jpg","width":1280,"height":1280},{"@type":"BreadcrumbList","@id":"https:\/\/antderground.com\/pl\/produkt\/modulowy-zestaw-3d-v2-maly\/#breadcrumb","itemListElement":[{"@type":"ListItem","position":1,"name":"Portada","item":"https:\/\/antderground.com\/pl\/"},{"@type":"ListItem","position":2,"name":"Sklep","item":"https:\/\/antderground.com\/pl\/sklep\/"},{"@type":"ListItem","position":3,"name":"Modu\u0142owy zestaw 3D (v2) (Ma\u0142y)"}]},{"@type":"WebSite","@id":"https:\/\/antderground.com\/pl\/#website","url":"https:\/\/antderground.com\/pl\/","name":"ANTDERGROUND","description":"Tu tienda de hormigas, gran variedad de hormigueros acr\u00edlicos,madera,arena,3D y mas.. Pide tus hormigas gratis con tu pedido, somos expertos en hormigueros antifugas.","publisher":{"@id":"https:\/\/antderground.com\/pl\/#\/schema\/person\/0e322c505e84fe72c65e2f6d08f96b81"},"alternateName":"Antderground","potentialAction":[{"@type":"SearchAction","target":{"@type":"EntryPoint","urlTemplate":"https:\/\/antderground.com\/pl\/?s={search_term_string}"},"query-input":{"@type":"PropertyValueSpecification","valueRequired":true,"valueName":"search_term_string"}}],"inLanguage":"pl-PL"},{"@type":["Person","Organization"],"@id":"https:\/\/antderground.com\/pl\/#\/schema\/person\/0e322c505e84fe72c65e2f6d08f96b81","name":"Eric de Antderground","image":{"@type":"ImageObject","inLanguage":"pl-PL","@id":"https:\/\/secure.gravatar.com\/avatar\/c49a1b9f79216d1498cb73c1e85cd47f4465dda35f2a94c03790d491bd4423c3?s=96&d=mm&r=g","url":"https:\/\/secure.gravatar.com\/avatar\/c49a1b9f79216d1498cb73c1e85cd47f4465dda35f2a94c03790d491bd4423c3?s=96&d=mm&r=g","contentUrl":"https:\/\/secure.gravatar.com\/avatar\/c49a1b9f79216d1498cb73c1e85cd47f4465dda35f2a94c03790d491bd4423c3?s=96&d=mm&r=g","caption":"Eric de Antderground"},"logo":{"@id":"https:\/\/secure.gravatar.com\/avatar\/c49a1b9f79216d1498cb73c1e85cd47f4465dda35f2a94c03790d491bd4423c3?s=96&d=mm&r=g"},"description":"Eric es el especialista y fundador de Antderground, con una amplia trayectoria en artr\u00f3podos y enfocado en la mirmecolog\u00eda y el dise\u00f1o de hormigueros artificiales. Su enfoque combina la innovaci\u00f3n t\u00e9cnica con el respeto por la biolog\u00eda de las hormigas, is\u00f3podos y otros, desarrollando sistemas de nidos modulares 3D y acr\u00edlicos que son referentes para aficionados y profesionales en toda Europa. Su objetivo es facilitar la cr\u00eda de hormigas y otros artr\u00f3podos mediante soluciones seguras y divulgaci\u00f3n de calidad.","sameAs":["https:\/\/antderground.com\/","https:\/\/www.youtube.com\/channel\/UCio72z7TlbufkAthAJIJfPw"]}]}},"_links":{"self":[{"href":"https:\/\/antderground.com\/pl\/wp-json\/wp\/v2\/product\/49117","targetHints":{"allow":["GET"]}}],"collection":[{"href":"https:\/\/antderground.com\/pl\/wp-json\/wp\/v2\/product"}],"about":[{"href":"https:\/\/antderground.com\/pl\/wp-json\/wp\/v2\/types\/product"}],"version-history":[{"count":0,"href":"https:\/\/antderground.com\/pl\/wp-json\/wp\/v2\/product\/49117\/revisions"}],"wp:featuredmedia":[{"embeddable":true,"href":"https:\/\/antderground.com\/pl\/wp-json\/wp\/v2\/media\/49118"}],"wp:attachment":[{"href":"https:\/\/antderground.com\/pl\/wp-json\/wp\/v2\/media?parent=49117"}],"wp:term":[{"taxonomy":"product_brand","embeddable":true,"href":"https:\/\/antderground.com\/pl\/wp-json\/wp\/v2\/product_brand?post=49117"},{"taxonomy":"product_cat","embeddable":true,"href":"https:\/\/antderground.com\/pl\/wp-json\/wp\/v2\/product_cat?post=49117"},{"taxonomy":"product_tag","embeddable":true,"href":"https:\/\/antderground.com\/pl\/wp-json\/wp\/v2\/product_tag?post=49117"}],"curies":[{"name":"wp","href":"https:\/\/api.w.org\/{rel}","templated":true}]}}