{"id":49130,"date":"2023-11-23T23:33:59","date_gmt":"2023-11-23T22:33:59","guid":{"rendered":"https:\/\/antderground.com\/producto\/zestaw-modulowy-3d-xl\/"},"modified":"2023-11-23T23:33:59","modified_gmt":"2023-11-23T22:33:59","slug":"zestaw-modulowy-3d-xl","status":"publish","type":"product","link":"https:\/\/antderground.com\/pl\/produkt\/zestaw-modulowy-3d-xl\/","title":{"rendered":"Zestaw modu\u0142owy 3D (XL)"},"content":{"rendered":"<h3>Zestaw modu\u0142owy 3D (XL): Eksploruj mirmekologi\u0119 na najwy\u017cszym poziomie.<\/h3>\n<p>Je\u015bli planujesz hodowl\u0119 du\u017cej kolonii mr\u00f3wek, ten modu\u0142owy zestaw 3D jest idealnym rozwi\u0105zaniem, aby stworzy\u0107 autentyczn\u0105 przestrze\u0144 godn\u0105 eksperta mirmekologii.<\/p>\n<p><strong> Szczeg\u00f3\u0142owe informacje o zestawie modu\u0142owym 3D:<\/strong><\/p>\n<p><strong>(2) Formikaria modu\u0142owe 3D (10\u00d720 cm):<br \/>\n<\/strong>&#8211; Zbiorniki na wod\u0119: (2) x 20 ml (ka\u017cdy).<br \/>\n&#8211; Rozmiar: 10 cm x 20 cm.<br \/>\n&#8211; Kolor: Bia\u0142o-\u017c\u00f3\u0142ty.<br \/>\n&#8211; Pokrywa: Czerwona (w zestawie).<br \/>\n&#8211; Modu\u0142owo\u015b\u0107: Tak.<br \/>\n&#8211; Drzwi wewn\u0119trzne: 1.<br \/>\n&#8211; Drzwi zewn\u0119trzne: 6.<\/p>\n<p><strong>(1) Formikarium modu\u0142owe 3D (10\u00d710 cm):<br \/>\n<\/strong>&#8211; Rozmiar: 10 cm x 10 cm.<br \/>\n&#8211; Zbiornik: 20 ml (nowy system \u0142atwego pod\u0142\u0105czenia).<br \/>\n&#8211; Komory i galerie: Zr\u00f3\u017cnicowana wysoko\u015b\u0107.<br \/>\n&#8211; Kolor: Bia\u0142y.<br \/>\n&#8211; Pokrywa: Czerwona (w zestawie).<br \/>\n&#8211; Modu\u0142owo\u015b\u0107: Tak.<\/p>\n<p><strong>(1) Arena 3D (wybieg) (20\u00d720 cm):<br \/>\n<\/strong>&#8211; Rozmiar: 20x20x15 cm.<br \/>\n&#8211; Materia\u0142: Akryl (metakrylan) \/ PLA (3D).<br \/>\n&#8211; Wej\u015bcia \/ Po\u0142\u0105czenia: 8 port\u00f3w.<br \/>\n&#8211; Modu\u0142owo\u015b\u0107: Tak.<br \/>\n&#8211; Pokrywa g\u00f3rna: Tak.<br \/>\n&#8211; Wentylacja: Tak (w g\u00f3rnej cz\u0119\u015bci).<\/p>\n<p><strong>(5) Czerwonych pokryw na formikaria.<\/strong><\/p>\n<p><strong>(6) \u0141\u0105cznik\u00f3w modu\u0142owych.<\/strong><\/p>\n","protected":false},"excerpt":{"rendered":"<p>Idealny zestaw dla du\u017cych <em>kolonii mr\u00f3wek<\/em>. Ciesz si\u0119 obserwacj\u0105 i opiek\u0105 nad swoimi owadami w przestronnym \u015brodowisku. Do\u015bwiadczenie w skali makro! Stw\u00f3rz idealne kr\u00f3lestwo dla swoich mr\u00f3wek.<\/p>\n<p><strong>Zestaw zawiera:<\/strong><\/p>\n<p>1 x Arena (wybieg) 20\u00d720 cm.<br \/>\n2 x Formikarium modu\u0142owe 3D 10\u00d720 cm.<br \/>\n1 x Formikarium modu\u0142owe 3D 10\u00d710 cm.<br \/>\n5 x Czerwona pokrywa na formikaria.<br \/>\n6 x \u0141\u0105czniki modu\u0142owe.<\/p>\n","protected":false},"featured_media":49131,"template":"","meta":[],"product_brand":[],"product_cat":[803,821],"product_tag":[],"class_list":{"0":"post-49130","1":"product","2":"type-product","3":"status-publish","4":"has-post-thumbnail","6":"product_cat-formikaria","7":"product_cat-zestawy-formikariow","9":"first","10":"instock","11":"sale","12":"shipping-taxable","13":"purchasable","14":"product-type-simple"},"yoast_head":"<!-- This site is optimized with the Yoast SEO plugin v27.3 - https:\/\/yoast.com\/product\/yoast-seo-wordpress\/ -->\n<title>Zestaw modu\u0142owy 3D (XL) - ANTDERGROUND<\/title>\n<meta name=\"description\" content=\"Kompletny zestaw modu\u0142owych formikari\u00f3w 3D po\u0142\u0105czonych z du\u017c\u0105 aren\u0105! Fantastyczny zestaw dla Twojej kolonii mr\u00f3wek. Stw\u00f3rz prawdziwe mr\u00f3wcze kr\u00f3lestwo w skali XL!\" \/>\n<meta name=\"robots\" content=\"index, follow, max-snippet:-1, max-image-preview:large, max-video-preview:-1\" \/>\n<link rel=\"canonical\" href=\"https:\/\/antderground.com\/pl\/produkt\/zestaw-modulowy-3d-xl\/\" \/>\n<meta property=\"og:locale\" content=\"pl_PL\" \/>\n<meta property=\"og:type\" content=\"article\" \/>\n<meta property=\"og:title\" content=\"Zestaw modu\u0142owy 3D (XL) - ANTDERGROUND\" \/>\n<meta property=\"og:description\" content=\"Kompletny zestaw modu\u0142owych formikari\u00f3w 3D po\u0142\u0105czonych z du\u017c\u0105 aren\u0105! Fantastyczny zestaw dla Twojej kolonii mr\u00f3wek. Stw\u00f3rz prawdziwe mr\u00f3wcze kr\u00f3lestwo w skali XL!\" \/>\n<meta property=\"og:url\" content=\"https:\/\/antderground.com\/pl\/produkt\/zestaw-modulowy-3d-xl\/\" \/>\n<meta property=\"og:site_name\" content=\"ANTDERGROUND\" \/>\n<meta property=\"og:image\" content=\"https:\/\/antderground.com\/wp-content\/uploads\/2023\/11\/Kit-Hormigueros-modulares-3D-XL.jpg\" \/>\n\t<meta property=\"og:image:width\" content=\"1335\" \/>\n\t<meta property=\"og:image:height\" content=\"1335\" \/>\n\t<meta property=\"og:image:type\" content=\"image\/jpeg\" \/>\n<meta name=\"twitter:card\" content=\"summary_large_image\" \/>\n<meta name=\"twitter:label1\" content=\"Szacowany czas czytania\" \/>\n\t<meta name=\"twitter:data1\" content=\"1 minuta\" \/>\n<script type=\"application\/ld+json\" class=\"yoast-schema-graph\">{\"@context\":\"https:\\\/\\\/schema.org\",\"@graph\":[{\"@type\":\"WebPage\",\"@id\":\"https:\\\/\\\/antderground.com\\\/pl\\\/produkt\\\/zestaw-modulowy-3d-xl\\\/\",\"url\":\"https:\\\/\\\/antderground.com\\\/pl\\\/produkt\\\/zestaw-modulowy-3d-xl\\\/\",\"name\":\"Zestaw modu\u0142owy 3D (XL) - ANTDERGROUND\",\"isPartOf\":{\"@id\":\"https:\\\/\\\/antderground.com\\\/pl\\\/#website\"},\"primaryImageOfPage\":{\"@id\":\"https:\\\/\\\/antderground.com\\\/pl\\\/produkt\\\/zestaw-modulowy-3d-xl\\\/#primaryimage\"},\"image\":{\"@id\":\"https:\\\/\\\/antderground.com\\\/pl\\\/produkt\\\/zestaw-modulowy-3d-xl\\\/#primaryimage\"},\"thumbnailUrl\":\"https:\\\/\\\/antderground.com\\\/wp-content\\\/uploads\\\/2023\\\/11\\\/Kit-Hormigueros-modulares-3D-XL.jpg\",\"datePublished\":\"2023-11-23T22:33:59+00:00\",\"description\":\"Kompletny zestaw modu\u0142owych formikari\u00f3w 3D po\u0142\u0105czonych z du\u017c\u0105 aren\u0105! Fantastyczny zestaw dla Twojej kolonii mr\u00f3wek. Stw\u00f3rz prawdziwe mr\u00f3wcze kr\u00f3lestwo w skali XL!\",\"breadcrumb\":{\"@id\":\"https:\\\/\\\/antderground.com\\\/pl\\\/produkt\\\/zestaw-modulowy-3d-xl\\\/#breadcrumb\"},\"inLanguage\":\"pl-PL\",\"potentialAction\":[{\"@type\":\"ReadAction\",\"target\":[\"https:\\\/\\\/antderground.com\\\/pl\\\/produkt\\\/zestaw-modulowy-3d-xl\\\/\"]}]},{\"@type\":\"ImageObject\",\"inLanguage\":\"pl-PL\",\"@id\":\"https:\\\/\\\/antderground.com\\\/pl\\\/produkt\\\/zestaw-modulowy-3d-xl\\\/#primaryimage\",\"url\":\"https:\\\/\\\/antderground.com\\\/wp-content\\\/uploads\\\/2023\\\/11\\\/Kit-Hormigueros-modulares-3D-XL.jpg\",\"contentUrl\":\"https:\\\/\\\/antderground.com\\\/wp-content\\\/uploads\\\/2023\\\/11\\\/Kit-Hormigueros-modulares-3D-XL.jpg\",\"width\":1335,\"height\":1335,\"caption\":\"Zestaw modu\u0142owy 3D (XL) \u2013 formikaria | Wielkie kr\u00f3lestwo\"},{\"@type\":\"BreadcrumbList\",\"@id\":\"https:\\\/\\\/antderground.com\\\/pl\\\/produkt\\\/zestaw-modulowy-3d-xl\\\/#breadcrumb\",\"itemListElement\":[{\"@type\":\"ListItem\",\"position\":1,\"name\":\"Portada\",\"item\":\"https:\\\/\\\/antderground.com\\\/pl\\\/\"},{\"@type\":\"ListItem\",\"position\":2,\"name\":\"Sklep\",\"item\":\"https:\\\/\\\/antderground.com\\\/pl\\\/sklep\\\/\"},{\"@type\":\"ListItem\",\"position\":3,\"name\":\"Zestaw modu\u0142owy 3D (XL)\"}]},{\"@type\":\"WebSite\",\"@id\":\"https:\\\/\\\/antderground.com\\\/pl\\\/#website\",\"url\":\"https:\\\/\\\/antderground.com\\\/pl\\\/\",\"name\":\"ANTDERGROUND\",\"description\":\"Tu tienda de hormigas, gran variedad de hormigueros acr\u00edlicos,madera,arena,3D y mas.. Pide tus hormigas gratis con tu pedido, somos expertos en hormigueros antifugas.\",\"publisher\":{\"@id\":\"https:\\\/\\\/antderground.com\\\/pl\\\/#\\\/schema\\\/person\\\/0e322c505e84fe72c65e2f6d08f96b81\"},\"alternateName\":\"Antderground\",\"potentialAction\":[{\"@type\":\"SearchAction\",\"target\":{\"@type\":\"EntryPoint\",\"urlTemplate\":\"https:\\\/\\\/antderground.com\\\/pl\\\/?s={search_term_string}\"},\"query-input\":{\"@type\":\"PropertyValueSpecification\",\"valueRequired\":true,\"valueName\":\"search_term_string\"}}],\"inLanguage\":\"pl-PL\"},{\"@type\":[\"Person\",\"Organization\"],\"@id\":\"https:\\\/\\\/antderground.com\\\/pl\\\/#\\\/schema\\\/person\\\/0e322c505e84fe72c65e2f6d08f96b81\",\"name\":\"Eric de Antderground\",\"image\":{\"@type\":\"ImageObject\",\"inLanguage\":\"pl-PL\",\"@id\":\"https:\\\/\\\/secure.gravatar.com\\\/avatar\\\/c49a1b9f79216d1498cb73c1e85cd47f4465dda35f2a94c03790d491bd4423c3?s=96&d=mm&r=g\",\"url\":\"https:\\\/\\\/secure.gravatar.com\\\/avatar\\\/c49a1b9f79216d1498cb73c1e85cd47f4465dda35f2a94c03790d491bd4423c3?s=96&d=mm&r=g\",\"contentUrl\":\"https:\\\/\\\/secure.gravatar.com\\\/avatar\\\/c49a1b9f79216d1498cb73c1e85cd47f4465dda35f2a94c03790d491bd4423c3?s=96&d=mm&r=g\",\"caption\":\"Eric de Antderground\"},\"logo\":{\"@id\":\"https:\\\/\\\/secure.gravatar.com\\\/avatar\\\/c49a1b9f79216d1498cb73c1e85cd47f4465dda35f2a94c03790d491bd4423c3?s=96&d=mm&r=g\"},\"description\":\"Eric es el especialista y fundador de Antderground, con una amplia trayectoria en artr\u00f3podos y enfocado en la mirmecolog\u00eda y el dise\u00f1o de hormigueros artificiales. Su enfoque combina la innovaci\u00f3n t\u00e9cnica con el respeto por la biolog\u00eda de las hormigas, is\u00f3podos y otros, desarrollando sistemas de nidos modulares 3D y acr\u00edlicos que son referentes para aficionados y profesionales en toda Europa. Su objetivo es facilitar la cr\u00eda de hormigas y otros artr\u00f3podos mediante soluciones seguras y divulgaci\u00f3n de calidad.\",\"sameAs\":[\"https:\\\/\\\/antderground.com\\\/\",\"https:\\\/\\\/www.youtube.com\\\/channel\\\/UCio72z7TlbufkAthAJIJfPw\"]}]}<\/script>\n<!-- \/ Yoast SEO plugin. -->","yoast_head_json":{"title":"Zestaw modu\u0142owy 3D (XL) - ANTDERGROUND","description":"Kompletny zestaw modu\u0142owych formikari\u00f3w 3D po\u0142\u0105czonych z du\u017c\u0105 aren\u0105! Fantastyczny zestaw dla Twojej kolonii mr\u00f3wek. Stw\u00f3rz prawdziwe mr\u00f3wcze kr\u00f3lestwo w skali XL!","robots":{"index":"index","follow":"follow","max-snippet":"max-snippet:-1","max-image-preview":"max-image-preview:large","max-video-preview":"max-video-preview:-1"},"canonical":"https:\/\/antderground.com\/pl\/produkt\/zestaw-modulowy-3d-xl\/","og_locale":"pl_PL","og_type":"article","og_title":"Zestaw modu\u0142owy 3D (XL) - ANTDERGROUND","og_description":"Kompletny zestaw modu\u0142owych formikari\u00f3w 3D po\u0142\u0105czonych z du\u017c\u0105 aren\u0105! Fantastyczny zestaw dla Twojej kolonii mr\u00f3wek. Stw\u00f3rz prawdziwe mr\u00f3wcze kr\u00f3lestwo w skali XL!","og_url":"https:\/\/antderground.com\/pl\/produkt\/zestaw-modulowy-3d-xl\/","og_site_name":"ANTDERGROUND","og_image":[{"width":1335,"height":1335,"url":"https:\/\/antderground.com\/wp-content\/uploads\/2023\/11\/Kit-Hormigueros-modulares-3D-XL.jpg","type":"image\/jpeg"}],"twitter_card":"summary_large_image","twitter_misc":{"Szacowany czas czytania":"1 minuta"},"schema":{"@context":"https:\/\/schema.org","@graph":[{"@type":"WebPage","@id":"https:\/\/antderground.com\/pl\/produkt\/zestaw-modulowy-3d-xl\/","url":"https:\/\/antderground.com\/pl\/produkt\/zestaw-modulowy-3d-xl\/","name":"Zestaw modu\u0142owy 3D (XL) - ANTDERGROUND","isPartOf":{"@id":"https:\/\/antderground.com\/pl\/#website"},"primaryImageOfPage":{"@id":"https:\/\/antderground.com\/pl\/produkt\/zestaw-modulowy-3d-xl\/#primaryimage"},"image":{"@id":"https:\/\/antderground.com\/pl\/produkt\/zestaw-modulowy-3d-xl\/#primaryimage"},"thumbnailUrl":"https:\/\/antderground.com\/wp-content\/uploads\/2023\/11\/Kit-Hormigueros-modulares-3D-XL.jpg","datePublished":"2023-11-23T22:33:59+00:00","description":"Kompletny zestaw modu\u0142owych formikari\u00f3w 3D po\u0142\u0105czonych z du\u017c\u0105 aren\u0105! Fantastyczny zestaw dla Twojej kolonii mr\u00f3wek. Stw\u00f3rz prawdziwe mr\u00f3wcze kr\u00f3lestwo w skali XL!","breadcrumb":{"@id":"https:\/\/antderground.com\/pl\/produkt\/zestaw-modulowy-3d-xl\/#breadcrumb"},"inLanguage":"pl-PL","potentialAction":[{"@type":"ReadAction","target":["https:\/\/antderground.com\/pl\/produkt\/zestaw-modulowy-3d-xl\/"]}]},{"@type":"ImageObject","inLanguage":"pl-PL","@id":"https:\/\/antderground.com\/pl\/produkt\/zestaw-modulowy-3d-xl\/#primaryimage","url":"https:\/\/antderground.com\/wp-content\/uploads\/2023\/11\/Kit-Hormigueros-modulares-3D-XL.jpg","contentUrl":"https:\/\/antderground.com\/wp-content\/uploads\/2023\/11\/Kit-Hormigueros-modulares-3D-XL.jpg","width":1335,"height":1335,"caption":"Zestaw modu\u0142owy 3D (XL) \u2013 formikaria | Wielkie kr\u00f3lestwo"},{"@type":"BreadcrumbList","@id":"https:\/\/antderground.com\/pl\/produkt\/zestaw-modulowy-3d-xl\/#breadcrumb","itemListElement":[{"@type":"ListItem","position":1,"name":"Portada","item":"https:\/\/antderground.com\/pl\/"},{"@type":"ListItem","position":2,"name":"Sklep","item":"https:\/\/antderground.com\/pl\/sklep\/"},{"@type":"ListItem","position":3,"name":"Zestaw modu\u0142owy 3D (XL)"}]},{"@type":"WebSite","@id":"https:\/\/antderground.com\/pl\/#website","url":"https:\/\/antderground.com\/pl\/","name":"ANTDERGROUND","description":"Tu tienda de hormigas, gran variedad de hormigueros acr\u00edlicos,madera,arena,3D y mas.. Pide tus hormigas gratis con tu pedido, somos expertos en hormigueros antifugas.","publisher":{"@id":"https:\/\/antderground.com\/pl\/#\/schema\/person\/0e322c505e84fe72c65e2f6d08f96b81"},"alternateName":"Antderground","potentialAction":[{"@type":"SearchAction","target":{"@type":"EntryPoint","urlTemplate":"https:\/\/antderground.com\/pl\/?s={search_term_string}"},"query-input":{"@type":"PropertyValueSpecification","valueRequired":true,"valueName":"search_term_string"}}],"inLanguage":"pl-PL"},{"@type":["Person","Organization"],"@id":"https:\/\/antderground.com\/pl\/#\/schema\/person\/0e322c505e84fe72c65e2f6d08f96b81","name":"Eric de Antderground","image":{"@type":"ImageObject","inLanguage":"pl-PL","@id":"https:\/\/secure.gravatar.com\/avatar\/c49a1b9f79216d1498cb73c1e85cd47f4465dda35f2a94c03790d491bd4423c3?s=96&d=mm&r=g","url":"https:\/\/secure.gravatar.com\/avatar\/c49a1b9f79216d1498cb73c1e85cd47f4465dda35f2a94c03790d491bd4423c3?s=96&d=mm&r=g","contentUrl":"https:\/\/secure.gravatar.com\/avatar\/c49a1b9f79216d1498cb73c1e85cd47f4465dda35f2a94c03790d491bd4423c3?s=96&d=mm&r=g","caption":"Eric de Antderground"},"logo":{"@id":"https:\/\/secure.gravatar.com\/avatar\/c49a1b9f79216d1498cb73c1e85cd47f4465dda35f2a94c03790d491bd4423c3?s=96&d=mm&r=g"},"description":"Eric es el especialista y fundador de Antderground, con una amplia trayectoria en artr\u00f3podos y enfocado en la mirmecolog\u00eda y el dise\u00f1o de hormigueros artificiales. Su enfoque combina la innovaci\u00f3n t\u00e9cnica con el respeto por la biolog\u00eda de las hormigas, is\u00f3podos y otros, desarrollando sistemas de nidos modulares 3D y acr\u00edlicos que son referentes para aficionados y profesionales en toda Europa. Su objetivo es facilitar la cr\u00eda de hormigas y otros artr\u00f3podos mediante soluciones seguras y divulgaci\u00f3n de calidad.","sameAs":["https:\/\/antderground.com\/","https:\/\/www.youtube.com\/channel\/UCio72z7TlbufkAthAJIJfPw"]}]}},"_links":{"self":[{"href":"https:\/\/antderground.com\/pl\/wp-json\/wp\/v2\/product\/49130","targetHints":{"allow":["GET"]}}],"collection":[{"href":"https:\/\/antderground.com\/pl\/wp-json\/wp\/v2\/product"}],"about":[{"href":"https:\/\/antderground.com\/pl\/wp-json\/wp\/v2\/types\/product"}],"version-history":[{"count":0,"href":"https:\/\/antderground.com\/pl\/wp-json\/wp\/v2\/product\/49130\/revisions"}],"wp:featuredmedia":[{"embeddable":true,"href":"https:\/\/antderground.com\/pl\/wp-json\/wp\/v2\/media\/49131"}],"wp:attachment":[{"href":"https:\/\/antderground.com\/pl\/wp-json\/wp\/v2\/media?parent=49130"}],"wp:term":[{"taxonomy":"product_brand","embeddable":true,"href":"https:\/\/antderground.com\/pl\/wp-json\/wp\/v2\/product_brand?post=49130"},{"taxonomy":"product_cat","embeddable":true,"href":"https:\/\/antderground.com\/pl\/wp-json\/wp\/v2\/product_cat?post=49130"},{"taxonomy":"product_tag","embeddable":true,"href":"https:\/\/antderground.com\/pl\/wp-json\/wp\/v2\/product_tag?post=49130"}],"curies":[{"name":"wp","href":"https:\/\/api.w.org\/{rel}","templated":true}]}}