{"id":49133,"date":"2023-11-21T18:30:33","date_gmt":"2023-11-21T17:30:33","guid":{"rendered":"https:\/\/antderground.com\/producto\/modulowy-zestaw-3d-v1-maly\/"},"modified":"2023-11-21T18:30:33","modified_gmt":"2023-11-21T17:30:33","slug":"modulowy-zestaw-3d-v1-maly","status":"publish","type":"product","link":"https:\/\/antderground.com\/pl\/produkt\/modulowy-zestaw-3d-v1-maly\/","title":{"rendered":"Modu\u0142owy zestaw 3D (v1) (Ma\u0142y)"},"content":{"rendered":"<p><strong>Charakterystyka formikarium modu\u0142owego 3D:<\/strong><\/p>\n<p>Zbiornik: 20 ml.<br \/>\nRozmiar: 10\u00d710 cm.<br \/>\nKolor: Bia\u0142o-\u017c\u00f3\u0142ty.<br \/>\nPokrywa: Czerwona (w zestawie).<br \/>\nModu\u0142owo\u015b\u0107: Tak.<br \/>\nDrzwi wewn\u0119trzne: 4.<br \/>\nDrzwi zewn\u0119trzne: 4.<\/p>\n<p><strong>Wa\u017cne:<\/strong> Dzi\u0119ki zastosowaniu innowacyjnych drzwi obrotowych, to formikarium jest niezwykle wszechstronne: mo\u017ce s\u0142u\u017cy\u0107 jako 4 oddzielne gniazda dla kr\u00f3lowych, 2 ma\u0142e formikaria lub jedno du\u017ce (dost\u0119pnych jest jeszcze wi\u0119cej konfiguracji). Wi\u0119cej informacji o formikarium.<\/p>\n<p><strong>Charakterystyka areny\/arena (wybiegu):<\/strong><\/p>\n<p>Kolor: Bia\u0142y.<br \/>\nRozmiar: 10\u00d710 cm.<br \/>\nKonstrukcja: Wydruk 3D \/ Boki z akrylu (metakrylanu).<br \/>\nWentylacja: System cyrkulacji powietrza.<br \/>\nModu\u0142owo\u015b\u0107: Tak.<br \/>\nWej\u015bcia\/Po\u0142\u0105czenia: 4.<br \/>\nWi\u0119cej informacji o arenie.<\/p>\n","protected":false},"excerpt":{"rendered":"<p>Odkryj modu\u0142owy zestaw 3D (v1) sk\u0142adaj\u0105cy si\u0119 z formikarium 3D (all-in-one) o wymiarach 10\u00d710 cm oraz modu\u0142owej areny 10\u00d710 cm. Idealny zestaw, aby profesjonalnie rozpocz\u0105\u0107 hodowl\u0119 Twojej kolonii mr\u00f3wek.<\/p>\n<p><strong>Informacje o zestawie:<\/strong><\/p>\n<p>1 x Formikarium modu\u0142owe 3D (all-in-one) (10\u00d710 cm).<br \/>\n1 x Czerwona pokrywa na formikarium.<br \/>\n1 x Modu\u0142owa arena (10\u00d710 cm).<br \/>\n1 x \u0141\u0105cznik modu\u0142owy.<\/p>\n","protected":false},"featured_media":49134,"template":"","meta":[],"product_brand":[],"product_cat":[803,821],"product_tag":[],"class_list":{"0":"post-49133","1":"product","2":"type-product","3":"status-publish","4":"has-post-thumbnail","6":"product_cat-formikaria","7":"product_cat-zestawy-formikariow","9":"first","10":"instock","11":"sale","12":"shipping-taxable","13":"purchasable","14":"product-type-simple"},"yoast_head":"<!-- This site is optimized with the Yoast SEO plugin v27.3 - https:\/\/yoast.com\/product\/yoast-seo-wordpress\/ -->\n<title>Modu\u0142owy zestaw 3D (v1) (Ma\u0142y) (Formikarium 3D + Arena) - ANTDERGROUND<\/title>\n<meta name=\"description\" content=\"Ten modu\u0142owy zestaw v1 zawiera formikarium 3D (all-in-one) 10x10 oraz modu\u0142ow\u0105 aren\u0119 10x10. Idealne rozwi\u0105zanie dla Twoich mr\u00f3wek! Sprawd\u017a teraz.\" \/>\n<meta name=\"robots\" content=\"index, follow, max-snippet:-1, max-image-preview:large, max-video-preview:-1\" \/>\n<link rel=\"canonical\" href=\"https:\/\/antderground.com\/pl\/produkt\/modulowy-zestaw-3d-v1-maly\/\" \/>\n<meta property=\"og:locale\" content=\"pl_PL\" \/>\n<meta property=\"og:type\" content=\"article\" \/>\n<meta property=\"og:title\" content=\"Modu\u0142owy zestaw 3D (v1) (Ma\u0142y) (Formikarium 3D + Arena) - ANTDERGROUND\" \/>\n<meta property=\"og:description\" content=\"Ten modu\u0142owy zestaw v1 zawiera formikarium 3D (all-in-one) 10x10 oraz modu\u0142ow\u0105 aren\u0119 10x10. Idealne rozwi\u0105zanie dla Twoich mr\u00f3wek! Sprawd\u017a teraz.\" \/>\n<meta property=\"og:url\" content=\"https:\/\/antderground.com\/pl\/produkt\/modulowy-zestaw-3d-v1-maly\/\" \/>\n<meta property=\"og:site_name\" content=\"ANTDERGROUND\" \/>\n<meta property=\"og:image\" content=\"https:\/\/antderground.com\/wp-content\/uploads\/2023\/11\/pack10x10-hormiguero-3d-nuevo.jpg\" \/>\n\t<meta property=\"og:image:width\" content=\"1280\" \/>\n\t<meta property=\"og:image:height\" content=\"1280\" \/>\n\t<meta property=\"og:image:type\" content=\"image\/jpeg\" \/>\n<meta name=\"twitter:card\" content=\"summary_large_image\" \/>\n<meta name=\"twitter:label1\" content=\"Szacowany czas czytania\" \/>\n\t<meta name=\"twitter:data1\" content=\"1 minuta\" \/>\n<script type=\"application\/ld+json\" class=\"yoast-schema-graph\">{\"@context\":\"https:\\\/\\\/schema.org\",\"@graph\":[{\"@type\":\"WebPage\",\"@id\":\"https:\\\/\\\/antderground.com\\\/pl\\\/produkt\\\/modulowy-zestaw-3d-v1-maly\\\/\",\"url\":\"https:\\\/\\\/antderground.com\\\/pl\\\/produkt\\\/modulowy-zestaw-3d-v1-maly\\\/\",\"name\":\"Modu\u0142owy zestaw 3D (v1) (Ma\u0142y) (Formikarium 3D + Arena) - ANTDERGROUND\",\"isPartOf\":{\"@id\":\"https:\\\/\\\/antderground.com\\\/pl\\\/#website\"},\"primaryImageOfPage\":{\"@id\":\"https:\\\/\\\/antderground.com\\\/pl\\\/produkt\\\/modulowy-zestaw-3d-v1-maly\\\/#primaryimage\"},\"image\":{\"@id\":\"https:\\\/\\\/antderground.com\\\/pl\\\/produkt\\\/modulowy-zestaw-3d-v1-maly\\\/#primaryimage\"},\"thumbnailUrl\":\"https:\\\/\\\/antderground.com\\\/wp-content\\\/uploads\\\/2023\\\/11\\\/pack10x10-hormiguero-3d-nuevo.jpg\",\"datePublished\":\"2023-11-21T17:30:33+00:00\",\"description\":\"Ten modu\u0142owy zestaw v1 zawiera formikarium 3D (all-in-one) 10x10 oraz modu\u0142ow\u0105 aren\u0119 10x10. Idealne rozwi\u0105zanie dla Twoich mr\u00f3wek! Sprawd\u017a teraz.\",\"breadcrumb\":{\"@id\":\"https:\\\/\\\/antderground.com\\\/pl\\\/produkt\\\/modulowy-zestaw-3d-v1-maly\\\/#breadcrumb\"},\"inLanguage\":\"pl-PL\",\"potentialAction\":[{\"@type\":\"ReadAction\",\"target\":[\"https:\\\/\\\/antderground.com\\\/pl\\\/produkt\\\/modulowy-zestaw-3d-v1-maly\\\/\"]}]},{\"@type\":\"ImageObject\",\"inLanguage\":\"pl-PL\",\"@id\":\"https:\\\/\\\/antderground.com\\\/pl\\\/produkt\\\/modulowy-zestaw-3d-v1-maly\\\/#primaryimage\",\"url\":\"https:\\\/\\\/antderground.com\\\/wp-content\\\/uploads\\\/2023\\\/11\\\/pack10x10-hormiguero-3d-nuevo.jpg\",\"contentUrl\":\"https:\\\/\\\/antderground.com\\\/wp-content\\\/uploads\\\/2023\\\/11\\\/pack10x10-hormiguero-3d-nuevo.jpg\",\"width\":1280,\"height\":1280,\"caption\":\"formikarium Modu\u0142owy zestaw 3D (v1) (Ma\u0142y)\"},{\"@type\":\"BreadcrumbList\",\"@id\":\"https:\\\/\\\/antderground.com\\\/pl\\\/produkt\\\/modulowy-zestaw-3d-v1-maly\\\/#breadcrumb\",\"itemListElement\":[{\"@type\":\"ListItem\",\"position\":1,\"name\":\"Portada\",\"item\":\"https:\\\/\\\/antderground.com\\\/pl\\\/\"},{\"@type\":\"ListItem\",\"position\":2,\"name\":\"Sklep\",\"item\":\"https:\\\/\\\/antderground.com\\\/pl\\\/sklep\\\/\"},{\"@type\":\"ListItem\",\"position\":3,\"name\":\"Modu\u0142owy zestaw 3D (v1) (Ma\u0142y)\"}]},{\"@type\":\"WebSite\",\"@id\":\"https:\\\/\\\/antderground.com\\\/pl\\\/#website\",\"url\":\"https:\\\/\\\/antderground.com\\\/pl\\\/\",\"name\":\"ANTDERGROUND\",\"description\":\"Tu tienda de hormigas, gran variedad de hormigueros acr\u00edlicos,madera,arena,3D y mas.. Pide tus hormigas gratis con tu pedido, somos expertos en hormigueros antifugas.\",\"publisher\":{\"@id\":\"https:\\\/\\\/antderground.com\\\/pl\\\/#\\\/schema\\\/person\\\/0e322c505e84fe72c65e2f6d08f96b81\"},\"alternateName\":\"Antderground\",\"potentialAction\":[{\"@type\":\"SearchAction\",\"target\":{\"@type\":\"EntryPoint\",\"urlTemplate\":\"https:\\\/\\\/antderground.com\\\/pl\\\/?s={search_term_string}\"},\"query-input\":{\"@type\":\"PropertyValueSpecification\",\"valueRequired\":true,\"valueName\":\"search_term_string\"}}],\"inLanguage\":\"pl-PL\"},{\"@type\":[\"Person\",\"Organization\"],\"@id\":\"https:\\\/\\\/antderground.com\\\/pl\\\/#\\\/schema\\\/person\\\/0e322c505e84fe72c65e2f6d08f96b81\",\"name\":\"Eric de Antderground\",\"image\":{\"@type\":\"ImageObject\",\"inLanguage\":\"pl-PL\",\"@id\":\"https:\\\/\\\/secure.gravatar.com\\\/avatar\\\/c49a1b9f79216d1498cb73c1e85cd47f4465dda35f2a94c03790d491bd4423c3?s=96&d=mm&r=g\",\"url\":\"https:\\\/\\\/secure.gravatar.com\\\/avatar\\\/c49a1b9f79216d1498cb73c1e85cd47f4465dda35f2a94c03790d491bd4423c3?s=96&d=mm&r=g\",\"contentUrl\":\"https:\\\/\\\/secure.gravatar.com\\\/avatar\\\/c49a1b9f79216d1498cb73c1e85cd47f4465dda35f2a94c03790d491bd4423c3?s=96&d=mm&r=g\",\"caption\":\"Eric de Antderground\"},\"logo\":{\"@id\":\"https:\\\/\\\/secure.gravatar.com\\\/avatar\\\/c49a1b9f79216d1498cb73c1e85cd47f4465dda35f2a94c03790d491bd4423c3?s=96&d=mm&r=g\"},\"description\":\"Eric es el especialista y fundador de Antderground, con una amplia trayectoria en artr\u00f3podos y enfocado en la mirmecolog\u00eda y el dise\u00f1o de hormigueros artificiales. Su enfoque combina la innovaci\u00f3n t\u00e9cnica con el respeto por la biolog\u00eda de las hormigas, is\u00f3podos y otros, desarrollando sistemas de nidos modulares 3D y acr\u00edlicos que son referentes para aficionados y profesionales en toda Europa. Su objetivo es facilitar la cr\u00eda de hormigas y otros artr\u00f3podos mediante soluciones seguras y divulgaci\u00f3n de calidad.\",\"sameAs\":[\"https:\\\/\\\/antderground.com\\\/\",\"https:\\\/\\\/www.youtube.com\\\/channel\\\/UCio72z7TlbufkAthAJIJfPw\"]}]}<\/script>\n<!-- \/ Yoast SEO plugin. -->","yoast_head_json":{"title":"Modu\u0142owy zestaw 3D (v1) (Ma\u0142y) (Formikarium 3D + Arena) - ANTDERGROUND","description":"Ten modu\u0142owy zestaw v1 zawiera formikarium 3D (all-in-one) 10x10 oraz modu\u0142ow\u0105 aren\u0119 10x10. Idealne rozwi\u0105zanie dla Twoich mr\u00f3wek! Sprawd\u017a teraz.","robots":{"index":"index","follow":"follow","max-snippet":"max-snippet:-1","max-image-preview":"max-image-preview:large","max-video-preview":"max-video-preview:-1"},"canonical":"https:\/\/antderground.com\/pl\/produkt\/modulowy-zestaw-3d-v1-maly\/","og_locale":"pl_PL","og_type":"article","og_title":"Modu\u0142owy zestaw 3D (v1) (Ma\u0142y) (Formikarium 3D + Arena) - ANTDERGROUND","og_description":"Ten modu\u0142owy zestaw v1 zawiera formikarium 3D (all-in-one) 10x10 oraz modu\u0142ow\u0105 aren\u0119 10x10. Idealne rozwi\u0105zanie dla Twoich mr\u00f3wek! Sprawd\u017a teraz.","og_url":"https:\/\/antderground.com\/pl\/produkt\/modulowy-zestaw-3d-v1-maly\/","og_site_name":"ANTDERGROUND","og_image":[{"width":1280,"height":1280,"url":"https:\/\/antderground.com\/wp-content\/uploads\/2023\/11\/pack10x10-hormiguero-3d-nuevo.jpg","type":"image\/jpeg"}],"twitter_card":"summary_large_image","twitter_misc":{"Szacowany czas czytania":"1 minuta"},"schema":{"@context":"https:\/\/schema.org","@graph":[{"@type":"WebPage","@id":"https:\/\/antderground.com\/pl\/produkt\/modulowy-zestaw-3d-v1-maly\/","url":"https:\/\/antderground.com\/pl\/produkt\/modulowy-zestaw-3d-v1-maly\/","name":"Modu\u0142owy zestaw 3D (v1) (Ma\u0142y) (Formikarium 3D + Arena) - ANTDERGROUND","isPartOf":{"@id":"https:\/\/antderground.com\/pl\/#website"},"primaryImageOfPage":{"@id":"https:\/\/antderground.com\/pl\/produkt\/modulowy-zestaw-3d-v1-maly\/#primaryimage"},"image":{"@id":"https:\/\/antderground.com\/pl\/produkt\/modulowy-zestaw-3d-v1-maly\/#primaryimage"},"thumbnailUrl":"https:\/\/antderground.com\/wp-content\/uploads\/2023\/11\/pack10x10-hormiguero-3d-nuevo.jpg","datePublished":"2023-11-21T17:30:33+00:00","description":"Ten modu\u0142owy zestaw v1 zawiera formikarium 3D (all-in-one) 10x10 oraz modu\u0142ow\u0105 aren\u0119 10x10. Idealne rozwi\u0105zanie dla Twoich mr\u00f3wek! Sprawd\u017a teraz.","breadcrumb":{"@id":"https:\/\/antderground.com\/pl\/produkt\/modulowy-zestaw-3d-v1-maly\/#breadcrumb"},"inLanguage":"pl-PL","potentialAction":[{"@type":"ReadAction","target":["https:\/\/antderground.com\/pl\/produkt\/modulowy-zestaw-3d-v1-maly\/"]}]},{"@type":"ImageObject","inLanguage":"pl-PL","@id":"https:\/\/antderground.com\/pl\/produkt\/modulowy-zestaw-3d-v1-maly\/#primaryimage","url":"https:\/\/antderground.com\/wp-content\/uploads\/2023\/11\/pack10x10-hormiguero-3d-nuevo.jpg","contentUrl":"https:\/\/antderground.com\/wp-content\/uploads\/2023\/11\/pack10x10-hormiguero-3d-nuevo.jpg","width":1280,"height":1280,"caption":"formikarium Modu\u0142owy zestaw 3D (v1) (Ma\u0142y)"},{"@type":"BreadcrumbList","@id":"https:\/\/antderground.com\/pl\/produkt\/modulowy-zestaw-3d-v1-maly\/#breadcrumb","itemListElement":[{"@type":"ListItem","position":1,"name":"Portada","item":"https:\/\/antderground.com\/pl\/"},{"@type":"ListItem","position":2,"name":"Sklep","item":"https:\/\/antderground.com\/pl\/sklep\/"},{"@type":"ListItem","position":3,"name":"Modu\u0142owy zestaw 3D (v1) (Ma\u0142y)"}]},{"@type":"WebSite","@id":"https:\/\/antderground.com\/pl\/#website","url":"https:\/\/antderground.com\/pl\/","name":"ANTDERGROUND","description":"Tu tienda de hormigas, gran variedad de hormigueros acr\u00edlicos,madera,arena,3D y mas.. Pide tus hormigas gratis con tu pedido, somos expertos en hormigueros antifugas.","publisher":{"@id":"https:\/\/antderground.com\/pl\/#\/schema\/person\/0e322c505e84fe72c65e2f6d08f96b81"},"alternateName":"Antderground","potentialAction":[{"@type":"SearchAction","target":{"@type":"EntryPoint","urlTemplate":"https:\/\/antderground.com\/pl\/?s={search_term_string}"},"query-input":{"@type":"PropertyValueSpecification","valueRequired":true,"valueName":"search_term_string"}}],"inLanguage":"pl-PL"},{"@type":["Person","Organization"],"@id":"https:\/\/antderground.com\/pl\/#\/schema\/person\/0e322c505e84fe72c65e2f6d08f96b81","name":"Eric de Antderground","image":{"@type":"ImageObject","inLanguage":"pl-PL","@id":"https:\/\/secure.gravatar.com\/avatar\/c49a1b9f79216d1498cb73c1e85cd47f4465dda35f2a94c03790d491bd4423c3?s=96&d=mm&r=g","url":"https:\/\/secure.gravatar.com\/avatar\/c49a1b9f79216d1498cb73c1e85cd47f4465dda35f2a94c03790d491bd4423c3?s=96&d=mm&r=g","contentUrl":"https:\/\/secure.gravatar.com\/avatar\/c49a1b9f79216d1498cb73c1e85cd47f4465dda35f2a94c03790d491bd4423c3?s=96&d=mm&r=g","caption":"Eric de Antderground"},"logo":{"@id":"https:\/\/secure.gravatar.com\/avatar\/c49a1b9f79216d1498cb73c1e85cd47f4465dda35f2a94c03790d491bd4423c3?s=96&d=mm&r=g"},"description":"Eric es el especialista y fundador de Antderground, con una amplia trayectoria en artr\u00f3podos y enfocado en la mirmecolog\u00eda y el dise\u00f1o de hormigueros artificiales. Su enfoque combina la innovaci\u00f3n t\u00e9cnica con el respeto por la biolog\u00eda de las hormigas, is\u00f3podos y otros, desarrollando sistemas de nidos modulares 3D y acr\u00edlicos que son referentes para aficionados y profesionales en toda Europa. Su objetivo es facilitar la cr\u00eda de hormigas y otros artr\u00f3podos mediante soluciones seguras y divulgaci\u00f3n de calidad.","sameAs":["https:\/\/antderground.com\/","https:\/\/www.youtube.com\/channel\/UCio72z7TlbufkAthAJIJfPw"]}]}},"_links":{"self":[{"href":"https:\/\/antderground.com\/pl\/wp-json\/wp\/v2\/product\/49133","targetHints":{"allow":["GET"]}}],"collection":[{"href":"https:\/\/antderground.com\/pl\/wp-json\/wp\/v2\/product"}],"about":[{"href":"https:\/\/antderground.com\/pl\/wp-json\/wp\/v2\/types\/product"}],"version-history":[{"count":0,"href":"https:\/\/antderground.com\/pl\/wp-json\/wp\/v2\/product\/49133\/revisions"}],"wp:featuredmedia":[{"embeddable":true,"href":"https:\/\/antderground.com\/pl\/wp-json\/wp\/v2\/media\/49134"}],"wp:attachment":[{"href":"https:\/\/antderground.com\/pl\/wp-json\/wp\/v2\/media?parent=49133"}],"wp:term":[{"taxonomy":"product_brand","embeddable":true,"href":"https:\/\/antderground.com\/pl\/wp-json\/wp\/v2\/product_brand?post=49133"},{"taxonomy":"product_cat","embeddable":true,"href":"https:\/\/antderground.com\/pl\/wp-json\/wp\/v2\/product_cat?post=49133"},{"taxonomy":"product_tag","embeddable":true,"href":"https:\/\/antderground.com\/pl\/wp-json\/wp\/v2\/product_tag?post=49133"}],"curies":[{"name":"wp","href":"https:\/\/api.w.org\/{rel}","templated":true}]}}