{"id":49147,"date":"2023-11-09T12:07:30","date_gmt":"2023-11-09T11:07:30","guid":{"rendered":"https:\/\/antderground.com\/producto\/modulowe-formikarium-3d-all-in-one\/"},"modified":"2023-11-09T12:07:30","modified_gmt":"2023-11-09T11:07:30","slug":"modulowe-formikarium-3d-all-in-one","status":"publish","type":"product","link":"https:\/\/antderground.com\/pl\/produkt\/modulowe-formikarium-3d-all-in-one\/","title":{"rendered":"Modu\u0142owe formikarium 3D (all-in-one)"},"content":{"rendered":"<h3>Modu\u0142owe formikarium 3D (All-in-One): Wyj\u0105tkowe \u015brodowisko dla Twojej kolonii<\/h3>\n<p>Je\u015bli jeste\u015b mi\u0142o\u015bnikiem mr\u00f3wek i chcesz zapewni\u0107 im wyj\u0105tkowe siedlisko, nowe modu\u0142owe formikarium 3D (All-in-One) jest idealnym wyborem. Zaprojektowane, aby oferowa\u0107 wiele opcji konfiguracji, gniazdo to podzielone jest na cztery odr\u0119bne strefy, co pozwala na idealne dopasowanie przestrzeni do aktualnych potrzeb Twoich kolonii. Dowiedz si\u0119 wi\u0119cej o jego unikalnych cechach poni\u017cej!<\/p>\n<p><strong>Cztery przestrzenie w jednym:<\/strong> To innowacyjne formikarium jest tak wszechstronne, jak Twoje mr\u00f3wki. Dzi\u0119ki modu\u0142owej konstrukcji 3D mo\u017cesz cieszy\u0107 si\u0119 czterema r\u00f3\u017cnymi strefami w jednym produkcie, korzystaj\u0105c z szerokiej gamy opcji personalizacji uk\u0142adu i dystrybucji mr\u00f3wek.<\/p>\n<p><strong>Elastyczno\u015b\u0107 konfiguracji:<\/strong> Dzi\u0119ki prostemu otwieraniu lub zamykaniu drzwi, formikarium mo\u017cna b\u0142yskawicznie przekszta\u0142ci\u0107 w r\u00f3\u017cne warianty:<\/p>\n<ul>\n<li>4 oddzielne gniazda dla kr\u00f3lowych (idealne do inicjacji kolonii).<\/li>\n<li>2 mniejsze formikaria.<\/li>\n<li>1 du\u017ce, przestronne formikarium.<\/li>\n<\/ul>\n<p>System wyposa\u017cony jest \u0142\u0105cznie w 4 drzwi wewn\u0119trzne oraz 4 drzwi zewn\u0119trzne (po\u0142\u0105czenia), co daje niemal nieograniczone mo\u017cliwo\u015bci rozbudowy i zarz\u0105dzania przestrzeni\u0105.<\/p>\n","protected":false},"excerpt":{"rendered":"<p>Nowoczesne modu\u0142owe formikarium 3D (all-in-one), zaprojektowane z my\u015bl\u0105 o maksymalnej elastyczno\u015bci, podzielone na 4 strefy. Dzi\u0119ki innowacyjnej konstrukcji mo\u017ce s\u0142u\u017cy\u0107 jako: 4 gniazda dla kr\u00f3lowych, 2 ma\u0142e formikaria lub jedno du\u017ce gniazdo (i wiele innych konfiguracji).<\/p>\n<p><strong>Charakterystyka:<\/strong><\/p>\n<p><strong>Zbiornik na wod\u0119:<\/strong> 35 ml.<br \/>\n<strong>Kolor:<\/strong> Bia\u0142o-\u017c\u00f3\u0142ty.<br \/>\n<strong>Pokrywa:<\/strong> Czerwona (w zestawie).<br \/>\n<strong>Modu\u0142owo\u015b\u0107:<\/strong> Tak.<br \/>\n<strong>Drzwi wewn\u0119trzne:<\/strong> 4.<br \/>\n<strong>Drzwi zewn\u0119trzne:<\/strong> 4.<\/p>\n","protected":false},"featured_media":49135,"template":"","meta":[],"product_brand":[],"product_cat":[803,804,811],"product_tag":[],"class_list":{"0":"post-49147","1":"product","2":"type-product","3":"status-publish","4":"has-post-thumbnail","6":"product_cat-formikaria","7":"product_cat-3d","8":"product_cat-modulowe","10":"first","11":"instock","12":"shipping-taxable","13":"purchasable","14":"product-type-simple"},"yoast_head":"<!-- This site is optimized with the Yoast SEO plugin v27.3 - https:\/\/yoast.com\/product\/yoast-seo-wordpress\/ -->\n<title>Modu\u0142owe formikarium 3D (all-in-one) | Dla wszystkich mr\u00f3wek - ANTDERGROUND<\/title>\n<meta name=\"description\" content=\"Odkryj wszechstronne formikarium modu\u0142owe 3D All-in-One. Cztery strefy w jednym, zbiornik 35 ml, elegancki design i pe\u0142na modu\u0142owo\u015b\u0107. Wyj\u0105tkowe gniazdo 3D!\" \/>\n<meta name=\"robots\" content=\"index, follow, max-snippet:-1, max-image-preview:large, max-video-preview:-1\" \/>\n<link rel=\"canonical\" href=\"https:\/\/antderground.com\/pl\/produkt\/modulowe-formikarium-3d-all-in-one\/\" \/>\n<meta property=\"og:locale\" content=\"pl_PL\" \/>\n<meta property=\"og:type\" content=\"article\" \/>\n<meta property=\"og:title\" content=\"Modu\u0142owe formikarium 3D (all-in-one) | Dla wszystkich mr\u00f3wek - ANTDERGROUND\" \/>\n<meta property=\"og:description\" content=\"Odkryj wszechstronne formikarium modu\u0142owe 3D All-in-One. Cztery strefy w jednym, zbiornik 35 ml, elegancki design i pe\u0142na modu\u0142owo\u015b\u0107. Wyj\u0105tkowe gniazdo 3D!\" \/>\n<meta property=\"og:url\" content=\"https:\/\/antderground.com\/pl\/produkt\/modulowe-formikarium-3d-all-in-one\/\" \/>\n<meta property=\"og:site_name\" content=\"ANTDERGROUND\" \/>\n<meta property=\"og:image\" content=\"https:\/\/antderground.com\/wp-content\/uploads\/2023\/11\/Hormiguero-modular-3D-all-in-one-1.png\" \/>\n\t<meta property=\"og:image:width\" content=\"1280\" \/>\n\t<meta property=\"og:image:height\" content=\"1280\" \/>\n\t<meta property=\"og:image:type\" content=\"image\/png\" \/>\n<meta name=\"twitter:card\" content=\"summary_large_image\" \/>\n<meta name=\"twitter:label1\" content=\"Szacowany czas czytania\" \/>\n\t<meta name=\"twitter:data1\" content=\"1 minuta\" \/>\n<script type=\"application\/ld+json\" class=\"yoast-schema-graph\">{\"@context\":\"https:\\\/\\\/schema.org\",\"@graph\":[{\"@type\":\"WebPage\",\"@id\":\"https:\\\/\\\/antderground.com\\\/pl\\\/produkt\\\/modulowe-formikarium-3d-all-in-one\\\/\",\"url\":\"https:\\\/\\\/antderground.com\\\/pl\\\/produkt\\\/modulowe-formikarium-3d-all-in-one\\\/\",\"name\":\"Modu\u0142owe formikarium 3D (all-in-one) | Dla wszystkich mr\u00f3wek - ANTDERGROUND\",\"isPartOf\":{\"@id\":\"https:\\\/\\\/antderground.com\\\/pl\\\/#website\"},\"primaryImageOfPage\":{\"@id\":\"https:\\\/\\\/antderground.com\\\/pl\\\/produkt\\\/modulowe-formikarium-3d-all-in-one\\\/#primaryimage\"},\"image\":{\"@id\":\"https:\\\/\\\/antderground.com\\\/pl\\\/produkt\\\/modulowe-formikarium-3d-all-in-one\\\/#primaryimage\"},\"thumbnailUrl\":\"https:\\\/\\\/antderground.com\\\/wp-content\\\/uploads\\\/2023\\\/11\\\/Hormiguero-modular-3D-all-in-one-1.png\",\"datePublished\":\"2023-11-09T11:07:30+00:00\",\"description\":\"Odkryj wszechstronne formikarium modu\u0142owe 3D All-in-One. Cztery strefy w jednym, zbiornik 35 ml, elegancki design i pe\u0142na modu\u0142owo\u015b\u0107. Wyj\u0105tkowe gniazdo 3D!\",\"breadcrumb\":{\"@id\":\"https:\\\/\\\/antderground.com\\\/pl\\\/produkt\\\/modulowe-formikarium-3d-all-in-one\\\/#breadcrumb\"},\"inLanguage\":\"pl-PL\",\"potentialAction\":[{\"@type\":\"ReadAction\",\"target\":[\"https:\\\/\\\/antderground.com\\\/pl\\\/produkt\\\/modulowe-formikarium-3d-all-in-one\\\/\"]}]},{\"@type\":\"ImageObject\",\"inLanguage\":\"pl-PL\",\"@id\":\"https:\\\/\\\/antderground.com\\\/pl\\\/produkt\\\/modulowe-formikarium-3d-all-in-one\\\/#primaryimage\",\"url\":\"https:\\\/\\\/antderground.com\\\/wp-content\\\/uploads\\\/2023\\\/11\\\/Hormiguero-modular-3D-all-in-one-1.png\",\"contentUrl\":\"https:\\\/\\\/antderground.com\\\/wp-content\\\/uploads\\\/2023\\\/11\\\/Hormiguero-modular-3D-all-in-one-1.png\",\"width\":1280,\"height\":1280,\"caption\":\"formikarium Modu\u0142owy zestaw 3D (v1) (Ma\u0142y)\"},{\"@type\":\"BreadcrumbList\",\"@id\":\"https:\\\/\\\/antderground.com\\\/pl\\\/produkt\\\/modulowe-formikarium-3d-all-in-one\\\/#breadcrumb\",\"itemListElement\":[{\"@type\":\"ListItem\",\"position\":1,\"name\":\"Portada\",\"item\":\"https:\\\/\\\/antderground.com\\\/pl\\\/\"},{\"@type\":\"ListItem\",\"position\":2,\"name\":\"Sklep\",\"item\":\"https:\\\/\\\/antderground.com\\\/pl\\\/sklep\\\/\"},{\"@type\":\"ListItem\",\"position\":3,\"name\":\"Modu\u0142owe formikarium 3D (all-in-one)\"}]},{\"@type\":\"WebSite\",\"@id\":\"https:\\\/\\\/antderground.com\\\/pl\\\/#website\",\"url\":\"https:\\\/\\\/antderground.com\\\/pl\\\/\",\"name\":\"ANTDERGROUND\",\"description\":\"Tu tienda de hormigas, gran variedad de hormigueros acr\u00edlicos,madera,arena,3D y mas.. Pide tus hormigas gratis con tu pedido, somos expertos en hormigueros antifugas.\",\"publisher\":{\"@id\":\"https:\\\/\\\/antderground.com\\\/pl\\\/#\\\/schema\\\/person\\\/0e322c505e84fe72c65e2f6d08f96b81\"},\"alternateName\":\"Antderground\",\"potentialAction\":[{\"@type\":\"SearchAction\",\"target\":{\"@type\":\"EntryPoint\",\"urlTemplate\":\"https:\\\/\\\/antderground.com\\\/pl\\\/?s={search_term_string}\"},\"query-input\":{\"@type\":\"PropertyValueSpecification\",\"valueRequired\":true,\"valueName\":\"search_term_string\"}}],\"inLanguage\":\"pl-PL\"},{\"@type\":[\"Person\",\"Organization\"],\"@id\":\"https:\\\/\\\/antderground.com\\\/pl\\\/#\\\/schema\\\/person\\\/0e322c505e84fe72c65e2f6d08f96b81\",\"name\":\"Eric de Antderground\",\"image\":{\"@type\":\"ImageObject\",\"inLanguage\":\"pl-PL\",\"@id\":\"https:\\\/\\\/secure.gravatar.com\\\/avatar\\\/c49a1b9f79216d1498cb73c1e85cd47f4465dda35f2a94c03790d491bd4423c3?s=96&d=mm&r=g\",\"url\":\"https:\\\/\\\/secure.gravatar.com\\\/avatar\\\/c49a1b9f79216d1498cb73c1e85cd47f4465dda35f2a94c03790d491bd4423c3?s=96&d=mm&r=g\",\"contentUrl\":\"https:\\\/\\\/secure.gravatar.com\\\/avatar\\\/c49a1b9f79216d1498cb73c1e85cd47f4465dda35f2a94c03790d491bd4423c3?s=96&d=mm&r=g\",\"caption\":\"Eric de Antderground\"},\"logo\":{\"@id\":\"https:\\\/\\\/secure.gravatar.com\\\/avatar\\\/c49a1b9f79216d1498cb73c1e85cd47f4465dda35f2a94c03790d491bd4423c3?s=96&d=mm&r=g\"},\"description\":\"Eric es el especialista y fundador de Antderground, con una amplia trayectoria en artr\u00f3podos y enfocado en la mirmecolog\u00eda y el dise\u00f1o de hormigueros artificiales. Su enfoque combina la innovaci\u00f3n t\u00e9cnica con el respeto por la biolog\u00eda de las hormigas, is\u00f3podos y otros, desarrollando sistemas de nidos modulares 3D y acr\u00edlicos que son referentes para aficionados y profesionales en toda Europa. Su objetivo es facilitar la cr\u00eda de hormigas y otros artr\u00f3podos mediante soluciones seguras y divulgaci\u00f3n de calidad.\",\"sameAs\":[\"https:\\\/\\\/antderground.com\\\/\",\"https:\\\/\\\/www.youtube.com\\\/channel\\\/UCio72z7TlbufkAthAJIJfPw\"]}]}<\/script>\n<!-- \/ Yoast SEO plugin. -->","yoast_head_json":{"title":"Modu\u0142owe formikarium 3D (all-in-one) | Dla wszystkich mr\u00f3wek - ANTDERGROUND","description":"Odkryj wszechstronne formikarium modu\u0142owe 3D All-in-One. Cztery strefy w jednym, zbiornik 35 ml, elegancki design i pe\u0142na modu\u0142owo\u015b\u0107. Wyj\u0105tkowe gniazdo 3D!","robots":{"index":"index","follow":"follow","max-snippet":"max-snippet:-1","max-image-preview":"max-image-preview:large","max-video-preview":"max-video-preview:-1"},"canonical":"https:\/\/antderground.com\/pl\/produkt\/modulowe-formikarium-3d-all-in-one\/","og_locale":"pl_PL","og_type":"article","og_title":"Modu\u0142owe formikarium 3D (all-in-one) | Dla wszystkich mr\u00f3wek - ANTDERGROUND","og_description":"Odkryj wszechstronne formikarium modu\u0142owe 3D All-in-One. Cztery strefy w jednym, zbiornik 35 ml, elegancki design i pe\u0142na modu\u0142owo\u015b\u0107. Wyj\u0105tkowe gniazdo 3D!","og_url":"https:\/\/antderground.com\/pl\/produkt\/modulowe-formikarium-3d-all-in-one\/","og_site_name":"ANTDERGROUND","og_image":[{"width":1280,"height":1280,"url":"https:\/\/antderground.com\/wp-content\/uploads\/2023\/11\/Hormiguero-modular-3D-all-in-one-1.png","type":"image\/png"}],"twitter_card":"summary_large_image","twitter_misc":{"Szacowany czas czytania":"1 minuta"},"schema":{"@context":"https:\/\/schema.org","@graph":[{"@type":"WebPage","@id":"https:\/\/antderground.com\/pl\/produkt\/modulowe-formikarium-3d-all-in-one\/","url":"https:\/\/antderground.com\/pl\/produkt\/modulowe-formikarium-3d-all-in-one\/","name":"Modu\u0142owe formikarium 3D (all-in-one) | Dla wszystkich mr\u00f3wek - ANTDERGROUND","isPartOf":{"@id":"https:\/\/antderground.com\/pl\/#website"},"primaryImageOfPage":{"@id":"https:\/\/antderground.com\/pl\/produkt\/modulowe-formikarium-3d-all-in-one\/#primaryimage"},"image":{"@id":"https:\/\/antderground.com\/pl\/produkt\/modulowe-formikarium-3d-all-in-one\/#primaryimage"},"thumbnailUrl":"https:\/\/antderground.com\/wp-content\/uploads\/2023\/11\/Hormiguero-modular-3D-all-in-one-1.png","datePublished":"2023-11-09T11:07:30+00:00","description":"Odkryj wszechstronne formikarium modu\u0142owe 3D All-in-One. Cztery strefy w jednym, zbiornik 35 ml, elegancki design i pe\u0142na modu\u0142owo\u015b\u0107. Wyj\u0105tkowe gniazdo 3D!","breadcrumb":{"@id":"https:\/\/antderground.com\/pl\/produkt\/modulowe-formikarium-3d-all-in-one\/#breadcrumb"},"inLanguage":"pl-PL","potentialAction":[{"@type":"ReadAction","target":["https:\/\/antderground.com\/pl\/produkt\/modulowe-formikarium-3d-all-in-one\/"]}]},{"@type":"ImageObject","inLanguage":"pl-PL","@id":"https:\/\/antderground.com\/pl\/produkt\/modulowe-formikarium-3d-all-in-one\/#primaryimage","url":"https:\/\/antderground.com\/wp-content\/uploads\/2023\/11\/Hormiguero-modular-3D-all-in-one-1.png","contentUrl":"https:\/\/antderground.com\/wp-content\/uploads\/2023\/11\/Hormiguero-modular-3D-all-in-one-1.png","width":1280,"height":1280,"caption":"formikarium Modu\u0142owy zestaw 3D (v1) (Ma\u0142y)"},{"@type":"BreadcrumbList","@id":"https:\/\/antderground.com\/pl\/produkt\/modulowe-formikarium-3d-all-in-one\/#breadcrumb","itemListElement":[{"@type":"ListItem","position":1,"name":"Portada","item":"https:\/\/antderground.com\/pl\/"},{"@type":"ListItem","position":2,"name":"Sklep","item":"https:\/\/antderground.com\/pl\/sklep\/"},{"@type":"ListItem","position":3,"name":"Modu\u0142owe formikarium 3D (all-in-one)"}]},{"@type":"WebSite","@id":"https:\/\/antderground.com\/pl\/#website","url":"https:\/\/antderground.com\/pl\/","name":"ANTDERGROUND","description":"Tu tienda de hormigas, gran variedad de hormigueros acr\u00edlicos,madera,arena,3D y mas.. Pide tus hormigas gratis con tu pedido, somos expertos en hormigueros antifugas.","publisher":{"@id":"https:\/\/antderground.com\/pl\/#\/schema\/person\/0e322c505e84fe72c65e2f6d08f96b81"},"alternateName":"Antderground","potentialAction":[{"@type":"SearchAction","target":{"@type":"EntryPoint","urlTemplate":"https:\/\/antderground.com\/pl\/?s={search_term_string}"},"query-input":{"@type":"PropertyValueSpecification","valueRequired":true,"valueName":"search_term_string"}}],"inLanguage":"pl-PL"},{"@type":["Person","Organization"],"@id":"https:\/\/antderground.com\/pl\/#\/schema\/person\/0e322c505e84fe72c65e2f6d08f96b81","name":"Eric de Antderground","image":{"@type":"ImageObject","inLanguage":"pl-PL","@id":"https:\/\/secure.gravatar.com\/avatar\/c49a1b9f79216d1498cb73c1e85cd47f4465dda35f2a94c03790d491bd4423c3?s=96&d=mm&r=g","url":"https:\/\/secure.gravatar.com\/avatar\/c49a1b9f79216d1498cb73c1e85cd47f4465dda35f2a94c03790d491bd4423c3?s=96&d=mm&r=g","contentUrl":"https:\/\/secure.gravatar.com\/avatar\/c49a1b9f79216d1498cb73c1e85cd47f4465dda35f2a94c03790d491bd4423c3?s=96&d=mm&r=g","caption":"Eric de Antderground"},"logo":{"@id":"https:\/\/secure.gravatar.com\/avatar\/c49a1b9f79216d1498cb73c1e85cd47f4465dda35f2a94c03790d491bd4423c3?s=96&d=mm&r=g"},"description":"Eric es el especialista y fundador de Antderground, con una amplia trayectoria en artr\u00f3podos y enfocado en la mirmecolog\u00eda y el dise\u00f1o de hormigueros artificiales. Su enfoque combina la innovaci\u00f3n t\u00e9cnica con el respeto por la biolog\u00eda de las hormigas, is\u00f3podos y otros, desarrollando sistemas de nidos modulares 3D y acr\u00edlicos que son referentes para aficionados y profesionales en toda Europa. Su objetivo es facilitar la cr\u00eda de hormigas y otros artr\u00f3podos mediante soluciones seguras y divulgaci\u00f3n de calidad.","sameAs":["https:\/\/antderground.com\/","https:\/\/www.youtube.com\/channel\/UCio72z7TlbufkAthAJIJfPw"]}]}},"_links":{"self":[{"href":"https:\/\/antderground.com\/pl\/wp-json\/wp\/v2\/product\/49147","targetHints":{"allow":["GET"]}}],"collection":[{"href":"https:\/\/antderground.com\/pl\/wp-json\/wp\/v2\/product"}],"about":[{"href":"https:\/\/antderground.com\/pl\/wp-json\/wp\/v2\/types\/product"}],"version-history":[{"count":0,"href":"https:\/\/antderground.com\/pl\/wp-json\/wp\/v2\/product\/49147\/revisions"}],"wp:featuredmedia":[{"embeddable":true,"href":"https:\/\/antderground.com\/pl\/wp-json\/wp\/v2\/media\/49135"}],"wp:attachment":[{"href":"https:\/\/antderground.com\/pl\/wp-json\/wp\/v2\/media?parent=49147"}],"wp:term":[{"taxonomy":"product_brand","embeddable":true,"href":"https:\/\/antderground.com\/pl\/wp-json\/wp\/v2\/product_brand?post=49147"},{"taxonomy":"product_cat","embeddable":true,"href":"https:\/\/antderground.com\/pl\/wp-json\/wp\/v2\/product_cat?post=49147"},{"taxonomy":"product_tag","embeddable":true,"href":"https:\/\/antderground.com\/pl\/wp-json\/wp\/v2\/product_tag?post=49147"}],"curies":[{"name":"wp","href":"https:\/\/api.w.org\/{rel}","templated":true}]}}