{"id":49152,"date":"2023-10-10T12:08:30","date_gmt":"2023-10-10T10:08:30","guid":{"rendered":"https:\/\/antderground.com\/producto\/zaprojektuj-swoje-formikarium-ytong\/"},"modified":"2023-10-10T12:08:30","modified_gmt":"2023-10-10T10:08:30","slug":"zaprojektuj-swoje-formikarium-ytong","status":"publish","type":"product","link":"https:\/\/antderground.com\/pl\/produkt\/zaprojektuj-swoje-formikarium-ytong\/","title":{"rendered":"Zaprojektuj swoje formikarium (Ytong)"},"content":{"rendered":"<p><strong>Zaprojektuj swoje formikarium (Ytong) we w\u0142asnym stylu!<\/strong><\/p>\n<p>My\u015blisz o stworzeniu w\u0142asnego, unikalnego formikarium? Je\u015bli tak, to \u015bwietnie! To gniazdo zosta\u0142o zaprojektowane specjalnie po to, aby\u015b m\u00f3g\u0142 samodzielnie wykona\u0107 korytarze i komory dla swoich mr\u00f3wek.<\/p>\n<p><strong>Zalety zestawu &#8220;Zaprojektuj swoje formikarium&#8221;:<\/strong><\/p>\n<ul>\n<li>Spersonalizowany design: Tworzysz uk\u0142ad, kt\u00f3ry najbardziej Ci odpowiada.<\/li>\n<li>Dost\u0119pne wk\u0142ady wymienne: Nie martw si\u0119 b\u0142\u0119dami \u2013 zawsze mo\u017cesz dokupi\u0107 zapasowy blok Ytong.<\/li>\n<li>\u0141atwo\u015b\u0107 obr\u00f3bki: Materia\u0142 Ytong jest mi\u0119kki i bardzo \u0142atwy do skrobania.<\/li>\n<li>Dwa po\u0142\u0105czenia: Pozwalaj\u0105 na podpi\u0119cie aren lub innych modu\u0142\u00f3w za pomoc\u0105 \u0142\u0105cznik\u00f3w.<\/li>\n<\/ul>\n<p><strong>Czy dost\u0119pne s\u0105 cz\u0119\u015bci zamienne?<\/strong> Tak! Posiadamy w ofercie cz\u0119\u015bci zamienne zar\u00f3wno do samej struktury (obudowy), jak i wymienne bloki Ytong.<\/p>\n<p><strong>Czy mo\u017cna je \u0142\u0105czy\u0107 z innymi formikariami lub arenami?<\/strong> Tak! Produkt jest w pe\u0142ni kompatybilny ze wszystkimi produktami Antderground za pomoc\u0105 naszych \u0142\u0105cznik\u00f3w. W przypadku \u0142\u0105czenia z innymi, nieoficjalnymi systemami, konieczne mo\u017ce by\u0107 zastosowanie w\u0142asnych rozwi\u0105za\u0144.<\/p>\n<p><strong>Wa\u017cne:<\/strong> To nie jest zabawka! Prace powinny odbywa\u0107 si\u0119 pod nadzorem osoby doros\u0142ej. Produkt mo\u017ce zawiera\u0107 ma\u0142e elementy, takie jak \u015bruby i inne materia\u0142y monta\u017cowe.<\/p>\n","protected":false},"excerpt":{"rendered":"<p>Twoje formikarium! Tw\u00f3j projekt! Stw\u00f3rz w\u0142asne korytarze dzi\u0119ki temu fantastycznemu gniazdu z Ytongu. Materia\u0142 jest niezwykle \u0142atwy do rze\u017abienia i kszta\u0142towania. Dost\u0119pne s\u0105 r\u00f3wnie\u017c wymienne wk\u0142ady Ytong, je\u015bli zechcesz zmieni\u0107 uk\u0142ad galerii lub pope\u0142nisz b\u0142\u0105d podczas pracy.<\/p>\n<p><strong>Charakterystyka:<\/strong><\/p>\n<p>Wn\u0119trze (gniazdo): 8\u00d78 cm.<br \/>\nWymiary zewn\u0119trzne: 10\u00d78 cm.<br \/>\nPo\u0142\u0105czenia: 2.<br \/>\nMateria\u0142: PLA (3D) \/ Ytong.<br \/>\nKolor: Zielony \/ Ytong (szary).<br \/>\nCzerwona pokrywa: Tak (w zestawie).<\/p>\n","protected":false},"featured_media":49156,"template":"","meta":[],"product_brand":[],"product_cat":[803,809],"product_tag":[],"class_list":{"0":"post-49152","1":"product","2":"type-product","3":"status-publish","4":"has-post-thumbnail","6":"product_cat-formikaria","7":"product_cat-ytong","9":"first","10":"instock","11":"shipping-taxable","12":"purchasable","13":"product-type-simple"},"yoast_head":"<!-- This site is optimized with the Yoast SEO plugin v27.4 - https:\/\/yoast.com\/product\/yoast-seo-wordpress\/ -->\n<title>Zaprojektuj swoje formikarium (Ytong) - ANTDERGROUND<\/title>\n<meta name=\"description\" content=\"Twoje formikarium! Tw\u00f3j projekt! Spersonalizuj korytarze w swoim gnie\u017adzie z Ytongu. Profesjonalne i spersonalizowane formikaria \u2013 stw\u00f3rz w\u0142asne domowe gniazdo z Antderground.\" \/>\n<meta name=\"robots\" content=\"index, follow, max-snippet:-1, max-image-preview:large, max-video-preview:-1\" \/>\n<link rel=\"canonical\" href=\"https:\/\/antderground.com\/pl\/produkt\/zaprojektuj-swoje-formikarium-ytong\/\" \/>\n<meta property=\"og:locale\" content=\"pl_PL\" \/>\n<meta property=\"og:type\" content=\"article\" \/>\n<meta property=\"og:title\" content=\"Zaprojektuj swoje formikarium (Ytong) - ANTDERGROUND\" \/>\n<meta property=\"og:description\" content=\"Twoje formikarium! Tw\u00f3j projekt! Spersonalizuj korytarze w swoim gnie\u017adzie z Ytongu. Profesjonalne i spersonalizowane formikaria \u2013 stw\u00f3rz w\u0142asne domowe gniazdo z Antderground.\" \/>\n<meta property=\"og:url\" content=\"https:\/\/antderground.com\/pl\/produkt\/zaprojektuj-swoje-formikarium-ytong\/\" \/>\n<meta property=\"og:site_name\" content=\"ANTDERGROUND\" \/>\n<meta property=\"og:image\" content=\"https:\/\/antderground.com\/wp-content\/uploads\/2023\/10\/crea-tu-hormiguero-ytong.png\" \/>\n\t<meta property=\"og:image:width\" content=\"540\" \/>\n\t<meta property=\"og:image:height\" content=\"540\" \/>\n\t<meta property=\"og:image:type\" content=\"image\/png\" \/>\n<meta name=\"twitter:card\" content=\"summary_large_image\" \/>\n<meta name=\"twitter:label1\" content=\"Szacowany czas czytania\" \/>\n\t<meta name=\"twitter:data1\" content=\"1 minuta\" \/>\n<script type=\"application\/ld+json\" class=\"yoast-schema-graph\">{\"@context\":\"https:\\\/\\\/schema.org\",\"@graph\":[{\"@type\":\"WebPage\",\"@id\":\"https:\\\/\\\/antderground.com\\\/pl\\\/produkt\\\/zaprojektuj-swoje-formikarium-ytong\\\/\",\"url\":\"https:\\\/\\\/antderground.com\\\/pl\\\/produkt\\\/zaprojektuj-swoje-formikarium-ytong\\\/\",\"name\":\"Zaprojektuj swoje formikarium (Ytong) - ANTDERGROUND\",\"isPartOf\":{\"@id\":\"https:\\\/\\\/antderground.com\\\/pl\\\/#website\"},\"primaryImageOfPage\":{\"@id\":\"https:\\\/\\\/antderground.com\\\/pl\\\/produkt\\\/zaprojektuj-swoje-formikarium-ytong\\\/#primaryimage\"},\"image\":{\"@id\":\"https:\\\/\\\/antderground.com\\\/pl\\\/produkt\\\/zaprojektuj-swoje-formikarium-ytong\\\/#primaryimage\"},\"thumbnailUrl\":\"https:\\\/\\\/antderground.com\\\/wp-content\\\/uploads\\\/2023\\\/10\\\/crea-tu-hormiguero-ytong.png\",\"datePublished\":\"2023-10-10T10:08:30+00:00\",\"description\":\"Twoje formikarium! Tw\u00f3j projekt! Spersonalizuj korytarze w swoim gnie\u017adzie z Ytongu. Profesjonalne i spersonalizowane formikaria \u2013 stw\u00f3rz w\u0142asne domowe gniazdo z Antderground.\",\"breadcrumb\":{\"@id\":\"https:\\\/\\\/antderground.com\\\/pl\\\/produkt\\\/zaprojektuj-swoje-formikarium-ytong\\\/#breadcrumb\"},\"inLanguage\":\"pl-PL\",\"potentialAction\":[{\"@type\":\"ReadAction\",\"target\":[\"https:\\\/\\\/antderground.com\\\/pl\\\/produkt\\\/zaprojektuj-swoje-formikarium-ytong\\\/\"]}]},{\"@type\":\"ImageObject\",\"inLanguage\":\"pl-PL\",\"@id\":\"https:\\\/\\\/antderground.com\\\/pl\\\/produkt\\\/zaprojektuj-swoje-formikarium-ytong\\\/#primaryimage\",\"url\":\"https:\\\/\\\/antderground.com\\\/wp-content\\\/uploads\\\/2023\\\/10\\\/crea-tu-hormiguero-ytong.png\",\"contentUrl\":\"https:\\\/\\\/antderground.com\\\/wp-content\\\/uploads\\\/2023\\\/10\\\/crea-tu-hormiguero-ytong.png\",\"width\":540,\"height\":540},{\"@type\":\"BreadcrumbList\",\"@id\":\"https:\\\/\\\/antderground.com\\\/pl\\\/produkt\\\/zaprojektuj-swoje-formikarium-ytong\\\/#breadcrumb\",\"itemListElement\":[{\"@type\":\"ListItem\",\"position\":1,\"name\":\"Portada\",\"item\":\"https:\\\/\\\/antderground.com\\\/pl\\\/\"},{\"@type\":\"ListItem\",\"position\":2,\"name\":\"Sklep\",\"item\":\"https:\\\/\\\/antderground.com\\\/pl\\\/sklep\\\/\"},{\"@type\":\"ListItem\",\"position\":3,\"name\":\"Zaprojektuj swoje formikarium (Ytong)\"}]},{\"@type\":\"WebSite\",\"@id\":\"https:\\\/\\\/antderground.com\\\/pl\\\/#website\",\"url\":\"https:\\\/\\\/antderground.com\\\/pl\\\/\",\"name\":\"ANTDERGROUND\",\"description\":\"Tu tienda de hormigas, gran variedad de hormigueros acr\u00edlicos,madera,arena,3D y mas.. Pide tus hormigas gratis con tu pedido, somos expertos en hormigueros antifugas.\",\"publisher\":{\"@id\":\"https:\\\/\\\/antderground.com\\\/pl\\\/#\\\/schema\\\/person\\\/0e322c505e84fe72c65e2f6d08f96b81\"},\"alternateName\":\"Antderground\",\"potentialAction\":[{\"@type\":\"SearchAction\",\"target\":{\"@type\":\"EntryPoint\",\"urlTemplate\":\"https:\\\/\\\/antderground.com\\\/pl\\\/?s={search_term_string}\"},\"query-input\":{\"@type\":\"PropertyValueSpecification\",\"valueRequired\":true,\"valueName\":\"search_term_string\"}}],\"inLanguage\":\"pl-PL\"},{\"@type\":[\"Person\",\"Organization\"],\"@id\":\"https:\\\/\\\/antderground.com\\\/pl\\\/#\\\/schema\\\/person\\\/0e322c505e84fe72c65e2f6d08f96b81\",\"name\":\"Eric de Antderground\",\"image\":{\"@type\":\"ImageObject\",\"inLanguage\":\"pl-PL\",\"@id\":\"https:\\\/\\\/secure.gravatar.com\\\/avatar\\\/c49a1b9f79216d1498cb73c1e85cd47f4465dda35f2a94c03790d491bd4423c3?s=96&d=mm&r=g\",\"url\":\"https:\\\/\\\/secure.gravatar.com\\\/avatar\\\/c49a1b9f79216d1498cb73c1e85cd47f4465dda35f2a94c03790d491bd4423c3?s=96&d=mm&r=g\",\"contentUrl\":\"https:\\\/\\\/secure.gravatar.com\\\/avatar\\\/c49a1b9f79216d1498cb73c1e85cd47f4465dda35f2a94c03790d491bd4423c3?s=96&d=mm&r=g\",\"caption\":\"Eric de Antderground\"},\"logo\":{\"@id\":\"https:\\\/\\\/secure.gravatar.com\\\/avatar\\\/c49a1b9f79216d1498cb73c1e85cd47f4465dda35f2a94c03790d491bd4423c3?s=96&d=mm&r=g\"},\"description\":\"Eric es el especialista y fundador de Antderground, con una amplia trayectoria en artr\u00f3podos y enfocado en la mirmecolog\u00eda y el dise\u00f1o de hormigueros artificiales. Su enfoque combina la innovaci\u00f3n t\u00e9cnica con el respeto por la biolog\u00eda de las hormigas, is\u00f3podos y otros, desarrollando sistemas de nidos modulares 3D y acr\u00edlicos que son referentes para aficionados y profesionales en toda Europa. Su objetivo es facilitar la cr\u00eda de hormigas y otros artr\u00f3podos mediante soluciones seguras y divulgaci\u00f3n de calidad.\",\"sameAs\":[\"https:\\\/\\\/antderground.com\\\/\",\"https:\\\/\\\/www.youtube.com\\\/channel\\\/UCio72z7TlbufkAthAJIJfPw\"]}]}<\/script>\n<!-- \/ Yoast SEO plugin. -->","yoast_head_json":{"title":"Zaprojektuj swoje formikarium (Ytong) - ANTDERGROUND","description":"Twoje formikarium! Tw\u00f3j projekt! Spersonalizuj korytarze w swoim gnie\u017adzie z Ytongu. Profesjonalne i spersonalizowane formikaria \u2013 stw\u00f3rz w\u0142asne domowe gniazdo z Antderground.","robots":{"index":"index","follow":"follow","max-snippet":"max-snippet:-1","max-image-preview":"max-image-preview:large","max-video-preview":"max-video-preview:-1"},"canonical":"https:\/\/antderground.com\/pl\/produkt\/zaprojektuj-swoje-formikarium-ytong\/","og_locale":"pl_PL","og_type":"article","og_title":"Zaprojektuj swoje formikarium (Ytong) - ANTDERGROUND","og_description":"Twoje formikarium! Tw\u00f3j projekt! Spersonalizuj korytarze w swoim gnie\u017adzie z Ytongu. Profesjonalne i spersonalizowane formikaria \u2013 stw\u00f3rz w\u0142asne domowe gniazdo z Antderground.","og_url":"https:\/\/antderground.com\/pl\/produkt\/zaprojektuj-swoje-formikarium-ytong\/","og_site_name":"ANTDERGROUND","og_image":[{"width":540,"height":540,"url":"https:\/\/antderground.com\/wp-content\/uploads\/2023\/10\/crea-tu-hormiguero-ytong.png","type":"image\/png"}],"twitter_card":"summary_large_image","twitter_misc":{"Szacowany czas czytania":"1 minuta"},"schema":{"@context":"https:\/\/schema.org","@graph":[{"@type":"WebPage","@id":"https:\/\/antderground.com\/pl\/produkt\/zaprojektuj-swoje-formikarium-ytong\/","url":"https:\/\/antderground.com\/pl\/produkt\/zaprojektuj-swoje-formikarium-ytong\/","name":"Zaprojektuj swoje formikarium (Ytong) - ANTDERGROUND","isPartOf":{"@id":"https:\/\/antderground.com\/pl\/#website"},"primaryImageOfPage":{"@id":"https:\/\/antderground.com\/pl\/produkt\/zaprojektuj-swoje-formikarium-ytong\/#primaryimage"},"image":{"@id":"https:\/\/antderground.com\/pl\/produkt\/zaprojektuj-swoje-formikarium-ytong\/#primaryimage"},"thumbnailUrl":"https:\/\/antderground.com\/wp-content\/uploads\/2023\/10\/crea-tu-hormiguero-ytong.png","datePublished":"2023-10-10T10:08:30+00:00","description":"Twoje formikarium! Tw\u00f3j projekt! Spersonalizuj korytarze w swoim gnie\u017adzie z Ytongu. Profesjonalne i spersonalizowane formikaria \u2013 stw\u00f3rz w\u0142asne domowe gniazdo z Antderground.","breadcrumb":{"@id":"https:\/\/antderground.com\/pl\/produkt\/zaprojektuj-swoje-formikarium-ytong\/#breadcrumb"},"inLanguage":"pl-PL","potentialAction":[{"@type":"ReadAction","target":["https:\/\/antderground.com\/pl\/produkt\/zaprojektuj-swoje-formikarium-ytong\/"]}]},{"@type":"ImageObject","inLanguage":"pl-PL","@id":"https:\/\/antderground.com\/pl\/produkt\/zaprojektuj-swoje-formikarium-ytong\/#primaryimage","url":"https:\/\/antderground.com\/wp-content\/uploads\/2023\/10\/crea-tu-hormiguero-ytong.png","contentUrl":"https:\/\/antderground.com\/wp-content\/uploads\/2023\/10\/crea-tu-hormiguero-ytong.png","width":540,"height":540},{"@type":"BreadcrumbList","@id":"https:\/\/antderground.com\/pl\/produkt\/zaprojektuj-swoje-formikarium-ytong\/#breadcrumb","itemListElement":[{"@type":"ListItem","position":1,"name":"Portada","item":"https:\/\/antderground.com\/pl\/"},{"@type":"ListItem","position":2,"name":"Sklep","item":"https:\/\/antderground.com\/pl\/sklep\/"},{"@type":"ListItem","position":3,"name":"Zaprojektuj swoje formikarium (Ytong)"}]},{"@type":"WebSite","@id":"https:\/\/antderground.com\/pl\/#website","url":"https:\/\/antderground.com\/pl\/","name":"ANTDERGROUND","description":"Tu tienda de hormigas, gran variedad de hormigueros acr\u00edlicos,madera,arena,3D y mas.. Pide tus hormigas gratis con tu pedido, somos expertos en hormigueros antifugas.","publisher":{"@id":"https:\/\/antderground.com\/pl\/#\/schema\/person\/0e322c505e84fe72c65e2f6d08f96b81"},"alternateName":"Antderground","potentialAction":[{"@type":"SearchAction","target":{"@type":"EntryPoint","urlTemplate":"https:\/\/antderground.com\/pl\/?s={search_term_string}"},"query-input":{"@type":"PropertyValueSpecification","valueRequired":true,"valueName":"search_term_string"}}],"inLanguage":"pl-PL"},{"@type":["Person","Organization"],"@id":"https:\/\/antderground.com\/pl\/#\/schema\/person\/0e322c505e84fe72c65e2f6d08f96b81","name":"Eric de Antderground","image":{"@type":"ImageObject","inLanguage":"pl-PL","@id":"https:\/\/secure.gravatar.com\/avatar\/c49a1b9f79216d1498cb73c1e85cd47f4465dda35f2a94c03790d491bd4423c3?s=96&d=mm&r=g","url":"https:\/\/secure.gravatar.com\/avatar\/c49a1b9f79216d1498cb73c1e85cd47f4465dda35f2a94c03790d491bd4423c3?s=96&d=mm&r=g","contentUrl":"https:\/\/secure.gravatar.com\/avatar\/c49a1b9f79216d1498cb73c1e85cd47f4465dda35f2a94c03790d491bd4423c3?s=96&d=mm&r=g","caption":"Eric de Antderground"},"logo":{"@id":"https:\/\/secure.gravatar.com\/avatar\/c49a1b9f79216d1498cb73c1e85cd47f4465dda35f2a94c03790d491bd4423c3?s=96&d=mm&r=g"},"description":"Eric es el especialista y fundador de Antderground, con una amplia trayectoria en artr\u00f3podos y enfocado en la mirmecolog\u00eda y el dise\u00f1o de hormigueros artificiales. Su enfoque combina la innovaci\u00f3n t\u00e9cnica con el respeto por la biolog\u00eda de las hormigas, is\u00f3podos y otros, desarrollando sistemas de nidos modulares 3D y acr\u00edlicos que son referentes para aficionados y profesionales en toda Europa. Su objetivo es facilitar la cr\u00eda de hormigas y otros artr\u00f3podos mediante soluciones seguras y divulgaci\u00f3n de calidad.","sameAs":["https:\/\/antderground.com\/","https:\/\/www.youtube.com\/channel\/UCio72z7TlbufkAthAJIJfPw"]}]}},"_links":{"self":[{"href":"https:\/\/antderground.com\/pl\/wp-json\/wp\/v2\/product\/49152","targetHints":{"allow":["GET"]}}],"collection":[{"href":"https:\/\/antderground.com\/pl\/wp-json\/wp\/v2\/product"}],"about":[{"href":"https:\/\/antderground.com\/pl\/wp-json\/wp\/v2\/types\/product"}],"version-history":[{"count":0,"href":"https:\/\/antderground.com\/pl\/wp-json\/wp\/v2\/product\/49152\/revisions"}],"wp:featuredmedia":[{"embeddable":true,"href":"https:\/\/antderground.com\/pl\/wp-json\/wp\/v2\/media\/49156"}],"wp:attachment":[{"href":"https:\/\/antderground.com\/pl\/wp-json\/wp\/v2\/media?parent=49152"}],"wp:term":[{"taxonomy":"product_brand","embeddable":true,"href":"https:\/\/antderground.com\/pl\/wp-json\/wp\/v2\/product_brand?post=49152"},{"taxonomy":"product_cat","embeddable":true,"href":"https:\/\/antderground.com\/pl\/wp-json\/wp\/v2\/product_cat?post=49152"},{"taxonomy":"product_tag","embeddable":true,"href":"https:\/\/antderground.com\/pl\/wp-json\/wp\/v2\/product_tag?post=49152"}],"curies":[{"name":"wp","href":"https:\/\/api.w.org\/{rel}","templated":true}]}}