{"id":49252,"date":"2022-07-09T20:28:04","date_gmt":"2022-07-09T18:28:04","guid":{"rendered":"https:\/\/antderground.com\/producto\/formikarium-ytong-mini\/"},"modified":"2022-07-09T20:28:04","modified_gmt":"2022-07-09T18:28:04","slug":"formikarium-ytong-mini","status":"publish","type":"product","link":"https:\/\/antderground.com\/pl\/produkt\/formikarium-ytong-mini\/","title":{"rendered":"Formikarium Ytong Mini"},"content":{"rendered":"<p>To formikarium zosta\u0142o wykonane metod\u0105 rzemie\u015blnicz\u0105 z wysokiej jako\u015bci materia\u0142u Ytong, zachowuj\u0105c przy tym nasze standardowe zabezpieczenia przed ucieczk\u0105 mr\u00f3wek. Po\u0142\u0105czenie kamienia z podstaw\u0105 wykonan\u0105 w technologii 3D gwarantuje wi\u0119ksz\u0105 trwa\u0142o\u015b\u0107 i odporno\u015b\u0107 konstrukcji.<\/p>\n<p>Podobnie jak wi\u0119kszo\u015b\u0107 naszych gniazd, formikarium to mo\u017cna po\u0142\u0105czy\u0107 z prob\u00f3wk\u0105, tworz\u0105c punkt nawadniania za pomoc\u0105 akcesorium ze zbiornikiem.<\/p>\n<p>G\u0142\u00f3wn\u0105 zalet\u0105 formikari\u00f3w z Ytongu jest ich wyj\u0105tkowa porowato\u015b\u0107 oraz zdolno\u015b\u0107 do absorpcji wody, co znacznie u\u0142atwia kontrol\u0119 wilgotno\u015bci wewn\u0105trz gniazda. Jest to idealne rozwi\u0105zanie dla mr\u00f3wek, kt\u00f3re w naturze zamieszkuj\u0105 tereny skaliste lub kamieniste.<\/p>\n<p>Nasze gniazdo jest w pe\u0142ni kompatybilne z innymi produktami dost\u0119pnymi w naszym sklepie. Je\u015bli szukasz odpowiednich lokator\u00f3w, sprawd\u017a nasze sekcje<strong> mr\u00f3wek egzotycznych<\/strong> oraz <strong>mr\u00f3wek rodzimych<\/strong>, gdzie znajdziesz gatunki idealnie pasuj\u0105ce do tego typu gniazd.<\/p>\n","protected":false},"excerpt":{"rendered":"<p>To formikarium z Ytongu jest idealne do zak\u0142adania nowych kolonii mr\u00f3wek. Doskonale sprawdza si\u0119 w przypadku samych kr\u00f3lowej lub ma\u0142ych grup mr\u00f3wek.<\/p>\n<p><strong>Charakterystyka formikarium:<\/strong><\/p>\n<p>&#8211; Materia\u0142: G\u0142\u00f3wna cz\u0119\u015b\u0107 z Ytongu na podstawie 3D.<br \/>\n&#8211; Kolor: Szary \/ Zielona (podstawa 3D) \/ Czerwona (pokrywa).<br \/>\n&#8211; Rozmiar: 8,6 cm x 9 cm.<br \/>\n&#8211; G\u0142\u0119boko\u015b\u0107 wewn\u0119trzna: 16, 18, 20 mm (r\u00f3\u017cne wysoko\u015bci kom\u00f3r).<br \/>\n&#8211; Zabezpieczenie: System zapobiegaj\u0105cy ucieczkom (Antifugas).<br \/>\n&#8211; Modu\u0142owe: Nie.<\/p>\n<p>Mo\u017cna je \u0142\u0105czy\u0107 ze wszystkimi gniazdami i arenami korzystaj\u0105cymi z systemu Antderground. Po\u0142\u0105czenie z prob\u00f3wk\u0105 jest mo\u017cliwe przy u\u017cyciu adaptera.<\/p>\n","protected":false},"featured_media":49258,"template":"","meta":[],"product_brand":[],"product_cat":[803,810,809,813],"product_tag":[],"class_list":{"0":"post-49252","1":"product","2":"type-product","3":"status-publish","4":"has-post-thumbnail","6":"product_cat-formikaria","7":"product_cat-specjalistyczne","8":"product_cat-ytong","9":"product_cat-gniazda-klaustralne","11":"first","12":"instock","13":"sale","14":"shipping-taxable","15":"purchasable","16":"product-type-simple"},"yoast_head":"<!-- This site is optimized with the Yoast SEO plugin v27.3 - https:\/\/yoast.com\/product\/yoast-seo-wordpress\/ -->\n<title>Formikarium Ytong Mini - ANTDERGROUND<\/title>\n<meta name=\"description\" content=\"Odkryj formikarium Ytong Mini \u2013 idealne dla mr\u00f3wek lubi\u0105cych tereny skaliste i kamieniste. Profesjonalne sztuczne gniazda z serii PRO od Antderground! ;-)\" \/>\n<meta name=\"robots\" content=\"index, follow, max-snippet:-1, max-image-preview:large, max-video-preview:-1\" \/>\n<link rel=\"canonical\" href=\"https:\/\/antderground.com\/pl\/produkt\/formikarium-ytong-mini\/\" \/>\n<meta property=\"og:locale\" content=\"pl_PL\" \/>\n<meta property=\"og:type\" content=\"article\" \/>\n<meta property=\"og:title\" content=\"Formikarium Ytong Mini - ANTDERGROUND\" \/>\n<meta property=\"og:description\" content=\"Odkryj formikarium Ytong Mini \u2013 idealne dla mr\u00f3wek lubi\u0105cych tereny skaliste i kamieniste. Profesjonalne sztuczne gniazda z serii PRO od Antderground! ;-)\" \/>\n<meta property=\"og:url\" content=\"https:\/\/antderground.com\/pl\/produkt\/formikarium-ytong-mini\/\" \/>\n<meta property=\"og:site_name\" content=\"ANTDERGROUND\" \/>\n<meta property=\"og:image\" content=\"https:\/\/antderground.com\/wp-content\/uploads\/2022\/07\/ytong-3d.jpg\" \/>\n\t<meta property=\"og:image:width\" content=\"1280\" \/>\n\t<meta property=\"og:image:height\" content=\"1280\" \/>\n\t<meta property=\"og:image:type\" content=\"image\/jpeg\" \/>\n<meta name=\"twitter:card\" content=\"summary_large_image\" \/>\n<meta name=\"twitter:label1\" content=\"Szacowany czas czytania\" \/>\n\t<meta name=\"twitter:data1\" content=\"1 minuta\" \/>\n<script type=\"application\/ld+json\" class=\"yoast-schema-graph\">{\"@context\":\"https:\\\/\\\/schema.org\",\"@graph\":[{\"@type\":\"WebPage\",\"@id\":\"https:\\\/\\\/antderground.com\\\/pl\\\/produkt\\\/formikarium-ytong-mini\\\/\",\"url\":\"https:\\\/\\\/antderground.com\\\/pl\\\/produkt\\\/formikarium-ytong-mini\\\/\",\"name\":\"Formikarium Ytong Mini - ANTDERGROUND\",\"isPartOf\":{\"@id\":\"https:\\\/\\\/antderground.com\\\/pl\\\/#website\"},\"primaryImageOfPage\":{\"@id\":\"https:\\\/\\\/antderground.com\\\/pl\\\/produkt\\\/formikarium-ytong-mini\\\/#primaryimage\"},\"image\":{\"@id\":\"https:\\\/\\\/antderground.com\\\/pl\\\/produkt\\\/formikarium-ytong-mini\\\/#primaryimage\"},\"thumbnailUrl\":\"https:\\\/\\\/antderground.com\\\/wp-content\\\/uploads\\\/2022\\\/07\\\/ytong-3d.jpg\",\"datePublished\":\"2022-07-09T18:28:04+00:00\",\"description\":\"Odkryj formikarium Ytong Mini \u2013 idealne dla mr\u00f3wek lubi\u0105cych tereny skaliste i kamieniste. Profesjonalne sztuczne gniazda z serii PRO od Antderground! ;-)\",\"breadcrumb\":{\"@id\":\"https:\\\/\\\/antderground.com\\\/pl\\\/produkt\\\/formikarium-ytong-mini\\\/#breadcrumb\"},\"inLanguage\":\"pl-PL\",\"potentialAction\":[{\"@type\":\"ReadAction\",\"target\":[\"https:\\\/\\\/antderground.com\\\/pl\\\/produkt\\\/formikarium-ytong-mini\\\/\"]}]},{\"@type\":\"ImageObject\",\"inLanguage\":\"pl-PL\",\"@id\":\"https:\\\/\\\/antderground.com\\\/pl\\\/produkt\\\/formikarium-ytong-mini\\\/#primaryimage\",\"url\":\"https:\\\/\\\/antderground.com\\\/wp-content\\\/uploads\\\/2022\\\/07\\\/ytong-3d.jpg\",\"contentUrl\":\"https:\\\/\\\/antderground.com\\\/wp-content\\\/uploads\\\/2022\\\/07\\\/ytong-3d.jpg\",\"width\":1280,\"height\":1280},{\"@type\":\"BreadcrumbList\",\"@id\":\"https:\\\/\\\/antderground.com\\\/pl\\\/produkt\\\/formikarium-ytong-mini\\\/#breadcrumb\",\"itemListElement\":[{\"@type\":\"ListItem\",\"position\":1,\"name\":\"Portada\",\"item\":\"https:\\\/\\\/antderground.com\\\/pl\\\/\"},{\"@type\":\"ListItem\",\"position\":2,\"name\":\"Sklep\",\"item\":\"https:\\\/\\\/antderground.com\\\/pl\\\/sklep\\\/\"},{\"@type\":\"ListItem\",\"position\":3,\"name\":\"Formikarium Ytong Mini\"}]},{\"@type\":\"WebSite\",\"@id\":\"https:\\\/\\\/antderground.com\\\/pl\\\/#website\",\"url\":\"https:\\\/\\\/antderground.com\\\/pl\\\/\",\"name\":\"ANTDERGROUND\",\"description\":\"Tu tienda de hormigas, gran variedad de hormigueros acr\u00edlicos,madera,arena,3D y mas.. Pide tus hormigas gratis con tu pedido, somos expertos en hormigueros antifugas.\",\"publisher\":{\"@id\":\"https:\\\/\\\/antderground.com\\\/pl\\\/#\\\/schema\\\/person\\\/0e322c505e84fe72c65e2f6d08f96b81\"},\"alternateName\":\"Antderground\",\"potentialAction\":[{\"@type\":\"SearchAction\",\"target\":{\"@type\":\"EntryPoint\",\"urlTemplate\":\"https:\\\/\\\/antderground.com\\\/pl\\\/?s={search_term_string}\"},\"query-input\":{\"@type\":\"PropertyValueSpecification\",\"valueRequired\":true,\"valueName\":\"search_term_string\"}}],\"inLanguage\":\"pl-PL\"},{\"@type\":[\"Person\",\"Organization\"],\"@id\":\"https:\\\/\\\/antderground.com\\\/pl\\\/#\\\/schema\\\/person\\\/0e322c505e84fe72c65e2f6d08f96b81\",\"name\":\"Eric de Antderground\",\"image\":{\"@type\":\"ImageObject\",\"inLanguage\":\"pl-PL\",\"@id\":\"https:\\\/\\\/secure.gravatar.com\\\/avatar\\\/c49a1b9f79216d1498cb73c1e85cd47f4465dda35f2a94c03790d491bd4423c3?s=96&d=mm&r=g\",\"url\":\"https:\\\/\\\/secure.gravatar.com\\\/avatar\\\/c49a1b9f79216d1498cb73c1e85cd47f4465dda35f2a94c03790d491bd4423c3?s=96&d=mm&r=g\",\"contentUrl\":\"https:\\\/\\\/secure.gravatar.com\\\/avatar\\\/c49a1b9f79216d1498cb73c1e85cd47f4465dda35f2a94c03790d491bd4423c3?s=96&d=mm&r=g\",\"caption\":\"Eric de Antderground\"},\"logo\":{\"@id\":\"https:\\\/\\\/secure.gravatar.com\\\/avatar\\\/c49a1b9f79216d1498cb73c1e85cd47f4465dda35f2a94c03790d491bd4423c3?s=96&d=mm&r=g\"},\"description\":\"Eric es el especialista y fundador de Antderground, con una amplia trayectoria en artr\u00f3podos y enfocado en la mirmecolog\u00eda y el dise\u00f1o de hormigueros artificiales. Su enfoque combina la innovaci\u00f3n t\u00e9cnica con el respeto por la biolog\u00eda de las hormigas, is\u00f3podos y otros, desarrollando sistemas de nidos modulares 3D y acr\u00edlicos que son referentes para aficionados y profesionales en toda Europa. Su objetivo es facilitar la cr\u00eda de hormigas y otros artr\u00f3podos mediante soluciones seguras y divulgaci\u00f3n de calidad.\",\"sameAs\":[\"https:\\\/\\\/antderground.com\\\/\",\"https:\\\/\\\/www.youtube.com\\\/channel\\\/UCio72z7TlbufkAthAJIJfPw\"]}]}<\/script>\n<!-- \/ Yoast SEO plugin. -->","yoast_head_json":{"title":"Formikarium Ytong Mini - ANTDERGROUND","description":"Odkryj formikarium Ytong Mini \u2013 idealne dla mr\u00f3wek lubi\u0105cych tereny skaliste i kamieniste. Profesjonalne sztuczne gniazda z serii PRO od Antderground! ;-)","robots":{"index":"index","follow":"follow","max-snippet":"max-snippet:-1","max-image-preview":"max-image-preview:large","max-video-preview":"max-video-preview:-1"},"canonical":"https:\/\/antderground.com\/pl\/produkt\/formikarium-ytong-mini\/","og_locale":"pl_PL","og_type":"article","og_title":"Formikarium Ytong Mini - ANTDERGROUND","og_description":"Odkryj formikarium Ytong Mini \u2013 idealne dla mr\u00f3wek lubi\u0105cych tereny skaliste i kamieniste. Profesjonalne sztuczne gniazda z serii PRO od Antderground! ;-)","og_url":"https:\/\/antderground.com\/pl\/produkt\/formikarium-ytong-mini\/","og_site_name":"ANTDERGROUND","og_image":[{"width":1280,"height":1280,"url":"https:\/\/antderground.com\/wp-content\/uploads\/2022\/07\/ytong-3d.jpg","type":"image\/jpeg"}],"twitter_card":"summary_large_image","twitter_misc":{"Szacowany czas czytania":"1 minuta"},"schema":{"@context":"https:\/\/schema.org","@graph":[{"@type":"WebPage","@id":"https:\/\/antderground.com\/pl\/produkt\/formikarium-ytong-mini\/","url":"https:\/\/antderground.com\/pl\/produkt\/formikarium-ytong-mini\/","name":"Formikarium Ytong Mini - ANTDERGROUND","isPartOf":{"@id":"https:\/\/antderground.com\/pl\/#website"},"primaryImageOfPage":{"@id":"https:\/\/antderground.com\/pl\/produkt\/formikarium-ytong-mini\/#primaryimage"},"image":{"@id":"https:\/\/antderground.com\/pl\/produkt\/formikarium-ytong-mini\/#primaryimage"},"thumbnailUrl":"https:\/\/antderground.com\/wp-content\/uploads\/2022\/07\/ytong-3d.jpg","datePublished":"2022-07-09T18:28:04+00:00","description":"Odkryj formikarium Ytong Mini \u2013 idealne dla mr\u00f3wek lubi\u0105cych tereny skaliste i kamieniste. Profesjonalne sztuczne gniazda z serii PRO od Antderground! ;-)","breadcrumb":{"@id":"https:\/\/antderground.com\/pl\/produkt\/formikarium-ytong-mini\/#breadcrumb"},"inLanguage":"pl-PL","potentialAction":[{"@type":"ReadAction","target":["https:\/\/antderground.com\/pl\/produkt\/formikarium-ytong-mini\/"]}]},{"@type":"ImageObject","inLanguage":"pl-PL","@id":"https:\/\/antderground.com\/pl\/produkt\/formikarium-ytong-mini\/#primaryimage","url":"https:\/\/antderground.com\/wp-content\/uploads\/2022\/07\/ytong-3d.jpg","contentUrl":"https:\/\/antderground.com\/wp-content\/uploads\/2022\/07\/ytong-3d.jpg","width":1280,"height":1280},{"@type":"BreadcrumbList","@id":"https:\/\/antderground.com\/pl\/produkt\/formikarium-ytong-mini\/#breadcrumb","itemListElement":[{"@type":"ListItem","position":1,"name":"Portada","item":"https:\/\/antderground.com\/pl\/"},{"@type":"ListItem","position":2,"name":"Sklep","item":"https:\/\/antderground.com\/pl\/sklep\/"},{"@type":"ListItem","position":3,"name":"Formikarium Ytong Mini"}]},{"@type":"WebSite","@id":"https:\/\/antderground.com\/pl\/#website","url":"https:\/\/antderground.com\/pl\/","name":"ANTDERGROUND","description":"Tu tienda de hormigas, gran variedad de hormigueros acr\u00edlicos,madera,arena,3D y mas.. Pide tus hormigas gratis con tu pedido, somos expertos en hormigueros antifugas.","publisher":{"@id":"https:\/\/antderground.com\/pl\/#\/schema\/person\/0e322c505e84fe72c65e2f6d08f96b81"},"alternateName":"Antderground","potentialAction":[{"@type":"SearchAction","target":{"@type":"EntryPoint","urlTemplate":"https:\/\/antderground.com\/pl\/?s={search_term_string}"},"query-input":{"@type":"PropertyValueSpecification","valueRequired":true,"valueName":"search_term_string"}}],"inLanguage":"pl-PL"},{"@type":["Person","Organization"],"@id":"https:\/\/antderground.com\/pl\/#\/schema\/person\/0e322c505e84fe72c65e2f6d08f96b81","name":"Eric de Antderground","image":{"@type":"ImageObject","inLanguage":"pl-PL","@id":"https:\/\/secure.gravatar.com\/avatar\/c49a1b9f79216d1498cb73c1e85cd47f4465dda35f2a94c03790d491bd4423c3?s=96&d=mm&r=g","url":"https:\/\/secure.gravatar.com\/avatar\/c49a1b9f79216d1498cb73c1e85cd47f4465dda35f2a94c03790d491bd4423c3?s=96&d=mm&r=g","contentUrl":"https:\/\/secure.gravatar.com\/avatar\/c49a1b9f79216d1498cb73c1e85cd47f4465dda35f2a94c03790d491bd4423c3?s=96&d=mm&r=g","caption":"Eric de Antderground"},"logo":{"@id":"https:\/\/secure.gravatar.com\/avatar\/c49a1b9f79216d1498cb73c1e85cd47f4465dda35f2a94c03790d491bd4423c3?s=96&d=mm&r=g"},"description":"Eric es el especialista y fundador de Antderground, con una amplia trayectoria en artr\u00f3podos y enfocado en la mirmecolog\u00eda y el dise\u00f1o de hormigueros artificiales. Su enfoque combina la innovaci\u00f3n t\u00e9cnica con el respeto por la biolog\u00eda de las hormigas, is\u00f3podos y otros, desarrollando sistemas de nidos modulares 3D y acr\u00edlicos que son referentes para aficionados y profesionales en toda Europa. Su objetivo es facilitar la cr\u00eda de hormigas y otros artr\u00f3podos mediante soluciones seguras y divulgaci\u00f3n de calidad.","sameAs":["https:\/\/antderground.com\/","https:\/\/www.youtube.com\/channel\/UCio72z7TlbufkAthAJIJfPw"]}]}},"_links":{"self":[{"href":"https:\/\/antderground.com\/pl\/wp-json\/wp\/v2\/product\/49252","targetHints":{"allow":["GET"]}}],"collection":[{"href":"https:\/\/antderground.com\/pl\/wp-json\/wp\/v2\/product"}],"about":[{"href":"https:\/\/antderground.com\/pl\/wp-json\/wp\/v2\/types\/product"}],"version-history":[{"count":0,"href":"https:\/\/antderground.com\/pl\/wp-json\/wp\/v2\/product\/49252\/revisions"}],"wp:featuredmedia":[{"embeddable":true,"href":"https:\/\/antderground.com\/pl\/wp-json\/wp\/v2\/media\/49258"}],"wp:attachment":[{"href":"https:\/\/antderground.com\/pl\/wp-json\/wp\/v2\/media?parent=49252"}],"wp:term":[{"taxonomy":"product_brand","embeddable":true,"href":"https:\/\/antderground.com\/pl\/wp-json\/wp\/v2\/product_brand?post=49252"},{"taxonomy":"product_cat","embeddable":true,"href":"https:\/\/antderground.com\/pl\/wp-json\/wp\/v2\/product_cat?post=49252"},{"taxonomy":"product_tag","embeddable":true,"href":"https:\/\/antderground.com\/pl\/wp-json\/wp\/v2\/product_tag?post=49252"}],"curies":[{"name":"wp","href":"https:\/\/api.w.org\/{rel}","templated":true}]}}