{"id":49259,"date":"2022-06-14T20:39:44","date_gmt":"2022-06-14T18:39:44","guid":{"rendered":"https:\/\/antderground.com\/producto\/formikarium-3d-v2-7x45-cm-gniazdo\/"},"modified":"2022-06-14T20:39:44","modified_gmt":"2022-06-14T18:39:44","slug":"formikarium-3d-v2-7x45-cm-gniazdo","status":"publish","type":"product","link":"https:\/\/antderground.com\/pl\/produkt\/formikarium-3d-v2-7x45-cm-gniazdo\/","title":{"rendered":"Formikarium 3D v2 7\u00d74,5 cm (Gniazdo)"},"content":{"rendered":"<p>Prezentujemy wersj\u0119 2 (v2) naszego formikarium 3D w wersji startowej, zaprojektowan\u0105 specjalnie dla os\u00f3b szukaj\u0105cych komfortu i bezpiecze\u0144stwa przy zak\u0142adaniu nowych kolonii mr\u00f3wek. Ta ulepszona wersja wprowadza nowe rozwi\u0105zania, kt\u00f3re optymalizuj\u0105 funkcjonalno\u015b\u0107 i trwa\u0142o\u015b\u0107 gniazda.<\/p>\n<p>Idealne do rozpocz\u0119cia hodowli od samej kr\u00f3lowej lub kr\u00f3lowej z niewielk\u0105 liczb\u0105 robotnic.<\/p>\n<p><strong>Ulepszenia wersji v2:<\/strong><\/p>\n<p>&#8211; Po\u0142\u0105czenia: Optymalizacja z\u0142\u0105czy dla \u0142atwiejszej i bezpieczniejszej instalacji modu\u0142\u00f3w.<\/p>\n<p>&#8211; Wewn\u0119trzna przegroda: Specjalna \u015bcianka dzia\u0142owa, kt\u00f3ra nie domyka si\u0119 ca\u0142kowicie, co pozwala na kontrolowan\u0105 i swobodn\u0105 ekspansj\u0119 kolonii wewn\u0105trz gniazda.<\/p>\n<p>&#8211; Poid\u0142o: Nowy system z \u0142atwym przy\u0142\u0105czem, u\u0142atwiaj\u0105cy sta\u0142y dost\u0119p do wody.<\/p>\n<p><strong>Materia\u0142 i wyko\u0144czenie:<\/strong><\/p>\n<p>&#8211; Materia\u0142: Wykonane z wysokiej jako\u015bci PLA \u2013 materia\u0142u, kt\u00f3ry zapewnia estetyczny wygl\u0105d, precyzyjne detale oraz wysok\u0105 odporno\u015b\u0107 mechaniczn\u0105.<\/p>\n","protected":false},"excerpt":{"rendered":"<p>Odkryj wersj\u0119 v2 naszego formikarium 3D (gniazdo startowe), idealn\u0105 do zak\u0142adania nowych kolonii mr\u00f3wek. Nowa wersja posiada ulepszone po\u0142\u0105czenia oraz wewn\u0119trzn\u0105 przegrod\u0119, kt\u00f3ra u\u0142atwia naturalny rozw\u00f3j kolonii. Zestaw zawiera poid\u0142o z systemem \u0142atwego \u0142\u0105czenia. Formikarium wykonane jest z materia\u0142u PLA, zapewniaj\u0105cego doskona\u0142e wyko\u0144czenie i wysok\u0105 trwa\u0142o\u015b\u0107.<\/p>\n<p><strong>Charakterystyka formikarium:<br \/>\n<\/strong>Rozmiar: 7 cm x 4,5 cm.<br \/>\nZbiornik: 20 ml (nowy system).<br \/>\nKolor: Bia\u0142y.<br \/>\nPokrywa: Czerwona (w zestawie).<br \/>\nDrzwi: Obrotowe z systemem bezpiecze\u0144stwa.<\/p>\n","protected":false},"featured_media":49264,"template":"","meta":[],"product_brand":[],"product_cat":[803,804,813],"product_tag":[],"class_list":{"0":"post-49259","1":"product","2":"type-product","3":"status-publish","4":"has-post-thumbnail","6":"product_cat-formikaria","7":"product_cat-3d","8":"product_cat-gniazda-klaustralne","10":"first","11":"instock","12":"shipping-taxable","13":"purchasable","14":"product-type-simple"},"yoast_head":"<!-- This site is optimized with the Yoast SEO plugin v27.3 - https:\/\/yoast.com\/product\/yoast-seo-wordpress\/ -->\n<title>Gniazdo 3D dla mr\u00f3wek \u2013 idealne dla naszych kr\u00f3lowych!! ANTDERGROUND<\/title>\n<meta name=\"description\" content=\"Odkryj to wyj\u0105tkowe gniazdo, idealne do za\u0142o\u017cenia nowej kolonii. Doskona\u0142y wyb\u00f3r dla naszych mr\u00f3wek kr\u00f3lowych!!\" \/>\n<meta name=\"robots\" content=\"index, follow, max-snippet:-1, max-image-preview:large, max-video-preview:-1\" \/>\n<link rel=\"canonical\" href=\"https:\/\/antderground.com\/pl\/produkt\/formikarium-3d-v2-7x45-cm-gniazdo\/\" \/>\n<meta property=\"og:locale\" content=\"pl_PL\" \/>\n<meta property=\"og:type\" content=\"article\" \/>\n<meta property=\"og:title\" content=\"Gniazdo 3D dla mr\u00f3wek \u2013 idealne dla naszych kr\u00f3lowych!! ANTDERGROUND\" \/>\n<meta property=\"og:description\" content=\"Odkryj to wyj\u0105tkowe gniazdo, idealne do za\u0142o\u017cenia nowej kolonii. Doskona\u0142y wyb\u00f3r dla naszych mr\u00f3wek kr\u00f3lowych!!\" \/>\n<meta property=\"og:url\" content=\"https:\/\/antderground.com\/pl\/produkt\/formikarium-3d-v2-7x45-cm-gniazdo\/\" \/>\n<meta property=\"og:site_name\" content=\"ANTDERGROUND\" \/>\n<meta property=\"og:image\" content=\"https:\/\/antderground.com\/wp-content\/uploads\/2022\/06\/reinerovv2.jpg\" \/>\n\t<meta property=\"og:image:width\" content=\"1600\" \/>\n\t<meta property=\"og:image:height\" content=\"1600\" \/>\n\t<meta property=\"og:image:type\" content=\"image\/jpeg\" \/>\n<meta name=\"twitter:card\" content=\"summary_large_image\" \/>\n<meta name=\"twitter:label1\" content=\"Szacowany czas czytania\" \/>\n\t<meta name=\"twitter:data1\" content=\"1 minuta\" \/>\n<script type=\"application\/ld+json\" class=\"yoast-schema-graph\">{\"@context\":\"https:\\\/\\\/schema.org\",\"@graph\":[{\"@type\":\"WebPage\",\"@id\":\"https:\\\/\\\/antderground.com\\\/pl\\\/produkt\\\/formikarium-3d-v2-7x45-cm-gniazdo\\\/\",\"url\":\"https:\\\/\\\/antderground.com\\\/pl\\\/produkt\\\/formikarium-3d-v2-7x45-cm-gniazdo\\\/\",\"name\":\"Gniazdo 3D dla mr\u00f3wek \u2013 idealne dla naszych kr\u00f3lowych!! ANTDERGROUND\",\"isPartOf\":{\"@id\":\"https:\\\/\\\/antderground.com\\\/pl\\\/#website\"},\"primaryImageOfPage\":{\"@id\":\"https:\\\/\\\/antderground.com\\\/pl\\\/produkt\\\/formikarium-3d-v2-7x45-cm-gniazdo\\\/#primaryimage\"},\"image\":{\"@id\":\"https:\\\/\\\/antderground.com\\\/pl\\\/produkt\\\/formikarium-3d-v2-7x45-cm-gniazdo\\\/#primaryimage\"},\"thumbnailUrl\":\"https:\\\/\\\/antderground.com\\\/wp-content\\\/uploads\\\/2022\\\/06\\\/reinerovv2.jpg\",\"datePublished\":\"2022-06-14T18:39:44+00:00\",\"description\":\"Odkryj to wyj\u0105tkowe gniazdo, idealne do za\u0142o\u017cenia nowej kolonii. Doskona\u0142y wyb\u00f3r dla naszych mr\u00f3wek kr\u00f3lowych!!\",\"breadcrumb\":{\"@id\":\"https:\\\/\\\/antderground.com\\\/pl\\\/produkt\\\/formikarium-3d-v2-7x45-cm-gniazdo\\\/#breadcrumb\"},\"inLanguage\":\"pl-PL\",\"potentialAction\":[{\"@type\":\"ReadAction\",\"target\":[\"https:\\\/\\\/antderground.com\\\/pl\\\/produkt\\\/formikarium-3d-v2-7x45-cm-gniazdo\\\/\"]}]},{\"@type\":\"ImageObject\",\"inLanguage\":\"pl-PL\",\"@id\":\"https:\\\/\\\/antderground.com\\\/pl\\\/produkt\\\/formikarium-3d-v2-7x45-cm-gniazdo\\\/#primaryimage\",\"url\":\"https:\\\/\\\/antderground.com\\\/wp-content\\\/uploads\\\/2022\\\/06\\\/reinerovv2.jpg\",\"contentUrl\":\"https:\\\/\\\/antderground.com\\\/wp-content\\\/uploads\\\/2022\\\/06\\\/reinerovv2.jpg\",\"width\":1600,\"height\":1600,\"caption\":\"Formikarium 3D v2 7\u00d74,5 cm (Gniazdo)\"},{\"@type\":\"BreadcrumbList\",\"@id\":\"https:\\\/\\\/antderground.com\\\/pl\\\/produkt\\\/formikarium-3d-v2-7x45-cm-gniazdo\\\/#breadcrumb\",\"itemListElement\":[{\"@type\":\"ListItem\",\"position\":1,\"name\":\"Portada\",\"item\":\"https:\\\/\\\/antderground.com\\\/pl\\\/\"},{\"@type\":\"ListItem\",\"position\":2,\"name\":\"Sklep\",\"item\":\"https:\\\/\\\/antderground.com\\\/pl\\\/sklep\\\/\"},{\"@type\":\"ListItem\",\"position\":3,\"name\":\"Formikarium 3D v2 7\u00d74,5 cm (Gniazdo)\"}]},{\"@type\":\"WebSite\",\"@id\":\"https:\\\/\\\/antderground.com\\\/pl\\\/#website\",\"url\":\"https:\\\/\\\/antderground.com\\\/pl\\\/\",\"name\":\"ANTDERGROUND\",\"description\":\"Tu tienda de hormigas, gran variedad de hormigueros acr\u00edlicos,madera,arena,3D y mas.. Pide tus hormigas gratis con tu pedido, somos expertos en hormigueros antifugas.\",\"publisher\":{\"@id\":\"https:\\\/\\\/antderground.com\\\/pl\\\/#\\\/schema\\\/person\\\/0e322c505e84fe72c65e2f6d08f96b81\"},\"alternateName\":\"Antderground\",\"potentialAction\":[{\"@type\":\"SearchAction\",\"target\":{\"@type\":\"EntryPoint\",\"urlTemplate\":\"https:\\\/\\\/antderground.com\\\/pl\\\/?s={search_term_string}\"},\"query-input\":{\"@type\":\"PropertyValueSpecification\",\"valueRequired\":true,\"valueName\":\"search_term_string\"}}],\"inLanguage\":\"pl-PL\"},{\"@type\":[\"Person\",\"Organization\"],\"@id\":\"https:\\\/\\\/antderground.com\\\/pl\\\/#\\\/schema\\\/person\\\/0e322c505e84fe72c65e2f6d08f96b81\",\"name\":\"Eric de Antderground\",\"image\":{\"@type\":\"ImageObject\",\"inLanguage\":\"pl-PL\",\"@id\":\"https:\\\/\\\/secure.gravatar.com\\\/avatar\\\/c49a1b9f79216d1498cb73c1e85cd47f4465dda35f2a94c03790d491bd4423c3?s=96&d=mm&r=g\",\"url\":\"https:\\\/\\\/secure.gravatar.com\\\/avatar\\\/c49a1b9f79216d1498cb73c1e85cd47f4465dda35f2a94c03790d491bd4423c3?s=96&d=mm&r=g\",\"contentUrl\":\"https:\\\/\\\/secure.gravatar.com\\\/avatar\\\/c49a1b9f79216d1498cb73c1e85cd47f4465dda35f2a94c03790d491bd4423c3?s=96&d=mm&r=g\",\"caption\":\"Eric de Antderground\"},\"logo\":{\"@id\":\"https:\\\/\\\/secure.gravatar.com\\\/avatar\\\/c49a1b9f79216d1498cb73c1e85cd47f4465dda35f2a94c03790d491bd4423c3?s=96&d=mm&r=g\"},\"description\":\"Eric es el especialista y fundador de Antderground, con una amplia trayectoria en artr\u00f3podos y enfocado en la mirmecolog\u00eda y el dise\u00f1o de hormigueros artificiales. Su enfoque combina la innovaci\u00f3n t\u00e9cnica con el respeto por la biolog\u00eda de las hormigas, is\u00f3podos y otros, desarrollando sistemas de nidos modulares 3D y acr\u00edlicos que son referentes para aficionados y profesionales en toda Europa. Su objetivo es facilitar la cr\u00eda de hormigas y otros artr\u00f3podos mediante soluciones seguras y divulgaci\u00f3n de calidad.\",\"sameAs\":[\"https:\\\/\\\/antderground.com\\\/\",\"https:\\\/\\\/www.youtube.com\\\/channel\\\/UCio72z7TlbufkAthAJIJfPw\"]}]}<\/script>\n<!-- \/ Yoast SEO plugin. -->","yoast_head_json":{"title":"Gniazdo 3D dla mr\u00f3wek \u2013 idealne dla naszych kr\u00f3lowych!! ANTDERGROUND","description":"Odkryj to wyj\u0105tkowe gniazdo, idealne do za\u0142o\u017cenia nowej kolonii. Doskona\u0142y wyb\u00f3r dla naszych mr\u00f3wek kr\u00f3lowych!!","robots":{"index":"index","follow":"follow","max-snippet":"max-snippet:-1","max-image-preview":"max-image-preview:large","max-video-preview":"max-video-preview:-1"},"canonical":"https:\/\/antderground.com\/pl\/produkt\/formikarium-3d-v2-7x45-cm-gniazdo\/","og_locale":"pl_PL","og_type":"article","og_title":"Gniazdo 3D dla mr\u00f3wek \u2013 idealne dla naszych kr\u00f3lowych!! ANTDERGROUND","og_description":"Odkryj to wyj\u0105tkowe gniazdo, idealne do za\u0142o\u017cenia nowej kolonii. Doskona\u0142y wyb\u00f3r dla naszych mr\u00f3wek kr\u00f3lowych!!","og_url":"https:\/\/antderground.com\/pl\/produkt\/formikarium-3d-v2-7x45-cm-gniazdo\/","og_site_name":"ANTDERGROUND","og_image":[{"width":1600,"height":1600,"url":"https:\/\/antderground.com\/wp-content\/uploads\/2022\/06\/reinerovv2.jpg","type":"image\/jpeg"}],"twitter_card":"summary_large_image","twitter_misc":{"Szacowany czas czytania":"1 minuta"},"schema":{"@context":"https:\/\/schema.org","@graph":[{"@type":"WebPage","@id":"https:\/\/antderground.com\/pl\/produkt\/formikarium-3d-v2-7x45-cm-gniazdo\/","url":"https:\/\/antderground.com\/pl\/produkt\/formikarium-3d-v2-7x45-cm-gniazdo\/","name":"Gniazdo 3D dla mr\u00f3wek \u2013 idealne dla naszych kr\u00f3lowych!! ANTDERGROUND","isPartOf":{"@id":"https:\/\/antderground.com\/pl\/#website"},"primaryImageOfPage":{"@id":"https:\/\/antderground.com\/pl\/produkt\/formikarium-3d-v2-7x45-cm-gniazdo\/#primaryimage"},"image":{"@id":"https:\/\/antderground.com\/pl\/produkt\/formikarium-3d-v2-7x45-cm-gniazdo\/#primaryimage"},"thumbnailUrl":"https:\/\/antderground.com\/wp-content\/uploads\/2022\/06\/reinerovv2.jpg","datePublished":"2022-06-14T18:39:44+00:00","description":"Odkryj to wyj\u0105tkowe gniazdo, idealne do za\u0142o\u017cenia nowej kolonii. Doskona\u0142y wyb\u00f3r dla naszych mr\u00f3wek kr\u00f3lowych!!","breadcrumb":{"@id":"https:\/\/antderground.com\/pl\/produkt\/formikarium-3d-v2-7x45-cm-gniazdo\/#breadcrumb"},"inLanguage":"pl-PL","potentialAction":[{"@type":"ReadAction","target":["https:\/\/antderground.com\/pl\/produkt\/formikarium-3d-v2-7x45-cm-gniazdo\/"]}]},{"@type":"ImageObject","inLanguage":"pl-PL","@id":"https:\/\/antderground.com\/pl\/produkt\/formikarium-3d-v2-7x45-cm-gniazdo\/#primaryimage","url":"https:\/\/antderground.com\/wp-content\/uploads\/2022\/06\/reinerovv2.jpg","contentUrl":"https:\/\/antderground.com\/wp-content\/uploads\/2022\/06\/reinerovv2.jpg","width":1600,"height":1600,"caption":"Formikarium 3D v2 7\u00d74,5 cm (Gniazdo)"},{"@type":"BreadcrumbList","@id":"https:\/\/antderground.com\/pl\/produkt\/formikarium-3d-v2-7x45-cm-gniazdo\/#breadcrumb","itemListElement":[{"@type":"ListItem","position":1,"name":"Portada","item":"https:\/\/antderground.com\/pl\/"},{"@type":"ListItem","position":2,"name":"Sklep","item":"https:\/\/antderground.com\/pl\/sklep\/"},{"@type":"ListItem","position":3,"name":"Formikarium 3D v2 7\u00d74,5 cm (Gniazdo)"}]},{"@type":"WebSite","@id":"https:\/\/antderground.com\/pl\/#website","url":"https:\/\/antderground.com\/pl\/","name":"ANTDERGROUND","description":"Tu tienda de hormigas, gran variedad de hormigueros acr\u00edlicos,madera,arena,3D y mas.. Pide tus hormigas gratis con tu pedido, somos expertos en hormigueros antifugas.","publisher":{"@id":"https:\/\/antderground.com\/pl\/#\/schema\/person\/0e322c505e84fe72c65e2f6d08f96b81"},"alternateName":"Antderground","potentialAction":[{"@type":"SearchAction","target":{"@type":"EntryPoint","urlTemplate":"https:\/\/antderground.com\/pl\/?s={search_term_string}"},"query-input":{"@type":"PropertyValueSpecification","valueRequired":true,"valueName":"search_term_string"}}],"inLanguage":"pl-PL"},{"@type":["Person","Organization"],"@id":"https:\/\/antderground.com\/pl\/#\/schema\/person\/0e322c505e84fe72c65e2f6d08f96b81","name":"Eric de Antderground","image":{"@type":"ImageObject","inLanguage":"pl-PL","@id":"https:\/\/secure.gravatar.com\/avatar\/c49a1b9f79216d1498cb73c1e85cd47f4465dda35f2a94c03790d491bd4423c3?s=96&d=mm&r=g","url":"https:\/\/secure.gravatar.com\/avatar\/c49a1b9f79216d1498cb73c1e85cd47f4465dda35f2a94c03790d491bd4423c3?s=96&d=mm&r=g","contentUrl":"https:\/\/secure.gravatar.com\/avatar\/c49a1b9f79216d1498cb73c1e85cd47f4465dda35f2a94c03790d491bd4423c3?s=96&d=mm&r=g","caption":"Eric de Antderground"},"logo":{"@id":"https:\/\/secure.gravatar.com\/avatar\/c49a1b9f79216d1498cb73c1e85cd47f4465dda35f2a94c03790d491bd4423c3?s=96&d=mm&r=g"},"description":"Eric es el especialista y fundador de Antderground, con una amplia trayectoria en artr\u00f3podos y enfocado en la mirmecolog\u00eda y el dise\u00f1o de hormigueros artificiales. Su enfoque combina la innovaci\u00f3n t\u00e9cnica con el respeto por la biolog\u00eda de las hormigas, is\u00f3podos y otros, desarrollando sistemas de nidos modulares 3D y acr\u00edlicos que son referentes para aficionados y profesionales en toda Europa. Su objetivo es facilitar la cr\u00eda de hormigas y otros artr\u00f3podos mediante soluciones seguras y divulgaci\u00f3n de calidad.","sameAs":["https:\/\/antderground.com\/","https:\/\/www.youtube.com\/channel\/UCio72z7TlbufkAthAJIJfPw"]}]}},"_links":{"self":[{"href":"https:\/\/antderground.com\/pl\/wp-json\/wp\/v2\/product\/49259","targetHints":{"allow":["GET"]}}],"collection":[{"href":"https:\/\/antderground.com\/pl\/wp-json\/wp\/v2\/product"}],"about":[{"href":"https:\/\/antderground.com\/pl\/wp-json\/wp\/v2\/types\/product"}],"version-history":[{"count":0,"href":"https:\/\/antderground.com\/pl\/wp-json\/wp\/v2\/product\/49259\/revisions"}],"wp:featuredmedia":[{"embeddable":true,"href":"https:\/\/antderground.com\/pl\/wp-json\/wp\/v2\/media\/49264"}],"wp:attachment":[{"href":"https:\/\/antderground.com\/pl\/wp-json\/wp\/v2\/media?parent=49259"}],"wp:term":[{"taxonomy":"product_brand","embeddable":true,"href":"https:\/\/antderground.com\/pl\/wp-json\/wp\/v2\/product_brand?post=49259"},{"taxonomy":"product_cat","embeddable":true,"href":"https:\/\/antderground.com\/pl\/wp-json\/wp\/v2\/product_cat?post=49259"},{"taxonomy":"product_tag","embeddable":true,"href":"https:\/\/antderground.com\/pl\/wp-json\/wp\/v2\/product_tag?post=49259"}],"curies":[{"name":"wp","href":"https:\/\/api.w.org\/{rel}","templated":true}]}}