{"id":49287,"date":"2021-09-19T22:31:24","date_gmt":"2021-09-19T20:31:24","guid":{"rendered":"https:\/\/antderground.com\/producto\/modulowe-formikarium-20x20-z-grzybkiem-i-systemem-parowania\/"},"modified":"2021-09-19T22:31:24","modified_gmt":"2021-09-19T20:31:24","slug":"modulowe-formikarium-20x20-z-grzybkiem-i-systemem-parowania","status":"publish","type":"product","link":"https:\/\/antderground.com\/pl\/produkt\/modulowe-formikarium-20x20-z-grzybkiem-i-systemem-parowania\/","title":{"rendered":"Modu\u0142owe formikarium 20&#215;20 z grzybkiem i systemem parowania"},"content":{"rendered":"<p>Bardzo wszechstronne formikarium wyposa\u017cone w podw\u00f3jny system nawadniania: poprzez grzybek oraz przez parowanie. Pozwala to na uzyskanie zr\u00f3\u017cnicowanych zakres\u00f3w wilgotno\u015bci wewn\u0105trz tego samego gniazda.<\/p>\n<p>Dzi\u0119ki obrotowej zasuwie, formikarium mo\u017cna u\u017cytkowa\u0107 wykorzystuj\u0105c tylko jego po\u0142ow\u0119. Eliminuje to konieczno\u015b\u0107 czekania, a\u017c kolonia stanie si\u0119 ogromna, aby m\u00f3c doda\u0107 kolejny modu\u0142.<\/p>\n<p>Rozmiar: 20&#215;20 cm<br \/>\nKolor: Bia\u0142y<br \/>\nMateria\u0142: Akryl<\/p>\n<p>Kompatybilno\u015b\u0107: W pe\u0142ni kompatybilne z dowolnym gniazdem, aren\u0105 lub \u0142\u0105cznikiem Antderground.<\/p>\n<p>Przeznaczenie: Zaprojektowane dla gatunk\u00f3w wymagaj\u0105cych precyzyjnej wilgotno\u015bci.<\/p>\n","protected":false},"excerpt":{"rendered":"<p>Bardzo wszechstronne formikarium wyposa\u017cone w podw\u00f3jny system nawadniania: poprzez grzybek oraz przez parowanie. Pozwala to na uzyskanie zr\u00f3\u017cnicowanych zakres\u00f3w wilgotno\u015bci<\/p>\n","protected":false},"featured_media":49291,"template":"","meta":[],"product_brand":[],"product_cat":[803,805,811],"product_tag":[],"class_list":{"0":"post-49287","1":"product","2":"type-product","3":"status-publish","4":"has-post-thumbnail","6":"product_cat-formikaria","7":"product_cat-akrylowe","8":"product_cat-modulowe","10":"first","11":"instock","12":"shipping-taxable","13":"purchasable","14":"product-type-simple"},"yoast_head":"<!-- This site is optimized with the Yoast SEO plugin v27.3 - https:\/\/yoast.com\/product\/yoast-seo-wordpress\/ -->\n<title>Modu\u0142owe formikarium 20x20 z grzybkiem i systemem parowania - ANTDERGROUND<\/title>\n<meta name=\"description\" content=\"Jeste\u015bmy producentem formikari\u00f3w w Hiszpanii, z oddzia\u0142ami w Barcelonie i Madrycie. Pierwszy profesjonalny sklep z mr\u00f3wkami w Hiszpanii.\" \/>\n<meta name=\"robots\" content=\"index, follow, max-snippet:-1, max-image-preview:large, max-video-preview:-1\" \/>\n<link rel=\"canonical\" href=\"https:\/\/antderground.com\/pl\/produkt\/modulowe-formikarium-20x20-z-grzybkiem-i-systemem-parowania\/\" \/>\n<meta property=\"og:locale\" content=\"pl_PL\" \/>\n<meta property=\"og:type\" content=\"article\" \/>\n<meta property=\"og:title\" content=\"Modu\u0142owe formikarium 20x20 z grzybkiem i systemem parowania - ANTDERGROUND\" \/>\n<meta property=\"og:description\" content=\"Jeste\u015bmy producentem formikari\u00f3w w Hiszpanii, z oddzia\u0142ami w Barcelonie i Madrycie. Pierwszy profesjonalny sklep z mr\u00f3wkami w Hiszpanii.\" \/>\n<meta property=\"og:url\" content=\"https:\/\/antderground.com\/pl\/produkt\/modulowe-formikarium-20x20-z-grzybkiem-i-systemem-parowania\/\" \/>\n<meta property=\"og:site_name\" content=\"ANTDERGROUND\" \/>\n<meta property=\"og:image\" content=\"https:\/\/antderground.com\/wp-content\/uploads\/2021\/09\/hormiguero-modular-20-x-20-seta-y-evaporacion.jpg\" \/>\n\t<meta property=\"og:image:width\" content=\"591\" \/>\n\t<meta property=\"og:image:height\" content=\"601\" \/>\n\t<meta property=\"og:image:type\" content=\"image\/jpeg\" \/>\n<meta name=\"twitter:card\" content=\"summary_large_image\" \/>\n<script type=\"application\/ld+json\" class=\"yoast-schema-graph\">{\"@context\":\"https:\\\/\\\/schema.org\",\"@graph\":[{\"@type\":\"WebPage\",\"@id\":\"https:\\\/\\\/antderground.com\\\/pl\\\/produkt\\\/modulowe-formikarium-20x20-z-grzybkiem-i-systemem-parowania\\\/\",\"url\":\"https:\\\/\\\/antderground.com\\\/pl\\\/produkt\\\/modulowe-formikarium-20x20-z-grzybkiem-i-systemem-parowania\\\/\",\"name\":\"Modu\u0142owe formikarium 20x20 z grzybkiem i systemem parowania - ANTDERGROUND\",\"isPartOf\":{\"@id\":\"https:\\\/\\\/antderground.com\\\/pl\\\/#website\"},\"primaryImageOfPage\":{\"@id\":\"https:\\\/\\\/antderground.com\\\/pl\\\/produkt\\\/modulowe-formikarium-20x20-z-grzybkiem-i-systemem-parowania\\\/#primaryimage\"},\"image\":{\"@id\":\"https:\\\/\\\/antderground.com\\\/pl\\\/produkt\\\/modulowe-formikarium-20x20-z-grzybkiem-i-systemem-parowania\\\/#primaryimage\"},\"thumbnailUrl\":\"https:\\\/\\\/antderground.com\\\/wp-content\\\/uploads\\\/2021\\\/09\\\/hormiguero-modular-20-x-20-seta-y-evaporacion.jpg\",\"datePublished\":\"2021-09-19T20:31:24+00:00\",\"description\":\"Jeste\u015bmy producentem formikari\u00f3w w Hiszpanii, z oddzia\u0142ami w Barcelonie i Madrycie. Pierwszy profesjonalny sklep z mr\u00f3wkami w Hiszpanii.\",\"breadcrumb\":{\"@id\":\"https:\\\/\\\/antderground.com\\\/pl\\\/produkt\\\/modulowe-formikarium-20x20-z-grzybkiem-i-systemem-parowania\\\/#breadcrumb\"},\"inLanguage\":\"pl-PL\",\"potentialAction\":[{\"@type\":\"ReadAction\",\"target\":[\"https:\\\/\\\/antderground.com\\\/pl\\\/produkt\\\/modulowe-formikarium-20x20-z-grzybkiem-i-systemem-parowania\\\/\"]}]},{\"@type\":\"ImageObject\",\"inLanguage\":\"pl-PL\",\"@id\":\"https:\\\/\\\/antderground.com\\\/pl\\\/produkt\\\/modulowe-formikarium-20x20-z-grzybkiem-i-systemem-parowania\\\/#primaryimage\",\"url\":\"https:\\\/\\\/antderground.com\\\/wp-content\\\/uploads\\\/2021\\\/09\\\/hormiguero-modular-20-x-20-seta-y-evaporacion.jpg\",\"contentUrl\":\"https:\\\/\\\/antderground.com\\\/wp-content\\\/uploads\\\/2021\\\/09\\\/hormiguero-modular-20-x-20-seta-y-evaporacion.jpg\",\"width\":591,\"height\":601},{\"@type\":\"BreadcrumbList\",\"@id\":\"https:\\\/\\\/antderground.com\\\/pl\\\/produkt\\\/modulowe-formikarium-20x20-z-grzybkiem-i-systemem-parowania\\\/#breadcrumb\",\"itemListElement\":[{\"@type\":\"ListItem\",\"position\":1,\"name\":\"Portada\",\"item\":\"https:\\\/\\\/antderground.com\\\/pl\\\/\"},{\"@type\":\"ListItem\",\"position\":2,\"name\":\"Sklep\",\"item\":\"https:\\\/\\\/antderground.com\\\/pl\\\/sklep\\\/\"},{\"@type\":\"ListItem\",\"position\":3,\"name\":\"Modu\u0142owe formikarium 20&#215;20 z grzybkiem i systemem parowania\"}]},{\"@type\":\"WebSite\",\"@id\":\"https:\\\/\\\/antderground.com\\\/pl\\\/#website\",\"url\":\"https:\\\/\\\/antderground.com\\\/pl\\\/\",\"name\":\"ANTDERGROUND\",\"description\":\"Tu tienda de hormigas, gran variedad de hormigueros acr\u00edlicos,madera,arena,3D y mas.. Pide tus hormigas gratis con tu pedido, somos expertos en hormigueros antifugas.\",\"publisher\":{\"@id\":\"https:\\\/\\\/antderground.com\\\/pl\\\/#\\\/schema\\\/person\\\/0e322c505e84fe72c65e2f6d08f96b81\"},\"alternateName\":\"Antderground\",\"potentialAction\":[{\"@type\":\"SearchAction\",\"target\":{\"@type\":\"EntryPoint\",\"urlTemplate\":\"https:\\\/\\\/antderground.com\\\/pl\\\/?s={search_term_string}\"},\"query-input\":{\"@type\":\"PropertyValueSpecification\",\"valueRequired\":true,\"valueName\":\"search_term_string\"}}],\"inLanguage\":\"pl-PL\"},{\"@type\":[\"Person\",\"Organization\"],\"@id\":\"https:\\\/\\\/antderground.com\\\/pl\\\/#\\\/schema\\\/person\\\/0e322c505e84fe72c65e2f6d08f96b81\",\"name\":\"Eric de Antderground\",\"image\":{\"@type\":\"ImageObject\",\"inLanguage\":\"pl-PL\",\"@id\":\"https:\\\/\\\/secure.gravatar.com\\\/avatar\\\/c49a1b9f79216d1498cb73c1e85cd47f4465dda35f2a94c03790d491bd4423c3?s=96&d=mm&r=g\",\"url\":\"https:\\\/\\\/secure.gravatar.com\\\/avatar\\\/c49a1b9f79216d1498cb73c1e85cd47f4465dda35f2a94c03790d491bd4423c3?s=96&d=mm&r=g\",\"contentUrl\":\"https:\\\/\\\/secure.gravatar.com\\\/avatar\\\/c49a1b9f79216d1498cb73c1e85cd47f4465dda35f2a94c03790d491bd4423c3?s=96&d=mm&r=g\",\"caption\":\"Eric de Antderground\"},\"logo\":{\"@id\":\"https:\\\/\\\/secure.gravatar.com\\\/avatar\\\/c49a1b9f79216d1498cb73c1e85cd47f4465dda35f2a94c03790d491bd4423c3?s=96&d=mm&r=g\"},\"description\":\"Eric es el especialista y fundador de Antderground, con una amplia trayectoria en artr\u00f3podos y enfocado en la mirmecolog\u00eda y el dise\u00f1o de hormigueros artificiales. Su enfoque combina la innovaci\u00f3n t\u00e9cnica con el respeto por la biolog\u00eda de las hormigas, is\u00f3podos y otros, desarrollando sistemas de nidos modulares 3D y acr\u00edlicos que son referentes para aficionados y profesionales en toda Europa. Su objetivo es facilitar la cr\u00eda de hormigas y otros artr\u00f3podos mediante soluciones seguras y divulgaci\u00f3n de calidad.\",\"sameAs\":[\"https:\\\/\\\/antderground.com\\\/\",\"https:\\\/\\\/www.youtube.com\\\/channel\\\/UCio72z7TlbufkAthAJIJfPw\"]}]}<\/script>\n<!-- \/ Yoast SEO plugin. -->","yoast_head_json":{"title":"Modu\u0142owe formikarium 20x20 z grzybkiem i systemem parowania - ANTDERGROUND","description":"Jeste\u015bmy producentem formikari\u00f3w w Hiszpanii, z oddzia\u0142ami w Barcelonie i Madrycie. Pierwszy profesjonalny sklep z mr\u00f3wkami w Hiszpanii.","robots":{"index":"index","follow":"follow","max-snippet":"max-snippet:-1","max-image-preview":"max-image-preview:large","max-video-preview":"max-video-preview:-1"},"canonical":"https:\/\/antderground.com\/pl\/produkt\/modulowe-formikarium-20x20-z-grzybkiem-i-systemem-parowania\/","og_locale":"pl_PL","og_type":"article","og_title":"Modu\u0142owe formikarium 20x20 z grzybkiem i systemem parowania - ANTDERGROUND","og_description":"Jeste\u015bmy producentem formikari\u00f3w w Hiszpanii, z oddzia\u0142ami w Barcelonie i Madrycie. Pierwszy profesjonalny sklep z mr\u00f3wkami w Hiszpanii.","og_url":"https:\/\/antderground.com\/pl\/produkt\/modulowe-formikarium-20x20-z-grzybkiem-i-systemem-parowania\/","og_site_name":"ANTDERGROUND","og_image":[{"width":591,"height":601,"url":"https:\/\/antderground.com\/wp-content\/uploads\/2021\/09\/hormiguero-modular-20-x-20-seta-y-evaporacion.jpg","type":"image\/jpeg"}],"twitter_card":"summary_large_image","schema":{"@context":"https:\/\/schema.org","@graph":[{"@type":"WebPage","@id":"https:\/\/antderground.com\/pl\/produkt\/modulowe-formikarium-20x20-z-grzybkiem-i-systemem-parowania\/","url":"https:\/\/antderground.com\/pl\/produkt\/modulowe-formikarium-20x20-z-grzybkiem-i-systemem-parowania\/","name":"Modu\u0142owe formikarium 20x20 z grzybkiem i systemem parowania - ANTDERGROUND","isPartOf":{"@id":"https:\/\/antderground.com\/pl\/#website"},"primaryImageOfPage":{"@id":"https:\/\/antderground.com\/pl\/produkt\/modulowe-formikarium-20x20-z-grzybkiem-i-systemem-parowania\/#primaryimage"},"image":{"@id":"https:\/\/antderground.com\/pl\/produkt\/modulowe-formikarium-20x20-z-grzybkiem-i-systemem-parowania\/#primaryimage"},"thumbnailUrl":"https:\/\/antderground.com\/wp-content\/uploads\/2021\/09\/hormiguero-modular-20-x-20-seta-y-evaporacion.jpg","datePublished":"2021-09-19T20:31:24+00:00","description":"Jeste\u015bmy producentem formikari\u00f3w w Hiszpanii, z oddzia\u0142ami w Barcelonie i Madrycie. Pierwszy profesjonalny sklep z mr\u00f3wkami w Hiszpanii.","breadcrumb":{"@id":"https:\/\/antderground.com\/pl\/produkt\/modulowe-formikarium-20x20-z-grzybkiem-i-systemem-parowania\/#breadcrumb"},"inLanguage":"pl-PL","potentialAction":[{"@type":"ReadAction","target":["https:\/\/antderground.com\/pl\/produkt\/modulowe-formikarium-20x20-z-grzybkiem-i-systemem-parowania\/"]}]},{"@type":"ImageObject","inLanguage":"pl-PL","@id":"https:\/\/antderground.com\/pl\/produkt\/modulowe-formikarium-20x20-z-grzybkiem-i-systemem-parowania\/#primaryimage","url":"https:\/\/antderground.com\/wp-content\/uploads\/2021\/09\/hormiguero-modular-20-x-20-seta-y-evaporacion.jpg","contentUrl":"https:\/\/antderground.com\/wp-content\/uploads\/2021\/09\/hormiguero-modular-20-x-20-seta-y-evaporacion.jpg","width":591,"height":601},{"@type":"BreadcrumbList","@id":"https:\/\/antderground.com\/pl\/produkt\/modulowe-formikarium-20x20-z-grzybkiem-i-systemem-parowania\/#breadcrumb","itemListElement":[{"@type":"ListItem","position":1,"name":"Portada","item":"https:\/\/antderground.com\/pl\/"},{"@type":"ListItem","position":2,"name":"Sklep","item":"https:\/\/antderground.com\/pl\/sklep\/"},{"@type":"ListItem","position":3,"name":"Modu\u0142owe formikarium 20&#215;20 z grzybkiem i systemem parowania"}]},{"@type":"WebSite","@id":"https:\/\/antderground.com\/pl\/#website","url":"https:\/\/antderground.com\/pl\/","name":"ANTDERGROUND","description":"Tu tienda de hormigas, gran variedad de hormigueros acr\u00edlicos,madera,arena,3D y mas.. Pide tus hormigas gratis con tu pedido, somos expertos en hormigueros antifugas.","publisher":{"@id":"https:\/\/antderground.com\/pl\/#\/schema\/person\/0e322c505e84fe72c65e2f6d08f96b81"},"alternateName":"Antderground","potentialAction":[{"@type":"SearchAction","target":{"@type":"EntryPoint","urlTemplate":"https:\/\/antderground.com\/pl\/?s={search_term_string}"},"query-input":{"@type":"PropertyValueSpecification","valueRequired":true,"valueName":"search_term_string"}}],"inLanguage":"pl-PL"},{"@type":["Person","Organization"],"@id":"https:\/\/antderground.com\/pl\/#\/schema\/person\/0e322c505e84fe72c65e2f6d08f96b81","name":"Eric de Antderground","image":{"@type":"ImageObject","inLanguage":"pl-PL","@id":"https:\/\/secure.gravatar.com\/avatar\/c49a1b9f79216d1498cb73c1e85cd47f4465dda35f2a94c03790d491bd4423c3?s=96&d=mm&r=g","url":"https:\/\/secure.gravatar.com\/avatar\/c49a1b9f79216d1498cb73c1e85cd47f4465dda35f2a94c03790d491bd4423c3?s=96&d=mm&r=g","contentUrl":"https:\/\/secure.gravatar.com\/avatar\/c49a1b9f79216d1498cb73c1e85cd47f4465dda35f2a94c03790d491bd4423c3?s=96&d=mm&r=g","caption":"Eric de Antderground"},"logo":{"@id":"https:\/\/secure.gravatar.com\/avatar\/c49a1b9f79216d1498cb73c1e85cd47f4465dda35f2a94c03790d491bd4423c3?s=96&d=mm&r=g"},"description":"Eric es el especialista y fundador de Antderground, con una amplia trayectoria en artr\u00f3podos y enfocado en la mirmecolog\u00eda y el dise\u00f1o de hormigueros artificiales. Su enfoque combina la innovaci\u00f3n t\u00e9cnica con el respeto por la biolog\u00eda de las hormigas, is\u00f3podos y otros, desarrollando sistemas de nidos modulares 3D y acr\u00edlicos que son referentes para aficionados y profesionales en toda Europa. Su objetivo es facilitar la cr\u00eda de hormigas y otros artr\u00f3podos mediante soluciones seguras y divulgaci\u00f3n de calidad.","sameAs":["https:\/\/antderground.com\/","https:\/\/www.youtube.com\/channel\/UCio72z7TlbufkAthAJIJfPw"]}]}},"_links":{"self":[{"href":"https:\/\/antderground.com\/pl\/wp-json\/wp\/v2\/product\/49287","targetHints":{"allow":["GET"]}}],"collection":[{"href":"https:\/\/antderground.com\/pl\/wp-json\/wp\/v2\/product"}],"about":[{"href":"https:\/\/antderground.com\/pl\/wp-json\/wp\/v2\/types\/product"}],"version-history":[{"count":0,"href":"https:\/\/antderground.com\/pl\/wp-json\/wp\/v2\/product\/49287\/revisions"}],"wp:featuredmedia":[{"embeddable":true,"href":"https:\/\/antderground.com\/pl\/wp-json\/wp\/v2\/media\/49291"}],"wp:attachment":[{"href":"https:\/\/antderground.com\/pl\/wp-json\/wp\/v2\/media?parent=49287"}],"wp:term":[{"taxonomy":"product_brand","embeddable":true,"href":"https:\/\/antderground.com\/pl\/wp-json\/wp\/v2\/product_brand?post=49287"},{"taxonomy":"product_cat","embeddable":true,"href":"https:\/\/antderground.com\/pl\/wp-json\/wp\/v2\/product_cat?post=49287"},{"taxonomy":"product_tag","embeddable":true,"href":"https:\/\/antderground.com\/pl\/wp-json\/wp\/v2\/product_tag?post=49287"}],"curies":[{"name":"wp","href":"https:\/\/api.w.org\/{rel}","templated":true}]}}