{"id":49299,"date":"2021-01-23T19:10:39","date_gmt":"2021-01-23T18:10:39","guid":{"rendered":"https:\/\/antderground.com\/producto\/modulowe-formikarium-pionowe-drewniane-10x10\/"},"modified":"2021-01-23T19:10:39","modified_gmt":"2021-01-23T18:10:39","slug":"modulowe-formikarium-pionowe-drewniane-10x10","status":"publish","type":"product","link":"https:\/\/antderground.com\/pl\/produkt\/modulowe-formikarium-pionowe-drewniane-10x10\/","title":{"rendered":"Modu\u0142owe formikarium pionowe drewniane 10&#215;10"},"content":{"rendered":"<p>Nowo\u015bci\u0105 w tym modu\u0142owym drewnianym formikarium jest to, \u017ce jest ono pionowe i modu\u0142owe. Posiada konstrukcj\u0119 z pionow\u0105 struktur\u0105, idealn\u0105 dla naszych mr\u00f3wek, oraz drzwiczki bezpiecze\u0144stwa, kt\u00f3re doskonale sprawdzaj\u0105 si\u0119 w momencie \u0142\u0105czenia naszych modu\u0142\u00f3w. Zestaw zawiera czerwon\u0105 pokryw\u0119.<\/p>\n","protected":false},"excerpt":{"rendered":"<p>Nowo\u015bci\u0105 w tym modu\u0142owym drewnianym formikarium jest to, \u017ce jest ono pionowe i modu\u0142owe. Posiada konstrukcj\u0119 z pionow\u0105 struktur\u0105, idealn\u0105<\/p>\n","protected":false},"featured_media":49300,"template":"","meta":[],"product_brand":[],"product_cat":[803,807,811,812],"product_tag":[],"class_list":{"0":"post-49299","1":"product","2":"type-product","3":"status-publish","4":"has-post-thumbnail","6":"product_cat-formikaria","7":"product_cat-drewniane","8":"product_cat-modulowe","9":"product_cat-pionowe","11":"first","12":"instock","13":"shipping-taxable","14":"purchasable","15":"product-type-variable"},"yoast_head":"<!-- This site is optimized with the Yoast SEO plugin v27.4 - https:\/\/yoast.com\/product\/yoast-seo-wordpress\/ -->\n<title>Modu\u0142owe formikarium pionowe drewniane 10x10 - ANTDERGROUND<\/title>\n<meta name=\"description\" content=\"Modu\u0142owe formikarium pionowe drewniane 10x10 od Antderground. Nasze formikaria modu\u0142owe nie znaj\u0105 granic! Idealne dla Twoich mr\u00f3wek!\" \/>\n<meta name=\"robots\" content=\"index, follow, max-snippet:-1, max-image-preview:large, max-video-preview:-1\" \/>\n<link rel=\"canonical\" href=\"https:\/\/antderground.com\/pl\/produkt\/modulowe-formikarium-pionowe-drewniane-10x10\/\" \/>\n<meta property=\"og:locale\" content=\"pl_PL\" \/>\n<meta property=\"og:type\" content=\"article\" \/>\n<meta property=\"og:title\" content=\"Modu\u0142owe formikarium pionowe drewniane 10x10 - ANTDERGROUND\" \/>\n<meta property=\"og:description\" content=\"Modu\u0142owe formikarium pionowe drewniane 10x10 od Antderground. Nasze formikaria modu\u0142owe nie znaj\u0105 granic! Idealne dla Twoich mr\u00f3wek!\" \/>\n<meta property=\"og:url\" content=\"https:\/\/antderground.com\/pl\/produkt\/modulowe-formikarium-pionowe-drewniane-10x10\/\" \/>\n<meta property=\"og:site_name\" content=\"ANTDERGROUND\" \/>\n<meta property=\"og:image\" content=\"https:\/\/antderground.com\/wp-content\/uploads\/2021\/01\/WhatsApp-Image-2021-01-23-at-11.13.23.jpeg\" \/>\n\t<meta property=\"og:image:width\" content=\"849\" \/>\n\t<meta property=\"og:image:height\" content=\"849\" \/>\n\t<meta property=\"og:image:type\" content=\"image\/jpeg\" \/>\n<meta name=\"twitter:card\" content=\"summary_large_image\" \/>\n<script type=\"application\/ld+json\" class=\"yoast-schema-graph\">{\"@context\":\"https:\\\/\\\/schema.org\",\"@graph\":[{\"@type\":\"WebPage\",\"@id\":\"https:\\\/\\\/antderground.com\\\/pl\\\/produkt\\\/modulowe-formikarium-pionowe-drewniane-10x10\\\/\",\"url\":\"https:\\\/\\\/antderground.com\\\/pl\\\/produkt\\\/modulowe-formikarium-pionowe-drewniane-10x10\\\/\",\"name\":\"Modu\u0142owe formikarium pionowe drewniane 10x10 - ANTDERGROUND\",\"isPartOf\":{\"@id\":\"https:\\\/\\\/antderground.com\\\/pl\\\/#website\"},\"primaryImageOfPage\":{\"@id\":\"https:\\\/\\\/antderground.com\\\/pl\\\/produkt\\\/modulowe-formikarium-pionowe-drewniane-10x10\\\/#primaryimage\"},\"image\":{\"@id\":\"https:\\\/\\\/antderground.com\\\/pl\\\/produkt\\\/modulowe-formikarium-pionowe-drewniane-10x10\\\/#primaryimage\"},\"thumbnailUrl\":\"https:\\\/\\\/antderground.com\\\/wp-content\\\/uploads\\\/2021\\\/01\\\/WhatsApp-Image-2021-01-23-at-11.13.23.jpeg\",\"datePublished\":\"2021-01-23T18:10:39+00:00\",\"description\":\"Modu\u0142owe formikarium pionowe drewniane 10x10 od Antderground. Nasze formikaria modu\u0142owe nie znaj\u0105 granic! Idealne dla Twoich mr\u00f3wek!\",\"breadcrumb\":{\"@id\":\"https:\\\/\\\/antderground.com\\\/pl\\\/produkt\\\/modulowe-formikarium-pionowe-drewniane-10x10\\\/#breadcrumb\"},\"inLanguage\":\"pl-PL\",\"potentialAction\":[{\"@type\":\"ReadAction\",\"target\":[\"https:\\\/\\\/antderground.com\\\/pl\\\/produkt\\\/modulowe-formikarium-pionowe-drewniane-10x10\\\/\"]}]},{\"@type\":\"ImageObject\",\"inLanguage\":\"pl-PL\",\"@id\":\"https:\\\/\\\/antderground.com\\\/pl\\\/produkt\\\/modulowe-formikarium-pionowe-drewniane-10x10\\\/#primaryimage\",\"url\":\"https:\\\/\\\/antderground.com\\\/wp-content\\\/uploads\\\/2021\\\/01\\\/WhatsApp-Image-2021-01-23-at-11.13.23.jpeg\",\"contentUrl\":\"https:\\\/\\\/antderground.com\\\/wp-content\\\/uploads\\\/2021\\\/01\\\/WhatsApp-Image-2021-01-23-at-11.13.23.jpeg\",\"width\":849,\"height\":849,\"caption\":\"Modu\u0142owe formikarium pionowe drewniane 10x10\"},{\"@type\":\"BreadcrumbList\",\"@id\":\"https:\\\/\\\/antderground.com\\\/pl\\\/produkt\\\/modulowe-formikarium-pionowe-drewniane-10x10\\\/#breadcrumb\",\"itemListElement\":[{\"@type\":\"ListItem\",\"position\":1,\"name\":\"Portada\",\"item\":\"https:\\\/\\\/antderground.com\\\/pl\\\/\"},{\"@type\":\"ListItem\",\"position\":2,\"name\":\"Sklep\",\"item\":\"https:\\\/\\\/antderground.com\\\/pl\\\/sklep\\\/\"},{\"@type\":\"ListItem\",\"position\":3,\"name\":\"Modu\u0142owe formikarium pionowe drewniane 10&#215;10\"}]},{\"@type\":\"WebSite\",\"@id\":\"https:\\\/\\\/antderground.com\\\/pl\\\/#website\",\"url\":\"https:\\\/\\\/antderground.com\\\/pl\\\/\",\"name\":\"ANTDERGROUND\",\"description\":\"Tu tienda de hormigas, gran variedad de hormigueros acr\u00edlicos,madera,arena,3D y mas.. Pide tus hormigas gratis con tu pedido, somos expertos en hormigueros antifugas.\",\"publisher\":{\"@id\":\"https:\\\/\\\/antderground.com\\\/pl\\\/#\\\/schema\\\/person\\\/0e322c505e84fe72c65e2f6d08f96b81\"},\"alternateName\":\"Antderground\",\"potentialAction\":[{\"@type\":\"SearchAction\",\"target\":{\"@type\":\"EntryPoint\",\"urlTemplate\":\"https:\\\/\\\/antderground.com\\\/pl\\\/?s={search_term_string}\"},\"query-input\":{\"@type\":\"PropertyValueSpecification\",\"valueRequired\":true,\"valueName\":\"search_term_string\"}}],\"inLanguage\":\"pl-PL\"},{\"@type\":[\"Person\",\"Organization\"],\"@id\":\"https:\\\/\\\/antderground.com\\\/pl\\\/#\\\/schema\\\/person\\\/0e322c505e84fe72c65e2f6d08f96b81\",\"name\":\"Eric de Antderground\",\"image\":{\"@type\":\"ImageObject\",\"inLanguage\":\"pl-PL\",\"@id\":\"https:\\\/\\\/secure.gravatar.com\\\/avatar\\\/c49a1b9f79216d1498cb73c1e85cd47f4465dda35f2a94c03790d491bd4423c3?s=96&d=mm&r=g\",\"url\":\"https:\\\/\\\/secure.gravatar.com\\\/avatar\\\/c49a1b9f79216d1498cb73c1e85cd47f4465dda35f2a94c03790d491bd4423c3?s=96&d=mm&r=g\",\"contentUrl\":\"https:\\\/\\\/secure.gravatar.com\\\/avatar\\\/c49a1b9f79216d1498cb73c1e85cd47f4465dda35f2a94c03790d491bd4423c3?s=96&d=mm&r=g\",\"caption\":\"Eric de Antderground\"},\"logo\":{\"@id\":\"https:\\\/\\\/secure.gravatar.com\\\/avatar\\\/c49a1b9f79216d1498cb73c1e85cd47f4465dda35f2a94c03790d491bd4423c3?s=96&d=mm&r=g\"},\"description\":\"Eric es el especialista y fundador de Antderground, con una amplia trayectoria en artr\u00f3podos y enfocado en la mirmecolog\u00eda y el dise\u00f1o de hormigueros artificiales. Su enfoque combina la innovaci\u00f3n t\u00e9cnica con el respeto por la biolog\u00eda de las hormigas, is\u00f3podos y otros, desarrollando sistemas de nidos modulares 3D y acr\u00edlicos que son referentes para aficionados y profesionales en toda Europa. Su objetivo es facilitar la cr\u00eda de hormigas y otros artr\u00f3podos mediante soluciones seguras y divulgaci\u00f3n de calidad.\",\"sameAs\":[\"https:\\\/\\\/antderground.com\\\/\",\"https:\\\/\\\/www.youtube.com\\\/channel\\\/UCio72z7TlbufkAthAJIJfPw\"]}]}<\/script>\n<!-- \/ Yoast SEO plugin. -->","yoast_head_json":{"title":"Modu\u0142owe formikarium pionowe drewniane 10x10 - ANTDERGROUND","description":"Modu\u0142owe formikarium pionowe drewniane 10x10 od Antderground. Nasze formikaria modu\u0142owe nie znaj\u0105 granic! Idealne dla Twoich mr\u00f3wek!","robots":{"index":"index","follow":"follow","max-snippet":"max-snippet:-1","max-image-preview":"max-image-preview:large","max-video-preview":"max-video-preview:-1"},"canonical":"https:\/\/antderground.com\/pl\/produkt\/modulowe-formikarium-pionowe-drewniane-10x10\/","og_locale":"pl_PL","og_type":"article","og_title":"Modu\u0142owe formikarium pionowe drewniane 10x10 - ANTDERGROUND","og_description":"Modu\u0142owe formikarium pionowe drewniane 10x10 od Antderground. Nasze formikaria modu\u0142owe nie znaj\u0105 granic! Idealne dla Twoich mr\u00f3wek!","og_url":"https:\/\/antderground.com\/pl\/produkt\/modulowe-formikarium-pionowe-drewniane-10x10\/","og_site_name":"ANTDERGROUND","og_image":[{"width":849,"height":849,"url":"https:\/\/antderground.com\/wp-content\/uploads\/2021\/01\/WhatsApp-Image-2021-01-23-at-11.13.23.jpeg","type":"image\/jpeg"}],"twitter_card":"summary_large_image","schema":{"@context":"https:\/\/schema.org","@graph":[{"@type":"WebPage","@id":"https:\/\/antderground.com\/pl\/produkt\/modulowe-formikarium-pionowe-drewniane-10x10\/","url":"https:\/\/antderground.com\/pl\/produkt\/modulowe-formikarium-pionowe-drewniane-10x10\/","name":"Modu\u0142owe formikarium pionowe drewniane 10x10 - ANTDERGROUND","isPartOf":{"@id":"https:\/\/antderground.com\/pl\/#website"},"primaryImageOfPage":{"@id":"https:\/\/antderground.com\/pl\/produkt\/modulowe-formikarium-pionowe-drewniane-10x10\/#primaryimage"},"image":{"@id":"https:\/\/antderground.com\/pl\/produkt\/modulowe-formikarium-pionowe-drewniane-10x10\/#primaryimage"},"thumbnailUrl":"https:\/\/antderground.com\/wp-content\/uploads\/2021\/01\/WhatsApp-Image-2021-01-23-at-11.13.23.jpeg","datePublished":"2021-01-23T18:10:39+00:00","description":"Modu\u0142owe formikarium pionowe drewniane 10x10 od Antderground. Nasze formikaria modu\u0142owe nie znaj\u0105 granic! Idealne dla Twoich mr\u00f3wek!","breadcrumb":{"@id":"https:\/\/antderground.com\/pl\/produkt\/modulowe-formikarium-pionowe-drewniane-10x10\/#breadcrumb"},"inLanguage":"pl-PL","potentialAction":[{"@type":"ReadAction","target":["https:\/\/antderground.com\/pl\/produkt\/modulowe-formikarium-pionowe-drewniane-10x10\/"]}]},{"@type":"ImageObject","inLanguage":"pl-PL","@id":"https:\/\/antderground.com\/pl\/produkt\/modulowe-formikarium-pionowe-drewniane-10x10\/#primaryimage","url":"https:\/\/antderground.com\/wp-content\/uploads\/2021\/01\/WhatsApp-Image-2021-01-23-at-11.13.23.jpeg","contentUrl":"https:\/\/antderground.com\/wp-content\/uploads\/2021\/01\/WhatsApp-Image-2021-01-23-at-11.13.23.jpeg","width":849,"height":849,"caption":"Modu\u0142owe formikarium pionowe drewniane 10x10"},{"@type":"BreadcrumbList","@id":"https:\/\/antderground.com\/pl\/produkt\/modulowe-formikarium-pionowe-drewniane-10x10\/#breadcrumb","itemListElement":[{"@type":"ListItem","position":1,"name":"Portada","item":"https:\/\/antderground.com\/pl\/"},{"@type":"ListItem","position":2,"name":"Sklep","item":"https:\/\/antderground.com\/pl\/sklep\/"},{"@type":"ListItem","position":3,"name":"Modu\u0142owe formikarium pionowe drewniane 10&#215;10"}]},{"@type":"WebSite","@id":"https:\/\/antderground.com\/pl\/#website","url":"https:\/\/antderground.com\/pl\/","name":"ANTDERGROUND","description":"Tu tienda de hormigas, gran variedad de hormigueros acr\u00edlicos,madera,arena,3D y mas.. Pide tus hormigas gratis con tu pedido, somos expertos en hormigueros antifugas.","publisher":{"@id":"https:\/\/antderground.com\/pl\/#\/schema\/person\/0e322c505e84fe72c65e2f6d08f96b81"},"alternateName":"Antderground","potentialAction":[{"@type":"SearchAction","target":{"@type":"EntryPoint","urlTemplate":"https:\/\/antderground.com\/pl\/?s={search_term_string}"},"query-input":{"@type":"PropertyValueSpecification","valueRequired":true,"valueName":"search_term_string"}}],"inLanguage":"pl-PL"},{"@type":["Person","Organization"],"@id":"https:\/\/antderground.com\/pl\/#\/schema\/person\/0e322c505e84fe72c65e2f6d08f96b81","name":"Eric de Antderground","image":{"@type":"ImageObject","inLanguage":"pl-PL","@id":"https:\/\/secure.gravatar.com\/avatar\/c49a1b9f79216d1498cb73c1e85cd47f4465dda35f2a94c03790d491bd4423c3?s=96&d=mm&r=g","url":"https:\/\/secure.gravatar.com\/avatar\/c49a1b9f79216d1498cb73c1e85cd47f4465dda35f2a94c03790d491bd4423c3?s=96&d=mm&r=g","contentUrl":"https:\/\/secure.gravatar.com\/avatar\/c49a1b9f79216d1498cb73c1e85cd47f4465dda35f2a94c03790d491bd4423c3?s=96&d=mm&r=g","caption":"Eric de Antderground"},"logo":{"@id":"https:\/\/secure.gravatar.com\/avatar\/c49a1b9f79216d1498cb73c1e85cd47f4465dda35f2a94c03790d491bd4423c3?s=96&d=mm&r=g"},"description":"Eric es el especialista y fundador de Antderground, con una amplia trayectoria en artr\u00f3podos y enfocado en la mirmecolog\u00eda y el dise\u00f1o de hormigueros artificiales. Su enfoque combina la innovaci\u00f3n t\u00e9cnica con el respeto por la biolog\u00eda de las hormigas, is\u00f3podos y otros, desarrollando sistemas de nidos modulares 3D y acr\u00edlicos que son referentes para aficionados y profesionales en toda Europa. Su objetivo es facilitar la cr\u00eda de hormigas y otros artr\u00f3podos mediante soluciones seguras y divulgaci\u00f3n de calidad.","sameAs":["https:\/\/antderground.com\/","https:\/\/www.youtube.com\/channel\/UCio72z7TlbufkAthAJIJfPw"]}]}},"_links":{"self":[{"href":"https:\/\/antderground.com\/pl\/wp-json\/wp\/v2\/product\/49299","targetHints":{"allow":["GET"]}}],"collection":[{"href":"https:\/\/antderground.com\/pl\/wp-json\/wp\/v2\/product"}],"about":[{"href":"https:\/\/antderground.com\/pl\/wp-json\/wp\/v2\/types\/product"}],"version-history":[{"count":0,"href":"https:\/\/antderground.com\/pl\/wp-json\/wp\/v2\/product\/49299\/revisions"}],"wp:featuredmedia":[{"embeddable":true,"href":"https:\/\/antderground.com\/pl\/wp-json\/wp\/v2\/media\/49300"}],"wp:attachment":[{"href":"https:\/\/antderground.com\/pl\/wp-json\/wp\/v2\/media?parent=49299"}],"wp:term":[{"taxonomy":"product_brand","embeddable":true,"href":"https:\/\/antderground.com\/pl\/wp-json\/wp\/v2\/product_brand?post=49299"},{"taxonomy":"product_cat","embeddable":true,"href":"https:\/\/antderground.com\/pl\/wp-json\/wp\/v2\/product_cat?post=49299"},{"taxonomy":"product_tag","embeddable":true,"href":"https:\/\/antderground.com\/pl\/wp-json\/wp\/v2\/product_tag?post=49299"}],"curies":[{"name":"wp","href":"https:\/\/api.w.org\/{rel}","templated":true}]}}