{"id":49423,"date":"2019-07-03T23:42:48","date_gmt":"2019-07-03T21:42:48","guid":{"rendered":"https:\/\/antderground.com\/producto\/formikarium-z-grzybkiem-10-x-10-cm\/"},"modified":"2026-02-03T17:02:53","modified_gmt":"2026-02-03T16:02:53","slug":"formikarium-z-grzybkiem-10-x-10-cm","status":"publish","type":"product","link":"https:\/\/antderground.com\/pl\/produkt\/formikarium-z-grzybkiem-10-x-10-cm\/","title":{"rendered":"Formikarium z grzybkiem 10 x 10 cm"},"content":{"rendered":"","protected":false},"excerpt":{"rendered":"<p>Formikarium idealne do za\u0142o\u017cenia kolonii mr\u00f3wek. Posiada wiele stref dost\u0119pnych po zamkni\u0119ciu.<\/p>\n<p>Wyposa\u017cone w otw\u00f3r wej\u015bciowy do po\u0142\u0105czenia z innymi formikariami lub zewn\u0119trznymi arenami (cz\u0119\u015bciami wybiegowymi).<\/p>\n<p>Cechy produktu:<br \/>\nMateria\u0142: Akryl.<br \/>\nKolor: Bia\u0142y.<br \/>\nCzerwona pokrywa w zestawie.<br \/>\nWymiary: 10 x 10 cm.<br \/>\nSystem kontroli wilgotno\u015bci: Typ grzybek.<br \/>\nPodzia\u0142 na strefy: Tak.<\/p>\n","protected":false},"featured_media":49437,"template":"","meta":[],"product_brand":[],"product_cat":[803,805,806],"product_tag":[],"class_list":{"0":"post-49423","1":"product","2":"type-product","3":"status-publish","4":"has-post-thumbnail","6":"product_cat-formikaria","7":"product_cat-akrylowe","8":"product_cat-grzybek-i-gabka","10":"first","11":"instock","12":"shipping-taxable","13":"purchasable","14":"product-type-simple"},"yoast_head":"<!-- This site is optimized with the Yoast SEO plugin v27.3 - https:\/\/yoast.com\/product\/yoast-seo-wordpress\/ -->\n<title>Formikarium z grzybkiem 10 x 10 cm - Antderground<\/title>\n<meta name=\"description\" content=\"Formikarium akrylowe 10 x 10 cm z grzybkiem i g\u0105bk\u0105. Wszechstronne formikarium dla gatunk\u00f3w wymagaj\u0105cych wilgoci. Produkt wysokiej jako\u015bci.\" \/>\n<meta name=\"robots\" content=\"index, follow, max-snippet:-1, max-image-preview:large, max-video-preview:-1\" \/>\n<link rel=\"canonical\" href=\"https:\/\/antderground.com\/pl\/produkt\/formikarium-z-grzybkiem-10-x-10-cm\/\" \/>\n<meta property=\"og:locale\" content=\"pl_PL\" \/>\n<meta property=\"og:type\" content=\"article\" \/>\n<meta property=\"og:title\" content=\"Formikarium z grzybkiem 10 x 10 cm - Antderground\" \/>\n<meta property=\"og:description\" content=\"Formikarium akrylowe 10 x 10 cm z grzybkiem i g\u0105bk\u0105. Wszechstronne formikarium dla gatunk\u00f3w wymagaj\u0105cych wilgoci. Produkt wysokiej jako\u015bci.\" \/>\n<meta property=\"og:url\" content=\"https:\/\/antderground.com\/pl\/produkt\/formikarium-z-grzybkiem-10-x-10-cm\/\" \/>\n<meta property=\"og:site_name\" content=\"ANTDERGROUND\" \/>\n<meta property=\"article:modified_time\" content=\"2026-02-03T16:02:53+00:00\" \/>\n<meta property=\"og:image\" content=\"https:\/\/antderground.com\/wp-content\/uploads\/2019\/07\/hormiguero-10-x-10-seta-inicio.jpg\" \/>\n\t<meta property=\"og:image:width\" content=\"591\" \/>\n\t<meta property=\"og:image:height\" content=\"601\" \/>\n\t<meta property=\"og:image:type\" content=\"image\/jpeg\" \/>\n<meta name=\"twitter:card\" content=\"summary_large_image\" \/>\n<script type=\"application\/ld+json\" class=\"yoast-schema-graph\">{\"@context\":\"https:\\\/\\\/schema.org\",\"@graph\":[{\"@type\":\"WebPage\",\"@id\":\"https:\\\/\\\/antderground.com\\\/pl\\\/produkt\\\/formikarium-z-grzybkiem-10-x-10-cm\\\/\",\"url\":\"https:\\\/\\\/antderground.com\\\/pl\\\/produkt\\\/formikarium-z-grzybkiem-10-x-10-cm\\\/\",\"name\":\"Formikarium z grzybkiem 10 x 10 cm - Antderground\",\"isPartOf\":{\"@id\":\"https:\\\/\\\/antderground.com\\\/pl\\\/#website\"},\"primaryImageOfPage\":{\"@id\":\"https:\\\/\\\/antderground.com\\\/pl\\\/produkt\\\/formikarium-z-grzybkiem-10-x-10-cm\\\/#primaryimage\"},\"image\":{\"@id\":\"https:\\\/\\\/antderground.com\\\/pl\\\/produkt\\\/formikarium-z-grzybkiem-10-x-10-cm\\\/#primaryimage\"},\"thumbnailUrl\":\"https:\\\/\\\/antderground.com\\\/wp-content\\\/uploads\\\/2019\\\/07\\\/hormiguero-10-x-10-seta-inicio.jpg\",\"datePublished\":\"2019-07-03T21:42:48+00:00\",\"dateModified\":\"2026-02-03T16:02:53+00:00\",\"description\":\"Formikarium akrylowe 10 x 10 cm z grzybkiem i g\u0105bk\u0105. Wszechstronne formikarium dla gatunk\u00f3w wymagaj\u0105cych wilgoci. Produkt wysokiej jako\u015bci.\",\"breadcrumb\":{\"@id\":\"https:\\\/\\\/antderground.com\\\/pl\\\/produkt\\\/formikarium-z-grzybkiem-10-x-10-cm\\\/#breadcrumb\"},\"inLanguage\":\"pl-PL\",\"potentialAction\":[{\"@type\":\"ReadAction\",\"target\":[\"https:\\\/\\\/antderground.com\\\/pl\\\/produkt\\\/formikarium-z-grzybkiem-10-x-10-cm\\\/\"]}]},{\"@type\":\"ImageObject\",\"inLanguage\":\"pl-PL\",\"@id\":\"https:\\\/\\\/antderground.com\\\/pl\\\/produkt\\\/formikarium-z-grzybkiem-10-x-10-cm\\\/#primaryimage\",\"url\":\"https:\\\/\\\/antderground.com\\\/wp-content\\\/uploads\\\/2019\\\/07\\\/hormiguero-10-x-10-seta-inicio.jpg\",\"contentUrl\":\"https:\\\/\\\/antderground.com\\\/wp-content\\\/uploads\\\/2019\\\/07\\\/hormiguero-10-x-10-seta-inicio.jpg\",\"width\":591,\"height\":601},{\"@type\":\"BreadcrumbList\",\"@id\":\"https:\\\/\\\/antderground.com\\\/pl\\\/produkt\\\/formikarium-z-grzybkiem-10-x-10-cm\\\/#breadcrumb\",\"itemListElement\":[{\"@type\":\"ListItem\",\"position\":1,\"name\":\"Portada\",\"item\":\"https:\\\/\\\/antderground.com\\\/pl\\\/\"},{\"@type\":\"ListItem\",\"position\":2,\"name\":\"Sklep\",\"item\":\"https:\\\/\\\/antderground.com\\\/pl\\\/sklep\\\/\"},{\"@type\":\"ListItem\",\"position\":3,\"name\":\"Formikarium z grzybkiem 10 x 10 cm\"}]},{\"@type\":\"WebSite\",\"@id\":\"https:\\\/\\\/antderground.com\\\/pl\\\/#website\",\"url\":\"https:\\\/\\\/antderground.com\\\/pl\\\/\",\"name\":\"ANTDERGROUND\",\"description\":\"Tu tienda de hormigas, gran variedad de hormigueros acr\u00edlicos,madera,arena,3D y mas.. Pide tus hormigas gratis con tu pedido, somos expertos en hormigueros antifugas.\",\"publisher\":{\"@id\":\"https:\\\/\\\/antderground.com\\\/pl\\\/#\\\/schema\\\/person\\\/0e322c505e84fe72c65e2f6d08f96b81\"},\"alternateName\":\"Antderground\",\"potentialAction\":[{\"@type\":\"SearchAction\",\"target\":{\"@type\":\"EntryPoint\",\"urlTemplate\":\"https:\\\/\\\/antderground.com\\\/pl\\\/?s={search_term_string}\"},\"query-input\":{\"@type\":\"PropertyValueSpecification\",\"valueRequired\":true,\"valueName\":\"search_term_string\"}}],\"inLanguage\":\"pl-PL\"},{\"@type\":[\"Person\",\"Organization\"],\"@id\":\"https:\\\/\\\/antderground.com\\\/pl\\\/#\\\/schema\\\/person\\\/0e322c505e84fe72c65e2f6d08f96b81\",\"name\":\"Eric de Antderground\",\"image\":{\"@type\":\"ImageObject\",\"inLanguage\":\"pl-PL\",\"@id\":\"https:\\\/\\\/secure.gravatar.com\\\/avatar\\\/c49a1b9f79216d1498cb73c1e85cd47f4465dda35f2a94c03790d491bd4423c3?s=96&d=mm&r=g\",\"url\":\"https:\\\/\\\/secure.gravatar.com\\\/avatar\\\/c49a1b9f79216d1498cb73c1e85cd47f4465dda35f2a94c03790d491bd4423c3?s=96&d=mm&r=g\",\"contentUrl\":\"https:\\\/\\\/secure.gravatar.com\\\/avatar\\\/c49a1b9f79216d1498cb73c1e85cd47f4465dda35f2a94c03790d491bd4423c3?s=96&d=mm&r=g\",\"caption\":\"Eric de Antderground\"},\"logo\":{\"@id\":\"https:\\\/\\\/secure.gravatar.com\\\/avatar\\\/c49a1b9f79216d1498cb73c1e85cd47f4465dda35f2a94c03790d491bd4423c3?s=96&d=mm&r=g\"},\"description\":\"Eric es el especialista y fundador de Antderground, con una amplia trayectoria en artr\u00f3podos y enfocado en la mirmecolog\u00eda y el dise\u00f1o de hormigueros artificiales. Su enfoque combina la innovaci\u00f3n t\u00e9cnica con el respeto por la biolog\u00eda de las hormigas, is\u00f3podos y otros, desarrollando sistemas de nidos modulares 3D y acr\u00edlicos que son referentes para aficionados y profesionales en toda Europa. Su objetivo es facilitar la cr\u00eda de hormigas y otros artr\u00f3podos mediante soluciones seguras y divulgaci\u00f3n de calidad.\",\"sameAs\":[\"https:\\\/\\\/antderground.com\\\/\",\"https:\\\/\\\/www.youtube.com\\\/channel\\\/UCio72z7TlbufkAthAJIJfPw\"]}]}<\/script>\n<!-- \/ Yoast SEO plugin. -->","yoast_head_json":{"title":"Formikarium z grzybkiem 10 x 10 cm - Antderground","description":"Formikarium akrylowe 10 x 10 cm z grzybkiem i g\u0105bk\u0105. Wszechstronne formikarium dla gatunk\u00f3w wymagaj\u0105cych wilgoci. Produkt wysokiej jako\u015bci.","robots":{"index":"index","follow":"follow","max-snippet":"max-snippet:-1","max-image-preview":"max-image-preview:large","max-video-preview":"max-video-preview:-1"},"canonical":"https:\/\/antderground.com\/pl\/produkt\/formikarium-z-grzybkiem-10-x-10-cm\/","og_locale":"pl_PL","og_type":"article","og_title":"Formikarium z grzybkiem 10 x 10 cm - Antderground","og_description":"Formikarium akrylowe 10 x 10 cm z grzybkiem i g\u0105bk\u0105. Wszechstronne formikarium dla gatunk\u00f3w wymagaj\u0105cych wilgoci. Produkt wysokiej jako\u015bci.","og_url":"https:\/\/antderground.com\/pl\/produkt\/formikarium-z-grzybkiem-10-x-10-cm\/","og_site_name":"ANTDERGROUND","article_modified_time":"2026-02-03T16:02:53+00:00","og_image":[{"width":591,"height":601,"url":"https:\/\/antderground.com\/wp-content\/uploads\/2019\/07\/hormiguero-10-x-10-seta-inicio.jpg","type":"image\/jpeg"}],"twitter_card":"summary_large_image","schema":{"@context":"https:\/\/schema.org","@graph":[{"@type":"WebPage","@id":"https:\/\/antderground.com\/pl\/produkt\/formikarium-z-grzybkiem-10-x-10-cm\/","url":"https:\/\/antderground.com\/pl\/produkt\/formikarium-z-grzybkiem-10-x-10-cm\/","name":"Formikarium z grzybkiem 10 x 10 cm - Antderground","isPartOf":{"@id":"https:\/\/antderground.com\/pl\/#website"},"primaryImageOfPage":{"@id":"https:\/\/antderground.com\/pl\/produkt\/formikarium-z-grzybkiem-10-x-10-cm\/#primaryimage"},"image":{"@id":"https:\/\/antderground.com\/pl\/produkt\/formikarium-z-grzybkiem-10-x-10-cm\/#primaryimage"},"thumbnailUrl":"https:\/\/antderground.com\/wp-content\/uploads\/2019\/07\/hormiguero-10-x-10-seta-inicio.jpg","datePublished":"2019-07-03T21:42:48+00:00","dateModified":"2026-02-03T16:02:53+00:00","description":"Formikarium akrylowe 10 x 10 cm z grzybkiem i g\u0105bk\u0105. Wszechstronne formikarium dla gatunk\u00f3w wymagaj\u0105cych wilgoci. Produkt wysokiej jako\u015bci.","breadcrumb":{"@id":"https:\/\/antderground.com\/pl\/produkt\/formikarium-z-grzybkiem-10-x-10-cm\/#breadcrumb"},"inLanguage":"pl-PL","potentialAction":[{"@type":"ReadAction","target":["https:\/\/antderground.com\/pl\/produkt\/formikarium-z-grzybkiem-10-x-10-cm\/"]}]},{"@type":"ImageObject","inLanguage":"pl-PL","@id":"https:\/\/antderground.com\/pl\/produkt\/formikarium-z-grzybkiem-10-x-10-cm\/#primaryimage","url":"https:\/\/antderground.com\/wp-content\/uploads\/2019\/07\/hormiguero-10-x-10-seta-inicio.jpg","contentUrl":"https:\/\/antderground.com\/wp-content\/uploads\/2019\/07\/hormiguero-10-x-10-seta-inicio.jpg","width":591,"height":601},{"@type":"BreadcrumbList","@id":"https:\/\/antderground.com\/pl\/produkt\/formikarium-z-grzybkiem-10-x-10-cm\/#breadcrumb","itemListElement":[{"@type":"ListItem","position":1,"name":"Portada","item":"https:\/\/antderground.com\/pl\/"},{"@type":"ListItem","position":2,"name":"Sklep","item":"https:\/\/antderground.com\/pl\/sklep\/"},{"@type":"ListItem","position":3,"name":"Formikarium z grzybkiem 10 x 10 cm"}]},{"@type":"WebSite","@id":"https:\/\/antderground.com\/pl\/#website","url":"https:\/\/antderground.com\/pl\/","name":"ANTDERGROUND","description":"Tu tienda de hormigas, gran variedad de hormigueros acr\u00edlicos,madera,arena,3D y mas.. Pide tus hormigas gratis con tu pedido, somos expertos en hormigueros antifugas.","publisher":{"@id":"https:\/\/antderground.com\/pl\/#\/schema\/person\/0e322c505e84fe72c65e2f6d08f96b81"},"alternateName":"Antderground","potentialAction":[{"@type":"SearchAction","target":{"@type":"EntryPoint","urlTemplate":"https:\/\/antderground.com\/pl\/?s={search_term_string}"},"query-input":{"@type":"PropertyValueSpecification","valueRequired":true,"valueName":"search_term_string"}}],"inLanguage":"pl-PL"},{"@type":["Person","Organization"],"@id":"https:\/\/antderground.com\/pl\/#\/schema\/person\/0e322c505e84fe72c65e2f6d08f96b81","name":"Eric de Antderground","image":{"@type":"ImageObject","inLanguage":"pl-PL","@id":"https:\/\/secure.gravatar.com\/avatar\/c49a1b9f79216d1498cb73c1e85cd47f4465dda35f2a94c03790d491bd4423c3?s=96&d=mm&r=g","url":"https:\/\/secure.gravatar.com\/avatar\/c49a1b9f79216d1498cb73c1e85cd47f4465dda35f2a94c03790d491bd4423c3?s=96&d=mm&r=g","contentUrl":"https:\/\/secure.gravatar.com\/avatar\/c49a1b9f79216d1498cb73c1e85cd47f4465dda35f2a94c03790d491bd4423c3?s=96&d=mm&r=g","caption":"Eric de Antderground"},"logo":{"@id":"https:\/\/secure.gravatar.com\/avatar\/c49a1b9f79216d1498cb73c1e85cd47f4465dda35f2a94c03790d491bd4423c3?s=96&d=mm&r=g"},"description":"Eric es el especialista y fundador de Antderground, con una amplia trayectoria en artr\u00f3podos y enfocado en la mirmecolog\u00eda y el dise\u00f1o de hormigueros artificiales. Su enfoque combina la innovaci\u00f3n t\u00e9cnica con el respeto por la biolog\u00eda de las hormigas, is\u00f3podos y otros, desarrollando sistemas de nidos modulares 3D y acr\u00edlicos que son referentes para aficionados y profesionales en toda Europa. Su objetivo es facilitar la cr\u00eda de hormigas y otros artr\u00f3podos mediante soluciones seguras y divulgaci\u00f3n de calidad.","sameAs":["https:\/\/antderground.com\/","https:\/\/www.youtube.com\/channel\/UCio72z7TlbufkAthAJIJfPw"]}]}},"_links":{"self":[{"href":"https:\/\/antderground.com\/pl\/wp-json\/wp\/v2\/product\/49423","targetHints":{"allow":["GET"]}}],"collection":[{"href":"https:\/\/antderground.com\/pl\/wp-json\/wp\/v2\/product"}],"about":[{"href":"https:\/\/antderground.com\/pl\/wp-json\/wp\/v2\/types\/product"}],"version-history":[{"count":1,"href":"https:\/\/antderground.com\/pl\/wp-json\/wp\/v2\/product\/49423\/revisions"}],"predecessor-version":[{"id":49438,"href":"https:\/\/antderground.com\/pl\/wp-json\/wp\/v2\/product\/49423\/revisions\/49438"}],"wp:featuredmedia":[{"embeddable":true,"href":"https:\/\/antderground.com\/pl\/wp-json\/wp\/v2\/media\/49437"}],"wp:attachment":[{"href":"https:\/\/antderground.com\/pl\/wp-json\/wp\/v2\/media?parent=49423"}],"wp:term":[{"taxonomy":"product_brand","embeddable":true,"href":"https:\/\/antderground.com\/pl\/wp-json\/wp\/v2\/product_brand?post=49423"},{"taxonomy":"product_cat","embeddable":true,"href":"https:\/\/antderground.com\/pl\/wp-json\/wp\/v2\/product_cat?post=49423"},{"taxonomy":"product_tag","embeddable":true,"href":"https:\/\/antderground.com\/pl\/wp-json\/wp\/v2\/product_tag?post=49423"}],"curies":[{"name":"wp","href":"https:\/\/api.w.org\/{rel}","templated":true}]}}