{"id":49445,"date":"2024-12-03T14:56:56","date_gmt":"2024-12-03T13:56:56","guid":{"rendered":"https:\/\/antderground.com\/producto\/odontomachus-rixosus\/"},"modified":"2024-12-03T14:56:56","modified_gmt":"2024-12-03T13:56:56","slug":"odontomachus-rixosus","status":"publish","type":"product","link":"https:\/\/antderground.com\/pl\/produkt\/odontomachus-rixosus\/","title":{"rendered":"Odontomachus rixosus"},"content":{"rendered":"<h3><strong>Karta techniczna: Mr\u00f3wka Odontomachus rixosus<\/strong><\/h3>\n<h4><strong>Klasyfikacja naukowa<\/strong><\/h4>\n<ul>\n<li><strong>Kr\u00f3lestwo:<\/strong> Animalia<\/li>\n<li><strong>Typ:<\/strong> Arthropoda<\/li>\n<li><strong>Klasa:<\/strong> Insecta<\/li>\n<li><strong>Rz\u0105d:<\/strong> Hymenoptera<\/li>\n<li><strong>Rodzina:<\/strong> Formicidae<\/li>\n<li><strong>Podrodzina:<\/strong> Ponerinae<\/li>\n<li><strong>Rodzaj:<\/strong> Odontomachus<\/li>\n<li><strong>Gatunek:<\/strong> <em>Odontomachus rixosus<\/em><\/li>\n<\/ul>\n<h4><strong>Cechy og\u00f3lne<\/strong><\/h4>\n<ul>\n<li><strong>Rozmiar:<\/strong>\n<ul>\n<li>Robotnice: 8\u201310 mm<\/li>\n<li>Kr\u00f3lowe: 10\u201312 mm<\/li>\n<li>Samce: 7\u20139 mm<\/li>\n<\/ul>\n<\/li>\n<li><strong>Ubarwienie:<\/strong> Ciemne odcienie, zazwyczaj brunatno-czarne z rdzawymi refleksami.<\/li>\n<li><strong>Morfologia:<\/strong>\n<ul>\n<li>Szcz\u0119ki typu \u201epu\u0142apka\u201d, zdolne do szybkiego zamykania w celu chwytania ofiary.<\/li>\n<li>Wyd\u0142u\u017cone cia\u0142o z d\u0142ugimi nogami, przystosowane do szybkiego poruszania si\u0119.<\/li>\n<li>Segmentowane, dobrze rozwini\u0119te czu\u0142ki.<\/li>\n<\/ul>\n<\/li>\n<\/ul>\n<h4><strong>Rozmieszczenie i siedlisko<\/strong><\/h4>\n<ul>\n<li><strong>Rozmieszczenie:<\/strong> Pochodzenie z Azji Po\u0142udniowo-Wschodniej, wyst\u0119puje m.in. w Tajlandii, Malezji, Indonezji i na Filipinach.<\/li>\n<li><strong>Siedlisko:<\/strong> Preferuje lasy tropikalne, wilgotne obszary oraz gleby bogate w materi\u0119 organiczn\u0105. Mo\u017ce r\u00f3wnie\u017c przystosowa\u0107 si\u0119 do teren\u00f3w zmienionych przez cz\u0142owieka w pobli\u017cu miast.<\/li>\n<\/ul>\n<h4><strong>Zachowanie<\/strong><\/h4>\n<ul>\n<li><strong>Dieta:<\/strong>\n<ul>\n<li>Wszystko\u017cerna, g\u0142\u00f3wnie drapie\u017cna \u2013 poluje na ma\u0142e stawonogi, czasami spo\u017cywa s\u0142odkie p\u0142yny, np. nektar.<\/li>\n<\/ul>\n<\/li>\n<li><strong>Aktywno\u015b\u0107:<\/strong>\n<ul>\n<li>G\u0142\u00f3wnie nocna, ale mo\u017ce by\u0107 aktywna w ci\u0105gu dnia w cieniu lub przy wysokiej wilgotno\u015bci.<\/li>\n<\/ul>\n<\/li>\n<li><strong>Obrona:<\/strong>\n<ul>\n<li>Posiada bolesne u\u017c\u0105dlenie dzi\u0119ki funkcjonalnemu \u017c\u0105d\u0142u.<\/li>\n<li>Szcz\u0119ki s\u0142u\u017c\u0105 zar\u00f3wno do polowania, jak i obrony.<\/li>\n<\/ul>\n<\/li>\n<\/ul>\n<h4><strong>Kolonia<\/strong><\/h4>\n<ul>\n<li><strong>Struktura:<\/strong> Kolonie monoginiczne (z jedn\u0105 kr\u00f3low\u0105).<\/li>\n<li><strong>Rozmiar:<\/strong> Relatywnie ma\u0142e, od 100 do 500 osobnik\u00f3w.<\/li>\n<li><strong>Gniazdo:<\/strong> Buduje gniazda w mi\u0119kkiej glebie, w rozk\u0142adaj\u0105cym si\u0119 drewnie lub pod kamieniami.<\/li>\n<\/ul>\n<h4><strong>Rozr\u00f3d<\/strong><\/h4>\n<ul>\n<li><strong>Loty godowe:<\/strong> Typowe w okresach wilgotnych roku.<\/li>\n<li><strong>Cykl \u017cycia:<\/strong>\n<ul>\n<li>Jajo \u2192 Larwa \u2192 Poczwarka \u2192 Doros\u0142a (oko\u0142o 8 tygodni).<\/li>\n<\/ul>\n<\/li>\n<li><strong>Kr\u00f3lowa:<\/strong> Odpowiedzialna za sk\u0142adanie jaj; mo\u017ce \u017cy\u0107 kilka lat.<\/li>\n<\/ul>\n<h4><strong>Piel\u0119gnacja w niewoli<\/strong><\/h4>\n<ul>\n<li><strong>Typ mrowiska:<\/strong> Akrylowe lub ziemne, o odpowiedniej wilgotno\u015bci.<\/li>\n<li><strong>Temperatura:<\/strong> 22\u201326\u00b0C<\/li>\n<li><strong>Wilgotno\u015b\u0107:<\/strong> Wysoka, 60\u201380%<\/li>\n<li><strong>Dieta:<\/strong>\n<ul>\n<li>\u017bywe ofiary, np. \u015bwierszcze lub muszki owocowe (Drosophila).<\/li>\n<li>Rozcie\u0144czony mi\u00f3d lub s\u0142odkie p\u0142yny jako suplement.<\/li>\n<\/ul>\n<\/li>\n<li><strong>\u015arodki ostro\u017cno\u015bci:<\/strong>\n<ul>\n<li>Dobrze zabezpieczy\u0107 mrowisko, poniewa\u017c s\u0105 doskona\u0142ymi uciekinierami.<\/li>\n<li>Ostro\u017cne obchodzenie si\u0119 ze wzgl\u0119du na bolesne u\u017c\u0105dlenie.<\/li>\n<\/ul>\n<\/li>\n<\/ul>\n<h4><strong>Ciekawostki<\/strong><\/h4>\n<ul>\n<li>Znana ze swojej szybko\u015bci zamykania szcz\u0119k, kt\u00f3ra mo\u017ce osi\u0105gn\u0105\u0107 nawet 50 m\/s \u2013 jedna z najszybszych w \u015bwiecie zwierz\u0105t.<\/li>\n<li>Wykorzystywana w badaniach naukowych ze wzgl\u0119du na drapie\u017cne zachowanie i zaawansowany system sensoryczny.<\/li>\n<\/ul>\n","protected":false},"excerpt":{"rendered":"<p>Odkryj fascynuj\u0105c\u0105 Odontomachus rixosus \u2013 egzotyczn\u0105 mr\u00f3wk\u0119 o szcz\u0119kach typu pu\u0142apka i intensywnym ubarwieniu. Idealna dla mi\u0142o\u015bnik\u00f3w unikalnych gatunk\u00f3w, jest aktywna, drapie\u017cna i \u0142atwa w obserwacji. Dodaj dziki i zaskakuj\u0105cy akcent do swojego mrowiska!<\/p>\n","protected":false},"featured_media":49446,"template":"","meta":[],"product_brand":[],"product_cat":[815,817],"product_tag":[],"class_list":{"0":"post-49445","1":"product","2":"type-product","3":"status-publish","4":"has-post-thumbnail","6":"product_cat-mrowki","7":"product_cat-egzotyczne","9":"first","10":"outofstock","11":"shipping-taxable","12":"purchasable","13":"product-type-variable"},"yoast_head":"<!-- This site is optimized with the Yoast SEO plugin v27.3 - https:\/\/yoast.com\/product\/yoast-seo-wordpress\/ -->\n<title>Odontomachus rixosus | Mr\u00f3wki egzotyczne - ANTDERGROUND<\/title>\n<meta name=\"description\" content=\"Poznaj niesamowit\u0105 Odontomachus rixosus \u2013 egzotyczn\u0105 mr\u00f3wk\u0119 o szcz\u0119kach-pu\u0142apkach, intensywnym ubarwieniu i drapie\u017cnym zachowaniu. Unikatowa w Twoim mrowisku!\" \/>\n<meta name=\"robots\" content=\"index, follow, max-snippet:-1, max-image-preview:large, max-video-preview:-1\" \/>\n<link rel=\"canonical\" href=\"https:\/\/antderground.com\/pl\/produkt\/odontomachus-rixosus\/\" \/>\n<meta property=\"og:locale\" content=\"pl_PL\" \/>\n<meta property=\"og:type\" content=\"article\" \/>\n<meta property=\"og:title\" content=\"Odontomachus rixosus | Mr\u00f3wki egzotyczne - ANTDERGROUND\" \/>\n<meta property=\"og:description\" content=\"Poznaj niesamowit\u0105 Odontomachus rixosus \u2013 egzotyczn\u0105 mr\u00f3wk\u0119 o szcz\u0119kach-pu\u0142apkach, intensywnym ubarwieniu i drapie\u017cnym zachowaniu. Unikatowa w Twoim mrowisku!\" \/>\n<meta property=\"og:url\" content=\"https:\/\/antderground.com\/pl\/produkt\/odontomachus-rixosus\/\" \/>\n<meta property=\"og:site_name\" content=\"ANTDERGROUND\" \/>\n<meta property=\"og:image\" content=\"https:\/\/antderground.com\/wp-content\/uploads\/2024\/12\/Odontomachus-rixosus.jpeg\" \/>\n\t<meta property=\"og:image:width\" content=\"2048\" \/>\n\t<meta property=\"og:image:height\" content=\"2048\" \/>\n\t<meta property=\"og:image:type\" content=\"image\/jpeg\" \/>\n<meta name=\"twitter:card\" content=\"summary_large_image\" \/>\n<meta name=\"twitter:label1\" content=\"Szacowany czas czytania\" \/>\n\t<meta name=\"twitter:data1\" content=\"2 minuty\" \/>\n<script type=\"application\/ld+json\" class=\"yoast-schema-graph\">{\"@context\":\"https:\\\/\\\/schema.org\",\"@graph\":[{\"@type\":\"WebPage\",\"@id\":\"https:\\\/\\\/antderground.com\\\/pl\\\/produkt\\\/odontomachus-rixosus\\\/\",\"url\":\"https:\\\/\\\/antderground.com\\\/pl\\\/produkt\\\/odontomachus-rixosus\\\/\",\"name\":\"Odontomachus rixosus | Mr\u00f3wki egzotyczne - ANTDERGROUND\",\"isPartOf\":{\"@id\":\"https:\\\/\\\/antderground.com\\\/pl\\\/#website\"},\"primaryImageOfPage\":{\"@id\":\"https:\\\/\\\/antderground.com\\\/pl\\\/produkt\\\/odontomachus-rixosus\\\/#primaryimage\"},\"image\":{\"@id\":\"https:\\\/\\\/antderground.com\\\/pl\\\/produkt\\\/odontomachus-rixosus\\\/#primaryimage\"},\"thumbnailUrl\":\"https:\\\/\\\/antderground.com\\\/wp-content\\\/uploads\\\/2024\\\/12\\\/Odontomachus-rixosus.jpeg\",\"datePublished\":\"2024-12-03T13:56:56+00:00\",\"description\":\"Poznaj niesamowit\u0105 Odontomachus rixosus \u2013 egzotyczn\u0105 mr\u00f3wk\u0119 o szcz\u0119kach-pu\u0142apkach, intensywnym ubarwieniu i drapie\u017cnym zachowaniu. Unikatowa w Twoim mrowisku!\",\"breadcrumb\":{\"@id\":\"https:\\\/\\\/antderground.com\\\/pl\\\/produkt\\\/odontomachus-rixosus\\\/#breadcrumb\"},\"inLanguage\":\"pl-PL\",\"potentialAction\":[{\"@type\":\"ReadAction\",\"target\":[\"https:\\\/\\\/antderground.com\\\/pl\\\/produkt\\\/odontomachus-rixosus\\\/\"]}]},{\"@type\":\"ImageObject\",\"inLanguage\":\"pl-PL\",\"@id\":\"https:\\\/\\\/antderground.com\\\/pl\\\/produkt\\\/odontomachus-rixosus\\\/#primaryimage\",\"url\":\"https:\\\/\\\/antderground.com\\\/wp-content\\\/uploads\\\/2024\\\/12\\\/Odontomachus-rixosus.jpeg\",\"contentUrl\":\"https:\\\/\\\/antderground.com\\\/wp-content\\\/uploads\\\/2024\\\/12\\\/Odontomachus-rixosus.jpeg\",\"width\":2048,\"height\":2048,\"caption\":\"Odontomachus rixosus\"},{\"@type\":\"BreadcrumbList\",\"@id\":\"https:\\\/\\\/antderground.com\\\/pl\\\/produkt\\\/odontomachus-rixosus\\\/#breadcrumb\",\"itemListElement\":[{\"@type\":\"ListItem\",\"position\":1,\"name\":\"Portada\",\"item\":\"https:\\\/\\\/antderground.com\\\/pl\\\/\"},{\"@type\":\"ListItem\",\"position\":2,\"name\":\"Sklep\",\"item\":\"https:\\\/\\\/antderground.com\\\/pl\\\/sklep\\\/\"},{\"@type\":\"ListItem\",\"position\":3,\"name\":\"Odontomachus rixosus\"}]},{\"@type\":\"WebSite\",\"@id\":\"https:\\\/\\\/antderground.com\\\/pl\\\/#website\",\"url\":\"https:\\\/\\\/antderground.com\\\/pl\\\/\",\"name\":\"ANTDERGROUND\",\"description\":\"Tu tienda de hormigas, gran variedad de hormigueros acr\u00edlicos,madera,arena,3D y mas.. Pide tus hormigas gratis con tu pedido, somos expertos en hormigueros antifugas.\",\"publisher\":{\"@id\":\"https:\\\/\\\/antderground.com\\\/pl\\\/#\\\/schema\\\/person\\\/0e322c505e84fe72c65e2f6d08f96b81\"},\"alternateName\":\"Antderground\",\"potentialAction\":[{\"@type\":\"SearchAction\",\"target\":{\"@type\":\"EntryPoint\",\"urlTemplate\":\"https:\\\/\\\/antderground.com\\\/pl\\\/?s={search_term_string}\"},\"query-input\":{\"@type\":\"PropertyValueSpecification\",\"valueRequired\":true,\"valueName\":\"search_term_string\"}}],\"inLanguage\":\"pl-PL\"},{\"@type\":[\"Person\",\"Organization\"],\"@id\":\"https:\\\/\\\/antderground.com\\\/pl\\\/#\\\/schema\\\/person\\\/0e322c505e84fe72c65e2f6d08f96b81\",\"name\":\"Eric de Antderground\",\"image\":{\"@type\":\"ImageObject\",\"inLanguage\":\"pl-PL\",\"@id\":\"https:\\\/\\\/secure.gravatar.com\\\/avatar\\\/c49a1b9f79216d1498cb73c1e85cd47f4465dda35f2a94c03790d491bd4423c3?s=96&d=mm&r=g\",\"url\":\"https:\\\/\\\/secure.gravatar.com\\\/avatar\\\/c49a1b9f79216d1498cb73c1e85cd47f4465dda35f2a94c03790d491bd4423c3?s=96&d=mm&r=g\",\"contentUrl\":\"https:\\\/\\\/secure.gravatar.com\\\/avatar\\\/c49a1b9f79216d1498cb73c1e85cd47f4465dda35f2a94c03790d491bd4423c3?s=96&d=mm&r=g\",\"caption\":\"Eric de Antderground\"},\"logo\":{\"@id\":\"https:\\\/\\\/secure.gravatar.com\\\/avatar\\\/c49a1b9f79216d1498cb73c1e85cd47f4465dda35f2a94c03790d491bd4423c3?s=96&d=mm&r=g\"},\"description\":\"Eric es el especialista y fundador de Antderground, con una amplia trayectoria en artr\u00f3podos y enfocado en la mirmecolog\u00eda y el dise\u00f1o de hormigueros artificiales. Su enfoque combina la innovaci\u00f3n t\u00e9cnica con el respeto por la biolog\u00eda de las hormigas, is\u00f3podos y otros, desarrollando sistemas de nidos modulares 3D y acr\u00edlicos que son referentes para aficionados y profesionales en toda Europa. Su objetivo es facilitar la cr\u00eda de hormigas y otros artr\u00f3podos mediante soluciones seguras y divulgaci\u00f3n de calidad.\",\"sameAs\":[\"https:\\\/\\\/antderground.com\\\/\",\"https:\\\/\\\/www.youtube.com\\\/channel\\\/UCio72z7TlbufkAthAJIJfPw\"]}]}<\/script>\n<!-- \/ Yoast SEO plugin. -->","yoast_head_json":{"title":"Odontomachus rixosus | Mr\u00f3wki egzotyczne - ANTDERGROUND","description":"Poznaj niesamowit\u0105 Odontomachus rixosus \u2013 egzotyczn\u0105 mr\u00f3wk\u0119 o szcz\u0119kach-pu\u0142apkach, intensywnym ubarwieniu i drapie\u017cnym zachowaniu. Unikatowa w Twoim mrowisku!","robots":{"index":"index","follow":"follow","max-snippet":"max-snippet:-1","max-image-preview":"max-image-preview:large","max-video-preview":"max-video-preview:-1"},"canonical":"https:\/\/antderground.com\/pl\/produkt\/odontomachus-rixosus\/","og_locale":"pl_PL","og_type":"article","og_title":"Odontomachus rixosus | Mr\u00f3wki egzotyczne - ANTDERGROUND","og_description":"Poznaj niesamowit\u0105 Odontomachus rixosus \u2013 egzotyczn\u0105 mr\u00f3wk\u0119 o szcz\u0119kach-pu\u0142apkach, intensywnym ubarwieniu i drapie\u017cnym zachowaniu. Unikatowa w Twoim mrowisku!","og_url":"https:\/\/antderground.com\/pl\/produkt\/odontomachus-rixosus\/","og_site_name":"ANTDERGROUND","og_image":[{"width":2048,"height":2048,"url":"https:\/\/antderground.com\/wp-content\/uploads\/2024\/12\/Odontomachus-rixosus.jpeg","type":"image\/jpeg"}],"twitter_card":"summary_large_image","twitter_misc":{"Szacowany czas czytania":"2 minuty"},"schema":{"@context":"https:\/\/schema.org","@graph":[{"@type":"WebPage","@id":"https:\/\/antderground.com\/pl\/produkt\/odontomachus-rixosus\/","url":"https:\/\/antderground.com\/pl\/produkt\/odontomachus-rixosus\/","name":"Odontomachus rixosus | Mr\u00f3wki egzotyczne - ANTDERGROUND","isPartOf":{"@id":"https:\/\/antderground.com\/pl\/#website"},"primaryImageOfPage":{"@id":"https:\/\/antderground.com\/pl\/produkt\/odontomachus-rixosus\/#primaryimage"},"image":{"@id":"https:\/\/antderground.com\/pl\/produkt\/odontomachus-rixosus\/#primaryimage"},"thumbnailUrl":"https:\/\/antderground.com\/wp-content\/uploads\/2024\/12\/Odontomachus-rixosus.jpeg","datePublished":"2024-12-03T13:56:56+00:00","description":"Poznaj niesamowit\u0105 Odontomachus rixosus \u2013 egzotyczn\u0105 mr\u00f3wk\u0119 o szcz\u0119kach-pu\u0142apkach, intensywnym ubarwieniu i drapie\u017cnym zachowaniu. Unikatowa w Twoim mrowisku!","breadcrumb":{"@id":"https:\/\/antderground.com\/pl\/produkt\/odontomachus-rixosus\/#breadcrumb"},"inLanguage":"pl-PL","potentialAction":[{"@type":"ReadAction","target":["https:\/\/antderground.com\/pl\/produkt\/odontomachus-rixosus\/"]}]},{"@type":"ImageObject","inLanguage":"pl-PL","@id":"https:\/\/antderground.com\/pl\/produkt\/odontomachus-rixosus\/#primaryimage","url":"https:\/\/antderground.com\/wp-content\/uploads\/2024\/12\/Odontomachus-rixosus.jpeg","contentUrl":"https:\/\/antderground.com\/wp-content\/uploads\/2024\/12\/Odontomachus-rixosus.jpeg","width":2048,"height":2048,"caption":"Odontomachus rixosus"},{"@type":"BreadcrumbList","@id":"https:\/\/antderground.com\/pl\/produkt\/odontomachus-rixosus\/#breadcrumb","itemListElement":[{"@type":"ListItem","position":1,"name":"Portada","item":"https:\/\/antderground.com\/pl\/"},{"@type":"ListItem","position":2,"name":"Sklep","item":"https:\/\/antderground.com\/pl\/sklep\/"},{"@type":"ListItem","position":3,"name":"Odontomachus rixosus"}]},{"@type":"WebSite","@id":"https:\/\/antderground.com\/pl\/#website","url":"https:\/\/antderground.com\/pl\/","name":"ANTDERGROUND","description":"Tu tienda de hormigas, gran variedad de hormigueros acr\u00edlicos,madera,arena,3D y mas.. Pide tus hormigas gratis con tu pedido, somos expertos en hormigueros antifugas.","publisher":{"@id":"https:\/\/antderground.com\/pl\/#\/schema\/person\/0e322c505e84fe72c65e2f6d08f96b81"},"alternateName":"Antderground","potentialAction":[{"@type":"SearchAction","target":{"@type":"EntryPoint","urlTemplate":"https:\/\/antderground.com\/pl\/?s={search_term_string}"},"query-input":{"@type":"PropertyValueSpecification","valueRequired":true,"valueName":"search_term_string"}}],"inLanguage":"pl-PL"},{"@type":["Person","Organization"],"@id":"https:\/\/antderground.com\/pl\/#\/schema\/person\/0e322c505e84fe72c65e2f6d08f96b81","name":"Eric de Antderground","image":{"@type":"ImageObject","inLanguage":"pl-PL","@id":"https:\/\/secure.gravatar.com\/avatar\/c49a1b9f79216d1498cb73c1e85cd47f4465dda35f2a94c03790d491bd4423c3?s=96&d=mm&r=g","url":"https:\/\/secure.gravatar.com\/avatar\/c49a1b9f79216d1498cb73c1e85cd47f4465dda35f2a94c03790d491bd4423c3?s=96&d=mm&r=g","contentUrl":"https:\/\/secure.gravatar.com\/avatar\/c49a1b9f79216d1498cb73c1e85cd47f4465dda35f2a94c03790d491bd4423c3?s=96&d=mm&r=g","caption":"Eric de Antderground"},"logo":{"@id":"https:\/\/secure.gravatar.com\/avatar\/c49a1b9f79216d1498cb73c1e85cd47f4465dda35f2a94c03790d491bd4423c3?s=96&d=mm&r=g"},"description":"Eric es el especialista y fundador de Antderground, con una amplia trayectoria en artr\u00f3podos y enfocado en la mirmecolog\u00eda y el dise\u00f1o de hormigueros artificiales. Su enfoque combina la innovaci\u00f3n t\u00e9cnica con el respeto por la biolog\u00eda de las hormigas, is\u00f3podos y otros, desarrollando sistemas de nidos modulares 3D y acr\u00edlicos que son referentes para aficionados y profesionales en toda Europa. Su objetivo es facilitar la cr\u00eda de hormigas y otros artr\u00f3podos mediante soluciones seguras y divulgaci\u00f3n de calidad.","sameAs":["https:\/\/antderground.com\/","https:\/\/www.youtube.com\/channel\/UCio72z7TlbufkAthAJIJfPw"]}]}},"_links":{"self":[{"href":"https:\/\/antderground.com\/pl\/wp-json\/wp\/v2\/product\/49445","targetHints":{"allow":["GET"]}}],"collection":[{"href":"https:\/\/antderground.com\/pl\/wp-json\/wp\/v2\/product"}],"about":[{"href":"https:\/\/antderground.com\/pl\/wp-json\/wp\/v2\/types\/product"}],"version-history":[{"count":0,"href":"https:\/\/antderground.com\/pl\/wp-json\/wp\/v2\/product\/49445\/revisions"}],"wp:featuredmedia":[{"embeddable":true,"href":"https:\/\/antderground.com\/pl\/wp-json\/wp\/v2\/media\/49446"}],"wp:attachment":[{"href":"https:\/\/antderground.com\/pl\/wp-json\/wp\/v2\/media?parent=49445"}],"wp:term":[{"taxonomy":"product_brand","embeddable":true,"href":"https:\/\/antderground.com\/pl\/wp-json\/wp\/v2\/product_brand?post=49445"},{"taxonomy":"product_cat","embeddable":true,"href":"https:\/\/antderground.com\/pl\/wp-json\/wp\/v2\/product_cat?post=49445"},{"taxonomy":"product_tag","embeddable":true,"href":"https:\/\/antderground.com\/pl\/wp-json\/wp\/v2\/product_tag?post=49445"}],"curies":[{"name":"wp","href":"https:\/\/api.w.org\/{rel}","templated":true}]}}