{"id":49503,"date":"2024-02-04T00:50:59","date_gmt":"2024-02-03T23:50:59","guid":{"rendered":"https:\/\/antderground.com\/producto\/camponotus-substitutus\/"},"modified":"2026-02-04T14:45:14","modified_gmt":"2026-02-04T13:45:14","slug":"camponotus-substitutus","status":"publish","type":"product","link":"https:\/\/antderground.com\/pl\/produkt\/camponotus-substitutus\/","title":{"rendered":"Camponotus substitutus"},"content":{"rendered":"<p><strong>Nazwa naukowa:<\/strong> Camponotus substitutus<\/p>\n<p><strong>Klasyfikacja taksonomiczna:<\/strong><\/p>\n<ul>\n<li>Kr\u00f3lestwo: Animalia<\/li>\n<li>Typ: Arthropoda<\/li>\n<li>Klasa: Insecta<\/li>\n<li>Rz\u0105d: Hymenoptera<\/li>\n<li>Rodzina: Formicidae<\/li>\n<li>Rodzaj: Camponotus<\/li>\n<\/ul>\n<p><strong>Opis fizyczny:<\/strong><\/p>\n<ul>\n<li>Rozmiar: Robotnice s\u0105 polimorficzne (r\u00f3\u017cni\u0105 si\u0119 wielko\u015bci\u0105), osi\u0105gaj\u0105c zazwyczaj od 6 do 14 mm. Kr\u00f3lowe s\u0105 znacznie wi\u0119ksze, osi\u0105gaj\u0105c oko\u0142o 16-18 mm.<\/li>\n<li>Kolor: Zazwyczaj ciemnobr\u0105zowy do czarnego, cz\u0119sto z ja\u015bniejszymi, miodowymi odcieniami na odw\u0142oku (zale\u017cnie od wariacji regionalnej).<\/li>\n<\/ul>\n<p><strong>Wyst\u0119powanie:<\/strong> Gatunek neotropikalny, spotykany g\u0142\u00f3wnie w Ameryce \u015arodkowej i Po\u0142udniowej (Brazylia, Kolumbia, Wenezuela).<\/p>\n<p><strong>Charakterystyka:<\/strong> Camponotus substitutus to aktywny i majestatyczny gatunek. W hodowli domowej wymaga odpowiedniej przestrzeni oraz stabilnej temperatury odzwierciedlaj\u0105cej klimat subtropikalny.<\/p>\n","protected":false},"excerpt":{"rendered":"<p>Nazwa naukowa: Camponotus substitutus Klasyfikacja taksonomiczna: Kr\u00f3lestwo: Animalia Typ: Arthropoda Klasa: Insecta Rz\u0105d: Hymenoptera Rodzina: Formicidae Rodzaj: Camponotus Opis fizyczny:<\/p>\n","protected":false},"featured_media":49504,"template":"","meta":[],"product_brand":[],"product_cat":[815,817],"product_tag":[],"class_list":{"0":"post-49503","1":"product","2":"type-product","3":"status-publish","4":"has-post-thumbnail","6":"product_cat-mrowki","7":"product_cat-egzotyczne","9":"first","10":"outofstock","11":"shipping-taxable","12":"purchasable","13":"product-type-variable"},"yoast_head":"<!-- This site is optimized with the Yoast SEO plugin v27.3 - https:\/\/yoast.com\/product\/yoast-seo-wordpress\/ -->\n<title>Camponotus substitutus | Mr\u00f3wki egzotyczne - ANTDERGROUND<\/title>\n<meta name=\"description\" content=\"Odkryj Camponotus substitutus \u2013 now\u0105 egzotyczn\u0105 mr\u00f3wk\u0119 w naszej ofercie! Zobacz, jak ta niezwyk\u0142a kolonia rozwija si\u0119, a kr\u00f3lowa tworzy w\u0142asne imperium robotnic.\" \/>\n<meta name=\"robots\" content=\"index, follow, max-snippet:-1, max-image-preview:large, max-video-preview:-1\" \/>\n<link rel=\"canonical\" href=\"https:\/\/antderground.com\/pl\/produkt\/camponotus-substitutus\/\" \/>\n<meta property=\"og:locale\" content=\"pl_PL\" \/>\n<meta property=\"og:type\" content=\"article\" \/>\n<meta property=\"og:title\" content=\"Camponotus substitutus | Mr\u00f3wki egzotyczne - ANTDERGROUND\" \/>\n<meta property=\"og:description\" content=\"Odkryj Camponotus substitutus \u2013 now\u0105 egzotyczn\u0105 mr\u00f3wk\u0119 w naszej ofercie! Zobacz, jak ta niezwyk\u0142a kolonia rozwija si\u0119, a kr\u00f3lowa tworzy w\u0142asne imperium robotnic.\" \/>\n<meta property=\"og:url\" content=\"https:\/\/antderground.com\/pl\/produkt\/camponotus-substitutus\/\" \/>\n<meta property=\"og:site_name\" content=\"ANTDERGROUND\" \/>\n<meta property=\"article:modified_time\" content=\"2026-02-04T13:45:14+00:00\" \/>\n<meta property=\"og:image\" content=\"https:\/\/antderground.com\/wp-content\/uploads\/2024\/02\/camponotus-substitutus.jpg\" \/>\n\t<meta property=\"og:image:width\" content=\"1280\" \/>\n\t<meta property=\"og:image:height\" content=\"1280\" \/>\n\t<meta property=\"og:image:type\" content=\"image\/jpeg\" \/>\n<meta name=\"twitter:card\" content=\"summary_large_image\" \/>\n<meta name=\"twitter:label1\" content=\"Szacowany czas czytania\" \/>\n\t<meta name=\"twitter:data1\" content=\"1 minuta\" \/>\n<script type=\"application\/ld+json\" class=\"yoast-schema-graph\">{\"@context\":\"https:\\\/\\\/schema.org\",\"@graph\":[{\"@type\":\"WebPage\",\"@id\":\"https:\\\/\\\/antderground.com\\\/pl\\\/produkt\\\/camponotus-substitutus\\\/\",\"url\":\"https:\\\/\\\/antderground.com\\\/pl\\\/produkt\\\/camponotus-substitutus\\\/\",\"name\":\"Camponotus substitutus | Mr\u00f3wki egzotyczne - ANTDERGROUND\",\"isPartOf\":{\"@id\":\"https:\\\/\\\/antderground.com\\\/pl\\\/#website\"},\"primaryImageOfPage\":{\"@id\":\"https:\\\/\\\/antderground.com\\\/pl\\\/produkt\\\/camponotus-substitutus\\\/#primaryimage\"},\"image\":{\"@id\":\"https:\\\/\\\/antderground.com\\\/pl\\\/produkt\\\/camponotus-substitutus\\\/#primaryimage\"},\"thumbnailUrl\":\"https:\\\/\\\/antderground.com\\\/wp-content\\\/uploads\\\/2024\\\/02\\\/camponotus-substitutus.jpg\",\"datePublished\":\"2024-02-03T23:50:59+00:00\",\"dateModified\":\"2026-02-04T13:45:14+00:00\",\"description\":\"Odkryj Camponotus substitutus \u2013 now\u0105 egzotyczn\u0105 mr\u00f3wk\u0119 w naszej ofercie! Zobacz, jak ta niezwyk\u0142a kolonia rozwija si\u0119, a kr\u00f3lowa tworzy w\u0142asne imperium robotnic.\",\"breadcrumb\":{\"@id\":\"https:\\\/\\\/antderground.com\\\/pl\\\/produkt\\\/camponotus-substitutus\\\/#breadcrumb\"},\"inLanguage\":\"pl-PL\",\"potentialAction\":[{\"@type\":\"ReadAction\",\"target\":[\"https:\\\/\\\/antderground.com\\\/pl\\\/produkt\\\/camponotus-substitutus\\\/\"]}]},{\"@type\":\"ImageObject\",\"inLanguage\":\"pl-PL\",\"@id\":\"https:\\\/\\\/antderground.com\\\/pl\\\/produkt\\\/camponotus-substitutus\\\/#primaryimage\",\"url\":\"https:\\\/\\\/antderground.com\\\/wp-content\\\/uploads\\\/2024\\\/02\\\/camponotus-substitutus.jpg\",\"contentUrl\":\"https:\\\/\\\/antderground.com\\\/wp-content\\\/uploads\\\/2024\\\/02\\\/camponotus-substitutus.jpg\",\"width\":1280,\"height\":1280,\"caption\":\"Camponotus substitutus\"},{\"@type\":\"BreadcrumbList\",\"@id\":\"https:\\\/\\\/antderground.com\\\/pl\\\/produkt\\\/camponotus-substitutus\\\/#breadcrumb\",\"itemListElement\":[{\"@type\":\"ListItem\",\"position\":1,\"name\":\"Portada\",\"item\":\"https:\\\/\\\/antderground.com\\\/pl\\\/\"},{\"@type\":\"ListItem\",\"position\":2,\"name\":\"Sklep\",\"item\":\"https:\\\/\\\/antderground.com\\\/pl\\\/sklep\\\/\"},{\"@type\":\"ListItem\",\"position\":3,\"name\":\"Camponotus substitutus\"}]},{\"@type\":\"WebSite\",\"@id\":\"https:\\\/\\\/antderground.com\\\/pl\\\/#website\",\"url\":\"https:\\\/\\\/antderground.com\\\/pl\\\/\",\"name\":\"ANTDERGROUND\",\"description\":\"Tu tienda de hormigas, gran variedad de hormigueros acr\u00edlicos,madera,arena,3D y mas.. Pide tus hormigas gratis con tu pedido, somos expertos en hormigueros antifugas.\",\"publisher\":{\"@id\":\"https:\\\/\\\/antderground.com\\\/pl\\\/#\\\/schema\\\/person\\\/0e322c505e84fe72c65e2f6d08f96b81\"},\"alternateName\":\"Antderground\",\"potentialAction\":[{\"@type\":\"SearchAction\",\"target\":{\"@type\":\"EntryPoint\",\"urlTemplate\":\"https:\\\/\\\/antderground.com\\\/pl\\\/?s={search_term_string}\"},\"query-input\":{\"@type\":\"PropertyValueSpecification\",\"valueRequired\":true,\"valueName\":\"search_term_string\"}}],\"inLanguage\":\"pl-PL\"},{\"@type\":[\"Person\",\"Organization\"],\"@id\":\"https:\\\/\\\/antderground.com\\\/pl\\\/#\\\/schema\\\/person\\\/0e322c505e84fe72c65e2f6d08f96b81\",\"name\":\"Eric de Antderground\",\"image\":{\"@type\":\"ImageObject\",\"inLanguage\":\"pl-PL\",\"@id\":\"https:\\\/\\\/secure.gravatar.com\\\/avatar\\\/c49a1b9f79216d1498cb73c1e85cd47f4465dda35f2a94c03790d491bd4423c3?s=96&d=mm&r=g\",\"url\":\"https:\\\/\\\/secure.gravatar.com\\\/avatar\\\/c49a1b9f79216d1498cb73c1e85cd47f4465dda35f2a94c03790d491bd4423c3?s=96&d=mm&r=g\",\"contentUrl\":\"https:\\\/\\\/secure.gravatar.com\\\/avatar\\\/c49a1b9f79216d1498cb73c1e85cd47f4465dda35f2a94c03790d491bd4423c3?s=96&d=mm&r=g\",\"caption\":\"Eric de Antderground\"},\"logo\":{\"@id\":\"https:\\\/\\\/secure.gravatar.com\\\/avatar\\\/c49a1b9f79216d1498cb73c1e85cd47f4465dda35f2a94c03790d491bd4423c3?s=96&d=mm&r=g\"},\"description\":\"Eric es el especialista y fundador de Antderground, con una amplia trayectoria en artr\u00f3podos y enfocado en la mirmecolog\u00eda y el dise\u00f1o de hormigueros artificiales. Su enfoque combina la innovaci\u00f3n t\u00e9cnica con el respeto por la biolog\u00eda de las hormigas, is\u00f3podos y otros, desarrollando sistemas de nidos modulares 3D y acr\u00edlicos que son referentes para aficionados y profesionales en toda Europa. Su objetivo es facilitar la cr\u00eda de hormigas y otros artr\u00f3podos mediante soluciones seguras y divulgaci\u00f3n de calidad.\",\"sameAs\":[\"https:\\\/\\\/antderground.com\\\/\",\"https:\\\/\\\/www.youtube.com\\\/channel\\\/UCio72z7TlbufkAthAJIJfPw\"]}]}<\/script>\n<!-- \/ Yoast SEO plugin. -->","yoast_head_json":{"title":"Camponotus substitutus | Mr\u00f3wki egzotyczne - ANTDERGROUND","description":"Odkryj Camponotus substitutus \u2013 now\u0105 egzotyczn\u0105 mr\u00f3wk\u0119 w naszej ofercie! Zobacz, jak ta niezwyk\u0142a kolonia rozwija si\u0119, a kr\u00f3lowa tworzy w\u0142asne imperium robotnic.","robots":{"index":"index","follow":"follow","max-snippet":"max-snippet:-1","max-image-preview":"max-image-preview:large","max-video-preview":"max-video-preview:-1"},"canonical":"https:\/\/antderground.com\/pl\/produkt\/camponotus-substitutus\/","og_locale":"pl_PL","og_type":"article","og_title":"Camponotus substitutus | Mr\u00f3wki egzotyczne - ANTDERGROUND","og_description":"Odkryj Camponotus substitutus \u2013 now\u0105 egzotyczn\u0105 mr\u00f3wk\u0119 w naszej ofercie! Zobacz, jak ta niezwyk\u0142a kolonia rozwija si\u0119, a kr\u00f3lowa tworzy w\u0142asne imperium robotnic.","og_url":"https:\/\/antderground.com\/pl\/produkt\/camponotus-substitutus\/","og_site_name":"ANTDERGROUND","article_modified_time":"2026-02-04T13:45:14+00:00","og_image":[{"width":1280,"height":1280,"url":"https:\/\/antderground.com\/wp-content\/uploads\/2024\/02\/camponotus-substitutus.jpg","type":"image\/jpeg"}],"twitter_card":"summary_large_image","twitter_misc":{"Szacowany czas czytania":"1 minuta"},"schema":{"@context":"https:\/\/schema.org","@graph":[{"@type":"WebPage","@id":"https:\/\/antderground.com\/pl\/produkt\/camponotus-substitutus\/","url":"https:\/\/antderground.com\/pl\/produkt\/camponotus-substitutus\/","name":"Camponotus substitutus | Mr\u00f3wki egzotyczne - ANTDERGROUND","isPartOf":{"@id":"https:\/\/antderground.com\/pl\/#website"},"primaryImageOfPage":{"@id":"https:\/\/antderground.com\/pl\/produkt\/camponotus-substitutus\/#primaryimage"},"image":{"@id":"https:\/\/antderground.com\/pl\/produkt\/camponotus-substitutus\/#primaryimage"},"thumbnailUrl":"https:\/\/antderground.com\/wp-content\/uploads\/2024\/02\/camponotus-substitutus.jpg","datePublished":"2024-02-03T23:50:59+00:00","dateModified":"2026-02-04T13:45:14+00:00","description":"Odkryj Camponotus substitutus \u2013 now\u0105 egzotyczn\u0105 mr\u00f3wk\u0119 w naszej ofercie! Zobacz, jak ta niezwyk\u0142a kolonia rozwija si\u0119, a kr\u00f3lowa tworzy w\u0142asne imperium robotnic.","breadcrumb":{"@id":"https:\/\/antderground.com\/pl\/produkt\/camponotus-substitutus\/#breadcrumb"},"inLanguage":"pl-PL","potentialAction":[{"@type":"ReadAction","target":["https:\/\/antderground.com\/pl\/produkt\/camponotus-substitutus\/"]}]},{"@type":"ImageObject","inLanguage":"pl-PL","@id":"https:\/\/antderground.com\/pl\/produkt\/camponotus-substitutus\/#primaryimage","url":"https:\/\/antderground.com\/wp-content\/uploads\/2024\/02\/camponotus-substitutus.jpg","contentUrl":"https:\/\/antderground.com\/wp-content\/uploads\/2024\/02\/camponotus-substitutus.jpg","width":1280,"height":1280,"caption":"Camponotus substitutus"},{"@type":"BreadcrumbList","@id":"https:\/\/antderground.com\/pl\/produkt\/camponotus-substitutus\/#breadcrumb","itemListElement":[{"@type":"ListItem","position":1,"name":"Portada","item":"https:\/\/antderground.com\/pl\/"},{"@type":"ListItem","position":2,"name":"Sklep","item":"https:\/\/antderground.com\/pl\/sklep\/"},{"@type":"ListItem","position":3,"name":"Camponotus substitutus"}]},{"@type":"WebSite","@id":"https:\/\/antderground.com\/pl\/#website","url":"https:\/\/antderground.com\/pl\/","name":"ANTDERGROUND","description":"Tu tienda de hormigas, gran variedad de hormigueros acr\u00edlicos,madera,arena,3D y mas.. Pide tus hormigas gratis con tu pedido, somos expertos en hormigueros antifugas.","publisher":{"@id":"https:\/\/antderground.com\/pl\/#\/schema\/person\/0e322c505e84fe72c65e2f6d08f96b81"},"alternateName":"Antderground","potentialAction":[{"@type":"SearchAction","target":{"@type":"EntryPoint","urlTemplate":"https:\/\/antderground.com\/pl\/?s={search_term_string}"},"query-input":{"@type":"PropertyValueSpecification","valueRequired":true,"valueName":"search_term_string"}}],"inLanguage":"pl-PL"},{"@type":["Person","Organization"],"@id":"https:\/\/antderground.com\/pl\/#\/schema\/person\/0e322c505e84fe72c65e2f6d08f96b81","name":"Eric de Antderground","image":{"@type":"ImageObject","inLanguage":"pl-PL","@id":"https:\/\/secure.gravatar.com\/avatar\/c49a1b9f79216d1498cb73c1e85cd47f4465dda35f2a94c03790d491bd4423c3?s=96&d=mm&r=g","url":"https:\/\/secure.gravatar.com\/avatar\/c49a1b9f79216d1498cb73c1e85cd47f4465dda35f2a94c03790d491bd4423c3?s=96&d=mm&r=g","contentUrl":"https:\/\/secure.gravatar.com\/avatar\/c49a1b9f79216d1498cb73c1e85cd47f4465dda35f2a94c03790d491bd4423c3?s=96&d=mm&r=g","caption":"Eric de Antderground"},"logo":{"@id":"https:\/\/secure.gravatar.com\/avatar\/c49a1b9f79216d1498cb73c1e85cd47f4465dda35f2a94c03790d491bd4423c3?s=96&d=mm&r=g"},"description":"Eric es el especialista y fundador de Antderground, con una amplia trayectoria en artr\u00f3podos y enfocado en la mirmecolog\u00eda y el dise\u00f1o de hormigueros artificiales. Su enfoque combina la innovaci\u00f3n t\u00e9cnica con el respeto por la biolog\u00eda de las hormigas, is\u00f3podos y otros, desarrollando sistemas de nidos modulares 3D y acr\u00edlicos que son referentes para aficionados y profesionales en toda Europa. Su objetivo es facilitar la cr\u00eda de hormigas y otros artr\u00f3podos mediante soluciones seguras y divulgaci\u00f3n de calidad.","sameAs":["https:\/\/antderground.com\/","https:\/\/www.youtube.com\/channel\/UCio72z7TlbufkAthAJIJfPw"]}]}},"_links":{"self":[{"href":"https:\/\/antderground.com\/pl\/wp-json\/wp\/v2\/product\/49503","targetHints":{"allow":["GET"]}}],"collection":[{"href":"https:\/\/antderground.com\/pl\/wp-json\/wp\/v2\/product"}],"about":[{"href":"https:\/\/antderground.com\/pl\/wp-json\/wp\/v2\/types\/product"}],"version-history":[{"count":1,"href":"https:\/\/antderground.com\/pl\/wp-json\/wp\/v2\/product\/49503\/revisions"}],"predecessor-version":[{"id":49506,"href":"https:\/\/antderground.com\/pl\/wp-json\/wp\/v2\/product\/49503\/revisions\/49506"}],"wp:featuredmedia":[{"embeddable":true,"href":"https:\/\/antderground.com\/pl\/wp-json\/wp\/v2\/media\/49504"}],"wp:attachment":[{"href":"https:\/\/antderground.com\/pl\/wp-json\/wp\/v2\/media?parent=49503"}],"wp:term":[{"taxonomy":"product_brand","embeddable":true,"href":"https:\/\/antderground.com\/pl\/wp-json\/wp\/v2\/product_brand?post=49503"},{"taxonomy":"product_cat","embeddable":true,"href":"https:\/\/antderground.com\/pl\/wp-json\/wp\/v2\/product_cat?post=49503"},{"taxonomy":"product_tag","embeddable":true,"href":"https:\/\/antderground.com\/pl\/wp-json\/wp\/v2\/product_tag?post=49503"}],"curies":[{"name":"wp","href":"https:\/\/api.w.org\/{rel}","templated":true}]}}