{"id":49534,"date":"2023-08-22T15:23:43","date_gmt":"2023-08-22T13:23:43","guid":{"rendered":"https:\/\/antderground.com\/producto\/pogonomyrmex-wheeleri\/"},"modified":"2023-08-22T15:23:43","modified_gmt":"2023-08-22T13:23:43","slug":"pogonomyrmex-wheeleri","status":"publish","type":"product","link":"https:\/\/antderground.com\/pl\/produkt\/pogonomyrmex-wheeleri\/","title":{"rendered":"Pogonomyrmex wheeleri"},"content":{"rendered":"<p><strong>Nazwa naukowa:<\/strong> <em>Pogonomyrmex wheeleri<\/em><\/p>\n<p><strong>Klasyfikacja taksonomiczna:<\/strong><\/p>\n<ul>\n<li>Kr\u00f3lestwo: Animalia<\/li>\n<li>Typ: Arthropoda<\/li>\n<li>Gromada: Insecta<\/li>\n<li>Rz\u0105d: Hymenoptera<\/li>\n<li>Rodzina: Formicidae<\/li>\n<li>Podrodzina: Myrmicinae<\/li>\n<li>Rodzaj: <em>Pogonomyrmex<\/em><\/li>\n<li>Gatunek: <em>P. wheeleri<\/em><\/li>\n<\/ul>\n<p><strong>Rozmieszczenie geograficzne:<\/strong><br \/>\n<em>Pogonomyrmex wheeleri<\/em> wyst\u0119puje w Ameryce P\u00f3\u0142nocnej, g\u0142\u00f3wnie na obszarach pustynnych i p\u00f3\u0142pustynnych po\u0142udniowo-zachodnich Stan\u00f3w Zjednoczonych oraz p\u00f3\u0142nocnego Meksyku.<\/p>\n<p><strong>Cechy fizyczne:<\/strong><br \/>\nRobotnice <em>Pogonomyrmex wheeleri<\/em> s\u0105 \u015bredniej wielko\u015bci i osi\u0105gaj\u0105 d\u0142ugo\u015b\u0107 od 5 do 10 mm. Charakteryzuj\u0105 si\u0119 masywn\u0105 budow\u0105 cia\u0142a oraz ubarwieniem od br\u0105zowego do czarnego. Posiadaj\u0105 silne i wyra\u017anie rozwini\u0119te \u017cuwaczki.<\/p>\n<p><strong>Zachowanie:<\/strong><br \/>\n<em>Pogonomyrmex wheeleri<\/em> znana jest z agresywnego i silnie obronnego zachowania. Jest to gatunek mr\u00f3wki \u017cniwiarki, specjalizuj\u0105cej si\u0119 w zbieraniu nasion oraz innych materia\u0142\u00f3w ro\u015blinnych, kt\u00f3re magazynuje w gnie\u017adzie. Mr\u00f3wki te buduj\u0105 du\u017ce kopce wok\u00f3\u0142 wej\u015b\u0107 do gniazd, co pomaga w regulacji temperatury wewn\u0105trz kolonii.<\/p>\n<p><strong>Status ochrony:<\/strong><br \/>\nBrak szczeg\u00f3\u0142owych informacji dotycz\u0105cych statusu ochronnego <em>Pogonomyrmex wheeleri<\/em>.<\/p>\n<p><strong>Uwagi dodatkowe:<\/strong><br \/>\n<em>Pogonomyrmex wheeleri<\/em> odgrywa istotn\u0105 rol\u0119 w ekosystemach pustynnych, poniewa\u017c jej dzia\u0142alno\u015b\u0107 zwi\u0105zana ze zbieraniem nasion wp\u0142ywa na ro\u015blinno\u015b\u0107 oraz inne aspekty ekologii obszar\u00f3w suchych. Jej zachowania obronne oraz charakterystyczne kopce gniazdowe czyni\u0105 j\u0105 interesuj\u0105cym obiektem bada\u0144 nad interakcjami mi\u0119dzygatunkowymi w tych \u015brodowiskach.<\/p>\n","protected":false},"excerpt":{"rendered":"<p>Nazwa naukowa: Pogonomyrmex wheeleri Klasyfikacja taksonomiczna: Kr\u00f3lestwo: Animalia Typ: Arthropoda Gromada: Insecta Rz\u0105d: Hymenoptera Rodzina: Formicidae Podrodzina: Myrmicinae Rodzaj: Pogonomyrmex<\/p>\n","protected":false},"featured_media":49535,"template":"","meta":[],"product_brand":[],"product_cat":[815,817],"product_tag":[],"class_list":{"0":"post-49534","1":"product","2":"type-product","3":"status-publish","4":"has-post-thumbnail","6":"product_cat-mrowki","7":"product_cat-egzotyczne","9":"first","10":"outofstock","11":"shipping-taxable","12":"purchasable","13":"product-type-simple"},"yoast_head":"<!-- This site is optimized with the Yoast SEO plugin v27.3 - https:\/\/yoast.com\/product\/yoast-seo-wordpress\/ -->\n<title>Pogonomyrmex wheeleri - ANTDERGROUND<\/title>\n<meta name=\"description\" content=\"Odkryj kr\u00f3low\u0105 Pogonomyrmex wheeleri \u2013 egzotyczn\u0105 i siln\u0105 mr\u00f3wk\u0119 z Ameryki P\u00f3\u0142nocnej. Poznaj ten wytrzyma\u0142y gatunek i dobierz idealne formikaria oraz terraria.\" \/>\n<meta name=\"robots\" content=\"index, follow, max-snippet:-1, max-image-preview:large, max-video-preview:-1\" \/>\n<link rel=\"canonical\" href=\"https:\/\/antderground.com\/pl\/produkt\/pogonomyrmex-wheeleri\/\" \/>\n<meta property=\"og:locale\" content=\"pl_PL\" \/>\n<meta property=\"og:type\" content=\"article\" \/>\n<meta property=\"og:title\" content=\"Pogonomyrmex wheeleri - ANTDERGROUND\" \/>\n<meta property=\"og:description\" content=\"Odkryj kr\u00f3low\u0105 Pogonomyrmex wheeleri \u2013 egzotyczn\u0105 i siln\u0105 mr\u00f3wk\u0119 z Ameryki P\u00f3\u0142nocnej. Poznaj ten wytrzyma\u0142y gatunek i dobierz idealne formikaria oraz terraria.\" \/>\n<meta property=\"og:url\" content=\"https:\/\/antderground.com\/pl\/produkt\/pogonomyrmex-wheeleri\/\" \/>\n<meta property=\"og:site_name\" content=\"ANTDERGROUND\" \/>\n<meta property=\"og:image\" content=\"https:\/\/antderground.com\/wp-content\/uploads\/2023\/08\/Pogonomyrmex-wheeleri.jpg\" \/>\n\t<meta property=\"og:image:width\" content=\"1417\" \/>\n\t<meta property=\"og:image:height\" content=\"1417\" \/>\n\t<meta property=\"og:image:type\" content=\"image\/jpeg\" \/>\n<meta name=\"twitter:card\" content=\"summary_large_image\" \/>\n<meta name=\"twitter:label1\" content=\"Szacowany czas czytania\" \/>\n\t<meta name=\"twitter:data1\" content=\"1 minuta\" \/>\n<script type=\"application\/ld+json\" class=\"yoast-schema-graph\">{\"@context\":\"https:\\\/\\\/schema.org\",\"@graph\":[{\"@type\":\"WebPage\",\"@id\":\"https:\\\/\\\/antderground.com\\\/pl\\\/produkt\\\/pogonomyrmex-wheeleri\\\/\",\"url\":\"https:\\\/\\\/antderground.com\\\/pl\\\/produkt\\\/pogonomyrmex-wheeleri\\\/\",\"name\":\"Pogonomyrmex wheeleri - ANTDERGROUND\",\"isPartOf\":{\"@id\":\"https:\\\/\\\/antderground.com\\\/pl\\\/#website\"},\"primaryImageOfPage\":{\"@id\":\"https:\\\/\\\/antderground.com\\\/pl\\\/produkt\\\/pogonomyrmex-wheeleri\\\/#primaryimage\"},\"image\":{\"@id\":\"https:\\\/\\\/antderground.com\\\/pl\\\/produkt\\\/pogonomyrmex-wheeleri\\\/#primaryimage\"},\"thumbnailUrl\":\"https:\\\/\\\/antderground.com\\\/wp-content\\\/uploads\\\/2023\\\/08\\\/Pogonomyrmex-wheeleri.jpg\",\"datePublished\":\"2023-08-22T13:23:43+00:00\",\"description\":\"Odkryj kr\u00f3low\u0105 Pogonomyrmex wheeleri \u2013 egzotyczn\u0105 i siln\u0105 mr\u00f3wk\u0119 z Ameryki P\u00f3\u0142nocnej. Poznaj ten wytrzyma\u0142y gatunek i dobierz idealne formikaria oraz terraria.\",\"breadcrumb\":{\"@id\":\"https:\\\/\\\/antderground.com\\\/pl\\\/produkt\\\/pogonomyrmex-wheeleri\\\/#breadcrumb\"},\"inLanguage\":\"pl-PL\",\"potentialAction\":[{\"@type\":\"ReadAction\",\"target\":[\"https:\\\/\\\/antderground.com\\\/pl\\\/produkt\\\/pogonomyrmex-wheeleri\\\/\"]}]},{\"@type\":\"ImageObject\",\"inLanguage\":\"pl-PL\",\"@id\":\"https:\\\/\\\/antderground.com\\\/pl\\\/produkt\\\/pogonomyrmex-wheeleri\\\/#primaryimage\",\"url\":\"https:\\\/\\\/antderground.com\\\/wp-content\\\/uploads\\\/2023\\\/08\\\/Pogonomyrmex-wheeleri.jpg\",\"contentUrl\":\"https:\\\/\\\/antderground.com\\\/wp-content\\\/uploads\\\/2023\\\/08\\\/Pogonomyrmex-wheeleri.jpg\",\"width\":1417,\"height\":1417,\"caption\":\"Pogonomyrmex wheeleri\"},{\"@type\":\"BreadcrumbList\",\"@id\":\"https:\\\/\\\/antderground.com\\\/pl\\\/produkt\\\/pogonomyrmex-wheeleri\\\/#breadcrumb\",\"itemListElement\":[{\"@type\":\"ListItem\",\"position\":1,\"name\":\"Portada\",\"item\":\"https:\\\/\\\/antderground.com\\\/pl\\\/\"},{\"@type\":\"ListItem\",\"position\":2,\"name\":\"Sklep\",\"item\":\"https:\\\/\\\/antderground.com\\\/pl\\\/sklep\\\/\"},{\"@type\":\"ListItem\",\"position\":3,\"name\":\"Pogonomyrmex wheeleri\"}]},{\"@type\":\"WebSite\",\"@id\":\"https:\\\/\\\/antderground.com\\\/pl\\\/#website\",\"url\":\"https:\\\/\\\/antderground.com\\\/pl\\\/\",\"name\":\"ANTDERGROUND\",\"description\":\"Tu tienda de hormigas, gran variedad de hormigueros acr\u00edlicos,madera,arena,3D y mas.. Pide tus hormigas gratis con tu pedido, somos expertos en hormigueros antifugas.\",\"publisher\":{\"@id\":\"https:\\\/\\\/antderground.com\\\/pl\\\/#\\\/schema\\\/person\\\/0e322c505e84fe72c65e2f6d08f96b81\"},\"alternateName\":\"Antderground\",\"potentialAction\":[{\"@type\":\"SearchAction\",\"target\":{\"@type\":\"EntryPoint\",\"urlTemplate\":\"https:\\\/\\\/antderground.com\\\/pl\\\/?s={search_term_string}\"},\"query-input\":{\"@type\":\"PropertyValueSpecification\",\"valueRequired\":true,\"valueName\":\"search_term_string\"}}],\"inLanguage\":\"pl-PL\"},{\"@type\":[\"Person\",\"Organization\"],\"@id\":\"https:\\\/\\\/antderground.com\\\/pl\\\/#\\\/schema\\\/person\\\/0e322c505e84fe72c65e2f6d08f96b81\",\"name\":\"Eric de Antderground\",\"image\":{\"@type\":\"ImageObject\",\"inLanguage\":\"pl-PL\",\"@id\":\"https:\\\/\\\/secure.gravatar.com\\\/avatar\\\/c49a1b9f79216d1498cb73c1e85cd47f4465dda35f2a94c03790d491bd4423c3?s=96&d=mm&r=g\",\"url\":\"https:\\\/\\\/secure.gravatar.com\\\/avatar\\\/c49a1b9f79216d1498cb73c1e85cd47f4465dda35f2a94c03790d491bd4423c3?s=96&d=mm&r=g\",\"contentUrl\":\"https:\\\/\\\/secure.gravatar.com\\\/avatar\\\/c49a1b9f79216d1498cb73c1e85cd47f4465dda35f2a94c03790d491bd4423c3?s=96&d=mm&r=g\",\"caption\":\"Eric de Antderground\"},\"logo\":{\"@id\":\"https:\\\/\\\/secure.gravatar.com\\\/avatar\\\/c49a1b9f79216d1498cb73c1e85cd47f4465dda35f2a94c03790d491bd4423c3?s=96&d=mm&r=g\"},\"description\":\"Eric es el especialista y fundador de Antderground, con una amplia trayectoria en artr\u00f3podos y enfocado en la mirmecolog\u00eda y el dise\u00f1o de hormigueros artificiales. Su enfoque combina la innovaci\u00f3n t\u00e9cnica con el respeto por la biolog\u00eda de las hormigas, is\u00f3podos y otros, desarrollando sistemas de nidos modulares 3D y acr\u00edlicos que son referentes para aficionados y profesionales en toda Europa. Su objetivo es facilitar la cr\u00eda de hormigas y otros artr\u00f3podos mediante soluciones seguras y divulgaci\u00f3n de calidad.\",\"sameAs\":[\"https:\\\/\\\/antderground.com\\\/\",\"https:\\\/\\\/www.youtube.com\\\/channel\\\/UCio72z7TlbufkAthAJIJfPw\"]}]}<\/script>\n<!-- \/ Yoast SEO plugin. -->","yoast_head_json":{"title":"Pogonomyrmex wheeleri - ANTDERGROUND","description":"Odkryj kr\u00f3low\u0105 Pogonomyrmex wheeleri \u2013 egzotyczn\u0105 i siln\u0105 mr\u00f3wk\u0119 z Ameryki P\u00f3\u0142nocnej. Poznaj ten wytrzyma\u0142y gatunek i dobierz idealne formikaria oraz terraria.","robots":{"index":"index","follow":"follow","max-snippet":"max-snippet:-1","max-image-preview":"max-image-preview:large","max-video-preview":"max-video-preview:-1"},"canonical":"https:\/\/antderground.com\/pl\/produkt\/pogonomyrmex-wheeleri\/","og_locale":"pl_PL","og_type":"article","og_title":"Pogonomyrmex wheeleri - ANTDERGROUND","og_description":"Odkryj kr\u00f3low\u0105 Pogonomyrmex wheeleri \u2013 egzotyczn\u0105 i siln\u0105 mr\u00f3wk\u0119 z Ameryki P\u00f3\u0142nocnej. Poznaj ten wytrzyma\u0142y gatunek i dobierz idealne formikaria oraz terraria.","og_url":"https:\/\/antderground.com\/pl\/produkt\/pogonomyrmex-wheeleri\/","og_site_name":"ANTDERGROUND","og_image":[{"width":1417,"height":1417,"url":"https:\/\/antderground.com\/wp-content\/uploads\/2023\/08\/Pogonomyrmex-wheeleri.jpg","type":"image\/jpeg"}],"twitter_card":"summary_large_image","twitter_misc":{"Szacowany czas czytania":"1 minuta"},"schema":{"@context":"https:\/\/schema.org","@graph":[{"@type":"WebPage","@id":"https:\/\/antderground.com\/pl\/produkt\/pogonomyrmex-wheeleri\/","url":"https:\/\/antderground.com\/pl\/produkt\/pogonomyrmex-wheeleri\/","name":"Pogonomyrmex wheeleri - ANTDERGROUND","isPartOf":{"@id":"https:\/\/antderground.com\/pl\/#website"},"primaryImageOfPage":{"@id":"https:\/\/antderground.com\/pl\/produkt\/pogonomyrmex-wheeleri\/#primaryimage"},"image":{"@id":"https:\/\/antderground.com\/pl\/produkt\/pogonomyrmex-wheeleri\/#primaryimage"},"thumbnailUrl":"https:\/\/antderground.com\/wp-content\/uploads\/2023\/08\/Pogonomyrmex-wheeleri.jpg","datePublished":"2023-08-22T13:23:43+00:00","description":"Odkryj kr\u00f3low\u0105 Pogonomyrmex wheeleri \u2013 egzotyczn\u0105 i siln\u0105 mr\u00f3wk\u0119 z Ameryki P\u00f3\u0142nocnej. Poznaj ten wytrzyma\u0142y gatunek i dobierz idealne formikaria oraz terraria.","breadcrumb":{"@id":"https:\/\/antderground.com\/pl\/produkt\/pogonomyrmex-wheeleri\/#breadcrumb"},"inLanguage":"pl-PL","potentialAction":[{"@type":"ReadAction","target":["https:\/\/antderground.com\/pl\/produkt\/pogonomyrmex-wheeleri\/"]}]},{"@type":"ImageObject","inLanguage":"pl-PL","@id":"https:\/\/antderground.com\/pl\/produkt\/pogonomyrmex-wheeleri\/#primaryimage","url":"https:\/\/antderground.com\/wp-content\/uploads\/2023\/08\/Pogonomyrmex-wheeleri.jpg","contentUrl":"https:\/\/antderground.com\/wp-content\/uploads\/2023\/08\/Pogonomyrmex-wheeleri.jpg","width":1417,"height":1417,"caption":"Pogonomyrmex wheeleri"},{"@type":"BreadcrumbList","@id":"https:\/\/antderground.com\/pl\/produkt\/pogonomyrmex-wheeleri\/#breadcrumb","itemListElement":[{"@type":"ListItem","position":1,"name":"Portada","item":"https:\/\/antderground.com\/pl\/"},{"@type":"ListItem","position":2,"name":"Sklep","item":"https:\/\/antderground.com\/pl\/sklep\/"},{"@type":"ListItem","position":3,"name":"Pogonomyrmex wheeleri"}]},{"@type":"WebSite","@id":"https:\/\/antderground.com\/pl\/#website","url":"https:\/\/antderground.com\/pl\/","name":"ANTDERGROUND","description":"Tu tienda de hormigas, gran variedad de hormigueros acr\u00edlicos,madera,arena,3D y mas.. Pide tus hormigas gratis con tu pedido, somos expertos en hormigueros antifugas.","publisher":{"@id":"https:\/\/antderground.com\/pl\/#\/schema\/person\/0e322c505e84fe72c65e2f6d08f96b81"},"alternateName":"Antderground","potentialAction":[{"@type":"SearchAction","target":{"@type":"EntryPoint","urlTemplate":"https:\/\/antderground.com\/pl\/?s={search_term_string}"},"query-input":{"@type":"PropertyValueSpecification","valueRequired":true,"valueName":"search_term_string"}}],"inLanguage":"pl-PL"},{"@type":["Person","Organization"],"@id":"https:\/\/antderground.com\/pl\/#\/schema\/person\/0e322c505e84fe72c65e2f6d08f96b81","name":"Eric de Antderground","image":{"@type":"ImageObject","inLanguage":"pl-PL","@id":"https:\/\/secure.gravatar.com\/avatar\/c49a1b9f79216d1498cb73c1e85cd47f4465dda35f2a94c03790d491bd4423c3?s=96&d=mm&r=g","url":"https:\/\/secure.gravatar.com\/avatar\/c49a1b9f79216d1498cb73c1e85cd47f4465dda35f2a94c03790d491bd4423c3?s=96&d=mm&r=g","contentUrl":"https:\/\/secure.gravatar.com\/avatar\/c49a1b9f79216d1498cb73c1e85cd47f4465dda35f2a94c03790d491bd4423c3?s=96&d=mm&r=g","caption":"Eric de Antderground"},"logo":{"@id":"https:\/\/secure.gravatar.com\/avatar\/c49a1b9f79216d1498cb73c1e85cd47f4465dda35f2a94c03790d491bd4423c3?s=96&d=mm&r=g"},"description":"Eric es el especialista y fundador de Antderground, con una amplia trayectoria en artr\u00f3podos y enfocado en la mirmecolog\u00eda y el dise\u00f1o de hormigueros artificiales. Su enfoque combina la innovaci\u00f3n t\u00e9cnica con el respeto por la biolog\u00eda de las hormigas, is\u00f3podos y otros, desarrollando sistemas de nidos modulares 3D y acr\u00edlicos que son referentes para aficionados y profesionales en toda Europa. Su objetivo es facilitar la cr\u00eda de hormigas y otros artr\u00f3podos mediante soluciones seguras y divulgaci\u00f3n de calidad.","sameAs":["https:\/\/antderground.com\/","https:\/\/www.youtube.com\/channel\/UCio72z7TlbufkAthAJIJfPw"]}]}},"_links":{"self":[{"href":"https:\/\/antderground.com\/pl\/wp-json\/wp\/v2\/product\/49534","targetHints":{"allow":["GET"]}}],"collection":[{"href":"https:\/\/antderground.com\/pl\/wp-json\/wp\/v2\/product"}],"about":[{"href":"https:\/\/antderground.com\/pl\/wp-json\/wp\/v2\/types\/product"}],"version-history":[{"count":0,"href":"https:\/\/antderground.com\/pl\/wp-json\/wp\/v2\/product\/49534\/revisions"}],"wp:featuredmedia":[{"embeddable":true,"href":"https:\/\/antderground.com\/pl\/wp-json\/wp\/v2\/media\/49535"}],"wp:attachment":[{"href":"https:\/\/antderground.com\/pl\/wp-json\/wp\/v2\/media?parent=49534"}],"wp:term":[{"taxonomy":"product_brand","embeddable":true,"href":"https:\/\/antderground.com\/pl\/wp-json\/wp\/v2\/product_brand?post=49534"},{"taxonomy":"product_cat","embeddable":true,"href":"https:\/\/antderground.com\/pl\/wp-json\/wp\/v2\/product_cat?post=49534"},{"taxonomy":"product_tag","embeddable":true,"href":"https:\/\/antderground.com\/pl\/wp-json\/wp\/v2\/product_tag?post=49534"}],"curies":[{"name":"wp","href":"https:\/\/api.w.org\/{rel}","templated":true}]}}