{"id":49588,"date":"2023-06-29T11:58:49","date_gmt":"2023-06-29T09:58:49","guid":{"rendered":"https:\/\/antderground.com\/producto\/camponotus-fedtschenkoi-black\/"},"modified":"2023-06-29T11:58:49","modified_gmt":"2023-06-29T09:58:49","slug":"camponotus-fedtschenkoi-black","status":"publish","type":"product","link":"https:\/\/antderground.com\/pl\/produkt\/camponotus-fedtschenkoi-black\/","title":{"rendered":"Camponotus fedtschenkoi black"},"content":{"rendered":"<p><strong>Camponotus fedtschenkoi Black<\/strong><\/p>\n<p><strong>Opis:<\/strong><br \/>\nCamponotus fedtschenkoi Black to te same mr\u00f3wki co wersja standardowa, jednak o znacznie ciemniejszym ubarwieniu, przez co s\u0105 trudniejsze do zauwa\u017cenia. Pochodz\u0105 z kontynentu azjatyckiego i wyr\u00f3\u017cniaj\u0105 si\u0119 swoj\u0105 nietypow\u0105, ciemn\u0105 kolorystyk\u0105.<\/p>\n<p>Robotnice mog\u0105 by\u0107 ca\u0142kowicie ciemne, czasem z delikatnymi \u017c\u00f3\u0142tawymi akcentami. Podczas karmienia cennym Antn\u00e9ctarem mo\u017cna zaobserwowa\u0107, jak odw\u0142ok (gaster) tych pi\u0119knych mr\u00f3wek przybiera charakterystyczny niebieskawy odcie\u0144 tego pokarmu.<\/p>\n<p><strong>Pochodzenie:<\/strong><br \/>\nAfganistan, Armenia, Chiny, Iran, Kazachstan, Kirgistan, Turcja, Turkmenistan.<\/p>\n<p><strong>Zalecane gniazda:<\/strong><br \/>\nakrylowe, z ytongu, pionowe z pod\u0142o\u017cem.<\/p>\n<p><strong>Temperatura:<\/strong><br \/>\n24\u201330\u00b0C<\/p>\n<p><strong>Wilgotno\u015b\u0107:<\/strong><br \/>\n50\u201370%<\/p>\n<p><strong>Hibernacja:<\/strong><br \/>\nTak. Od listopada do marca, w temperaturze 18\u201322\u00b0C.<\/p>\n<p><strong>Pokarm:<\/strong><br \/>\nAntn\u00e9ctar, drobne owady.<\/p>\n","protected":false},"excerpt":{"rendered":"<p>Camponotus fedtschenkoi Black Opis: Camponotus fedtschenkoi Black to te same mr\u00f3wki co wersja standardowa, jednak o znacznie ciemniejszym ubarwieniu, przez<\/p>\n","protected":false},"featured_media":49589,"template":"","meta":[],"product_brand":[],"product_cat":[815,817],"product_tag":[],"class_list":{"0":"post-49588","1":"product","2":"type-product","3":"status-publish","4":"has-post-thumbnail","6":"product_cat-mrowki","7":"product_cat-egzotyczne","9":"first","10":"outofstock","11":"sale","12":"shipping-taxable","13":"purchasable","14":"product-type-variable"},"yoast_head":"<!-- This site is optimized with the Yoast SEO plugin v27.3 - https:\/\/yoast.com\/product\/yoast-seo-wordpress\/ -->\n<title>Camponotus fedtschenkoi black - ANTDERGROUND<\/title>\n<meta name=\"description\" content=\"Odkryj now\u0105 odmian\u0119 kr\u00f3lowej Camponotus fedtschenkoi &#039;Black&#039; \u2013 niezwykle interesuj\u0105c\u0105 mr\u00f3wk\u0119. Witaj w \u015bwiecie mr\u00f3wek!\" \/>\n<meta name=\"robots\" content=\"index, follow, max-snippet:-1, max-image-preview:large, max-video-preview:-1\" \/>\n<link rel=\"canonical\" href=\"https:\/\/antderground.com\/pl\/produkt\/camponotus-fedtschenkoi-black\/\" \/>\n<meta property=\"og:locale\" content=\"pl_PL\" \/>\n<meta property=\"og:type\" content=\"article\" \/>\n<meta property=\"og:title\" content=\"Camponotus fedtschenkoi black - ANTDERGROUND\" \/>\n<meta property=\"og:description\" content=\"Odkryj now\u0105 odmian\u0119 kr\u00f3lowej Camponotus fedtschenkoi &#039;Black&#039; \u2013 niezwykle interesuj\u0105c\u0105 mr\u00f3wk\u0119. Witaj w \u015bwiecie mr\u00f3wek!\" \/>\n<meta property=\"og:url\" content=\"https:\/\/antderground.com\/pl\/produkt\/camponotus-fedtschenkoi-black\/\" \/>\n<meta property=\"og:site_name\" content=\"ANTDERGROUND\" \/>\n<meta property=\"og:image\" content=\"https:\/\/antderground.com\/wp-content\/uploads\/2023\/06\/Camponotus-fedtschenkoi-black.jpg\" \/>\n\t<meta property=\"og:image:width\" content=\"1417\" \/>\n\t<meta property=\"og:image:height\" content=\"1417\" \/>\n\t<meta property=\"og:image:type\" content=\"image\/jpeg\" \/>\n<meta name=\"twitter:card\" content=\"summary_large_image\" \/>\n<meta name=\"twitter:label1\" content=\"Szacowany czas czytania\" \/>\n\t<meta name=\"twitter:data1\" content=\"1 minuta\" \/>\n<script type=\"application\/ld+json\" class=\"yoast-schema-graph\">{\"@context\":\"https:\\\/\\\/schema.org\",\"@graph\":[{\"@type\":\"WebPage\",\"@id\":\"https:\\\/\\\/antderground.com\\\/pl\\\/produkt\\\/camponotus-fedtschenkoi-black\\\/\",\"url\":\"https:\\\/\\\/antderground.com\\\/pl\\\/produkt\\\/camponotus-fedtschenkoi-black\\\/\",\"name\":\"Camponotus fedtschenkoi black - ANTDERGROUND\",\"isPartOf\":{\"@id\":\"https:\\\/\\\/antderground.com\\\/pl\\\/#website\"},\"primaryImageOfPage\":{\"@id\":\"https:\\\/\\\/antderground.com\\\/pl\\\/produkt\\\/camponotus-fedtschenkoi-black\\\/#primaryimage\"},\"image\":{\"@id\":\"https:\\\/\\\/antderground.com\\\/pl\\\/produkt\\\/camponotus-fedtschenkoi-black\\\/#primaryimage\"},\"thumbnailUrl\":\"https:\\\/\\\/antderground.com\\\/wp-content\\\/uploads\\\/2023\\\/06\\\/Camponotus-fedtschenkoi-black.jpg\",\"datePublished\":\"2023-06-29T09:58:49+00:00\",\"description\":\"Odkryj now\u0105 odmian\u0119 kr\u00f3lowej Camponotus fedtschenkoi 'Black' \u2013 niezwykle interesuj\u0105c\u0105 mr\u00f3wk\u0119. Witaj w \u015bwiecie mr\u00f3wek!\",\"breadcrumb\":{\"@id\":\"https:\\\/\\\/antderground.com\\\/pl\\\/produkt\\\/camponotus-fedtschenkoi-black\\\/#breadcrumb\"},\"inLanguage\":\"pl-PL\",\"potentialAction\":[{\"@type\":\"ReadAction\",\"target\":[\"https:\\\/\\\/antderground.com\\\/pl\\\/produkt\\\/camponotus-fedtschenkoi-black\\\/\"]}]},{\"@type\":\"ImageObject\",\"inLanguage\":\"pl-PL\",\"@id\":\"https:\\\/\\\/antderground.com\\\/pl\\\/produkt\\\/camponotus-fedtschenkoi-black\\\/#primaryimage\",\"url\":\"https:\\\/\\\/antderground.com\\\/wp-content\\\/uploads\\\/2023\\\/06\\\/Camponotus-fedtschenkoi-black.jpg\",\"contentUrl\":\"https:\\\/\\\/antderground.com\\\/wp-content\\\/uploads\\\/2023\\\/06\\\/Camponotus-fedtschenkoi-black.jpg\",\"width\":1417,\"height\":1417,\"caption\":\"Camponotus fedtschenkoi black\"},{\"@type\":\"BreadcrumbList\",\"@id\":\"https:\\\/\\\/antderground.com\\\/pl\\\/produkt\\\/camponotus-fedtschenkoi-black\\\/#breadcrumb\",\"itemListElement\":[{\"@type\":\"ListItem\",\"position\":1,\"name\":\"Portada\",\"item\":\"https:\\\/\\\/antderground.com\\\/pl\\\/\"},{\"@type\":\"ListItem\",\"position\":2,\"name\":\"Sklep\",\"item\":\"https:\\\/\\\/antderground.com\\\/pl\\\/sklep\\\/\"},{\"@type\":\"ListItem\",\"position\":3,\"name\":\"Camponotus fedtschenkoi black\"}]},{\"@type\":\"WebSite\",\"@id\":\"https:\\\/\\\/antderground.com\\\/pl\\\/#website\",\"url\":\"https:\\\/\\\/antderground.com\\\/pl\\\/\",\"name\":\"ANTDERGROUND\",\"description\":\"Tu tienda de hormigas, gran variedad de hormigueros acr\u00edlicos,madera,arena,3D y mas.. Pide tus hormigas gratis con tu pedido, somos expertos en hormigueros antifugas.\",\"publisher\":{\"@id\":\"https:\\\/\\\/antderground.com\\\/pl\\\/#\\\/schema\\\/person\\\/0e322c505e84fe72c65e2f6d08f96b81\"},\"alternateName\":\"Antderground\",\"potentialAction\":[{\"@type\":\"SearchAction\",\"target\":{\"@type\":\"EntryPoint\",\"urlTemplate\":\"https:\\\/\\\/antderground.com\\\/pl\\\/?s={search_term_string}\"},\"query-input\":{\"@type\":\"PropertyValueSpecification\",\"valueRequired\":true,\"valueName\":\"search_term_string\"}}],\"inLanguage\":\"pl-PL\"},{\"@type\":[\"Person\",\"Organization\"],\"@id\":\"https:\\\/\\\/antderground.com\\\/pl\\\/#\\\/schema\\\/person\\\/0e322c505e84fe72c65e2f6d08f96b81\",\"name\":\"Eric de Antderground\",\"image\":{\"@type\":\"ImageObject\",\"inLanguage\":\"pl-PL\",\"@id\":\"https:\\\/\\\/secure.gravatar.com\\\/avatar\\\/c49a1b9f79216d1498cb73c1e85cd47f4465dda35f2a94c03790d491bd4423c3?s=96&d=mm&r=g\",\"url\":\"https:\\\/\\\/secure.gravatar.com\\\/avatar\\\/c49a1b9f79216d1498cb73c1e85cd47f4465dda35f2a94c03790d491bd4423c3?s=96&d=mm&r=g\",\"contentUrl\":\"https:\\\/\\\/secure.gravatar.com\\\/avatar\\\/c49a1b9f79216d1498cb73c1e85cd47f4465dda35f2a94c03790d491bd4423c3?s=96&d=mm&r=g\",\"caption\":\"Eric de Antderground\"},\"logo\":{\"@id\":\"https:\\\/\\\/secure.gravatar.com\\\/avatar\\\/c49a1b9f79216d1498cb73c1e85cd47f4465dda35f2a94c03790d491bd4423c3?s=96&d=mm&r=g\"},\"description\":\"Eric es el especialista y fundador de Antderground, con una amplia trayectoria en artr\u00f3podos y enfocado en la mirmecolog\u00eda y el dise\u00f1o de hormigueros artificiales. Su enfoque combina la innovaci\u00f3n t\u00e9cnica con el respeto por la biolog\u00eda de las hormigas, is\u00f3podos y otros, desarrollando sistemas de nidos modulares 3D y acr\u00edlicos que son referentes para aficionados y profesionales en toda Europa. Su objetivo es facilitar la cr\u00eda de hormigas y otros artr\u00f3podos mediante soluciones seguras y divulgaci\u00f3n de calidad.\",\"sameAs\":[\"https:\\\/\\\/antderground.com\\\/\",\"https:\\\/\\\/www.youtube.com\\\/channel\\\/UCio72z7TlbufkAthAJIJfPw\"]}]}<\/script>\n<!-- \/ Yoast SEO plugin. -->","yoast_head_json":{"title":"Camponotus fedtschenkoi black - ANTDERGROUND","description":"Odkryj now\u0105 odmian\u0119 kr\u00f3lowej Camponotus fedtschenkoi 'Black' \u2013 niezwykle interesuj\u0105c\u0105 mr\u00f3wk\u0119. Witaj w \u015bwiecie mr\u00f3wek!","robots":{"index":"index","follow":"follow","max-snippet":"max-snippet:-1","max-image-preview":"max-image-preview:large","max-video-preview":"max-video-preview:-1"},"canonical":"https:\/\/antderground.com\/pl\/produkt\/camponotus-fedtschenkoi-black\/","og_locale":"pl_PL","og_type":"article","og_title":"Camponotus fedtschenkoi black - ANTDERGROUND","og_description":"Odkryj now\u0105 odmian\u0119 kr\u00f3lowej Camponotus fedtschenkoi 'Black' \u2013 niezwykle interesuj\u0105c\u0105 mr\u00f3wk\u0119. Witaj w \u015bwiecie mr\u00f3wek!","og_url":"https:\/\/antderground.com\/pl\/produkt\/camponotus-fedtschenkoi-black\/","og_site_name":"ANTDERGROUND","og_image":[{"width":1417,"height":1417,"url":"https:\/\/antderground.com\/wp-content\/uploads\/2023\/06\/Camponotus-fedtschenkoi-black.jpg","type":"image\/jpeg"}],"twitter_card":"summary_large_image","twitter_misc":{"Szacowany czas czytania":"1 minuta"},"schema":{"@context":"https:\/\/schema.org","@graph":[{"@type":"WebPage","@id":"https:\/\/antderground.com\/pl\/produkt\/camponotus-fedtschenkoi-black\/","url":"https:\/\/antderground.com\/pl\/produkt\/camponotus-fedtschenkoi-black\/","name":"Camponotus fedtschenkoi black - ANTDERGROUND","isPartOf":{"@id":"https:\/\/antderground.com\/pl\/#website"},"primaryImageOfPage":{"@id":"https:\/\/antderground.com\/pl\/produkt\/camponotus-fedtschenkoi-black\/#primaryimage"},"image":{"@id":"https:\/\/antderground.com\/pl\/produkt\/camponotus-fedtschenkoi-black\/#primaryimage"},"thumbnailUrl":"https:\/\/antderground.com\/wp-content\/uploads\/2023\/06\/Camponotus-fedtschenkoi-black.jpg","datePublished":"2023-06-29T09:58:49+00:00","description":"Odkryj now\u0105 odmian\u0119 kr\u00f3lowej Camponotus fedtschenkoi 'Black' \u2013 niezwykle interesuj\u0105c\u0105 mr\u00f3wk\u0119. Witaj w \u015bwiecie mr\u00f3wek!","breadcrumb":{"@id":"https:\/\/antderground.com\/pl\/produkt\/camponotus-fedtschenkoi-black\/#breadcrumb"},"inLanguage":"pl-PL","potentialAction":[{"@type":"ReadAction","target":["https:\/\/antderground.com\/pl\/produkt\/camponotus-fedtschenkoi-black\/"]}]},{"@type":"ImageObject","inLanguage":"pl-PL","@id":"https:\/\/antderground.com\/pl\/produkt\/camponotus-fedtschenkoi-black\/#primaryimage","url":"https:\/\/antderground.com\/wp-content\/uploads\/2023\/06\/Camponotus-fedtschenkoi-black.jpg","contentUrl":"https:\/\/antderground.com\/wp-content\/uploads\/2023\/06\/Camponotus-fedtschenkoi-black.jpg","width":1417,"height":1417,"caption":"Camponotus fedtschenkoi black"},{"@type":"BreadcrumbList","@id":"https:\/\/antderground.com\/pl\/produkt\/camponotus-fedtschenkoi-black\/#breadcrumb","itemListElement":[{"@type":"ListItem","position":1,"name":"Portada","item":"https:\/\/antderground.com\/pl\/"},{"@type":"ListItem","position":2,"name":"Sklep","item":"https:\/\/antderground.com\/pl\/sklep\/"},{"@type":"ListItem","position":3,"name":"Camponotus fedtschenkoi black"}]},{"@type":"WebSite","@id":"https:\/\/antderground.com\/pl\/#website","url":"https:\/\/antderground.com\/pl\/","name":"ANTDERGROUND","description":"Tu tienda de hormigas, gran variedad de hormigueros acr\u00edlicos,madera,arena,3D y mas.. Pide tus hormigas gratis con tu pedido, somos expertos en hormigueros antifugas.","publisher":{"@id":"https:\/\/antderground.com\/pl\/#\/schema\/person\/0e322c505e84fe72c65e2f6d08f96b81"},"alternateName":"Antderground","potentialAction":[{"@type":"SearchAction","target":{"@type":"EntryPoint","urlTemplate":"https:\/\/antderground.com\/pl\/?s={search_term_string}"},"query-input":{"@type":"PropertyValueSpecification","valueRequired":true,"valueName":"search_term_string"}}],"inLanguage":"pl-PL"},{"@type":["Person","Organization"],"@id":"https:\/\/antderground.com\/pl\/#\/schema\/person\/0e322c505e84fe72c65e2f6d08f96b81","name":"Eric de Antderground","image":{"@type":"ImageObject","inLanguage":"pl-PL","@id":"https:\/\/secure.gravatar.com\/avatar\/c49a1b9f79216d1498cb73c1e85cd47f4465dda35f2a94c03790d491bd4423c3?s=96&d=mm&r=g","url":"https:\/\/secure.gravatar.com\/avatar\/c49a1b9f79216d1498cb73c1e85cd47f4465dda35f2a94c03790d491bd4423c3?s=96&d=mm&r=g","contentUrl":"https:\/\/secure.gravatar.com\/avatar\/c49a1b9f79216d1498cb73c1e85cd47f4465dda35f2a94c03790d491bd4423c3?s=96&d=mm&r=g","caption":"Eric de Antderground"},"logo":{"@id":"https:\/\/secure.gravatar.com\/avatar\/c49a1b9f79216d1498cb73c1e85cd47f4465dda35f2a94c03790d491bd4423c3?s=96&d=mm&r=g"},"description":"Eric es el especialista y fundador de Antderground, con una amplia trayectoria en artr\u00f3podos y enfocado en la mirmecolog\u00eda y el dise\u00f1o de hormigueros artificiales. Su enfoque combina la innovaci\u00f3n t\u00e9cnica con el respeto por la biolog\u00eda de las hormigas, is\u00f3podos y otros, desarrollando sistemas de nidos modulares 3D y acr\u00edlicos que son referentes para aficionados y profesionales en toda Europa. Su objetivo es facilitar la cr\u00eda de hormigas y otros artr\u00f3podos mediante soluciones seguras y divulgaci\u00f3n de calidad.","sameAs":["https:\/\/antderground.com\/","https:\/\/www.youtube.com\/channel\/UCio72z7TlbufkAthAJIJfPw"]}]}},"_links":{"self":[{"href":"https:\/\/antderground.com\/pl\/wp-json\/wp\/v2\/product\/49588","targetHints":{"allow":["GET"]}}],"collection":[{"href":"https:\/\/antderground.com\/pl\/wp-json\/wp\/v2\/product"}],"about":[{"href":"https:\/\/antderground.com\/pl\/wp-json\/wp\/v2\/types\/product"}],"version-history":[{"count":0,"href":"https:\/\/antderground.com\/pl\/wp-json\/wp\/v2\/product\/49588\/revisions"}],"wp:featuredmedia":[{"embeddable":true,"href":"https:\/\/antderground.com\/pl\/wp-json\/wp\/v2\/media\/49589"}],"wp:attachment":[{"href":"https:\/\/antderground.com\/pl\/wp-json\/wp\/v2\/media?parent=49588"}],"wp:term":[{"taxonomy":"product_brand","embeddable":true,"href":"https:\/\/antderground.com\/pl\/wp-json\/wp\/v2\/product_brand?post=49588"},{"taxonomy":"product_cat","embeddable":true,"href":"https:\/\/antderground.com\/pl\/wp-json\/wp\/v2\/product_cat?post=49588"},{"taxonomy":"product_tag","embeddable":true,"href":"https:\/\/antderground.com\/pl\/wp-json\/wp\/v2\/product_tag?post=49588"}],"curies":[{"name":"wp","href":"https:\/\/api.w.org\/{rel}","templated":true}]}}