{"id":49592,"date":"2023-06-26T11:01:31","date_gmt":"2023-06-26T09:01:31","guid":{"rendered":"https:\/\/antderground.com\/producto\/camponotus-quadrisectus\/"},"modified":"2023-06-26T11:01:31","modified_gmt":"2023-06-26T09:01:31","slug":"camponotus-quadrisectus","status":"publish","type":"product","link":"https:\/\/antderground.com\/pl\/produkt\/camponotus-quadrisectus\/","title":{"rendered":"Camponotus\u00a0quadrisectus"},"content":{"rendered":"<p><strong>Nazwa naukowa:<\/strong> <em>Camponotus quadrisectus<\/em><\/p>\n<p><strong>Klasyfikacja taksonomiczna:<\/strong><br \/>\nKr\u00f3lestwo: Animalia<br \/>\nTyp: Arthropoda<br \/>\nGromada: Insecta<br \/>\nRz\u0105d: Hymenoptera<br \/>\nRodzina: Formicidae<br \/>\nPodrodzina: Formicinae<br \/>\nRodzaj: <em>Camponotus<\/em><\/p>\n<p><strong>Rozmieszczenie geograficzne:<\/strong><br \/>\n<em>Camponotus quadrisectus<\/em> wyst\u0119puje g\u0142\u00f3wnie w regionie Azji, w tym w krajach takich jak Indonezja, Malezja, Filipiny oraz na innych obszarach tego regionu.<\/p>\n<p><strong>Cechy fizyczne:<\/strong><br \/>\n<em>Camponotus quadrisectus<\/em> jest mr\u00f3wk\u0105 \u015bredniej wielko\u015bci; robotnice osi\u0105gaj\u0105 d\u0142ugo\u015b\u0107 oko\u0142o 5\u20137 mm. Cia\u0142o jest masywne, a ubarwienie waha si\u0119 od czarnego do ciemnobr\u0105zowego. Robotnice posiadaj\u0105 stosunkowo du\u017c\u0105 g\u0142ow\u0119 w por\u00f3wnaniu do reszty cia\u0142a, d\u0142ugie czu\u0142ki oraz silne \u017cuwaczki.<\/p>\n<p><strong>Zachowanie:<\/strong><br \/>\nMr\u00f3wki te s\u0105 g\u0142\u00f3wnie aktywne w ci\u0105gu dnia i charakteryzuj\u0105 si\u0119 intensywn\u0105 aktywno\u015bci\u0105 eksploracyjn\u0105. Buduj\u0105 gniazda w glebie oraz w pniach drzew i mo\u017cna je spotka\u0107 zar\u00f3wno na terenach le\u015bnych, jak i w \u015brodowiskach zurbanizowanych. S\u0105 wszystko\u017cerne i od\u017cywiaj\u0105 si\u0119 r\u00f3\u017cnorodnymi \u017ar\u00f3d\u0142ami pokarmu, w tym nektarem, martwymi owadami oraz wydzielinami ro\u015blin.<\/p>\n<p><strong>Status ochrony:<\/strong><br \/>\nBrak szczeg\u00f3\u0142owych informacji dotycz\u0105cych statusu ochrony tego gatunku.<\/p>\n<p><strong>Informacje dodatkowe:<\/strong><br \/>\n<em>Camponotus quadrisectus<\/em> jest gatunkiem powszechnie wyst\u0119puj\u0105cym w Azji i odgrywa istotn\u0105 rol\u0119 w ekosystemach, w kt\u00f3rych si\u0119 pojawia. Mr\u00f3wki te s\u0105 znane ze zdolno\u015bci do zasiedlania r\u00f3\u017cnych siedlisk oraz z agresywnego zachowania w sytuacjach zagro\u017cenia.<\/p>\n","protected":false},"excerpt":{"rendered":"<p>Kr\u00f3lowa (sama)<\/p>\n","protected":false},"featured_media":49593,"template":"","meta":[],"product_brand":[],"product_cat":[815,817],"product_tag":[],"class_list":{"0":"post-49592","1":"product","2":"type-product","3":"status-publish","4":"has-post-thumbnail","6":"product_cat-mrowki","7":"product_cat-egzotyczne","9":"first","10":"outofstock","11":"sale","12":"shipping-taxable","13":"purchasable","14":"product-type-simple"},"yoast_head":"<!-- This site is optimized with the Yoast SEO plugin v27.3 - https:\/\/yoast.com\/product\/yoast-seo-wordpress\/ -->\n<title>Camponotus\u00a0quadrisectus - ANTDERGROUND<\/title>\n<meta name=\"description\" content=\"kr\u00f3lowa Camponotus quadrisectus \u2013 egzotyczna mr\u00f3wka idealna do Twojego formikarium lub terrarium. Odkryj \u015bwiat mirmekologii!\" \/>\n<meta name=\"robots\" content=\"index, follow, max-snippet:-1, max-image-preview:large, max-video-preview:-1\" \/>\n<link rel=\"canonical\" href=\"https:\/\/antderground.com\/pl\/produkt\/camponotus-quadrisectus\/\" \/>\n<meta property=\"og:locale\" content=\"pl_PL\" \/>\n<meta property=\"og:type\" content=\"article\" \/>\n<meta property=\"og:title\" content=\"Camponotus\u00a0quadrisectus - ANTDERGROUND\" \/>\n<meta property=\"og:description\" content=\"kr\u00f3lowa Camponotus quadrisectus \u2013 egzotyczna mr\u00f3wka idealna do Twojego formikarium lub terrarium. Odkryj \u015bwiat mirmekologii!\" \/>\n<meta property=\"og:url\" content=\"https:\/\/antderground.com\/pl\/produkt\/camponotus-quadrisectus\/\" \/>\n<meta property=\"og:site_name\" content=\"ANTDERGROUND\" \/>\n<meta property=\"og:image\" content=\"https:\/\/antderground.com\/wp-content\/uploads\/2023\/06\/Camponotus-quadrisectus.jpg\" \/>\n\t<meta property=\"og:image:width\" content=\"1417\" \/>\n\t<meta property=\"og:image:height\" content=\"1417\" \/>\n\t<meta property=\"og:image:type\" content=\"image\/jpeg\" \/>\n<meta name=\"twitter:card\" content=\"summary_large_image\" \/>\n<meta name=\"twitter:label1\" content=\"Szacowany czas czytania\" \/>\n\t<meta name=\"twitter:data1\" content=\"1 minuta\" \/>\n<script type=\"application\/ld+json\" class=\"yoast-schema-graph\">{\"@context\":\"https:\\\/\\\/schema.org\",\"@graph\":[{\"@type\":\"WebPage\",\"@id\":\"https:\\\/\\\/antderground.com\\\/pl\\\/produkt\\\/camponotus-quadrisectus\\\/\",\"url\":\"https:\\\/\\\/antderground.com\\\/pl\\\/produkt\\\/camponotus-quadrisectus\\\/\",\"name\":\"Camponotus\u00a0quadrisectus - ANTDERGROUND\",\"isPartOf\":{\"@id\":\"https:\\\/\\\/antderground.com\\\/pl\\\/#website\"},\"primaryImageOfPage\":{\"@id\":\"https:\\\/\\\/antderground.com\\\/pl\\\/produkt\\\/camponotus-quadrisectus\\\/#primaryimage\"},\"image\":{\"@id\":\"https:\\\/\\\/antderground.com\\\/pl\\\/produkt\\\/camponotus-quadrisectus\\\/#primaryimage\"},\"thumbnailUrl\":\"https:\\\/\\\/antderground.com\\\/wp-content\\\/uploads\\\/2023\\\/06\\\/Camponotus-quadrisectus.jpg\",\"datePublished\":\"2023-06-26T09:01:31+00:00\",\"description\":\"kr\u00f3lowa Camponotus quadrisectus \u2013 egzotyczna mr\u00f3wka idealna do Twojego formikarium lub terrarium. Odkryj \u015bwiat mirmekologii!\",\"breadcrumb\":{\"@id\":\"https:\\\/\\\/antderground.com\\\/pl\\\/produkt\\\/camponotus-quadrisectus\\\/#breadcrumb\"},\"inLanguage\":\"pl-PL\",\"potentialAction\":[{\"@type\":\"ReadAction\",\"target\":[\"https:\\\/\\\/antderground.com\\\/pl\\\/produkt\\\/camponotus-quadrisectus\\\/\"]}]},{\"@type\":\"ImageObject\",\"inLanguage\":\"pl-PL\",\"@id\":\"https:\\\/\\\/antderground.com\\\/pl\\\/produkt\\\/camponotus-quadrisectus\\\/#primaryimage\",\"url\":\"https:\\\/\\\/antderground.com\\\/wp-content\\\/uploads\\\/2023\\\/06\\\/Camponotus-quadrisectus.jpg\",\"contentUrl\":\"https:\\\/\\\/antderground.com\\\/wp-content\\\/uploads\\\/2023\\\/06\\\/Camponotus-quadrisectus.jpg\",\"width\":1417,\"height\":1417,\"caption\":\"Camponotus quadrisectus\"},{\"@type\":\"BreadcrumbList\",\"@id\":\"https:\\\/\\\/antderground.com\\\/pl\\\/produkt\\\/camponotus-quadrisectus\\\/#breadcrumb\",\"itemListElement\":[{\"@type\":\"ListItem\",\"position\":1,\"name\":\"Portada\",\"item\":\"https:\\\/\\\/antderground.com\\\/pl\\\/\"},{\"@type\":\"ListItem\",\"position\":2,\"name\":\"Sklep\",\"item\":\"https:\\\/\\\/antderground.com\\\/pl\\\/sklep\\\/\"},{\"@type\":\"ListItem\",\"position\":3,\"name\":\"Camponotus\u00a0quadrisectus\"}]},{\"@type\":\"WebSite\",\"@id\":\"https:\\\/\\\/antderground.com\\\/pl\\\/#website\",\"url\":\"https:\\\/\\\/antderground.com\\\/pl\\\/\",\"name\":\"ANTDERGROUND\",\"description\":\"Tu tienda de hormigas, gran variedad de hormigueros acr\u00edlicos,madera,arena,3D y mas.. Pide tus hormigas gratis con tu pedido, somos expertos en hormigueros antifugas.\",\"publisher\":{\"@id\":\"https:\\\/\\\/antderground.com\\\/pl\\\/#\\\/schema\\\/person\\\/0e322c505e84fe72c65e2f6d08f96b81\"},\"alternateName\":\"Antderground\",\"potentialAction\":[{\"@type\":\"SearchAction\",\"target\":{\"@type\":\"EntryPoint\",\"urlTemplate\":\"https:\\\/\\\/antderground.com\\\/pl\\\/?s={search_term_string}\"},\"query-input\":{\"@type\":\"PropertyValueSpecification\",\"valueRequired\":true,\"valueName\":\"search_term_string\"}}],\"inLanguage\":\"pl-PL\"},{\"@type\":[\"Person\",\"Organization\"],\"@id\":\"https:\\\/\\\/antderground.com\\\/pl\\\/#\\\/schema\\\/person\\\/0e322c505e84fe72c65e2f6d08f96b81\",\"name\":\"Eric de Antderground\",\"image\":{\"@type\":\"ImageObject\",\"inLanguage\":\"pl-PL\",\"@id\":\"https:\\\/\\\/secure.gravatar.com\\\/avatar\\\/c49a1b9f79216d1498cb73c1e85cd47f4465dda35f2a94c03790d491bd4423c3?s=96&d=mm&r=g\",\"url\":\"https:\\\/\\\/secure.gravatar.com\\\/avatar\\\/c49a1b9f79216d1498cb73c1e85cd47f4465dda35f2a94c03790d491bd4423c3?s=96&d=mm&r=g\",\"contentUrl\":\"https:\\\/\\\/secure.gravatar.com\\\/avatar\\\/c49a1b9f79216d1498cb73c1e85cd47f4465dda35f2a94c03790d491bd4423c3?s=96&d=mm&r=g\",\"caption\":\"Eric de Antderground\"},\"logo\":{\"@id\":\"https:\\\/\\\/secure.gravatar.com\\\/avatar\\\/c49a1b9f79216d1498cb73c1e85cd47f4465dda35f2a94c03790d491bd4423c3?s=96&d=mm&r=g\"},\"description\":\"Eric es el especialista y fundador de Antderground, con una amplia trayectoria en artr\u00f3podos y enfocado en la mirmecolog\u00eda y el dise\u00f1o de hormigueros artificiales. Su enfoque combina la innovaci\u00f3n t\u00e9cnica con el respeto por la biolog\u00eda de las hormigas, is\u00f3podos y otros, desarrollando sistemas de nidos modulares 3D y acr\u00edlicos que son referentes para aficionados y profesionales en toda Europa. Su objetivo es facilitar la cr\u00eda de hormigas y otros artr\u00f3podos mediante soluciones seguras y divulgaci\u00f3n de calidad.\",\"sameAs\":[\"https:\\\/\\\/antderground.com\\\/\",\"https:\\\/\\\/www.youtube.com\\\/channel\\\/UCio72z7TlbufkAthAJIJfPw\"]}]}<\/script>\n<!-- \/ Yoast SEO plugin. -->","yoast_head_json":{"title":"Camponotus\u00a0quadrisectus - ANTDERGROUND","description":"kr\u00f3lowa Camponotus quadrisectus \u2013 egzotyczna mr\u00f3wka idealna do Twojego formikarium lub terrarium. Odkryj \u015bwiat mirmekologii!","robots":{"index":"index","follow":"follow","max-snippet":"max-snippet:-1","max-image-preview":"max-image-preview:large","max-video-preview":"max-video-preview:-1"},"canonical":"https:\/\/antderground.com\/pl\/produkt\/camponotus-quadrisectus\/","og_locale":"pl_PL","og_type":"article","og_title":"Camponotus\u00a0quadrisectus - ANTDERGROUND","og_description":"kr\u00f3lowa Camponotus quadrisectus \u2013 egzotyczna mr\u00f3wka idealna do Twojego formikarium lub terrarium. Odkryj \u015bwiat mirmekologii!","og_url":"https:\/\/antderground.com\/pl\/produkt\/camponotus-quadrisectus\/","og_site_name":"ANTDERGROUND","og_image":[{"width":1417,"height":1417,"url":"https:\/\/antderground.com\/wp-content\/uploads\/2023\/06\/Camponotus-quadrisectus.jpg","type":"image\/jpeg"}],"twitter_card":"summary_large_image","twitter_misc":{"Szacowany czas czytania":"1 minuta"},"schema":{"@context":"https:\/\/schema.org","@graph":[{"@type":"WebPage","@id":"https:\/\/antderground.com\/pl\/produkt\/camponotus-quadrisectus\/","url":"https:\/\/antderground.com\/pl\/produkt\/camponotus-quadrisectus\/","name":"Camponotus\u00a0quadrisectus - ANTDERGROUND","isPartOf":{"@id":"https:\/\/antderground.com\/pl\/#website"},"primaryImageOfPage":{"@id":"https:\/\/antderground.com\/pl\/produkt\/camponotus-quadrisectus\/#primaryimage"},"image":{"@id":"https:\/\/antderground.com\/pl\/produkt\/camponotus-quadrisectus\/#primaryimage"},"thumbnailUrl":"https:\/\/antderground.com\/wp-content\/uploads\/2023\/06\/Camponotus-quadrisectus.jpg","datePublished":"2023-06-26T09:01:31+00:00","description":"kr\u00f3lowa Camponotus quadrisectus \u2013 egzotyczna mr\u00f3wka idealna do Twojego formikarium lub terrarium. Odkryj \u015bwiat mirmekologii!","breadcrumb":{"@id":"https:\/\/antderground.com\/pl\/produkt\/camponotus-quadrisectus\/#breadcrumb"},"inLanguage":"pl-PL","potentialAction":[{"@type":"ReadAction","target":["https:\/\/antderground.com\/pl\/produkt\/camponotus-quadrisectus\/"]}]},{"@type":"ImageObject","inLanguage":"pl-PL","@id":"https:\/\/antderground.com\/pl\/produkt\/camponotus-quadrisectus\/#primaryimage","url":"https:\/\/antderground.com\/wp-content\/uploads\/2023\/06\/Camponotus-quadrisectus.jpg","contentUrl":"https:\/\/antderground.com\/wp-content\/uploads\/2023\/06\/Camponotus-quadrisectus.jpg","width":1417,"height":1417,"caption":"Camponotus quadrisectus"},{"@type":"BreadcrumbList","@id":"https:\/\/antderground.com\/pl\/produkt\/camponotus-quadrisectus\/#breadcrumb","itemListElement":[{"@type":"ListItem","position":1,"name":"Portada","item":"https:\/\/antderground.com\/pl\/"},{"@type":"ListItem","position":2,"name":"Sklep","item":"https:\/\/antderground.com\/pl\/sklep\/"},{"@type":"ListItem","position":3,"name":"Camponotus\u00a0quadrisectus"}]},{"@type":"WebSite","@id":"https:\/\/antderground.com\/pl\/#website","url":"https:\/\/antderground.com\/pl\/","name":"ANTDERGROUND","description":"Tu tienda de hormigas, gran variedad de hormigueros acr\u00edlicos,madera,arena,3D y mas.. Pide tus hormigas gratis con tu pedido, somos expertos en hormigueros antifugas.","publisher":{"@id":"https:\/\/antderground.com\/pl\/#\/schema\/person\/0e322c505e84fe72c65e2f6d08f96b81"},"alternateName":"Antderground","potentialAction":[{"@type":"SearchAction","target":{"@type":"EntryPoint","urlTemplate":"https:\/\/antderground.com\/pl\/?s={search_term_string}"},"query-input":{"@type":"PropertyValueSpecification","valueRequired":true,"valueName":"search_term_string"}}],"inLanguage":"pl-PL"},{"@type":["Person","Organization"],"@id":"https:\/\/antderground.com\/pl\/#\/schema\/person\/0e322c505e84fe72c65e2f6d08f96b81","name":"Eric de Antderground","image":{"@type":"ImageObject","inLanguage":"pl-PL","@id":"https:\/\/secure.gravatar.com\/avatar\/c49a1b9f79216d1498cb73c1e85cd47f4465dda35f2a94c03790d491bd4423c3?s=96&d=mm&r=g","url":"https:\/\/secure.gravatar.com\/avatar\/c49a1b9f79216d1498cb73c1e85cd47f4465dda35f2a94c03790d491bd4423c3?s=96&d=mm&r=g","contentUrl":"https:\/\/secure.gravatar.com\/avatar\/c49a1b9f79216d1498cb73c1e85cd47f4465dda35f2a94c03790d491bd4423c3?s=96&d=mm&r=g","caption":"Eric de Antderground"},"logo":{"@id":"https:\/\/secure.gravatar.com\/avatar\/c49a1b9f79216d1498cb73c1e85cd47f4465dda35f2a94c03790d491bd4423c3?s=96&d=mm&r=g"},"description":"Eric es el especialista y fundador de Antderground, con una amplia trayectoria en artr\u00f3podos y enfocado en la mirmecolog\u00eda y el dise\u00f1o de hormigueros artificiales. Su enfoque combina la innovaci\u00f3n t\u00e9cnica con el respeto por la biolog\u00eda de las hormigas, is\u00f3podos y otros, desarrollando sistemas de nidos modulares 3D y acr\u00edlicos que son referentes para aficionados y profesionales en toda Europa. Su objetivo es facilitar la cr\u00eda de hormigas y otros artr\u00f3podos mediante soluciones seguras y divulgaci\u00f3n de calidad.","sameAs":["https:\/\/antderground.com\/","https:\/\/www.youtube.com\/channel\/UCio72z7TlbufkAthAJIJfPw"]}]}},"_links":{"self":[{"href":"https:\/\/antderground.com\/pl\/wp-json\/wp\/v2\/product\/49592","targetHints":{"allow":["GET"]}}],"collection":[{"href":"https:\/\/antderground.com\/pl\/wp-json\/wp\/v2\/product"}],"about":[{"href":"https:\/\/antderground.com\/pl\/wp-json\/wp\/v2\/types\/product"}],"version-history":[{"count":0,"href":"https:\/\/antderground.com\/pl\/wp-json\/wp\/v2\/product\/49592\/revisions"}],"wp:featuredmedia":[{"embeddable":true,"href":"https:\/\/antderground.com\/pl\/wp-json\/wp\/v2\/media\/49593"}],"wp:attachment":[{"href":"https:\/\/antderground.com\/pl\/wp-json\/wp\/v2\/media?parent=49592"}],"wp:term":[{"taxonomy":"product_brand","embeddable":true,"href":"https:\/\/antderground.com\/pl\/wp-json\/wp\/v2\/product_brand?post=49592"},{"taxonomy":"product_cat","embeddable":true,"href":"https:\/\/antderground.com\/pl\/wp-json\/wp\/v2\/product_cat?post=49592"},{"taxonomy":"product_tag","embeddable":true,"href":"https:\/\/antderground.com\/pl\/wp-json\/wp\/v2\/product_tag?post=49592"}],"curies":[{"name":"wp","href":"https:\/\/api.w.org\/{rel}","templated":true}]}}