{"id":49603,"date":"2023-06-07T16:22:07","date_gmt":"2023-06-07T14:22:07","guid":{"rendered":"https:\/\/antderground.com\/producto\/manica-rubida\/"},"modified":"2023-06-07T16:22:07","modified_gmt":"2023-06-07T14:22:07","slug":"manica-rubida","status":"publish","type":"product","link":"https:\/\/antderground.com\/pl\/produkt\/manica-rubida\/","title":{"rendered":"Manica rubida"},"content":{"rendered":"<p><strong>Nazwa naukowa:<\/strong> <em>Manica rubida<\/em><\/p>\n<p><strong>Klasyfikacja taksonomiczna:<\/strong><\/p>\n<p>Kr\u00f3lestwo: Animalia<br \/>\nTyp: Arthropoda<br \/>\nGromada: Insecta<br \/>\nRz\u0105d: Hymenoptera<br \/>\nRodzina: Formicidae<br \/>\nPodrodzina: Myrmicinae<br \/>\nPlemi\u0119: Myrmicini<br \/>\nRodzaj: <em>Manica<\/em><\/p>\n<p><strong>Rozmieszczenie geograficzne:<\/strong><br \/>\n<em>Manica rubida<\/em> wyst\u0119puje g\u0142\u00f3wnie w Europie, obejmuj\u0105c takie kraje jak Wielka Brytania, Francja, Niemcy, Szwajcaria, W\u0142ochy oraz inne pa\u0144stwa europejskie.<\/p>\n<p><strong>Cechy fizyczne:<\/strong><br \/>\n<em>Manica rubida<\/em> jest mr\u00f3wk\u0105 \u015bredniej do du\u017cej wielko\u015bci; robotnice osi\u0105gaj\u0105 d\u0142ugo\u015b\u0107 oko\u0142o 6\u20138 mm. Cia\u0142o ma barw\u0119 od ciemnoczerwonej do czerwonobr\u0105zowej, z wyra\u017anie wyodr\u0119bnion\u0105 g\u0142ow\u0105 i odw\u0142okiem. Charakteryzuje si\u0119 silnymi \u017cuwaczkami oraz d\u0142ugimi, smuk\u0142ymi odn\u00f3\u017cami.<\/p>\n<p><strong>Zachowanie:<\/strong><br \/>\n<em>Manica rubida<\/em> tworzy kolonie o wysokim stopniu organizacji. Gatunek ten znany jest z agresywnego i obronnego zachowania. \u017bywi si\u0119 g\u0142\u00f3wnie drobnymi owadami oraz nektarem kwiat\u00f3w. Gniazda buduje w glebie i potrafi szybko przemieszcza\u0107 si\u0119 w poszukiwaniu po\u017cywienia.<\/p>\n<p><strong>Stan ochrony:<\/strong><br \/>\nBrak szczeg\u00f3\u0142owych informacji dotycz\u0105cych stanu ochrony tego gatunku.<\/p>\n<p><strong>Uwagi dodatkowe:<\/strong><br \/>\nJest to pospolity gatunek mr\u00f3wki wyst\u0119puj\u0105cy w r\u00f3\u017cnych siedliskach na terenie Europy. Do jego najbardziej charakterystycznych cech nale\u017c\u0105 agresywno\u015b\u0107 oraz zdolno\u015b\u0107 do tworzenia dobrze zorganizowanych kolonii. Cz\u0119sto spotykana na terenach otwartych, \u0142\u0105kach, w lasach oraz ogrodach.<\/p>\n","protected":false},"excerpt":{"rendered":"<p>Nazwa naukowa: Manica rubida Klasyfikacja taksonomiczna: Kr\u00f3lestwo: Animalia Typ: Arthropoda Gromada: Insecta Rz\u0105d: Hymenoptera Rodzina: Formicidae Podrodzina: Myrmicinae Plemi\u0119: Myrmicini<\/p>\n","protected":false},"featured_media":49604,"template":"","meta":[],"product_brand":[],"product_cat":[815,816],"product_tag":[],"class_list":{"0":"post-49603","1":"product","2":"type-product","3":"status-publish","4":"has-post-thumbnail","6":"product_cat-mrowki","7":"product_cat-europejskie","9":"first","10":"outofstock","11":"shipping-taxable","12":"purchasable","13":"product-type-variable"},"yoast_head":"<!-- This site is optimized with the Yoast SEO plugin v27.3 - https:\/\/yoast.com\/product\/yoast-seo-wordpress\/ -->\n<title>Manica rubida (Kr\u00f3lowa ) - ANTDERGROUND<\/title>\n<meta name=\"description\" content=\"Europejska mr\u00f3wka (Manica rubida), niezwyk\u0142a kr\u00f3lowa mr\u00f3wek. Odkryj wi\u0119cej gatunk\u00f3w europejskich mr\u00f3wek w Antderground.\" \/>\n<meta name=\"robots\" content=\"index, follow, max-snippet:-1, max-image-preview:large, max-video-preview:-1\" \/>\n<link rel=\"canonical\" href=\"https:\/\/antderground.com\/pl\/produkt\/manica-rubida\/\" \/>\n<meta property=\"og:locale\" content=\"pl_PL\" \/>\n<meta property=\"og:type\" content=\"article\" \/>\n<meta property=\"og:title\" content=\"Manica rubida (Kr\u00f3lowa ) - ANTDERGROUND\" \/>\n<meta property=\"og:description\" content=\"Europejska mr\u00f3wka (Manica rubida), niezwyk\u0142a kr\u00f3lowa mr\u00f3wek. Odkryj wi\u0119cej gatunk\u00f3w europejskich mr\u00f3wek w Antderground.\" \/>\n<meta property=\"og:url\" content=\"https:\/\/antderground.com\/pl\/produkt\/manica-rubida\/\" \/>\n<meta property=\"og:site_name\" content=\"ANTDERGROUND\" \/>\n<meta property=\"og:image\" content=\"https:\/\/antderground.com\/wp-content\/uploads\/2023\/06\/Manica-rubida.jpg\" \/>\n\t<meta property=\"og:image:width\" content=\"1417\" \/>\n\t<meta property=\"og:image:height\" content=\"1417\" \/>\n\t<meta property=\"og:image:type\" content=\"image\/jpeg\" \/>\n<meta name=\"twitter:card\" content=\"summary_large_image\" \/>\n<meta name=\"twitter:label1\" content=\"Szacowany czas czytania\" \/>\n\t<meta name=\"twitter:data1\" content=\"1 minuta\" \/>\n<script type=\"application\/ld+json\" class=\"yoast-schema-graph\">{\"@context\":\"https:\\\/\\\/schema.org\",\"@graph\":[{\"@type\":\"WebPage\",\"@id\":\"https:\\\/\\\/antderground.com\\\/pl\\\/produkt\\\/manica-rubida\\\/\",\"url\":\"https:\\\/\\\/antderground.com\\\/pl\\\/produkt\\\/manica-rubida\\\/\",\"name\":\"Manica rubida (Kr\u00f3lowa ) - ANTDERGROUND\",\"isPartOf\":{\"@id\":\"https:\\\/\\\/antderground.com\\\/pl\\\/#website\"},\"primaryImageOfPage\":{\"@id\":\"https:\\\/\\\/antderground.com\\\/pl\\\/produkt\\\/manica-rubida\\\/#primaryimage\"},\"image\":{\"@id\":\"https:\\\/\\\/antderground.com\\\/pl\\\/produkt\\\/manica-rubida\\\/#primaryimage\"},\"thumbnailUrl\":\"https:\\\/\\\/antderground.com\\\/wp-content\\\/uploads\\\/2023\\\/06\\\/Manica-rubida.jpg\",\"datePublished\":\"2023-06-07T14:22:07+00:00\",\"description\":\"Europejska mr\u00f3wka (Manica rubida), niezwyk\u0142a kr\u00f3lowa mr\u00f3wek. Odkryj wi\u0119cej gatunk\u00f3w europejskich mr\u00f3wek w Antderground.\",\"breadcrumb\":{\"@id\":\"https:\\\/\\\/antderground.com\\\/pl\\\/produkt\\\/manica-rubida\\\/#breadcrumb\"},\"inLanguage\":\"pl-PL\",\"potentialAction\":[{\"@type\":\"ReadAction\",\"target\":[\"https:\\\/\\\/antderground.com\\\/pl\\\/produkt\\\/manica-rubida\\\/\"]}]},{\"@type\":\"ImageObject\",\"inLanguage\":\"pl-PL\",\"@id\":\"https:\\\/\\\/antderground.com\\\/pl\\\/produkt\\\/manica-rubida\\\/#primaryimage\",\"url\":\"https:\\\/\\\/antderground.com\\\/wp-content\\\/uploads\\\/2023\\\/06\\\/Manica-rubida.jpg\",\"contentUrl\":\"https:\\\/\\\/antderground.com\\\/wp-content\\\/uploads\\\/2023\\\/06\\\/Manica-rubida.jpg\",\"width\":1417,\"height\":1417},{\"@type\":\"BreadcrumbList\",\"@id\":\"https:\\\/\\\/antderground.com\\\/pl\\\/produkt\\\/manica-rubida\\\/#breadcrumb\",\"itemListElement\":[{\"@type\":\"ListItem\",\"position\":1,\"name\":\"Portada\",\"item\":\"https:\\\/\\\/antderground.com\\\/pl\\\/\"},{\"@type\":\"ListItem\",\"position\":2,\"name\":\"Sklep\",\"item\":\"https:\\\/\\\/antderground.com\\\/pl\\\/sklep\\\/\"},{\"@type\":\"ListItem\",\"position\":3,\"name\":\"Manica rubida\"}]},{\"@type\":\"WebSite\",\"@id\":\"https:\\\/\\\/antderground.com\\\/pl\\\/#website\",\"url\":\"https:\\\/\\\/antderground.com\\\/pl\\\/\",\"name\":\"ANTDERGROUND\",\"description\":\"Tu tienda de hormigas, gran variedad de hormigueros acr\u00edlicos,madera,arena,3D y mas.. Pide tus hormigas gratis con tu pedido, somos expertos en hormigueros antifugas.\",\"publisher\":{\"@id\":\"https:\\\/\\\/antderground.com\\\/pl\\\/#\\\/schema\\\/person\\\/0e322c505e84fe72c65e2f6d08f96b81\"},\"alternateName\":\"Antderground\",\"potentialAction\":[{\"@type\":\"SearchAction\",\"target\":{\"@type\":\"EntryPoint\",\"urlTemplate\":\"https:\\\/\\\/antderground.com\\\/pl\\\/?s={search_term_string}\"},\"query-input\":{\"@type\":\"PropertyValueSpecification\",\"valueRequired\":true,\"valueName\":\"search_term_string\"}}],\"inLanguage\":\"pl-PL\"},{\"@type\":[\"Person\",\"Organization\"],\"@id\":\"https:\\\/\\\/antderground.com\\\/pl\\\/#\\\/schema\\\/person\\\/0e322c505e84fe72c65e2f6d08f96b81\",\"name\":\"Eric de Antderground\",\"image\":{\"@type\":\"ImageObject\",\"inLanguage\":\"pl-PL\",\"@id\":\"https:\\\/\\\/secure.gravatar.com\\\/avatar\\\/c49a1b9f79216d1498cb73c1e85cd47f4465dda35f2a94c03790d491bd4423c3?s=96&d=mm&r=g\",\"url\":\"https:\\\/\\\/secure.gravatar.com\\\/avatar\\\/c49a1b9f79216d1498cb73c1e85cd47f4465dda35f2a94c03790d491bd4423c3?s=96&d=mm&r=g\",\"contentUrl\":\"https:\\\/\\\/secure.gravatar.com\\\/avatar\\\/c49a1b9f79216d1498cb73c1e85cd47f4465dda35f2a94c03790d491bd4423c3?s=96&d=mm&r=g\",\"caption\":\"Eric de Antderground\"},\"logo\":{\"@id\":\"https:\\\/\\\/secure.gravatar.com\\\/avatar\\\/c49a1b9f79216d1498cb73c1e85cd47f4465dda35f2a94c03790d491bd4423c3?s=96&d=mm&r=g\"},\"description\":\"Eric es el especialista y fundador de Antderground, con una amplia trayectoria en artr\u00f3podos y enfocado en la mirmecolog\u00eda y el dise\u00f1o de hormigueros artificiales. Su enfoque combina la innovaci\u00f3n t\u00e9cnica con el respeto por la biolog\u00eda de las hormigas, is\u00f3podos y otros, desarrollando sistemas de nidos modulares 3D y acr\u00edlicos que son referentes para aficionados y profesionales en toda Europa. Su objetivo es facilitar la cr\u00eda de hormigas y otros artr\u00f3podos mediante soluciones seguras y divulgaci\u00f3n de calidad.\",\"sameAs\":[\"https:\\\/\\\/antderground.com\\\/\",\"https:\\\/\\\/www.youtube.com\\\/channel\\\/UCio72z7TlbufkAthAJIJfPw\"]}]}<\/script>\n<!-- \/ Yoast SEO plugin. -->","yoast_head_json":{"title":"Manica rubida (Kr\u00f3lowa ) - ANTDERGROUND","description":"Europejska mr\u00f3wka (Manica rubida), niezwyk\u0142a kr\u00f3lowa mr\u00f3wek. Odkryj wi\u0119cej gatunk\u00f3w europejskich mr\u00f3wek w Antderground.","robots":{"index":"index","follow":"follow","max-snippet":"max-snippet:-1","max-image-preview":"max-image-preview:large","max-video-preview":"max-video-preview:-1"},"canonical":"https:\/\/antderground.com\/pl\/produkt\/manica-rubida\/","og_locale":"pl_PL","og_type":"article","og_title":"Manica rubida (Kr\u00f3lowa ) - ANTDERGROUND","og_description":"Europejska mr\u00f3wka (Manica rubida), niezwyk\u0142a kr\u00f3lowa mr\u00f3wek. Odkryj wi\u0119cej gatunk\u00f3w europejskich mr\u00f3wek w Antderground.","og_url":"https:\/\/antderground.com\/pl\/produkt\/manica-rubida\/","og_site_name":"ANTDERGROUND","og_image":[{"width":1417,"height":1417,"url":"https:\/\/antderground.com\/wp-content\/uploads\/2023\/06\/Manica-rubida.jpg","type":"image\/jpeg"}],"twitter_card":"summary_large_image","twitter_misc":{"Szacowany czas czytania":"1 minuta"},"schema":{"@context":"https:\/\/schema.org","@graph":[{"@type":"WebPage","@id":"https:\/\/antderground.com\/pl\/produkt\/manica-rubida\/","url":"https:\/\/antderground.com\/pl\/produkt\/manica-rubida\/","name":"Manica rubida (Kr\u00f3lowa ) - ANTDERGROUND","isPartOf":{"@id":"https:\/\/antderground.com\/pl\/#website"},"primaryImageOfPage":{"@id":"https:\/\/antderground.com\/pl\/produkt\/manica-rubida\/#primaryimage"},"image":{"@id":"https:\/\/antderground.com\/pl\/produkt\/manica-rubida\/#primaryimage"},"thumbnailUrl":"https:\/\/antderground.com\/wp-content\/uploads\/2023\/06\/Manica-rubida.jpg","datePublished":"2023-06-07T14:22:07+00:00","description":"Europejska mr\u00f3wka (Manica rubida), niezwyk\u0142a kr\u00f3lowa mr\u00f3wek. Odkryj wi\u0119cej gatunk\u00f3w europejskich mr\u00f3wek w Antderground.","breadcrumb":{"@id":"https:\/\/antderground.com\/pl\/produkt\/manica-rubida\/#breadcrumb"},"inLanguage":"pl-PL","potentialAction":[{"@type":"ReadAction","target":["https:\/\/antderground.com\/pl\/produkt\/manica-rubida\/"]}]},{"@type":"ImageObject","inLanguage":"pl-PL","@id":"https:\/\/antderground.com\/pl\/produkt\/manica-rubida\/#primaryimage","url":"https:\/\/antderground.com\/wp-content\/uploads\/2023\/06\/Manica-rubida.jpg","contentUrl":"https:\/\/antderground.com\/wp-content\/uploads\/2023\/06\/Manica-rubida.jpg","width":1417,"height":1417},{"@type":"BreadcrumbList","@id":"https:\/\/antderground.com\/pl\/produkt\/manica-rubida\/#breadcrumb","itemListElement":[{"@type":"ListItem","position":1,"name":"Portada","item":"https:\/\/antderground.com\/pl\/"},{"@type":"ListItem","position":2,"name":"Sklep","item":"https:\/\/antderground.com\/pl\/sklep\/"},{"@type":"ListItem","position":3,"name":"Manica rubida"}]},{"@type":"WebSite","@id":"https:\/\/antderground.com\/pl\/#website","url":"https:\/\/antderground.com\/pl\/","name":"ANTDERGROUND","description":"Tu tienda de hormigas, gran variedad de hormigueros acr\u00edlicos,madera,arena,3D y mas.. Pide tus hormigas gratis con tu pedido, somos expertos en hormigueros antifugas.","publisher":{"@id":"https:\/\/antderground.com\/pl\/#\/schema\/person\/0e322c505e84fe72c65e2f6d08f96b81"},"alternateName":"Antderground","potentialAction":[{"@type":"SearchAction","target":{"@type":"EntryPoint","urlTemplate":"https:\/\/antderground.com\/pl\/?s={search_term_string}"},"query-input":{"@type":"PropertyValueSpecification","valueRequired":true,"valueName":"search_term_string"}}],"inLanguage":"pl-PL"},{"@type":["Person","Organization"],"@id":"https:\/\/antderground.com\/pl\/#\/schema\/person\/0e322c505e84fe72c65e2f6d08f96b81","name":"Eric de Antderground","image":{"@type":"ImageObject","inLanguage":"pl-PL","@id":"https:\/\/secure.gravatar.com\/avatar\/c49a1b9f79216d1498cb73c1e85cd47f4465dda35f2a94c03790d491bd4423c3?s=96&d=mm&r=g","url":"https:\/\/secure.gravatar.com\/avatar\/c49a1b9f79216d1498cb73c1e85cd47f4465dda35f2a94c03790d491bd4423c3?s=96&d=mm&r=g","contentUrl":"https:\/\/secure.gravatar.com\/avatar\/c49a1b9f79216d1498cb73c1e85cd47f4465dda35f2a94c03790d491bd4423c3?s=96&d=mm&r=g","caption":"Eric de Antderground"},"logo":{"@id":"https:\/\/secure.gravatar.com\/avatar\/c49a1b9f79216d1498cb73c1e85cd47f4465dda35f2a94c03790d491bd4423c3?s=96&d=mm&r=g"},"description":"Eric es el especialista y fundador de Antderground, con una amplia trayectoria en artr\u00f3podos y enfocado en la mirmecolog\u00eda y el dise\u00f1o de hormigueros artificiales. Su enfoque combina la innovaci\u00f3n t\u00e9cnica con el respeto por la biolog\u00eda de las hormigas, is\u00f3podos y otros, desarrollando sistemas de nidos modulares 3D y acr\u00edlicos que son referentes para aficionados y profesionales en toda Europa. Su objetivo es facilitar la cr\u00eda de hormigas y otros artr\u00f3podos mediante soluciones seguras y divulgaci\u00f3n de calidad.","sameAs":["https:\/\/antderground.com\/","https:\/\/www.youtube.com\/channel\/UCio72z7TlbufkAthAJIJfPw"]}]}},"_links":{"self":[{"href":"https:\/\/antderground.com\/pl\/wp-json\/wp\/v2\/product\/49603","targetHints":{"allow":["GET"]}}],"collection":[{"href":"https:\/\/antderground.com\/pl\/wp-json\/wp\/v2\/product"}],"about":[{"href":"https:\/\/antderground.com\/pl\/wp-json\/wp\/v2\/types\/product"}],"version-history":[{"count":0,"href":"https:\/\/antderground.com\/pl\/wp-json\/wp\/v2\/product\/49603\/revisions"}],"wp:featuredmedia":[{"embeddable":true,"href":"https:\/\/antderground.com\/pl\/wp-json\/wp\/v2\/media\/49604"}],"wp:attachment":[{"href":"https:\/\/antderground.com\/pl\/wp-json\/wp\/v2\/media?parent=49603"}],"wp:term":[{"taxonomy":"product_brand","embeddable":true,"href":"https:\/\/antderground.com\/pl\/wp-json\/wp\/v2\/product_brand?post=49603"},{"taxonomy":"product_cat","embeddable":true,"href":"https:\/\/antderground.com\/pl\/wp-json\/wp\/v2\/product_cat?post=49603"},{"taxonomy":"product_tag","embeddable":true,"href":"https:\/\/antderground.com\/pl\/wp-json\/wp\/v2\/product_tag?post=49603"}],"curies":[{"name":"wp","href":"https:\/\/api.w.org\/{rel}","templated":true}]}}