{"id":49620,"date":"2023-05-11T16:14:08","date_gmt":"2023-05-11T14:14:08","guid":{"rendered":"https:\/\/antderground.com\/producto\/camponotus-sanctus\/"},"modified":"2023-05-11T16:14:08","modified_gmt":"2023-05-11T14:14:08","slug":"camponotus-sanctus","status":"publish","type":"product","link":"https:\/\/antderground.com\/pl\/produkt\/camponotus-sanctus\/","title":{"rendered":"Camponotus sanctus"},"content":{"rendered":"<p><strong>Nazwa naukowa:<\/strong> <em>Camponotus sanctus<\/em><\/p>\n<p><strong>Klasyfikacja taksonomiczna:<\/strong><br \/>\nKr\u00f3lestwo: Animalia<br \/>\nTyp: Arthropoda<br \/>\nGromada: Insecta<br \/>\nRz\u0105d: Hymenoptera<br \/>\nRodzina: Formicidae<br \/>\nRodzaj: <em>Camponotus<\/em><br \/>\nGatunek: <em>sanctus<\/em><\/p>\n<p><strong>Rozmieszczenie geograficzne:<\/strong><br \/>\nMr\u00f3wka <em>Camponotus sanctus<\/em> jest gatunkiem endemicznym wyspy Malta, po\u0142o\u017conej na Morzu \u015ar\u00f3dziemnym. Wyst\u0119puje r\u00f3wnie\u017c na obszarach takich jak Grecja oraz Turcja.<\/p>\n<p><strong>Cechy fizyczne:<\/strong><br \/>\nRobotnice osi\u0105gaj\u0105 d\u0142ugo\u015b\u0107 od 4 do 7 mm, natomiast kr\u00f3lowe mog\u0105 dorasta\u0107 do 10 mm. Cia\u0142o ma barw\u0119 b\u0142yszcz\u0105cej czerni, a czu\u0142ki oraz odn\u00f3\u017ca s\u0105 ja\u015bniejsze. Gatunek ten wykazuje dymorfizm p\u0142ciowy, co oznacza, \u017ce kr\u00f3lowe s\u0105 wi\u0119ksze od robotnic i posiadaj\u0105 skrzyd\u0142a.<\/p>\n<p><strong>Zachowanie:<\/strong><br \/>\nJest to gatunek dzienny, zamieszkuj\u0105cy lasy oraz zaro\u015bla. Mr\u00f3wki te s\u0105 g\u0142\u00f3wnie ro\u015blino\u017cerne; od\u017cywiaj\u0105 si\u0119 spadzi\u0105 wydzielan\u0105 przez mszyce oraz inne owady \u017ceruj\u0105ce na sokach ro\u015blinnych. Mog\u0105 r\u00f3wnie\u017c spo\u017cywa\u0107 drobne bezkr\u0119gowce.<\/p>\n","protected":false},"excerpt":{"rendered":"<p>Nazwa naukowa: Camponotus sanctus Klasyfikacja taksonomiczna: Kr\u00f3lestwo: Animalia Typ: Arthropoda Gromada: Insecta Rz\u0105d: Hymenoptera Rodzina: Formicidae Rodzaj: Camponotus Gatunek: sanctus<\/p>\n","protected":false},"featured_media":49621,"template":"","meta":[],"product_brand":[],"product_cat":[815,817],"product_tag":[],"class_list":{"0":"post-49620","1":"product","2":"type-product","3":"status-publish","4":"has-post-thumbnail","6":"product_cat-mrowki","7":"product_cat-egzotyczne","9":"first","10":"outofstock","11":"sale","12":"shipping-taxable","13":"purchasable","14":"product-type-variable"},"yoast_head":"<!-- This site is optimized with the Yoast SEO plugin v27.3 - https:\/\/yoast.com\/product\/yoast-seo-wordpress\/ -->\n<title>Camponotus sanctus (mirmekologiczny) - ANTDERGROUND<\/title>\n<meta name=\"description\" content=\"Odkryj kr\u00f3low\u0105 Camponotus sanctus \u2013 to niezwykle ciekawy gatunek! Znajd\u017a zdumiewaj\u0105ce mr\u00f3wki w naszym sklepie. Tw\u00f3j sklep mirmekologiczny | Formicarium.\" \/>\n<meta name=\"robots\" content=\"index, follow, max-snippet:-1, max-image-preview:large, max-video-preview:-1\" \/>\n<link rel=\"canonical\" href=\"https:\/\/antderground.com\/pl\/produkt\/camponotus-sanctus\/\" \/>\n<meta property=\"og:locale\" content=\"pl_PL\" \/>\n<meta property=\"og:type\" content=\"article\" \/>\n<meta property=\"og:title\" content=\"Camponotus sanctus (mirmekologiczny) - ANTDERGROUND\" \/>\n<meta property=\"og:description\" content=\"Odkryj kr\u00f3low\u0105 Camponotus sanctus \u2013 to niezwykle ciekawy gatunek! Znajd\u017a zdumiewaj\u0105ce mr\u00f3wki w naszym sklepie. Tw\u00f3j sklep mirmekologiczny | Formicarium.\" \/>\n<meta property=\"og:url\" content=\"https:\/\/antderground.com\/pl\/produkt\/camponotus-sanctus\/\" \/>\n<meta property=\"og:site_name\" content=\"ANTDERGROUND\" \/>\n<meta property=\"og:image\" content=\"https:\/\/antderground.com\/wp-content\/uploads\/2023\/05\/Camponotus-sanctus.jpg\" \/>\n\t<meta property=\"og:image:width\" content=\"1417\" \/>\n\t<meta property=\"og:image:height\" content=\"1417\" \/>\n\t<meta property=\"og:image:type\" content=\"image\/jpeg\" \/>\n<meta name=\"twitter:card\" content=\"summary_large_image\" \/>\n<meta name=\"twitter:label1\" content=\"Szacowany czas czytania\" \/>\n\t<meta name=\"twitter:data1\" content=\"1 minuta\" \/>\n<script type=\"application\/ld+json\" class=\"yoast-schema-graph\">{\"@context\":\"https:\\\/\\\/schema.org\",\"@graph\":[{\"@type\":\"WebPage\",\"@id\":\"https:\\\/\\\/antderground.com\\\/pl\\\/produkt\\\/camponotus-sanctus\\\/\",\"url\":\"https:\\\/\\\/antderground.com\\\/pl\\\/produkt\\\/camponotus-sanctus\\\/\",\"name\":\"Camponotus sanctus (mirmekologiczny) - ANTDERGROUND\",\"isPartOf\":{\"@id\":\"https:\\\/\\\/antderground.com\\\/pl\\\/#website\"},\"primaryImageOfPage\":{\"@id\":\"https:\\\/\\\/antderground.com\\\/pl\\\/produkt\\\/camponotus-sanctus\\\/#primaryimage\"},\"image\":{\"@id\":\"https:\\\/\\\/antderground.com\\\/pl\\\/produkt\\\/camponotus-sanctus\\\/#primaryimage\"},\"thumbnailUrl\":\"https:\\\/\\\/antderground.com\\\/wp-content\\\/uploads\\\/2023\\\/05\\\/Camponotus-sanctus.jpg\",\"datePublished\":\"2023-05-11T14:14:08+00:00\",\"description\":\"Odkryj kr\u00f3low\u0105 Camponotus sanctus \u2013 to niezwykle ciekawy gatunek! Znajd\u017a zdumiewaj\u0105ce mr\u00f3wki w naszym sklepie. Tw\u00f3j sklep mirmekologiczny | Formicarium.\",\"breadcrumb\":{\"@id\":\"https:\\\/\\\/antderground.com\\\/pl\\\/produkt\\\/camponotus-sanctus\\\/#breadcrumb\"},\"inLanguage\":\"pl-PL\",\"potentialAction\":[{\"@type\":\"ReadAction\",\"target\":[\"https:\\\/\\\/antderground.com\\\/pl\\\/produkt\\\/camponotus-sanctus\\\/\"]}]},{\"@type\":\"ImageObject\",\"inLanguage\":\"pl-PL\",\"@id\":\"https:\\\/\\\/antderground.com\\\/pl\\\/produkt\\\/camponotus-sanctus\\\/#primaryimage\",\"url\":\"https:\\\/\\\/antderground.com\\\/wp-content\\\/uploads\\\/2023\\\/05\\\/Camponotus-sanctus.jpg\",\"contentUrl\":\"https:\\\/\\\/antderground.com\\\/wp-content\\\/uploads\\\/2023\\\/05\\\/Camponotus-sanctus.jpg\",\"width\":1417,\"height\":1417,\"caption\":\"Camponotus sanctus\"},{\"@type\":\"BreadcrumbList\",\"@id\":\"https:\\\/\\\/antderground.com\\\/pl\\\/produkt\\\/camponotus-sanctus\\\/#breadcrumb\",\"itemListElement\":[{\"@type\":\"ListItem\",\"position\":1,\"name\":\"Portada\",\"item\":\"https:\\\/\\\/antderground.com\\\/pl\\\/\"},{\"@type\":\"ListItem\",\"position\":2,\"name\":\"Sklep\",\"item\":\"https:\\\/\\\/antderground.com\\\/pl\\\/sklep\\\/\"},{\"@type\":\"ListItem\",\"position\":3,\"name\":\"Camponotus sanctus\"}]},{\"@type\":\"WebSite\",\"@id\":\"https:\\\/\\\/antderground.com\\\/pl\\\/#website\",\"url\":\"https:\\\/\\\/antderground.com\\\/pl\\\/\",\"name\":\"ANTDERGROUND\",\"description\":\"Tu tienda de hormigas, gran variedad de hormigueros acr\u00edlicos,madera,arena,3D y mas.. Pide tus hormigas gratis con tu pedido, somos expertos en hormigueros antifugas.\",\"publisher\":{\"@id\":\"https:\\\/\\\/antderground.com\\\/pl\\\/#\\\/schema\\\/person\\\/0e322c505e84fe72c65e2f6d08f96b81\"},\"alternateName\":\"Antderground\",\"potentialAction\":[{\"@type\":\"SearchAction\",\"target\":{\"@type\":\"EntryPoint\",\"urlTemplate\":\"https:\\\/\\\/antderground.com\\\/pl\\\/?s={search_term_string}\"},\"query-input\":{\"@type\":\"PropertyValueSpecification\",\"valueRequired\":true,\"valueName\":\"search_term_string\"}}],\"inLanguage\":\"pl-PL\"},{\"@type\":[\"Person\",\"Organization\"],\"@id\":\"https:\\\/\\\/antderground.com\\\/pl\\\/#\\\/schema\\\/person\\\/0e322c505e84fe72c65e2f6d08f96b81\",\"name\":\"Eric de Antderground\",\"image\":{\"@type\":\"ImageObject\",\"inLanguage\":\"pl-PL\",\"@id\":\"https:\\\/\\\/secure.gravatar.com\\\/avatar\\\/c49a1b9f79216d1498cb73c1e85cd47f4465dda35f2a94c03790d491bd4423c3?s=96&d=mm&r=g\",\"url\":\"https:\\\/\\\/secure.gravatar.com\\\/avatar\\\/c49a1b9f79216d1498cb73c1e85cd47f4465dda35f2a94c03790d491bd4423c3?s=96&d=mm&r=g\",\"contentUrl\":\"https:\\\/\\\/secure.gravatar.com\\\/avatar\\\/c49a1b9f79216d1498cb73c1e85cd47f4465dda35f2a94c03790d491bd4423c3?s=96&d=mm&r=g\",\"caption\":\"Eric de Antderground\"},\"logo\":{\"@id\":\"https:\\\/\\\/secure.gravatar.com\\\/avatar\\\/c49a1b9f79216d1498cb73c1e85cd47f4465dda35f2a94c03790d491bd4423c3?s=96&d=mm&r=g\"},\"description\":\"Eric es el especialista y fundador de Antderground, con una amplia trayectoria en artr\u00f3podos y enfocado en la mirmecolog\u00eda y el dise\u00f1o de hormigueros artificiales. Su enfoque combina la innovaci\u00f3n t\u00e9cnica con el respeto por la biolog\u00eda de las hormigas, is\u00f3podos y otros, desarrollando sistemas de nidos modulares 3D y acr\u00edlicos que son referentes para aficionados y profesionales en toda Europa. Su objetivo es facilitar la cr\u00eda de hormigas y otros artr\u00f3podos mediante soluciones seguras y divulgaci\u00f3n de calidad.\",\"sameAs\":[\"https:\\\/\\\/antderground.com\\\/\",\"https:\\\/\\\/www.youtube.com\\\/channel\\\/UCio72z7TlbufkAthAJIJfPw\"]}]}<\/script>\n<!-- \/ Yoast SEO plugin. -->","yoast_head_json":{"title":"Camponotus sanctus (mirmekologiczny) - ANTDERGROUND","description":"Odkryj kr\u00f3low\u0105 Camponotus sanctus \u2013 to niezwykle ciekawy gatunek! Znajd\u017a zdumiewaj\u0105ce mr\u00f3wki w naszym sklepie. Tw\u00f3j sklep mirmekologiczny | Formicarium.","robots":{"index":"index","follow":"follow","max-snippet":"max-snippet:-1","max-image-preview":"max-image-preview:large","max-video-preview":"max-video-preview:-1"},"canonical":"https:\/\/antderground.com\/pl\/produkt\/camponotus-sanctus\/","og_locale":"pl_PL","og_type":"article","og_title":"Camponotus sanctus (mirmekologiczny) - ANTDERGROUND","og_description":"Odkryj kr\u00f3low\u0105 Camponotus sanctus \u2013 to niezwykle ciekawy gatunek! Znajd\u017a zdumiewaj\u0105ce mr\u00f3wki w naszym sklepie. Tw\u00f3j sklep mirmekologiczny | Formicarium.","og_url":"https:\/\/antderground.com\/pl\/produkt\/camponotus-sanctus\/","og_site_name":"ANTDERGROUND","og_image":[{"width":1417,"height":1417,"url":"https:\/\/antderground.com\/wp-content\/uploads\/2023\/05\/Camponotus-sanctus.jpg","type":"image\/jpeg"}],"twitter_card":"summary_large_image","twitter_misc":{"Szacowany czas czytania":"1 minuta"},"schema":{"@context":"https:\/\/schema.org","@graph":[{"@type":"WebPage","@id":"https:\/\/antderground.com\/pl\/produkt\/camponotus-sanctus\/","url":"https:\/\/antderground.com\/pl\/produkt\/camponotus-sanctus\/","name":"Camponotus sanctus (mirmekologiczny) - ANTDERGROUND","isPartOf":{"@id":"https:\/\/antderground.com\/pl\/#website"},"primaryImageOfPage":{"@id":"https:\/\/antderground.com\/pl\/produkt\/camponotus-sanctus\/#primaryimage"},"image":{"@id":"https:\/\/antderground.com\/pl\/produkt\/camponotus-sanctus\/#primaryimage"},"thumbnailUrl":"https:\/\/antderground.com\/wp-content\/uploads\/2023\/05\/Camponotus-sanctus.jpg","datePublished":"2023-05-11T14:14:08+00:00","description":"Odkryj kr\u00f3low\u0105 Camponotus sanctus \u2013 to niezwykle ciekawy gatunek! Znajd\u017a zdumiewaj\u0105ce mr\u00f3wki w naszym sklepie. Tw\u00f3j sklep mirmekologiczny | Formicarium.","breadcrumb":{"@id":"https:\/\/antderground.com\/pl\/produkt\/camponotus-sanctus\/#breadcrumb"},"inLanguage":"pl-PL","potentialAction":[{"@type":"ReadAction","target":["https:\/\/antderground.com\/pl\/produkt\/camponotus-sanctus\/"]}]},{"@type":"ImageObject","inLanguage":"pl-PL","@id":"https:\/\/antderground.com\/pl\/produkt\/camponotus-sanctus\/#primaryimage","url":"https:\/\/antderground.com\/wp-content\/uploads\/2023\/05\/Camponotus-sanctus.jpg","contentUrl":"https:\/\/antderground.com\/wp-content\/uploads\/2023\/05\/Camponotus-sanctus.jpg","width":1417,"height":1417,"caption":"Camponotus sanctus"},{"@type":"BreadcrumbList","@id":"https:\/\/antderground.com\/pl\/produkt\/camponotus-sanctus\/#breadcrumb","itemListElement":[{"@type":"ListItem","position":1,"name":"Portada","item":"https:\/\/antderground.com\/pl\/"},{"@type":"ListItem","position":2,"name":"Sklep","item":"https:\/\/antderground.com\/pl\/sklep\/"},{"@type":"ListItem","position":3,"name":"Camponotus sanctus"}]},{"@type":"WebSite","@id":"https:\/\/antderground.com\/pl\/#website","url":"https:\/\/antderground.com\/pl\/","name":"ANTDERGROUND","description":"Tu tienda de hormigas, gran variedad de hormigueros acr\u00edlicos,madera,arena,3D y mas.. Pide tus hormigas gratis con tu pedido, somos expertos en hormigueros antifugas.","publisher":{"@id":"https:\/\/antderground.com\/pl\/#\/schema\/person\/0e322c505e84fe72c65e2f6d08f96b81"},"alternateName":"Antderground","potentialAction":[{"@type":"SearchAction","target":{"@type":"EntryPoint","urlTemplate":"https:\/\/antderground.com\/pl\/?s={search_term_string}"},"query-input":{"@type":"PropertyValueSpecification","valueRequired":true,"valueName":"search_term_string"}}],"inLanguage":"pl-PL"},{"@type":["Person","Organization"],"@id":"https:\/\/antderground.com\/pl\/#\/schema\/person\/0e322c505e84fe72c65e2f6d08f96b81","name":"Eric de Antderground","image":{"@type":"ImageObject","inLanguage":"pl-PL","@id":"https:\/\/secure.gravatar.com\/avatar\/c49a1b9f79216d1498cb73c1e85cd47f4465dda35f2a94c03790d491bd4423c3?s=96&d=mm&r=g","url":"https:\/\/secure.gravatar.com\/avatar\/c49a1b9f79216d1498cb73c1e85cd47f4465dda35f2a94c03790d491bd4423c3?s=96&d=mm&r=g","contentUrl":"https:\/\/secure.gravatar.com\/avatar\/c49a1b9f79216d1498cb73c1e85cd47f4465dda35f2a94c03790d491bd4423c3?s=96&d=mm&r=g","caption":"Eric de Antderground"},"logo":{"@id":"https:\/\/secure.gravatar.com\/avatar\/c49a1b9f79216d1498cb73c1e85cd47f4465dda35f2a94c03790d491bd4423c3?s=96&d=mm&r=g"},"description":"Eric es el especialista y fundador de Antderground, con una amplia trayectoria en artr\u00f3podos y enfocado en la mirmecolog\u00eda y el dise\u00f1o de hormigueros artificiales. Su enfoque combina la innovaci\u00f3n t\u00e9cnica con el respeto por la biolog\u00eda de las hormigas, is\u00f3podos y otros, desarrollando sistemas de nidos modulares 3D y acr\u00edlicos que son referentes para aficionados y profesionales en toda Europa. Su objetivo es facilitar la cr\u00eda de hormigas y otros artr\u00f3podos mediante soluciones seguras y divulgaci\u00f3n de calidad.","sameAs":["https:\/\/antderground.com\/","https:\/\/www.youtube.com\/channel\/UCio72z7TlbufkAthAJIJfPw"]}]}},"_links":{"self":[{"href":"https:\/\/antderground.com\/pl\/wp-json\/wp\/v2\/product\/49620","targetHints":{"allow":["GET"]}}],"collection":[{"href":"https:\/\/antderground.com\/pl\/wp-json\/wp\/v2\/product"}],"about":[{"href":"https:\/\/antderground.com\/pl\/wp-json\/wp\/v2\/types\/product"}],"version-history":[{"count":0,"href":"https:\/\/antderground.com\/pl\/wp-json\/wp\/v2\/product\/49620\/revisions"}],"wp:featuredmedia":[{"embeddable":true,"href":"https:\/\/antderground.com\/pl\/wp-json\/wp\/v2\/media\/49621"}],"wp:attachment":[{"href":"https:\/\/antderground.com\/pl\/wp-json\/wp\/v2\/media?parent=49620"}],"wp:term":[{"taxonomy":"product_brand","embeddable":true,"href":"https:\/\/antderground.com\/pl\/wp-json\/wp\/v2\/product_brand?post=49620"},{"taxonomy":"product_cat","embeddable":true,"href":"https:\/\/antderground.com\/pl\/wp-json\/wp\/v2\/product_cat?post=49620"},{"taxonomy":"product_tag","embeddable":true,"href":"https:\/\/antderground.com\/pl\/wp-json\/wp\/v2\/product_tag?post=49620"}],"curies":[{"name":"wp","href":"https:\/\/api.w.org\/{rel}","templated":true}]}}