{"id":49639,"date":"2023-04-25T11:35:35","date_gmt":"2023-04-25T09:35:35","guid":{"rendered":"https:\/\/antderground.com\/producto\/messor-cephalotes\/"},"modified":"2023-04-25T11:35:35","modified_gmt":"2023-04-25T09:35:35","slug":"messor-cephalotes","status":"publish","type":"product","link":"https:\/\/antderground.com\/pl\/produkt\/messor-cephalotes\/","title":{"rendered":"Messor cephalotes"},"content":{"rendered":"<h3>Karta techniczna mr\u00f3wki <em>Messor cephalotes<\/em><\/h3>\n<p><strong>Nazwa naukowa:<\/strong><br \/>\n<em>Messor cephalotes<\/em><\/p>\n<p><strong>Klasyfikacja taksonomiczna:<\/strong><br \/>\nKr\u00f3lestwo: Animalia<br \/>\nTyp: Arthropoda<br \/>\nGromada: Insecta<br \/>\nRz\u0105d: Hymenoptera<br \/>\nRodzina: Formicidae<br \/>\nPodrodzina: Myrmicinae<br \/>\nRodzaj: <em>Messor<\/em><\/p>\n<p><strong>Rozmieszczenie geograficzne:<\/strong><br \/>\nMr\u00f3wka Messor cephalotes wyst\u0119puje w Afryce.<\/p>\n<p><strong>Cechy fizyczne:<\/strong><br \/>\nRobotnice osi\u0105gaj\u0105 d\u0142ugo\u015b\u0107 od 4 do 8 mm, natomiast kr\u00f3lowa mo\u017ce dorasta\u0107 do oko\u0142o 22 mm. Cia\u0142o ma barw\u0119 ciemnobr\u0105zow\u0105, z nieco ja\u015bniejszym odw\u0142okiem. Powierzchnia cia\u0142a pokryta jest drobnymi w\u0142oskami, kt\u00f3re u\u0142atwiaj\u0105 transport przedmiot\u00f3w znacznie wi\u0119kszych od rozmiar\u00f3w samej mr\u00f3wki.<\/p>\n<p><strong>Zachowanie:<\/strong><br \/>\nMr\u00f3wki <em>Messor cephalotes<\/em> s\u0105 znane z gromadzenia nasion, kt\u00f3re magazynuj\u0105 w gnie\u017adzie na p\u00f3\u017aniejsze wykorzystanie. Robotnice zbieraj\u0105 i transportuj\u0105 nasiona do kolonii, gdzie przechowywane s\u0105 w specjalnych komorach zwanych \u201espichlerzami\u201d. Opr\u00f3cz nasion \u017cywi\u0105 si\u0119 r\u00f3wnie\u017c martwymi owadami i innymi bezkr\u0119gowcami.<\/p>\n<p><strong>Status:<\/strong><br \/>\nJu\u017c niedost\u0119pna (wycofana z oferty).<\/p>\n<p><strong>Uwagi dodatkowe:<\/strong><br \/>\nMr\u00f3wki <em>Messor cephalotes<\/em> uznawane s\u0105 za gatunek po\u017cyteczny dla ekosystemu, poniewa\u017c ich dzia\u0142alno\u015b\u0107 zwi\u0105zana ze zbieraniem nasion przyczynia si\u0119 do regulacji ro\u015blinno\u015bci. Gatunek ten jest tak\u017ce cz\u0119sto wykorzystywany w badaniach nad zachowaniem zwierz\u0105t ze wzgl\u0119du na dobrze zorganizowany i efektywny system magazynowania pokarmu.<\/p>\n<p>&nbsp;<\/p>\n","protected":false},"excerpt":{"rendered":"<p>Produkt wycofany ze sprzeda\u017cy ze wzgl\u0119d\u00f3w profesjonalnych i etycznych<\/p>\n<p>Ten gatunek mr\u00f3wki zosta\u0142 wycofany z oferty Antderground w 2022 roku, zgodnie z naszymi kryteriami etycznymi i zawodowymi. Obecnie nie zaleca si\u0119 ich pozyskiwania ani transportowania poza ich naturalne \u015brodowisko ze wzgl\u0119du na r\u00f3\u017cnorodne czynniki ekologiczne oraz ochron\u0119 gatunkow\u0105.<\/p>\n<p>Z tego powodu produkt ten nie jest ju\u017c dost\u0119pny w sprzeda\u017cy w Antderground. Karta produktu pozostaje widoczna wy\u0142\u0105cznie w celach informacyjnych, jednak stan magazynowy wynosi 0, a cena pozostanie na poziomie 0 na czas nieokre\u015blony.<\/p>\n","protected":false},"featured_media":49642,"template":"","meta":[],"product_brand":[],"product_cat":[815,817],"product_tag":[],"class_list":{"0":"post-49639","1":"product","2":"type-product","3":"status-publish","4":"has-post-thumbnail","6":"product_cat-mrowki","7":"product_cat-egzotyczne","9":"first","10":"outofstock","11":"shipping-taxable","12":"product-type-simple"},"yoast_head":"<!-- This site is optimized with the Yoast SEO plugin v27.3 - https:\/\/yoast.com\/product\/yoast-seo-wordpress\/ -->\n<title>Messor cephalotes - ANTDERGROUND<\/title>\n<meta name=\"description\" content=\"Mr\u00f3wka Messor cephalotes \u2013 odkryj t\u0119 zdumiewaj\u0105c\u0105 kr\u00f3low\u0105. Szeroki wyb\u00f3r gatunk\u00f3w mr\u00f3wek w Twoim sklepie mirmekologicznym.\" \/>\n<meta name=\"robots\" content=\"index, follow, max-snippet:-1, max-image-preview:large, max-video-preview:-1\" \/>\n<link rel=\"canonical\" href=\"https:\/\/antderground.com\/pl\/produkt\/messor-cephalotes\/\" \/>\n<meta property=\"og:locale\" content=\"pl_PL\" \/>\n<meta property=\"og:type\" content=\"article\" \/>\n<meta property=\"og:title\" content=\"Messor cephalotes - ANTDERGROUND\" \/>\n<meta property=\"og:description\" content=\"Mr\u00f3wka Messor cephalotes \u2013 odkryj t\u0119 zdumiewaj\u0105c\u0105 kr\u00f3low\u0105. Szeroki wyb\u00f3r gatunk\u00f3w mr\u00f3wek w Twoim sklepie mirmekologicznym.\" \/>\n<meta property=\"og:url\" content=\"https:\/\/antderground.com\/pl\/produkt\/messor-cephalotes\/\" \/>\n<meta property=\"og:site_name\" content=\"ANTDERGROUND\" \/>\n<meta property=\"og:image\" content=\"https:\/\/antderground.com\/wp-content\/uploads\/2023\/04\/messor-cephalotes-eric.jpg\" \/>\n\t<meta property=\"og:image:width\" content=\"1417\" \/>\n\t<meta property=\"og:image:height\" content=\"1417\" \/>\n\t<meta property=\"og:image:type\" content=\"image\/jpeg\" \/>\n<meta name=\"twitter:card\" content=\"summary_large_image\" \/>\n<meta name=\"twitter:label1\" content=\"Szacowany czas czytania\" \/>\n\t<meta name=\"twitter:data1\" content=\"1 minuta\" \/>\n<script type=\"application\/ld+json\" class=\"yoast-schema-graph\">{\"@context\":\"https:\\\/\\\/schema.org\",\"@graph\":[{\"@type\":\"WebPage\",\"@id\":\"https:\\\/\\\/antderground.com\\\/pl\\\/produkt\\\/messor-cephalotes\\\/\",\"url\":\"https:\\\/\\\/antderground.com\\\/pl\\\/produkt\\\/messor-cephalotes\\\/\",\"name\":\"Messor cephalotes - ANTDERGROUND\",\"isPartOf\":{\"@id\":\"https:\\\/\\\/antderground.com\\\/pl\\\/#website\"},\"primaryImageOfPage\":{\"@id\":\"https:\\\/\\\/antderground.com\\\/pl\\\/produkt\\\/messor-cephalotes\\\/#primaryimage\"},\"image\":{\"@id\":\"https:\\\/\\\/antderground.com\\\/pl\\\/produkt\\\/messor-cephalotes\\\/#primaryimage\"},\"thumbnailUrl\":\"https:\\\/\\\/antderground.com\\\/wp-content\\\/uploads\\\/2023\\\/04\\\/messor-cephalotes-eric.jpg\",\"datePublished\":\"2023-04-25T09:35:35+00:00\",\"description\":\"Mr\u00f3wka Messor cephalotes \u2013 odkryj t\u0119 zdumiewaj\u0105c\u0105 kr\u00f3low\u0105. Szeroki wyb\u00f3r gatunk\u00f3w mr\u00f3wek w Twoim sklepie mirmekologicznym.\",\"breadcrumb\":{\"@id\":\"https:\\\/\\\/antderground.com\\\/pl\\\/produkt\\\/messor-cephalotes\\\/#breadcrumb\"},\"inLanguage\":\"pl-PL\",\"potentialAction\":[{\"@type\":\"ReadAction\",\"target\":[\"https:\\\/\\\/antderground.com\\\/pl\\\/produkt\\\/messor-cephalotes\\\/\"]}]},{\"@type\":\"ImageObject\",\"inLanguage\":\"pl-PL\",\"@id\":\"https:\\\/\\\/antderground.com\\\/pl\\\/produkt\\\/messor-cephalotes\\\/#primaryimage\",\"url\":\"https:\\\/\\\/antderground.com\\\/wp-content\\\/uploads\\\/2023\\\/04\\\/messor-cephalotes-eric.jpg\",\"contentUrl\":\"https:\\\/\\\/antderground.com\\\/wp-content\\\/uploads\\\/2023\\\/04\\\/messor-cephalotes-eric.jpg\",\"width\":1417,\"height\":1417},{\"@type\":\"BreadcrumbList\",\"@id\":\"https:\\\/\\\/antderground.com\\\/pl\\\/produkt\\\/messor-cephalotes\\\/#breadcrumb\",\"itemListElement\":[{\"@type\":\"ListItem\",\"position\":1,\"name\":\"Portada\",\"item\":\"https:\\\/\\\/antderground.com\\\/pl\\\/\"},{\"@type\":\"ListItem\",\"position\":2,\"name\":\"Sklep\",\"item\":\"https:\\\/\\\/antderground.com\\\/pl\\\/sklep\\\/\"},{\"@type\":\"ListItem\",\"position\":3,\"name\":\"Messor cephalotes\"}]},{\"@type\":\"WebSite\",\"@id\":\"https:\\\/\\\/antderground.com\\\/pl\\\/#website\",\"url\":\"https:\\\/\\\/antderground.com\\\/pl\\\/\",\"name\":\"ANTDERGROUND\",\"description\":\"Tu tienda de hormigas, gran variedad de hormigueros acr\u00edlicos,madera,arena,3D y mas.. Pide tus hormigas gratis con tu pedido, somos expertos en hormigueros antifugas.\",\"publisher\":{\"@id\":\"https:\\\/\\\/antderground.com\\\/pl\\\/#\\\/schema\\\/person\\\/0e322c505e84fe72c65e2f6d08f96b81\"},\"alternateName\":\"Antderground\",\"potentialAction\":[{\"@type\":\"SearchAction\",\"target\":{\"@type\":\"EntryPoint\",\"urlTemplate\":\"https:\\\/\\\/antderground.com\\\/pl\\\/?s={search_term_string}\"},\"query-input\":{\"@type\":\"PropertyValueSpecification\",\"valueRequired\":true,\"valueName\":\"search_term_string\"}}],\"inLanguage\":\"pl-PL\"},{\"@type\":[\"Person\",\"Organization\"],\"@id\":\"https:\\\/\\\/antderground.com\\\/pl\\\/#\\\/schema\\\/person\\\/0e322c505e84fe72c65e2f6d08f96b81\",\"name\":\"Eric de Antderground\",\"image\":{\"@type\":\"ImageObject\",\"inLanguage\":\"pl-PL\",\"@id\":\"https:\\\/\\\/secure.gravatar.com\\\/avatar\\\/c49a1b9f79216d1498cb73c1e85cd47f4465dda35f2a94c03790d491bd4423c3?s=96&d=mm&r=g\",\"url\":\"https:\\\/\\\/secure.gravatar.com\\\/avatar\\\/c49a1b9f79216d1498cb73c1e85cd47f4465dda35f2a94c03790d491bd4423c3?s=96&d=mm&r=g\",\"contentUrl\":\"https:\\\/\\\/secure.gravatar.com\\\/avatar\\\/c49a1b9f79216d1498cb73c1e85cd47f4465dda35f2a94c03790d491bd4423c3?s=96&d=mm&r=g\",\"caption\":\"Eric de Antderground\"},\"logo\":{\"@id\":\"https:\\\/\\\/secure.gravatar.com\\\/avatar\\\/c49a1b9f79216d1498cb73c1e85cd47f4465dda35f2a94c03790d491bd4423c3?s=96&d=mm&r=g\"},\"description\":\"Eric es el especialista y fundador de Antderground, con una amplia trayectoria en artr\u00f3podos y enfocado en la mirmecolog\u00eda y el dise\u00f1o de hormigueros artificiales. Su enfoque combina la innovaci\u00f3n t\u00e9cnica con el respeto por la biolog\u00eda de las hormigas, is\u00f3podos y otros, desarrollando sistemas de nidos modulares 3D y acr\u00edlicos que son referentes para aficionados y profesionales en toda Europa. Su objetivo es facilitar la cr\u00eda de hormigas y otros artr\u00f3podos mediante soluciones seguras y divulgaci\u00f3n de calidad.\",\"sameAs\":[\"https:\\\/\\\/antderground.com\\\/\",\"https:\\\/\\\/www.youtube.com\\\/channel\\\/UCio72z7TlbufkAthAJIJfPw\"]}]}<\/script>\n<!-- \/ Yoast SEO plugin. -->","yoast_head_json":{"title":"Messor cephalotes - ANTDERGROUND","description":"Mr\u00f3wka Messor cephalotes \u2013 odkryj t\u0119 zdumiewaj\u0105c\u0105 kr\u00f3low\u0105. Szeroki wyb\u00f3r gatunk\u00f3w mr\u00f3wek w Twoim sklepie mirmekologicznym.","robots":{"index":"index","follow":"follow","max-snippet":"max-snippet:-1","max-image-preview":"max-image-preview:large","max-video-preview":"max-video-preview:-1"},"canonical":"https:\/\/antderground.com\/pl\/produkt\/messor-cephalotes\/","og_locale":"pl_PL","og_type":"article","og_title":"Messor cephalotes - ANTDERGROUND","og_description":"Mr\u00f3wka Messor cephalotes \u2013 odkryj t\u0119 zdumiewaj\u0105c\u0105 kr\u00f3low\u0105. Szeroki wyb\u00f3r gatunk\u00f3w mr\u00f3wek w Twoim sklepie mirmekologicznym.","og_url":"https:\/\/antderground.com\/pl\/produkt\/messor-cephalotes\/","og_site_name":"ANTDERGROUND","og_image":[{"width":1417,"height":1417,"url":"https:\/\/antderground.com\/wp-content\/uploads\/2023\/04\/messor-cephalotes-eric.jpg","type":"image\/jpeg"}],"twitter_card":"summary_large_image","twitter_misc":{"Szacowany czas czytania":"1 minuta"},"schema":{"@context":"https:\/\/schema.org","@graph":[{"@type":"WebPage","@id":"https:\/\/antderground.com\/pl\/produkt\/messor-cephalotes\/","url":"https:\/\/antderground.com\/pl\/produkt\/messor-cephalotes\/","name":"Messor cephalotes - ANTDERGROUND","isPartOf":{"@id":"https:\/\/antderground.com\/pl\/#website"},"primaryImageOfPage":{"@id":"https:\/\/antderground.com\/pl\/produkt\/messor-cephalotes\/#primaryimage"},"image":{"@id":"https:\/\/antderground.com\/pl\/produkt\/messor-cephalotes\/#primaryimage"},"thumbnailUrl":"https:\/\/antderground.com\/wp-content\/uploads\/2023\/04\/messor-cephalotes-eric.jpg","datePublished":"2023-04-25T09:35:35+00:00","description":"Mr\u00f3wka Messor cephalotes \u2013 odkryj t\u0119 zdumiewaj\u0105c\u0105 kr\u00f3low\u0105. Szeroki wyb\u00f3r gatunk\u00f3w mr\u00f3wek w Twoim sklepie mirmekologicznym.","breadcrumb":{"@id":"https:\/\/antderground.com\/pl\/produkt\/messor-cephalotes\/#breadcrumb"},"inLanguage":"pl-PL","potentialAction":[{"@type":"ReadAction","target":["https:\/\/antderground.com\/pl\/produkt\/messor-cephalotes\/"]}]},{"@type":"ImageObject","inLanguage":"pl-PL","@id":"https:\/\/antderground.com\/pl\/produkt\/messor-cephalotes\/#primaryimage","url":"https:\/\/antderground.com\/wp-content\/uploads\/2023\/04\/messor-cephalotes-eric.jpg","contentUrl":"https:\/\/antderground.com\/wp-content\/uploads\/2023\/04\/messor-cephalotes-eric.jpg","width":1417,"height":1417},{"@type":"BreadcrumbList","@id":"https:\/\/antderground.com\/pl\/produkt\/messor-cephalotes\/#breadcrumb","itemListElement":[{"@type":"ListItem","position":1,"name":"Portada","item":"https:\/\/antderground.com\/pl\/"},{"@type":"ListItem","position":2,"name":"Sklep","item":"https:\/\/antderground.com\/pl\/sklep\/"},{"@type":"ListItem","position":3,"name":"Messor cephalotes"}]},{"@type":"WebSite","@id":"https:\/\/antderground.com\/pl\/#website","url":"https:\/\/antderground.com\/pl\/","name":"ANTDERGROUND","description":"Tu tienda de hormigas, gran variedad de hormigueros acr\u00edlicos,madera,arena,3D y mas.. Pide tus hormigas gratis con tu pedido, somos expertos en hormigueros antifugas.","publisher":{"@id":"https:\/\/antderground.com\/pl\/#\/schema\/person\/0e322c505e84fe72c65e2f6d08f96b81"},"alternateName":"Antderground","potentialAction":[{"@type":"SearchAction","target":{"@type":"EntryPoint","urlTemplate":"https:\/\/antderground.com\/pl\/?s={search_term_string}"},"query-input":{"@type":"PropertyValueSpecification","valueRequired":true,"valueName":"search_term_string"}}],"inLanguage":"pl-PL"},{"@type":["Person","Organization"],"@id":"https:\/\/antderground.com\/pl\/#\/schema\/person\/0e322c505e84fe72c65e2f6d08f96b81","name":"Eric de Antderground","image":{"@type":"ImageObject","inLanguage":"pl-PL","@id":"https:\/\/secure.gravatar.com\/avatar\/c49a1b9f79216d1498cb73c1e85cd47f4465dda35f2a94c03790d491bd4423c3?s=96&d=mm&r=g","url":"https:\/\/secure.gravatar.com\/avatar\/c49a1b9f79216d1498cb73c1e85cd47f4465dda35f2a94c03790d491bd4423c3?s=96&d=mm&r=g","contentUrl":"https:\/\/secure.gravatar.com\/avatar\/c49a1b9f79216d1498cb73c1e85cd47f4465dda35f2a94c03790d491bd4423c3?s=96&d=mm&r=g","caption":"Eric de Antderground"},"logo":{"@id":"https:\/\/secure.gravatar.com\/avatar\/c49a1b9f79216d1498cb73c1e85cd47f4465dda35f2a94c03790d491bd4423c3?s=96&d=mm&r=g"},"description":"Eric es el especialista y fundador de Antderground, con una amplia trayectoria en artr\u00f3podos y enfocado en la mirmecolog\u00eda y el dise\u00f1o de hormigueros artificiales. Su enfoque combina la innovaci\u00f3n t\u00e9cnica con el respeto por la biolog\u00eda de las hormigas, is\u00f3podos y otros, desarrollando sistemas de nidos modulares 3D y acr\u00edlicos que son referentes para aficionados y profesionales en toda Europa. Su objetivo es facilitar la cr\u00eda de hormigas y otros artr\u00f3podos mediante soluciones seguras y divulgaci\u00f3n de calidad.","sameAs":["https:\/\/antderground.com\/","https:\/\/www.youtube.com\/channel\/UCio72z7TlbufkAthAJIJfPw"]}]}},"_links":{"self":[{"href":"https:\/\/antderground.com\/pl\/wp-json\/wp\/v2\/product\/49639","targetHints":{"allow":["GET"]}}],"collection":[{"href":"https:\/\/antderground.com\/pl\/wp-json\/wp\/v2\/product"}],"about":[{"href":"https:\/\/antderground.com\/pl\/wp-json\/wp\/v2\/types\/product"}],"version-history":[{"count":0,"href":"https:\/\/antderground.com\/pl\/wp-json\/wp\/v2\/product\/49639\/revisions"}],"wp:featuredmedia":[{"embeddable":true,"href":"https:\/\/antderground.com\/pl\/wp-json\/wp\/v2\/media\/49642"}],"wp:attachment":[{"href":"https:\/\/antderground.com\/pl\/wp-json\/wp\/v2\/media?parent=49639"}],"wp:term":[{"taxonomy":"product_brand","embeddable":true,"href":"https:\/\/antderground.com\/pl\/wp-json\/wp\/v2\/product_brand?post=49639"},{"taxonomy":"product_cat","embeddable":true,"href":"https:\/\/antderground.com\/pl\/wp-json\/wp\/v2\/product_cat?post=49639"},{"taxonomy":"product_tag","embeddable":true,"href":"https:\/\/antderground.com\/pl\/wp-json\/wp\/v2\/product_tag?post=49639"}],"curies":[{"name":"wp","href":"https:\/\/api.w.org\/{rel}","templated":true}]}}