{"id":49665,"date":"2023-04-05T21:54:12","date_gmt":"2023-04-05T19:54:12","guid":{"rendered":"https:\/\/antderground.com\/producto\/colobopsis-leonardi\/"},"modified":"2023-04-05T21:54:12","modified_gmt":"2023-04-05T19:54:12","slug":"colobopsis-leonardi","status":"publish","type":"product","link":"https:\/\/antderground.com\/pl\/produkt\/colobopsis-leonardi\/","title":{"rendered":"Colobopsis leonardi"},"content":{"rendered":"<p><strong>Nazwa naukowa:<\/strong> Colobopsis leonardi<\/p>\n<ul>\n<li>Klasyfikacja taksonomiczna:<\/li>\n<li>Kr\u00f3lestwo: Animalia<\/li>\n<li>Typ: Arthropoda<\/li>\n<li>Gromada: Insecta<\/li>\n<li>Rz\u0105d: Hymenoptera<\/li>\n<li>Rodzina: Formicidae<\/li>\n<li>Rodzaj: Colobopsis<\/li>\n<li>Gatunek: C. leonardi<\/li>\n<\/ul>\n<p>Zasi\u0119g geograficzny: Azja Po\u0142udniowo-Wschodnia, g\u0142\u00f3wnie Malezja i Borneo.<\/p>\n<p><strong>Cechy fizyczne:<\/strong><\/p>\n<ul>\n<li>Rozmiar: Robotnice: 5\u20138 mm; Kr\u00f3lowe: 13\u201314 mm.<\/li>\n<li>Kolor: Robotnice czerwonobr\u0105zowe lub br\u0105zowe, kr\u00f3lowe w odcieniach ciemnego br\u0105zu.<\/li>\n<li>Morfologia: Kr\u00f3lowe oraz \u017co\u0142nierze posiadaj\u0105 charakterystyczne, p\u0142askie i szerokie g\u0142owy, kt\u00f3re s\u0142u\u017c\u0105 do zatykania wej\u015bcia do gniazda (fragmoza).<\/li>\n<\/ul>\n<p><strong>Zachowanie i obrona:<\/strong><\/p>\n<ul>\n<li>Mechanizm obronny: Gatunek nale\u017c\u0105cy do grupy \u201emr\u00f3wek eksploduj\u0105cych\u201d. W sytuacji zagro\u017cenia robotnice mog\u0105 uwalnia\u0107 lepk\u0105, toksyczn\u0105 wydzielin\u0119 z gruczo\u0142\u00f3w \u017cuchwowych.<\/li>\n<li>Temperament: S\u0105 to spokojne mr\u00f3wki nadrzewne. Nie poluj\u0105 w grupach i nie posiadaj\u0105 agresywnych \u017cuwaczek sierpowatych.<\/li>\n<\/ul>\n<p><strong>Od\u017cywianie:<\/strong> Gatunek g\u0142\u00f3wnie nektaro\u017cerny i ro\u015blino\u017cerny \u2013 \u017cywi si\u0119 nektarem, sokami ro\u015blinnymi oraz spadzi\u0105. Diet\u0119 uzupe\u0142niaj\u0105 okazjonalnie bia\u0142kiem w postaci ma\u0142ych owad\u00f3w. Nie tn\u0105 li\u015bci.<\/p>\n<p><strong>Dodatkowe informacje:<\/strong> Colobopsis leonardi to wyj\u0105tkowy gatunek, fascynuj\u0105cy ze wzgl\u0119du na unikaln\u0105 budow\u0119 g\u0142owy (u\u017cywan\u0105 jako \u201e\u017cywe drzwi\u201d) oraz rzadki mechanizm obronny. Jest to idealny wyb\u00f3r dla zaawansowanych pasjonat\u00f3w mirmekologii, poszukuj\u0105cych nietypowych i rzadkich gatunk\u00f3w do swojej kolekcji.<\/p>\n","protected":false},"excerpt":{"rendered":"<p>Nazwa naukowa: Colobopsis leonardi Klasyfikacja taksonomiczna: Kr\u00f3lestwo: Animalia Typ: Arthropoda Gromada: Insecta Rz\u0105d: Hymenoptera Rodzina: Formicidae Rodzaj: Colobopsis Gatunek: C.<\/p>\n","protected":false},"featured_media":49666,"template":"","meta":[],"product_brand":[],"product_cat":[815,817],"product_tag":[],"class_list":{"0":"post-49665","1":"product","2":"type-product","3":"status-publish","4":"has-post-thumbnail","6":"product_cat-mrowki","7":"product_cat-egzotyczne","9":"first","10":"outofstock","11":"shipping-taxable","12":"purchasable","13":"product-type-variable"},"yoast_head":"<!-- This site is optimized with the Yoast SEO plugin v27.3 - https:\/\/yoast.com\/product\/yoast-seo-wordpress\/ -->\n<title>Colobopsis leonardi - ANTDERGROUND<\/title>\n<meta name=\"description\" content=\"Odkryj now\u0105 kr\u00f3low\u0105 Colobopsis leonardi \u2013 egzotyczny i fascynuj\u0105cy gatunek, kt\u00f3ry zaskakuje natur\u0105. Poznaj niezwyk\u0142y \u015bwiat mirmekologii z Antderground! ;-)\" \/>\n<meta name=\"robots\" content=\"index, follow, max-snippet:-1, max-image-preview:large, max-video-preview:-1\" \/>\n<link rel=\"canonical\" href=\"https:\/\/antderground.com\/pl\/produkt\/colobopsis-leonardi\/\" \/>\n<meta property=\"og:locale\" content=\"pl_PL\" \/>\n<meta property=\"og:type\" content=\"article\" \/>\n<meta property=\"og:title\" content=\"Colobopsis leonardi - ANTDERGROUND\" \/>\n<meta property=\"og:description\" content=\"Odkryj now\u0105 kr\u00f3low\u0105 Colobopsis leonardi \u2013 egzotyczny i fascynuj\u0105cy gatunek, kt\u00f3ry zaskakuje natur\u0105. Poznaj niezwyk\u0142y \u015bwiat mirmekologii z Antderground! ;-)\" \/>\n<meta property=\"og:url\" content=\"https:\/\/antderground.com\/pl\/produkt\/colobopsis-leonardi\/\" \/>\n<meta property=\"og:site_name\" content=\"ANTDERGROUND\" \/>\n<meta property=\"og:image\" content=\"https:\/\/antderground.com\/wp-content\/uploads\/2023\/04\/Imagen-de-WhatsApp-2023-04-05-a-las-18.59.13.jpg\" \/>\n\t<meta property=\"og:image:width\" content=\"1417\" \/>\n\t<meta property=\"og:image:height\" content=\"1417\" \/>\n\t<meta property=\"og:image:type\" content=\"image\/jpeg\" \/>\n<meta name=\"twitter:card\" content=\"summary_large_image\" \/>\n<meta name=\"twitter:label1\" content=\"Szacowany czas czytania\" \/>\n\t<meta name=\"twitter:data1\" content=\"1 minuta\" \/>\n<script type=\"application\/ld+json\" class=\"yoast-schema-graph\">{\"@context\":\"https:\\\/\\\/schema.org\",\"@graph\":[{\"@type\":\"WebPage\",\"@id\":\"https:\\\/\\\/antderground.com\\\/pl\\\/produkt\\\/colobopsis-leonardi\\\/\",\"url\":\"https:\\\/\\\/antderground.com\\\/pl\\\/produkt\\\/colobopsis-leonardi\\\/\",\"name\":\"Colobopsis leonardi - ANTDERGROUND\",\"isPartOf\":{\"@id\":\"https:\\\/\\\/antderground.com\\\/pl\\\/#website\"},\"primaryImageOfPage\":{\"@id\":\"https:\\\/\\\/antderground.com\\\/pl\\\/produkt\\\/colobopsis-leonardi\\\/#primaryimage\"},\"image\":{\"@id\":\"https:\\\/\\\/antderground.com\\\/pl\\\/produkt\\\/colobopsis-leonardi\\\/#primaryimage\"},\"thumbnailUrl\":\"https:\\\/\\\/antderground.com\\\/wp-content\\\/uploads\\\/2023\\\/04\\\/Imagen-de-WhatsApp-2023-04-05-a-las-18.59.13.jpg\",\"datePublished\":\"2023-04-05T19:54:12+00:00\",\"description\":\"Odkryj now\u0105 kr\u00f3low\u0105 Colobopsis leonardi \u2013 egzotyczny i fascynuj\u0105cy gatunek, kt\u00f3ry zaskakuje natur\u0105. Poznaj niezwyk\u0142y \u015bwiat mirmekologii z Antderground! ;-)\",\"breadcrumb\":{\"@id\":\"https:\\\/\\\/antderground.com\\\/pl\\\/produkt\\\/colobopsis-leonardi\\\/#breadcrumb\"},\"inLanguage\":\"pl-PL\",\"potentialAction\":[{\"@type\":\"ReadAction\",\"target\":[\"https:\\\/\\\/antderground.com\\\/pl\\\/produkt\\\/colobopsis-leonardi\\\/\"]}]},{\"@type\":\"ImageObject\",\"inLanguage\":\"pl-PL\",\"@id\":\"https:\\\/\\\/antderground.com\\\/pl\\\/produkt\\\/colobopsis-leonardi\\\/#primaryimage\",\"url\":\"https:\\\/\\\/antderground.com\\\/wp-content\\\/uploads\\\/2023\\\/04\\\/Imagen-de-WhatsApp-2023-04-05-a-las-18.59.13.jpg\",\"contentUrl\":\"https:\\\/\\\/antderground.com\\\/wp-content\\\/uploads\\\/2023\\\/04\\\/Imagen-de-WhatsApp-2023-04-05-a-las-18.59.13.jpg\",\"width\":1417,\"height\":1417},{\"@type\":\"BreadcrumbList\",\"@id\":\"https:\\\/\\\/antderground.com\\\/pl\\\/produkt\\\/colobopsis-leonardi\\\/#breadcrumb\",\"itemListElement\":[{\"@type\":\"ListItem\",\"position\":1,\"name\":\"Portada\",\"item\":\"https:\\\/\\\/antderground.com\\\/pl\\\/\"},{\"@type\":\"ListItem\",\"position\":2,\"name\":\"Sklep\",\"item\":\"https:\\\/\\\/antderground.com\\\/pl\\\/sklep\\\/\"},{\"@type\":\"ListItem\",\"position\":3,\"name\":\"Colobopsis leonardi\"}]},{\"@type\":\"WebSite\",\"@id\":\"https:\\\/\\\/antderground.com\\\/pl\\\/#website\",\"url\":\"https:\\\/\\\/antderground.com\\\/pl\\\/\",\"name\":\"ANTDERGROUND\",\"description\":\"Tu tienda de hormigas, gran variedad de hormigueros acr\u00edlicos,madera,arena,3D y mas.. Pide tus hormigas gratis con tu pedido, somos expertos en hormigueros antifugas.\",\"publisher\":{\"@id\":\"https:\\\/\\\/antderground.com\\\/pl\\\/#\\\/schema\\\/person\\\/0e322c505e84fe72c65e2f6d08f96b81\"},\"alternateName\":\"Antderground\",\"potentialAction\":[{\"@type\":\"SearchAction\",\"target\":{\"@type\":\"EntryPoint\",\"urlTemplate\":\"https:\\\/\\\/antderground.com\\\/pl\\\/?s={search_term_string}\"},\"query-input\":{\"@type\":\"PropertyValueSpecification\",\"valueRequired\":true,\"valueName\":\"search_term_string\"}}],\"inLanguage\":\"pl-PL\"},{\"@type\":[\"Person\",\"Organization\"],\"@id\":\"https:\\\/\\\/antderground.com\\\/pl\\\/#\\\/schema\\\/person\\\/0e322c505e84fe72c65e2f6d08f96b81\",\"name\":\"Eric de Antderground\",\"image\":{\"@type\":\"ImageObject\",\"inLanguage\":\"pl-PL\",\"@id\":\"https:\\\/\\\/secure.gravatar.com\\\/avatar\\\/c49a1b9f79216d1498cb73c1e85cd47f4465dda35f2a94c03790d491bd4423c3?s=96&d=mm&r=g\",\"url\":\"https:\\\/\\\/secure.gravatar.com\\\/avatar\\\/c49a1b9f79216d1498cb73c1e85cd47f4465dda35f2a94c03790d491bd4423c3?s=96&d=mm&r=g\",\"contentUrl\":\"https:\\\/\\\/secure.gravatar.com\\\/avatar\\\/c49a1b9f79216d1498cb73c1e85cd47f4465dda35f2a94c03790d491bd4423c3?s=96&d=mm&r=g\",\"caption\":\"Eric de Antderground\"},\"logo\":{\"@id\":\"https:\\\/\\\/secure.gravatar.com\\\/avatar\\\/c49a1b9f79216d1498cb73c1e85cd47f4465dda35f2a94c03790d491bd4423c3?s=96&d=mm&r=g\"},\"description\":\"Eric es el especialista y fundador de Antderground, con una amplia trayectoria en artr\u00f3podos y enfocado en la mirmecolog\u00eda y el dise\u00f1o de hormigueros artificiales. Su enfoque combina la innovaci\u00f3n t\u00e9cnica con el respeto por la biolog\u00eda de las hormigas, is\u00f3podos y otros, desarrollando sistemas de nidos modulares 3D y acr\u00edlicos que son referentes para aficionados y profesionales en toda Europa. Su objetivo es facilitar la cr\u00eda de hormigas y otros artr\u00f3podos mediante soluciones seguras y divulgaci\u00f3n de calidad.\",\"sameAs\":[\"https:\\\/\\\/antderground.com\\\/\",\"https:\\\/\\\/www.youtube.com\\\/channel\\\/UCio72z7TlbufkAthAJIJfPw\"]}]}<\/script>\n<!-- \/ Yoast SEO plugin. -->","yoast_head_json":{"title":"Colobopsis leonardi - ANTDERGROUND","description":"Odkryj now\u0105 kr\u00f3low\u0105 Colobopsis leonardi \u2013 egzotyczny i fascynuj\u0105cy gatunek, kt\u00f3ry zaskakuje natur\u0105. Poznaj niezwyk\u0142y \u015bwiat mirmekologii z Antderground! ;-)","robots":{"index":"index","follow":"follow","max-snippet":"max-snippet:-1","max-image-preview":"max-image-preview:large","max-video-preview":"max-video-preview:-1"},"canonical":"https:\/\/antderground.com\/pl\/produkt\/colobopsis-leonardi\/","og_locale":"pl_PL","og_type":"article","og_title":"Colobopsis leonardi - ANTDERGROUND","og_description":"Odkryj now\u0105 kr\u00f3low\u0105 Colobopsis leonardi \u2013 egzotyczny i fascynuj\u0105cy gatunek, kt\u00f3ry zaskakuje natur\u0105. Poznaj niezwyk\u0142y \u015bwiat mirmekologii z Antderground! ;-)","og_url":"https:\/\/antderground.com\/pl\/produkt\/colobopsis-leonardi\/","og_site_name":"ANTDERGROUND","og_image":[{"width":1417,"height":1417,"url":"https:\/\/antderground.com\/wp-content\/uploads\/2023\/04\/Imagen-de-WhatsApp-2023-04-05-a-las-18.59.13.jpg","type":"image\/jpeg"}],"twitter_card":"summary_large_image","twitter_misc":{"Szacowany czas czytania":"1 minuta"},"schema":{"@context":"https:\/\/schema.org","@graph":[{"@type":"WebPage","@id":"https:\/\/antderground.com\/pl\/produkt\/colobopsis-leonardi\/","url":"https:\/\/antderground.com\/pl\/produkt\/colobopsis-leonardi\/","name":"Colobopsis leonardi - ANTDERGROUND","isPartOf":{"@id":"https:\/\/antderground.com\/pl\/#website"},"primaryImageOfPage":{"@id":"https:\/\/antderground.com\/pl\/produkt\/colobopsis-leonardi\/#primaryimage"},"image":{"@id":"https:\/\/antderground.com\/pl\/produkt\/colobopsis-leonardi\/#primaryimage"},"thumbnailUrl":"https:\/\/antderground.com\/wp-content\/uploads\/2023\/04\/Imagen-de-WhatsApp-2023-04-05-a-las-18.59.13.jpg","datePublished":"2023-04-05T19:54:12+00:00","description":"Odkryj now\u0105 kr\u00f3low\u0105 Colobopsis leonardi \u2013 egzotyczny i fascynuj\u0105cy gatunek, kt\u00f3ry zaskakuje natur\u0105. Poznaj niezwyk\u0142y \u015bwiat mirmekologii z Antderground! ;-)","breadcrumb":{"@id":"https:\/\/antderground.com\/pl\/produkt\/colobopsis-leonardi\/#breadcrumb"},"inLanguage":"pl-PL","potentialAction":[{"@type":"ReadAction","target":["https:\/\/antderground.com\/pl\/produkt\/colobopsis-leonardi\/"]}]},{"@type":"ImageObject","inLanguage":"pl-PL","@id":"https:\/\/antderground.com\/pl\/produkt\/colobopsis-leonardi\/#primaryimage","url":"https:\/\/antderground.com\/wp-content\/uploads\/2023\/04\/Imagen-de-WhatsApp-2023-04-05-a-las-18.59.13.jpg","contentUrl":"https:\/\/antderground.com\/wp-content\/uploads\/2023\/04\/Imagen-de-WhatsApp-2023-04-05-a-las-18.59.13.jpg","width":1417,"height":1417},{"@type":"BreadcrumbList","@id":"https:\/\/antderground.com\/pl\/produkt\/colobopsis-leonardi\/#breadcrumb","itemListElement":[{"@type":"ListItem","position":1,"name":"Portada","item":"https:\/\/antderground.com\/pl\/"},{"@type":"ListItem","position":2,"name":"Sklep","item":"https:\/\/antderground.com\/pl\/sklep\/"},{"@type":"ListItem","position":3,"name":"Colobopsis leonardi"}]},{"@type":"WebSite","@id":"https:\/\/antderground.com\/pl\/#website","url":"https:\/\/antderground.com\/pl\/","name":"ANTDERGROUND","description":"Tu tienda de hormigas, gran variedad de hormigueros acr\u00edlicos,madera,arena,3D y mas.. Pide tus hormigas gratis con tu pedido, somos expertos en hormigueros antifugas.","publisher":{"@id":"https:\/\/antderground.com\/pl\/#\/schema\/person\/0e322c505e84fe72c65e2f6d08f96b81"},"alternateName":"Antderground","potentialAction":[{"@type":"SearchAction","target":{"@type":"EntryPoint","urlTemplate":"https:\/\/antderground.com\/pl\/?s={search_term_string}"},"query-input":{"@type":"PropertyValueSpecification","valueRequired":true,"valueName":"search_term_string"}}],"inLanguage":"pl-PL"},{"@type":["Person","Organization"],"@id":"https:\/\/antderground.com\/pl\/#\/schema\/person\/0e322c505e84fe72c65e2f6d08f96b81","name":"Eric de Antderground","image":{"@type":"ImageObject","inLanguage":"pl-PL","@id":"https:\/\/secure.gravatar.com\/avatar\/c49a1b9f79216d1498cb73c1e85cd47f4465dda35f2a94c03790d491bd4423c3?s=96&d=mm&r=g","url":"https:\/\/secure.gravatar.com\/avatar\/c49a1b9f79216d1498cb73c1e85cd47f4465dda35f2a94c03790d491bd4423c3?s=96&d=mm&r=g","contentUrl":"https:\/\/secure.gravatar.com\/avatar\/c49a1b9f79216d1498cb73c1e85cd47f4465dda35f2a94c03790d491bd4423c3?s=96&d=mm&r=g","caption":"Eric de Antderground"},"logo":{"@id":"https:\/\/secure.gravatar.com\/avatar\/c49a1b9f79216d1498cb73c1e85cd47f4465dda35f2a94c03790d491bd4423c3?s=96&d=mm&r=g"},"description":"Eric es el especialista y fundador de Antderground, con una amplia trayectoria en artr\u00f3podos y enfocado en la mirmecolog\u00eda y el dise\u00f1o de hormigueros artificiales. Su enfoque combina la innovaci\u00f3n t\u00e9cnica con el respeto por la biolog\u00eda de las hormigas, is\u00f3podos y otros, desarrollando sistemas de nidos modulares 3D y acr\u00edlicos que son referentes para aficionados y profesionales en toda Europa. Su objetivo es facilitar la cr\u00eda de hormigas y otros artr\u00f3podos mediante soluciones seguras y divulgaci\u00f3n de calidad.","sameAs":["https:\/\/antderground.com\/","https:\/\/www.youtube.com\/channel\/UCio72z7TlbufkAthAJIJfPw"]}]}},"_links":{"self":[{"href":"https:\/\/antderground.com\/pl\/wp-json\/wp\/v2\/product\/49665","targetHints":{"allow":["GET"]}}],"collection":[{"href":"https:\/\/antderground.com\/pl\/wp-json\/wp\/v2\/product"}],"about":[{"href":"https:\/\/antderground.com\/pl\/wp-json\/wp\/v2\/types\/product"}],"version-history":[{"count":0,"href":"https:\/\/antderground.com\/pl\/wp-json\/wp\/v2\/product\/49665\/revisions"}],"wp:featuredmedia":[{"embeddable":true,"href":"https:\/\/antderground.com\/pl\/wp-json\/wp\/v2\/media\/49666"}],"wp:attachment":[{"href":"https:\/\/antderground.com\/pl\/wp-json\/wp\/v2\/media?parent=49665"}],"wp:term":[{"taxonomy":"product_brand","embeddable":true,"href":"https:\/\/antderground.com\/pl\/wp-json\/wp\/v2\/product_brand?post=49665"},{"taxonomy":"product_cat","embeddable":true,"href":"https:\/\/antderground.com\/pl\/wp-json\/wp\/v2\/product_cat?post=49665"},{"taxonomy":"product_tag","embeddable":true,"href":"https:\/\/antderground.com\/pl\/wp-json\/wp\/v2\/product_tag?post=49665"}],"curies":[{"name":"wp","href":"https:\/\/api.w.org\/{rel}","templated":true}]}}