{"id":49669,"date":"2023-03-09T14:14:04","date_gmt":"2023-03-09T13:14:04","guid":{"rendered":"https:\/\/antderground.com\/producto\/rhytidoponera-metallica\/"},"modified":"2023-03-09T14:14:04","modified_gmt":"2023-03-09T13:14:04","slug":"rhytidoponera-metallica","status":"publish","type":"product","link":"https:\/\/antderground.com\/pl\/produkt\/rhytidoponera-metallica\/","title":{"rendered":"Rhytidoponera metallica"},"content":{"rendered":"<ul>\n<li><strong>Nazwa naukowa:<\/strong> Rhytidoponera metallica<\/li>\n<li><strong>Klasyfikacja taksonomiczna:<\/strong>\n<ul>\n<li>Kr\u00f3lestwo: Animalia<\/li>\n<li>Typ: Arthropoda<\/li>\n<li>Klasa: Insecta<\/li>\n<li>Rz\u0105d: Hymenoptera<\/li>\n<li>Rodzina: Formicidae<\/li>\n<li>Podrodzina: Ectatomminae<\/li>\n<li>Plemi\u0119: Ectatommini<\/li>\n<li>Rodzaj: Rhytidoponera<\/li>\n<li>Gatunek: R. metallica<\/li>\n<\/ul>\n<\/li>\n<li><strong>Wyst\u0119powanie geograficzne:<\/strong> Gatunek ten wyst\u0119puje g\u0142\u00f3wnie w tropikalnych i subtropikalnych rejonach Australii, w szczeg\u00f3lno\u015bci we wschodnim Queensland, p\u00f3\u0142nocnej Nowej Po\u0142udniowej Walii oraz na wyspie Lord Howe.<\/li>\n<li><strong>Siedlisko:<\/strong> Rhytidoponera metallica zamieszkuje tereny le\u015bne, w tym lasy tropikalne, subtropikalne oraz eukaliptusowe. Cz\u0119sto wyst\u0119puje w pobli\u017cu rzek i strumieni, gdzie buduje gniazda w \u015bci\u00f3\u0142ce lub w martwym drewnie.<\/li>\n<li><strong>Morfologia:<\/strong> Jest to mr\u00f3wka \u015bredniej wielko\u015bci, osi\u0105gaj\u0105ca od 6 do 10 mm d\u0142ugo\u015bci. Cia\u0142o jest metalicznie czarne z po\u0142yskiem przypominaj\u0105cym metal. G\u0142owa i tu\u0142\u00f3w s\u0105 stosunkowo szerokie w por\u00f3wnaniu z w\u0119\u017cszym odw\u0142okiem. Gatunek charakteryzuje si\u0119 d\u0142ugimi i silnymi \u017cuwaczkami oraz wyra\u017anie zaznaczonym <strong>pomostkiem<\/strong> mi\u0119dzy tu\u0142owiem a odw\u0142okiem.<\/li>\n<li><strong>Dieta:<\/strong> Rhytidoponera metallica \u017cywi si\u0119 g\u0142\u00f3wnie innymi owadami i stawonogami, a tak\u017ce nektarem i sokami ro\u015blinnymi.<\/li>\n<li><strong>Zachowanie:<\/strong> Gatunek ten jest bardzo agresywny i mo\u017ce atakowa\u0107 inne owady, zwierz\u0119ta, a nawet ludzi w sytuacji zagro\u017cenia. Znany jest z terytorialnego zachowania oraz zdecydowanej obrony gniazd. Robotnice fura\u017cuj\u0105 samotnie lub operuj\u0105 w grupach do 20 osobnik\u00f3w w celu poszukiwania pokarmu lub atakowania wi\u0119kszej zdobyczy.<\/li>\n<li><strong>Status ochrony:<\/strong> Obecnie Rhytidoponera metallica nie jest uznawana za gatunek zagro\u017cony.<\/li>\n<\/ul>\n","protected":false},"excerpt":{"rendered":"<p>kr\u00f3lowa (Rhytidoponera metallica)<\/p>\n","protected":false},"featured_media":49670,"template":"","meta":[],"product_brand":[],"product_cat":[815,817],"product_tag":[],"class_list":{"0":"post-49669","1":"product","2":"type-product","3":"status-publish","4":"has-post-thumbnail","6":"product_cat-mrowki","7":"product_cat-egzotyczne","9":"first","10":"outofstock","11":"sale","12":"shipping-taxable","13":"purchasable","14":"product-type-simple"},"yoast_head":"<!-- This site is optimized with the Yoast SEO plugin v27.3 - https:\/\/yoast.com\/product\/yoast-seo-wordpress\/ -->\n<title>Rhytidoponera metallica - ANTDERGROUND<\/title>\n<meta name=\"description\" content=\"Odkryj now\u0105 kr\u00f3low\u0105 Rhytidoponera metallica \u2013 znan\u0105 jako metaliczna mr\u00f3wka z tropikalnych las\u00f3w. Niezwykle zaskakuj\u0105cy i egzotyczny gatunek, kt\u00f3ry musisz pozna\u0107!\" \/>\n<meta name=\"robots\" content=\"index, follow, max-snippet:-1, max-image-preview:large, max-video-preview:-1\" \/>\n<link rel=\"canonical\" href=\"https:\/\/antderground.com\/pl\/produkt\/rhytidoponera-metallica\/\" \/>\n<meta property=\"og:locale\" content=\"pl_PL\" \/>\n<meta property=\"og:type\" content=\"article\" \/>\n<meta property=\"og:title\" content=\"Rhytidoponera metallica - ANTDERGROUND\" \/>\n<meta property=\"og:description\" content=\"Odkryj now\u0105 kr\u00f3low\u0105 Rhytidoponera metallica \u2013 znan\u0105 jako metaliczna mr\u00f3wka z tropikalnych las\u00f3w. Niezwykle zaskakuj\u0105cy i egzotyczny gatunek, kt\u00f3ry musisz pozna\u0107!\" \/>\n<meta property=\"og:url\" content=\"https:\/\/antderground.com\/pl\/produkt\/rhytidoponera-metallica\/\" \/>\n<meta property=\"og:site_name\" content=\"ANTDERGROUND\" \/>\n<meta property=\"og:image\" content=\"https:\/\/antderground.com\/wp-content\/uploads\/2023\/03\/WhatsApp-Image-2023-03-09-at-14.31.01.jpeg\" \/>\n\t<meta property=\"og:image:width\" content=\"1200\" \/>\n\t<meta property=\"og:image:height\" content=\"1200\" \/>\n\t<meta property=\"og:image:type\" content=\"image\/jpeg\" \/>\n<meta name=\"twitter:card\" content=\"summary_large_image\" \/>\n<meta name=\"twitter:label1\" content=\"Szacowany czas czytania\" \/>\n\t<meta name=\"twitter:data1\" content=\"1 minuta\" \/>\n<script type=\"application\/ld+json\" class=\"yoast-schema-graph\">{\"@context\":\"https:\\\/\\\/schema.org\",\"@graph\":[{\"@type\":\"WebPage\",\"@id\":\"https:\\\/\\\/antderground.com\\\/pl\\\/produkt\\\/rhytidoponera-metallica\\\/\",\"url\":\"https:\\\/\\\/antderground.com\\\/pl\\\/produkt\\\/rhytidoponera-metallica\\\/\",\"name\":\"Rhytidoponera metallica - ANTDERGROUND\",\"isPartOf\":{\"@id\":\"https:\\\/\\\/antderground.com\\\/pl\\\/#website\"},\"primaryImageOfPage\":{\"@id\":\"https:\\\/\\\/antderground.com\\\/pl\\\/produkt\\\/rhytidoponera-metallica\\\/#primaryimage\"},\"image\":{\"@id\":\"https:\\\/\\\/antderground.com\\\/pl\\\/produkt\\\/rhytidoponera-metallica\\\/#primaryimage\"},\"thumbnailUrl\":\"https:\\\/\\\/antderground.com\\\/wp-content\\\/uploads\\\/2023\\\/03\\\/WhatsApp-Image-2023-03-09-at-14.31.01.jpeg\",\"datePublished\":\"2023-03-09T13:14:04+00:00\",\"description\":\"Odkryj now\u0105 kr\u00f3low\u0105 Rhytidoponera metallica \u2013 znan\u0105 jako metaliczna mr\u00f3wka z tropikalnych las\u00f3w. Niezwykle zaskakuj\u0105cy i egzotyczny gatunek, kt\u00f3ry musisz pozna\u0107!\",\"breadcrumb\":{\"@id\":\"https:\\\/\\\/antderground.com\\\/pl\\\/produkt\\\/rhytidoponera-metallica\\\/#breadcrumb\"},\"inLanguage\":\"pl-PL\",\"potentialAction\":[{\"@type\":\"ReadAction\",\"target\":[\"https:\\\/\\\/antderground.com\\\/pl\\\/produkt\\\/rhytidoponera-metallica\\\/\"]}]},{\"@type\":\"ImageObject\",\"inLanguage\":\"pl-PL\",\"@id\":\"https:\\\/\\\/antderground.com\\\/pl\\\/produkt\\\/rhytidoponera-metallica\\\/#primaryimage\",\"url\":\"https:\\\/\\\/antderground.com\\\/wp-content\\\/uploads\\\/2023\\\/03\\\/WhatsApp-Image-2023-03-09-at-14.31.01.jpeg\",\"contentUrl\":\"https:\\\/\\\/antderground.com\\\/wp-content\\\/uploads\\\/2023\\\/03\\\/WhatsApp-Image-2023-03-09-at-14.31.01.jpeg\",\"width\":1200,\"height\":1200},{\"@type\":\"BreadcrumbList\",\"@id\":\"https:\\\/\\\/antderground.com\\\/pl\\\/produkt\\\/rhytidoponera-metallica\\\/#breadcrumb\",\"itemListElement\":[{\"@type\":\"ListItem\",\"position\":1,\"name\":\"Portada\",\"item\":\"https:\\\/\\\/antderground.com\\\/pl\\\/\"},{\"@type\":\"ListItem\",\"position\":2,\"name\":\"Sklep\",\"item\":\"https:\\\/\\\/antderground.com\\\/pl\\\/sklep\\\/\"},{\"@type\":\"ListItem\",\"position\":3,\"name\":\"Rhytidoponera metallica\"}]},{\"@type\":\"WebSite\",\"@id\":\"https:\\\/\\\/antderground.com\\\/pl\\\/#website\",\"url\":\"https:\\\/\\\/antderground.com\\\/pl\\\/\",\"name\":\"ANTDERGROUND\",\"description\":\"Tu tienda de hormigas, gran variedad de hormigueros acr\u00edlicos,madera,arena,3D y mas.. Pide tus hormigas gratis con tu pedido, somos expertos en hormigueros antifugas.\",\"publisher\":{\"@id\":\"https:\\\/\\\/antderground.com\\\/pl\\\/#\\\/schema\\\/person\\\/0e322c505e84fe72c65e2f6d08f96b81\"},\"alternateName\":\"Antderground\",\"potentialAction\":[{\"@type\":\"SearchAction\",\"target\":{\"@type\":\"EntryPoint\",\"urlTemplate\":\"https:\\\/\\\/antderground.com\\\/pl\\\/?s={search_term_string}\"},\"query-input\":{\"@type\":\"PropertyValueSpecification\",\"valueRequired\":true,\"valueName\":\"search_term_string\"}}],\"inLanguage\":\"pl-PL\"},{\"@type\":[\"Person\",\"Organization\"],\"@id\":\"https:\\\/\\\/antderground.com\\\/pl\\\/#\\\/schema\\\/person\\\/0e322c505e84fe72c65e2f6d08f96b81\",\"name\":\"Eric de Antderground\",\"image\":{\"@type\":\"ImageObject\",\"inLanguage\":\"pl-PL\",\"@id\":\"https:\\\/\\\/secure.gravatar.com\\\/avatar\\\/c49a1b9f79216d1498cb73c1e85cd47f4465dda35f2a94c03790d491bd4423c3?s=96&d=mm&r=g\",\"url\":\"https:\\\/\\\/secure.gravatar.com\\\/avatar\\\/c49a1b9f79216d1498cb73c1e85cd47f4465dda35f2a94c03790d491bd4423c3?s=96&d=mm&r=g\",\"contentUrl\":\"https:\\\/\\\/secure.gravatar.com\\\/avatar\\\/c49a1b9f79216d1498cb73c1e85cd47f4465dda35f2a94c03790d491bd4423c3?s=96&d=mm&r=g\",\"caption\":\"Eric de Antderground\"},\"logo\":{\"@id\":\"https:\\\/\\\/secure.gravatar.com\\\/avatar\\\/c49a1b9f79216d1498cb73c1e85cd47f4465dda35f2a94c03790d491bd4423c3?s=96&d=mm&r=g\"},\"description\":\"Eric es el especialista y fundador de Antderground, con una amplia trayectoria en artr\u00f3podos y enfocado en la mirmecolog\u00eda y el dise\u00f1o de hormigueros artificiales. Su enfoque combina la innovaci\u00f3n t\u00e9cnica con el respeto por la biolog\u00eda de las hormigas, is\u00f3podos y otros, desarrollando sistemas de nidos modulares 3D y acr\u00edlicos que son referentes para aficionados y profesionales en toda Europa. Su objetivo es facilitar la cr\u00eda de hormigas y otros artr\u00f3podos mediante soluciones seguras y divulgaci\u00f3n de calidad.\",\"sameAs\":[\"https:\\\/\\\/antderground.com\\\/\",\"https:\\\/\\\/www.youtube.com\\\/channel\\\/UCio72z7TlbufkAthAJIJfPw\"]}]}<\/script>\n<!-- \/ Yoast SEO plugin. -->","yoast_head_json":{"title":"Rhytidoponera metallica - ANTDERGROUND","description":"Odkryj now\u0105 kr\u00f3low\u0105 Rhytidoponera metallica \u2013 znan\u0105 jako metaliczna mr\u00f3wka z tropikalnych las\u00f3w. Niezwykle zaskakuj\u0105cy i egzotyczny gatunek, kt\u00f3ry musisz pozna\u0107!","robots":{"index":"index","follow":"follow","max-snippet":"max-snippet:-1","max-image-preview":"max-image-preview:large","max-video-preview":"max-video-preview:-1"},"canonical":"https:\/\/antderground.com\/pl\/produkt\/rhytidoponera-metallica\/","og_locale":"pl_PL","og_type":"article","og_title":"Rhytidoponera metallica - ANTDERGROUND","og_description":"Odkryj now\u0105 kr\u00f3low\u0105 Rhytidoponera metallica \u2013 znan\u0105 jako metaliczna mr\u00f3wka z tropikalnych las\u00f3w. Niezwykle zaskakuj\u0105cy i egzotyczny gatunek, kt\u00f3ry musisz pozna\u0107!","og_url":"https:\/\/antderground.com\/pl\/produkt\/rhytidoponera-metallica\/","og_site_name":"ANTDERGROUND","og_image":[{"width":1200,"height":1200,"url":"https:\/\/antderground.com\/wp-content\/uploads\/2023\/03\/WhatsApp-Image-2023-03-09-at-14.31.01.jpeg","type":"image\/jpeg"}],"twitter_card":"summary_large_image","twitter_misc":{"Szacowany czas czytania":"1 minuta"},"schema":{"@context":"https:\/\/schema.org","@graph":[{"@type":"WebPage","@id":"https:\/\/antderground.com\/pl\/produkt\/rhytidoponera-metallica\/","url":"https:\/\/antderground.com\/pl\/produkt\/rhytidoponera-metallica\/","name":"Rhytidoponera metallica - ANTDERGROUND","isPartOf":{"@id":"https:\/\/antderground.com\/pl\/#website"},"primaryImageOfPage":{"@id":"https:\/\/antderground.com\/pl\/produkt\/rhytidoponera-metallica\/#primaryimage"},"image":{"@id":"https:\/\/antderground.com\/pl\/produkt\/rhytidoponera-metallica\/#primaryimage"},"thumbnailUrl":"https:\/\/antderground.com\/wp-content\/uploads\/2023\/03\/WhatsApp-Image-2023-03-09-at-14.31.01.jpeg","datePublished":"2023-03-09T13:14:04+00:00","description":"Odkryj now\u0105 kr\u00f3low\u0105 Rhytidoponera metallica \u2013 znan\u0105 jako metaliczna mr\u00f3wka z tropikalnych las\u00f3w. Niezwykle zaskakuj\u0105cy i egzotyczny gatunek, kt\u00f3ry musisz pozna\u0107!","breadcrumb":{"@id":"https:\/\/antderground.com\/pl\/produkt\/rhytidoponera-metallica\/#breadcrumb"},"inLanguage":"pl-PL","potentialAction":[{"@type":"ReadAction","target":["https:\/\/antderground.com\/pl\/produkt\/rhytidoponera-metallica\/"]}]},{"@type":"ImageObject","inLanguage":"pl-PL","@id":"https:\/\/antderground.com\/pl\/produkt\/rhytidoponera-metallica\/#primaryimage","url":"https:\/\/antderground.com\/wp-content\/uploads\/2023\/03\/WhatsApp-Image-2023-03-09-at-14.31.01.jpeg","contentUrl":"https:\/\/antderground.com\/wp-content\/uploads\/2023\/03\/WhatsApp-Image-2023-03-09-at-14.31.01.jpeg","width":1200,"height":1200},{"@type":"BreadcrumbList","@id":"https:\/\/antderground.com\/pl\/produkt\/rhytidoponera-metallica\/#breadcrumb","itemListElement":[{"@type":"ListItem","position":1,"name":"Portada","item":"https:\/\/antderground.com\/pl\/"},{"@type":"ListItem","position":2,"name":"Sklep","item":"https:\/\/antderground.com\/pl\/sklep\/"},{"@type":"ListItem","position":3,"name":"Rhytidoponera metallica"}]},{"@type":"WebSite","@id":"https:\/\/antderground.com\/pl\/#website","url":"https:\/\/antderground.com\/pl\/","name":"ANTDERGROUND","description":"Tu tienda de hormigas, gran variedad de hormigueros acr\u00edlicos,madera,arena,3D y mas.. Pide tus hormigas gratis con tu pedido, somos expertos en hormigueros antifugas.","publisher":{"@id":"https:\/\/antderground.com\/pl\/#\/schema\/person\/0e322c505e84fe72c65e2f6d08f96b81"},"alternateName":"Antderground","potentialAction":[{"@type":"SearchAction","target":{"@type":"EntryPoint","urlTemplate":"https:\/\/antderground.com\/pl\/?s={search_term_string}"},"query-input":{"@type":"PropertyValueSpecification","valueRequired":true,"valueName":"search_term_string"}}],"inLanguage":"pl-PL"},{"@type":["Person","Organization"],"@id":"https:\/\/antderground.com\/pl\/#\/schema\/person\/0e322c505e84fe72c65e2f6d08f96b81","name":"Eric de Antderground","image":{"@type":"ImageObject","inLanguage":"pl-PL","@id":"https:\/\/secure.gravatar.com\/avatar\/c49a1b9f79216d1498cb73c1e85cd47f4465dda35f2a94c03790d491bd4423c3?s=96&d=mm&r=g","url":"https:\/\/secure.gravatar.com\/avatar\/c49a1b9f79216d1498cb73c1e85cd47f4465dda35f2a94c03790d491bd4423c3?s=96&d=mm&r=g","contentUrl":"https:\/\/secure.gravatar.com\/avatar\/c49a1b9f79216d1498cb73c1e85cd47f4465dda35f2a94c03790d491bd4423c3?s=96&d=mm&r=g","caption":"Eric de Antderground"},"logo":{"@id":"https:\/\/secure.gravatar.com\/avatar\/c49a1b9f79216d1498cb73c1e85cd47f4465dda35f2a94c03790d491bd4423c3?s=96&d=mm&r=g"},"description":"Eric es el especialista y fundador de Antderground, con una amplia trayectoria en artr\u00f3podos y enfocado en la mirmecolog\u00eda y el dise\u00f1o de hormigueros artificiales. Su enfoque combina la innovaci\u00f3n t\u00e9cnica con el respeto por la biolog\u00eda de las hormigas, is\u00f3podos y otros, desarrollando sistemas de nidos modulares 3D y acr\u00edlicos que son referentes para aficionados y profesionales en toda Europa. Su objetivo es facilitar la cr\u00eda de hormigas y otros artr\u00f3podos mediante soluciones seguras y divulgaci\u00f3n de calidad.","sameAs":["https:\/\/antderground.com\/","https:\/\/www.youtube.com\/channel\/UCio72z7TlbufkAthAJIJfPw"]}]}},"_links":{"self":[{"href":"https:\/\/antderground.com\/pl\/wp-json\/wp\/v2\/product\/49669","targetHints":{"allow":["GET"]}}],"collection":[{"href":"https:\/\/antderground.com\/pl\/wp-json\/wp\/v2\/product"}],"about":[{"href":"https:\/\/antderground.com\/pl\/wp-json\/wp\/v2\/types\/product"}],"version-history":[{"count":0,"href":"https:\/\/antderground.com\/pl\/wp-json\/wp\/v2\/product\/49669\/revisions"}],"wp:featuredmedia":[{"embeddable":true,"href":"https:\/\/antderground.com\/pl\/wp-json\/wp\/v2\/media\/49670"}],"wp:attachment":[{"href":"https:\/\/antderground.com\/pl\/wp-json\/wp\/v2\/media?parent=49669"}],"wp:term":[{"taxonomy":"product_brand","embeddable":true,"href":"https:\/\/antderground.com\/pl\/wp-json\/wp\/v2\/product_brand?post=49669"},{"taxonomy":"product_cat","embeddable":true,"href":"https:\/\/antderground.com\/pl\/wp-json\/wp\/v2\/product_cat?post=49669"},{"taxonomy":"product_tag","embeddable":true,"href":"https:\/\/antderground.com\/pl\/wp-json\/wp\/v2\/product_tag?post=49669"}],"curies":[{"name":"wp","href":"https:\/\/api.w.org\/{rel}","templated":true}]}}