{"id":49847,"date":"2022-01-21T19:54:46","date_gmt":"2022-01-21T18:54:46","guid":{"rendered":"https:\/\/antderground.com\/producto\/diacamma-rugosum\/"},"modified":"2022-01-21T19:54:46","modified_gmt":"2022-01-21T18:54:46","slug":"diacamma-rugosum","status":"publish","type":"product","link":"https:\/\/antderground.com\/pl\/produkt\/diacamma-rugosum\/","title":{"rendered":"Diacamma rugosum"},"content":{"rendered":"<p><strong>Diacamma rugosum<\/strong><\/p>\n<p><strong>Opis:<\/strong><br \/>\nDiacamma rugosum to azjatycki gatunek mr\u00f3wki, charakteryzuj\u0105cy si\u0119 bardzo du\u017c\u0105 aktywno\u015bci\u0105 poza gniazdem.<\/p>\n<p>Do prawid\u0142owego rozwoju potrzebuj\u0105 du\u017cej ilo\u015bci bia\u0142ka. Owady parali\u017cuj\u0105 i zabijaj\u0105 za pomoc\u0105 \u017c\u0105d\u0142a.<\/p>\n<p>Mr\u00f3wki z rodzaju <em>Diacamma<\/em> cz\u0119sto okre\u015blane s\u0105 jako bezkr\u00f3lowe, jednak poprawnie nale\u017cy zaznaczy\u0107, \u017ce wszystkie nowo wyklute osobniki s\u0105 kr\u00f3lowymi ergatoidalnymi. W trakcie rozwoju przekszta\u0142caj\u0105 si\u0119 one w robotnice poprzez amputacj\u0119 gemm \u2013 specjalnych gruczo\u0142\u00f3w umo\u017cliwiaj\u0105cych rozmna\u017canie.<\/p>\n<p>Po \u015bmierci starego gamergata (ergatoida) nowo narodzone robotnice mog\u0105 si\u0119 parzy\u0107 i rozpocz\u0105\u0107 sk\u0142adanie jaj.<\/p>\n<p>Chcesz zobaczy\u0107 <em>Diacamma<\/em> sk\u0142adaj\u0105c\u0105 jajo? Kliknij <strong>TUTAJ<\/strong> i ciesz si\u0119 filmami, kt\u00f3re tworzy nasz przyjaciel i biolog <strong>@theantsfarmer<\/strong>, aby\u015bmy mogli uczy\u0107 si\u0119 i w pe\u0142ni cieszy\u0107 si\u0119 fascynuj\u0105cym \u015bwiatem mr\u00f3wek.<\/p>\n<p><strong>Pochodzenie:<\/strong> Azja Po\u0142udniowo-Wschodnia<\/p>\n<p><strong>Polecane formikaria:<\/strong> akrylowe, z Ytonga, pionowe z pod\u0142o\u017cem<\/p>\n<p><strong>Temperatura:<\/strong> 24\u201328 \u00b0C<\/p>\n<p><strong>Wilgotno\u015b\u0107:<\/strong> 50\u201380%<\/p>\n<p><strong>Hibernacja:<\/strong> brak<\/p>\n<p><strong>Pokarm:<\/strong> Antnectar, ma\u0142e owady<\/p>\n","protected":false},"excerpt":{"rendered":"<p>Diacamma rugosum Opis: Diacamma rugosum to azjatycki gatunek mr\u00f3wki, charakteryzuj\u0105cy si\u0119 bardzo du\u017c\u0105 aktywno\u015bci\u0105 poza gniazdem. Do prawid\u0142owego rozwoju potrzebuj\u0105<\/p>\n","protected":false},"featured_media":49848,"template":"","meta":[],"product_brand":[],"product_cat":[815,817],"product_tag":[],"class_list":{"0":"post-49847","1":"product","2":"type-product","3":"status-publish","4":"has-post-thumbnail","6":"product_cat-mrowki","7":"product_cat-egzotyczne","9":"first","10":"outofstock","11":"shipping-taxable","12":"purchasable","13":"product-type-variable"},"yoast_head":"<!-- This site is optimized with the Yoast SEO plugin v27.3 - https:\/\/yoast.com\/product\/yoast-seo-wordpress\/ -->\n<title>Diacamma rugosum - ANTDERGROUND<\/title>\n<meta name=\"description\" content=\"Kolonie Diacamma rugosum z gamergatem. Dowiedz si\u0119 wi\u0119cej o gamergatach i rozmna\u017caniu bez kr\u00f3lowej dzi\u0119ki koloniom Diacamma.\" \/>\n<meta name=\"robots\" content=\"index, follow, max-snippet:-1, max-image-preview:large, max-video-preview:-1\" \/>\n<link rel=\"canonical\" href=\"https:\/\/antderground.com\/pl\/produkt\/diacamma-rugosum\/\" \/>\n<meta property=\"og:locale\" content=\"pl_PL\" \/>\n<meta property=\"og:type\" content=\"article\" \/>\n<meta property=\"og:title\" content=\"Diacamma rugosum - ANTDERGROUND\" \/>\n<meta property=\"og:description\" content=\"Kolonie Diacamma rugosum z gamergatem. Dowiedz si\u0119 wi\u0119cej o gamergatach i rozmna\u017caniu bez kr\u00f3lowej dzi\u0119ki koloniom Diacamma.\" \/>\n<meta property=\"og:url\" content=\"https:\/\/antderground.com\/pl\/produkt\/diacamma-rugosum\/\" \/>\n<meta property=\"og:site_name\" content=\"ANTDERGROUND\" \/>\n<meta property=\"og:image\" content=\"https:\/\/antderground.com\/wp-content\/uploads\/2022\/01\/WhatsApp-Image-2022-03-16-at-2.16.56-PM.jpeg\" \/>\n\t<meta property=\"og:image:width\" content=\"841\" \/>\n\t<meta property=\"og:image:height\" content=\"849\" \/>\n\t<meta property=\"og:image:type\" content=\"image\/jpeg\" \/>\n<meta name=\"twitter:card\" content=\"summary_large_image\" \/>\n<meta name=\"twitter:label1\" content=\"Szacowany czas czytania\" \/>\n\t<meta name=\"twitter:data1\" content=\"1 minuta\" \/>\n<script type=\"application\/ld+json\" class=\"yoast-schema-graph\">{\"@context\":\"https:\\\/\\\/schema.org\",\"@graph\":[{\"@type\":\"WebPage\",\"@id\":\"https:\\\/\\\/antderground.com\\\/pl\\\/produkt\\\/diacamma-rugosum\\\/\",\"url\":\"https:\\\/\\\/antderground.com\\\/pl\\\/produkt\\\/diacamma-rugosum\\\/\",\"name\":\"Diacamma rugosum - ANTDERGROUND\",\"isPartOf\":{\"@id\":\"https:\\\/\\\/antderground.com\\\/pl\\\/#website\"},\"primaryImageOfPage\":{\"@id\":\"https:\\\/\\\/antderground.com\\\/pl\\\/produkt\\\/diacamma-rugosum\\\/#primaryimage\"},\"image\":{\"@id\":\"https:\\\/\\\/antderground.com\\\/pl\\\/produkt\\\/diacamma-rugosum\\\/#primaryimage\"},\"thumbnailUrl\":\"https:\\\/\\\/antderground.com\\\/wp-content\\\/uploads\\\/2022\\\/01\\\/WhatsApp-Image-2022-03-16-at-2.16.56-PM.jpeg\",\"datePublished\":\"2022-01-21T18:54:46+00:00\",\"description\":\"Kolonie Diacamma rugosum z gamergatem. Dowiedz si\u0119 wi\u0119cej o gamergatach i rozmna\u017caniu bez kr\u00f3lowej dzi\u0119ki koloniom Diacamma.\",\"breadcrumb\":{\"@id\":\"https:\\\/\\\/antderground.com\\\/pl\\\/produkt\\\/diacamma-rugosum\\\/#breadcrumb\"},\"inLanguage\":\"pl-PL\",\"potentialAction\":[{\"@type\":\"ReadAction\",\"target\":[\"https:\\\/\\\/antderground.com\\\/pl\\\/produkt\\\/diacamma-rugosum\\\/\"]}]},{\"@type\":\"ImageObject\",\"inLanguage\":\"pl-PL\",\"@id\":\"https:\\\/\\\/antderground.com\\\/pl\\\/produkt\\\/diacamma-rugosum\\\/#primaryimage\",\"url\":\"https:\\\/\\\/antderground.com\\\/wp-content\\\/uploads\\\/2022\\\/01\\\/WhatsApp-Image-2022-03-16-at-2.16.56-PM.jpeg\",\"contentUrl\":\"https:\\\/\\\/antderground.com\\\/wp-content\\\/uploads\\\/2022\\\/01\\\/WhatsApp-Image-2022-03-16-at-2.16.56-PM.jpeg\",\"width\":841,\"height\":849,\"caption\":\"gamergate diacamma\"},{\"@type\":\"BreadcrumbList\",\"@id\":\"https:\\\/\\\/antderground.com\\\/pl\\\/produkt\\\/diacamma-rugosum\\\/#breadcrumb\",\"itemListElement\":[{\"@type\":\"ListItem\",\"position\":1,\"name\":\"Portada\",\"item\":\"https:\\\/\\\/antderground.com\\\/pl\\\/\"},{\"@type\":\"ListItem\",\"position\":2,\"name\":\"Sklep\",\"item\":\"https:\\\/\\\/antderground.com\\\/pl\\\/sklep\\\/\"},{\"@type\":\"ListItem\",\"position\":3,\"name\":\"Diacamma rugosum\"}]},{\"@type\":\"WebSite\",\"@id\":\"https:\\\/\\\/antderground.com\\\/pl\\\/#website\",\"url\":\"https:\\\/\\\/antderground.com\\\/pl\\\/\",\"name\":\"ANTDERGROUND\",\"description\":\"Tu tienda de hormigas, gran variedad de hormigueros acr\u00edlicos,madera,arena,3D y mas.. Pide tus hormigas gratis con tu pedido, somos expertos en hormigueros antifugas.\",\"publisher\":{\"@id\":\"https:\\\/\\\/antderground.com\\\/pl\\\/#\\\/schema\\\/person\\\/0e322c505e84fe72c65e2f6d08f96b81\"},\"alternateName\":\"Antderground\",\"potentialAction\":[{\"@type\":\"SearchAction\",\"target\":{\"@type\":\"EntryPoint\",\"urlTemplate\":\"https:\\\/\\\/antderground.com\\\/pl\\\/?s={search_term_string}\"},\"query-input\":{\"@type\":\"PropertyValueSpecification\",\"valueRequired\":true,\"valueName\":\"search_term_string\"}}],\"inLanguage\":\"pl-PL\"},{\"@type\":[\"Person\",\"Organization\"],\"@id\":\"https:\\\/\\\/antderground.com\\\/pl\\\/#\\\/schema\\\/person\\\/0e322c505e84fe72c65e2f6d08f96b81\",\"name\":\"Eric de Antderground\",\"image\":{\"@type\":\"ImageObject\",\"inLanguage\":\"pl-PL\",\"@id\":\"https:\\\/\\\/secure.gravatar.com\\\/avatar\\\/c49a1b9f79216d1498cb73c1e85cd47f4465dda35f2a94c03790d491bd4423c3?s=96&d=mm&r=g\",\"url\":\"https:\\\/\\\/secure.gravatar.com\\\/avatar\\\/c49a1b9f79216d1498cb73c1e85cd47f4465dda35f2a94c03790d491bd4423c3?s=96&d=mm&r=g\",\"contentUrl\":\"https:\\\/\\\/secure.gravatar.com\\\/avatar\\\/c49a1b9f79216d1498cb73c1e85cd47f4465dda35f2a94c03790d491bd4423c3?s=96&d=mm&r=g\",\"caption\":\"Eric de Antderground\"},\"logo\":{\"@id\":\"https:\\\/\\\/secure.gravatar.com\\\/avatar\\\/c49a1b9f79216d1498cb73c1e85cd47f4465dda35f2a94c03790d491bd4423c3?s=96&d=mm&r=g\"},\"description\":\"Eric es el especialista y fundador de Antderground, con una amplia trayectoria en artr\u00f3podos y enfocado en la mirmecolog\u00eda y el dise\u00f1o de hormigueros artificiales. Su enfoque combina la innovaci\u00f3n t\u00e9cnica con el respeto por la biolog\u00eda de las hormigas, is\u00f3podos y otros, desarrollando sistemas de nidos modulares 3D y acr\u00edlicos que son referentes para aficionados y profesionales en toda Europa. Su objetivo es facilitar la cr\u00eda de hormigas y otros artr\u00f3podos mediante soluciones seguras y divulgaci\u00f3n de calidad.\",\"sameAs\":[\"https:\\\/\\\/antderground.com\\\/\",\"https:\\\/\\\/www.youtube.com\\\/channel\\\/UCio72z7TlbufkAthAJIJfPw\"]}]}<\/script>\n<!-- \/ Yoast SEO plugin. -->","yoast_head_json":{"title":"Diacamma rugosum - ANTDERGROUND","description":"Kolonie Diacamma rugosum z gamergatem. Dowiedz si\u0119 wi\u0119cej o gamergatach i rozmna\u017caniu bez kr\u00f3lowej dzi\u0119ki koloniom Diacamma.","robots":{"index":"index","follow":"follow","max-snippet":"max-snippet:-1","max-image-preview":"max-image-preview:large","max-video-preview":"max-video-preview:-1"},"canonical":"https:\/\/antderground.com\/pl\/produkt\/diacamma-rugosum\/","og_locale":"pl_PL","og_type":"article","og_title":"Diacamma rugosum - ANTDERGROUND","og_description":"Kolonie Diacamma rugosum z gamergatem. Dowiedz si\u0119 wi\u0119cej o gamergatach i rozmna\u017caniu bez kr\u00f3lowej dzi\u0119ki koloniom Diacamma.","og_url":"https:\/\/antderground.com\/pl\/produkt\/diacamma-rugosum\/","og_site_name":"ANTDERGROUND","og_image":[{"width":841,"height":849,"url":"https:\/\/antderground.com\/wp-content\/uploads\/2022\/01\/WhatsApp-Image-2022-03-16-at-2.16.56-PM.jpeg","type":"image\/jpeg"}],"twitter_card":"summary_large_image","twitter_misc":{"Szacowany czas czytania":"1 minuta"},"schema":{"@context":"https:\/\/schema.org","@graph":[{"@type":"WebPage","@id":"https:\/\/antderground.com\/pl\/produkt\/diacamma-rugosum\/","url":"https:\/\/antderground.com\/pl\/produkt\/diacamma-rugosum\/","name":"Diacamma rugosum - ANTDERGROUND","isPartOf":{"@id":"https:\/\/antderground.com\/pl\/#website"},"primaryImageOfPage":{"@id":"https:\/\/antderground.com\/pl\/produkt\/diacamma-rugosum\/#primaryimage"},"image":{"@id":"https:\/\/antderground.com\/pl\/produkt\/diacamma-rugosum\/#primaryimage"},"thumbnailUrl":"https:\/\/antderground.com\/wp-content\/uploads\/2022\/01\/WhatsApp-Image-2022-03-16-at-2.16.56-PM.jpeg","datePublished":"2022-01-21T18:54:46+00:00","description":"Kolonie Diacamma rugosum z gamergatem. Dowiedz si\u0119 wi\u0119cej o gamergatach i rozmna\u017caniu bez kr\u00f3lowej dzi\u0119ki koloniom Diacamma.","breadcrumb":{"@id":"https:\/\/antderground.com\/pl\/produkt\/diacamma-rugosum\/#breadcrumb"},"inLanguage":"pl-PL","potentialAction":[{"@type":"ReadAction","target":["https:\/\/antderground.com\/pl\/produkt\/diacamma-rugosum\/"]}]},{"@type":"ImageObject","inLanguage":"pl-PL","@id":"https:\/\/antderground.com\/pl\/produkt\/diacamma-rugosum\/#primaryimage","url":"https:\/\/antderground.com\/wp-content\/uploads\/2022\/01\/WhatsApp-Image-2022-03-16-at-2.16.56-PM.jpeg","contentUrl":"https:\/\/antderground.com\/wp-content\/uploads\/2022\/01\/WhatsApp-Image-2022-03-16-at-2.16.56-PM.jpeg","width":841,"height":849,"caption":"gamergate diacamma"},{"@type":"BreadcrumbList","@id":"https:\/\/antderground.com\/pl\/produkt\/diacamma-rugosum\/#breadcrumb","itemListElement":[{"@type":"ListItem","position":1,"name":"Portada","item":"https:\/\/antderground.com\/pl\/"},{"@type":"ListItem","position":2,"name":"Sklep","item":"https:\/\/antderground.com\/pl\/sklep\/"},{"@type":"ListItem","position":3,"name":"Diacamma rugosum"}]},{"@type":"WebSite","@id":"https:\/\/antderground.com\/pl\/#website","url":"https:\/\/antderground.com\/pl\/","name":"ANTDERGROUND","description":"Tu tienda de hormigas, gran variedad de hormigueros acr\u00edlicos,madera,arena,3D y mas.. Pide tus hormigas gratis con tu pedido, somos expertos en hormigueros antifugas.","publisher":{"@id":"https:\/\/antderground.com\/pl\/#\/schema\/person\/0e322c505e84fe72c65e2f6d08f96b81"},"alternateName":"Antderground","potentialAction":[{"@type":"SearchAction","target":{"@type":"EntryPoint","urlTemplate":"https:\/\/antderground.com\/pl\/?s={search_term_string}"},"query-input":{"@type":"PropertyValueSpecification","valueRequired":true,"valueName":"search_term_string"}}],"inLanguage":"pl-PL"},{"@type":["Person","Organization"],"@id":"https:\/\/antderground.com\/pl\/#\/schema\/person\/0e322c505e84fe72c65e2f6d08f96b81","name":"Eric de Antderground","image":{"@type":"ImageObject","inLanguage":"pl-PL","@id":"https:\/\/secure.gravatar.com\/avatar\/c49a1b9f79216d1498cb73c1e85cd47f4465dda35f2a94c03790d491bd4423c3?s=96&d=mm&r=g","url":"https:\/\/secure.gravatar.com\/avatar\/c49a1b9f79216d1498cb73c1e85cd47f4465dda35f2a94c03790d491bd4423c3?s=96&d=mm&r=g","contentUrl":"https:\/\/secure.gravatar.com\/avatar\/c49a1b9f79216d1498cb73c1e85cd47f4465dda35f2a94c03790d491bd4423c3?s=96&d=mm&r=g","caption":"Eric de Antderground"},"logo":{"@id":"https:\/\/secure.gravatar.com\/avatar\/c49a1b9f79216d1498cb73c1e85cd47f4465dda35f2a94c03790d491bd4423c3?s=96&d=mm&r=g"},"description":"Eric es el especialista y fundador de Antderground, con una amplia trayectoria en artr\u00f3podos y enfocado en la mirmecolog\u00eda y el dise\u00f1o de hormigueros artificiales. Su enfoque combina la innovaci\u00f3n t\u00e9cnica con el respeto por la biolog\u00eda de las hormigas, is\u00f3podos y otros, desarrollando sistemas de nidos modulares 3D y acr\u00edlicos que son referentes para aficionados y profesionales en toda Europa. Su objetivo es facilitar la cr\u00eda de hormigas y otros artr\u00f3podos mediante soluciones seguras y divulgaci\u00f3n de calidad.","sameAs":["https:\/\/antderground.com\/","https:\/\/www.youtube.com\/channel\/UCio72z7TlbufkAthAJIJfPw"]}]}},"_links":{"self":[{"href":"https:\/\/antderground.com\/pl\/wp-json\/wp\/v2\/product\/49847","targetHints":{"allow":["GET"]}}],"collection":[{"href":"https:\/\/antderground.com\/pl\/wp-json\/wp\/v2\/product"}],"about":[{"href":"https:\/\/antderground.com\/pl\/wp-json\/wp\/v2\/types\/product"}],"version-history":[{"count":0,"href":"https:\/\/antderground.com\/pl\/wp-json\/wp\/v2\/product\/49847\/revisions"}],"wp:featuredmedia":[{"embeddable":true,"href":"https:\/\/antderground.com\/pl\/wp-json\/wp\/v2\/media\/49848"}],"wp:attachment":[{"href":"https:\/\/antderground.com\/pl\/wp-json\/wp\/v2\/media?parent=49847"}],"wp:term":[{"taxonomy":"product_brand","embeddable":true,"href":"https:\/\/antderground.com\/pl\/wp-json\/wp\/v2\/product_brand?post=49847"},{"taxonomy":"product_cat","embeddable":true,"href":"https:\/\/antderground.com\/pl\/wp-json\/wp\/v2\/product_cat?post=49847"},{"taxonomy":"product_tag","embeddable":true,"href":"https:\/\/antderground.com\/pl\/wp-json\/wp\/v2\/product_tag?post=49847"}],"curies":[{"name":"wp","href":"https:\/\/api.w.org\/{rel}","templated":true}]}}