{"id":49854,"date":"2021-11-27T21:09:16","date_gmt":"2021-11-27T20:09:16","guid":{"rendered":"https:\/\/antderground.com\/producto\/camponotus-mutilarius-xiangban\/"},"modified":"2021-11-27T21:09:16","modified_gmt":"2021-11-27T20:09:16","slug":"camponotus-mutilarius-xiangban","status":"publish","type":"product","link":"https:\/\/antderground.com\/pl\/produkt\/camponotus-mutilarius-xiangban\/","title":{"rendered":"Camponotus Mutilarius (Xiangban)"},"content":{"rendered":"<p><strong>Camponotus mutilarius (Xiangban)<\/strong><\/p>\n<p><strong>Opis:<\/strong><br \/>\nMr\u00f3wki pochodz\u0105ce z Azji Po\u0142udniowo-Wschodniej, charakteryzuj\u0105ce si\u0119 czerwonawo-br\u0105zowym ubarwieniem tu\u0142owia i gastrowi, a tak\u017ce wyra\u017anym ow\u0142osieniem (mo\u017cna wr\u0119cz powiedzie\u0107, \u017ce jest to \u201ew\u0142ochata\u201d mr\u00f3wka). W okresie zak\u0142adania kolonii (do oko\u0142o 60 osobnik\u00f3w) kr\u00f3lowa wykazuje bardzo opieku\u0144cze, lecz p\u0142ochliwe zachowanie i chroni jaja, trzymaj\u0105c je w aparacie g\u0119bowym a\u017c do momentu, gdy osi\u0105gn\u0105 stadium larwalne.<\/p>\n<p>S\u0105 to mr\u00f3wki o wysokim poziomie aktywno\u015bci, co w po\u0142\u0105czeniu z ich szczeg\u00f3lnym zami\u0142owaniem do AntNektaru (podczas karmienia AntNektarem mo\u017cna zaobserwowa\u0107, jak wype\u0142niaj\u0105 swoje gastry do maksimum) sprawia, \u017ce ich obserwacja jest bardzo interesuj\u0105ca i nigdy nie nudna.<\/p>\n<p>W sytuacji zagro\u017cenia ujawniaj\u0105 sw\u00f3j agresywny charakter \u2013 nie wahaj\u0105 si\u0119 gry\u017a\u0107 i broni\u0107, wydzielaj\u0105c kwas. Jest to gatunek wymagaj\u0105cy optymalnych warunk\u00f3w temperatury i wilgotno\u015bci dla prawid\u0142owego rozwoju kolonii. Mr\u00f3wki musz\u0105 mie\u0107 sta\u0142y dost\u0119p do wody w celu nawodnienia; jej brak mo\u017ce stanowi\u0107 powa\u017cne zagro\u017cenie dla ca\u0142ej kolonii.<\/p>\n<p><strong>Pochodzenie:<\/strong> Azja Po\u0142udniowo-Wschodnia.<\/p>\n<p><strong>Zalecane formikaria:<\/strong> Akrylowe, akrylowo-drewniane, Ytong, pionowe z pod\u0142o\u017cem.<\/p>\n<p><strong>Temperatura:<\/strong> 25\u201327 \u00b0C<\/p>\n<p><strong>Wilgotno\u015b\u0107:<\/strong> 50\u201370%<\/p>\n<p><strong>Hibernacja:<\/strong> Nie wymagaj\u0105 hibernacji.<\/p>\n<p><strong>Pokarm:<\/strong> AntNektar, ma\u0142e owady.<\/p>\n","protected":false},"excerpt":{"rendered":"<p>Camponotus mutilarius (Xiangban) Opis: Mr\u00f3wki pochodz\u0105ce z Azji Po\u0142udniowo-Wschodniej, charakteryzuj\u0105ce si\u0119 czerwonawo-br\u0105zowym ubarwieniem tu\u0142owia i gastrowi, a tak\u017ce wyra\u017anym ow\u0142osieniem<\/p>\n","protected":false},"featured_media":49855,"template":"","meta":[],"product_brand":[],"product_cat":[815,817],"product_tag":[],"class_list":{"0":"post-49854","1":"product","2":"type-product","3":"status-publish","4":"has-post-thumbnail","6":"product_cat-mrowki","7":"product_cat-egzotyczne","9":"first","10":"outofstock","11":"shipping-taxable","12":"purchasable","13":"product-type-variable"},"yoast_head":"<!-- This site is optimized with the Yoast SEO plugin v27.3 - https:\/\/yoast.com\/product\/yoast-seo-wordpress\/ -->\n<title>Camponotus Mutilarius (Xiangban) - ANTDERGROUND<\/title>\n<meta name=\"description\" content=\"Odkryj Camponotus mutilarius (Xiangban), gatunek mr\u00f3wki pochodz\u0105cy z Azji Po\u0142udniowo-Wschodniej. Szeroki wyb\u00f3r egzotycznych mr\u00f3wek \/ formikari\u00f3w \/ myrmekologii.\" \/>\n<meta name=\"robots\" content=\"index, follow, max-snippet:-1, max-image-preview:large, max-video-preview:-1\" \/>\n<link rel=\"canonical\" href=\"https:\/\/antderground.com\/pl\/produkt\/camponotus-mutilarius-xiangban\/\" \/>\n<meta property=\"og:locale\" content=\"pl_PL\" \/>\n<meta property=\"og:type\" content=\"article\" \/>\n<meta property=\"og:title\" content=\"Camponotus Mutilarius (Xiangban) - ANTDERGROUND\" \/>\n<meta property=\"og:description\" content=\"Odkryj Camponotus mutilarius (Xiangban), gatunek mr\u00f3wki pochodz\u0105cy z Azji Po\u0142udniowo-Wschodniej. Szeroki wyb\u00f3r egzotycznych mr\u00f3wek \/ formikari\u00f3w \/ myrmekologii.\" \/>\n<meta property=\"og:url\" content=\"https:\/\/antderground.com\/pl\/produkt\/camponotus-mutilarius-xiangban\/\" \/>\n<meta property=\"og:site_name\" content=\"ANTDERGROUND\" \/>\n<meta property=\"og:image\" content=\"https:\/\/antderground.com\/wp-content\/uploads\/2021\/11\/camponotus-xiangbang-reina.jpg\" \/>\n\t<meta property=\"og:image:width\" content=\"591\" \/>\n\t<meta property=\"og:image:height\" content=\"601\" \/>\n\t<meta property=\"og:image:type\" content=\"image\/jpeg\" \/>\n<meta name=\"twitter:card\" content=\"summary_large_image\" \/>\n<meta name=\"twitter:label1\" content=\"Szacowany czas czytania\" \/>\n\t<meta name=\"twitter:data1\" content=\"1 minuta\" \/>\n<script type=\"application\/ld+json\" class=\"yoast-schema-graph\">{\"@context\":\"https:\\\/\\\/schema.org\",\"@graph\":[{\"@type\":\"WebPage\",\"@id\":\"https:\\\/\\\/antderground.com\\\/pl\\\/produkt\\\/camponotus-mutilarius-xiangban\\\/\",\"url\":\"https:\\\/\\\/antderground.com\\\/pl\\\/produkt\\\/camponotus-mutilarius-xiangban\\\/\",\"name\":\"Camponotus Mutilarius (Xiangban) - ANTDERGROUND\",\"isPartOf\":{\"@id\":\"https:\\\/\\\/antderground.com\\\/pl\\\/#website\"},\"primaryImageOfPage\":{\"@id\":\"https:\\\/\\\/antderground.com\\\/pl\\\/produkt\\\/camponotus-mutilarius-xiangban\\\/#primaryimage\"},\"image\":{\"@id\":\"https:\\\/\\\/antderground.com\\\/pl\\\/produkt\\\/camponotus-mutilarius-xiangban\\\/#primaryimage\"},\"thumbnailUrl\":\"https:\\\/\\\/antderground.com\\\/wp-content\\\/uploads\\\/2021\\\/11\\\/camponotus-xiangbang-reina.jpg\",\"datePublished\":\"2021-11-27T20:09:16+00:00\",\"description\":\"Odkryj Camponotus mutilarius (Xiangban), gatunek mr\u00f3wki pochodz\u0105cy z Azji Po\u0142udniowo-Wschodniej. Szeroki wyb\u00f3r egzotycznych mr\u00f3wek \\\/ formikari\u00f3w \\\/ myrmekologii.\",\"breadcrumb\":{\"@id\":\"https:\\\/\\\/antderground.com\\\/pl\\\/produkt\\\/camponotus-mutilarius-xiangban\\\/#breadcrumb\"},\"inLanguage\":\"pl-PL\",\"potentialAction\":[{\"@type\":\"ReadAction\",\"target\":[\"https:\\\/\\\/antderground.com\\\/pl\\\/produkt\\\/camponotus-mutilarius-xiangban\\\/\"]}]},{\"@type\":\"ImageObject\",\"inLanguage\":\"pl-PL\",\"@id\":\"https:\\\/\\\/antderground.com\\\/pl\\\/produkt\\\/camponotus-mutilarius-xiangban\\\/#primaryimage\",\"url\":\"https:\\\/\\\/antderground.com\\\/wp-content\\\/uploads\\\/2021\\\/11\\\/camponotus-xiangbang-reina.jpg\",\"contentUrl\":\"https:\\\/\\\/antderground.com\\\/wp-content\\\/uploads\\\/2021\\\/11\\\/camponotus-xiangbang-reina.jpg\",\"width\":591,\"height\":601,\"caption\":\"Camponotus xiangbang\"},{\"@type\":\"BreadcrumbList\",\"@id\":\"https:\\\/\\\/antderground.com\\\/pl\\\/produkt\\\/camponotus-mutilarius-xiangban\\\/#breadcrumb\",\"itemListElement\":[{\"@type\":\"ListItem\",\"position\":1,\"name\":\"Portada\",\"item\":\"https:\\\/\\\/antderground.com\\\/pl\\\/\"},{\"@type\":\"ListItem\",\"position\":2,\"name\":\"Sklep\",\"item\":\"https:\\\/\\\/antderground.com\\\/pl\\\/sklep\\\/\"},{\"@type\":\"ListItem\",\"position\":3,\"name\":\"Camponotus Mutilarius (Xiangban)\"}]},{\"@type\":\"WebSite\",\"@id\":\"https:\\\/\\\/antderground.com\\\/pl\\\/#website\",\"url\":\"https:\\\/\\\/antderground.com\\\/pl\\\/\",\"name\":\"ANTDERGROUND\",\"description\":\"Tu tienda de hormigas, gran variedad de hormigueros acr\u00edlicos,madera,arena,3D y mas.. Pide tus hormigas gratis con tu pedido, somos expertos en hormigueros antifugas.\",\"publisher\":{\"@id\":\"https:\\\/\\\/antderground.com\\\/pl\\\/#\\\/schema\\\/person\\\/0e322c505e84fe72c65e2f6d08f96b81\"},\"alternateName\":\"Antderground\",\"potentialAction\":[{\"@type\":\"SearchAction\",\"target\":{\"@type\":\"EntryPoint\",\"urlTemplate\":\"https:\\\/\\\/antderground.com\\\/pl\\\/?s={search_term_string}\"},\"query-input\":{\"@type\":\"PropertyValueSpecification\",\"valueRequired\":true,\"valueName\":\"search_term_string\"}}],\"inLanguage\":\"pl-PL\"},{\"@type\":[\"Person\",\"Organization\"],\"@id\":\"https:\\\/\\\/antderground.com\\\/pl\\\/#\\\/schema\\\/person\\\/0e322c505e84fe72c65e2f6d08f96b81\",\"name\":\"Eric de Antderground\",\"image\":{\"@type\":\"ImageObject\",\"inLanguage\":\"pl-PL\",\"@id\":\"https:\\\/\\\/secure.gravatar.com\\\/avatar\\\/c49a1b9f79216d1498cb73c1e85cd47f4465dda35f2a94c03790d491bd4423c3?s=96&d=mm&r=g\",\"url\":\"https:\\\/\\\/secure.gravatar.com\\\/avatar\\\/c49a1b9f79216d1498cb73c1e85cd47f4465dda35f2a94c03790d491bd4423c3?s=96&d=mm&r=g\",\"contentUrl\":\"https:\\\/\\\/secure.gravatar.com\\\/avatar\\\/c49a1b9f79216d1498cb73c1e85cd47f4465dda35f2a94c03790d491bd4423c3?s=96&d=mm&r=g\",\"caption\":\"Eric de Antderground\"},\"logo\":{\"@id\":\"https:\\\/\\\/secure.gravatar.com\\\/avatar\\\/c49a1b9f79216d1498cb73c1e85cd47f4465dda35f2a94c03790d491bd4423c3?s=96&d=mm&r=g\"},\"description\":\"Eric es el especialista y fundador de Antderground, con una amplia trayectoria en artr\u00f3podos y enfocado en la mirmecolog\u00eda y el dise\u00f1o de hormigueros artificiales. Su enfoque combina la innovaci\u00f3n t\u00e9cnica con el respeto por la biolog\u00eda de las hormigas, is\u00f3podos y otros, desarrollando sistemas de nidos modulares 3D y acr\u00edlicos que son referentes para aficionados y profesionales en toda Europa. Su objetivo es facilitar la cr\u00eda de hormigas y otros artr\u00f3podos mediante soluciones seguras y divulgaci\u00f3n de calidad.\",\"sameAs\":[\"https:\\\/\\\/antderground.com\\\/\",\"https:\\\/\\\/www.youtube.com\\\/channel\\\/UCio72z7TlbufkAthAJIJfPw\"]}]}<\/script>\n<!-- \/ Yoast SEO plugin. -->","yoast_head_json":{"title":"Camponotus Mutilarius (Xiangban) - ANTDERGROUND","description":"Odkryj Camponotus mutilarius (Xiangban), gatunek mr\u00f3wki pochodz\u0105cy z Azji Po\u0142udniowo-Wschodniej. Szeroki wyb\u00f3r egzotycznych mr\u00f3wek \/ formikari\u00f3w \/ myrmekologii.","robots":{"index":"index","follow":"follow","max-snippet":"max-snippet:-1","max-image-preview":"max-image-preview:large","max-video-preview":"max-video-preview:-1"},"canonical":"https:\/\/antderground.com\/pl\/produkt\/camponotus-mutilarius-xiangban\/","og_locale":"pl_PL","og_type":"article","og_title":"Camponotus Mutilarius (Xiangban) - ANTDERGROUND","og_description":"Odkryj Camponotus mutilarius (Xiangban), gatunek mr\u00f3wki pochodz\u0105cy z Azji Po\u0142udniowo-Wschodniej. Szeroki wyb\u00f3r egzotycznych mr\u00f3wek \/ formikari\u00f3w \/ myrmekologii.","og_url":"https:\/\/antderground.com\/pl\/produkt\/camponotus-mutilarius-xiangban\/","og_site_name":"ANTDERGROUND","og_image":[{"width":591,"height":601,"url":"https:\/\/antderground.com\/wp-content\/uploads\/2021\/11\/camponotus-xiangbang-reina.jpg","type":"image\/jpeg"}],"twitter_card":"summary_large_image","twitter_misc":{"Szacowany czas czytania":"1 minuta"},"schema":{"@context":"https:\/\/schema.org","@graph":[{"@type":"WebPage","@id":"https:\/\/antderground.com\/pl\/produkt\/camponotus-mutilarius-xiangban\/","url":"https:\/\/antderground.com\/pl\/produkt\/camponotus-mutilarius-xiangban\/","name":"Camponotus Mutilarius (Xiangban) - ANTDERGROUND","isPartOf":{"@id":"https:\/\/antderground.com\/pl\/#website"},"primaryImageOfPage":{"@id":"https:\/\/antderground.com\/pl\/produkt\/camponotus-mutilarius-xiangban\/#primaryimage"},"image":{"@id":"https:\/\/antderground.com\/pl\/produkt\/camponotus-mutilarius-xiangban\/#primaryimage"},"thumbnailUrl":"https:\/\/antderground.com\/wp-content\/uploads\/2021\/11\/camponotus-xiangbang-reina.jpg","datePublished":"2021-11-27T20:09:16+00:00","description":"Odkryj Camponotus mutilarius (Xiangban), gatunek mr\u00f3wki pochodz\u0105cy z Azji Po\u0142udniowo-Wschodniej. Szeroki wyb\u00f3r egzotycznych mr\u00f3wek \/ formikari\u00f3w \/ myrmekologii.","breadcrumb":{"@id":"https:\/\/antderground.com\/pl\/produkt\/camponotus-mutilarius-xiangban\/#breadcrumb"},"inLanguage":"pl-PL","potentialAction":[{"@type":"ReadAction","target":["https:\/\/antderground.com\/pl\/produkt\/camponotus-mutilarius-xiangban\/"]}]},{"@type":"ImageObject","inLanguage":"pl-PL","@id":"https:\/\/antderground.com\/pl\/produkt\/camponotus-mutilarius-xiangban\/#primaryimage","url":"https:\/\/antderground.com\/wp-content\/uploads\/2021\/11\/camponotus-xiangbang-reina.jpg","contentUrl":"https:\/\/antderground.com\/wp-content\/uploads\/2021\/11\/camponotus-xiangbang-reina.jpg","width":591,"height":601,"caption":"Camponotus xiangbang"},{"@type":"BreadcrumbList","@id":"https:\/\/antderground.com\/pl\/produkt\/camponotus-mutilarius-xiangban\/#breadcrumb","itemListElement":[{"@type":"ListItem","position":1,"name":"Portada","item":"https:\/\/antderground.com\/pl\/"},{"@type":"ListItem","position":2,"name":"Sklep","item":"https:\/\/antderground.com\/pl\/sklep\/"},{"@type":"ListItem","position":3,"name":"Camponotus Mutilarius (Xiangban)"}]},{"@type":"WebSite","@id":"https:\/\/antderground.com\/pl\/#website","url":"https:\/\/antderground.com\/pl\/","name":"ANTDERGROUND","description":"Tu tienda de hormigas, gran variedad de hormigueros acr\u00edlicos,madera,arena,3D y mas.. Pide tus hormigas gratis con tu pedido, somos expertos en hormigueros antifugas.","publisher":{"@id":"https:\/\/antderground.com\/pl\/#\/schema\/person\/0e322c505e84fe72c65e2f6d08f96b81"},"alternateName":"Antderground","potentialAction":[{"@type":"SearchAction","target":{"@type":"EntryPoint","urlTemplate":"https:\/\/antderground.com\/pl\/?s={search_term_string}"},"query-input":{"@type":"PropertyValueSpecification","valueRequired":true,"valueName":"search_term_string"}}],"inLanguage":"pl-PL"},{"@type":["Person","Organization"],"@id":"https:\/\/antderground.com\/pl\/#\/schema\/person\/0e322c505e84fe72c65e2f6d08f96b81","name":"Eric de Antderground","image":{"@type":"ImageObject","inLanguage":"pl-PL","@id":"https:\/\/secure.gravatar.com\/avatar\/c49a1b9f79216d1498cb73c1e85cd47f4465dda35f2a94c03790d491bd4423c3?s=96&d=mm&r=g","url":"https:\/\/secure.gravatar.com\/avatar\/c49a1b9f79216d1498cb73c1e85cd47f4465dda35f2a94c03790d491bd4423c3?s=96&d=mm&r=g","contentUrl":"https:\/\/secure.gravatar.com\/avatar\/c49a1b9f79216d1498cb73c1e85cd47f4465dda35f2a94c03790d491bd4423c3?s=96&d=mm&r=g","caption":"Eric de Antderground"},"logo":{"@id":"https:\/\/secure.gravatar.com\/avatar\/c49a1b9f79216d1498cb73c1e85cd47f4465dda35f2a94c03790d491bd4423c3?s=96&d=mm&r=g"},"description":"Eric es el especialista y fundador de Antderground, con una amplia trayectoria en artr\u00f3podos y enfocado en la mirmecolog\u00eda y el dise\u00f1o de hormigueros artificiales. Su enfoque combina la innovaci\u00f3n t\u00e9cnica con el respeto por la biolog\u00eda de las hormigas, is\u00f3podos y otros, desarrollando sistemas de nidos modulares 3D y acr\u00edlicos que son referentes para aficionados y profesionales en toda Europa. Su objetivo es facilitar la cr\u00eda de hormigas y otros artr\u00f3podos mediante soluciones seguras y divulgaci\u00f3n de calidad.","sameAs":["https:\/\/antderground.com\/","https:\/\/www.youtube.com\/channel\/UCio72z7TlbufkAthAJIJfPw"]}]}},"_links":{"self":[{"href":"https:\/\/antderground.com\/pl\/wp-json\/wp\/v2\/product\/49854","targetHints":{"allow":["GET"]}}],"collection":[{"href":"https:\/\/antderground.com\/pl\/wp-json\/wp\/v2\/product"}],"about":[{"href":"https:\/\/antderground.com\/pl\/wp-json\/wp\/v2\/types\/product"}],"version-history":[{"count":0,"href":"https:\/\/antderground.com\/pl\/wp-json\/wp\/v2\/product\/49854\/revisions"}],"wp:featuredmedia":[{"embeddable":true,"href":"https:\/\/antderground.com\/pl\/wp-json\/wp\/v2\/media\/49855"}],"wp:attachment":[{"href":"https:\/\/antderground.com\/pl\/wp-json\/wp\/v2\/media?parent=49854"}],"wp:term":[{"taxonomy":"product_brand","embeddable":true,"href":"https:\/\/antderground.com\/pl\/wp-json\/wp\/v2\/product_brand?post=49854"},{"taxonomy":"product_cat","embeddable":true,"href":"https:\/\/antderground.com\/pl\/wp-json\/wp\/v2\/product_cat?post=49854"},{"taxonomy":"product_tag","embeddable":true,"href":"https:\/\/antderground.com\/pl\/wp-json\/wp\/v2\/product_tag?post=49854"}],"curies":[{"name":"wp","href":"https:\/\/api.w.org\/{rel}","templated":true}]}}