{"id":49911,"date":"2019-08-05T10:52:02","date_gmt":"2019-08-05T08:52:02","guid":{"rendered":"https:\/\/antderground.com\/producto\/camponotus-cruentatus\/"},"modified":"2019-08-05T10:52:02","modified_gmt":"2019-08-05T08:52:02","slug":"camponotus-cruentatus","status":"publish","type":"product","link":"https:\/\/antderground.com\/pl\/produkt\/camponotus-cruentatus\/","title":{"rendered":"Camponotus Cruentatus"},"content":{"rendered":"<p><strong>Nazwa naukowa:<\/strong> <em>Camponotus cruentatus<\/em><\/p>\n<p><strong>Klasyfikacja taksonomiczna:<\/strong><br \/>\nKr\u00f3lestwo: Animalia<br \/>\nTyp: Arthropoda<br \/>\nGromada: Insecta<br \/>\nRz\u0105d: Hymenoptera<br \/>\nRodzina: Formicidae<br \/>\nPodrodzina: Formicinae<br \/>\nRodzaj: <em>Camponotus<\/em><br \/>\nGatunek: <em>C. cruentatus<\/em><\/p>\n<p><strong>Rozmieszczenie geograficzne:<\/strong><br \/>\n<em>Camponotus cruentatus<\/em> wyst\u0119puje g\u0142\u00f3wnie w po\u0142udniowej Europie, w krajach takich jak Hiszpania, W\u0142ochy, Grecja oraz Turcja.<\/p>\n<p><strong>Cechy fizyczne:<\/strong><br \/>\nRobotnice <em>Camponotus cruentatus<\/em> osi\u0105gaj\u0105 zr\u00f3\u017cnicowane rozmiary, zazwyczaj od 5 do 12 mm d\u0142ugo\u015bci. Charakteryzuj\u0105 si\u0119 masywn\u0105 budow\u0105 cia\u0142a oraz stosunkowo du\u017c\u0105 g\u0142ow\u0105 w por\u00f3wnaniu do reszty cia\u0142a. Ubarwienie mo\u017ce si\u0119 r\u00f3\u017cni\u0107, jednak najcz\u0119\u015bciej przybiera odcienie czerwonawe lub ciemnobr\u0105zowe.<\/p>\n<p><strong>Zachowanie:<\/strong><br \/>\n<em>Camponotus cruentatus<\/em> jest gatunkiem g\u0142\u00f3wnie nocnym, co oznacza, \u017ce wykazuje najwi\u0119ksz\u0105 aktywno\u015b\u0107 po zmroku. S\u0105 to mr\u00f3wki wszystko\u017cerne, \u017cywi\u0105ce si\u0119 nektarem, sokami owocowymi oraz okazjonalnie drobnymi owadami. Gniazda buduj\u0105 w pr\u00f3chniej\u0105cym drewnie, szczelinach kory drzew lub w glebie.<\/p>\n<p><strong>Stan ochrony:<\/strong><br \/>\nBrak szczeg\u00f3\u0142owych informacji dotycz\u0105cych stanu ochrony <em>Camponotus cruentatus<\/em>.<\/p>\n<p><strong>Dodatkowe informacje:<\/strong><br \/>\n<em>Camponotus cruentatus<\/em> jest znana ze swojego charakterystycznego ubarwienia oraz stosunkowo du\u017cych rozmiar\u00f3w. W niekt\u00f3rych przypadkach mo\u017ce by\u0107 uznawana za szkodnika, poniewa\u017c bywa zdolna do uszkadzania drewnianych element\u00f3w konstrukcyjnych. W \u015brodowisku naturalnym odgrywa istotn\u0105 rol\u0119 w procesach rozk\u0142adu materii organicznej oraz w interakcjach z innymi gatunkami w swoim ekosystemie.<\/p>\n<p>Wszystkie oferowane przez nas mr\u00f3wki przechodz\u0105 okres kwarantanny w celu zapewnienia ich dobrej kondycji. Dlatego te\u017c, decyduj\u0105c si\u0119 na zakup jednej z oferowanych przez Antderground gatunk\u00f3w, zapewniamy gwarancj\u0119 jako\u015bci.<\/p>\n","protected":false},"excerpt":{"rendered":"<p>Nazwa naukowa: Camponotus cruentatus Klasyfikacja taksonomiczna: Kr\u00f3lestwo: Animalia Typ: Arthropoda Gromada: Insecta Rz\u0105d: Hymenoptera Rodzina: Formicidae Podrodzina: Formicinae Rodzaj: Camponotus<\/p>\n","protected":false},"featured_media":49914,"template":"","meta":[],"product_brand":[],"product_cat":[815,816],"product_tag":[],"class_list":{"0":"post-49911","1":"product","2":"type-product","3":"status-publish","4":"has-post-thumbnail","6":"product_cat-mrowki","7":"product_cat-europejskie","9":"first","10":"outofstock","11":"shipping-taxable","12":"purchasable","13":"product-type-variable"},"yoast_head":"<!-- This site is optimized with the Yoast SEO plugin v27.4 - https:\/\/yoast.com\/product\/yoast-seo-wordpress\/ -->\n<title>Camponotus Cruentatus - ANTDERGROUND<\/title>\n<meta name=\"description\" content=\"Odkryj kr\u00f3low\u0105 Camponotus cruentatus \u2013 gatunek idealny do za\u0142o\u017cenia Twojego pierwszego formikarium lub terrarium dla mr\u00f3wek.\" \/>\n<meta name=\"robots\" content=\"index, follow, max-snippet:-1, max-image-preview:large, max-video-preview:-1\" \/>\n<link rel=\"canonical\" href=\"https:\/\/antderground.com\/pl\/produkt\/camponotus-cruentatus\/\" \/>\n<meta property=\"og:locale\" content=\"pl_PL\" \/>\n<meta property=\"og:type\" content=\"article\" \/>\n<meta property=\"og:title\" content=\"Camponotus Cruentatus - ANTDERGROUND\" \/>\n<meta property=\"og:description\" content=\"Odkryj kr\u00f3low\u0105 Camponotus cruentatus \u2013 gatunek idealny do za\u0142o\u017cenia Twojego pierwszego formikarium lub terrarium dla mr\u00f3wek.\" \/>\n<meta property=\"og:url\" content=\"https:\/\/antderground.com\/pl\/produkt\/camponotus-cruentatus\/\" \/>\n<meta property=\"og:site_name\" content=\"ANTDERGROUND\" \/>\n<meta property=\"og:image\" content=\"https:\/\/antderground.com\/wp-content\/uploads\/2019\/08\/Imagen-de-WhatsApp-2023-07-05-a-las-17.00.40.jpg\" \/>\n\t<meta property=\"og:image:width\" content=\"1417\" \/>\n\t<meta property=\"og:image:height\" content=\"1417\" \/>\n\t<meta property=\"og:image:type\" content=\"image\/jpeg\" \/>\n<meta name=\"twitter:card\" content=\"summary_large_image\" \/>\n<meta name=\"twitter:label1\" content=\"Szacowany czas czytania\" \/>\n\t<meta name=\"twitter:data1\" content=\"1 minuta\" \/>\n<script type=\"application\/ld+json\" class=\"yoast-schema-graph\">{\"@context\":\"https:\\\/\\\/schema.org\",\"@graph\":[{\"@type\":\"WebPage\",\"@id\":\"https:\\\/\\\/antderground.com\\\/pl\\\/produkt\\\/camponotus-cruentatus\\\/\",\"url\":\"https:\\\/\\\/antderground.com\\\/pl\\\/produkt\\\/camponotus-cruentatus\\\/\",\"name\":\"Camponotus Cruentatus - ANTDERGROUND\",\"isPartOf\":{\"@id\":\"https:\\\/\\\/antderground.com\\\/pl\\\/#website\"},\"primaryImageOfPage\":{\"@id\":\"https:\\\/\\\/antderground.com\\\/pl\\\/produkt\\\/camponotus-cruentatus\\\/#primaryimage\"},\"image\":{\"@id\":\"https:\\\/\\\/antderground.com\\\/pl\\\/produkt\\\/camponotus-cruentatus\\\/#primaryimage\"},\"thumbnailUrl\":\"https:\\\/\\\/antderground.com\\\/wp-content\\\/uploads\\\/2019\\\/08\\\/Imagen-de-WhatsApp-2023-07-05-a-las-17.00.40.jpg\",\"datePublished\":\"2019-08-05T08:52:02+00:00\",\"description\":\"Odkryj kr\u00f3low\u0105 Camponotus cruentatus \u2013 gatunek idealny do za\u0142o\u017cenia Twojego pierwszego formikarium lub terrarium dla mr\u00f3wek.\",\"breadcrumb\":{\"@id\":\"https:\\\/\\\/antderground.com\\\/pl\\\/produkt\\\/camponotus-cruentatus\\\/#breadcrumb\"},\"inLanguage\":\"pl-PL\",\"potentialAction\":[{\"@type\":\"ReadAction\",\"target\":[\"https:\\\/\\\/antderground.com\\\/pl\\\/produkt\\\/camponotus-cruentatus\\\/\"]}]},{\"@type\":\"ImageObject\",\"inLanguage\":\"pl-PL\",\"@id\":\"https:\\\/\\\/antderground.com\\\/pl\\\/produkt\\\/camponotus-cruentatus\\\/#primaryimage\",\"url\":\"https:\\\/\\\/antderground.com\\\/wp-content\\\/uploads\\\/2019\\\/08\\\/Imagen-de-WhatsApp-2023-07-05-a-las-17.00.40.jpg\",\"contentUrl\":\"https:\\\/\\\/antderground.com\\\/wp-content\\\/uploads\\\/2019\\\/08\\\/Imagen-de-WhatsApp-2023-07-05-a-las-17.00.40.jpg\",\"width\":1417,\"height\":1417},{\"@type\":\"BreadcrumbList\",\"@id\":\"https:\\\/\\\/antderground.com\\\/pl\\\/produkt\\\/camponotus-cruentatus\\\/#breadcrumb\",\"itemListElement\":[{\"@type\":\"ListItem\",\"position\":1,\"name\":\"Portada\",\"item\":\"https:\\\/\\\/antderground.com\\\/pl\\\/\"},{\"@type\":\"ListItem\",\"position\":2,\"name\":\"Sklep\",\"item\":\"https:\\\/\\\/antderground.com\\\/pl\\\/sklep\\\/\"},{\"@type\":\"ListItem\",\"position\":3,\"name\":\"Camponotus Cruentatus\"}]},{\"@type\":\"WebSite\",\"@id\":\"https:\\\/\\\/antderground.com\\\/pl\\\/#website\",\"url\":\"https:\\\/\\\/antderground.com\\\/pl\\\/\",\"name\":\"ANTDERGROUND\",\"description\":\"Tu tienda de hormigas, gran variedad de hormigueros acr\u00edlicos,madera,arena,3D y mas.. Pide tus hormigas gratis con tu pedido, somos expertos en hormigueros antifugas.\",\"publisher\":{\"@id\":\"https:\\\/\\\/antderground.com\\\/pl\\\/#\\\/schema\\\/person\\\/0e322c505e84fe72c65e2f6d08f96b81\"},\"alternateName\":\"Antderground\",\"potentialAction\":[{\"@type\":\"SearchAction\",\"target\":{\"@type\":\"EntryPoint\",\"urlTemplate\":\"https:\\\/\\\/antderground.com\\\/pl\\\/?s={search_term_string}\"},\"query-input\":{\"@type\":\"PropertyValueSpecification\",\"valueRequired\":true,\"valueName\":\"search_term_string\"}}],\"inLanguage\":\"pl-PL\"},{\"@type\":[\"Person\",\"Organization\"],\"@id\":\"https:\\\/\\\/antderground.com\\\/pl\\\/#\\\/schema\\\/person\\\/0e322c505e84fe72c65e2f6d08f96b81\",\"name\":\"Eric de Antderground\",\"image\":{\"@type\":\"ImageObject\",\"inLanguage\":\"pl-PL\",\"@id\":\"https:\\\/\\\/secure.gravatar.com\\\/avatar\\\/c49a1b9f79216d1498cb73c1e85cd47f4465dda35f2a94c03790d491bd4423c3?s=96&d=mm&r=g\",\"url\":\"https:\\\/\\\/secure.gravatar.com\\\/avatar\\\/c49a1b9f79216d1498cb73c1e85cd47f4465dda35f2a94c03790d491bd4423c3?s=96&d=mm&r=g\",\"contentUrl\":\"https:\\\/\\\/secure.gravatar.com\\\/avatar\\\/c49a1b9f79216d1498cb73c1e85cd47f4465dda35f2a94c03790d491bd4423c3?s=96&d=mm&r=g\",\"caption\":\"Eric de Antderground\"},\"logo\":{\"@id\":\"https:\\\/\\\/secure.gravatar.com\\\/avatar\\\/c49a1b9f79216d1498cb73c1e85cd47f4465dda35f2a94c03790d491bd4423c3?s=96&d=mm&r=g\"},\"description\":\"Eric es el especialista y fundador de Antderground, con una amplia trayectoria en artr\u00f3podos y enfocado en la mirmecolog\u00eda y el dise\u00f1o de hormigueros artificiales. Su enfoque combina la innovaci\u00f3n t\u00e9cnica con el respeto por la biolog\u00eda de las hormigas, is\u00f3podos y otros, desarrollando sistemas de nidos modulares 3D y acr\u00edlicos que son referentes para aficionados y profesionales en toda Europa. Su objetivo es facilitar la cr\u00eda de hormigas y otros artr\u00f3podos mediante soluciones seguras y divulgaci\u00f3n de calidad.\",\"sameAs\":[\"https:\\\/\\\/antderground.com\\\/\",\"https:\\\/\\\/www.youtube.com\\\/channel\\\/UCio72z7TlbufkAthAJIJfPw\"]}]}<\/script>\n<!-- \/ Yoast SEO plugin. -->","yoast_head_json":{"title":"Camponotus Cruentatus - ANTDERGROUND","description":"Odkryj kr\u00f3low\u0105 Camponotus cruentatus \u2013 gatunek idealny do za\u0142o\u017cenia Twojego pierwszego formikarium lub terrarium dla mr\u00f3wek.","robots":{"index":"index","follow":"follow","max-snippet":"max-snippet:-1","max-image-preview":"max-image-preview:large","max-video-preview":"max-video-preview:-1"},"canonical":"https:\/\/antderground.com\/pl\/produkt\/camponotus-cruentatus\/","og_locale":"pl_PL","og_type":"article","og_title":"Camponotus Cruentatus - ANTDERGROUND","og_description":"Odkryj kr\u00f3low\u0105 Camponotus cruentatus \u2013 gatunek idealny do za\u0142o\u017cenia Twojego pierwszego formikarium lub terrarium dla mr\u00f3wek.","og_url":"https:\/\/antderground.com\/pl\/produkt\/camponotus-cruentatus\/","og_site_name":"ANTDERGROUND","og_image":[{"width":1417,"height":1417,"url":"https:\/\/antderground.com\/wp-content\/uploads\/2019\/08\/Imagen-de-WhatsApp-2023-07-05-a-las-17.00.40.jpg","type":"image\/jpeg"}],"twitter_card":"summary_large_image","twitter_misc":{"Szacowany czas czytania":"1 minuta"},"schema":{"@context":"https:\/\/schema.org","@graph":[{"@type":"WebPage","@id":"https:\/\/antderground.com\/pl\/produkt\/camponotus-cruentatus\/","url":"https:\/\/antderground.com\/pl\/produkt\/camponotus-cruentatus\/","name":"Camponotus Cruentatus - ANTDERGROUND","isPartOf":{"@id":"https:\/\/antderground.com\/pl\/#website"},"primaryImageOfPage":{"@id":"https:\/\/antderground.com\/pl\/produkt\/camponotus-cruentatus\/#primaryimage"},"image":{"@id":"https:\/\/antderground.com\/pl\/produkt\/camponotus-cruentatus\/#primaryimage"},"thumbnailUrl":"https:\/\/antderground.com\/wp-content\/uploads\/2019\/08\/Imagen-de-WhatsApp-2023-07-05-a-las-17.00.40.jpg","datePublished":"2019-08-05T08:52:02+00:00","description":"Odkryj kr\u00f3low\u0105 Camponotus cruentatus \u2013 gatunek idealny do za\u0142o\u017cenia Twojego pierwszego formikarium lub terrarium dla mr\u00f3wek.","breadcrumb":{"@id":"https:\/\/antderground.com\/pl\/produkt\/camponotus-cruentatus\/#breadcrumb"},"inLanguage":"pl-PL","potentialAction":[{"@type":"ReadAction","target":["https:\/\/antderground.com\/pl\/produkt\/camponotus-cruentatus\/"]}]},{"@type":"ImageObject","inLanguage":"pl-PL","@id":"https:\/\/antderground.com\/pl\/produkt\/camponotus-cruentatus\/#primaryimage","url":"https:\/\/antderground.com\/wp-content\/uploads\/2019\/08\/Imagen-de-WhatsApp-2023-07-05-a-las-17.00.40.jpg","contentUrl":"https:\/\/antderground.com\/wp-content\/uploads\/2019\/08\/Imagen-de-WhatsApp-2023-07-05-a-las-17.00.40.jpg","width":1417,"height":1417},{"@type":"BreadcrumbList","@id":"https:\/\/antderground.com\/pl\/produkt\/camponotus-cruentatus\/#breadcrumb","itemListElement":[{"@type":"ListItem","position":1,"name":"Portada","item":"https:\/\/antderground.com\/pl\/"},{"@type":"ListItem","position":2,"name":"Sklep","item":"https:\/\/antderground.com\/pl\/sklep\/"},{"@type":"ListItem","position":3,"name":"Camponotus Cruentatus"}]},{"@type":"WebSite","@id":"https:\/\/antderground.com\/pl\/#website","url":"https:\/\/antderground.com\/pl\/","name":"ANTDERGROUND","description":"Tu tienda de hormigas, gran variedad de hormigueros acr\u00edlicos,madera,arena,3D y mas.. Pide tus hormigas gratis con tu pedido, somos expertos en hormigueros antifugas.","publisher":{"@id":"https:\/\/antderground.com\/pl\/#\/schema\/person\/0e322c505e84fe72c65e2f6d08f96b81"},"alternateName":"Antderground","potentialAction":[{"@type":"SearchAction","target":{"@type":"EntryPoint","urlTemplate":"https:\/\/antderground.com\/pl\/?s={search_term_string}"},"query-input":{"@type":"PropertyValueSpecification","valueRequired":true,"valueName":"search_term_string"}}],"inLanguage":"pl-PL"},{"@type":["Person","Organization"],"@id":"https:\/\/antderground.com\/pl\/#\/schema\/person\/0e322c505e84fe72c65e2f6d08f96b81","name":"Eric de Antderground","image":{"@type":"ImageObject","inLanguage":"pl-PL","@id":"https:\/\/secure.gravatar.com\/avatar\/c49a1b9f79216d1498cb73c1e85cd47f4465dda35f2a94c03790d491bd4423c3?s=96&d=mm&r=g","url":"https:\/\/secure.gravatar.com\/avatar\/c49a1b9f79216d1498cb73c1e85cd47f4465dda35f2a94c03790d491bd4423c3?s=96&d=mm&r=g","contentUrl":"https:\/\/secure.gravatar.com\/avatar\/c49a1b9f79216d1498cb73c1e85cd47f4465dda35f2a94c03790d491bd4423c3?s=96&d=mm&r=g","caption":"Eric de Antderground"},"logo":{"@id":"https:\/\/secure.gravatar.com\/avatar\/c49a1b9f79216d1498cb73c1e85cd47f4465dda35f2a94c03790d491bd4423c3?s=96&d=mm&r=g"},"description":"Eric es el especialista y fundador de Antderground, con una amplia trayectoria en artr\u00f3podos y enfocado en la mirmecolog\u00eda y el dise\u00f1o de hormigueros artificiales. Su enfoque combina la innovaci\u00f3n t\u00e9cnica con el respeto por la biolog\u00eda de las hormigas, is\u00f3podos y otros, desarrollando sistemas de nidos modulares 3D y acr\u00edlicos que son referentes para aficionados y profesionales en toda Europa. Su objetivo es facilitar la cr\u00eda de hormigas y otros artr\u00f3podos mediante soluciones seguras y divulgaci\u00f3n de calidad.","sameAs":["https:\/\/antderground.com\/","https:\/\/www.youtube.com\/channel\/UCio72z7TlbufkAthAJIJfPw"]}]}},"_links":{"self":[{"href":"https:\/\/antderground.com\/pl\/wp-json\/wp\/v2\/product\/49911","targetHints":{"allow":["GET"]}}],"collection":[{"href":"https:\/\/antderground.com\/pl\/wp-json\/wp\/v2\/product"}],"about":[{"href":"https:\/\/antderground.com\/pl\/wp-json\/wp\/v2\/types\/product"}],"version-history":[{"count":0,"href":"https:\/\/antderground.com\/pl\/wp-json\/wp\/v2\/product\/49911\/revisions"}],"wp:featuredmedia":[{"embeddable":true,"href":"https:\/\/antderground.com\/pl\/wp-json\/wp\/v2\/media\/49914"}],"wp:attachment":[{"href":"https:\/\/antderground.com\/pl\/wp-json\/wp\/v2\/media?parent=49911"}],"wp:term":[{"taxonomy":"product_brand","embeddable":true,"href":"https:\/\/antderground.com\/pl\/wp-json\/wp\/v2\/product_brand?post=49911"},{"taxonomy":"product_cat","embeddable":true,"href":"https:\/\/antderground.com\/pl\/wp-json\/wp\/v2\/product_cat?post=49911"},{"taxonomy":"product_tag","embeddable":true,"href":"https:\/\/antderground.com\/pl\/wp-json\/wp\/v2\/product_tag?post=49911"}],"curies":[{"name":"wp","href":"https:\/\/api.w.org\/{rel}","templated":true}]}}