{"id":50004,"date":"2021-09-21T20:50:46","date_gmt":"2021-09-21T18:50:46","guid":{"rendered":"https:\/\/antderground.com\/producto\/meranoplus-bicolor\/"},"modified":"2021-09-21T20:50:46","modified_gmt":"2021-09-21T18:50:46","slug":"meranoplus-bicolor","status":"publish","type":"product","link":"https:\/\/antderground.com\/pl\/produkt\/meranoplus-bicolor\/","title":{"rendered":"Meranoplus Bicolor"},"content":{"rendered":"<p><strong>Nazwa naukowa:<\/strong><\/p>\n<ul>\n<li>Nazwa naukowa: <em>Meranoplus bicolor<\/em><\/li>\n<\/ul>\n<p><strong>Rodzina, Rodzaj i Gatunek:<\/strong><\/p>\n<ul>\n<li>Rodzina: Formicidae<\/li>\n<li>Rodzaj: <em>Meranoplus<\/em><\/li>\n<li>Gatunek: <em>bicolor<\/em><\/li>\n<\/ul>\n<p><strong>Opis og\u00f3lny:<\/strong><\/p>\n<ul>\n<li>Mr\u00f3wki z gatunku <em>Meranoplus bicolor<\/em> s\u0105 stosunkowo niewielkie i zazwyczaj osi\u0105gaj\u0105 d\u0142ugo\u015b\u0107 od 3 do 5 mm. Charakteryzuj\u0105 si\u0119 ciemnym, najcz\u0119\u015bciej czarnym ubarwieniem cia\u0142a, z ja\u015bniejszymi, \u017c\u00f3\u0142tawymi akcentami na niekt\u00f3rych jego cz\u0119\u015bciach, takich jak odw\u0142ok lub odn\u00f3\u017ca.<\/li>\n<\/ul>\n<p><strong>Siedlisko i rozmieszczenie:<\/strong><\/p>\n<ul>\n<li>Wyst\u0119puj\u0105 g\u0142\u00f3wnie w regionach tropikalnych i subtropikalnych, gdzie zasiedlaj\u0105 r\u00f3\u017cnorodne \u015brodowiska, takie jak lasy, d\u017cungle oraz obszary zurbanizowane. Ich rozmieszczenie mo\u017ce r\u00f3\u017cni\u0107 si\u0119 w zale\u017cno\u015bci od regionu geograficznego, jednak najcz\u0119\u015bciej spotykane s\u0105 na terenach o g\u0119stej ro\u015blinno\u015bci i ciep\u0142ym klimacie.<\/li>\n<\/ul>\n<p><strong>Zachowanie i od\u017cywianie:<\/strong><\/p>\n<ul>\n<li>S\u0105 mr\u00f3wkami wszystko\u017cernymi, co oznacza, \u017ce ich dieta obejmuje r\u00f3\u017cnorodne \u017ar\u00f3d\u0142a pokarmu, w tym martwe owady, nektar, a niekiedy r\u00f3wnie\u017c \u017cywe ofiary. Wyr\u00f3\u017cniaj\u0105 si\u0119 wysokim stopniem organizacji spo\u0142ecznej \u2013 w kolonii poszczeg\u00f3lne osobniki pe\u0142ni\u0105 okre\u015blone funkcje, zapewniaj\u0105ce sprawne funkcjonowanie ca\u0142ej spo\u0142eczno\u015bci.<\/li>\n<\/ul>\n<p><strong>Znaczenie ekologiczne:<\/strong><\/p>\n<ul>\n<li>Podobnie jak inne gatunki mr\u00f3wek, <em>Meranoplus bicolor<\/em> odgrywa istotn\u0105 rol\u0119 w ekosystemie. Przyczynia si\u0119 do rozsiewania nasion, napowietrzania gleby oraz regulacji populacji innych owad\u00f3w. Ich obecno\u015b\u0107 i aktywno\u015b\u0107 wp\u0142ywaj\u0105 na struktur\u0119 oraz funkcjonowanie \u015brodowisk, w kt\u00f3rych wyst\u0119puj\u0105.<\/li>\n<\/ul>\n","protected":false},"excerpt":{"rendered":"<p>Nazwa naukowa: Nazwa naukowa: Meranoplus bicolor Rodzina, Rodzaj i Gatunek: Rodzina: Formicidae Rodzaj: Meranoplus Gatunek: bicolor Opis og\u00f3lny: Mr\u00f3wki z<\/p>\n","protected":false},"featured_media":50007,"template":"","meta":[],"product_brand":[],"product_cat":[815,817],"product_tag":[],"class_list":{"0":"post-50004","1":"product","2":"type-product","3":"status-publish","4":"has-post-thumbnail","6":"product_cat-mrowki","7":"product_cat-egzotyczne","9":"first","10":"outofstock","11":"sale","12":"shipping-taxable","13":"purchasable","14":"product-type-variable"},"yoast_head":"<!-- This site is optimized with the Yoast SEO plugin v27.5 - https:\/\/yoast.com\/product\/yoast-seo-wordpress\/ -->\n<title>Meranoplus Bicolor | Mr\u00f3wka egzotyczna - ANTDERGROUND<\/title>\n<meta name=\"description\" content=\"Odkryj egzotyczn\u0105 mr\u00f3wk\u0119 z gatunku Meranoplus bicolor \u2013 znajd\u017a opcje zakupu ca\u0142ej kolonii mr\u00f3wek z tej wyj\u0105tkowej rodziny (Formicidae).\" \/>\n<meta name=\"robots\" content=\"index, follow, max-snippet:-1, max-image-preview:large, max-video-preview:-1\" \/>\n<link rel=\"canonical\" href=\"https:\/\/antderground.com\/pl\/produkt\/meranoplus-bicolor\/\" \/>\n<meta property=\"og:locale\" content=\"pl_PL\" \/>\n<meta property=\"og:type\" content=\"article\" \/>\n<meta property=\"og:title\" content=\"Meranoplus Bicolor | Mr\u00f3wka egzotyczna - ANTDERGROUND\" \/>\n<meta property=\"og:description\" content=\"Odkryj egzotyczn\u0105 mr\u00f3wk\u0119 z gatunku Meranoplus bicolor \u2013 znajd\u017a opcje zakupu ca\u0142ej kolonii mr\u00f3wek z tej wyj\u0105tkowej rodziny (Formicidae).\" \/>\n<meta property=\"og:url\" content=\"https:\/\/antderground.com\/pl\/produkt\/meranoplus-bicolor\/\" \/>\n<meta property=\"og:site_name\" content=\"ANTDERGROUND\" \/>\n<meta property=\"og:image\" content=\"https:\/\/antderground.com\/wp-content\/uploads\/2021\/09\/Meranoplus-Bicolor-1.jpg\" \/>\n\t<meta property=\"og:image:width\" content=\"1417\" \/>\n\t<meta property=\"og:image:height\" content=\"1417\" \/>\n\t<meta property=\"og:image:type\" content=\"image\/jpeg\" \/>\n<meta name=\"twitter:card\" content=\"summary_large_image\" \/>\n<meta name=\"twitter:label1\" content=\"Szacowany czas czytania\" \/>\n\t<meta name=\"twitter:data1\" content=\"1 minuta\" \/>\n<script type=\"application\/ld+json\" class=\"yoast-schema-graph\">{\"@context\":\"https:\\\/\\\/schema.org\",\"@graph\":[{\"@type\":\"WebPage\",\"@id\":\"https:\\\/\\\/antderground.com\\\/pl\\\/produkt\\\/meranoplus-bicolor\\\/\",\"url\":\"https:\\\/\\\/antderground.com\\\/pl\\\/produkt\\\/meranoplus-bicolor\\\/\",\"name\":\"Meranoplus Bicolor | Mr\u00f3wka egzotyczna - ANTDERGROUND\",\"isPartOf\":{\"@id\":\"https:\\\/\\\/antderground.com\\\/pl\\\/#website\"},\"primaryImageOfPage\":{\"@id\":\"https:\\\/\\\/antderground.com\\\/pl\\\/produkt\\\/meranoplus-bicolor\\\/#primaryimage\"},\"image\":{\"@id\":\"https:\\\/\\\/antderground.com\\\/pl\\\/produkt\\\/meranoplus-bicolor\\\/#primaryimage\"},\"thumbnailUrl\":\"https:\\\/\\\/antderground.com\\\/wp-content\\\/uploads\\\/2021\\\/09\\\/Meranoplus-Bicolor-1.jpg\",\"datePublished\":\"2021-09-21T18:50:46+00:00\",\"description\":\"Odkryj egzotyczn\u0105 mr\u00f3wk\u0119 z gatunku Meranoplus bicolor \u2013 znajd\u017a opcje zakupu ca\u0142ej kolonii mr\u00f3wek z tej wyj\u0105tkowej rodziny (Formicidae).\",\"breadcrumb\":{\"@id\":\"https:\\\/\\\/antderground.com\\\/pl\\\/produkt\\\/meranoplus-bicolor\\\/#breadcrumb\"},\"inLanguage\":\"pl-PL\",\"potentialAction\":[{\"@type\":\"ReadAction\",\"target\":[\"https:\\\/\\\/antderground.com\\\/pl\\\/produkt\\\/meranoplus-bicolor\\\/\"]}]},{\"@type\":\"ImageObject\",\"inLanguage\":\"pl-PL\",\"@id\":\"https:\\\/\\\/antderground.com\\\/pl\\\/produkt\\\/meranoplus-bicolor\\\/#primaryimage\",\"url\":\"https:\\\/\\\/antderground.com\\\/wp-content\\\/uploads\\\/2021\\\/09\\\/Meranoplus-Bicolor-1.jpg\",\"contentUrl\":\"https:\\\/\\\/antderground.com\\\/wp-content\\\/uploads\\\/2021\\\/09\\\/Meranoplus-Bicolor-1.jpg\",\"width\":1417,\"height\":1417,\"caption\":\"hormiga ex\u00f3tica Meranoplus Bicolor\"},{\"@type\":\"BreadcrumbList\",\"@id\":\"https:\\\/\\\/antderground.com\\\/pl\\\/produkt\\\/meranoplus-bicolor\\\/#breadcrumb\",\"itemListElement\":[{\"@type\":\"ListItem\",\"position\":1,\"name\":\"Portada\",\"item\":\"https:\\\/\\\/antderground.com\\\/pl\\\/\"},{\"@type\":\"ListItem\",\"position\":2,\"name\":\"Sklep\",\"item\":\"https:\\\/\\\/antderground.com\\\/pl\\\/sklep\\\/\"},{\"@type\":\"ListItem\",\"position\":3,\"name\":\"Meranoplus Bicolor\"}]},{\"@type\":\"WebSite\",\"@id\":\"https:\\\/\\\/antderground.com\\\/pl\\\/#website\",\"url\":\"https:\\\/\\\/antderground.com\\\/pl\\\/\",\"name\":\"ANTDERGROUND\",\"description\":\"Tu tienda de hormigas, gran variedad de hormigueros acr\u00edlicos,madera,arena,3D y mas.. Pide tus hormigas gratis con tu pedido, somos expertos en hormigueros antifugas.\",\"publisher\":{\"@id\":\"https:\\\/\\\/antderground.com\\\/pl\\\/#\\\/schema\\\/person\\\/0e322c505e84fe72c65e2f6d08f96b81\"},\"alternateName\":\"Antderground\",\"potentialAction\":[{\"@type\":\"SearchAction\",\"target\":{\"@type\":\"EntryPoint\",\"urlTemplate\":\"https:\\\/\\\/antderground.com\\\/pl\\\/?s={search_term_string}\"},\"query-input\":{\"@type\":\"PropertyValueSpecification\",\"valueRequired\":true,\"valueName\":\"search_term_string\"}}],\"inLanguage\":\"pl-PL\"},{\"@type\":[\"Person\",\"Organization\"],\"@id\":\"https:\\\/\\\/antderground.com\\\/pl\\\/#\\\/schema\\\/person\\\/0e322c505e84fe72c65e2f6d08f96b81\",\"name\":\"Eric de Antderground\",\"image\":{\"@type\":\"ImageObject\",\"inLanguage\":\"pl-PL\",\"@id\":\"https:\\\/\\\/secure.gravatar.com\\\/avatar\\\/c49a1b9f79216d1498cb73c1e85cd47f4465dda35f2a94c03790d491bd4423c3?s=96&d=mm&r=g\",\"url\":\"https:\\\/\\\/secure.gravatar.com\\\/avatar\\\/c49a1b9f79216d1498cb73c1e85cd47f4465dda35f2a94c03790d491bd4423c3?s=96&d=mm&r=g\",\"contentUrl\":\"https:\\\/\\\/secure.gravatar.com\\\/avatar\\\/c49a1b9f79216d1498cb73c1e85cd47f4465dda35f2a94c03790d491bd4423c3?s=96&d=mm&r=g\",\"caption\":\"Eric de Antderground\"},\"logo\":{\"@id\":\"https:\\\/\\\/secure.gravatar.com\\\/avatar\\\/c49a1b9f79216d1498cb73c1e85cd47f4465dda35f2a94c03790d491bd4423c3?s=96&d=mm&r=g\"},\"description\":\"Eric es el especialista y fundador de Antderground, con una amplia trayectoria en artr\u00f3podos y enfocado en la mirmecolog\u00eda y el dise\u00f1o de hormigueros artificiales. Su enfoque combina la innovaci\u00f3n t\u00e9cnica con el respeto por la biolog\u00eda de las hormigas, is\u00f3podos y otros, desarrollando sistemas de nidos modulares 3D y acr\u00edlicos que son referentes para aficionados y profesionales en toda Europa. Su objetivo es facilitar la cr\u00eda de hormigas y otros artr\u00f3podos mediante soluciones seguras y divulgaci\u00f3n de calidad.\",\"sameAs\":[\"https:\\\/\\\/antderground.com\\\/\",\"https:\\\/\\\/www.youtube.com\\\/channel\\\/UCio72z7TlbufkAthAJIJfPw\"]}]}<\/script>\n<!-- \/ Yoast SEO plugin. -->","yoast_head_json":{"title":"Meranoplus Bicolor | Mr\u00f3wka egzotyczna - ANTDERGROUND","description":"Odkryj egzotyczn\u0105 mr\u00f3wk\u0119 z gatunku Meranoplus bicolor \u2013 znajd\u017a opcje zakupu ca\u0142ej kolonii mr\u00f3wek z tej wyj\u0105tkowej rodziny (Formicidae).","robots":{"index":"index","follow":"follow","max-snippet":"max-snippet:-1","max-image-preview":"max-image-preview:large","max-video-preview":"max-video-preview:-1"},"canonical":"https:\/\/antderground.com\/pl\/produkt\/meranoplus-bicolor\/","og_locale":"pl_PL","og_type":"article","og_title":"Meranoplus Bicolor | Mr\u00f3wka egzotyczna - ANTDERGROUND","og_description":"Odkryj egzotyczn\u0105 mr\u00f3wk\u0119 z gatunku Meranoplus bicolor \u2013 znajd\u017a opcje zakupu ca\u0142ej kolonii mr\u00f3wek z tej wyj\u0105tkowej rodziny (Formicidae).","og_url":"https:\/\/antderground.com\/pl\/produkt\/meranoplus-bicolor\/","og_site_name":"ANTDERGROUND","og_image":[{"width":1417,"height":1417,"url":"https:\/\/antderground.com\/wp-content\/uploads\/2021\/09\/Meranoplus-Bicolor-1.jpg","type":"image\/jpeg"}],"twitter_card":"summary_large_image","twitter_misc":{"Szacowany czas czytania":"1 minuta"},"schema":{"@context":"https:\/\/schema.org","@graph":[{"@type":"WebPage","@id":"https:\/\/antderground.com\/pl\/produkt\/meranoplus-bicolor\/","url":"https:\/\/antderground.com\/pl\/produkt\/meranoplus-bicolor\/","name":"Meranoplus Bicolor | Mr\u00f3wka egzotyczna - ANTDERGROUND","isPartOf":{"@id":"https:\/\/antderground.com\/pl\/#website"},"primaryImageOfPage":{"@id":"https:\/\/antderground.com\/pl\/produkt\/meranoplus-bicolor\/#primaryimage"},"image":{"@id":"https:\/\/antderground.com\/pl\/produkt\/meranoplus-bicolor\/#primaryimage"},"thumbnailUrl":"https:\/\/antderground.com\/wp-content\/uploads\/2021\/09\/Meranoplus-Bicolor-1.jpg","datePublished":"2021-09-21T18:50:46+00:00","description":"Odkryj egzotyczn\u0105 mr\u00f3wk\u0119 z gatunku Meranoplus bicolor \u2013 znajd\u017a opcje zakupu ca\u0142ej kolonii mr\u00f3wek z tej wyj\u0105tkowej rodziny (Formicidae).","breadcrumb":{"@id":"https:\/\/antderground.com\/pl\/produkt\/meranoplus-bicolor\/#breadcrumb"},"inLanguage":"pl-PL","potentialAction":[{"@type":"ReadAction","target":["https:\/\/antderground.com\/pl\/produkt\/meranoplus-bicolor\/"]}]},{"@type":"ImageObject","inLanguage":"pl-PL","@id":"https:\/\/antderground.com\/pl\/produkt\/meranoplus-bicolor\/#primaryimage","url":"https:\/\/antderground.com\/wp-content\/uploads\/2021\/09\/Meranoplus-Bicolor-1.jpg","contentUrl":"https:\/\/antderground.com\/wp-content\/uploads\/2021\/09\/Meranoplus-Bicolor-1.jpg","width":1417,"height":1417,"caption":"hormiga ex\u00f3tica Meranoplus Bicolor"},{"@type":"BreadcrumbList","@id":"https:\/\/antderground.com\/pl\/produkt\/meranoplus-bicolor\/#breadcrumb","itemListElement":[{"@type":"ListItem","position":1,"name":"Portada","item":"https:\/\/antderground.com\/pl\/"},{"@type":"ListItem","position":2,"name":"Sklep","item":"https:\/\/antderground.com\/pl\/sklep\/"},{"@type":"ListItem","position":3,"name":"Meranoplus Bicolor"}]},{"@type":"WebSite","@id":"https:\/\/antderground.com\/pl\/#website","url":"https:\/\/antderground.com\/pl\/","name":"ANTDERGROUND","description":"Tu tienda de hormigas, gran variedad de hormigueros acr\u00edlicos,madera,arena,3D y mas.. Pide tus hormigas gratis con tu pedido, somos expertos en hormigueros antifugas.","publisher":{"@id":"https:\/\/antderground.com\/pl\/#\/schema\/person\/0e322c505e84fe72c65e2f6d08f96b81"},"alternateName":"Antderground","potentialAction":[{"@type":"SearchAction","target":{"@type":"EntryPoint","urlTemplate":"https:\/\/antderground.com\/pl\/?s={search_term_string}"},"query-input":{"@type":"PropertyValueSpecification","valueRequired":true,"valueName":"search_term_string"}}],"inLanguage":"pl-PL"},{"@type":["Person","Organization"],"@id":"https:\/\/antderground.com\/pl\/#\/schema\/person\/0e322c505e84fe72c65e2f6d08f96b81","name":"Eric de Antderground","image":{"@type":"ImageObject","inLanguage":"pl-PL","@id":"https:\/\/secure.gravatar.com\/avatar\/c49a1b9f79216d1498cb73c1e85cd47f4465dda35f2a94c03790d491bd4423c3?s=96&d=mm&r=g","url":"https:\/\/secure.gravatar.com\/avatar\/c49a1b9f79216d1498cb73c1e85cd47f4465dda35f2a94c03790d491bd4423c3?s=96&d=mm&r=g","contentUrl":"https:\/\/secure.gravatar.com\/avatar\/c49a1b9f79216d1498cb73c1e85cd47f4465dda35f2a94c03790d491bd4423c3?s=96&d=mm&r=g","caption":"Eric de Antderground"},"logo":{"@id":"https:\/\/secure.gravatar.com\/avatar\/c49a1b9f79216d1498cb73c1e85cd47f4465dda35f2a94c03790d491bd4423c3?s=96&d=mm&r=g"},"description":"Eric es el especialista y fundador de Antderground, con una amplia trayectoria en artr\u00f3podos y enfocado en la mirmecolog\u00eda y el dise\u00f1o de hormigueros artificiales. Su enfoque combina la innovaci\u00f3n t\u00e9cnica con el respeto por la biolog\u00eda de las hormigas, is\u00f3podos y otros, desarrollando sistemas de nidos modulares 3D y acr\u00edlicos que son referentes para aficionados y profesionales en toda Europa. Su objetivo es facilitar la cr\u00eda de hormigas y otros artr\u00f3podos mediante soluciones seguras y divulgaci\u00f3n de calidad.","sameAs":["https:\/\/antderground.com\/","https:\/\/www.youtube.com\/channel\/UCio72z7TlbufkAthAJIJfPw"]}]}},"_links":{"self":[{"href":"https:\/\/antderground.com\/pl\/wp-json\/wp\/v2\/product\/50004","targetHints":{"allow":["GET"]}}],"collection":[{"href":"https:\/\/antderground.com\/pl\/wp-json\/wp\/v2\/product"}],"about":[{"href":"https:\/\/antderground.com\/pl\/wp-json\/wp\/v2\/types\/product"}],"version-history":[{"count":0,"href":"https:\/\/antderground.com\/pl\/wp-json\/wp\/v2\/product\/50004\/revisions"}],"wp:featuredmedia":[{"embeddable":true,"href":"https:\/\/antderground.com\/pl\/wp-json\/wp\/v2\/media\/50007"}],"wp:attachment":[{"href":"https:\/\/antderground.com\/pl\/wp-json\/wp\/v2\/media?parent=50004"}],"wp:term":[{"taxonomy":"product_brand","embeddable":true,"href":"https:\/\/antderground.com\/pl\/wp-json\/wp\/v2\/product_brand?post=50004"},{"taxonomy":"product_cat","embeddable":true,"href":"https:\/\/antderground.com\/pl\/wp-json\/wp\/v2\/product_cat?post=50004"},{"taxonomy":"product_tag","embeddable":true,"href":"https:\/\/antderground.com\/pl\/wp-json\/wp\/v2\/product_tag?post=50004"}],"curies":[{"name":"wp","href":"https:\/\/api.w.org\/{rel}","templated":true}]}}