{"id":50396,"date":"2025-05-28T15:27:43","date_gmt":"2025-05-28T13:27:43","guid":{"rendered":"https:\/\/antderground.com\/producto\/armadillidium-badium-calico\/"},"modified":"2026-02-25T18:46:54","modified_gmt":"2026-02-25T17:46:54","slug":"armadillidium-badium-calico","status":"publish","type":"product","link":"https:\/\/antderground.com\/pl\/produkt\/armadillidium-badium-calico\/","title":{"rendered":"Armadillidium badium &#8220;Calico&#8221;"},"content":{"rendered":"","protected":false},"excerpt":{"rendered":"<p>Odkryj niesamowitego Armadillidium badium \u201eCalico\u201d \u2013 wyj\u0105tkowego r\u00f3wnonoga z nakrapianym wzorem, kt\u00f3ry wyr\u00f3\u017cni si\u0119 w ka\u017cdym terrarium \ud83c\udf3f. Idealny do system\u00f3w bioaktywnych, pomaga utrzyma\u0107 czysto\u015b\u0107 w siedlisku, dodaj\u0105c jednocze\u015bnie spektakularny efekt wizualny. \u0141atwy w hodowli i fascynuj\u0105cy! \ud83e\udeb2<\/p>\n","protected":false},"featured_media":50397,"template":"","meta":[],"product_brand":[],"product_cat":[792,790,786],"product_tag":[],"class_list":{"0":"post-50396","1":"product","2":"type-product","3":"status-publish","4":"has-post-thumbnail","6":"product_cat-armadillidium","7":"product_cat-izopody","8":"product_cat-stawonogi","10":"first","11":"instock","12":"shipping-taxable","13":"purchasable","14":"product-type-variable"},"yoast_head":"<!-- This site is optimized with the Yoast SEO plugin v27.3 - https:\/\/yoast.com\/product\/yoast-seo-wordpress\/ -->\n<title>Armadillidium badium &quot;Calico&quot; | Egzotyczne r\u00f3wnonogi \ud83c\udf3f - ANTDERGROUND<\/title>\n<meta name=\"description\" content=\"Odkryj Armadillidium badium \u201eCalico\u201d \ud83e\udeb2. Idealny do terrari\u00f3w bioaktywnych, pi\u0119kny i \u0142atwy w hodowli. Skuteczna ekipa sprz\u0105taj\u0105ca i wyj\u0105tkowa dekoracja \ud83c\udf3f.\" \/>\n<meta name=\"robots\" content=\"index, follow, max-snippet:-1, max-image-preview:large, max-video-preview:-1\" \/>\n<link rel=\"canonical\" href=\"https:\/\/antderground.com\/pl\/produkt\/armadillidium-badium-calico\/\" \/>\n<meta property=\"og:locale\" content=\"pl_PL\" \/>\n<meta property=\"og:type\" content=\"article\" \/>\n<meta property=\"og:title\" content=\"Armadillidium badium &quot;Calico&quot; | Egzotyczne r\u00f3wnonogi \ud83c\udf3f - ANTDERGROUND\" \/>\n<meta property=\"og:description\" content=\"Odkryj Armadillidium badium \u201eCalico\u201d \ud83e\udeb2. Idealny do terrari\u00f3w bioaktywnych, pi\u0119kny i \u0142atwy w hodowli. Skuteczna ekipa sprz\u0105taj\u0105ca i wyj\u0105tkowa dekoracja \ud83c\udf3f.\" \/>\n<meta property=\"og:url\" content=\"https:\/\/antderground.com\/pl\/produkt\/armadillidium-badium-calico\/\" \/>\n<meta property=\"og:site_name\" content=\"ANTDERGROUND\" \/>\n<meta property=\"article:modified_time\" content=\"2026-02-25T17:46:54+00:00\" \/>\n<meta property=\"og:image\" content=\"https:\/\/antderground.com\/wp-content\/uploads\/2025\/05\/Armadillidium-badium-22Calico22.jpeg\" \/>\n\t<meta property=\"og:image:width\" content=\"2048\" \/>\n\t<meta property=\"og:image:height\" content=\"2048\" \/>\n\t<meta property=\"og:image:type\" content=\"image\/jpeg\" \/>\n<meta name=\"twitter:card\" content=\"summary_large_image\" \/>\n<script type=\"application\/ld+json\" class=\"yoast-schema-graph\">{\"@context\":\"https:\\\/\\\/schema.org\",\"@graph\":[{\"@type\":\"WebPage\",\"@id\":\"https:\\\/\\\/antderground.com\\\/pl\\\/produkt\\\/armadillidium-badium-calico\\\/\",\"url\":\"https:\\\/\\\/antderground.com\\\/pl\\\/produkt\\\/armadillidium-badium-calico\\\/\",\"name\":\"Armadillidium badium \\\"Calico\\\" | Egzotyczne r\u00f3wnonogi \ud83c\udf3f - ANTDERGROUND\",\"isPartOf\":{\"@id\":\"https:\\\/\\\/antderground.com\\\/pl\\\/#website\"},\"primaryImageOfPage\":{\"@id\":\"https:\\\/\\\/antderground.com\\\/pl\\\/produkt\\\/armadillidium-badium-calico\\\/#primaryimage\"},\"image\":{\"@id\":\"https:\\\/\\\/antderground.com\\\/pl\\\/produkt\\\/armadillidium-badium-calico\\\/#primaryimage\"},\"thumbnailUrl\":\"https:\\\/\\\/antderground.com\\\/wp-content\\\/uploads\\\/2025\\\/05\\\/Armadillidium-badium-22Calico22.jpeg\",\"datePublished\":\"2025-05-28T13:27:43+00:00\",\"dateModified\":\"2026-02-25T17:46:54+00:00\",\"description\":\"Odkryj Armadillidium badium \u201eCalico\u201d \ud83e\udeb2. Idealny do terrari\u00f3w bioaktywnych, pi\u0119kny i \u0142atwy w hodowli. Skuteczna ekipa sprz\u0105taj\u0105ca i wyj\u0105tkowa dekoracja \ud83c\udf3f.\",\"breadcrumb\":{\"@id\":\"https:\\\/\\\/antderground.com\\\/pl\\\/produkt\\\/armadillidium-badium-calico\\\/#breadcrumb\"},\"inLanguage\":\"pl-PL\",\"potentialAction\":[{\"@type\":\"ReadAction\",\"target\":[\"https:\\\/\\\/antderground.com\\\/pl\\\/produkt\\\/armadillidium-badium-calico\\\/\"]}]},{\"@type\":\"ImageObject\",\"inLanguage\":\"pl-PL\",\"@id\":\"https:\\\/\\\/antderground.com\\\/pl\\\/produkt\\\/armadillidium-badium-calico\\\/#primaryimage\",\"url\":\"https:\\\/\\\/antderground.com\\\/wp-content\\\/uploads\\\/2025\\\/05\\\/Armadillidium-badium-22Calico22.jpeg\",\"contentUrl\":\"https:\\\/\\\/antderground.com\\\/wp-content\\\/uploads\\\/2025\\\/05\\\/Armadillidium-badium-22Calico22.jpeg\",\"width\":2048,\"height\":2048,\"caption\":\"Armadillidium badium Calico\"},{\"@type\":\"BreadcrumbList\",\"@id\":\"https:\\\/\\\/antderground.com\\\/pl\\\/produkt\\\/armadillidium-badium-calico\\\/#breadcrumb\",\"itemListElement\":[{\"@type\":\"ListItem\",\"position\":1,\"name\":\"Portada\",\"item\":\"https:\\\/\\\/antderground.com\\\/pl\\\/\"},{\"@type\":\"ListItem\",\"position\":2,\"name\":\"Sklep\",\"item\":\"https:\\\/\\\/antderground.com\\\/pl\\\/sklep\\\/\"},{\"@type\":\"ListItem\",\"position\":3,\"name\":\"Armadillidium badium &#8220;Calico&#8221;\"}]},{\"@type\":\"WebSite\",\"@id\":\"https:\\\/\\\/antderground.com\\\/pl\\\/#website\",\"url\":\"https:\\\/\\\/antderground.com\\\/pl\\\/\",\"name\":\"ANTDERGROUND\",\"description\":\"Tu tienda de hormigas, gran variedad de hormigueros acr\u00edlicos,madera,arena,3D y mas.. Pide tus hormigas gratis con tu pedido, somos expertos en hormigueros antifugas.\",\"publisher\":{\"@id\":\"https:\\\/\\\/antderground.com\\\/pl\\\/#\\\/schema\\\/person\\\/0e322c505e84fe72c65e2f6d08f96b81\"},\"alternateName\":\"Antderground\",\"potentialAction\":[{\"@type\":\"SearchAction\",\"target\":{\"@type\":\"EntryPoint\",\"urlTemplate\":\"https:\\\/\\\/antderground.com\\\/pl\\\/?s={search_term_string}\"},\"query-input\":{\"@type\":\"PropertyValueSpecification\",\"valueRequired\":true,\"valueName\":\"search_term_string\"}}],\"inLanguage\":\"pl-PL\"},{\"@type\":[\"Person\",\"Organization\"],\"@id\":\"https:\\\/\\\/antderground.com\\\/pl\\\/#\\\/schema\\\/person\\\/0e322c505e84fe72c65e2f6d08f96b81\",\"name\":\"Eric de Antderground\",\"image\":{\"@type\":\"ImageObject\",\"inLanguage\":\"pl-PL\",\"@id\":\"https:\\\/\\\/secure.gravatar.com\\\/avatar\\\/c49a1b9f79216d1498cb73c1e85cd47f4465dda35f2a94c03790d491bd4423c3?s=96&d=mm&r=g\",\"url\":\"https:\\\/\\\/secure.gravatar.com\\\/avatar\\\/c49a1b9f79216d1498cb73c1e85cd47f4465dda35f2a94c03790d491bd4423c3?s=96&d=mm&r=g\",\"contentUrl\":\"https:\\\/\\\/secure.gravatar.com\\\/avatar\\\/c49a1b9f79216d1498cb73c1e85cd47f4465dda35f2a94c03790d491bd4423c3?s=96&d=mm&r=g\",\"caption\":\"Eric de Antderground\"},\"logo\":{\"@id\":\"https:\\\/\\\/secure.gravatar.com\\\/avatar\\\/c49a1b9f79216d1498cb73c1e85cd47f4465dda35f2a94c03790d491bd4423c3?s=96&d=mm&r=g\"},\"description\":\"Eric es el especialista y fundador de Antderground, con una amplia trayectoria en artr\u00f3podos y enfocado en la mirmecolog\u00eda y el dise\u00f1o de hormigueros artificiales. Su enfoque combina la innovaci\u00f3n t\u00e9cnica con el respeto por la biolog\u00eda de las hormigas, is\u00f3podos y otros, desarrollando sistemas de nidos modulares 3D y acr\u00edlicos que son referentes para aficionados y profesionales en toda Europa. Su objetivo es facilitar la cr\u00eda de hormigas y otros artr\u00f3podos mediante soluciones seguras y divulgaci\u00f3n de calidad.\",\"sameAs\":[\"https:\\\/\\\/antderground.com\\\/\",\"https:\\\/\\\/www.youtube.com\\\/channel\\\/UCio72z7TlbufkAthAJIJfPw\"]}]}<\/script>\n<!-- \/ Yoast SEO plugin. -->","yoast_head_json":{"title":"Armadillidium badium \"Calico\" | Egzotyczne r\u00f3wnonogi \ud83c\udf3f - ANTDERGROUND","description":"Odkryj Armadillidium badium \u201eCalico\u201d \ud83e\udeb2. Idealny do terrari\u00f3w bioaktywnych, pi\u0119kny i \u0142atwy w hodowli. Skuteczna ekipa sprz\u0105taj\u0105ca i wyj\u0105tkowa dekoracja \ud83c\udf3f.","robots":{"index":"index","follow":"follow","max-snippet":"max-snippet:-1","max-image-preview":"max-image-preview:large","max-video-preview":"max-video-preview:-1"},"canonical":"https:\/\/antderground.com\/pl\/produkt\/armadillidium-badium-calico\/","og_locale":"pl_PL","og_type":"article","og_title":"Armadillidium badium \"Calico\" | Egzotyczne r\u00f3wnonogi \ud83c\udf3f - ANTDERGROUND","og_description":"Odkryj Armadillidium badium \u201eCalico\u201d \ud83e\udeb2. Idealny do terrari\u00f3w bioaktywnych, pi\u0119kny i \u0142atwy w hodowli. Skuteczna ekipa sprz\u0105taj\u0105ca i wyj\u0105tkowa dekoracja \ud83c\udf3f.","og_url":"https:\/\/antderground.com\/pl\/produkt\/armadillidium-badium-calico\/","og_site_name":"ANTDERGROUND","article_modified_time":"2026-02-25T17:46:54+00:00","og_image":[{"width":2048,"height":2048,"url":"https:\/\/antderground.com\/wp-content\/uploads\/2025\/05\/Armadillidium-badium-22Calico22.jpeg","type":"image\/jpeg"}],"twitter_card":"summary_large_image","schema":{"@context":"https:\/\/schema.org","@graph":[{"@type":"WebPage","@id":"https:\/\/antderground.com\/pl\/produkt\/armadillidium-badium-calico\/","url":"https:\/\/antderground.com\/pl\/produkt\/armadillidium-badium-calico\/","name":"Armadillidium badium \"Calico\" | Egzotyczne r\u00f3wnonogi \ud83c\udf3f - ANTDERGROUND","isPartOf":{"@id":"https:\/\/antderground.com\/pl\/#website"},"primaryImageOfPage":{"@id":"https:\/\/antderground.com\/pl\/produkt\/armadillidium-badium-calico\/#primaryimage"},"image":{"@id":"https:\/\/antderground.com\/pl\/produkt\/armadillidium-badium-calico\/#primaryimage"},"thumbnailUrl":"https:\/\/antderground.com\/wp-content\/uploads\/2025\/05\/Armadillidium-badium-22Calico22.jpeg","datePublished":"2025-05-28T13:27:43+00:00","dateModified":"2026-02-25T17:46:54+00:00","description":"Odkryj Armadillidium badium \u201eCalico\u201d \ud83e\udeb2. Idealny do terrari\u00f3w bioaktywnych, pi\u0119kny i \u0142atwy w hodowli. Skuteczna ekipa sprz\u0105taj\u0105ca i wyj\u0105tkowa dekoracja \ud83c\udf3f.","breadcrumb":{"@id":"https:\/\/antderground.com\/pl\/produkt\/armadillidium-badium-calico\/#breadcrumb"},"inLanguage":"pl-PL","potentialAction":[{"@type":"ReadAction","target":["https:\/\/antderground.com\/pl\/produkt\/armadillidium-badium-calico\/"]}]},{"@type":"ImageObject","inLanguage":"pl-PL","@id":"https:\/\/antderground.com\/pl\/produkt\/armadillidium-badium-calico\/#primaryimage","url":"https:\/\/antderground.com\/wp-content\/uploads\/2025\/05\/Armadillidium-badium-22Calico22.jpeg","contentUrl":"https:\/\/antderground.com\/wp-content\/uploads\/2025\/05\/Armadillidium-badium-22Calico22.jpeg","width":2048,"height":2048,"caption":"Armadillidium badium Calico"},{"@type":"BreadcrumbList","@id":"https:\/\/antderground.com\/pl\/produkt\/armadillidium-badium-calico\/#breadcrumb","itemListElement":[{"@type":"ListItem","position":1,"name":"Portada","item":"https:\/\/antderground.com\/pl\/"},{"@type":"ListItem","position":2,"name":"Sklep","item":"https:\/\/antderground.com\/pl\/sklep\/"},{"@type":"ListItem","position":3,"name":"Armadillidium badium &#8220;Calico&#8221;"}]},{"@type":"WebSite","@id":"https:\/\/antderground.com\/pl\/#website","url":"https:\/\/antderground.com\/pl\/","name":"ANTDERGROUND","description":"Tu tienda de hormigas, gran variedad de hormigueros acr\u00edlicos,madera,arena,3D y mas.. Pide tus hormigas gratis con tu pedido, somos expertos en hormigueros antifugas.","publisher":{"@id":"https:\/\/antderground.com\/pl\/#\/schema\/person\/0e322c505e84fe72c65e2f6d08f96b81"},"alternateName":"Antderground","potentialAction":[{"@type":"SearchAction","target":{"@type":"EntryPoint","urlTemplate":"https:\/\/antderground.com\/pl\/?s={search_term_string}"},"query-input":{"@type":"PropertyValueSpecification","valueRequired":true,"valueName":"search_term_string"}}],"inLanguage":"pl-PL"},{"@type":["Person","Organization"],"@id":"https:\/\/antderground.com\/pl\/#\/schema\/person\/0e322c505e84fe72c65e2f6d08f96b81","name":"Eric de Antderground","image":{"@type":"ImageObject","inLanguage":"pl-PL","@id":"https:\/\/secure.gravatar.com\/avatar\/c49a1b9f79216d1498cb73c1e85cd47f4465dda35f2a94c03790d491bd4423c3?s=96&d=mm&r=g","url":"https:\/\/secure.gravatar.com\/avatar\/c49a1b9f79216d1498cb73c1e85cd47f4465dda35f2a94c03790d491bd4423c3?s=96&d=mm&r=g","contentUrl":"https:\/\/secure.gravatar.com\/avatar\/c49a1b9f79216d1498cb73c1e85cd47f4465dda35f2a94c03790d491bd4423c3?s=96&d=mm&r=g","caption":"Eric de Antderground"},"logo":{"@id":"https:\/\/secure.gravatar.com\/avatar\/c49a1b9f79216d1498cb73c1e85cd47f4465dda35f2a94c03790d491bd4423c3?s=96&d=mm&r=g"},"description":"Eric es el especialista y fundador de Antderground, con una amplia trayectoria en artr\u00f3podos y enfocado en la mirmecolog\u00eda y el dise\u00f1o de hormigueros artificiales. Su enfoque combina la innovaci\u00f3n t\u00e9cnica con el respeto por la biolog\u00eda de las hormigas, is\u00f3podos y otros, desarrollando sistemas de nidos modulares 3D y acr\u00edlicos que son referentes para aficionados y profesionales en toda Europa. Su objetivo es facilitar la cr\u00eda de hormigas y otros artr\u00f3podos mediante soluciones seguras y divulgaci\u00f3n de calidad.","sameAs":["https:\/\/antderground.com\/","https:\/\/www.youtube.com\/channel\/UCio72z7TlbufkAthAJIJfPw"]}]}},"_links":{"self":[{"href":"https:\/\/antderground.com\/pl\/wp-json\/wp\/v2\/product\/50396","targetHints":{"allow":["GET"]}}],"collection":[{"href":"https:\/\/antderground.com\/pl\/wp-json\/wp\/v2\/product"}],"about":[{"href":"https:\/\/antderground.com\/pl\/wp-json\/wp\/v2\/types\/product"}],"version-history":[{"count":1,"href":"https:\/\/antderground.com\/pl\/wp-json\/wp\/v2\/product\/50396\/revisions"}],"predecessor-version":[{"id":50399,"href":"https:\/\/antderground.com\/pl\/wp-json\/wp\/v2\/product\/50396\/revisions\/50399"}],"wp:featuredmedia":[{"embeddable":true,"href":"https:\/\/antderground.com\/pl\/wp-json\/wp\/v2\/media\/50397"}],"wp:attachment":[{"href":"https:\/\/antderground.com\/pl\/wp-json\/wp\/v2\/media?parent=50396"}],"wp:term":[{"taxonomy":"product_brand","embeddable":true,"href":"https:\/\/antderground.com\/pl\/wp-json\/wp\/v2\/product_brand?post=50396"},{"taxonomy":"product_cat","embeddable":true,"href":"https:\/\/antderground.com\/pl\/wp-json\/wp\/v2\/product_cat?post=50396"},{"taxonomy":"product_tag","embeddable":true,"href":"https:\/\/antderground.com\/pl\/wp-json\/wp\/v2\/product_tag?post=50396"}],"curies":[{"name":"wp","href":"https:\/\/api.w.org\/{rel}","templated":true}]}}