{"id":50424,"date":"2025-04-15T16:00:15","date_gmt":"2025-04-15T14:00:15","guid":{"rendered":"https:\/\/antderground.com\/producto\/armadillidium-granulatum-white-pearl\/"},"modified":"2025-04-15T16:00:15","modified_gmt":"2025-04-15T14:00:15","slug":"armadillidium-granulatum-white-pearl","status":"publish","type":"product","link":"https:\/\/antderground.com\/pl\/produkt\/armadillidium-granulatum-white-pearl\/","title":{"rendered":"Armadillidium granulatum &#8220;White Pearl&#8221;"},"content":{"rendered":"<h2><strong>Karta techniczna \u2013 <em>Armadillidium granulatum<\/em> &#8220;White Pearl&#8221;<\/strong><\/h2>\n<p><strong>Nazwa handlowa:<\/strong> Izopod White Pearl<br \/>\n<strong>Nazwa naukowa:<\/strong> <em>Armadillidium granulatum<\/em> &#8220;White Pearl&#8221;<br \/>\n<strong>Rodzina:<\/strong> Armadillidiidae<br \/>\n<strong>Pochodzenie:<\/strong> Europa (odmiana selekcjonowana pod wzgl\u0119dem ubarwienia)<\/p>\n<h3>\ud83d\udccf Wielko\u015b\u0107<\/h3>\n<ul>\n<li><strong>Rozmiar doros\u0142ych osobnik\u00f3w:<\/strong> ok. 1,5\u20132 cm<\/li>\n<li><strong>Tempo wzrostu:<\/strong> Umiarkowane<\/li>\n<\/ul>\n<h3>\ud83c\udf21\ufe0f Optymalne warunki<\/h3>\n<ul>\n<li><strong>Temperatura:<\/strong> 20\u201326 \u00b0C<\/li>\n<li><strong>Wilgotno\u015b\u0107:<\/strong> Umiarkowana (60\u201375%)<\/li>\n<li><strong>Wentylacja:<\/strong> Dobra, bez nadmiernego przesuszania pod\u0142o\u017ca<\/li>\n<\/ul>\n<h3>\ud83c\udfe0 Terrarium<\/h3>\n<ul>\n<li><strong>Typ \u015brodowiska:<\/strong> Terraria wilgotne lub p\u00f3\u0142wilgotne<\/li>\n<li><strong>Pod\u0142o\u017ce:<\/strong> W\u0142\u00f3kno kokosowe, mech sphagnum, sucha \u015bci\u00f3\u0142ka li\u015bciasta, kora, \u017ar\u00f3d\u0142o wapnia (sepia lub mielone skorupki jaj)<\/li>\n<li><strong>Wyposa\u017cenie:<\/strong> Kawa\u0142ki kory, kamienie, kryj\u00f3wki<\/li>\n<\/ul>\n<h3>\ud83c\udf7d\ufe0f Pokarm<\/h3>\n<p>Izopod detrytuso\u017cerny o diecie wszystko\u017cernej:<\/p>\n<ul>\n<li>Suche li\u015bcie (d\u0105b, magnolia itp.)<\/li>\n<li>Rozk\u0142adaj\u0105ce si\u0119 drewno<\/li>\n<li>Owoce i warzywa (z umiarem)<\/li>\n<li>\u0179r\u00f3d\u0142o wapnia<\/li>\n<li>Okazjonalnie bia\u0142ko zwierz\u0119ce (suszone ryby, karma dla owado\u017cernych)<\/li>\n<\/ul>\n<h3>\ud83c\udf31 Zastosowanie i kompatybilno\u015b\u0107<\/h3>\n<ul>\n<li>Idealny do terrari\u00f3w bioaktywnych<\/li>\n<li>Odpowiedni do wsp\u00f3lnej hodowli z gadami, p\u0142azami i bezkr\u0119gowcami niedrapie\u017cnymi<\/li>\n<li>Skutecznie rozk\u0142ada materi\u0119 organiczn\u0105<\/li>\n<\/ul>\n<h3>\ud83c\udfa8 Cechy charakterystyczne<\/h3>\n<ul>\n<li>Per\u0142owobia\u0142a barwa, bardzo dekoracyjna<\/li>\n<li>Zdolno\u015b\u0107 do zwijania si\u0119 w kulk\u0119 w sytuacji zagro\u017cenia<\/li>\n<li>Aktywny i \u0142atwy w obserwacji<\/li>\n<\/ul>\n","protected":false},"excerpt":{"rendered":"<p>Izopod Armadillidium granulatum &#8220;White Pearl&#8221; o per\u0142owobia\u0142ym ubarwieniu. Idealny do terrari\u00f3w bioaktywnych \ud83c\udf3f. Wytrzyma\u0142y, dekoracyjny i \u0142atwy w hodowli \u2014 naturalne wsparcie w utrzymaniu czysto\u015bci.<\/p>\n","protected":false},"featured_media":50425,"template":"","meta":[],"product_brand":[],"product_cat":[792,790,786],"product_tag":[],"class_list":{"0":"post-50424","1":"product","2":"type-product","3":"status-publish","4":"has-post-thumbnail","6":"product_cat-armadillidium","7":"product_cat-izopody","8":"product_cat-stawonogi","10":"first","11":"instock","12":"shipping-taxable","13":"purchasable","14":"product-type-variable"},"yoast_head":"<!-- This site is optimized with the Yoast SEO plugin v27.3 - https:\/\/yoast.com\/product\/yoast-seo-wordpress\/ -->\n<title>Armadillidium granulatum &quot;White Pearl&quot; | Izopody egzotyczne - ANTDERGROUND<\/title>\n<meta name=\"description\" content=\"Izopod White Pearl (Armadillidium granulatum) \u2013 per\u0142owobia\u0142y, \u0142atwy w hodowli. Idealny do terrari\u00f3w bioaktywnych i dekoracyjnych. \ud83c\udf3f\" \/>\n<meta name=\"robots\" content=\"index, follow, max-snippet:-1, max-image-preview:large, max-video-preview:-1\" \/>\n<link rel=\"canonical\" href=\"https:\/\/antderground.com\/pl\/produkt\/armadillidium-granulatum-white-pearl\/\" \/>\n<meta property=\"og:locale\" content=\"pl_PL\" \/>\n<meta property=\"og:type\" content=\"article\" \/>\n<meta property=\"og:title\" content=\"Armadillidium granulatum &quot;White Pearl&quot; | Izopody egzotyczne - ANTDERGROUND\" \/>\n<meta property=\"og:description\" content=\"Izopod White Pearl (Armadillidium granulatum) \u2013 per\u0142owobia\u0142y, \u0142atwy w hodowli. Idealny do terrari\u00f3w bioaktywnych i dekoracyjnych. \ud83c\udf3f\" \/>\n<meta property=\"og:url\" content=\"https:\/\/antderground.com\/pl\/produkt\/armadillidium-granulatum-white-pearl\/\" \/>\n<meta property=\"og:site_name\" content=\"ANTDERGROUND\" \/>\n<meta property=\"og:image\" content=\"https:\/\/antderground.com\/wp-content\/uploads\/2025\/04\/Armadillidium-granulatum-White-Pearl.jpg\" \/>\n\t<meta property=\"og:image:width\" content=\"2048\" \/>\n\t<meta property=\"og:image:height\" content=\"2048\" \/>\n\t<meta property=\"og:image:type\" content=\"image\/jpeg\" \/>\n<meta name=\"twitter:card\" content=\"summary_large_image\" \/>\n<meta name=\"twitter:label1\" content=\"Szacowany czas czytania\" \/>\n\t<meta name=\"twitter:data1\" content=\"1 minuta\" \/>\n<script type=\"application\/ld+json\" class=\"yoast-schema-graph\">{\"@context\":\"https:\\\/\\\/schema.org\",\"@graph\":[{\"@type\":\"WebPage\",\"@id\":\"https:\\\/\\\/antderground.com\\\/pl\\\/produkt\\\/armadillidium-granulatum-white-pearl\\\/\",\"url\":\"https:\\\/\\\/antderground.com\\\/pl\\\/produkt\\\/armadillidium-granulatum-white-pearl\\\/\",\"name\":\"Armadillidium granulatum \\\"White Pearl\\\" | Izopody egzotyczne - ANTDERGROUND\",\"isPartOf\":{\"@id\":\"https:\\\/\\\/antderground.com\\\/pl\\\/#website\"},\"primaryImageOfPage\":{\"@id\":\"https:\\\/\\\/antderground.com\\\/pl\\\/produkt\\\/armadillidium-granulatum-white-pearl\\\/#primaryimage\"},\"image\":{\"@id\":\"https:\\\/\\\/antderground.com\\\/pl\\\/produkt\\\/armadillidium-granulatum-white-pearl\\\/#primaryimage\"},\"thumbnailUrl\":\"https:\\\/\\\/antderground.com\\\/wp-content\\\/uploads\\\/2025\\\/04\\\/Armadillidium-granulatum-White-Pearl.jpg\",\"datePublished\":\"2025-04-15T14:00:15+00:00\",\"description\":\"Izopod White Pearl (Armadillidium granulatum) \u2013 per\u0142owobia\u0142y, \u0142atwy w hodowli. Idealny do terrari\u00f3w bioaktywnych i dekoracyjnych. \ud83c\udf3f\",\"breadcrumb\":{\"@id\":\"https:\\\/\\\/antderground.com\\\/pl\\\/produkt\\\/armadillidium-granulatum-white-pearl\\\/#breadcrumb\"},\"inLanguage\":\"pl-PL\",\"potentialAction\":[{\"@type\":\"ReadAction\",\"target\":[\"https:\\\/\\\/antderground.com\\\/pl\\\/produkt\\\/armadillidium-granulatum-white-pearl\\\/\"]}]},{\"@type\":\"ImageObject\",\"inLanguage\":\"pl-PL\",\"@id\":\"https:\\\/\\\/antderground.com\\\/pl\\\/produkt\\\/armadillidium-granulatum-white-pearl\\\/#primaryimage\",\"url\":\"https:\\\/\\\/antderground.com\\\/wp-content\\\/uploads\\\/2025\\\/04\\\/Armadillidium-granulatum-White-Pearl.jpg\",\"contentUrl\":\"https:\\\/\\\/antderground.com\\\/wp-content\\\/uploads\\\/2025\\\/04\\\/Armadillidium-granulatum-White-Pearl.jpg\",\"width\":2048,\"height\":2048,\"caption\":\"Armadillidium granulatum White Pearl\"},{\"@type\":\"BreadcrumbList\",\"@id\":\"https:\\\/\\\/antderground.com\\\/pl\\\/produkt\\\/armadillidium-granulatum-white-pearl\\\/#breadcrumb\",\"itemListElement\":[{\"@type\":\"ListItem\",\"position\":1,\"name\":\"Portada\",\"item\":\"https:\\\/\\\/antderground.com\\\/pl\\\/\"},{\"@type\":\"ListItem\",\"position\":2,\"name\":\"Sklep\",\"item\":\"https:\\\/\\\/antderground.com\\\/pl\\\/sklep\\\/\"},{\"@type\":\"ListItem\",\"position\":3,\"name\":\"Armadillidium granulatum &#8220;White Pearl&#8221;\"}]},{\"@type\":\"WebSite\",\"@id\":\"https:\\\/\\\/antderground.com\\\/pl\\\/#website\",\"url\":\"https:\\\/\\\/antderground.com\\\/pl\\\/\",\"name\":\"ANTDERGROUND\",\"description\":\"Tu tienda de hormigas, gran variedad de hormigueros acr\u00edlicos,madera,arena,3D y mas.. Pide tus hormigas gratis con tu pedido, somos expertos en hormigueros antifugas.\",\"publisher\":{\"@id\":\"https:\\\/\\\/antderground.com\\\/pl\\\/#\\\/schema\\\/person\\\/0e322c505e84fe72c65e2f6d08f96b81\"},\"alternateName\":\"Antderground\",\"potentialAction\":[{\"@type\":\"SearchAction\",\"target\":{\"@type\":\"EntryPoint\",\"urlTemplate\":\"https:\\\/\\\/antderground.com\\\/pl\\\/?s={search_term_string}\"},\"query-input\":{\"@type\":\"PropertyValueSpecification\",\"valueRequired\":true,\"valueName\":\"search_term_string\"}}],\"inLanguage\":\"pl-PL\"},{\"@type\":[\"Person\",\"Organization\"],\"@id\":\"https:\\\/\\\/antderground.com\\\/pl\\\/#\\\/schema\\\/person\\\/0e322c505e84fe72c65e2f6d08f96b81\",\"name\":\"Eric de Antderground\",\"image\":{\"@type\":\"ImageObject\",\"inLanguage\":\"pl-PL\",\"@id\":\"https:\\\/\\\/secure.gravatar.com\\\/avatar\\\/c49a1b9f79216d1498cb73c1e85cd47f4465dda35f2a94c03790d491bd4423c3?s=96&d=mm&r=g\",\"url\":\"https:\\\/\\\/secure.gravatar.com\\\/avatar\\\/c49a1b9f79216d1498cb73c1e85cd47f4465dda35f2a94c03790d491bd4423c3?s=96&d=mm&r=g\",\"contentUrl\":\"https:\\\/\\\/secure.gravatar.com\\\/avatar\\\/c49a1b9f79216d1498cb73c1e85cd47f4465dda35f2a94c03790d491bd4423c3?s=96&d=mm&r=g\",\"caption\":\"Eric de Antderground\"},\"logo\":{\"@id\":\"https:\\\/\\\/secure.gravatar.com\\\/avatar\\\/c49a1b9f79216d1498cb73c1e85cd47f4465dda35f2a94c03790d491bd4423c3?s=96&d=mm&r=g\"},\"description\":\"Eric es el especialista y fundador de Antderground, con una amplia trayectoria en artr\u00f3podos y enfocado en la mirmecolog\u00eda y el dise\u00f1o de hormigueros artificiales. Su enfoque combina la innovaci\u00f3n t\u00e9cnica con el respeto por la biolog\u00eda de las hormigas, is\u00f3podos y otros, desarrollando sistemas de nidos modulares 3D y acr\u00edlicos que son referentes para aficionados y profesionales en toda Europa. Su objetivo es facilitar la cr\u00eda de hormigas y otros artr\u00f3podos mediante soluciones seguras y divulgaci\u00f3n de calidad.\",\"sameAs\":[\"https:\\\/\\\/antderground.com\\\/\",\"https:\\\/\\\/www.youtube.com\\\/channel\\\/UCio72z7TlbufkAthAJIJfPw\"]}]}<\/script>\n<!-- \/ Yoast SEO plugin. -->","yoast_head_json":{"title":"Armadillidium granulatum \"White Pearl\" | Izopody egzotyczne - ANTDERGROUND","description":"Izopod White Pearl (Armadillidium granulatum) \u2013 per\u0142owobia\u0142y, \u0142atwy w hodowli. Idealny do terrari\u00f3w bioaktywnych i dekoracyjnych. \ud83c\udf3f","robots":{"index":"index","follow":"follow","max-snippet":"max-snippet:-1","max-image-preview":"max-image-preview:large","max-video-preview":"max-video-preview:-1"},"canonical":"https:\/\/antderground.com\/pl\/produkt\/armadillidium-granulatum-white-pearl\/","og_locale":"pl_PL","og_type":"article","og_title":"Armadillidium granulatum \"White Pearl\" | Izopody egzotyczne - ANTDERGROUND","og_description":"Izopod White Pearl (Armadillidium granulatum) \u2013 per\u0142owobia\u0142y, \u0142atwy w hodowli. Idealny do terrari\u00f3w bioaktywnych i dekoracyjnych. \ud83c\udf3f","og_url":"https:\/\/antderground.com\/pl\/produkt\/armadillidium-granulatum-white-pearl\/","og_site_name":"ANTDERGROUND","og_image":[{"width":2048,"height":2048,"url":"https:\/\/antderground.com\/wp-content\/uploads\/2025\/04\/Armadillidium-granulatum-White-Pearl.jpg","type":"image\/jpeg"}],"twitter_card":"summary_large_image","twitter_misc":{"Szacowany czas czytania":"1 minuta"},"schema":{"@context":"https:\/\/schema.org","@graph":[{"@type":"WebPage","@id":"https:\/\/antderground.com\/pl\/produkt\/armadillidium-granulatum-white-pearl\/","url":"https:\/\/antderground.com\/pl\/produkt\/armadillidium-granulatum-white-pearl\/","name":"Armadillidium granulatum \"White Pearl\" | Izopody egzotyczne - ANTDERGROUND","isPartOf":{"@id":"https:\/\/antderground.com\/pl\/#website"},"primaryImageOfPage":{"@id":"https:\/\/antderground.com\/pl\/produkt\/armadillidium-granulatum-white-pearl\/#primaryimage"},"image":{"@id":"https:\/\/antderground.com\/pl\/produkt\/armadillidium-granulatum-white-pearl\/#primaryimage"},"thumbnailUrl":"https:\/\/antderground.com\/wp-content\/uploads\/2025\/04\/Armadillidium-granulatum-White-Pearl.jpg","datePublished":"2025-04-15T14:00:15+00:00","description":"Izopod White Pearl (Armadillidium granulatum) \u2013 per\u0142owobia\u0142y, \u0142atwy w hodowli. Idealny do terrari\u00f3w bioaktywnych i dekoracyjnych. \ud83c\udf3f","breadcrumb":{"@id":"https:\/\/antderground.com\/pl\/produkt\/armadillidium-granulatum-white-pearl\/#breadcrumb"},"inLanguage":"pl-PL","potentialAction":[{"@type":"ReadAction","target":["https:\/\/antderground.com\/pl\/produkt\/armadillidium-granulatum-white-pearl\/"]}]},{"@type":"ImageObject","inLanguage":"pl-PL","@id":"https:\/\/antderground.com\/pl\/produkt\/armadillidium-granulatum-white-pearl\/#primaryimage","url":"https:\/\/antderground.com\/wp-content\/uploads\/2025\/04\/Armadillidium-granulatum-White-Pearl.jpg","contentUrl":"https:\/\/antderground.com\/wp-content\/uploads\/2025\/04\/Armadillidium-granulatum-White-Pearl.jpg","width":2048,"height":2048,"caption":"Armadillidium granulatum White Pearl"},{"@type":"BreadcrumbList","@id":"https:\/\/antderground.com\/pl\/produkt\/armadillidium-granulatum-white-pearl\/#breadcrumb","itemListElement":[{"@type":"ListItem","position":1,"name":"Portada","item":"https:\/\/antderground.com\/pl\/"},{"@type":"ListItem","position":2,"name":"Sklep","item":"https:\/\/antderground.com\/pl\/sklep\/"},{"@type":"ListItem","position":3,"name":"Armadillidium granulatum &#8220;White Pearl&#8221;"}]},{"@type":"WebSite","@id":"https:\/\/antderground.com\/pl\/#website","url":"https:\/\/antderground.com\/pl\/","name":"ANTDERGROUND","description":"Tu tienda de hormigas, gran variedad de hormigueros acr\u00edlicos,madera,arena,3D y mas.. Pide tus hormigas gratis con tu pedido, somos expertos en hormigueros antifugas.","publisher":{"@id":"https:\/\/antderground.com\/pl\/#\/schema\/person\/0e322c505e84fe72c65e2f6d08f96b81"},"alternateName":"Antderground","potentialAction":[{"@type":"SearchAction","target":{"@type":"EntryPoint","urlTemplate":"https:\/\/antderground.com\/pl\/?s={search_term_string}"},"query-input":{"@type":"PropertyValueSpecification","valueRequired":true,"valueName":"search_term_string"}}],"inLanguage":"pl-PL"},{"@type":["Person","Organization"],"@id":"https:\/\/antderground.com\/pl\/#\/schema\/person\/0e322c505e84fe72c65e2f6d08f96b81","name":"Eric de Antderground","image":{"@type":"ImageObject","inLanguage":"pl-PL","@id":"https:\/\/secure.gravatar.com\/avatar\/c49a1b9f79216d1498cb73c1e85cd47f4465dda35f2a94c03790d491bd4423c3?s=96&d=mm&r=g","url":"https:\/\/secure.gravatar.com\/avatar\/c49a1b9f79216d1498cb73c1e85cd47f4465dda35f2a94c03790d491bd4423c3?s=96&d=mm&r=g","contentUrl":"https:\/\/secure.gravatar.com\/avatar\/c49a1b9f79216d1498cb73c1e85cd47f4465dda35f2a94c03790d491bd4423c3?s=96&d=mm&r=g","caption":"Eric de Antderground"},"logo":{"@id":"https:\/\/secure.gravatar.com\/avatar\/c49a1b9f79216d1498cb73c1e85cd47f4465dda35f2a94c03790d491bd4423c3?s=96&d=mm&r=g"},"description":"Eric es el especialista y fundador de Antderground, con una amplia trayectoria en artr\u00f3podos y enfocado en la mirmecolog\u00eda y el dise\u00f1o de hormigueros artificiales. Su enfoque combina la innovaci\u00f3n t\u00e9cnica con el respeto por la biolog\u00eda de las hormigas, is\u00f3podos y otros, desarrollando sistemas de nidos modulares 3D y acr\u00edlicos que son referentes para aficionados y profesionales en toda Europa. Su objetivo es facilitar la cr\u00eda de hormigas y otros artr\u00f3podos mediante soluciones seguras y divulgaci\u00f3n de calidad.","sameAs":["https:\/\/antderground.com\/","https:\/\/www.youtube.com\/channel\/UCio72z7TlbufkAthAJIJfPw"]}]}},"_links":{"self":[{"href":"https:\/\/antderground.com\/pl\/wp-json\/wp\/v2\/product\/50424","targetHints":{"allow":["GET"]}}],"collection":[{"href":"https:\/\/antderground.com\/pl\/wp-json\/wp\/v2\/product"}],"about":[{"href":"https:\/\/antderground.com\/pl\/wp-json\/wp\/v2\/types\/product"}],"version-history":[{"count":0,"href":"https:\/\/antderground.com\/pl\/wp-json\/wp\/v2\/product\/50424\/revisions"}],"wp:featuredmedia":[{"embeddable":true,"href":"https:\/\/antderground.com\/pl\/wp-json\/wp\/v2\/media\/50425"}],"wp:attachment":[{"href":"https:\/\/antderground.com\/pl\/wp-json\/wp\/v2\/media?parent=50424"}],"wp:term":[{"taxonomy":"product_brand","embeddable":true,"href":"https:\/\/antderground.com\/pl\/wp-json\/wp\/v2\/product_brand?post=50424"},{"taxonomy":"product_cat","embeddable":true,"href":"https:\/\/antderground.com\/pl\/wp-json\/wp\/v2\/product_cat?post=50424"},{"taxonomy":"product_tag","embeddable":true,"href":"https:\/\/antderground.com\/pl\/wp-json\/wp\/v2\/product_tag?post=50424"}],"curies":[{"name":"wp","href":"https:\/\/api.w.org\/{rel}","templated":true}]}}