{"id":50766,"date":"2025-06-05T12:10:30","date_gmt":"2025-06-05T10:10:30","guid":{"rendered":"https:\/\/antderground.com\/producto\/blaptica-dubia-micro\/"},"modified":"2025-06-05T12:10:30","modified_gmt":"2025-06-05T10:10:30","slug":"blaptica-dubia-micro","status":"publish","type":"product","link":"https:\/\/antderground.com\/pl\/produkt\/blaptica-dubia-micro\/","title":{"rendered":"Blaptica dubia &#8220;Micro &#8220;"},"content":{"rendered":"<p><em>Blaptica dubia &#8220;micro&#8221;<\/em> to doskona\u0142e \u017cywe po\u017cywienie dla gad\u00f3w, p\u0142az\u00f3w, stawonog\u00f3w i ma\u0142ych ssak\u00f3w owado\u017cernych. Osi\u0105gaj\u0105 maksymalnie 1 cm, idealne dla m\u0142odych zwierz\u0105t lub ma\u0142ych gatunk\u00f3w, \u0142atwe do z\u0142apania i strawienia.<\/p>\n<p><strong>Zalety:<\/strong><\/p>\n<ul>\n<li>\u0141atwe do z\u0142apania i atrakcyjne dla wi\u0119kszo\u015bci zwierz\u0105t<\/li>\n<li>Minimalny zapach, \u0142atwe w utrzymaniu<\/li>\n<li>Nie wspinaj\u0105 si\u0119 ani nie lataj\u0105 \u2013 bezpieczne w terrarium<\/li>\n<li>Mi\u0119kkie, niskochitynowe pancerze, \u0142atwe do trawienia<\/li>\n<\/ul>\n<p><strong>Od\u017cywianie:<\/strong><br \/>\nBogate w bia\u0142ko, niskot\u0142uszczowe, wspieraj\u0105 naturalne zachowania \u0142owieckie i nawodnienie zwierz\u0105t. Idealne dla gekon\u00f3w, anolis\u00f3w, drzewo\u0142az\u00f3w, modliszek, paj\u0105k\u00f3w i wielu innych.<\/p>\n","protected":false},"excerpt":{"rendered":"<p>Daj swoim gadom i p\u0142azom to, co najlepsze! \ud83e\udd8e Blaptica dubia &#8220;micro&#8221; (do 1 cm) to idealne \u017cywe po\u017cywienie: od\u017cywcze, \u0142atwe do strawienia i bardzo atrakcyjne. Idealne dla m\u0142odych zwierz\u0105t i ma\u0142ych gatunk\u00f3w. Nie wspinaj\u0105 si\u0119 ani nie lataj\u0105 \u2013 wygodne i bezpieczne! \ud83d\udc1b<\/p>\n","protected":false},"featured_media":50767,"template":"","meta":[],"product_brand":[],"product_cat":[788,780,781],"product_tag":[],"class_list":{"0":"post-50766","1":"product","2":"type-product","3":"status-publish","4":"has-post-thumbnail","6":"product_cat-karaczany","7":"product_cat-karmienie","8":"product_cat-pokarm-zywy","10":"first","11":"instock","12":"shipping-taxable","13":"purchasable","14":"product-type-variable"},"yoast_head":"<!-- This site is optimized with the Yoast SEO plugin v27.3 - https:\/\/yoast.com\/product\/yoast-seo-wordpress\/ -->\n<title>Blaptica dubia &quot;Micro &quot; | Idealne \u017cywe po\u017cywienie - ANTDERGROUND<\/title>\n<meta name=\"description\" content=\"Blaptica dubia &quot;micro&quot; (do 1 cm), idealne \u017cywe po\u017cywienie dla gad\u00f3w i m\u0142odych zwierz\u0105t. Od\u017cywcze, bezpieczne i \u0142atwe do strawienia. \ud83e\udd8e\ud83d\udc1b\" \/>\n<meta name=\"robots\" content=\"index, follow, max-snippet:-1, max-image-preview:large, max-video-preview:-1\" \/>\n<link rel=\"canonical\" href=\"https:\/\/antderground.com\/pl\/produkt\/blaptica-dubia-micro\/\" \/>\n<meta property=\"og:locale\" content=\"pl_PL\" \/>\n<meta property=\"og:type\" content=\"article\" \/>\n<meta property=\"og:title\" content=\"Blaptica dubia &quot;Micro &quot; | Idealne \u017cywe po\u017cywienie - ANTDERGROUND\" \/>\n<meta property=\"og:description\" content=\"Blaptica dubia &quot;micro&quot; (do 1 cm), idealne \u017cywe po\u017cywienie dla gad\u00f3w i m\u0142odych zwierz\u0105t. Od\u017cywcze, bezpieczne i \u0142atwe do strawienia. \ud83e\udd8e\ud83d\udc1b\" \/>\n<meta property=\"og:url\" content=\"https:\/\/antderground.com\/pl\/produkt\/blaptica-dubia-micro\/\" \/>\n<meta property=\"og:site_name\" content=\"ANTDERGROUND\" \/>\n<meta property=\"og:image\" content=\"https:\/\/antderground.com\/wp-content\/uploads\/2025\/06\/Blaptica-dubia-micro.jpeg\" \/>\n\t<meta property=\"og:image:width\" content=\"2048\" \/>\n\t<meta property=\"og:image:height\" content=\"2048\" \/>\n\t<meta property=\"og:image:type\" content=\"image\/jpeg\" \/>\n<meta name=\"twitter:card\" content=\"summary_large_image\" \/>\n<meta name=\"twitter:label1\" content=\"Szacowany czas czytania\" \/>\n\t<meta name=\"twitter:data1\" content=\"1 minuta\" \/>\n<script type=\"application\/ld+json\" class=\"yoast-schema-graph\">{\"@context\":\"https:\\\/\\\/schema.org\",\"@graph\":[{\"@type\":\"WebPage\",\"@id\":\"https:\\\/\\\/antderground.com\\\/pl\\\/produkt\\\/blaptica-dubia-micro\\\/\",\"url\":\"https:\\\/\\\/antderground.com\\\/pl\\\/produkt\\\/blaptica-dubia-micro\\\/\",\"name\":\"Blaptica dubia \\\"Micro \\\" | Idealne \u017cywe po\u017cywienie - ANTDERGROUND\",\"isPartOf\":{\"@id\":\"https:\\\/\\\/antderground.com\\\/pl\\\/#website\"},\"primaryImageOfPage\":{\"@id\":\"https:\\\/\\\/antderground.com\\\/pl\\\/produkt\\\/blaptica-dubia-micro\\\/#primaryimage\"},\"image\":{\"@id\":\"https:\\\/\\\/antderground.com\\\/pl\\\/produkt\\\/blaptica-dubia-micro\\\/#primaryimage\"},\"thumbnailUrl\":\"https:\\\/\\\/antderground.com\\\/wp-content\\\/uploads\\\/2025\\\/06\\\/Blaptica-dubia-micro.jpeg\",\"datePublished\":\"2025-06-05T10:10:30+00:00\",\"description\":\"Blaptica dubia \\\"micro\\\" (do 1 cm), idealne \u017cywe po\u017cywienie dla gad\u00f3w i m\u0142odych zwierz\u0105t. Od\u017cywcze, bezpieczne i \u0142atwe do strawienia. \ud83e\udd8e\ud83d\udc1b\",\"breadcrumb\":{\"@id\":\"https:\\\/\\\/antderground.com\\\/pl\\\/produkt\\\/blaptica-dubia-micro\\\/#breadcrumb\"},\"inLanguage\":\"pl-PL\",\"potentialAction\":[{\"@type\":\"ReadAction\",\"target\":[\"https:\\\/\\\/antderground.com\\\/pl\\\/produkt\\\/blaptica-dubia-micro\\\/\"]}]},{\"@type\":\"ImageObject\",\"inLanguage\":\"pl-PL\",\"@id\":\"https:\\\/\\\/antderground.com\\\/pl\\\/produkt\\\/blaptica-dubia-micro\\\/#primaryimage\",\"url\":\"https:\\\/\\\/antderground.com\\\/wp-content\\\/uploads\\\/2025\\\/06\\\/Blaptica-dubia-micro.jpeg\",\"contentUrl\":\"https:\\\/\\\/antderground.com\\\/wp-content\\\/uploads\\\/2025\\\/06\\\/Blaptica-dubia-micro.jpeg\",\"width\":2048,\"height\":2048,\"caption\":\"Blaptica dubia micro\"},{\"@type\":\"BreadcrumbList\",\"@id\":\"https:\\\/\\\/antderground.com\\\/pl\\\/produkt\\\/blaptica-dubia-micro\\\/#breadcrumb\",\"itemListElement\":[{\"@type\":\"ListItem\",\"position\":1,\"name\":\"Portada\",\"item\":\"https:\\\/\\\/antderground.com\\\/pl\\\/\"},{\"@type\":\"ListItem\",\"position\":2,\"name\":\"Sklep\",\"item\":\"https:\\\/\\\/antderground.com\\\/pl\\\/sklep\\\/\"},{\"@type\":\"ListItem\",\"position\":3,\"name\":\"Blaptica dubia &#8220;Micro &#8220;\"}]},{\"@type\":\"WebSite\",\"@id\":\"https:\\\/\\\/antderground.com\\\/pl\\\/#website\",\"url\":\"https:\\\/\\\/antderground.com\\\/pl\\\/\",\"name\":\"ANTDERGROUND\",\"description\":\"Tu tienda de hormigas, gran variedad de hormigueros acr\u00edlicos,madera,arena,3D y mas.. Pide tus hormigas gratis con tu pedido, somos expertos en hormigueros antifugas.\",\"publisher\":{\"@id\":\"https:\\\/\\\/antderground.com\\\/pl\\\/#\\\/schema\\\/person\\\/0e322c505e84fe72c65e2f6d08f96b81\"},\"alternateName\":\"Antderground\",\"potentialAction\":[{\"@type\":\"SearchAction\",\"target\":{\"@type\":\"EntryPoint\",\"urlTemplate\":\"https:\\\/\\\/antderground.com\\\/pl\\\/?s={search_term_string}\"},\"query-input\":{\"@type\":\"PropertyValueSpecification\",\"valueRequired\":true,\"valueName\":\"search_term_string\"}}],\"inLanguage\":\"pl-PL\"},{\"@type\":[\"Person\",\"Organization\"],\"@id\":\"https:\\\/\\\/antderground.com\\\/pl\\\/#\\\/schema\\\/person\\\/0e322c505e84fe72c65e2f6d08f96b81\",\"name\":\"Eric de Antderground\",\"image\":{\"@type\":\"ImageObject\",\"inLanguage\":\"pl-PL\",\"@id\":\"https:\\\/\\\/secure.gravatar.com\\\/avatar\\\/c49a1b9f79216d1498cb73c1e85cd47f4465dda35f2a94c03790d491bd4423c3?s=96&d=mm&r=g\",\"url\":\"https:\\\/\\\/secure.gravatar.com\\\/avatar\\\/c49a1b9f79216d1498cb73c1e85cd47f4465dda35f2a94c03790d491bd4423c3?s=96&d=mm&r=g\",\"contentUrl\":\"https:\\\/\\\/secure.gravatar.com\\\/avatar\\\/c49a1b9f79216d1498cb73c1e85cd47f4465dda35f2a94c03790d491bd4423c3?s=96&d=mm&r=g\",\"caption\":\"Eric de Antderground\"},\"logo\":{\"@id\":\"https:\\\/\\\/secure.gravatar.com\\\/avatar\\\/c49a1b9f79216d1498cb73c1e85cd47f4465dda35f2a94c03790d491bd4423c3?s=96&d=mm&r=g\"},\"description\":\"Eric es el especialista y fundador de Antderground, con una amplia trayectoria en artr\u00f3podos y enfocado en la mirmecolog\u00eda y el dise\u00f1o de hormigueros artificiales. Su enfoque combina la innovaci\u00f3n t\u00e9cnica con el respeto por la biolog\u00eda de las hormigas, is\u00f3podos y otros, desarrollando sistemas de nidos modulares 3D y acr\u00edlicos que son referentes para aficionados y profesionales en toda Europa. Su objetivo es facilitar la cr\u00eda de hormigas y otros artr\u00f3podos mediante soluciones seguras y divulgaci\u00f3n de calidad.\",\"sameAs\":[\"https:\\\/\\\/antderground.com\\\/\",\"https:\\\/\\\/www.youtube.com\\\/channel\\\/UCio72z7TlbufkAthAJIJfPw\"]}]}<\/script>\n<!-- \/ Yoast SEO plugin. -->","yoast_head_json":{"title":"Blaptica dubia \"Micro \" | Idealne \u017cywe po\u017cywienie - ANTDERGROUND","description":"Blaptica dubia \"micro\" (do 1 cm), idealne \u017cywe po\u017cywienie dla gad\u00f3w i m\u0142odych zwierz\u0105t. Od\u017cywcze, bezpieczne i \u0142atwe do strawienia. \ud83e\udd8e\ud83d\udc1b","robots":{"index":"index","follow":"follow","max-snippet":"max-snippet:-1","max-image-preview":"max-image-preview:large","max-video-preview":"max-video-preview:-1"},"canonical":"https:\/\/antderground.com\/pl\/produkt\/blaptica-dubia-micro\/","og_locale":"pl_PL","og_type":"article","og_title":"Blaptica dubia \"Micro \" | Idealne \u017cywe po\u017cywienie - ANTDERGROUND","og_description":"Blaptica dubia \"micro\" (do 1 cm), idealne \u017cywe po\u017cywienie dla gad\u00f3w i m\u0142odych zwierz\u0105t. Od\u017cywcze, bezpieczne i \u0142atwe do strawienia. \ud83e\udd8e\ud83d\udc1b","og_url":"https:\/\/antderground.com\/pl\/produkt\/blaptica-dubia-micro\/","og_site_name":"ANTDERGROUND","og_image":[{"width":2048,"height":2048,"url":"https:\/\/antderground.com\/wp-content\/uploads\/2025\/06\/Blaptica-dubia-micro.jpeg","type":"image\/jpeg"}],"twitter_card":"summary_large_image","twitter_misc":{"Szacowany czas czytania":"1 minuta"},"schema":{"@context":"https:\/\/schema.org","@graph":[{"@type":"WebPage","@id":"https:\/\/antderground.com\/pl\/produkt\/blaptica-dubia-micro\/","url":"https:\/\/antderground.com\/pl\/produkt\/blaptica-dubia-micro\/","name":"Blaptica dubia \"Micro \" | Idealne \u017cywe po\u017cywienie - ANTDERGROUND","isPartOf":{"@id":"https:\/\/antderground.com\/pl\/#website"},"primaryImageOfPage":{"@id":"https:\/\/antderground.com\/pl\/produkt\/blaptica-dubia-micro\/#primaryimage"},"image":{"@id":"https:\/\/antderground.com\/pl\/produkt\/blaptica-dubia-micro\/#primaryimage"},"thumbnailUrl":"https:\/\/antderground.com\/wp-content\/uploads\/2025\/06\/Blaptica-dubia-micro.jpeg","datePublished":"2025-06-05T10:10:30+00:00","description":"Blaptica dubia \"micro\" (do 1 cm), idealne \u017cywe po\u017cywienie dla gad\u00f3w i m\u0142odych zwierz\u0105t. Od\u017cywcze, bezpieczne i \u0142atwe do strawienia. \ud83e\udd8e\ud83d\udc1b","breadcrumb":{"@id":"https:\/\/antderground.com\/pl\/produkt\/blaptica-dubia-micro\/#breadcrumb"},"inLanguage":"pl-PL","potentialAction":[{"@type":"ReadAction","target":["https:\/\/antderground.com\/pl\/produkt\/blaptica-dubia-micro\/"]}]},{"@type":"ImageObject","inLanguage":"pl-PL","@id":"https:\/\/antderground.com\/pl\/produkt\/blaptica-dubia-micro\/#primaryimage","url":"https:\/\/antderground.com\/wp-content\/uploads\/2025\/06\/Blaptica-dubia-micro.jpeg","contentUrl":"https:\/\/antderground.com\/wp-content\/uploads\/2025\/06\/Blaptica-dubia-micro.jpeg","width":2048,"height":2048,"caption":"Blaptica dubia micro"},{"@type":"BreadcrumbList","@id":"https:\/\/antderground.com\/pl\/produkt\/blaptica-dubia-micro\/#breadcrumb","itemListElement":[{"@type":"ListItem","position":1,"name":"Portada","item":"https:\/\/antderground.com\/pl\/"},{"@type":"ListItem","position":2,"name":"Sklep","item":"https:\/\/antderground.com\/pl\/sklep\/"},{"@type":"ListItem","position":3,"name":"Blaptica dubia &#8220;Micro &#8220;"}]},{"@type":"WebSite","@id":"https:\/\/antderground.com\/pl\/#website","url":"https:\/\/antderground.com\/pl\/","name":"ANTDERGROUND","description":"Tu tienda de hormigas, gran variedad de hormigueros acr\u00edlicos,madera,arena,3D y mas.. Pide tus hormigas gratis con tu pedido, somos expertos en hormigueros antifugas.","publisher":{"@id":"https:\/\/antderground.com\/pl\/#\/schema\/person\/0e322c505e84fe72c65e2f6d08f96b81"},"alternateName":"Antderground","potentialAction":[{"@type":"SearchAction","target":{"@type":"EntryPoint","urlTemplate":"https:\/\/antderground.com\/pl\/?s={search_term_string}"},"query-input":{"@type":"PropertyValueSpecification","valueRequired":true,"valueName":"search_term_string"}}],"inLanguage":"pl-PL"},{"@type":["Person","Organization"],"@id":"https:\/\/antderground.com\/pl\/#\/schema\/person\/0e322c505e84fe72c65e2f6d08f96b81","name":"Eric de Antderground","image":{"@type":"ImageObject","inLanguage":"pl-PL","@id":"https:\/\/secure.gravatar.com\/avatar\/c49a1b9f79216d1498cb73c1e85cd47f4465dda35f2a94c03790d491bd4423c3?s=96&d=mm&r=g","url":"https:\/\/secure.gravatar.com\/avatar\/c49a1b9f79216d1498cb73c1e85cd47f4465dda35f2a94c03790d491bd4423c3?s=96&d=mm&r=g","contentUrl":"https:\/\/secure.gravatar.com\/avatar\/c49a1b9f79216d1498cb73c1e85cd47f4465dda35f2a94c03790d491bd4423c3?s=96&d=mm&r=g","caption":"Eric de Antderground"},"logo":{"@id":"https:\/\/secure.gravatar.com\/avatar\/c49a1b9f79216d1498cb73c1e85cd47f4465dda35f2a94c03790d491bd4423c3?s=96&d=mm&r=g"},"description":"Eric es el especialista y fundador de Antderground, con una amplia trayectoria en artr\u00f3podos y enfocado en la mirmecolog\u00eda y el dise\u00f1o de hormigueros artificiales. Su enfoque combina la innovaci\u00f3n t\u00e9cnica con el respeto por la biolog\u00eda de las hormigas, is\u00f3podos y otros, desarrollando sistemas de nidos modulares 3D y acr\u00edlicos que son referentes para aficionados y profesionales en toda Europa. Su objetivo es facilitar la cr\u00eda de hormigas y otros artr\u00f3podos mediante soluciones seguras y divulgaci\u00f3n de calidad.","sameAs":["https:\/\/antderground.com\/","https:\/\/www.youtube.com\/channel\/UCio72z7TlbufkAthAJIJfPw"]}]}},"_links":{"self":[{"href":"https:\/\/antderground.com\/pl\/wp-json\/wp\/v2\/product\/50766","targetHints":{"allow":["GET"]}}],"collection":[{"href":"https:\/\/antderground.com\/pl\/wp-json\/wp\/v2\/product"}],"about":[{"href":"https:\/\/antderground.com\/pl\/wp-json\/wp\/v2\/types\/product"}],"version-history":[{"count":0,"href":"https:\/\/antderground.com\/pl\/wp-json\/wp\/v2\/product\/50766\/revisions"}],"wp:featuredmedia":[{"embeddable":true,"href":"https:\/\/antderground.com\/pl\/wp-json\/wp\/v2\/media\/50767"}],"wp:attachment":[{"href":"https:\/\/antderground.com\/pl\/wp-json\/wp\/v2\/media?parent=50766"}],"wp:term":[{"taxonomy":"product_brand","embeddable":true,"href":"https:\/\/antderground.com\/pl\/wp-json\/wp\/v2\/product_brand?post=50766"},{"taxonomy":"product_cat","embeddable":true,"href":"https:\/\/antderground.com\/pl\/wp-json\/wp\/v2\/product_cat?post=50766"},{"taxonomy":"product_tag","embeddable":true,"href":"https:\/\/antderground.com\/pl\/wp-json\/wp\/v2\/product_tag?post=50766"}],"curies":[{"name":"wp","href":"https:\/\/api.w.org\/{rel}","templated":true}]}}