{"id":50809,"date":"2024-05-10T11:49:08","date_gmt":"2024-05-10T09:49:08","guid":{"rendered":"https:\/\/antderground.com\/producto\/eucorydia-yasumatsui\/"},"modified":"2024-05-10T11:49:08","modified_gmt":"2024-05-10T09:49:08","slug":"eucorydia-yasumatsui","status":"publish","type":"product","link":"https:\/\/antderground.com\/pl\/produkt\/eucorydia-yasumatsui\/","title":{"rendered":"Eucorydia yasumatsui"},"content":{"rendered":"<p><strong>Nazwa naukowa:<\/strong><\/p>\n<ul>\n<li><em>Eucorydia yasumatsui<\/em><\/li>\n<\/ul>\n<p><strong>Klasyfikacja taksonomiczna:<\/strong><\/p>\n<ul>\n<li>Kr\u00f3lestwo: Animalia<\/li>\n<li>Typ: Arthropoda<\/li>\n<li>Gromada: Insecta<\/li>\n<li>Rz\u0105d: Blattodea<\/li>\n<li>Rodzina: Corydiidae<\/li>\n<li>Rodzaj: <em>Eucorydia<\/em><\/li>\n<\/ul>\n<p><strong>Opis:<\/strong><\/p>\n<ul>\n<li><strong>Wielko\u015b\u0107:<\/strong> <em>Eucorydia yasumatsui<\/em> to \u015bredniej wielko\u015bci karaczan. Doros\u0142e osobniki osi\u0105gaj\u0105 d\u0142ugo\u015b\u0107 oko\u0142o 2\u20133 cm.<\/li>\n<li><strong>Budowa cia\u0142a:<\/strong> Cia\u0142o jest segmentowane i pokryte twardym egzoszkieletem.<\/li>\n<li><strong>Skrzyd\u0142a:<\/strong> Skrzyd\u0142a mog\u0105 wykazywa\u0107 niebieskawy po\u0142ysk, kt\u00f3ry kontrastuje z ciemniejszym ubarwieniem cia\u0142a.<\/li>\n<\/ul>\n<p><strong>Siedlisko:<\/strong><\/p>\n<ul>\n<li>Gatunek ten pochodzi z Azji i wyst\u0119puje g\u0142\u00f3wnie na obszarach le\u015bnych o podwy\u017cszonej wilgotno\u015bci.<\/li>\n<li>Najcz\u0119\u015bciej mo\u017cna go spotka\u0107 w \u015bci\u00f3\u0142ce le\u015bnej, w\u015br\u00f3d opad\u0142ych li\u015bci oraz rozk\u0142adaj\u0105cej si\u0119 materii organicznej.<\/li>\n<\/ul>\n<p><strong>Zachowanie:<\/strong><\/p>\n<ul>\n<li>Jest gatunkiem g\u0142\u00f3wnie nocnym, najbardziej aktywnym po zmroku.<\/li>\n<li>Ma diet\u0119 wszystko\u017cern\u0105 i \u017cywi si\u0119 r\u00f3\u017cnymi rodzajami rozk\u0142adaj\u0105cej si\u0119 materii organicznej, resztkami ro\u015blinnymi oraz innymi materia\u0142ami organicznymi.<\/li>\n<\/ul>\n<p><strong>Rozmna\u017canie:<\/strong><\/p>\n<ul>\n<li>Cykl rozwojowy jest typowy dla karaczan\u00f3w. Samice sk\u0142adaj\u0105 ooteki w os\u0142oni\u0119tych i wilgotnych miejscach.<\/li>\n<li>Nimfy przechodz\u0105 kilka stadi\u00f3w rozwojowych zanim osi\u0105gn\u0105 posta\u0107 doros\u0142\u0105, a tempo wzrostu zale\u017cy m.in. od temperatury i dost\u0119pno\u015bci pokarmu.<\/li>\n<\/ul>\n","protected":false},"excerpt":{"rendered":"<p>Upi\u0119ksz swoje terrarium fascynuj\u0105cym karaczanem Eucorydia yasumatsui!<br \/>\nDzi\u0119ki \u015bredniej wielko\u015bci oraz pi\u0119knym, niebieskawym refleksom na skrzyd\u0142ach wnosi do aran\u017cacji terrarium wyj\u0105tkowy i egzotyczny akcent. Obserwuj jego nocn\u0105 aktywno\u015b\u0107 i podziwiaj intryguj\u0105ce zachowanie tego niezwyk\u0142ego gatunku. To fascynuj\u0105cy dodatek, kt\u00f3ry zamieni Twoje terrarium w prawdziw\u0105, naturaln\u0105 oaz\u0119.<\/p>\n","protected":false},"featured_media":50810,"template":"","meta":[],"product_brand":[],"product_cat":[788,786],"product_tag":[],"class_list":{"0":"post-50809","1":"product","2":"type-product","3":"status-publish","4":"has-post-thumbnail","6":"product_cat-karaczany","7":"product_cat-stawonogi","9":"first","10":"instock","11":"shipping-taxable","12":"purchasable","13":"product-type-variable"},"yoast_head":"<!-- This site is optimized with the Yoast SEO plugin v27.5 - https:\/\/yoast.com\/product\/yoast-seo-wordpress\/ -->\n<title>Eucorydia yasumatsui | Kup karaczany | Stawonogi - ANTDERGROUND<\/title>\n<meta name=\"description\" content=\"Odmie\u0144 swoje terrarium dzi\u0119ki fascynuj\u0105cemu karaczanowi Eucorydia yasumatsui. Dzi\u0119ki \u015bredniej wielko\u015bci oraz pi\u0119knym, niebieskawym odcieniom. Tw\u00f3j sklep z karaczanami!\" \/>\n<meta name=\"robots\" content=\"index, follow, max-snippet:-1, max-image-preview:large, max-video-preview:-1\" \/>\n<link rel=\"canonical\" href=\"https:\/\/antderground.com\/pl\/produkt\/eucorydia-yasumatsui\/\" \/>\n<meta property=\"og:locale\" content=\"pl_PL\" \/>\n<meta property=\"og:type\" content=\"article\" \/>\n<meta property=\"og:title\" content=\"Eucorydia yasumatsui | Kup karaczany | Stawonogi - ANTDERGROUND\" \/>\n<meta property=\"og:description\" content=\"Odmie\u0144 swoje terrarium dzi\u0119ki fascynuj\u0105cemu karaczanowi Eucorydia yasumatsui. Dzi\u0119ki \u015bredniej wielko\u015bci oraz pi\u0119knym, niebieskawym odcieniom. Tw\u00f3j sklep z karaczanami!\" \/>\n<meta property=\"og:url\" content=\"https:\/\/antderground.com\/pl\/produkt\/eucorydia-yasumatsui\/\" \/>\n<meta property=\"og:site_name\" content=\"ANTDERGROUND\" \/>\n<meta property=\"og:image\" content=\"https:\/\/antderground.com\/wp-content\/uploads\/2024\/05\/Eucorydia-yasumatsui.jpg\" \/>\n\t<meta property=\"og:image:width\" content=\"1417\" \/>\n\t<meta property=\"og:image:height\" content=\"1417\" \/>\n\t<meta property=\"og:image:type\" content=\"image\/jpeg\" \/>\n<meta name=\"twitter:card\" content=\"summary_large_image\" \/>\n<meta name=\"twitter:label1\" content=\"Szacowany czas czytania\" \/>\n\t<meta name=\"twitter:data1\" content=\"1 minuta\" \/>\n<script type=\"application\/ld+json\" class=\"yoast-schema-graph\">{\"@context\":\"https:\\\/\\\/schema.org\",\"@graph\":[{\"@type\":\"WebPage\",\"@id\":\"https:\\\/\\\/antderground.com\\\/pl\\\/produkt\\\/eucorydia-yasumatsui\\\/\",\"url\":\"https:\\\/\\\/antderground.com\\\/pl\\\/produkt\\\/eucorydia-yasumatsui\\\/\",\"name\":\"Eucorydia yasumatsui | Kup karaczany | Stawonogi - ANTDERGROUND\",\"isPartOf\":{\"@id\":\"https:\\\/\\\/antderground.com\\\/pl\\\/#website\"},\"primaryImageOfPage\":{\"@id\":\"https:\\\/\\\/antderground.com\\\/pl\\\/produkt\\\/eucorydia-yasumatsui\\\/#primaryimage\"},\"image\":{\"@id\":\"https:\\\/\\\/antderground.com\\\/pl\\\/produkt\\\/eucorydia-yasumatsui\\\/#primaryimage\"},\"thumbnailUrl\":\"https:\\\/\\\/antderground.com\\\/wp-content\\\/uploads\\\/2024\\\/05\\\/Eucorydia-yasumatsui.jpg\",\"datePublished\":\"2024-05-10T09:49:08+00:00\",\"description\":\"Odmie\u0144 swoje terrarium dzi\u0119ki fascynuj\u0105cemu karaczanowi Eucorydia yasumatsui. Dzi\u0119ki \u015bredniej wielko\u015bci oraz pi\u0119knym, niebieskawym odcieniom. Tw\u00f3j sklep z karaczanami!\",\"breadcrumb\":{\"@id\":\"https:\\\/\\\/antderground.com\\\/pl\\\/produkt\\\/eucorydia-yasumatsui\\\/#breadcrumb\"},\"inLanguage\":\"pl-PL\",\"potentialAction\":[{\"@type\":\"ReadAction\",\"target\":[\"https:\\\/\\\/antderground.com\\\/pl\\\/produkt\\\/eucorydia-yasumatsui\\\/\"]}]},{\"@type\":\"ImageObject\",\"inLanguage\":\"pl-PL\",\"@id\":\"https:\\\/\\\/antderground.com\\\/pl\\\/produkt\\\/eucorydia-yasumatsui\\\/#primaryimage\",\"url\":\"https:\\\/\\\/antderground.com\\\/wp-content\\\/uploads\\\/2024\\\/05\\\/Eucorydia-yasumatsui.jpg\",\"contentUrl\":\"https:\\\/\\\/antderground.com\\\/wp-content\\\/uploads\\\/2024\\\/05\\\/Eucorydia-yasumatsui.jpg\",\"width\":1417,\"height\":1417,\"caption\":\"Eucorydia yasumatsui\"},{\"@type\":\"BreadcrumbList\",\"@id\":\"https:\\\/\\\/antderground.com\\\/pl\\\/produkt\\\/eucorydia-yasumatsui\\\/#breadcrumb\",\"itemListElement\":[{\"@type\":\"ListItem\",\"position\":1,\"name\":\"Portada\",\"item\":\"https:\\\/\\\/antderground.com\\\/pl\\\/\"},{\"@type\":\"ListItem\",\"position\":2,\"name\":\"Sklep\",\"item\":\"https:\\\/\\\/antderground.com\\\/pl\\\/sklep\\\/\"},{\"@type\":\"ListItem\",\"position\":3,\"name\":\"Eucorydia yasumatsui\"}]},{\"@type\":\"WebSite\",\"@id\":\"https:\\\/\\\/antderground.com\\\/pl\\\/#website\",\"url\":\"https:\\\/\\\/antderground.com\\\/pl\\\/\",\"name\":\"ANTDERGROUND\",\"description\":\"Tu tienda de hormigas, gran variedad de hormigueros acr\u00edlicos,madera,arena,3D y mas.. Pide tus hormigas gratis con tu pedido, somos expertos en hormigueros antifugas.\",\"publisher\":{\"@id\":\"https:\\\/\\\/antderground.com\\\/pl\\\/#\\\/schema\\\/person\\\/0e322c505e84fe72c65e2f6d08f96b81\"},\"alternateName\":\"Antderground\",\"potentialAction\":[{\"@type\":\"SearchAction\",\"target\":{\"@type\":\"EntryPoint\",\"urlTemplate\":\"https:\\\/\\\/antderground.com\\\/pl\\\/?s={search_term_string}\"},\"query-input\":{\"@type\":\"PropertyValueSpecification\",\"valueRequired\":true,\"valueName\":\"search_term_string\"}}],\"inLanguage\":\"pl-PL\"},{\"@type\":[\"Person\",\"Organization\"],\"@id\":\"https:\\\/\\\/antderground.com\\\/pl\\\/#\\\/schema\\\/person\\\/0e322c505e84fe72c65e2f6d08f96b81\",\"name\":\"Eric de Antderground\",\"image\":{\"@type\":\"ImageObject\",\"inLanguage\":\"pl-PL\",\"@id\":\"https:\\\/\\\/secure.gravatar.com\\\/avatar\\\/c49a1b9f79216d1498cb73c1e85cd47f4465dda35f2a94c03790d491bd4423c3?s=96&d=mm&r=g\",\"url\":\"https:\\\/\\\/secure.gravatar.com\\\/avatar\\\/c49a1b9f79216d1498cb73c1e85cd47f4465dda35f2a94c03790d491bd4423c3?s=96&d=mm&r=g\",\"contentUrl\":\"https:\\\/\\\/secure.gravatar.com\\\/avatar\\\/c49a1b9f79216d1498cb73c1e85cd47f4465dda35f2a94c03790d491bd4423c3?s=96&d=mm&r=g\",\"caption\":\"Eric de Antderground\"},\"logo\":{\"@id\":\"https:\\\/\\\/secure.gravatar.com\\\/avatar\\\/c49a1b9f79216d1498cb73c1e85cd47f4465dda35f2a94c03790d491bd4423c3?s=96&d=mm&r=g\"},\"description\":\"Eric es el especialista y fundador de Antderground, con una amplia trayectoria en artr\u00f3podos y enfocado en la mirmecolog\u00eda y el dise\u00f1o de hormigueros artificiales. Su enfoque combina la innovaci\u00f3n t\u00e9cnica con el respeto por la biolog\u00eda de las hormigas, is\u00f3podos y otros, desarrollando sistemas de nidos modulares 3D y acr\u00edlicos que son referentes para aficionados y profesionales en toda Europa. Su objetivo es facilitar la cr\u00eda de hormigas y otros artr\u00f3podos mediante soluciones seguras y divulgaci\u00f3n de calidad.\",\"sameAs\":[\"https:\\\/\\\/antderground.com\\\/\",\"https:\\\/\\\/www.youtube.com\\\/channel\\\/UCio72z7TlbufkAthAJIJfPw\"]}]}<\/script>\n<!-- \/ Yoast SEO plugin. -->","yoast_head_json":{"title":"Eucorydia yasumatsui | Kup karaczany | Stawonogi - ANTDERGROUND","description":"Odmie\u0144 swoje terrarium dzi\u0119ki fascynuj\u0105cemu karaczanowi Eucorydia yasumatsui. Dzi\u0119ki \u015bredniej wielko\u015bci oraz pi\u0119knym, niebieskawym odcieniom. Tw\u00f3j sklep z karaczanami!","robots":{"index":"index","follow":"follow","max-snippet":"max-snippet:-1","max-image-preview":"max-image-preview:large","max-video-preview":"max-video-preview:-1"},"canonical":"https:\/\/antderground.com\/pl\/produkt\/eucorydia-yasumatsui\/","og_locale":"pl_PL","og_type":"article","og_title":"Eucorydia yasumatsui | Kup karaczany | Stawonogi - ANTDERGROUND","og_description":"Odmie\u0144 swoje terrarium dzi\u0119ki fascynuj\u0105cemu karaczanowi Eucorydia yasumatsui. Dzi\u0119ki \u015bredniej wielko\u015bci oraz pi\u0119knym, niebieskawym odcieniom. Tw\u00f3j sklep z karaczanami!","og_url":"https:\/\/antderground.com\/pl\/produkt\/eucorydia-yasumatsui\/","og_site_name":"ANTDERGROUND","og_image":[{"width":1417,"height":1417,"url":"https:\/\/antderground.com\/wp-content\/uploads\/2024\/05\/Eucorydia-yasumatsui.jpg","type":"image\/jpeg"}],"twitter_card":"summary_large_image","twitter_misc":{"Szacowany czas czytania":"1 minuta"},"schema":{"@context":"https:\/\/schema.org","@graph":[{"@type":"WebPage","@id":"https:\/\/antderground.com\/pl\/produkt\/eucorydia-yasumatsui\/","url":"https:\/\/antderground.com\/pl\/produkt\/eucorydia-yasumatsui\/","name":"Eucorydia yasumatsui | Kup karaczany | Stawonogi - ANTDERGROUND","isPartOf":{"@id":"https:\/\/antderground.com\/pl\/#website"},"primaryImageOfPage":{"@id":"https:\/\/antderground.com\/pl\/produkt\/eucorydia-yasumatsui\/#primaryimage"},"image":{"@id":"https:\/\/antderground.com\/pl\/produkt\/eucorydia-yasumatsui\/#primaryimage"},"thumbnailUrl":"https:\/\/antderground.com\/wp-content\/uploads\/2024\/05\/Eucorydia-yasumatsui.jpg","datePublished":"2024-05-10T09:49:08+00:00","description":"Odmie\u0144 swoje terrarium dzi\u0119ki fascynuj\u0105cemu karaczanowi Eucorydia yasumatsui. Dzi\u0119ki \u015bredniej wielko\u015bci oraz pi\u0119knym, niebieskawym odcieniom. Tw\u00f3j sklep z karaczanami!","breadcrumb":{"@id":"https:\/\/antderground.com\/pl\/produkt\/eucorydia-yasumatsui\/#breadcrumb"},"inLanguage":"pl-PL","potentialAction":[{"@type":"ReadAction","target":["https:\/\/antderground.com\/pl\/produkt\/eucorydia-yasumatsui\/"]}]},{"@type":"ImageObject","inLanguage":"pl-PL","@id":"https:\/\/antderground.com\/pl\/produkt\/eucorydia-yasumatsui\/#primaryimage","url":"https:\/\/antderground.com\/wp-content\/uploads\/2024\/05\/Eucorydia-yasumatsui.jpg","contentUrl":"https:\/\/antderground.com\/wp-content\/uploads\/2024\/05\/Eucorydia-yasumatsui.jpg","width":1417,"height":1417,"caption":"Eucorydia yasumatsui"},{"@type":"BreadcrumbList","@id":"https:\/\/antderground.com\/pl\/produkt\/eucorydia-yasumatsui\/#breadcrumb","itemListElement":[{"@type":"ListItem","position":1,"name":"Portada","item":"https:\/\/antderground.com\/pl\/"},{"@type":"ListItem","position":2,"name":"Sklep","item":"https:\/\/antderground.com\/pl\/sklep\/"},{"@type":"ListItem","position":3,"name":"Eucorydia yasumatsui"}]},{"@type":"WebSite","@id":"https:\/\/antderground.com\/pl\/#website","url":"https:\/\/antderground.com\/pl\/","name":"ANTDERGROUND","description":"Tu tienda de hormigas, gran variedad de hormigueros acr\u00edlicos,madera,arena,3D y mas.. Pide tus hormigas gratis con tu pedido, somos expertos en hormigueros antifugas.","publisher":{"@id":"https:\/\/antderground.com\/pl\/#\/schema\/person\/0e322c505e84fe72c65e2f6d08f96b81"},"alternateName":"Antderground","potentialAction":[{"@type":"SearchAction","target":{"@type":"EntryPoint","urlTemplate":"https:\/\/antderground.com\/pl\/?s={search_term_string}"},"query-input":{"@type":"PropertyValueSpecification","valueRequired":true,"valueName":"search_term_string"}}],"inLanguage":"pl-PL"},{"@type":["Person","Organization"],"@id":"https:\/\/antderground.com\/pl\/#\/schema\/person\/0e322c505e84fe72c65e2f6d08f96b81","name":"Eric de Antderground","image":{"@type":"ImageObject","inLanguage":"pl-PL","@id":"https:\/\/secure.gravatar.com\/avatar\/c49a1b9f79216d1498cb73c1e85cd47f4465dda35f2a94c03790d491bd4423c3?s=96&d=mm&r=g","url":"https:\/\/secure.gravatar.com\/avatar\/c49a1b9f79216d1498cb73c1e85cd47f4465dda35f2a94c03790d491bd4423c3?s=96&d=mm&r=g","contentUrl":"https:\/\/secure.gravatar.com\/avatar\/c49a1b9f79216d1498cb73c1e85cd47f4465dda35f2a94c03790d491bd4423c3?s=96&d=mm&r=g","caption":"Eric de Antderground"},"logo":{"@id":"https:\/\/secure.gravatar.com\/avatar\/c49a1b9f79216d1498cb73c1e85cd47f4465dda35f2a94c03790d491bd4423c3?s=96&d=mm&r=g"},"description":"Eric es el especialista y fundador de Antderground, con una amplia trayectoria en artr\u00f3podos y enfocado en la mirmecolog\u00eda y el dise\u00f1o de hormigueros artificiales. Su enfoque combina la innovaci\u00f3n t\u00e9cnica con el respeto por la biolog\u00eda de las hormigas, is\u00f3podos y otros, desarrollando sistemas de nidos modulares 3D y acr\u00edlicos que son referentes para aficionados y profesionales en toda Europa. Su objetivo es facilitar la cr\u00eda de hormigas y otros artr\u00f3podos mediante soluciones seguras y divulgaci\u00f3n de calidad.","sameAs":["https:\/\/antderground.com\/","https:\/\/www.youtube.com\/channel\/UCio72z7TlbufkAthAJIJfPw"]}]}},"_links":{"self":[{"href":"https:\/\/antderground.com\/pl\/wp-json\/wp\/v2\/product\/50809","targetHints":{"allow":["GET"]}}],"collection":[{"href":"https:\/\/antderground.com\/pl\/wp-json\/wp\/v2\/product"}],"about":[{"href":"https:\/\/antderground.com\/pl\/wp-json\/wp\/v2\/types\/product"}],"version-history":[{"count":0,"href":"https:\/\/antderground.com\/pl\/wp-json\/wp\/v2\/product\/50809\/revisions"}],"wp:featuredmedia":[{"embeddable":true,"href":"https:\/\/antderground.com\/pl\/wp-json\/wp\/v2\/media\/50810"}],"wp:attachment":[{"href":"https:\/\/antderground.com\/pl\/wp-json\/wp\/v2\/media?parent=50809"}],"wp:term":[{"taxonomy":"product_brand","embeddable":true,"href":"https:\/\/antderground.com\/pl\/wp-json\/wp\/v2\/product_brand?post=50809"},{"taxonomy":"product_cat","embeddable":true,"href":"https:\/\/antderground.com\/pl\/wp-json\/wp\/v2\/product_cat?post=50809"},{"taxonomy":"product_tag","embeddable":true,"href":"https:\/\/antderground.com\/pl\/wp-json\/wp\/v2\/product_tag?post=50809"}],"curies":[{"name":"wp","href":"https:\/\/api.w.org\/{rel}","templated":true}]}}