{"id":50814,"date":"2024-02-15T22:00:01","date_gmt":"2024-02-15T21:00:01","guid":{"rendered":"https:\/\/antderground.com\/producto\/gromphadorhina-portentosa\/"},"modified":"2024-02-15T22:00:01","modified_gmt":"2024-02-15T21:00:01","slug":"gromphadorhina-portentosa","status":"publish","type":"product","link":"https:\/\/antderground.com\/pl\/produkt\/gromphadorhina-portentosa\/","title":{"rendered":"Gromphadorhina portentosa"},"content":{"rendered":"<p><strong>Nazwa naukowa:<\/strong> <em>Gromphadorhina portentosa<\/em><\/p>\n<p><strong>Nazwa zwyczajowa:<\/strong> Karaczan madagaskarski<\/p>\n<p><strong>Klasyfikacja taksonomiczna:<\/strong><\/p>\n<ul>\n<li>Kr\u00f3lestwo: Animalia<\/li>\n<li>Typ: Arthropoda<\/li>\n<li>Gromada: Insecta<\/li>\n<li>Rz\u0105d: Blattodea<\/li>\n<li>Rodzina: Blaberidae<\/li>\n<li>Rodzaj: <em>Gromphadorhina<\/em><\/li>\n<\/ul>\n<p><strong>Wyst\u0119powanie i siedlisko:<\/strong><br \/>\nGatunek ten jest endemiczny dla Madagaskaru, co oznacza, \u017ce naturalnie wyst\u0119puje wy\u0142\u0105cznie na tej wyspie. Na Madagaskarze mo\u017cna go spotka\u0107 w r\u00f3\u017cnych \u015brodowiskach, od wilgotnych las\u00f3w tropikalnych po bardziej suche obszary.<\/p>\n<p><strong>Opis:<\/strong><\/p>\n<ul>\n<li><strong>Wielko\u015b\u0107:<\/strong> Karaczany madagaskarskie s\u0105, jak wskazuje ich nazwa, du\u017ce w por\u00f3wnaniu z innymi karaczanami. Doros\u0142e osobniki osi\u0105gaj\u0105 zwykle od 5 do 7 cm d\u0142ugo\u015bci.<\/li>\n<li><strong>Ubarwienie:<\/strong> Maj\u0105 ciemnobr\u0105zowe lub prawie czarne ubarwienie oraz twardy, cz\u0119sto lekko b\u0142yszcz\u0105cy osk\u00f3rek.<\/li>\n<li><strong>Morfologia:<\/strong> Cia\u0142o podzielone jest na trzy g\u0142\u00f3wne cz\u0119\u015bci: g\u0142ow\u0119, tu\u0142\u00f3w i odw\u0142ok.<\/li>\n<\/ul>\n<p><strong>Zachowanie i dieta:<\/strong><br \/>\nKaraczany madagaskarskie prowadz\u0105 g\u0142\u00f3wnie nocny tryb \u017cycia. Od\u017cywiaj\u0105 si\u0119 r\u00f3\u017cnego rodzaju materi\u0105 organiczn\u0105 w rozk\u0142adzie, tak\u0105 jak owoce, warzywa oraz rozk\u0142adaj\u0105ce si\u0119 resztki ro\u015blinne. S\u0105 wszystko\u017cerne i mog\u0105 spo\u017cywa\u0107 szeroki zakres pokarm\u00f3w. W \u015brodowisku naturalnym odgrywaj\u0105 wa\u017cn\u0105 rol\u0119 w procesach rozk\u0142adu materii organicznej i obiegu sk\u0142adnik\u00f3w od\u017cywczych w ekosystemie.<\/p>\n<p><strong>Relacje z cz\u0142owiekiem:<\/strong><br \/>\nKaraczany te zyska\u0142y popularno\u015b\u0107 jako egzotyczne zwierz\u0119ta hodowlane ze wzgl\u0119du na sw\u00f3j interesuj\u0105cy wygl\u0105d oraz stosunkowo \u0142atw\u0105 hodowl\u0119 w warunkach niewoli. S\u0105 r\u00f3wnie\u017c wykorzystywane w badaniach naukowych, mi\u0119dzy innymi w dziedzinach takich jak ekologia, fizjologia czy genetyka.<\/p>\n","protected":false},"excerpt":{"rendered":"<p>Odkryj fascynuj\u0105cego karaczana madagaskarskiego! Idealny jako egzotyczne zwierz\u0119 hodowlane lub do projekt\u00f3w badawczych. Jego niezwyk\u0142y wygl\u0105d oraz \u0142atwo\u015b\u0107 w hodowli sprawiaj\u0105, \u017ce jest to naprawd\u0119 wyj\u0105tkowy gatunek. Odkryj fascynuj\u0105cy \u015bwiat tych niesamowitych stworze\u0144!<\/p>\n","protected":false},"featured_media":50815,"template":"","meta":[],"product_brand":[],"product_cat":[788,780,781,786],"product_tag":[],"class_list":{"0":"post-50814","1":"product","2":"type-product","3":"status-publish","4":"has-post-thumbnail","6":"product_cat-karaczany","7":"product_cat-karmienie","8":"product_cat-pokarm-zywy","9":"product_cat-stawonogi","11":"first","12":"instock","13":"shipping-taxable","14":"purchasable","15":"product-type-variable"},"yoast_head":"<!-- This site is optimized with the Yoast SEO plugin v27.5 - https:\/\/yoast.com\/product\/yoast-seo-wordpress\/ -->\n<title>Gromphadorhina portentosa (olbrzymi karaczan madagaskarski) - ANTDERGROUND<\/title>\n<meta name=\"description\" content=\"Odkryj Gromphadorhina portentosa , znan\u0105 jako olbrzymi karaczan madagaskarski. Du\u017cy wyb\u00f3r egzotycznych karaczan\u00f3w ;-)\" \/>\n<meta name=\"robots\" content=\"index, follow, max-snippet:-1, max-image-preview:large, max-video-preview:-1\" \/>\n<link rel=\"canonical\" href=\"https:\/\/antderground.com\/pl\/produkt\/gromphadorhina-portentosa\/\" \/>\n<meta property=\"og:locale\" content=\"pl_PL\" \/>\n<meta property=\"og:type\" content=\"article\" \/>\n<meta property=\"og:title\" content=\"Gromphadorhina portentosa (olbrzymi karaczan madagaskarski) - ANTDERGROUND\" \/>\n<meta property=\"og:description\" content=\"Odkryj Gromphadorhina portentosa , znan\u0105 jako olbrzymi karaczan madagaskarski. Du\u017cy wyb\u00f3r egzotycznych karaczan\u00f3w ;-)\" \/>\n<meta property=\"og:url\" content=\"https:\/\/antderground.com\/pl\/produkt\/gromphadorhina-portentosa\/\" \/>\n<meta property=\"og:site_name\" content=\"ANTDERGROUND\" \/>\n<meta property=\"og:image\" content=\"https:\/\/antderground.com\/wp-content\/uploads\/2024\/02\/Gromphadorhina-portentosa.jpg\" \/>\n\t<meta property=\"og:image:width\" content=\"1417\" \/>\n\t<meta property=\"og:image:height\" content=\"1417\" \/>\n\t<meta property=\"og:image:type\" content=\"image\/jpeg\" \/>\n<meta name=\"twitter:card\" content=\"summary_large_image\" \/>\n<meta name=\"twitter:label1\" content=\"Szacowany czas czytania\" \/>\n\t<meta name=\"twitter:data1\" content=\"1 minuta\" \/>\n<script type=\"application\/ld+json\" class=\"yoast-schema-graph\">{\"@context\":\"https:\\\/\\\/schema.org\",\"@graph\":[{\"@type\":\"WebPage\",\"@id\":\"https:\\\/\\\/antderground.com\\\/pl\\\/produkt\\\/gromphadorhina-portentosa\\\/\",\"url\":\"https:\\\/\\\/antderground.com\\\/pl\\\/produkt\\\/gromphadorhina-portentosa\\\/\",\"name\":\"Gromphadorhina portentosa (olbrzymi karaczan madagaskarski) - ANTDERGROUND\",\"isPartOf\":{\"@id\":\"https:\\\/\\\/antderground.com\\\/pl\\\/#website\"},\"primaryImageOfPage\":{\"@id\":\"https:\\\/\\\/antderground.com\\\/pl\\\/produkt\\\/gromphadorhina-portentosa\\\/#primaryimage\"},\"image\":{\"@id\":\"https:\\\/\\\/antderground.com\\\/pl\\\/produkt\\\/gromphadorhina-portentosa\\\/#primaryimage\"},\"thumbnailUrl\":\"https:\\\/\\\/antderground.com\\\/wp-content\\\/uploads\\\/2024\\\/02\\\/Gromphadorhina-portentosa.jpg\",\"datePublished\":\"2024-02-15T21:00:01+00:00\",\"description\":\"Odkryj Gromphadorhina portentosa , znan\u0105 jako olbrzymi karaczan madagaskarski. Du\u017cy wyb\u00f3r egzotycznych karaczan\u00f3w ;-)\",\"breadcrumb\":{\"@id\":\"https:\\\/\\\/antderground.com\\\/pl\\\/produkt\\\/gromphadorhina-portentosa\\\/#breadcrumb\"},\"inLanguage\":\"pl-PL\",\"potentialAction\":[{\"@type\":\"ReadAction\",\"target\":[\"https:\\\/\\\/antderground.com\\\/pl\\\/produkt\\\/gromphadorhina-portentosa\\\/\"]}]},{\"@type\":\"ImageObject\",\"inLanguage\":\"pl-PL\",\"@id\":\"https:\\\/\\\/antderground.com\\\/pl\\\/produkt\\\/gromphadorhina-portentosa\\\/#primaryimage\",\"url\":\"https:\\\/\\\/antderground.com\\\/wp-content\\\/uploads\\\/2024\\\/02\\\/Gromphadorhina-portentosa.jpg\",\"contentUrl\":\"https:\\\/\\\/antderground.com\\\/wp-content\\\/uploads\\\/2024\\\/02\\\/Gromphadorhina-portentosa.jpg\",\"width\":1417,\"height\":1417,\"caption\":\"Gromphadorhina portentosa\"},{\"@type\":\"BreadcrumbList\",\"@id\":\"https:\\\/\\\/antderground.com\\\/pl\\\/produkt\\\/gromphadorhina-portentosa\\\/#breadcrumb\",\"itemListElement\":[{\"@type\":\"ListItem\",\"position\":1,\"name\":\"Portada\",\"item\":\"https:\\\/\\\/antderground.com\\\/pl\\\/\"},{\"@type\":\"ListItem\",\"position\":2,\"name\":\"Sklep\",\"item\":\"https:\\\/\\\/antderground.com\\\/pl\\\/sklep\\\/\"},{\"@type\":\"ListItem\",\"position\":3,\"name\":\"Gromphadorhina portentosa\"}]},{\"@type\":\"WebSite\",\"@id\":\"https:\\\/\\\/antderground.com\\\/pl\\\/#website\",\"url\":\"https:\\\/\\\/antderground.com\\\/pl\\\/\",\"name\":\"ANTDERGROUND\",\"description\":\"Tu tienda de hormigas, gran variedad de hormigueros acr\u00edlicos,madera,arena,3D y mas.. Pide tus hormigas gratis con tu pedido, somos expertos en hormigueros antifugas.\",\"publisher\":{\"@id\":\"https:\\\/\\\/antderground.com\\\/pl\\\/#\\\/schema\\\/person\\\/0e322c505e84fe72c65e2f6d08f96b81\"},\"alternateName\":\"Antderground\",\"potentialAction\":[{\"@type\":\"SearchAction\",\"target\":{\"@type\":\"EntryPoint\",\"urlTemplate\":\"https:\\\/\\\/antderground.com\\\/pl\\\/?s={search_term_string}\"},\"query-input\":{\"@type\":\"PropertyValueSpecification\",\"valueRequired\":true,\"valueName\":\"search_term_string\"}}],\"inLanguage\":\"pl-PL\"},{\"@type\":[\"Person\",\"Organization\"],\"@id\":\"https:\\\/\\\/antderground.com\\\/pl\\\/#\\\/schema\\\/person\\\/0e322c505e84fe72c65e2f6d08f96b81\",\"name\":\"Eric de Antderground\",\"image\":{\"@type\":\"ImageObject\",\"inLanguage\":\"pl-PL\",\"@id\":\"https:\\\/\\\/secure.gravatar.com\\\/avatar\\\/c49a1b9f79216d1498cb73c1e85cd47f4465dda35f2a94c03790d491bd4423c3?s=96&d=mm&r=g\",\"url\":\"https:\\\/\\\/secure.gravatar.com\\\/avatar\\\/c49a1b9f79216d1498cb73c1e85cd47f4465dda35f2a94c03790d491bd4423c3?s=96&d=mm&r=g\",\"contentUrl\":\"https:\\\/\\\/secure.gravatar.com\\\/avatar\\\/c49a1b9f79216d1498cb73c1e85cd47f4465dda35f2a94c03790d491bd4423c3?s=96&d=mm&r=g\",\"caption\":\"Eric de Antderground\"},\"logo\":{\"@id\":\"https:\\\/\\\/secure.gravatar.com\\\/avatar\\\/c49a1b9f79216d1498cb73c1e85cd47f4465dda35f2a94c03790d491bd4423c3?s=96&d=mm&r=g\"},\"description\":\"Eric es el especialista y fundador de Antderground, con una amplia trayectoria en artr\u00f3podos y enfocado en la mirmecolog\u00eda y el dise\u00f1o de hormigueros artificiales. Su enfoque combina la innovaci\u00f3n t\u00e9cnica con el respeto por la biolog\u00eda de las hormigas, is\u00f3podos y otros, desarrollando sistemas de nidos modulares 3D y acr\u00edlicos que son referentes para aficionados y profesionales en toda Europa. Su objetivo es facilitar la cr\u00eda de hormigas y otros artr\u00f3podos mediante soluciones seguras y divulgaci\u00f3n de calidad.\",\"sameAs\":[\"https:\\\/\\\/antderground.com\\\/\",\"https:\\\/\\\/www.youtube.com\\\/channel\\\/UCio72z7TlbufkAthAJIJfPw\"]}]}<\/script>\n<!-- \/ Yoast SEO plugin. -->","yoast_head_json":{"title":"Gromphadorhina portentosa (olbrzymi karaczan madagaskarski) - ANTDERGROUND","description":"Odkryj Gromphadorhina portentosa , znan\u0105 jako olbrzymi karaczan madagaskarski. Du\u017cy wyb\u00f3r egzotycznych karaczan\u00f3w ;-)","robots":{"index":"index","follow":"follow","max-snippet":"max-snippet:-1","max-image-preview":"max-image-preview:large","max-video-preview":"max-video-preview:-1"},"canonical":"https:\/\/antderground.com\/pl\/produkt\/gromphadorhina-portentosa\/","og_locale":"pl_PL","og_type":"article","og_title":"Gromphadorhina portentosa (olbrzymi karaczan madagaskarski) - ANTDERGROUND","og_description":"Odkryj Gromphadorhina portentosa , znan\u0105 jako olbrzymi karaczan madagaskarski. Du\u017cy wyb\u00f3r egzotycznych karaczan\u00f3w ;-)","og_url":"https:\/\/antderground.com\/pl\/produkt\/gromphadorhina-portentosa\/","og_site_name":"ANTDERGROUND","og_image":[{"width":1417,"height":1417,"url":"https:\/\/antderground.com\/wp-content\/uploads\/2024\/02\/Gromphadorhina-portentosa.jpg","type":"image\/jpeg"}],"twitter_card":"summary_large_image","twitter_misc":{"Szacowany czas czytania":"1 minuta"},"schema":{"@context":"https:\/\/schema.org","@graph":[{"@type":"WebPage","@id":"https:\/\/antderground.com\/pl\/produkt\/gromphadorhina-portentosa\/","url":"https:\/\/antderground.com\/pl\/produkt\/gromphadorhina-portentosa\/","name":"Gromphadorhina portentosa (olbrzymi karaczan madagaskarski) - ANTDERGROUND","isPartOf":{"@id":"https:\/\/antderground.com\/pl\/#website"},"primaryImageOfPage":{"@id":"https:\/\/antderground.com\/pl\/produkt\/gromphadorhina-portentosa\/#primaryimage"},"image":{"@id":"https:\/\/antderground.com\/pl\/produkt\/gromphadorhina-portentosa\/#primaryimage"},"thumbnailUrl":"https:\/\/antderground.com\/wp-content\/uploads\/2024\/02\/Gromphadorhina-portentosa.jpg","datePublished":"2024-02-15T21:00:01+00:00","description":"Odkryj Gromphadorhina portentosa , znan\u0105 jako olbrzymi karaczan madagaskarski. Du\u017cy wyb\u00f3r egzotycznych karaczan\u00f3w ;-)","breadcrumb":{"@id":"https:\/\/antderground.com\/pl\/produkt\/gromphadorhina-portentosa\/#breadcrumb"},"inLanguage":"pl-PL","potentialAction":[{"@type":"ReadAction","target":["https:\/\/antderground.com\/pl\/produkt\/gromphadorhina-portentosa\/"]}]},{"@type":"ImageObject","inLanguage":"pl-PL","@id":"https:\/\/antderground.com\/pl\/produkt\/gromphadorhina-portentosa\/#primaryimage","url":"https:\/\/antderground.com\/wp-content\/uploads\/2024\/02\/Gromphadorhina-portentosa.jpg","contentUrl":"https:\/\/antderground.com\/wp-content\/uploads\/2024\/02\/Gromphadorhina-portentosa.jpg","width":1417,"height":1417,"caption":"Gromphadorhina portentosa"},{"@type":"BreadcrumbList","@id":"https:\/\/antderground.com\/pl\/produkt\/gromphadorhina-portentosa\/#breadcrumb","itemListElement":[{"@type":"ListItem","position":1,"name":"Portada","item":"https:\/\/antderground.com\/pl\/"},{"@type":"ListItem","position":2,"name":"Sklep","item":"https:\/\/antderground.com\/pl\/sklep\/"},{"@type":"ListItem","position":3,"name":"Gromphadorhina portentosa"}]},{"@type":"WebSite","@id":"https:\/\/antderground.com\/pl\/#website","url":"https:\/\/antderground.com\/pl\/","name":"ANTDERGROUND","description":"Tu tienda de hormigas, gran variedad de hormigueros acr\u00edlicos,madera,arena,3D y mas.. Pide tus hormigas gratis con tu pedido, somos expertos en hormigueros antifugas.","publisher":{"@id":"https:\/\/antderground.com\/pl\/#\/schema\/person\/0e322c505e84fe72c65e2f6d08f96b81"},"alternateName":"Antderground","potentialAction":[{"@type":"SearchAction","target":{"@type":"EntryPoint","urlTemplate":"https:\/\/antderground.com\/pl\/?s={search_term_string}"},"query-input":{"@type":"PropertyValueSpecification","valueRequired":true,"valueName":"search_term_string"}}],"inLanguage":"pl-PL"},{"@type":["Person","Organization"],"@id":"https:\/\/antderground.com\/pl\/#\/schema\/person\/0e322c505e84fe72c65e2f6d08f96b81","name":"Eric de Antderground","image":{"@type":"ImageObject","inLanguage":"pl-PL","@id":"https:\/\/secure.gravatar.com\/avatar\/c49a1b9f79216d1498cb73c1e85cd47f4465dda35f2a94c03790d491bd4423c3?s=96&d=mm&r=g","url":"https:\/\/secure.gravatar.com\/avatar\/c49a1b9f79216d1498cb73c1e85cd47f4465dda35f2a94c03790d491bd4423c3?s=96&d=mm&r=g","contentUrl":"https:\/\/secure.gravatar.com\/avatar\/c49a1b9f79216d1498cb73c1e85cd47f4465dda35f2a94c03790d491bd4423c3?s=96&d=mm&r=g","caption":"Eric de Antderground"},"logo":{"@id":"https:\/\/secure.gravatar.com\/avatar\/c49a1b9f79216d1498cb73c1e85cd47f4465dda35f2a94c03790d491bd4423c3?s=96&d=mm&r=g"},"description":"Eric es el especialista y fundador de Antderground, con una amplia trayectoria en artr\u00f3podos y enfocado en la mirmecolog\u00eda y el dise\u00f1o de hormigueros artificiales. Su enfoque combina la innovaci\u00f3n t\u00e9cnica con el respeto por la biolog\u00eda de las hormigas, is\u00f3podos y otros, desarrollando sistemas de nidos modulares 3D y acr\u00edlicos que son referentes para aficionados y profesionales en toda Europa. Su objetivo es facilitar la cr\u00eda de hormigas y otros artr\u00f3podos mediante soluciones seguras y divulgaci\u00f3n de calidad.","sameAs":["https:\/\/antderground.com\/","https:\/\/www.youtube.com\/channel\/UCio72z7TlbufkAthAJIJfPw"]}]}},"_links":{"self":[{"href":"https:\/\/antderground.com\/pl\/wp-json\/wp\/v2\/product\/50814","targetHints":{"allow":["GET"]}}],"collection":[{"href":"https:\/\/antderground.com\/pl\/wp-json\/wp\/v2\/product"}],"about":[{"href":"https:\/\/antderground.com\/pl\/wp-json\/wp\/v2\/types\/product"}],"version-history":[{"count":0,"href":"https:\/\/antderground.com\/pl\/wp-json\/wp\/v2\/product\/50814\/revisions"}],"wp:featuredmedia":[{"embeddable":true,"href":"https:\/\/antderground.com\/pl\/wp-json\/wp\/v2\/media\/50815"}],"wp:attachment":[{"href":"https:\/\/antderground.com\/pl\/wp-json\/wp\/v2\/media?parent=50814"}],"wp:term":[{"taxonomy":"product_brand","embeddable":true,"href":"https:\/\/antderground.com\/pl\/wp-json\/wp\/v2\/product_brand?post=50814"},{"taxonomy":"product_cat","embeddable":true,"href":"https:\/\/antderground.com\/pl\/wp-json\/wp\/v2\/product_cat?post=50814"},{"taxonomy":"product_tag","embeddable":true,"href":"https:\/\/antderground.com\/pl\/wp-json\/wp\/v2\/product_tag?post=50814"}],"curies":[{"name":"wp","href":"https:\/\/api.w.org\/{rel}","templated":true}]}}