{"id":51077,"date":"2023-09-26T21:32:13","date_gmt":"2023-09-26T19:32:13","guid":{"rendered":"https:\/\/antderground.com\/producto\/zestaw-mrowiska-dla-mrowek-lisciotek\/"},"modified":"2023-09-26T21:32:13","modified_gmt":"2023-09-26T19:32:13","slug":"zestaw-mrowiska-dla-mrowek-lisciotek","status":"publish","type":"product","link":"https:\/\/antderground.com\/pl\/produkt\/zestaw-mrowiska-dla-mrowek-lisciotek\/","title":{"rendered":"Zestaw mrowiska dla mr\u00f3wek li\u015bciotek"},"content":{"rendered":"<p><strong>Czy my\u015blisz o rozpocz\u0119ciu przygody z mr\u00f3wkami li\u015bciarkami?<\/strong><br \/>\nPami\u0119taj, \u017ce s\u0105 to bardzo ciekawe, ale jednocze\u015bnie wymagaj\u0105ce gatunki mr\u00f3wek. W\u0142a\u015bnie dlatego <strong>Antderground<\/strong> stworzy\u0142 w\u0142asny, specjalnie zaprojektowany zestaw.<\/p>\n<h2>Najwa\u017cniejsze zalety<\/h2>\n<p><strong>Idealny do zapewnienia odpowiedniej wilgotno\u015bci dla grzybni w pierwszych miesi\u0105cach \u017cycia kolonii.<\/strong><br \/>\nTo w\u0142a\u015bnie w tym okresie grzyb potrzebuje dodatkowego wsparcia, aby prawid\u0142owo si\u0119 rozwija\u0107 i osi\u0105gn\u0105\u0107 stabilne warunki, w kt\u00f3rych b\u0119dzie w stanie samodzielnie wytwarza\u0107 niezb\u0119dn\u0105 wilgotno\u015b\u0107.<\/p>\n<ul>\n<li>Nawil\u017canie od spodu.<\/li>\n<li>Grzybnia jest fizycznie oddzielona od \u017ar\u00f3d\u0142a wilgoci dzi\u0119ki mikroperforowanej kratce ze stali nierdzewnej.<\/li>\n<li>Pozwala to dostarcza\u0107 wilgo\u0107 bez niepotrzebnego niepokojenia mr\u00f3wek oraz bez ryzyka uszkodzenia grzybni podczas manipulacji.<\/li>\n<\/ul>\n<h2>Dla jakich gatunk\u00f3w mr\u00f3wek?<\/h2>\n<p>Tak jak wskazuje sam tytu\u0142, zestaw ten zosta\u0142 zaprojektowany specjalnie jako sztuczne gniazdo dla <strong>mr\u00f3wek li\u015bciarek<\/strong> oraz innych gatunk\u00f3w wymagaj\u0105cych wi\u0119kszej przestrzeni do wykonywania okre\u015blonych czynno\u015bci.<\/p>\n<p><strong>Przyk\u0142adowe gatunki:<\/strong><\/p>\n<ul>\n<li><em>Atta<\/em><\/li>\n<li><em>Acromyrmex<\/em><\/li>\n<li>mr\u00f3wki li\u015bciarki (Leafcutter ants)<\/li>\n<\/ul>\n<h2>Modu\u0142y \u015brodowiska dla mr\u00f3wek<\/h2>\n<p><strong>Czym s\u0105 modu\u0142y?<\/strong><br \/>\nModu\u0142y to odpowiednio du\u017ce przestrzenie, kt\u00f3re umo\u017cliwiaj\u0105 niekt\u00f3rym gatunkom mr\u00f3wek prawid\u0142owy start kolonii oraz swobodne przemieszczanie si\u0119. W uproszczeniu mo\u017cna je por\u00f3wna\u0107 do stref \u017cerowania, jednak zaprojektowanych specjalnie z my\u015bl\u0105 o mr\u00f3wkach li\u015bciarkach.<\/p>\n<p><strong>Zestaw zawiera 3 modu\u0142y:<\/strong><\/p>\n<ul>\n<li><strong>1 modu\u0142 dla grzybni<\/strong> \u2013 jedna z najwa\u017cniejszych cz\u0119\u015bci zestawu, o wymiarach <strong>10 \u00d7 10 cm<\/strong>.<\/li>\n<li><strong>1 modu\u0142 strefy \u017cerowania<\/strong> \u2013 przestrze\u0144, w kt\u00f3rej mr\u00f3wki b\u0119d\u0105 zbiera\u0107 i przetwarza\u0107 materia\u0142 ro\u015blinny, o wymiarach <strong>10 \u00d7 8 cm<\/strong>.<\/li>\n<li><strong>1 modu\u0142 na odpady \/ czyszczenie<\/strong> \u2013 miejsce, do kt\u00f3rego mr\u00f3wki przenosz\u0105 odpady i wykonuj\u0105 inne czynno\u015bci porz\u0105dkowe, o wymiarach <strong>10 \u00d7 8 cm<\/strong>.<\/li>\n<\/ul>\n<h2>Konserwacja zestawu i modu\u0142\u00f3w<\/h2>\n<p>Utrzymanie zestawu jest bardzo proste. Dost\u0119p do poszczeg\u00f3lnych element\u00f3w umo\u017cliwia \u0142atwe czyszczenie, a monta\u017c jest szybki i wygodny.<\/p>\n<p>Je\u015bli masz jakiekolwiek pytania dotycz\u0105ce utrzymania odpowiednich warunk\u00f3w dla kolonii, mo\u017cesz skontaktowa\u0107 si\u0119 z nami w ka\u017cdej chwili poprzez <strong>e-mail lub WhatsApp<\/strong>.<\/p>\n<p><strong>Czyszczenie:<\/strong><br \/>\nDo czyszczenia nale\u017cy u\u017cywa\u0107 wy\u0142\u0105cznie <strong>wody i zwyk\u0142ego myd\u0142a<\/strong>. Nie nale\u017cy stosowa\u0107 \u017cadnych chemicznych \u015brodk\u00f3w czyszcz\u0105cych, poniewa\u017c mog\u0105 one uszkodzi\u0107 materia\u0142 lub pogorszy\u0107 wygl\u0105d produktu.<\/p>\n<h2>Regulowana wentylacja<\/h2>\n<p>Ka\u017cdy modu\u0142 wyposa\u017cony jest w <strong>obrotow\u0105, regulowan\u0105 wentylacj\u0119<\/strong>, kt\u00f3ra pozwala \u0142atwo dostosowa\u0107 cyrkulacj\u0119 powietrza i utrzyma\u0107 optymalny mikroklimat dla kolonii mr\u00f3wek.<\/p>\n","protected":false},"excerpt":{"rendered":"<p><strong>Zestaw mrowiska dla mr\u00f3wek li\u015bciotek wersja 2.0<\/strong><br \/>\nIdealny zestaw do stworzenia odpowiedniego \u015brodowiska dla rozpocz\u0119cia hodowli tych gatunk\u00f3w mr\u00f3wek.<\/p>\n<p><strong>Cechy:<\/strong><\/p>\n<ul>\n<li>1 modu\u0142 do grzybni 10 x 10 cm<\/li>\n<li>1 modu\u0142 do strefy aires de chasse 10 x 8 cm<\/li>\n<li>1 modu\u0142 do czyszczenia\/odpad\u00f3w 10 x 8 cm<\/li>\n<li>2 rurki z metakrylatu o \u015brednicy 3 cm<\/li>\n<li>4 z\u0142\u0105czki do rurek z metakrylatu<\/li>\n<li>Regulowane wentylacyjne pokrywki w r\u00f3\u017cnych modu\u0142ach<\/li>\n<li>Boczne poide\u0142ko 20 ml (wersja AntClick)<\/li>\n<\/ul>\n<p><strong>Wa\u017cne:<\/strong><\/p>\n<ul>\n<li>Czas monta\u017cu: oko\u0142o 3 minut<\/li>\n<li>Czas dostawy: 4\u20135 dni<\/li>\n<li>Mr\u00f3wki nie s\u0105 do\u0142\u0105czone<\/li>\n<\/ul>\n","protected":false},"featured_media":51082,"template":"","meta":[],"product_brand":[],"product_cat":[818,803,821],"product_tag":[],"class_list":{"0":"post-51077","1":"product","2":"type-product","3":"status-publish","4":"has-post-thumbnail","6":"product_cat-areny","7":"product_cat-formikaria","8":"product_cat-zestawy-formikariow","10":"first","11":"instock","12":"sale","13":"shipping-taxable","14":"purchasable","15":"product-type-simple"},"yoast_head":"<!-- This site is optimized with the Yoast SEO plugin v27.3 - https:\/\/yoast.com\/product\/yoast-seo-wordpress\/ -->\n<title>Zestaw mrowiska dla mr\u00f3wek li\u015bciotek<\/title>\n<meta name=\"description\" content=\"Nowy zestaw mrowiska dla mr\u00f3wek li\u015bciarek \u2013 kompletny zestaw ze struktur\u0105 idealnie dostosowan\u0105 do tych gatunk\u00f3w mr\u00f3wek (Leafcutter ants).\" \/>\n<meta name=\"robots\" content=\"index, follow, max-snippet:-1, max-image-preview:large, max-video-preview:-1\" \/>\n<link rel=\"canonical\" href=\"https:\/\/antderground.com\/pl\/produkt\/zestaw-mrowiska-dla-mrowek-lisciotek\/\" \/>\n<meta property=\"og:locale\" content=\"pl_PL\" \/>\n<meta property=\"og:type\" content=\"article\" \/>\n<meta property=\"og:title\" content=\"Zestaw mrowiska dla mr\u00f3wek li\u015bciotek\" \/>\n<meta property=\"og:description\" content=\"Nowy zestaw mrowiska dla mr\u00f3wek li\u015bciarek \u2013 kompletny zestaw ze struktur\u0105 idealnie dostosowan\u0105 do tych gatunk\u00f3w mr\u00f3wek (Leafcutter ants).\" \/>\n<meta property=\"og:url\" content=\"https:\/\/antderground.com\/pl\/produkt\/zestaw-mrowiska-dla-mrowek-lisciotek\/\" \/>\n<meta property=\"og:site_name\" content=\"ANTDERGROUND\" \/>\n<meta property=\"og:image\" content=\"https:\/\/antderground.com\/wp-content\/uploads\/2023\/09\/Kit-hormiguero-para-cortadoras-de-hojas.jpg\" \/>\n\t<meta property=\"og:image:width\" content=\"1600\" \/>\n\t<meta property=\"og:image:height\" content=\"1553\" \/>\n\t<meta property=\"og:image:type\" content=\"image\/jpeg\" \/>\n<meta name=\"twitter:card\" content=\"summary_large_image\" \/>\n<meta name=\"twitter:label1\" content=\"Szacowany czas czytania\" \/>\n\t<meta name=\"twitter:data1\" content=\"2 minuty\" \/>\n<script type=\"application\/ld+json\" class=\"yoast-schema-graph\">{\"@context\":\"https:\\\/\\\/schema.org\",\"@graph\":[{\"@type\":\"WebPage\",\"@id\":\"https:\\\/\\\/antderground.com\\\/pl\\\/produkt\\\/zestaw-mrowiska-dla-mrowek-lisciotek\\\/\",\"url\":\"https:\\\/\\\/antderground.com\\\/pl\\\/produkt\\\/zestaw-mrowiska-dla-mrowek-lisciotek\\\/\",\"name\":\"Zestaw mrowiska dla mr\u00f3wek li\u015bciotek\",\"isPartOf\":{\"@id\":\"https:\\\/\\\/antderground.com\\\/pl\\\/#website\"},\"primaryImageOfPage\":{\"@id\":\"https:\\\/\\\/antderground.com\\\/pl\\\/produkt\\\/zestaw-mrowiska-dla-mrowek-lisciotek\\\/#primaryimage\"},\"image\":{\"@id\":\"https:\\\/\\\/antderground.com\\\/pl\\\/produkt\\\/zestaw-mrowiska-dla-mrowek-lisciotek\\\/#primaryimage\"},\"thumbnailUrl\":\"https:\\\/\\\/antderground.com\\\/wp-content\\\/uploads\\\/2023\\\/09\\\/Kit-hormiguero-para-cortadoras-de-hojas.jpg\",\"datePublished\":\"2023-09-26T19:32:13+00:00\",\"description\":\"Nowy zestaw mrowiska dla mr\u00f3wek li\u015bciarek \u2013 kompletny zestaw ze struktur\u0105 idealnie dostosowan\u0105 do tych gatunk\u00f3w mr\u00f3wek (Leafcutter ants).\",\"breadcrumb\":{\"@id\":\"https:\\\/\\\/antderground.com\\\/pl\\\/produkt\\\/zestaw-mrowiska-dla-mrowek-lisciotek\\\/#breadcrumb\"},\"inLanguage\":\"pl-PL\",\"potentialAction\":[{\"@type\":\"ReadAction\",\"target\":[\"https:\\\/\\\/antderground.com\\\/pl\\\/produkt\\\/zestaw-mrowiska-dla-mrowek-lisciotek\\\/\"]}]},{\"@type\":\"ImageObject\",\"inLanguage\":\"pl-PL\",\"@id\":\"https:\\\/\\\/antderground.com\\\/pl\\\/produkt\\\/zestaw-mrowiska-dla-mrowek-lisciotek\\\/#primaryimage\",\"url\":\"https:\\\/\\\/antderground.com\\\/wp-content\\\/uploads\\\/2023\\\/09\\\/Kit-hormiguero-para-cortadoras-de-hojas.jpg\",\"contentUrl\":\"https:\\\/\\\/antderground.com\\\/wp-content\\\/uploads\\\/2023\\\/09\\\/Kit-hormiguero-para-cortadoras-de-hojas.jpg\",\"width\":1600,\"height\":1553},{\"@type\":\"BreadcrumbList\",\"@id\":\"https:\\\/\\\/antderground.com\\\/pl\\\/produkt\\\/zestaw-mrowiska-dla-mrowek-lisciotek\\\/#breadcrumb\",\"itemListElement\":[{\"@type\":\"ListItem\",\"position\":1,\"name\":\"Portada\",\"item\":\"https:\\\/\\\/antderground.com\\\/pl\\\/\"},{\"@type\":\"ListItem\",\"position\":2,\"name\":\"Sklep\",\"item\":\"https:\\\/\\\/antderground.com\\\/pl\\\/sklep\\\/\"},{\"@type\":\"ListItem\",\"position\":3,\"name\":\"Zestaw mrowiska dla mr\u00f3wek li\u015bciotek\"}]},{\"@type\":\"WebSite\",\"@id\":\"https:\\\/\\\/antderground.com\\\/pl\\\/#website\",\"url\":\"https:\\\/\\\/antderground.com\\\/pl\\\/\",\"name\":\"ANTDERGROUND\",\"description\":\"Tu tienda de hormigas, gran variedad de hormigueros acr\u00edlicos,madera,arena,3D y mas.. Pide tus hormigas gratis con tu pedido, somos expertos en hormigueros antifugas.\",\"publisher\":{\"@id\":\"https:\\\/\\\/antderground.com\\\/pl\\\/#\\\/schema\\\/person\\\/0e322c505e84fe72c65e2f6d08f96b81\"},\"alternateName\":\"Antderground\",\"potentialAction\":[{\"@type\":\"SearchAction\",\"target\":{\"@type\":\"EntryPoint\",\"urlTemplate\":\"https:\\\/\\\/antderground.com\\\/pl\\\/?s={search_term_string}\"},\"query-input\":{\"@type\":\"PropertyValueSpecification\",\"valueRequired\":true,\"valueName\":\"search_term_string\"}}],\"inLanguage\":\"pl-PL\"},{\"@type\":[\"Person\",\"Organization\"],\"@id\":\"https:\\\/\\\/antderground.com\\\/pl\\\/#\\\/schema\\\/person\\\/0e322c505e84fe72c65e2f6d08f96b81\",\"name\":\"Eric de Antderground\",\"image\":{\"@type\":\"ImageObject\",\"inLanguage\":\"pl-PL\",\"@id\":\"https:\\\/\\\/secure.gravatar.com\\\/avatar\\\/c49a1b9f79216d1498cb73c1e85cd47f4465dda35f2a94c03790d491bd4423c3?s=96&d=mm&r=g\",\"url\":\"https:\\\/\\\/secure.gravatar.com\\\/avatar\\\/c49a1b9f79216d1498cb73c1e85cd47f4465dda35f2a94c03790d491bd4423c3?s=96&d=mm&r=g\",\"contentUrl\":\"https:\\\/\\\/secure.gravatar.com\\\/avatar\\\/c49a1b9f79216d1498cb73c1e85cd47f4465dda35f2a94c03790d491bd4423c3?s=96&d=mm&r=g\",\"caption\":\"Eric de Antderground\"},\"logo\":{\"@id\":\"https:\\\/\\\/secure.gravatar.com\\\/avatar\\\/c49a1b9f79216d1498cb73c1e85cd47f4465dda35f2a94c03790d491bd4423c3?s=96&d=mm&r=g\"},\"description\":\"Eric es el especialista y fundador de Antderground, con una amplia trayectoria en artr\u00f3podos y enfocado en la mirmecolog\u00eda y el dise\u00f1o de hormigueros artificiales. Su enfoque combina la innovaci\u00f3n t\u00e9cnica con el respeto por la biolog\u00eda de las hormigas, is\u00f3podos y otros, desarrollando sistemas de nidos modulares 3D y acr\u00edlicos que son referentes para aficionados y profesionales en toda Europa. Su objetivo es facilitar la cr\u00eda de hormigas y otros artr\u00f3podos mediante soluciones seguras y divulgaci\u00f3n de calidad.\",\"sameAs\":[\"https:\\\/\\\/antderground.com\\\/\",\"https:\\\/\\\/www.youtube.com\\\/channel\\\/UCio72z7TlbufkAthAJIJfPw\"]}]}<\/script>\n<!-- \/ Yoast SEO plugin. -->","yoast_head_json":{"title":"Zestaw mrowiska dla mr\u00f3wek li\u015bciotek","description":"Nowy zestaw mrowiska dla mr\u00f3wek li\u015bciarek \u2013 kompletny zestaw ze struktur\u0105 idealnie dostosowan\u0105 do tych gatunk\u00f3w mr\u00f3wek (Leafcutter ants).","robots":{"index":"index","follow":"follow","max-snippet":"max-snippet:-1","max-image-preview":"max-image-preview:large","max-video-preview":"max-video-preview:-1"},"canonical":"https:\/\/antderground.com\/pl\/produkt\/zestaw-mrowiska-dla-mrowek-lisciotek\/","og_locale":"pl_PL","og_type":"article","og_title":"Zestaw mrowiska dla mr\u00f3wek li\u015bciotek","og_description":"Nowy zestaw mrowiska dla mr\u00f3wek li\u015bciarek \u2013 kompletny zestaw ze struktur\u0105 idealnie dostosowan\u0105 do tych gatunk\u00f3w mr\u00f3wek (Leafcutter ants).","og_url":"https:\/\/antderground.com\/pl\/produkt\/zestaw-mrowiska-dla-mrowek-lisciotek\/","og_site_name":"ANTDERGROUND","og_image":[{"width":1600,"height":1553,"url":"https:\/\/antderground.com\/wp-content\/uploads\/2023\/09\/Kit-hormiguero-para-cortadoras-de-hojas.jpg","type":"image\/jpeg"}],"twitter_card":"summary_large_image","twitter_misc":{"Szacowany czas czytania":"2 minuty"},"schema":{"@context":"https:\/\/schema.org","@graph":[{"@type":"WebPage","@id":"https:\/\/antderground.com\/pl\/produkt\/zestaw-mrowiska-dla-mrowek-lisciotek\/","url":"https:\/\/antderground.com\/pl\/produkt\/zestaw-mrowiska-dla-mrowek-lisciotek\/","name":"Zestaw mrowiska dla mr\u00f3wek li\u015bciotek","isPartOf":{"@id":"https:\/\/antderground.com\/pl\/#website"},"primaryImageOfPage":{"@id":"https:\/\/antderground.com\/pl\/produkt\/zestaw-mrowiska-dla-mrowek-lisciotek\/#primaryimage"},"image":{"@id":"https:\/\/antderground.com\/pl\/produkt\/zestaw-mrowiska-dla-mrowek-lisciotek\/#primaryimage"},"thumbnailUrl":"https:\/\/antderground.com\/wp-content\/uploads\/2023\/09\/Kit-hormiguero-para-cortadoras-de-hojas.jpg","datePublished":"2023-09-26T19:32:13+00:00","description":"Nowy zestaw mrowiska dla mr\u00f3wek li\u015bciarek \u2013 kompletny zestaw ze struktur\u0105 idealnie dostosowan\u0105 do tych gatunk\u00f3w mr\u00f3wek (Leafcutter ants).","breadcrumb":{"@id":"https:\/\/antderground.com\/pl\/produkt\/zestaw-mrowiska-dla-mrowek-lisciotek\/#breadcrumb"},"inLanguage":"pl-PL","potentialAction":[{"@type":"ReadAction","target":["https:\/\/antderground.com\/pl\/produkt\/zestaw-mrowiska-dla-mrowek-lisciotek\/"]}]},{"@type":"ImageObject","inLanguage":"pl-PL","@id":"https:\/\/antderground.com\/pl\/produkt\/zestaw-mrowiska-dla-mrowek-lisciotek\/#primaryimage","url":"https:\/\/antderground.com\/wp-content\/uploads\/2023\/09\/Kit-hormiguero-para-cortadoras-de-hojas.jpg","contentUrl":"https:\/\/antderground.com\/wp-content\/uploads\/2023\/09\/Kit-hormiguero-para-cortadoras-de-hojas.jpg","width":1600,"height":1553},{"@type":"BreadcrumbList","@id":"https:\/\/antderground.com\/pl\/produkt\/zestaw-mrowiska-dla-mrowek-lisciotek\/#breadcrumb","itemListElement":[{"@type":"ListItem","position":1,"name":"Portada","item":"https:\/\/antderground.com\/pl\/"},{"@type":"ListItem","position":2,"name":"Sklep","item":"https:\/\/antderground.com\/pl\/sklep\/"},{"@type":"ListItem","position":3,"name":"Zestaw mrowiska dla mr\u00f3wek li\u015bciotek"}]},{"@type":"WebSite","@id":"https:\/\/antderground.com\/pl\/#website","url":"https:\/\/antderground.com\/pl\/","name":"ANTDERGROUND","description":"Tu tienda de hormigas, gran variedad de hormigueros acr\u00edlicos,madera,arena,3D y mas.. Pide tus hormigas gratis con tu pedido, somos expertos en hormigueros antifugas.","publisher":{"@id":"https:\/\/antderground.com\/pl\/#\/schema\/person\/0e322c505e84fe72c65e2f6d08f96b81"},"alternateName":"Antderground","potentialAction":[{"@type":"SearchAction","target":{"@type":"EntryPoint","urlTemplate":"https:\/\/antderground.com\/pl\/?s={search_term_string}"},"query-input":{"@type":"PropertyValueSpecification","valueRequired":true,"valueName":"search_term_string"}}],"inLanguage":"pl-PL"},{"@type":["Person","Organization"],"@id":"https:\/\/antderground.com\/pl\/#\/schema\/person\/0e322c505e84fe72c65e2f6d08f96b81","name":"Eric de Antderground","image":{"@type":"ImageObject","inLanguage":"pl-PL","@id":"https:\/\/secure.gravatar.com\/avatar\/c49a1b9f79216d1498cb73c1e85cd47f4465dda35f2a94c03790d491bd4423c3?s=96&d=mm&r=g","url":"https:\/\/secure.gravatar.com\/avatar\/c49a1b9f79216d1498cb73c1e85cd47f4465dda35f2a94c03790d491bd4423c3?s=96&d=mm&r=g","contentUrl":"https:\/\/secure.gravatar.com\/avatar\/c49a1b9f79216d1498cb73c1e85cd47f4465dda35f2a94c03790d491bd4423c3?s=96&d=mm&r=g","caption":"Eric de Antderground"},"logo":{"@id":"https:\/\/secure.gravatar.com\/avatar\/c49a1b9f79216d1498cb73c1e85cd47f4465dda35f2a94c03790d491bd4423c3?s=96&d=mm&r=g"},"description":"Eric es el especialista y fundador de Antderground, con una amplia trayectoria en artr\u00f3podos y enfocado en la mirmecolog\u00eda y el dise\u00f1o de hormigueros artificiales. Su enfoque combina la innovaci\u00f3n t\u00e9cnica con el respeto por la biolog\u00eda de las hormigas, is\u00f3podos y otros, desarrollando sistemas de nidos modulares 3D y acr\u00edlicos que son referentes para aficionados y profesionales en toda Europa. Su objetivo es facilitar la cr\u00eda de hormigas y otros artr\u00f3podos mediante soluciones seguras y divulgaci\u00f3n de calidad.","sameAs":["https:\/\/antderground.com\/","https:\/\/www.youtube.com\/channel\/UCio72z7TlbufkAthAJIJfPw"]}]}},"_links":{"self":[{"href":"https:\/\/antderground.com\/pl\/wp-json\/wp\/v2\/product\/51077","targetHints":{"allow":["GET"]}}],"collection":[{"href":"https:\/\/antderground.com\/pl\/wp-json\/wp\/v2\/product"}],"about":[{"href":"https:\/\/antderground.com\/pl\/wp-json\/wp\/v2\/types\/product"}],"version-history":[{"count":0,"href":"https:\/\/antderground.com\/pl\/wp-json\/wp\/v2\/product\/51077\/revisions"}],"wp:featuredmedia":[{"embeddable":true,"href":"https:\/\/antderground.com\/pl\/wp-json\/wp\/v2\/media\/51082"}],"wp:attachment":[{"href":"https:\/\/antderground.com\/pl\/wp-json\/wp\/v2\/media?parent=51077"}],"wp:term":[{"taxonomy":"product_brand","embeddable":true,"href":"https:\/\/antderground.com\/pl\/wp-json\/wp\/v2\/product_brand?post=51077"},{"taxonomy":"product_cat","embeddable":true,"href":"https:\/\/antderground.com\/pl\/wp-json\/wp\/v2\/product_cat?post=51077"},{"taxonomy":"product_tag","embeddable":true,"href":"https:\/\/antderground.com\/pl\/wp-json\/wp\/v2\/product_tag?post=51077"}],"curies":[{"name":"wp","href":"https:\/\/api.w.org\/{rel}","templated":true}]}}