{"id":51104,"date":"2020-03-18T22:22:54","date_gmt":"2020-03-18T21:22:54","guid":{"rendered":"https:\/\/antderground.com\/producto\/arena-10x10\/"},"modified":"2026-03-13T10:53:05","modified_gmt":"2026-03-13T09:53:05","slug":"arena-10x10","status":"publish","type":"product","link":"https:\/\/antderground.com\/pl\/produkt\/arena-10x10\/","title":{"rendered":"Arena 10\u00d710"},"content":{"rendered":"<p><strong>Arena 1010&#215;7 cm<\/strong><\/p>\n","protected":false},"excerpt":{"rendered":"<p>Profesjonalna arena 10 \u00d7 10 (cm) idealna dla mr\u00f3wek, zaprojektowana z my\u015bl\u0105 o systemie modu\u0142owym z nawil\u017caniem typu g\u0105bka lub grzybek. Pozwala na \u0142atwe pod\u0142\u0105czenie do dowolnego formikarium lub innej areny.<\/p>\n<p><strong>Cechy:<\/strong><\/p>\n<ul>\n<li>Kolor: Bia\u0142y<\/li>\n<li>Konstrukcja: Struktura 3D \/ boki z akrylu (pleksi)<\/li>\n<li>Wentylacja: System wentylacyjny w g\u00f3rnej cz\u0119\u015bci<\/li>\n<li>Modu\u0142owo\u015b\u0107: Tak<\/li>\n<li>Liczba wej\u015b\u0107: 4<\/li>\n<\/ul>\n","protected":false},"featured_media":49136,"template":"","meta":[],"product_brand":[],"product_cat":[818],"product_tag":[831,832],"class_list":{"0":"post-51104","1":"product","2":"type-product","3":"status-publish","4":"has-post-thumbnail","6":"product_cat-areny","7":"product_tag-arena-dla-mrowek","8":"product_tag-formikarium-modulowe","10":"first","11":"instock","12":"sale","13":"shipping-taxable","14":"purchasable","15":"product-type-variable"},"yoast_head":"<!-- This site is optimized with the Yoast SEO plugin v27.3 - https:\/\/yoast.com\/product\/yoast-seo-wordpress\/ -->\n<title>Arena 10\u00d710 - Formikarium ANTDERGROUND<\/title>\n<meta name=\"description\" content=\"Odkryj nasze areny 10x10 zaprojektowane z my\u015bl\u0105 o systemach modu\u0142owych (nawil\u017canie typu grzybek lub g\u0105bka) oraz \u0142atwym \u0142\u0105czeniu z dowolnym formikarium.\" \/>\n<meta name=\"robots\" content=\"index, follow, max-snippet:-1, max-image-preview:large, max-video-preview:-1\" \/>\n<link rel=\"canonical\" href=\"https:\/\/antderground.com\/pl\/produkt\/arena-10x10\/\" \/>\n<meta property=\"og:locale\" content=\"pl_PL\" \/>\n<meta property=\"og:type\" content=\"article\" \/>\n<meta property=\"og:title\" content=\"Arena 10\u00d710 - Formikarium ANTDERGROUND\" \/>\n<meta property=\"og:description\" content=\"Odkryj nasze areny 10x10 zaprojektowane z my\u015bl\u0105 o systemach modu\u0142owych (nawil\u017canie typu grzybek lub g\u0105bka) oraz \u0142atwym \u0142\u0105czeniu z dowolnym formikarium.\" \/>\n<meta property=\"og:url\" content=\"https:\/\/antderground.com\/pl\/produkt\/arena-10x10\/\" \/>\n<meta property=\"og:site_name\" content=\"ANTDERGROUND\" \/>\n<meta property=\"article:modified_time\" content=\"2026-03-13T09:53:05+00:00\" \/>\n<meta property=\"og:image\" content=\"https:\/\/antderground.com\/wp-content\/uploads\/2020\/03\/IMG_6150-PhotoRoom.png-PhotoRoom.png\" \/>\n\t<meta property=\"og:image:width\" content=\"1280\" \/>\n\t<meta property=\"og:image:height\" content=\"853\" \/>\n\t<meta property=\"og:image:type\" content=\"image\/png\" \/>\n<meta name=\"twitter:card\" content=\"summary_large_image\" \/>\n<script type=\"application\/ld+json\" class=\"yoast-schema-graph\">{\"@context\":\"https:\\\/\\\/schema.org\",\"@graph\":[{\"@type\":\"WebPage\",\"@id\":\"https:\\\/\\\/antderground.com\\\/pl\\\/produkt\\\/arena-10x10\\\/\",\"url\":\"https:\\\/\\\/antderground.com\\\/pl\\\/produkt\\\/arena-10x10\\\/\",\"name\":\"Arena 10\u00d710 - Formikarium ANTDERGROUND\",\"isPartOf\":{\"@id\":\"https:\\\/\\\/antderground.com\\\/pl\\\/#website\"},\"primaryImageOfPage\":{\"@id\":\"https:\\\/\\\/antderground.com\\\/pl\\\/produkt\\\/arena-10x10\\\/#primaryimage\"},\"image\":{\"@id\":\"https:\\\/\\\/antderground.com\\\/pl\\\/produkt\\\/arena-10x10\\\/#primaryimage\"},\"thumbnailUrl\":\"https:\\\/\\\/antderground.com\\\/wp-content\\\/uploads\\\/2020\\\/03\\\/IMG_6150-PhotoRoom.png-PhotoRoom.png\",\"datePublished\":\"2020-03-18T21:22:54+00:00\",\"dateModified\":\"2026-03-13T09:53:05+00:00\",\"description\":\"Odkryj nasze areny 10x10 zaprojektowane z my\u015bl\u0105 o systemach modu\u0142owych (nawil\u017canie typu grzybek lub g\u0105bka) oraz \u0142atwym \u0142\u0105czeniu z dowolnym formikarium.\",\"breadcrumb\":{\"@id\":\"https:\\\/\\\/antderground.com\\\/pl\\\/produkt\\\/arena-10x10\\\/#breadcrumb\"},\"inLanguage\":\"pl-PL\",\"potentialAction\":[{\"@type\":\"ReadAction\",\"target\":[\"https:\\\/\\\/antderground.com\\\/pl\\\/produkt\\\/arena-10x10\\\/\"]}]},{\"@type\":\"ImageObject\",\"inLanguage\":\"pl-PL\",\"@id\":\"https:\\\/\\\/antderground.com\\\/pl\\\/produkt\\\/arena-10x10\\\/#primaryimage\",\"url\":\"https:\\\/\\\/antderground.com\\\/wp-content\\\/uploads\\\/2020\\\/03\\\/IMG_6150-PhotoRoom.png-PhotoRoom.png\",\"contentUrl\":\"https:\\\/\\\/antderground.com\\\/wp-content\\\/uploads\\\/2020\\\/03\\\/IMG_6150-PhotoRoom.png-PhotoRoom.png\",\"width\":1280,\"height\":853},{\"@type\":\"BreadcrumbList\",\"@id\":\"https:\\\/\\\/antderground.com\\\/pl\\\/produkt\\\/arena-10x10\\\/#breadcrumb\",\"itemListElement\":[{\"@type\":\"ListItem\",\"position\":1,\"name\":\"Portada\",\"item\":\"https:\\\/\\\/antderground.com\\\/pl\\\/\"},{\"@type\":\"ListItem\",\"position\":2,\"name\":\"Sklep\",\"item\":\"https:\\\/\\\/antderground.com\\\/pl\\\/sklep\\\/\"},{\"@type\":\"ListItem\",\"position\":3,\"name\":\"Arena 10\u00d710\"}]},{\"@type\":\"WebSite\",\"@id\":\"https:\\\/\\\/antderground.com\\\/pl\\\/#website\",\"url\":\"https:\\\/\\\/antderground.com\\\/pl\\\/\",\"name\":\"ANTDERGROUND\",\"description\":\"Tu tienda de hormigas, gran variedad de hormigueros acr\u00edlicos,madera,arena,3D y mas.. Pide tus hormigas gratis con tu pedido, somos expertos en hormigueros antifugas.\",\"publisher\":{\"@id\":\"https:\\\/\\\/antderground.com\\\/pl\\\/#\\\/schema\\\/person\\\/0e322c505e84fe72c65e2f6d08f96b81\"},\"alternateName\":\"Antderground\",\"potentialAction\":[{\"@type\":\"SearchAction\",\"target\":{\"@type\":\"EntryPoint\",\"urlTemplate\":\"https:\\\/\\\/antderground.com\\\/pl\\\/?s={search_term_string}\"},\"query-input\":{\"@type\":\"PropertyValueSpecification\",\"valueRequired\":true,\"valueName\":\"search_term_string\"}}],\"inLanguage\":\"pl-PL\"},{\"@type\":[\"Person\",\"Organization\"],\"@id\":\"https:\\\/\\\/antderground.com\\\/pl\\\/#\\\/schema\\\/person\\\/0e322c505e84fe72c65e2f6d08f96b81\",\"name\":\"Eric de Antderground\",\"image\":{\"@type\":\"ImageObject\",\"inLanguage\":\"pl-PL\",\"@id\":\"https:\\\/\\\/secure.gravatar.com\\\/avatar\\\/c49a1b9f79216d1498cb73c1e85cd47f4465dda35f2a94c03790d491bd4423c3?s=96&d=mm&r=g\",\"url\":\"https:\\\/\\\/secure.gravatar.com\\\/avatar\\\/c49a1b9f79216d1498cb73c1e85cd47f4465dda35f2a94c03790d491bd4423c3?s=96&d=mm&r=g\",\"contentUrl\":\"https:\\\/\\\/secure.gravatar.com\\\/avatar\\\/c49a1b9f79216d1498cb73c1e85cd47f4465dda35f2a94c03790d491bd4423c3?s=96&d=mm&r=g\",\"caption\":\"Eric de Antderground\"},\"logo\":{\"@id\":\"https:\\\/\\\/secure.gravatar.com\\\/avatar\\\/c49a1b9f79216d1498cb73c1e85cd47f4465dda35f2a94c03790d491bd4423c3?s=96&d=mm&r=g\"},\"description\":\"Eric es el especialista y fundador de Antderground, con una amplia trayectoria en artr\u00f3podos y enfocado en la mirmecolog\u00eda y el dise\u00f1o de hormigueros artificiales. Su enfoque combina la innovaci\u00f3n t\u00e9cnica con el respeto por la biolog\u00eda de las hormigas, is\u00f3podos y otros, desarrollando sistemas de nidos modulares 3D y acr\u00edlicos que son referentes para aficionados y profesionales en toda Europa. Su objetivo es facilitar la cr\u00eda de hormigas y otros artr\u00f3podos mediante soluciones seguras y divulgaci\u00f3n de calidad.\",\"sameAs\":[\"https:\\\/\\\/antderground.com\\\/\",\"https:\\\/\\\/www.youtube.com\\\/channel\\\/UCio72z7TlbufkAthAJIJfPw\"]}]}<\/script>\n<!-- \/ Yoast SEO plugin. -->","yoast_head_json":{"title":"Arena 10\u00d710 - Formikarium ANTDERGROUND","description":"Odkryj nasze areny 10x10 zaprojektowane z my\u015bl\u0105 o systemach modu\u0142owych (nawil\u017canie typu grzybek lub g\u0105bka) oraz \u0142atwym \u0142\u0105czeniu z dowolnym formikarium.","robots":{"index":"index","follow":"follow","max-snippet":"max-snippet:-1","max-image-preview":"max-image-preview:large","max-video-preview":"max-video-preview:-1"},"canonical":"https:\/\/antderground.com\/pl\/produkt\/arena-10x10\/","og_locale":"pl_PL","og_type":"article","og_title":"Arena 10\u00d710 - Formikarium ANTDERGROUND","og_description":"Odkryj nasze areny 10x10 zaprojektowane z my\u015bl\u0105 o systemach modu\u0142owych (nawil\u017canie typu grzybek lub g\u0105bka) oraz \u0142atwym \u0142\u0105czeniu z dowolnym formikarium.","og_url":"https:\/\/antderground.com\/pl\/produkt\/arena-10x10\/","og_site_name":"ANTDERGROUND","article_modified_time":"2026-03-13T09:53:05+00:00","og_image":[{"width":1280,"height":853,"url":"https:\/\/antderground.com\/wp-content\/uploads\/2020\/03\/IMG_6150-PhotoRoom.png-PhotoRoom.png","type":"image\/png"}],"twitter_card":"summary_large_image","schema":{"@context":"https:\/\/schema.org","@graph":[{"@type":"WebPage","@id":"https:\/\/antderground.com\/pl\/produkt\/arena-10x10\/","url":"https:\/\/antderground.com\/pl\/produkt\/arena-10x10\/","name":"Arena 10\u00d710 - Formikarium ANTDERGROUND","isPartOf":{"@id":"https:\/\/antderground.com\/pl\/#website"},"primaryImageOfPage":{"@id":"https:\/\/antderground.com\/pl\/produkt\/arena-10x10\/#primaryimage"},"image":{"@id":"https:\/\/antderground.com\/pl\/produkt\/arena-10x10\/#primaryimage"},"thumbnailUrl":"https:\/\/antderground.com\/wp-content\/uploads\/2020\/03\/IMG_6150-PhotoRoom.png-PhotoRoom.png","datePublished":"2020-03-18T21:22:54+00:00","dateModified":"2026-03-13T09:53:05+00:00","description":"Odkryj nasze areny 10x10 zaprojektowane z my\u015bl\u0105 o systemach modu\u0142owych (nawil\u017canie typu grzybek lub g\u0105bka) oraz \u0142atwym \u0142\u0105czeniu z dowolnym formikarium.","breadcrumb":{"@id":"https:\/\/antderground.com\/pl\/produkt\/arena-10x10\/#breadcrumb"},"inLanguage":"pl-PL","potentialAction":[{"@type":"ReadAction","target":["https:\/\/antderground.com\/pl\/produkt\/arena-10x10\/"]}]},{"@type":"ImageObject","inLanguage":"pl-PL","@id":"https:\/\/antderground.com\/pl\/produkt\/arena-10x10\/#primaryimage","url":"https:\/\/antderground.com\/wp-content\/uploads\/2020\/03\/IMG_6150-PhotoRoom.png-PhotoRoom.png","contentUrl":"https:\/\/antderground.com\/wp-content\/uploads\/2020\/03\/IMG_6150-PhotoRoom.png-PhotoRoom.png","width":1280,"height":853},{"@type":"BreadcrumbList","@id":"https:\/\/antderground.com\/pl\/produkt\/arena-10x10\/#breadcrumb","itemListElement":[{"@type":"ListItem","position":1,"name":"Portada","item":"https:\/\/antderground.com\/pl\/"},{"@type":"ListItem","position":2,"name":"Sklep","item":"https:\/\/antderground.com\/pl\/sklep\/"},{"@type":"ListItem","position":3,"name":"Arena 10\u00d710"}]},{"@type":"WebSite","@id":"https:\/\/antderground.com\/pl\/#website","url":"https:\/\/antderground.com\/pl\/","name":"ANTDERGROUND","description":"Tu tienda de hormigas, gran variedad de hormigueros acr\u00edlicos,madera,arena,3D y mas.. Pide tus hormigas gratis con tu pedido, somos expertos en hormigueros antifugas.","publisher":{"@id":"https:\/\/antderground.com\/pl\/#\/schema\/person\/0e322c505e84fe72c65e2f6d08f96b81"},"alternateName":"Antderground","potentialAction":[{"@type":"SearchAction","target":{"@type":"EntryPoint","urlTemplate":"https:\/\/antderground.com\/pl\/?s={search_term_string}"},"query-input":{"@type":"PropertyValueSpecification","valueRequired":true,"valueName":"search_term_string"}}],"inLanguage":"pl-PL"},{"@type":["Person","Organization"],"@id":"https:\/\/antderground.com\/pl\/#\/schema\/person\/0e322c505e84fe72c65e2f6d08f96b81","name":"Eric de Antderground","image":{"@type":"ImageObject","inLanguage":"pl-PL","@id":"https:\/\/secure.gravatar.com\/avatar\/c49a1b9f79216d1498cb73c1e85cd47f4465dda35f2a94c03790d491bd4423c3?s=96&d=mm&r=g","url":"https:\/\/secure.gravatar.com\/avatar\/c49a1b9f79216d1498cb73c1e85cd47f4465dda35f2a94c03790d491bd4423c3?s=96&d=mm&r=g","contentUrl":"https:\/\/secure.gravatar.com\/avatar\/c49a1b9f79216d1498cb73c1e85cd47f4465dda35f2a94c03790d491bd4423c3?s=96&d=mm&r=g","caption":"Eric de Antderground"},"logo":{"@id":"https:\/\/secure.gravatar.com\/avatar\/c49a1b9f79216d1498cb73c1e85cd47f4465dda35f2a94c03790d491bd4423c3?s=96&d=mm&r=g"},"description":"Eric es el especialista y fundador de Antderground, con una amplia trayectoria en artr\u00f3podos y enfocado en la mirmecolog\u00eda y el dise\u00f1o de hormigueros artificiales. Su enfoque combina la innovaci\u00f3n t\u00e9cnica con el respeto por la biolog\u00eda de las hormigas, is\u00f3podos y otros, desarrollando sistemas de nidos modulares 3D y acr\u00edlicos que son referentes para aficionados y profesionales en toda Europa. Su objetivo es facilitar la cr\u00eda de hormigas y otros artr\u00f3podos mediante soluciones seguras y divulgaci\u00f3n de calidad.","sameAs":["https:\/\/antderground.com\/","https:\/\/www.youtube.com\/channel\/UCio72z7TlbufkAthAJIJfPw"]}]}},"_links":{"self":[{"href":"https:\/\/antderground.com\/pl\/wp-json\/wp\/v2\/product\/51104","targetHints":{"allow":["GET"]}}],"collection":[{"href":"https:\/\/antderground.com\/pl\/wp-json\/wp\/v2\/product"}],"about":[{"href":"https:\/\/antderground.com\/pl\/wp-json\/wp\/v2\/types\/product"}],"version-history":[{"count":1,"href":"https:\/\/antderground.com\/pl\/wp-json\/wp\/v2\/product\/51104\/revisions"}],"predecessor-version":[{"id":51111,"href":"https:\/\/antderground.com\/pl\/wp-json\/wp\/v2\/product\/51104\/revisions\/51111"}],"wp:featuredmedia":[{"embeddable":true,"href":"https:\/\/antderground.com\/pl\/wp-json\/wp\/v2\/media\/49136"}],"wp:attachment":[{"href":"https:\/\/antderground.com\/pl\/wp-json\/wp\/v2\/media?parent=51104"}],"wp:term":[{"taxonomy":"product_brand","embeddable":true,"href":"https:\/\/antderground.com\/pl\/wp-json\/wp\/v2\/product_brand?post=51104"},{"taxonomy":"product_cat","embeddable":true,"href":"https:\/\/antderground.com\/pl\/wp-json\/wp\/v2\/product_cat?post=51104"},{"taxonomy":"product_tag","embeddable":true,"href":"https:\/\/antderground.com\/pl\/wp-json\/wp\/v2\/product_tag?post=51104"}],"curies":[{"name":"wp","href":"https:\/\/api.w.org\/{rel}","templated":true}]}}