{"id":51168,"date":"2023-10-11T12:48:48","date_gmt":"2023-10-11T10:48:48","guid":{"rendered":"https:\/\/antderground.com\/producto\/terrarium-dla-owadow-i-pajeczakow-9-x-9-x-9-cm\/"},"modified":"2026-03-13T16:47:36","modified_gmt":"2026-03-13T15:47:36","slug":"terrarium-dla-owadow-i-pajeczakow-9-x-9-x-9-cm","status":"publish","type":"product","link":"https:\/\/antderground.com\/pl\/produkt\/terrarium-dla-owadow-i-pajeczakow-9-x-9-x-9-cm\/","title":{"rendered":"Terrarium dla owad\u00f3w i paj\u0119czak\u00f3w (9\u00d79\u00d79 cm)"},"content":{"rendered":"","protected":false},"excerpt":{"rendered":"<p>Odkryj nowe terrarium zaprojektowane specjalnie dla owad\u00f3w i paj\u0119czak\u00f3w \u2014 solidne i profesjonalne terrarium o wymiarach 9 cm \u00d7 9 cm \u00d7 9 cm.<\/p>\n<p><strong>Cechy:<\/strong><\/p>\n<ul>\n<li><strong>Wymiary:<\/strong> 9 cm \u00d7 9 cm \u00d7 9 cm<\/li>\n<li><strong>Materia\u0142:<\/strong> boki z akrylu \/ podstawa z PLA drukowanego w technologii 3D<\/li>\n<li><strong>Kolor:<\/strong> przezroczysty \/ jeden bok z czerwonego, przezroczystego akrylu<\/li>\n<li><strong>Wentylacja:<\/strong> otwory wentylacyjne w bokach oraz w g\u00f3rnej pokrywie.<\/li>\n<\/ul>\n","protected":false},"featured_media":51169,"template":"","meta":[],"product_brand":[],"product_cat":[826],"product_tag":[],"class_list":{"0":"post-51168","1":"product","2":"type-product","3":"status-publish","4":"has-post-thumbnail","6":"product_cat-terraria","8":"first","9":"instock","10":"shipping-taxable","11":"purchasable","12":"product-type-simple"},"yoast_head":"<!-- This site is optimized with the Yoast SEO plugin v27.5 - https:\/\/yoast.com\/product\/yoast-seo-wordpress\/ -->\n<title>Terrarium dla owad\u00f3w i paj\u0119czak\u00f3w (9\u00d79\u00d79 cm) - ANTDERGROUND<\/title>\n<meta name=\"description\" content=\"Odkryj nowe terrarium dla owad\u00f3w i paj\u0119czak\u00f3w o wymiarach 9 \u00d7 9 \u00d7 9 cm. Idealne terrarium dla ptasznik\u00f3w (paj\u0119czak\u00f3w), mr\u00f3wek oraz izopod\u00f3w (Isopoda).\" \/>\n<meta name=\"robots\" content=\"index, follow, max-snippet:-1, max-image-preview:large, max-video-preview:-1\" \/>\n<link rel=\"canonical\" href=\"https:\/\/antderground.com\/pl\/produkt\/terrarium-dla-owadow-i-pajeczakow-9-x-9-x-9-cm\/\" \/>\n<meta property=\"og:locale\" content=\"pl_PL\" \/>\n<meta property=\"og:type\" content=\"article\" \/>\n<meta property=\"og:title\" content=\"Terrarium dla owad\u00f3w i paj\u0119czak\u00f3w (9\u00d79\u00d79 cm) - ANTDERGROUND\" \/>\n<meta property=\"og:description\" content=\"Odkryj nowe terrarium dla owad\u00f3w i paj\u0119czak\u00f3w o wymiarach 9 \u00d7 9 \u00d7 9 cm. Idealne terrarium dla ptasznik\u00f3w (paj\u0119czak\u00f3w), mr\u00f3wek oraz izopod\u00f3w (Isopoda).\" \/>\n<meta property=\"og:url\" content=\"https:\/\/antderground.com\/pl\/produkt\/terrarium-dla-owadow-i-pajeczakow-9-x-9-x-9-cm\/\" \/>\n<meta property=\"og:site_name\" content=\"ANTDERGROUND\" \/>\n<meta property=\"article:modified_time\" content=\"2026-03-13T15:47:36+00:00\" \/>\n<meta property=\"og:image\" content=\"https:\/\/antderground.com\/wp-content\/uploads\/2023\/10\/terrario-terrarium-insectos-1.png\" \/>\n\t<meta property=\"og:image:width\" content=\"800\" \/>\n\t<meta property=\"og:image:height\" content=\"800\" \/>\n\t<meta property=\"og:image:type\" content=\"image\/png\" \/>\n<meta name=\"twitter:card\" content=\"summary_large_image\" \/>\n<script type=\"application\/ld+json\" class=\"yoast-schema-graph\">{\"@context\":\"https:\\\/\\\/schema.org\",\"@graph\":[{\"@type\":\"WebPage\",\"@id\":\"https:\\\/\\\/antderground.com\\\/pl\\\/produkt\\\/terrarium-dla-owadow-i-pajeczakow-9-x-9-x-9-cm\\\/\",\"url\":\"https:\\\/\\\/antderground.com\\\/pl\\\/produkt\\\/terrarium-dla-owadow-i-pajeczakow-9-x-9-x-9-cm\\\/\",\"name\":\"Terrarium dla owad\u00f3w i paj\u0119czak\u00f3w (9\u00d79\u00d79 cm) - ANTDERGROUND\",\"isPartOf\":{\"@id\":\"https:\\\/\\\/antderground.com\\\/pl\\\/#website\"},\"primaryImageOfPage\":{\"@id\":\"https:\\\/\\\/antderground.com\\\/pl\\\/produkt\\\/terrarium-dla-owadow-i-pajeczakow-9-x-9-x-9-cm\\\/#primaryimage\"},\"image\":{\"@id\":\"https:\\\/\\\/antderground.com\\\/pl\\\/produkt\\\/terrarium-dla-owadow-i-pajeczakow-9-x-9-x-9-cm\\\/#primaryimage\"},\"thumbnailUrl\":\"https:\\\/\\\/antderground.com\\\/wp-content\\\/uploads\\\/2023\\\/10\\\/terrario-terrarium-insectos-1.png\",\"datePublished\":\"2023-10-11T10:48:48+00:00\",\"dateModified\":\"2026-03-13T15:47:36+00:00\",\"description\":\"Odkryj nowe terrarium dla owad\u00f3w i paj\u0119czak\u00f3w o wymiarach 9 \u00d7 9 \u00d7 9 cm. Idealne terrarium dla ptasznik\u00f3w (paj\u0119czak\u00f3w), mr\u00f3wek oraz izopod\u00f3w (Isopoda).\",\"breadcrumb\":{\"@id\":\"https:\\\/\\\/antderground.com\\\/pl\\\/produkt\\\/terrarium-dla-owadow-i-pajeczakow-9-x-9-x-9-cm\\\/#breadcrumb\"},\"inLanguage\":\"pl-PL\",\"potentialAction\":[{\"@type\":\"ReadAction\",\"target\":[\"https:\\\/\\\/antderground.com\\\/pl\\\/produkt\\\/terrarium-dla-owadow-i-pajeczakow-9-x-9-x-9-cm\\\/\"]}]},{\"@type\":\"ImageObject\",\"inLanguage\":\"pl-PL\",\"@id\":\"https:\\\/\\\/antderground.com\\\/pl\\\/produkt\\\/terrarium-dla-owadow-i-pajeczakow-9-x-9-x-9-cm\\\/#primaryimage\",\"url\":\"https:\\\/\\\/antderground.com\\\/wp-content\\\/uploads\\\/2023\\\/10\\\/terrario-terrarium-insectos-1.png\",\"contentUrl\":\"https:\\\/\\\/antderground.com\\\/wp-content\\\/uploads\\\/2023\\\/10\\\/terrario-terrarium-insectos-1.png\",\"width\":800,\"height\":800},{\"@type\":\"BreadcrumbList\",\"@id\":\"https:\\\/\\\/antderground.com\\\/pl\\\/produkt\\\/terrarium-dla-owadow-i-pajeczakow-9-x-9-x-9-cm\\\/#breadcrumb\",\"itemListElement\":[{\"@type\":\"ListItem\",\"position\":1,\"name\":\"Portada\",\"item\":\"https:\\\/\\\/antderground.com\\\/pl\\\/\"},{\"@type\":\"ListItem\",\"position\":2,\"name\":\"Sklep\",\"item\":\"https:\\\/\\\/antderground.com\\\/pl\\\/sklep\\\/\"},{\"@type\":\"ListItem\",\"position\":3,\"name\":\"Terrarium dla owad\u00f3w i paj\u0119czak\u00f3w (9\u00d79\u00d79 cm)\"}]},{\"@type\":\"WebSite\",\"@id\":\"https:\\\/\\\/antderground.com\\\/pl\\\/#website\",\"url\":\"https:\\\/\\\/antderground.com\\\/pl\\\/\",\"name\":\"ANTDERGROUND\",\"description\":\"Tu tienda de hormigas, gran variedad de hormigueros acr\u00edlicos,madera,arena,3D y mas.. Pide tus hormigas gratis con tu pedido, somos expertos en hormigueros antifugas.\",\"publisher\":{\"@id\":\"https:\\\/\\\/antderground.com\\\/pl\\\/#\\\/schema\\\/person\\\/0e322c505e84fe72c65e2f6d08f96b81\"},\"alternateName\":\"Antderground\",\"potentialAction\":[{\"@type\":\"SearchAction\",\"target\":{\"@type\":\"EntryPoint\",\"urlTemplate\":\"https:\\\/\\\/antderground.com\\\/pl\\\/?s={search_term_string}\"},\"query-input\":{\"@type\":\"PropertyValueSpecification\",\"valueRequired\":true,\"valueName\":\"search_term_string\"}}],\"inLanguage\":\"pl-PL\"},{\"@type\":[\"Person\",\"Organization\"],\"@id\":\"https:\\\/\\\/antderground.com\\\/pl\\\/#\\\/schema\\\/person\\\/0e322c505e84fe72c65e2f6d08f96b81\",\"name\":\"Eric de Antderground\",\"image\":{\"@type\":\"ImageObject\",\"inLanguage\":\"pl-PL\",\"@id\":\"https:\\\/\\\/secure.gravatar.com\\\/avatar\\\/c49a1b9f79216d1498cb73c1e85cd47f4465dda35f2a94c03790d491bd4423c3?s=96&d=mm&r=g\",\"url\":\"https:\\\/\\\/secure.gravatar.com\\\/avatar\\\/c49a1b9f79216d1498cb73c1e85cd47f4465dda35f2a94c03790d491bd4423c3?s=96&d=mm&r=g\",\"contentUrl\":\"https:\\\/\\\/secure.gravatar.com\\\/avatar\\\/c49a1b9f79216d1498cb73c1e85cd47f4465dda35f2a94c03790d491bd4423c3?s=96&d=mm&r=g\",\"caption\":\"Eric de Antderground\"},\"logo\":{\"@id\":\"https:\\\/\\\/secure.gravatar.com\\\/avatar\\\/c49a1b9f79216d1498cb73c1e85cd47f4465dda35f2a94c03790d491bd4423c3?s=96&d=mm&r=g\"},\"description\":\"Eric es el especialista y fundador de Antderground, con una amplia trayectoria en artr\u00f3podos y enfocado en la mirmecolog\u00eda y el dise\u00f1o de hormigueros artificiales. Su enfoque combina la innovaci\u00f3n t\u00e9cnica con el respeto por la biolog\u00eda de las hormigas, is\u00f3podos y otros, desarrollando sistemas de nidos modulares 3D y acr\u00edlicos que son referentes para aficionados y profesionales en toda Europa. Su objetivo es facilitar la cr\u00eda de hormigas y otros artr\u00f3podos mediante soluciones seguras y divulgaci\u00f3n de calidad.\",\"sameAs\":[\"https:\\\/\\\/antderground.com\\\/\",\"https:\\\/\\\/www.youtube.com\\\/channel\\\/UCio72z7TlbufkAthAJIJfPw\"]}]}<\/script>\n<!-- \/ Yoast SEO plugin. -->","yoast_head_json":{"title":"Terrarium dla owad\u00f3w i paj\u0119czak\u00f3w (9\u00d79\u00d79 cm) - ANTDERGROUND","description":"Odkryj nowe terrarium dla owad\u00f3w i paj\u0119czak\u00f3w o wymiarach 9 \u00d7 9 \u00d7 9 cm. Idealne terrarium dla ptasznik\u00f3w (paj\u0119czak\u00f3w), mr\u00f3wek oraz izopod\u00f3w (Isopoda).","robots":{"index":"index","follow":"follow","max-snippet":"max-snippet:-1","max-image-preview":"max-image-preview:large","max-video-preview":"max-video-preview:-1"},"canonical":"https:\/\/antderground.com\/pl\/produkt\/terrarium-dla-owadow-i-pajeczakow-9-x-9-x-9-cm\/","og_locale":"pl_PL","og_type":"article","og_title":"Terrarium dla owad\u00f3w i paj\u0119czak\u00f3w (9\u00d79\u00d79 cm) - ANTDERGROUND","og_description":"Odkryj nowe terrarium dla owad\u00f3w i paj\u0119czak\u00f3w o wymiarach 9 \u00d7 9 \u00d7 9 cm. Idealne terrarium dla ptasznik\u00f3w (paj\u0119czak\u00f3w), mr\u00f3wek oraz izopod\u00f3w (Isopoda).","og_url":"https:\/\/antderground.com\/pl\/produkt\/terrarium-dla-owadow-i-pajeczakow-9-x-9-x-9-cm\/","og_site_name":"ANTDERGROUND","article_modified_time":"2026-03-13T15:47:36+00:00","og_image":[{"width":800,"height":800,"url":"https:\/\/antderground.com\/wp-content\/uploads\/2023\/10\/terrario-terrarium-insectos-1.png","type":"image\/png"}],"twitter_card":"summary_large_image","schema":{"@context":"https:\/\/schema.org","@graph":[{"@type":"WebPage","@id":"https:\/\/antderground.com\/pl\/produkt\/terrarium-dla-owadow-i-pajeczakow-9-x-9-x-9-cm\/","url":"https:\/\/antderground.com\/pl\/produkt\/terrarium-dla-owadow-i-pajeczakow-9-x-9-x-9-cm\/","name":"Terrarium dla owad\u00f3w i paj\u0119czak\u00f3w (9\u00d79\u00d79 cm) - ANTDERGROUND","isPartOf":{"@id":"https:\/\/antderground.com\/pl\/#website"},"primaryImageOfPage":{"@id":"https:\/\/antderground.com\/pl\/produkt\/terrarium-dla-owadow-i-pajeczakow-9-x-9-x-9-cm\/#primaryimage"},"image":{"@id":"https:\/\/antderground.com\/pl\/produkt\/terrarium-dla-owadow-i-pajeczakow-9-x-9-x-9-cm\/#primaryimage"},"thumbnailUrl":"https:\/\/antderground.com\/wp-content\/uploads\/2023\/10\/terrario-terrarium-insectos-1.png","datePublished":"2023-10-11T10:48:48+00:00","dateModified":"2026-03-13T15:47:36+00:00","description":"Odkryj nowe terrarium dla owad\u00f3w i paj\u0119czak\u00f3w o wymiarach 9 \u00d7 9 \u00d7 9 cm. Idealne terrarium dla ptasznik\u00f3w (paj\u0119czak\u00f3w), mr\u00f3wek oraz izopod\u00f3w (Isopoda).","breadcrumb":{"@id":"https:\/\/antderground.com\/pl\/produkt\/terrarium-dla-owadow-i-pajeczakow-9-x-9-x-9-cm\/#breadcrumb"},"inLanguage":"pl-PL","potentialAction":[{"@type":"ReadAction","target":["https:\/\/antderground.com\/pl\/produkt\/terrarium-dla-owadow-i-pajeczakow-9-x-9-x-9-cm\/"]}]},{"@type":"ImageObject","inLanguage":"pl-PL","@id":"https:\/\/antderground.com\/pl\/produkt\/terrarium-dla-owadow-i-pajeczakow-9-x-9-x-9-cm\/#primaryimage","url":"https:\/\/antderground.com\/wp-content\/uploads\/2023\/10\/terrario-terrarium-insectos-1.png","contentUrl":"https:\/\/antderground.com\/wp-content\/uploads\/2023\/10\/terrario-terrarium-insectos-1.png","width":800,"height":800},{"@type":"BreadcrumbList","@id":"https:\/\/antderground.com\/pl\/produkt\/terrarium-dla-owadow-i-pajeczakow-9-x-9-x-9-cm\/#breadcrumb","itemListElement":[{"@type":"ListItem","position":1,"name":"Portada","item":"https:\/\/antderground.com\/pl\/"},{"@type":"ListItem","position":2,"name":"Sklep","item":"https:\/\/antderground.com\/pl\/sklep\/"},{"@type":"ListItem","position":3,"name":"Terrarium dla owad\u00f3w i paj\u0119czak\u00f3w (9\u00d79\u00d79 cm)"}]},{"@type":"WebSite","@id":"https:\/\/antderground.com\/pl\/#website","url":"https:\/\/antderground.com\/pl\/","name":"ANTDERGROUND","description":"Tu tienda de hormigas, gran variedad de hormigueros acr\u00edlicos,madera,arena,3D y mas.. Pide tus hormigas gratis con tu pedido, somos expertos en hormigueros antifugas.","publisher":{"@id":"https:\/\/antderground.com\/pl\/#\/schema\/person\/0e322c505e84fe72c65e2f6d08f96b81"},"alternateName":"Antderground","potentialAction":[{"@type":"SearchAction","target":{"@type":"EntryPoint","urlTemplate":"https:\/\/antderground.com\/pl\/?s={search_term_string}"},"query-input":{"@type":"PropertyValueSpecification","valueRequired":true,"valueName":"search_term_string"}}],"inLanguage":"pl-PL"},{"@type":["Person","Organization"],"@id":"https:\/\/antderground.com\/pl\/#\/schema\/person\/0e322c505e84fe72c65e2f6d08f96b81","name":"Eric de Antderground","image":{"@type":"ImageObject","inLanguage":"pl-PL","@id":"https:\/\/secure.gravatar.com\/avatar\/c49a1b9f79216d1498cb73c1e85cd47f4465dda35f2a94c03790d491bd4423c3?s=96&d=mm&r=g","url":"https:\/\/secure.gravatar.com\/avatar\/c49a1b9f79216d1498cb73c1e85cd47f4465dda35f2a94c03790d491bd4423c3?s=96&d=mm&r=g","contentUrl":"https:\/\/secure.gravatar.com\/avatar\/c49a1b9f79216d1498cb73c1e85cd47f4465dda35f2a94c03790d491bd4423c3?s=96&d=mm&r=g","caption":"Eric de Antderground"},"logo":{"@id":"https:\/\/secure.gravatar.com\/avatar\/c49a1b9f79216d1498cb73c1e85cd47f4465dda35f2a94c03790d491bd4423c3?s=96&d=mm&r=g"},"description":"Eric es el especialista y fundador de Antderground, con una amplia trayectoria en artr\u00f3podos y enfocado en la mirmecolog\u00eda y el dise\u00f1o de hormigueros artificiales. Su enfoque combina la innovaci\u00f3n t\u00e9cnica con el respeto por la biolog\u00eda de las hormigas, is\u00f3podos y otros, desarrollando sistemas de nidos modulares 3D y acr\u00edlicos que son referentes para aficionados y profesionales en toda Europa. Su objetivo es facilitar la cr\u00eda de hormigas y otros artr\u00f3podos mediante soluciones seguras y divulgaci\u00f3n de calidad.","sameAs":["https:\/\/antderground.com\/","https:\/\/www.youtube.com\/channel\/UCio72z7TlbufkAthAJIJfPw"]}]}},"_links":{"self":[{"href":"https:\/\/antderground.com\/pl\/wp-json\/wp\/v2\/product\/51168","targetHints":{"allow":["GET"]}}],"collection":[{"href":"https:\/\/antderground.com\/pl\/wp-json\/wp\/v2\/product"}],"about":[{"href":"https:\/\/antderground.com\/pl\/wp-json\/wp\/v2\/types\/product"}],"version-history":[{"count":1,"href":"https:\/\/antderground.com\/pl\/wp-json\/wp\/v2\/product\/51168\/revisions"}],"predecessor-version":[{"id":51172,"href":"https:\/\/antderground.com\/pl\/wp-json\/wp\/v2\/product\/51168\/revisions\/51172"}],"wp:featuredmedia":[{"embeddable":true,"href":"https:\/\/antderground.com\/pl\/wp-json\/wp\/v2\/media\/51169"}],"wp:attachment":[{"href":"https:\/\/antderground.com\/pl\/wp-json\/wp\/v2\/media?parent=51168"}],"wp:term":[{"taxonomy":"product_brand","embeddable":true,"href":"https:\/\/antderground.com\/pl\/wp-json\/wp\/v2\/product_brand?post=51168"},{"taxonomy":"product_cat","embeddable":true,"href":"https:\/\/antderground.com\/pl\/wp-json\/wp\/v2\/product_cat?post=51168"},{"taxonomy":"product_tag","embeddable":true,"href":"https:\/\/antderground.com\/pl\/wp-json\/wp\/v2\/product_tag?post=51168"}],"curies":[{"name":"wp","href":"https:\/\/api.w.org\/{rel}","templated":true}]}}